{"id":9882,"date":"2020-02-18T12:31:02","date_gmt":"2020-02-18T11:31:02","guid":{"rendered":"https:\/\/www.boc.de\/watchguard-info-portal\/?page_id=9882"},"modified":"2024-10-04T14:14:47","modified_gmt":"2024-10-04T12:14:47","slug":"wi-fi-design-service","status":"publish","type":"page","link":"https:\/\/wordpress.boc.de\/watchguard-info-portal\/supportinfos\/wi-fi-design-service\/","title":{"rendered":"Wi-Fi Design Service"},"content":{"rendered":"<div id=\"pl-9882\"  class=\"panel-layout\" ><div id=\"pg-9882-0\"  class=\"panel-grid panel-no-style\" ><div id=\"pgc-9882-0-0\"  class=\"panel-grid-cell\" ><div id=\"panel-9882-0-0-0\" class=\"so-panel widget widget_sow-editor panel-first-child panel-last-child\" data-index=\"0\" ><div\n\t\t\t\n\t\t\tclass=\"so-widget-sow-editor so-widget-sow-editor-base\"\n\t\t\t\n\t\t>\n<div class=\"siteorigin-widget-tinymce textwidget\">\n\t<h2>Wi-Fi Design Service<\/h2>\n<p>Mit dem kostenlosen Wi-Fi Design Service k\u00f6nnen Sie die genauen Anforderungen f\u00fcr Ihr WLAN-Projekt simulieren. Nach Abschluss der Simulation erhalten Sie einen vollst\u00e4ndigen Bericht f\u00fcr Ihr Projekt.<\/p>\n<p>Die Simulation enth\u00e4lt einen Fragebogen zu den Wi-Fi Projektanforderungen, den wir gemeinsam durchgehen und der in folgende 6 Schritte gegliedert ist:<\/p>\n<ul>\n<li>Fragen zum Projekt<\/li>\n<li>Geb\u00e4udebeschaffenheit<\/li>\n<li>Nutzer &amp; Anwendungen<\/li>\n<li>Management<\/li>\n<li>Stromversorgung<\/li>\n<li>Montage<\/li>\n<\/ul>\n<p>Am Ende wird noch ein Geb\u00e4udeplan ben\u00f6tigt, um die WLAN-Ausleuchtung bestm\u00f6glich bestimmen zu k\u00f6nnen (Format in .pdf, .bmp, .gif, .jpg, .png, .tif, .dib, .dwf, .dxf, .dwg, .vdx, .vsd oder .zip). Als Ergebnis erhalten Sie nach wenigen Tagen einen vollst\u00e4ndigen Bericht mit der Anzahl der erforderlichen Access Points inkl. empfohlenen Platzierungsorten, die Anforderungen an die Ethernet-Verkabelungsinfrastruktur, eine offizielle Wi-Fi-Controller-Konfiguration von WatchGuard und die gesch\u00e4tzte Dauer zur Einrichtung und Installation.<\/p>\n<p><img loading=\"lazy\" decoding=\"async\" class=\"aligncenter size-full wp-image-9883\" src=\"https:\/\/www.boc.de\/watchguard-info-portal\/wp-content\/uploads\/2020\/02\/wifi-ausleuchtung.png\" alt=\"\" width=\"800\" height=\"361\" srcset=\"https:\/\/wordpress.boc.de\/watchguard-info-portal\/wp-content\/uploads\/2020\/02\/wifi-ausleuchtung.png 800w, https:\/\/wordpress.boc.de\/watchguard-info-portal\/wp-content\/uploads\/2020\/02\/wifi-ausleuchtung-300x135.png 300w, https:\/\/wordpress.boc.de\/watchguard-info-portal\/wp-content\/uploads\/2020\/02\/wifi-ausleuchtung-768x347.png 768w\" sizes=\"(max-width: 800px) 100vw, 800px\" \/><\/p>\n<p>Mit dem nachfolgenden Formular k\u00f6nnen Sie bei uns den Wi-Fi Design Service kostenfrei anfordern. Wir werden uns schnellstm\u00f6glich bei Ihnen melden, um einen geeigneten Termin mit Ihnen zu vereinbaren.<\/p>\n<\/div>\n<\/div><\/div><\/div><\/div><div id=\"pg-9882-1\"  class=\"panel-grid panel-no-style\" ><div id=\"pgc-9882-1-0\"  class=\"panel-grid-cell panel-grid-cell-empty\" ><\/div><div id=\"pgc-9882-1-1\"  class=\"panel-grid-cell panel-grid-cell-mobile-last\" ><div id=\"panel-9882-1-1-0\" class=\"so-panel widget widget_sow-contact-form panel-first-child panel-last-child\" data-index=\"1\" ><div\n\t\t\t\n\t\t\tclass=\"so-widget-sow-contact-form so-widget-sow-contact-form-default-ae9f116ec8de-9882\"\n\t\t\t\n\t\t>\t<form\n\t\taction=\"\/watchguard-info-portal\/wp-json\/wp\/v2\/pages\/9882\"\n\t\tmethod=\"POST\"\n\t\tclass=\"sow-contact-form\"\n\t\tid=\"contact-form-17e1\"\n\t>\n\n\t\t\n\t\t            <p><em>Mit * markierte Felder sind Pflichtfelder<\/em><\/p>\n\t\t\t\t\t\t<div class=\"sow-form-field sow-form-field-text\">\n\t\t\t\t<label class=\"sow-form-field-label-above\" for=\"sow-contact-form-field-firma-organisation-12716111065e4bb9cce76cd764124077\">\n\t\t\t\t<strong>\n\t\t\t\t\tFirma \/ Organisation\t\t\t\t\t\t\t\t\t\t\t<span class=\"sow-form-field-required\">*<\/span>\n\t\t\t\t\t\t\t\t\t<\/strong>\n\t\t\t<\/label>\n\t\t\t\t\t\t\t<span class=\"sow-field-container\">\n\t\t\t\t\t\t\t<input\n\t\t\ttype=\"text\"\n\t\t\tname=\"firma-organisation-12716111065e4bb9cce76cd764124077\"\n\t\t\tid=\"sow-contact-form-field-firma-organisation-12716111065e4bb9cce76cd764124077\"\n\t\t\tvalue=\"\"\n\t\t\tclass=\"sow-text-field\"\t\t\t\t\t\t\t\t\/>\n\t\t\t\t\t\t<\/span>\n\t\t\t\t\t\t\t<\/div>\n\t\t\t\t\t\t<div class=\"sow-form-field sow-form-field-text\">\n\t\t\t\t<label class=\"sow-form-field-label-above\" for=\"sow-contact-form-field-ansprechpartner-12716111065e4bb9cce76cd764124077\">\n\t\t\t\t<strong>\n\t\t\t\t\tAnsprechpartner\t\t\t\t\t\t\t\t\t\t\t<span class=\"sow-form-field-required\">*<\/span>\n\t\t\t\t\t\t\t\t\t<\/strong>\n\t\t\t<\/label>\n\t\t\t\t\t\t\t<span class=\"sow-field-container\">\n\t\t\t\t\t\t\t<input\n\t\t\ttype=\"text\"\n\t\t\tname=\"ansprechpartner-12716111065e4bb9cce76cd764124077\"\n\t\t\tid=\"sow-contact-form-field-ansprechpartner-12716111065e4bb9cce76cd764124077\"\n\t\t\tvalue=\"\"\n\t\t\tclass=\"sow-text-field\"\t\t\t\t\t\t\t\t\/>\n\t\t\t\t\t\t<\/span>\n\t\t\t\t\t\t\t<\/div>\n\t\t\t\t\t\t<div class=\"sow-form-field sow-form-field-email\">\n\t\t\t\t<label class=\"sow-form-field-label-above\" for=\"sow-contact-form-field-e-mail-adresse-12716111065e4bb9cce76cd764124077\">\n\t\t\t\t<strong>\n\t\t\t\t\tE-Mail-Adresse\t\t\t\t\t\t\t\t\t\t\t<span class=\"sow-form-field-required\">*<\/span>\n\t\t\t\t\t\t\t\t\t<\/strong>\n\t\t\t<\/label>\n\t\t\t\t\t\t\t<span class=\"sow-field-container\">\n\t\t\t\t\t\t\t<input\n\t\t\ttype=\"email\"\n\t\t\tname=\"e-mail-adresse-12716111065e4bb9cce76cd764124077\"\n\t\t\tid=\"sow-contact-form-field-e-mail-adresse-12716111065e4bb9cce76cd764124077\"\n\t\t\tvalue=\"\"\n\t\t\tclass=\"sow-text-field\"\t\t\t\t\t\t\t\t\/>\n\t\t\t\t\t\t<\/span>\n\t\t\t\t\t\t\t<\/div>\n\t\t\t\t\t\t<div class=\"sow-form-field sow-form-field-textarea\">\n\t\t\t\t<label class=\"sow-form-field-label-above\" for=\"sow-contact-form-field-telefonnummer-12716111065e4bb9cce76cd764124077\">\n\t\t\t\t<strong>\n\t\t\t\t\tTelefonnummer \t\t\t\t\t\t\t\t\t<\/strong>\n\t\t\t<\/label>\n\t\t\t\t\t\t\t<span class=\"sow-field-container\">\n\t\t\t\t\t\t\t<textarea\n\t\t\tname=\"telefonnummer-12716111065e4bb9cce76cd764124077\"\n\t\t\tid=\"sow-contact-form-field-telefonnummer-12716111065e4bb9cce76cd764124077\"\n\t\t\trows=\"10\"\n\t\t\t\t\t\t\t\t><\/textarea>\n\t\t\t\t\t\t<\/span>\n\t\t\t\t\t\t\t<\/div>\n\t\t\t\t\t\t<div class=\"sow-form-field sow-form-field-checkboxes\">\n\t\t\t\t<label class=\"sow-form-field-label-above\" for=\"sow-contact-form-field-datenschutz-12716111065e4bb9cce76cd764124077\">\n\t\t\t\t<strong>\n\t\t\t\t\tDatenschutz\t\t\t\t\t\t\t\t\t\t\t<span class=\"sow-form-field-required\">*<\/span>\n\t\t\t\t\t\t\t\t\t<\/strong>\n\t\t\t<\/label>\n\t\t\t\t\t\t\t<span class=\"sow-field-container\">\n\t\t\t\t\t\t\t\t<ul>\n\t\t\t\t\t\t\t\t\t\t\t\t\t\t<li>\n\t\t\t\t\t\t<input\n\t\t\t\t\t\t\ttype=\"checkbox\"\n\t\t\t\t\t\t\tvalue=\"Ich stimme den Datenschutzbestimmungen zu.\"\n\t\t\t\t\t\t\tname=\"datenschutz-12716111065e4bb9cce76cd764124077[]\"\n\t\t\t\t\t\t\tid=\"sow-contact-form-field-datenschutz-12716111065e4bb9cce76cd764124077-0\"\n\t\t\t\t\t\t\t\t\t\t\t\t\t\t\t\t\t\t\t\t\/>\n\t\t\t\t\t\t<label for=\"sow-contact-form-field-datenschutz-12716111065e4bb9cce76cd764124077-0\">\n\t\t\t\t\t\t\tIch stimme den Datenschutzbestimmungen zu.\t\t\t\t\t\t<\/label>\n\t\t\t\t\t<\/li>\n\t\t\t\t\t\t\t<\/ul>\n\t\t\t\t\t\t<\/span>\n\t\t\t\t\t                <div class=\"sow-form-field-description\">\n\t\t\t\t\t\tHier k\u00f6nnen Sie die <a href=\"\/datenschutz\/\" target=\"_new\">Datenschutzbestimmungen<\/a> einsehen.\t                <\/div>\n\t\t\t\t\t\t\t\t<\/div>\n\t\t\t\t\t\t<div class=\"sow-form-field sow-form-field-text\">\n\t\t\t\t<label class=\"sow-form-field-label-above\" for=\"sow-contact-form-field-designservice-ueber-watchguard-12716111065e4bb9cce76cd764124077\">\n\t\t\t\t<strong>\n\t\t\t\t\tDesignservice \u00fcber WatchGuard\t\t\t\t\t\t\t\t\t<\/strong>\n\t\t\t<\/label>\n\t\t\t\t\t\t\t<span class=\"sow-field-container\">\n\t\t\t\t\t\t\t<input\n\t\t\ttype=\"text\"\n\t\t\tname=\"designservice-ueber-watchguard-12716111065e4bb9cce76cd764124077\"\n\t\t\tid=\"sow-contact-form-field-designservice-ueber-watchguard-12716111065e4bb9cce76cd764124077\"\n\t\t\tvalue=\"\"\n\t\t\tclass=\"sow-text-field\"\t\t\t\t\t\t\t\t\/>\n\t\t\t\t\t\t<\/span>\n\t\t\t\t\t\t\t<\/div>\n\t\t\t\n\t\t\t\t\t<div class=\"sow-recaptcha\"\n\t\t\t\t\t\t\t\t\tdata-config=\"{&quot;sitekey&quot;:&quot;6Lc88CITAAAAAKXQ41Otpw0I4CyLOUkDqUvSJ2rh&quot;,&quot;theme&quot;:&quot;light&quot;,&quot;type&quot;:&quot;image&quot;,&quot;size&quot;:&quot;normal&quot;}\"\n\t\t\t\t\t\t\t><\/div>\n\t\t\t\n\t\t<div class=\"sow-submit-wrapper \">\n\n\t\t\t<button\n\t\t\t\ttype=\"submit\"\n\t\t\t\tclass=\"sow-submit\"\n\t\t\t\t\t\t\t>\n\t\t\t\tHier kostenfrei anfordern\t\t\t<\/button>\n\t\t<\/div>\n\t\t\t\t<input type=\"hidden\" name=\"instance_hash\" value=\"17e1a4d165f6acac1cd5afbcb2f91a4b\" \/>\n\t\t<input type=\"hidden\" id=\"_wpnonce\" name=\"_wpnonce\" value=\"78ba4b9522\" \/><input type=\"hidden\" name=\"_wp_http_referer\" value=\"\/watchguard-info-portal\/wp-json\/wp\/v2\/pages\/9882\" \/>\t<\/form>\n\t<\/div><\/div><\/div><div id=\"pgc-9882-1-2\"  class=\"panel-grid-cell panel-grid-cell-empty\" ><\/div><\/div><\/div>","protected":false},"excerpt":{"rendered":"<p>Wi-Fi Design Service Mit dem kostenlosen Wi-Fi Design Service k\u00f6nnen Sie die genauen Anforderungen f\u00fcr Ihr WLAN-Projekt simulieren. Nach Abschluss der Simulation erhalten Sie einen vollst\u00e4ndigen Bericht f\u00fcr Ihr Projekt. Die Simulation enth\u00e4lt einen Fragebogen zu den Wi-Fi Projektanforderungen, den wir gemeinsam durchgehen und der in folgende 6 Schritte gegliedert ist: Fragen zum Projekt Geb\u00e4udebeschaffenheit Nutzer &amp; Anwendungen Management Stromversorgung Montage Am Ende wird noch &hellip; <a href=\"https:\/\/wordpress.boc.de\/watchguard-info-portal\/supportinfos\/wi-fi-design-service\/\" class=\"more-link\">Weiterlesen <span class=\"screen-reader-text\">Wi-Fi Design Service<\/span> <span class=\"meta-nav\">&raquo;<\/span><\/a><\/p>\n","protected":false},"author":4,"featured_media":0,"parent":28,"menu_order":0,"comment_status":"closed","ping_status":"closed","template":"","meta":{"footnotes":""},"class_list":["post-9882","page","type-page","status-publish","hentry"],"_links":{"self":[{"href":"https:\/\/wordpress.boc.de\/watchguard-info-portal\/wp-json\/wp\/v2\/pages\/9882"}],"collection":[{"href":"https:\/\/wordpress.boc.de\/watchguard-info-portal\/wp-json\/wp\/v2\/pages"}],"about":[{"href":"https:\/\/wordpress.boc.de\/watchguard-info-portal\/wp-json\/wp\/v2\/types\/page"}],"author":[{"embeddable":true,"href":"https:\/\/wordpress.boc.de\/watchguard-info-portal\/wp-json\/wp\/v2\/users\/4"}],"replies":[{"embeddable":true,"href":"https:\/\/wordpress.boc.de\/watchguard-info-portal\/wp-json\/wp\/v2\/comments?post=9882"}],"version-history":[{"count":15,"href":"https:\/\/wordpress.boc.de\/watchguard-info-portal\/wp-json\/wp\/v2\/pages\/9882\/revisions"}],"predecessor-version":[{"id":25227,"href":"https:\/\/wordpress.boc.de\/watchguard-info-portal\/wp-json\/wp\/v2\/pages\/9882\/revisions\/25227"}],"up":[{"embeddable":true,"href":"https:\/\/wordpress.boc.de\/watchguard-info-portal\/wp-json\/wp\/v2\/pages\/28"}],"wp:attachment":[{"href":"https:\/\/wordpress.boc.de\/watchguard-info-portal\/wp-json\/wp\/v2\/media?parent=9882"}],"curies":[{"name":"wp","href":"https:\/\/api.w.org\/{rel}","templated":true}]}}