{"id":9673,"date":"2020-01-30T13:58:45","date_gmt":"2020-01-30T12:58:45","guid":{"rendered":"https:\/\/www.boc.de\/watchguard-info-portal\/?page_id=9673"},"modified":"2024-11-27T13:30:49","modified_gmt":"2024-11-27T12:30:49","slug":"testgeraete-access-points-anfordern","status":"publish","type":"page","link":"https:\/\/wordpress.boc.de\/watchguard-info-portal\/supportinfos\/testgeraete-access-points-anfordern\/","title":{"rendered":"Testger\u00e4te Access Points anfordern"},"content":{"rendered":"<div id=\"pl-9673\"  class=\"panel-layout\" ><div id=\"pg-9673-0\"  class=\"panel-grid panel-no-style\" ><div id=\"pgc-9673-0-0\"  class=\"panel-grid-cell\" ><div id=\"panel-9673-0-0-0\" class=\"so-panel widget widget_sow-editor panel-first-child panel-last-child\" data-index=\"0\" ><div\n\t\t\t\n\t\t\tclass=\"so-widget-sow-editor so-widget-sow-editor-base\"\n\t\t\t\n\t\t>\n<div class=\"siteorigin-widget-tinymce textwidget\">\n\t<h2>Testger\u00e4te Access Points von BOC<\/h2>\n<p>Gerne stellen wir Ihnen zwei Access Points (AP130 und AP330 jeweils mit USP Management) f\u00fcr bis zu 3 Wochen kostenlos zur Verf\u00fcgung, damit Sie die Funktionen und Vorteile vollst\u00e4ndig bei Ihnen vor Ort testen k\u00f6nnen. Bei der Lieferung ist ein kleiner Leitfaden dabei, der Ihnen bei den ersten Schritten helfen soll. Sollten Sie \u00fcberdies hinaus Hilfe ben\u00f6tigen stehen wir Ihnen gerne mit <a href=\"https:\/\/www.boc.de\/boc-dienstleistungen.html\" target=\"_blank\" rel=\"noopener\">unseren Services<\/a> zur Verf\u00fcgung, z.B. mit einer gef\u00fchrten Erst-Installation von WatchGuard Cloud Wi-Fi (BOC0032). \u00dcber das unten stehende Formular k\u00f6nnen Sie Ihre gew\u00fcnschte Teststellung kostenfrei bestellen:<\/p>\n<div class=\"su-list\" style=\"margin-left:0px\"><\/p>\n<ul>\n<li><i class=\"sui sui-chevron-circle-right\" style=\"color:#333\"><\/i> zwei (2) Access Points (AP130 und AP330 jeweils mit USP Management) f\u00fcr bis zu 3 Wochen<\/li>\n<\/ul>\n<p><\/div>\n<h3>Testger\u00e4te jetzt anfordern:<\/h3>\n<\/div>\n<\/div><\/div><\/div><\/div><div id=\"pg-9673-1\"  class=\"panel-grid panel-no-style\" ><div id=\"pgc-9673-1-0\"  class=\"panel-grid-cell panel-grid-cell-mobile-last\" ><div id=\"panel-9673-1-0-0\" class=\"so-panel widget widget_sow-contact-form panel-first-child panel-last-child\" data-index=\"1\" ><div\n\t\t\t\n\t\t\tclass=\"so-widget-sow-contact-form so-widget-sow-contact-form-default-a61f213840aa-9673\"\n\t\t\t\n\t\t>\t<form\n\t\taction=\"\/watchguard-info-portal\/wp-json\/wp\/v2\/pages\/9673\"\n\t\tmethod=\"POST\"\n\t\tclass=\"sow-contact-form\"\n\t\tid=\"contact-form-7d05\"\n\t>\n\n\t\t\n\t\t            <p><em>Mit * markierte Felder sind Pflichtfelder<\/em><\/p>\n\t\t\t\t\t\t<div class=\"sow-form-field sow-form-field-radio\">\n\t\t\t\t<label class=\"sow-form-field-label-above\" for=\"sow-contact-form-field-gewuenschte-teststellung-5663969835d512a077ec48308532628\">\n\t\t\t\t<strong>\n\t\t\t\t\tGew\u00fcnschte Teststellung\t\t\t\t\t\t\t\t\t\t\t<span class=\"sow-form-field-required\">*<\/span>\n\t\t\t\t\t\t\t\t\t<\/strong>\n\t\t\t<\/label>\n\t\t\t\t\t\t\t<span class=\"sow-field-container\">\n\t\t\t\t\t\t\t\t<ul>\n\t\t\t\t\t\t\t\t\t<li>\n\t\t\t\t\t\t<label>\n\t\t\t\t\t\t\t<input\n\t\t\t\t\t\t\t\ttype=\"radio\"\n\t\t\t\t\t\t\t\tvalue=\"2 Access Points (AP130 und AP330 jeweils mit USP Management)\"\n\t\t\t\t\t\t\t\tname=\"gewuenschte-teststellung-5663969835d512a077ec48308532628\"\n\t\t\t\t\t\t\t\tid=\"sow-contact-form-field-gewuenschte-teststellung-5663969835d512a077ec48308532628-0\"\n\t\t\t\t\t\t\t\t\t\t\t\t\t\t\t\t\t\t\t\t\t\t\t\/>\n\t\t\t\t\t\t\t2 Access Points (AP130 und AP330 jeweils mit USP Management)\t\t\t\t\t\t<\/label>\n\t\t\t\t\t<\/li>\n\t\t\t\t\t\t\t<\/ul>\n\t\t\t\t\t\t<\/span>\n\t\t\t\t\t\t\t<\/div>\n\t\t\t\t\t\t<div class=\"sow-form-field sow-form-field-text\">\n\t\t\t\t<label class=\"sow-form-field-label-above\" for=\"sow-contact-form-field-gewuenschter-testzeitraum-5663969835d512a077ec48308532628\">\n\t\t\t\t<strong>\n\t\t\t\t\tGew\u00fcnschter Testzeitraum\t\t\t\t\t\t\t\t\t\t\t<span class=\"sow-form-field-required\">*<\/span>\n\t\t\t\t\t\t\t\t\t<\/strong>\n\t\t\t<\/label>\n\t\t\t\t\t\t\t<span class=\"sow-field-container\">\n\t\t\t\t\t\t\t<input\n\t\t\ttype=\"text\"\n\t\t\tname=\"gewuenschter-testzeitraum-5663969835d512a077ec48308532628\"\n\t\t\tid=\"sow-contact-form-field-gewuenschter-testzeitraum-5663969835d512a077ec48308532628\"\n\t\t\tvalue=\"\"\n\t\t\tclass=\"sow-text-field\"\t\t\t\t\t\t\t\t\/>\n\t\t\t\t\t\t<\/span>\n\t\t\t\t\t                <div class=\"sow-form-field-description\">\n\t\t\t\t\t\tWann sollen die Testger\u00e4te bei Ihnen eintreffen? (z.B. f\u00fcr 2 Wochen ab dem 20.04.2025)\t                <\/div>\n\t\t\t\t\t\t\t\t<\/div>\n\t\t\t\t\t\t<div class=\"sow-form-field sow-form-field-text\">\n\t\t\t\t<label class=\"sow-form-field-label-above\" for=\"sow-contact-form-field-firma-organisation-5663969835d512a077ec48308532628\">\n\t\t\t\t<strong>\n\t\t\t\t\tFirma \/ Organisation\t\t\t\t\t\t\t\t\t\t\t<span class=\"sow-form-field-required\">*<\/span>\n\t\t\t\t\t\t\t\t\t<\/strong>\n\t\t\t<\/label>\n\t\t\t\t\t\t\t<span class=\"sow-field-container\">\n\t\t\t\t\t\t\t<input\n\t\t\ttype=\"text\"\n\t\t\tname=\"firma-organisation-5663969835d512a077ec48308532628\"\n\t\t\tid=\"sow-contact-form-field-firma-organisation-5663969835d512a077ec48308532628\"\n\t\t\tvalue=\"\"\n\t\t\tclass=\"sow-text-field\"\t\t\t\t\t\t\t\t\/>\n\t\t\t\t\t\t<\/span>\n\t\t\t\t\t\t\t<\/div>\n\t\t\t\t\t\t<div class=\"sow-form-field sow-form-field-text\">\n\t\t\t\t<label class=\"sow-form-field-label-above\" for=\"sow-contact-form-field-ansprechpartner-5663969835d512a077ec48308532628\">\n\t\t\t\t<strong>\n\t\t\t\t\tAnsprechpartner \t\t\t\t\t\t\t\t\t\t\t<span class=\"sow-form-field-required\">*<\/span>\n\t\t\t\t\t\t\t\t\t<\/strong>\n\t\t\t<\/label>\n\t\t\t\t\t\t\t<span class=\"sow-field-container\">\n\t\t\t\t\t\t\t<input\n\t\t\ttype=\"text\"\n\t\t\tname=\"ansprechpartner-5663969835d512a077ec48308532628\"\n\t\t\tid=\"sow-contact-form-field-ansprechpartner-5663969835d512a077ec48308532628\"\n\t\t\tvalue=\"\"\n\t\t\tclass=\"sow-text-field\"\t\t\t\t\t\t\t\t\/>\n\t\t\t\t\t\t<\/span>\n\t\t\t\t\t\t\t<\/div>\n\t\t\t\t\t\t<div class=\"sow-form-field sow-form-field-text\">\n\t\t\t\t<label class=\"sow-form-field-label-above\" for=\"sow-contact-form-field-strasse-hausnummer-5663969835d512a077ec48308532628\">\n\t\t\t\t<strong>\n\t\t\t\t\tStra\u00dfe \/ Hausnummer\t\t\t\t\t\t\t\t\t\t\t<span class=\"sow-form-field-required\">*<\/span>\n\t\t\t\t\t\t\t\t\t<\/strong>\n\t\t\t<\/label>\n\t\t\t\t\t\t\t<span class=\"sow-field-container\">\n\t\t\t\t\t\t\t<input\n\t\t\ttype=\"text\"\n\t\t\tname=\"strasse-hausnummer-5663969835d512a077ec48308532628\"\n\t\t\tid=\"sow-contact-form-field-strasse-hausnummer-5663969835d512a077ec48308532628\"\n\t\t\tvalue=\"\"\n\t\t\tclass=\"sow-text-field\"\t\t\t\t\t\t\t\t\/>\n\t\t\t\t\t\t<\/span>\n\t\t\t\t\t\t\t<\/div>\n\t\t\t\t\t\t<div class=\"sow-form-field sow-form-field-text\">\n\t\t\t\t<label class=\"sow-form-field-label-above\" for=\"sow-contact-form-field-postleitzahl-5663969835d512a077ec48308532628\">\n\t\t\t\t<strong>\n\t\t\t\t\tPostleitzahl\t\t\t\t\t\t\t\t\t\t\t<span class=\"sow-form-field-required\">*<\/span>\n\t\t\t\t\t\t\t\t\t<\/strong>\n\t\t\t<\/label>\n\t\t\t\t\t\t\t<span class=\"sow-field-container\">\n\t\t\t\t\t\t\t<input\n\t\t\ttype=\"text\"\n\t\t\tname=\"postleitzahl-5663969835d512a077ec48308532628\"\n\t\t\tid=\"sow-contact-form-field-postleitzahl-5663969835d512a077ec48308532628\"\n\t\t\tvalue=\"\"\n\t\t\tclass=\"sow-text-field\"\t\t\t\t\t\t\t\t\/>\n\t\t\t\t\t\t<\/span>\n\t\t\t\t\t\t\t<\/div>\n\t\t\t\t\t\t<div class=\"sow-form-field sow-form-field-text\">\n\t\t\t\t<label class=\"sow-form-field-label-above\" for=\"sow-contact-form-field-ort-5663969835d512a077ec48308532628\">\n\t\t\t\t<strong>\n\t\t\t\t\tOrt\t\t\t\t\t\t\t\t\t\t\t<span class=\"sow-form-field-required\">*<\/span>\n\t\t\t\t\t\t\t\t\t<\/strong>\n\t\t\t<\/label>\n\t\t\t\t\t\t\t<span class=\"sow-field-container\">\n\t\t\t\t\t\t\t<input\n\t\t\ttype=\"text\"\n\t\t\tname=\"ort-5663969835d512a077ec48308532628\"\n\t\t\tid=\"sow-contact-form-field-ort-5663969835d512a077ec48308532628\"\n\t\t\tvalue=\"\"\n\t\t\tclass=\"sow-text-field\"\t\t\t\t\t\t\t\t\/>\n\t\t\t\t\t\t<\/span>\n\t\t\t\t\t\t\t<\/div>\n\t\t\t\t\t\t<div class=\"sow-form-field sow-form-field-email\">\n\t\t\t\t<label class=\"sow-form-field-label-above\" for=\"sow-contact-form-field-e-mail-adresse-5663969835d512a077ec48308532628\">\n\t\t\t\t<strong>\n\t\t\t\t\tE-Mail-Adresse \t\t\t\t\t\t\t\t\t\t\t<span class=\"sow-form-field-required\">*<\/span>\n\t\t\t\t\t\t\t\t\t<\/strong>\n\t\t\t<\/label>\n\t\t\t\t\t\t\t<span class=\"sow-field-container\">\n\t\t\t\t\t\t\t<input\n\t\t\ttype=\"email\"\n\t\t\tname=\"e-mail-adresse-5663969835d512a077ec48308532628\"\n\t\t\tid=\"sow-contact-form-field-e-mail-adresse-5663969835d512a077ec48308532628\"\n\t\t\tvalue=\"\"\n\t\t\tclass=\"sow-text-field\"\t\t\t\t\t\t\t\t\/>\n\t\t\t\t\t\t<\/span>\n\t\t\t\t\t\t\t<\/div>\n\t\t\t\t\t\t<div class=\"sow-form-field sow-form-field-text\">\n\t\t\t\t<label class=\"sow-form-field-label-above\" for=\"sow-contact-form-field-telefonnummer-5663969835d512a077ec48308532628\">\n\t\t\t\t<strong>\n\t\t\t\t\tTelefonnummer \t\t\t\t\t\t\t\t\t<\/strong>\n\t\t\t<\/label>\n\t\t\t\t\t\t\t<span class=\"sow-field-container\">\n\t\t\t\t\t\t\t<input\n\t\t\ttype=\"text\"\n\t\t\tname=\"telefonnummer-5663969835d512a077ec48308532628\"\n\t\t\tid=\"sow-contact-form-field-telefonnummer-5663969835d512a077ec48308532628\"\n\t\t\tvalue=\"\"\n\t\t\tclass=\"sow-text-field\"\t\t\t\t\t\t\t\t\/>\n\t\t\t\t\t\t<\/span>\n\t\t\t\t\t\t\t<\/div>\n\t\t\t\t\t\t<div class=\"sow-form-field sow-form-field-checkboxes\">\n\t\t\t\t<label class=\"sow-form-field-label-above\" for=\"sow-contact-form-field-datenschutz-5663969835d512a077ec48308532628\">\n\t\t\t\t<strong>\n\t\t\t\t\tDatenschutz \t\t\t\t\t\t\t\t\t\t\t<span class=\"sow-form-field-required\">*<\/span>\n\t\t\t\t\t\t\t\t\t<\/strong>\n\t\t\t<\/label>\n\t\t\t\t\t\t\t<span class=\"sow-field-container\">\n\t\t\t\t\t\t\t\t<ul>\n\t\t\t\t\t\t\t\t\t\t\t\t\t\t<li>\n\t\t\t\t\t\t<input\n\t\t\t\t\t\t\ttype=\"checkbox\"\n\t\t\t\t\t\t\tvalue=\"Ich stimme den Datenschutzbestimmungen zu.\"\n\t\t\t\t\t\t\tname=\"datenschutz-5663969835d512a077ec48308532628[]\"\n\t\t\t\t\t\t\tid=\"sow-contact-form-field-datenschutz-5663969835d512a077ec48308532628-0\"\n\t\t\t\t\t\t\t\t\t\t\t\t\t\t\t\t\t\t\t\t\/>\n\t\t\t\t\t\t<label for=\"sow-contact-form-field-datenschutz-5663969835d512a077ec48308532628-0\">\n\t\t\t\t\t\t\tIch stimme den Datenschutzbestimmungen zu.\t\t\t\t\t\t<\/label>\n\t\t\t\t\t<\/li>\n\t\t\t\t\t\t\t<\/ul>\n\t\t\t\t\t\t<\/span>\n\t\t\t\t\t                <div class=\"sow-form-field-description\">\n\t\t\t\t\t\tHier k\u00f6nnen Sie die <a href=\"\/datenschutz\/\" target=\"_new\">Datenschutzbestimmungen<\/a> einsehen.\t                <\/div>\n\t\t\t\t\t\t\t\t<\/div>\n\t\t\t\n\t\t\t\t\t<div class=\"sow-recaptcha\"\n\t\t\t\t\t\t\t\t\tdata-config=\"{&quot;sitekey&quot;:&quot;6Lc88CITAAAAAKXQ41Otpw0I4CyLOUkDqUvSJ2rh&quot;,&quot;theme&quot;:&quot;light&quot;,&quot;type&quot;:&quot;image&quot;,&quot;size&quot;:&quot;normal&quot;}\"\n\t\t\t\t\t\t\t><\/div>\n\t\t\t\n\t\t<div class=\"sow-submit-wrapper \">\n\n\t\t\t<button\n\t\t\t\ttype=\"submit\"\n\t\t\t\tclass=\"sow-submit\"\n\t\t\t\t\t\t\t>\n\t\t\t\tHier kostenfrei anfordern\t\t\t<\/button>\n\t\t<\/div>\n\t\t\t\t<input type=\"hidden\" name=\"instance_hash\" value=\"7d05f4eeb7e0fe0bf3cfaf7ef1333970\" \/>\n\t\t<input type=\"hidden\" id=\"_wpnonce\" name=\"_wpnonce\" value=\"19d13396eb\" \/><input type=\"hidden\" name=\"_wp_http_referer\" value=\"\/watchguard-info-portal\/wp-json\/wp\/v2\/pages\/9673\" \/>\t<\/form>\n\t<\/div><\/div><\/div><div id=\"pgc-9673-1-1\"  class=\"panel-grid-cell panel-grid-cell-empty\" ><\/div><\/div><\/div>","protected":false},"excerpt":{"rendered":"<p>Testger\u00e4te Access Points von BOC Gerne stellen wir Ihnen zwei Access Points (AP130 und AP330 jeweils mit USP Management) f\u00fcr bis zu 3 Wochen kostenlos zur Verf\u00fcgung, damit Sie die Funktionen und Vorteile vollst\u00e4ndig bei Ihnen vor Ort testen k\u00f6nnen. Bei der Lieferung ist ein kleiner Leitfaden dabei, der Ihnen bei den ersten Schritten helfen soll. Sollten Sie \u00fcberdies hinaus Hilfe ben\u00f6tigen stehen wir Ihnen &hellip; <a href=\"https:\/\/wordpress.boc.de\/watchguard-info-portal\/supportinfos\/testgeraete-access-points-anfordern\/\" class=\"more-link\">Weiterlesen <span class=\"screen-reader-text\">Testger\u00e4te Access Points anfordern<\/span> <span class=\"meta-nav\">&raquo;<\/span><\/a><\/p>\n","protected":false},"author":4,"featured_media":0,"parent":28,"menu_order":0,"comment_status":"closed","ping_status":"closed","template":"","meta":{"footnotes":""},"class_list":["post-9673","page","type-page","status-publish","hentry"],"_links":{"self":[{"href":"https:\/\/wordpress.boc.de\/watchguard-info-portal\/wp-json\/wp\/v2\/pages\/9673"}],"collection":[{"href":"https:\/\/wordpress.boc.de\/watchguard-info-portal\/wp-json\/wp\/v2\/pages"}],"about":[{"href":"https:\/\/wordpress.boc.de\/watchguard-info-portal\/wp-json\/wp\/v2\/types\/page"}],"author":[{"embeddable":true,"href":"https:\/\/wordpress.boc.de\/watchguard-info-portal\/wp-json\/wp\/v2\/users\/4"}],"replies":[{"embeddable":true,"href":"https:\/\/wordpress.boc.de\/watchguard-info-portal\/wp-json\/wp\/v2\/comments?post=9673"}],"version-history":[{"count":18,"href":"https:\/\/wordpress.boc.de\/watchguard-info-portal\/wp-json\/wp\/v2\/pages\/9673\/revisions"}],"predecessor-version":[{"id":25805,"href":"https:\/\/wordpress.boc.de\/watchguard-info-portal\/wp-json\/wp\/v2\/pages\/9673\/revisions\/25805"}],"up":[{"embeddable":true,"href":"https:\/\/wordpress.boc.de\/watchguard-info-portal\/wp-json\/wp\/v2\/pages\/28"}],"wp:attachment":[{"href":"https:\/\/wordpress.boc.de\/watchguard-info-portal\/wp-json\/wp\/v2\/media?parent=9673"}],"curies":[{"name":"wp","href":"https:\/\/api.w.org\/{rel}","templated":true}]}}