{"id":8982,"date":"2019-10-15T15:02:49","date_gmt":"2019-10-15T13:02:49","guid":{"rendered":"https:\/\/www.boc.de\/watchguard-info-portal\/?page_id=8982"},"modified":"2024-03-14T11:00:43","modified_gmt":"2024-03-14T10:00:43","slug":"watchguard-dnswatchgo","status":"publish","type":"page","link":"https:\/\/wordpress.boc.de\/watchguard-info-portal\/produktinfos\/watchguard-dnswatchgo\/","title":{"rendered":"WatchGuard DNSWatchGO"},"content":{"rendered":"<h2><strong>WatchGuard DNSWatchGO &#8211; Schutz auf DNS-Ebene f\u00fcr mobile Nutzer<\/strong><\/h2>\n<h3 style=\"text-align: left;\">Einfache Sicherheit f\u00fcr unterwegs<\/h3>\n<p><img loading=\"lazy\" decoding=\"async\" class=\" wp-image-8984 alignleft\" src=\"https:\/\/www.boc.de\/watchguard-info-portal\/wp-content\/uploads\/2019\/10\/dnswatchgo-logo.png\" alt=\"\" width=\"315\" height=\"274\" srcset=\"https:\/\/wordpress.boc.de\/watchguard-info-portal\/wp-content\/uploads\/2019\/10\/dnswatchgo-logo.png 302w, https:\/\/wordpress.boc.de\/watchguard-info-portal\/wp-content\/uploads\/2019\/10\/dnswatchgo-logo-300x261.png 300w\" sizes=\"(max-width: 315px) 100vw, 315px\" \/><\/p>\n<p>WatchGuard DNSWatchGO ist ein client-orientierter Dienst, der Schutz auf DNS-Ebene und eine kategoriebasierte Inhaltsfilterung bietet, um Unternehmen vor Phishing, Ransomware und anderen Angriffen zu sch\u00fctzen &#8211; auch wenn sich der Benutzer au\u00dferhalb des Firmennetzwerks befindet. Es handelt sich um eine einfach verwaltbare, stets verf\u00fcgbare Sicherheitsl\u00f6sung f\u00fcr die kein VPN erforderlich ist.\u00a0<span style=\"font-size: inherit;\">Klickt ein Endbenutzer auf eine E-Mail oder einen Link, der von DNSWatch als Phishing-Versuch identifiziert wurde,\u00a0<\/span>wird er zu einer individuell gestaltbaren Webseite weitergeleitet, die bspw. \u00fcber die Gefahren von Phishing aufkl\u00e4rt.<\/p>\n<p>Mitarbeiter sind mobiler denn je. Laut der IWG Global Workspace Survey sind weltweit 70% der Belegschaft mindestens an einem Tag der Woche au\u00dferhalb ihres Standorts t\u00e4tig. 80% der befragten deutschen Unternehmen haben bereits eine flexible Arbeitspolitik oder planen eine einzuf\u00fchren. Infolgedessen werden immer mehr Aufgaben au\u00dferhalb des firmeneigenen Netzwerks durchgef\u00fchrt \u2013 und somit auch au\u00dferhalb des Sicherheitsbereichs, der durch die Firewall des Netzwerks gesch\u00fctzt ist. Laut Prognosen von Gartner f\u00fcr das Jahr 2021 werden 25% des durchschnittlichen Netzwerkverkehrs in Unternehmen das Firmennetzwerk vollst\u00e4ndig umgehen. Dadurch werden Benutzer anf\u00e4llig gegen\u00fcber Malware, Ransomware, Phishing und anderen Formen der Cyberkriminalit\u00e4t.<\/p>\n<p>90% der Angriffe werden durch eine erfolgreiche Phishing-E-Mail eingeleitet, in der Benutzer aufgefordert werden, auf einen sch\u00e4dlichen Link zu klicken oder eine schadhafte Datei herunterzuladen. Phishing steht deshalb f\u00fcr Unternehmen nach wie vor an erster Stelle der Sicherheitsbedenken. Prognosen zufolge werden die weltweiten Ausgaben f\u00fcr Schulungen, in denen das Sicherheitsbewusstsein zum Schutz vor Phishing- und sonstigen Angriffen gef\u00f6rdert wird, <a href=\"https:\/\/cybersecurityventures.com\/security-awareness-training-report\/\" target=\"_blank\" rel=\"noopener noreferrer\">bis 2027 auf 10 Milliarden US-Dollar steigen<\/a>.\u00a0Mit DNSWatchGO werden Schulungsressourcen angeboten, mit denen das Sicherheitswissen der Anwender vertieft werden kann.<\/p>\n<h3>Erweiterter Schutz f\u00fcr mobile User<\/h3>\n<p><img loading=\"lazy\" decoding=\"async\" class=\"size-full wp-image-8987 alignright\" src=\"https:\/\/www.boc.de\/watchguard-info-portal\/wp-content\/uploads\/2019\/10\/dnswatchgo-mobile-nutzer.png\" alt=\"\" width=\"191\" height=\"150\" \/><\/p>\n<p>Mit DNSWatchGO k\u00f6nnen Sie Ihren WatchGuard-Schutz erweitern, indem Sie auch alle Endpoints au\u00dferhalb des Netzwerks sichern. DNSWatchGO bietet Abwehrfunktionen, integriertes Sicherheitsbewusstsein und Content-Filter ohne VPN. Ausgehende DNS-Anforderungen werden \u00fcberwacht und mit dem Datenbestand zu b\u00f6sartigen Infrastrukturen von WatchGuard verglichen. Sobald versucht wird, eine Verbindung zu einer Schad-Domain herzustellen, wird der Verbindungsaufbau blockiert und der b\u00f6sartige Verkehr f\u00fcr weitere Untersuchungen an DNSWatch-Server umgeleitet. Command-and-Control-Callbacks, Phishing-Attacken und Versuche, Daten abzugreifen, werden automatisch blockiert.<br \/>\nDNSWatchGO kann Ihre Benutzer auch vor dem Zugriff auf unangemessene Inhalte sch\u00fctzen, indem Richtlinien auf Basis von 130 vordefinierten Sperrkategorien eingerichtet werden sowie der Zugang durch die Einrichtung und Durchsetzung benutzer- und gruppenspezifischer Richtlinien individuell festgelegt wird.<\/p>\n<p><img loading=\"lazy\" decoding=\"async\" class=\"wp-image-8988 alignleft\" src=\"https:\/\/www.boc.de\/watchguard-info-portal\/wp-content\/uploads\/2019\/10\/dnswatchgo-cloudbasiert.png\" alt=\"\" width=\"203\" height=\"162\" srcset=\"https:\/\/wordpress.boc.de\/watchguard-info-portal\/wp-content\/uploads\/2019\/10\/dnswatchgo-cloudbasiert.png 659w, https:\/\/wordpress.boc.de\/watchguard-info-portal\/wp-content\/uploads\/2019\/10\/dnswatchgo-cloudbasiert-300x239.png 300w\" sizes=\"(max-width: 203px) 100vw, 203px\" \/><\/p>\n<h3>Cloudbasiertes Management<\/h3>\n<p>Als 100% cloudbasierte L\u00f6sung l\u00e4sst sich DNSWatchGO einfach bereitstellen und verwalten. Hardware und manuelle Software-Updates entfallen. Das spart sowohl Zeit als auch Geld. Die Ger\u00e4te sind in wenigen Minuten einsatzbereit, sodass die Internetaktivit\u00e4ten bereits nach kurzer Zeit transparent sind \u2013 ganz gleich, wo sich die Benutzer befinden. Die DNSWatch-Richtlinien f\u00fcr alle Benutzer innerhalb und au\u00dferhalb des Netzwerks lassen sich zentral verwalten.<\/p>\n<h3><\/h3>\n<h3>Die vier Komponenten eines Programms zum Schutz vor Phishing<\/h3>\n<ol>\n<li><strong>Schutz<\/strong>: einfacher, cloudbasierter Schutz vor riskanten Klicks und Malware &#8211; egal wo die Benutzer sind.<\/li>\n<li><strong>Schulung<\/strong>: durch die Umleitung auf sichere Webseiten k\u00f6nnen Benutzer auf Schulungsseiten umgeleitet werden, damit sie nachvollziehen k\u00f6nnen, wann sie einen Fehler begangen haben und wie sich in Zukunft verhalten sollten.<\/li>\n<li><strong>Evaluierung<\/strong>: je nach Klickrate und Bedarf k\u00f6nnen individuelle Schulungsseiten angelegt werden.<\/li>\n<li><strong>Berichterstattung<\/strong>: Benutzer werden\u00a0nach einem Schulungsprogramm \u00fcber bisherige Phishing-Attacken informiert.<\/li>\n<\/ol>\n<h3>Key-Features<\/h3>\n<div class=\"su-list\" style=\"margin-left:0px\">\n<ul>\n<li><i class=\"sui sui-chevron-circle-right\" style=\"color:#333\"><\/i> DNS-Level-Detection - bietet eine zus\u00e4tzliche Sicherheitsschicht, um unsichere Verbindungen zu blockieren<\/li>\n<li><i class=\"sui sui-chevron-circle-right\" style=\"color:#333\"><\/i> Sch\u00fctzt Endbenutzer automatisch vor Phishing-Angriffen und Fehlverbindungen<\/li>\n<li><i class=\"sui sui-chevron-circle-right\" style=\"color:#333\"><\/i> Content-Filterung - Blockieren von Zugriffen auf gef\u00e4hrliche bzw. unerw\u00fcnschte Webseiten anhand von 130 vordefinierten Sperrkategorien<\/li>\n<li><i class=\"sui sui-chevron-circle-right\" style=\"color:#333\"><\/i> Sofortige Sicherheitsaufkl\u00e4rung, um das Bewusstsein der Endbenutzer nach einem Angriffsversuch zu sch\u00e4rfen<\/li>\n<li><i class=\"sui sui-chevron-circle-right\" style=\"color:#333\"><\/i> Leichte Sicherheit, die immer eingeschaltet ist<\/li>\n<li><i class=\"sui sui-chevron-circle-right\" style=\"color:#333\"><\/i> Kein VPN erforderlich<\/li>\n<\/ul>\n<\/div>\n<h3>Funktionsweise<\/h3>\n<p>WatchGuard DNSWatchGO \u00fcberwacht ausgehende DNS-Anfragen und stellt sie einer zusammengestellten Liste b\u00f6swilliger Websites gegen\u00fcber. Anfragen, die f\u00fcr sch\u00e4dlich gehalten werden, werden blockiert und der Benutzer wird auf eine sichere Seite umgeleitet, auf der er seine Kenntnisse zum Thema Phishing auffrischen kann.<\/p>\n<p><img loading=\"lazy\" decoding=\"async\" class=\"aligncenter size-full wp-image-8983\" src=\"https:\/\/www.boc.de\/watchguard-info-portal\/wp-content\/uploads\/2019\/10\/dnswatchgo_diagrams_de.jpg\" alt=\"\" width=\"686\" height=\"541\" srcset=\"https:\/\/wordpress.boc.de\/watchguard-info-portal\/wp-content\/uploads\/2019\/10\/dnswatchgo_diagrams_de.jpg 686w, https:\/\/wordpress.boc.de\/watchguard-info-portal\/wp-content\/uploads\/2019\/10\/dnswatchgo_diagrams_de-300x237.jpg 300w\" sizes=\"(max-width: 686px) 100vw, 686px\" \/><\/p>\n<h3>DNSWatchGO kaufen und kostenlos testen:<\/h3>\n<p>Auf der Produktseite <a href=\"https:\/\/www.boc.de\/watchguard-dnswatchgo.html\" target=\"_blank\" rel=\"noopener noreferrer\">DNSWatchGO<\/a>\u00a0in unserem Shop verf\u00fcgbar oder <a href=\"https:\/\/www.watchguard.com\/de\/wgrd-products\/dnswatchgo-trial\" target=\"_blank\" rel=\"noopener noreferrer\">kostenlos testen bei WatchGuard<\/a>.<\/p>\n<p>DNSWatchGO kann entweder als Einzelprodukt lizenziert werden oder im Rahmen des <a href=\"https:\/\/www.boc.de\/watchguard-passport.html\" target=\"_blank\" rel=\"noopener noreferrer\">Passport-Bundles<\/a>.<\/p>\n<h3>Weitere Informationen und Downloads:<\/h3>\n<ul>\n<li><a href=\"https:\/\/www.boc.de\/pub\/media\/documents\/dnswatchgo\/20_Datenblatt-WatchGuard-DNSWatchGO.pdf\" target=\"_blank\" rel=\"noopener noreferrer\">offizielles Datenblatt zu DNSWatchGO (deutsch)<\/a><\/li>\n<li><a href=\"https:\/\/www.boc.de\/pub\/media\/documents\/dnswatchgo\/30_Broschuere-WatchGuard-DNSWatchGO.pdf\" target=\"_blank\" rel=\"noopener noreferrer\">Informationsbroch\u00fcre DNSWatchGO (deutsch)<\/a><\/li>\n<li><a href=\"https:\/\/www.boc.de\/pub\/media\/documents\/dnswatchgo\/40_eBook-Phishing.pdf\" target=\"_blank\" rel=\"noopener noreferrer\">eBook: Trophy Phishing (deutsch)<\/a><\/li>\n<\/ul>\n<p>&nbsp;<\/p>\n","protected":false},"excerpt":{"rendered":"<p>WatchGuard DNSWatchGO &#8211; Schutz auf DNS-Ebene f\u00fcr mobile Nutzer Einfache Sicherheit f\u00fcr unterwegs WatchGuard DNSWatchGO ist ein client-orientierter Dienst, der Schutz auf DNS-Ebene und eine kategoriebasierte Inhaltsfilterung bietet, um Unternehmen vor Phishing, Ransomware und anderen Angriffen zu sch\u00fctzen &#8211; auch wenn sich der Benutzer au\u00dferhalb des Firmennetzwerks befindet. Es handelt sich um eine einfach verwaltbare, stets verf\u00fcgbare Sicherheitsl\u00f6sung f\u00fcr die kein VPN erforderlich ist.\u00a0Klickt ein &hellip; <a href=\"https:\/\/wordpress.boc.de\/watchguard-info-portal\/produktinfos\/watchguard-dnswatchgo\/\" class=\"more-link\">Weiterlesen <span class=\"screen-reader-text\">WatchGuard DNSWatchGO<\/span> <span class=\"meta-nav\">&raquo;<\/span><\/a><\/p>\n","protected":false},"author":4,"featured_media":0,"parent":24,"menu_order":0,"comment_status":"closed","ping_status":"closed","template":"","meta":{"footnotes":""},"class_list":["post-8982","page","type-page","status-publish","hentry"],"_links":{"self":[{"href":"https:\/\/wordpress.boc.de\/watchguard-info-portal\/wp-json\/wp\/v2\/pages\/8982"}],"collection":[{"href":"https:\/\/wordpress.boc.de\/watchguard-info-portal\/wp-json\/wp\/v2\/pages"}],"about":[{"href":"https:\/\/wordpress.boc.de\/watchguard-info-portal\/wp-json\/wp\/v2\/types\/page"}],"author":[{"embeddable":true,"href":"https:\/\/wordpress.boc.de\/watchguard-info-portal\/wp-json\/wp\/v2\/users\/4"}],"replies":[{"embeddable":true,"href":"https:\/\/wordpress.boc.de\/watchguard-info-portal\/wp-json\/wp\/v2\/comments?post=8982"}],"version-history":[{"count":11,"href":"https:\/\/wordpress.boc.de\/watchguard-info-portal\/wp-json\/wp\/v2\/pages\/8982\/revisions"}],"predecessor-version":[{"id":19823,"href":"https:\/\/wordpress.boc.de\/watchguard-info-portal\/wp-json\/wp\/v2\/pages\/8982\/revisions\/19823"}],"up":[{"embeddable":true,"href":"https:\/\/wordpress.boc.de\/watchguard-info-portal\/wp-json\/wp\/v2\/pages\/24"}],"wp:attachment":[{"href":"https:\/\/wordpress.boc.de\/watchguard-info-portal\/wp-json\/wp\/v2\/media?parent=8982"}],"curies":[{"name":"wp","href":"https:\/\/api.w.org\/{rel}","templated":true}]}}