{"id":8901,"date":"2019-10-07T11:29:51","date_gmt":"2019-10-07T09:29:51","guid":{"rendered":"https:\/\/www.boc.de\/watchguard-info-portal\/?page_id=8901"},"modified":"2024-10-08T13:07:32","modified_gmt":"2024-10-08T11:07:32","slug":"promotions","status":"publish","type":"page","link":"https:\/\/wordpress.boc.de\/watchguard-info-portal\/promotions\/","title":{"rendered":"Promotions"},"content":{"rendered":"<div id=\"pl-8901\"  class=\"panel-layout\" ><div id=\"pg-8901-0\"  class=\"panel-grid panel-no-style\" ><div id=\"pgc-8901-0-0\"  class=\"panel-grid-cell\" ><div id=\"panel-8901-0-0-0\" class=\"so-panel widget widget_sow-editor panel-first-child panel-last-child\" data-index=\"0\" ><div\n\t\t\t\n\t\t\tclass=\"so-widget-sow-editor so-widget-sow-editor-base\"\n\t\t\t\n\t\t>\n<div class=\"siteorigin-widget-tinymce textwidget\">\n\t<div class=\"su-posts su-posts-default-loop\">\n\t\n\t\t\t\t<div id=\"su-post-17553\" class=\"su-post\">\n\t\t\t\t\t\t\t\t\t\t<h2 class=\"su-post-title\"><a href=\"https:\/\/wordpress.boc.de\/watchguard-info-portal\/promotions\/watchguard-wi-fi-replacement-promotion\/\">WatchGuard Wi-Fi Replacement Promotion<\/a><\/h2>\n\t\t\t\t\t<div class=\"su-post-excerpt\">\n\t\t\t\t\t\t<p>WatchGuard Wi-Fi Replacement Promotion Bis zum 31.03.2025 gew\u00e4hrt WatchGuard mit der Wi-Fi Replacement Promotion bis zu 25% Rabatt auf alle aktuellen WatchGuard Access Points mit 3 oder 5 Jahren USP-Management-Lizenz. Sowohl die drei Indoor Access Points AP130, AP230W, AP330, AP432 als auch die beiden Outdoor Access Points AP332CR und AP430CR sind f\u00fcr diese Promotion berechtigt. Eine \u00dcbersicht der aktuellen Access Points finden Sie unter &gt;&gt; &hellip; <a href=\"https:\/\/wordpress.boc.de\/watchguard-info-portal\/promotions\/watchguard-wi-fi-replacement-promotion\/\" class=\"more-link\">Weiterlesen <span class=\"screen-reader-text\">WatchGuard Wi-Fi Replacement Promotion<\/span> <span class=\"meta-nav\">&raquo;<\/span><\/a><\/p>\n\t\t\t\t\t<\/div>\n\t\t\t\t<\/div>\n\n\t\t\t\t\n\t\t\t\t<div id=\"su-post-5129\" class=\"su-post\">\n\t\t\t\t\t\t\t\t\t\t<h2 class=\"su-post-title\"><a href=\"https:\/\/wordpress.boc.de\/watchguard-info-portal\/promotions\/watchguard-red-for-red-trade-up-promotion\/\">WatchGuard Red for Red Trade-Up Promotion<\/a><\/h2>\n\t\t\t\t\t<div class=\"su-post-excerpt\">\n\t\t\t\t\t\t<p>WatchGuard Red for Red Trade-Up Promotion Wenn Sie bis zum 31.03.2025 auf eine aktuelle Firebox mit 3 Jahren Total Security Suite wechseln, zahlen Sie nur den Preis einer entsprechenden 3-j\u00e4hrigen Service-Lizenz. Diese Promotion ist besonders interessant, wenn Sie ein Upgrade auf die Total Security Suite planen oder nur die klassischen Security Services einer \u00e4lteren WatchGuard Firebox nutzen &#8211; k\u00fcnftig aber auch die in den letzten &hellip; <a href=\"https:\/\/wordpress.boc.de\/watchguard-info-portal\/promotions\/watchguard-red-for-red-trade-up-promotion\/\" class=\"more-link\">Weiterlesen <span class=\"screen-reader-text\">WatchGuard Red for Red Trade-Up Promotion<\/span> <span class=\"meta-nav\">&raquo;<\/span><\/a><\/p>\n\t\t\t\t\t<\/div>\n\t\t\t\t<\/div>\n\n\t\t\t\t\n\t\t\t\t<div id=\"su-post-52\" class=\"su-post\">\n\t\t\t\t\t\t\t\t\t\t<h2 class=\"su-post-title\"><a href=\"https:\/\/wordpress.boc.de\/watchguard-info-portal\/promotions\/watchguard-competitive-trade-in-promotion\/\">WatchGuard Red Instead Competitive Trade In Promotion<\/a><\/h2>\n\t\t\t\t\t<div class=\"su-post-excerpt\">\n\t\t\t\t\t\t<p>WatchGuard Red Instead Competitive Trade In Promotion Aktuell (Stand September 2025) gibt es keine qualifizierenden Produkte f\u00fcr die Red Instead Competitive Trade In Promotion. Diese auch Red Instead genannte Promotion bietet f\u00fcr bestimmte\u00a0Hardware-Varianten mit 3 Jahren Basic Security Suite oder 3 Jahren Total Security Suite noch einen zus\u00e4tzlichen Nachlass, wenn man von\u00a0Firewall VPN und Security Produkten anderer Hersteller wie Astaro, Checkpoint, Cisco, Fortinet, Gateprotect, Juniper, &hellip; <a href=\"https:\/\/wordpress.boc.de\/watchguard-info-portal\/promotions\/watchguard-competitive-trade-in-promotion\/\" class=\"more-link\">Weiterlesen <span class=\"screen-reader-text\">WatchGuard Red Instead Competitive Trade In Promotion<\/span> <span class=\"meta-nav\">&raquo;<\/span><\/a><\/p>\n\t\t\t\t\t<\/div>\n\t\t\t\t<\/div>\n\n\t\t\t\t\n\t\t\t\t<div id=\"su-post-50\" class=\"su-post\">\n\t\t\t\t\t\t\t\t\t\t<h2 class=\"su-post-title\"><a href=\"https:\/\/wordpress.boc.de\/watchguard-info-portal\/promotions\/watchguard-trade-up-promotion\/\">WatchGuard Trade-Up Promotion<\/a><\/h2>\n\t\t\t\t\t<div class=\"su-post-excerpt\">\n\t\t\t\t\t\t<p>WatchGuard Trade-Up Promotion WatchGuard bezuschusst den Umstieg auf die aktuellen Firebox-Modelle, indem ausgew\u00e4hlte Varianten als &#8220;Trade-Up Artikel&#8221; angeboten werden. Damit ist ein direkter Preisnachlass von 10% bis 25% auf das Neuger\u00e4t verbunden, der in den Trade-Up-Artikelpreisen bereits ber\u00fccksichtigt ist! Voraussetzung daf\u00fcr ist, dass in Ihrem WatchGuard-Account ENTWEDER bereits ein \u00e4lteres WatchGuard-Produkt vorhanden ist, das nun au\u00dfer Dienst gestellt wird &#8211; ODER dass Sie Firewall VPN &hellip; <a href=\"https:\/\/wordpress.boc.de\/watchguard-info-portal\/promotions\/watchguard-trade-up-promotion\/\" class=\"more-link\">Weiterlesen <span class=\"screen-reader-text\">WatchGuard Trade-Up Promotion<\/span> <span class=\"meta-nav\">&raquo;<\/span><\/a><\/p>\n\t\t\t\t\t<\/div>\n\t\t\t\t<\/div>\n\n\t\t\t\t<\/div>\n\n<\/div>\n<\/div><\/div><\/div><div id=\"pgc-8901-0-1\"  class=\"panel-grid-cell\" ><div id=\"panel-8901-0-1-0\" class=\"so-panel widget widget_sow-editor panel-first-child panel-last-child\" data-index=\"1\" ><div\n\t\t\t\n\t\t\tclass=\"so-widget-sow-editor so-widget-sow-editor-base\"\n\t\t\t\n\t\t>\n<div class=\"siteorigin-widget-tinymce textwidget\">\n\t<div class=\"su-posts su-posts-default-loop\">\n\t\n\t\t\t\t<div id=\"su-post-24637\" class=\"su-post\">\n\t\t\t\t\t\t\t\t\t\t<h2 class=\"su-post-title\"><a href=\"https:\/\/wordpress.boc.de\/watchguard-info-portal\/promotions\/best-preis-garantie\/\">Best-Preis-Garantie<\/a><\/h2>\n\t\t\t\t\t<div class=\"su-post-excerpt\">\n\t\t\t\t\t\t<p>Best-Preis-Garantie. Kaufen Sie zu den besten Preisen! Finden Sie einen besseren Preis? Kein Problem \u2013 wir gehen den Preis mit! Die BOC IT-Security ist stolz darauf, Ihnen die besten Preise f\u00fcr WatchGuard-Produkte anzubieten. Unsere Best-Preis-Garantie bedeutet, dass Sie bei uns immer sicher sein k\u00f6nnen, zum besten Preis zu kaufen. Finden Sie einen niedrigeren Preis bei einem anderen H\u00e4ndler? Kein Problem \u2013 wir gehen den Preis &hellip; <a href=\"https:\/\/wordpress.boc.de\/watchguard-info-portal\/promotions\/best-preis-garantie\/\" class=\"more-link\">Weiterlesen <span class=\"screen-reader-text\">Best-Preis-Garantie<\/span> <span class=\"meta-nav\">&raquo;<\/span><\/a><\/p>\n\t\t\t\t\t<\/div>\n\t\t\t\t<\/div>\n\n\t\t\t\t\n\t\t\t\t<div id=\"su-post-249\" class=\"su-post\">\n\t\t\t\t\t\t\t\t\t\t<h2 class=\"su-post-title\"><a href=\"https:\/\/wordpress.boc.de\/watchguard-info-portal\/promotions\/behoerden-und-schulen\/\">WatchGuard SchoolMate &#8211; Beh\u00f6rden und Schulen<\/a><\/h2>\n\t\t\t\t\t<div class=\"su-post-excerpt\">\n\t\t\t\t\t\t<p>WatchGuard GOV Sonderkonditionen WatchGuard gew\u00e4hrt Beh\u00f6rden, Schulen, \u00f6ffentlichen und privaten Non-Profit Organisationen einen pauschalen Preisnachlass von 20% auf Vollprodukte und Renewal Lizenzen: Die GOV Sonderkonditionen k\u00f6nnen NICHT auf Artikel angewendet werden, die bereits in einer anderen Promotion enthalten sind. Insbesondere k\u00f6nnen die Trade-Up Artikel, die Competitive Trade-In Artikel oder die Cluster-Boxen aus der High Availability Promotion NICHT noch einmal zus\u00e4tzlich rabattiert werden. Im Einzelfall lohnt &hellip; <a href=\"https:\/\/wordpress.boc.de\/watchguard-info-portal\/promotions\/behoerden-und-schulen\/\" class=\"more-link\">Weiterlesen <span class=\"screen-reader-text\">WatchGuard SchoolMate &#8211; Beh\u00f6rden und Schulen<\/span> <span class=\"meta-nav\">&raquo;<\/span><\/a><\/p>\n\t\t\t\t\t<\/div>\n\t\t\t\t<\/div>\n\n\t\t\t\t\n\t\t\t\t<div id=\"su-post-239\" class=\"su-post\">\n\t\t\t\t\t\t\t\t\t\t<h2 class=\"su-post-title\"><a href=\"https:\/\/wordpress.boc.de\/watchguard-info-portal\/promotions\/watchguard-high-availability-promotion\/\">WatchGuard High Availability Promotion<\/a><\/h2>\n\t\t\t\t\t<div class=\"su-post-excerpt\">\n\t\t\t\t\t\t<p>WatchGuard High Availability Promotion Firewall Cluster Alle aktuellen WatchGuard Modelle von der kleinen Firebox T115-W bis zur gro\u00dfen Firebox M5800 unterst\u00fctzen von Hause aus die FireCluster-Funktionalit\u00e4t. Nur das kleinste WatchGuard-Modell, die NV5, ist nicht clusterf\u00e4hig! Ein ausfallsicherer Firewall-Cluster besteht aus zwei WatchGuard Boxen des gleichen Hardware-Modells. Ein WatchGuard FireCluster wird \u00fcblicherweise im Active\/Passive Modus (Active\/Standby) betrieben. Nur in seltenen F\u00e4llen wird\u00a0der\u00a0Active\/Active Modus gew\u00e4hlt, bei dem &hellip; <a href=\"https:\/\/wordpress.boc.de\/watchguard-info-portal\/promotions\/watchguard-high-availability-promotion\/\" class=\"more-link\">Weiterlesen <span class=\"screen-reader-text\">WatchGuard High Availability Promotion<\/span> <span class=\"meta-nav\">&raquo;<\/span><\/a><\/p>\n\t\t\t\t\t<\/div>\n\t\t\t\t<\/div>\n\n\t\t\t\t<\/div>\n\n<\/div>\n<\/div><\/div><\/div><\/div><\/div>","protected":false},"excerpt":{"rendered":"<p>WatchGuard Wi-Fi Replacement Promotion WatchGuard Wi-Fi Replacement Promotion Bis zum 31.12.2024 gew\u00e4hrt WatchGuard mit der Wi-Fi Replacement Promotion bis zu 25% Rabatt auf alle aktuellen WatchGuard Access Points mit 3 oder 5 Jahren USP-Management-Lizenz. Sowohl die drei Indoor Access Points AP130, AP230W, AP330, AP432 als auch die beiden Outdoor Access Points AP332CR und AP430CR sind f\u00fcr diese Promotion berechtigt. Eine \u00dcbersicht der aktuellen Access Points &hellip; <a href=\"https:\/\/wordpress.boc.de\/watchguard-info-portal\/promotions\/watchguard-high-availability-promotion\/\" class=\"more-link\">Weiterlesen <span class=\"screen-reader-text\">WatchGuard High Availability Promotion<\/span> <span class=\"meta-nav\">&raquo;<\/span><\/a><\/p>\n","protected":false},"author":4,"featured_media":0,"parent":0,"menu_order":0,"comment_status":"closed","ping_status":"closed","template":"","meta":{"footnotes":""},"class_list":["post-8901","page","type-page","status-publish","hentry"],"_links":{"self":[{"href":"https:\/\/wordpress.boc.de\/watchguard-info-portal\/wp-json\/wp\/v2\/pages\/8901"}],"collection":[{"href":"https:\/\/wordpress.boc.de\/watchguard-info-portal\/wp-json\/wp\/v2\/pages"}],"about":[{"href":"https:\/\/wordpress.boc.de\/watchguard-info-portal\/wp-json\/wp\/v2\/types\/page"}],"author":[{"embeddable":true,"href":"https:\/\/wordpress.boc.de\/watchguard-info-portal\/wp-json\/wp\/v2\/users\/4"}],"replies":[{"embeddable":true,"href":"https:\/\/wordpress.boc.de\/watchguard-info-portal\/wp-json\/wp\/v2\/comments?post=8901"}],"version-history":[{"count":16,"href":"https:\/\/wordpress.boc.de\/watchguard-info-portal\/wp-json\/wp\/v2\/pages\/8901\/revisions"}],"predecessor-version":[{"id":25243,"href":"https:\/\/wordpress.boc.de\/watchguard-info-portal\/wp-json\/wp\/v2\/pages\/8901\/revisions\/25243"}],"wp:attachment":[{"href":"https:\/\/wordpress.boc.de\/watchguard-info-portal\/wp-json\/wp\/v2\/media?parent=8901"}],"curies":[{"name":"wp","href":"https:\/\/api.w.org\/{rel}","templated":true}]}}