{"id":852,"date":"2016-06-18T11:45:04","date_gmt":"2016-06-18T09:45:04","guid":{"rendered":"https:\/\/www.boc.de\/watchguard-info-portal\/?page_id=852"},"modified":"2024-09-13T15:59:57","modified_gmt":"2024-09-13T13:59:57","slug":"watchguard-produkt-datenblaetter","status":"publish","type":"page","link":"https:\/\/wordpress.boc.de\/watchguard-info-portal\/produktinfos\/watchguard-produkt-datenblaetter\/","title":{"rendered":"WatchGuard Produkt Datenbl\u00e4tter"},"content":{"rendered":"<div id=\"pl-852\"  class=\"panel-layout\" ><div id=\"pg-852-0\"  class=\"panel-grid panel-no-style\" ><div id=\"pgc-852-0-0\"  class=\"panel-grid-cell\" ><div id=\"panel-852-0-0-0\" class=\"so-panel widget widget_sow-editor panel-first-child panel-last-child\" data-index=\"0\" ><div\n\t\t\t\n\t\t\tclass=\"so-widget-sow-editor so-widget-sow-editor-base\"\n\t\t\t\n\t\t>\n<div class=\"siteorigin-widget-tinymce textwidget\">\n\t<h2>WatchGuard Produkt Datenbl\u00e4tter<\/h2>\n<p>Hier finden Sie die aktuellen WatchGuard Produkt Datenbl\u00e4tter als PDF zum Herunterladen.<\/p>\n<\/div>\n<\/div><\/div><\/div><\/div><div id=\"pg-852-1\"  class=\"panel-grid panel-no-style\" ><div id=\"pgc-852-1-0\"  class=\"panel-grid-cell\" ><div id=\"panel-852-1-0-0\" class=\"so-panel widget widget_sow-editor panel-first-child panel-last-child\" data-index=\"1\" ><div\n\t\t\t\n\t\t\tclass=\"so-widget-sow-editor so-widget-sow-editor-base\"\n\t\t\t\n\t\t>\n<div class=\"siteorigin-widget-tinymce textwidget\">\n\t<h3>WatchGuard Firebox<\/h3>\nDatenbl\u00e4tter\n<ul>\n \t<li><a href=\"\/pub\/media\/documents\/t70\/20_Datenblatt-WatchGuard-Firebox-T70.pdf\n\">Datenblatt-WatchGuard-Firebox-T70.pdf<\/a><\/li><li><a href=\"\/pub\/media\/documents\/t15-w\/20_Datenblatt-WatchGuard-Firebox-T15-W.pdf\n\">Datenblatt-WatchGuard-Firebox-T15-W.pdf<\/a><\/li><li><a href=\"\/pub\/media\/documents\/t55-w\/20_Datenblatt-WatchGuard-Firebox-T55-W.pdf\n\">Datenblatt-WatchGuard-Firebox-T55-W.pdf<\/a><\/li><li><a href=\"\/pub\/media\/documents\/t25-w\/20_Datenblatt-WatchGuard-Firebox-T25-W.pdf\n\">Datenblatt-WatchGuard-Firebox-T25-W.pdf<\/a><\/li><li><a href=\"\/pub\/media\/documents\/t30-w\/20_Datenblatt-WatchGuard-Firebox-T10-T30-T50.pdf\n\">Datenblatt-WatchGuard-Firebox-T10-T30-T50.pdf<\/a><\/li><li><a href=\"\/pub\/media\/documents\/t185\/20_Datenblatt-WatchGuard-Firebox-T185.pdf\n\">Datenblatt-WatchGuard-Firebox-T185.pdf<\/a><\/li><li><a href=\"\/pub\/media\/documents\/t20\/20_Datenblatt-WatchGuard-Firebox-T20.pdf\n\">Datenblatt-WatchGuard-Firebox-T20.pdf<\/a><\/li><li><a href=\"\/pub\/media\/documents\/t40\/20_Datenblatt-WatchGuard-Firebox-T40.pdf\n\">Datenblatt-WatchGuard-Firebox-T40.pdf<\/a><\/li><li><a href=\"\/pub\/media\/documents\/t20-w\/20_Datenblatt-WatchGuard-Firebox-T20-W.pdf\n\">Datenblatt-WatchGuard-Firebox-T20-W.pdf<\/a><\/li><li><a href=\"\/pub\/media\/documents\/t25\/20_Datenblatt-WatchGuard-Firebox-T25.pdf\n\">Datenblatt-WatchGuard-Firebox-T25.pdf<\/a><\/li><li><a href=\"\/pub\/media\/documents\/t45-w-poe\/20_Datenblatt-WatchGuard-Firebox-T45-W-PoE.pdf\n\">Datenblatt-WatchGuard-Firebox-T45-W-PoE.pdf<\/a><\/li><li><a href=\"\/pub\/media\/documents\/t125-w\/20_Datenblatt-WatchGuard-Firebox-T125-W.pdf\n\">Datenblatt-WatchGuard-Firebox-T125-W.pdf<\/a><\/li><li><a href=\"\/pub\/media\/documents\/t125\/20_Datenblatt-WatchGuard-Firebox-T125.pdf\n\">Datenblatt-WatchGuard-Firebox-T125.pdf<\/a><\/li><li><a href=\"\/pub\/media\/documents\/t85-poe\/20_Datenblatt-WatchGuard-Firebox-T85-PoE.pdf\n\">Datenblatt-WatchGuard-Firebox-T85-PoE.pdf<\/a><\/li><li><a href=\"\/pub\/media\/documents\/t45\/20_Datenblatt-WatchGuard-Firebox-T45.pdf\n\">Datenblatt-WatchGuard-Firebox-T45.pdf<\/a><\/li><li><a href=\"\/pub\/media\/documents\/t145-w\/20_Datenblatt-WatchGuard-Firebox-T145-W.pdf\n\">Datenblatt-WatchGuard-Firebox-T145-W.pdf<\/a><\/li><li><a href=\"\/pub\/media\/documents\/t35\/20_Datenblatt-WatchGuard-Firebox-T35.pdf\n\">Datenblatt-WatchGuard-Firebox-T35.pdf<\/a><\/li><li><a href=\"\/pub\/media\/documents\/t40-w\/20_Datenblatt-WatchGuard-Firebox-T40-W.pdf\n\">Datenblatt-WatchGuard-Firebox-T40-W.pdf<\/a><\/li><li><a href=\"\/pub\/media\/documents\/t45-cw\/20_Datenblatt-WatchGuard-Firebox-T45-CW.pdf\n\">Datenblatt-WatchGuard-Firebox-T45-CW.pdf<\/a><\/li><li><a href=\"\/pub\/media\/documents\/t15\/20_Datenblatt-WatchGuard-Firebox-T15.pdf\n\">Datenblatt-WatchGuard-Firebox-T15.pdf<\/a><\/li><li><a href=\"\/pub\/media\/documents\/t115-w\/20_Datenblatt-WatchGuard-Firebox-T115-W.pdf\n\">Datenblatt-WatchGuard-Firebox-T115-W.pdf<\/a><\/li><li><a href=\"\/pub\/media\/documents\/t55\/20_Datenblatt-WatchGuard-Firebox-T55.pdf\n\">Datenblatt-WatchGuard-Firebox-T55.pdf<\/a><\/li><li><a href=\"\/pub\/media\/documents\/t35-w\/20_Datenblatt-WatchGuard-Firebox-T35-W.pdf\n\">Datenblatt-WatchGuard-Firebox-T35-W.pdf<\/a><\/li><li><a href=\"\/pub\/media\/documents\/t45-poe\/20_Datenblatt-WatchGuard-Firebox-T45-PoE.pdf\n\">Datenblatt-WatchGuard-Firebox-T45-PoE.pdf<\/a><\/li><li><a href=\"\/pub\/media\/documents\/t145\/20_Datenblatt-WatchGuard-Firebox-T145.pdf\n\">Datenblatt-WatchGuard-Firebox-T145.pdf<\/a><\/li><li><a href=\"\/pub\/media\/documents\/t80\/20_Datenblatt-WatchGuard-Firebox-T80.pdf\n\">Datenblatt-WatchGuard-Firebox-T80.pdf<\/a><\/li><li><a href=\"\/pub\/media\/documents\/t35-r\/20_Datenblatt-WatchGuard-Firebox-T35-R.pdf\n\">Datenblatt-WatchGuard-Firebox-T35-R.pdf<\/a><\/li>\n        \n<\/ul>\nHardware Guides\n<ul>\n \t<li><a href=\"\/pub\/media\/documents\/t70\/25_Hardware-Guide-WatchGuard-Firebox-T70.pdf\n\">Hardware-Guide-WatchGuard-Firebox-T70.pdf<\/a><\/li><li><a href=\"\/pub\/media\/documents\/t15-w\/25_Hardware-Guide-WatchGuard-Firebox-T15-W.pdf\n\">Hardware-Guide-WatchGuard-Firebox-T15-W.pdf<\/a><\/li><li><a href=\"\/pub\/media\/documents\/t55-w\/25_Hardware-Guide-WatchGuard-Firebox-T55-W.pdf\n\">Hardware-Guide-WatchGuard-Firebox-T55-W.pdf<\/a><\/li><li><a href=\"\/pub\/media\/documents\/t25-w\/25_Hardware-Guide-WatchGuard-Firebox-T25-W.pdf\n\">Hardware-Guide-WatchGuard-Firebox-T25-W.pdf<\/a><\/li><li><a href=\"\/pub\/media\/documents\/t30-w\/25_Hardware-Guide-WatchGuard-Firebox-T30-T50.pdf\n\">Hardware-Guide-WatchGuard-Firebox-T30-T50.pdf<\/a><\/li><li><a href=\"\/pub\/media\/documents\/t185\/25_Hardware-Guide-WatchGuard-Firebox-T185.pdf\n\">Hardware-Guide-WatchGuard-Firebox-T185.pdf<\/a><\/li><li><a href=\"\/pub\/media\/documents\/t20\/25_Hardware-Guide-WatchGuard-Firebox-T20.pdf\n\">Hardware-Guide-WatchGuard-Firebox-T20.pdf<\/a><\/li><li><a href=\"\/pub\/media\/documents\/t40\/25_Hardware-Guide-WatchGuard-Firebox-T40.pdf\n\">Hardware-Guide-WatchGuard-Firebox-T40.pdf<\/a><\/li><li><a href=\"\/pub\/media\/documents\/t20-w\/25_Hardware-Guide-WatchGuard-Firebox-T20-W.pdf\n\">Hardware-Guide-WatchGuard-Firebox-T20-W.pdf<\/a><\/li><li><a href=\"\/pub\/media\/documents\/t25\/25_Hardware-Guide-WatchGuard-Firebox-T25.pdf\n\">Hardware-Guide-WatchGuard-Firebox-T25.pdf<\/a><\/li><li><a href=\"\/pub\/media\/documents\/t45-w-poe\/25_Hardware-Guide-WatchGuard-Firebox-T45-W-PoE.pdf\n\">Hardware-Guide-WatchGuard-Firebox-T45-W-PoE.pdf<\/a><\/li><li><a href=\"\/pub\/media\/documents\/t125-w\/25_Hardware-Guide-WatchGuard-Firebox-T125-W.pdf\n\">Hardware-Guide-WatchGuard-Firebox-T125-W.pdf<\/a><\/li><li><a href=\"\/pub\/media\/documents\/t10-d\/25_Hardware-Guide-WatchGuard-Firebox-T10.pdf\n\">Hardware-Guide-WatchGuard-Firebox-T10.pdf<\/a><\/li><li><a href=\"\/pub\/media\/documents\/t125\/25_Hardware-Guide-WatchGuard-Firebox-T125.pdf\n\">Hardware-Guide-WatchGuard-Firebox-T125.pdf<\/a><\/li><li><a href=\"\/pub\/media\/documents\/t85-poe\/25_Hardware-Guide-WatchGuard-Firebox-T85-PoE.pdf\n\">Hardware-Guide-WatchGuard-Firebox-T85-PoE.pdf<\/a><\/li><li><a href=\"\/pub\/media\/documents\/t45\/25_Hardware-Guide-WatchGuard-Firebox-T45.pdf\n\">Hardware-Guide-WatchGuard-Firebox-T45.pdf<\/a><\/li><li><a href=\"\/pub\/media\/documents\/t145-w\/25_Hardware-Guide-WatchGuard-Firebox-T145-W.pdf\n\">Hardware-Guide-WatchGuard-Firebox-T145-W.pdf<\/a><\/li><li><a href=\"\/pub\/media\/documents\/t35\/25_Hardware-Guide-WatchGuard-Firebox-T35.pdf\n\">Hardware-Guide-WatchGuard-Firebox-T35.pdf<\/a><\/li><li><a href=\"\/pub\/media\/documents\/t40-w\/25_Hardware-Guide-WatchGuard-Firebox-T40-W.pdf\n\">Hardware-Guide-WatchGuard-Firebox-T40-W.pdf<\/a><\/li><li><a href=\"\/pub\/media\/documents\/t45-cw\/30_Hardware-Guide-WatchGuard-Firebox-T45-CW.pdf\n\">Hardware-Guide-WatchGuard-Firebox-T45-CW.pdf<\/a><\/li><li><a href=\"\/pub\/media\/documents\/t15\/25_Hardware-Guide-WatchGuard-Firebox-T15.pdf\n\">Hardware-Guide-WatchGuard-Firebox-T15.pdf<\/a><\/li><li><a href=\"\/pub\/media\/documents\/t115-w\/25_Hardware-Guide-WatchGuard-Firebox-T115-W.pdf\n\">Hardware-Guide-WatchGuard-Firebox-T115-W.pdf<\/a><\/li><li><a href=\"\/pub\/media\/documents\/t55\/25_Hardware-Guide-WatchGuard-Firebox-T55.pdf\n\">Hardware-Guide-WatchGuard-Firebox-T55.pdf<\/a><\/li><li><a href=\"\/pub\/media\/documents\/t35-w\/25_Hardware-Guide-WatchGuard-Firebox-T35-W.pdf\n\">Hardware-Guide-WatchGuard-Firebox-T35-W.pdf<\/a><\/li><li><a href=\"\/pub\/media\/documents\/t45-poe\/25_Hardware-Guide-WatchGuard-Firebox-T45-PoE.pdf\n\">Hardware-Guide-WatchGuard-Firebox-T45-PoE.pdf<\/a><\/li><li><a href=\"\/pub\/media\/documents\/t145\/25_Hardware-Guide-WatchGuard-Firebox-T145.pdf\n\">Hardware-Guide-WatchGuard-Firebox-T145.pdf<\/a><\/li><li><a href=\"\/pub\/media\/documents\/t80\/25_Hardware-Guide-WatchGuard-Firebox-T80.pdf\n\">Hardware-Guide-WatchGuard-Firebox-T80.pdf<\/a><\/li><li><a href=\"\/pub\/media\/documents\/t35-r\/25_Hardware-Guide-WatchGuard-Firebox-T35-R.pdf\n\">Hardware-Guide-WatchGuard-Firebox-T35-R.pdf<\/a><\/li>\n        \n<\/ul>\n<h3>WatchGuard Access Points<\/h3>\nDatenbl\u00e4tter\n<ul>\n        <li><a href=\"\/pub\/media\/documents\/ap322\/20_Datenblatt-WatchGuard-AP322.pdf\n\">Datenblatt-WatchGuard-AP322.pdf<\/a><\/li><li><a href=\"\/pub\/media\/documents\/ap330\/20_Datenblatt-WatchGuard-AP330.pdf\n\">Datenblatt-WatchGuard-AP330.pdf<\/a><\/li><li><a href=\"\/pub\/media\/documents\/ap130\/20_Datenblatt-WatchGuard-AP130.pdf\n\">Datenblatt-WatchGuard-AP130.pdf<\/a><\/li><li><a href=\"\/pub\/media\/documents\/ap325\/20_Datenblatt-WatchGuard-AP325.pdf\n\">Datenblatt-WatchGuard-AP325.pdf<\/a><\/li><li><a href=\"\/pub\/media\/documents\/ap300\/20_Datenblatt-WatchGuard-AP100-AP102-AP300.pdf\n\">Datenblatt-WatchGuard-AP100-AP102-AP300.pdf<\/a><\/li><li><a href=\"\/pub\/media\/documents\/ap230w\/20_Datenblatt-WatchGuard-AP230W.pdf\n\">Datenblatt-WatchGuard-AP230W.pdf<\/a><\/li><li><a href=\"\/pub\/media\/documents\/ap332cr\/20_Datenblatt-WatchGuard-AP332CR.pdf\n\">Datenblatt-WatchGuard-AP332CR.pdf<\/a><\/li><li><a href=\"\/pub\/media\/documents\/ap430cr\/21_Datenblatt-WatchGuard-Rundstrahlantennen-AP327X und AP430CR.pdf\n\">Datenblatt-WatchGuard-Rundstrahlantennen-AP327X und AP430CR.pdf<\/a><\/li><li><a href=\"\/pub\/media\/documents\/ap327x\/20_Datenblatt-WatchGuard-AP327X.pdf\n\">Datenblatt-WatchGuard-AP327X.pdf<\/a><\/li><li><a href=\"\/pub\/media\/documents\/ap430cr\/20_Datenblatt-WatchGuard-AP430CR.pdf\n\">Datenblatt-WatchGuard-AP430CR.pdf<\/a><\/li><li><a href=\"\/pub\/media\/documents\/ap200\/20_Datenblatt-WatchGuard-AP200.pdf\n\">Datenblatt-WatchGuard-AP200.pdf<\/a><\/li><li><a href=\"\/pub\/media\/documents\/ap320\/20_Datenblatt-WatchGuard-AP320.pdf\n\">Datenblatt-WatchGuard-AP320.pdf<\/a><\/li><li><a href=\"\/pub\/media\/documents\/ap420\/20_Datenblatt-WatchGuard-AP420.pdf\n\">Datenblatt-WatchGuard-AP420.pdf<\/a><\/li><li><a href=\"\/pub\/media\/documents\/ap432\/20_Datenblatt-WatchGuard-AP432.pdf\n\">Datenblatt-WatchGuard-AP432.pdf<\/a><\/li><li><a href=\"\/pub\/media\/documents\/ap120\/20_Datenblatt-WatchGuard-AP120.pdf\n\">Datenblatt-WatchGuard-AP120.pdf<\/a><\/li><li><a href=\"\/pub\/media\/documents\/ap225w\/20_Datenblatt-WatchGuard-AP225W.pdf\n\">Datenblatt-WatchGuard-AP225W.pdf<\/a><\/li><li><a href=\"\/pub\/media\/documents\/ap125\/20_Datenblatt-WatchGuard-AP125.pdf\n\">Datenblatt-WatchGuard-AP125.pdf<\/a><\/li>\n<\/ul>\nHardware Guides\n<ul>\n \t<li><a href=\"\/pub\/media\/documents\/ap322\/25_Hardware-Guide-WatchGuard-AP322.pdf\n\">Hardware-Guide-WatchGuard-AP322.pdf<\/a><\/li><li><a href=\"\/pub\/media\/documents\/ap330\/25_Hardware-Guide-WatchGuard-AP330.pdf\n\">Hardware-Guide-WatchGuard-AP330.pdf<\/a><\/li><li><a href=\"\/pub\/media\/documents\/ap130\/25_Hardware-Guide-WatchGuard-AP130.pdf\n\">Hardware-Guide-WatchGuard-AP130.pdf<\/a><\/li><li><a href=\"\/pub\/media\/documents\/ap325\/25_Hardware-Guide-WatchGuard-AP325.pdf\n\">Hardware-Guide-WatchGuard-AP325.pdf<\/a><\/li><li><a href=\"\/pub\/media\/documents\/ap102\/25_Hardware-Guide-WatchGuard-AP102.pdf\n\">Hardware-Guide-WatchGuard-AP102.pdf<\/a><\/li><li><a href=\"\/pub\/media\/documents\/ap230w\/25_Hardware-Guide-WatchGuard-AP230W.pdf\n\">Hardware-Guide-WatchGuard-AP230W.pdf<\/a><\/li><li><a href=\"\/pub\/media\/documents\/ap332cr\/25_Hardware-Guide-WatchGuard-AP332CR.pdf\n\">Hardware-Guide-WatchGuard-AP332CR.pdf<\/a><\/li><li><a href=\"\/pub\/media\/documents\/ap327x\/25_Hardware-Guide-WatchGuard-AP327X.pdf\n\">Hardware-Guide-WatchGuard-AP327X.pdf<\/a><\/li><li><a href=\"\/pub\/media\/documents\/ap200\/25_Hardware-Guide-WatchGuard-AP100-AP200.pdf\n\">Hardware-Guide-WatchGuard-AP100-AP200.pdf<\/a><\/li><li><a href=\"\/pub\/media\/documents\/ap300\/25_Hardware-Guide-WatchGuard-AP300.pdf\n\">Hardware-Guide-WatchGuard-AP300.pdf<\/a><\/li><li><a href=\"\/pub\/media\/documents\/ap430cr\/25_Hardware-Guide-WatchGuard-AP430CR.pdf\n\">Hardware-Guide-WatchGuard-AP430CR.pdf<\/a><\/li><li><a href=\"\/pub\/media\/documents\/ap320\/25_Hardware-Guide-WatchGuard-AP320.pdf\n\">Hardware-Guide-WatchGuard-AP320.pdf<\/a><\/li><li><a href=\"\/pub\/media\/documents\/ap420\/25_Hardware-Guide-WatchGuard-AP420.pdf\n\">Hardware-Guide-WatchGuard-AP420.pdf<\/a><\/li><li><a href=\"\/pub\/media\/documents\/ap432\/25_Hardware-Guide-WatchGuard-AP432.pdf\n\">Hardware-Guide-WatchGuard-AP432.pdf<\/a><\/li><li><a href=\"\/pub\/media\/documents\/ap120\/25_Hardware-Guide-WatchGuard-AP120.pdf\n\">Hardware-Guide-WatchGuard-AP120.pdf<\/a><\/li><li><a href=\"\/pub\/media\/documents\/ap225w\/25_Hardware-Guide-WatchGuard-AP225W.pdf\n\">Hardware-Guide-WatchGuard-AP225W.pdf<\/a><\/li><li><a href=\"\/pub\/media\/documents\/ap125\/25_Hardware-Guide-WatchGuard-AP125.pdf\n\">Hardware-Guide-WatchGuard-AP125.pdf<\/a><\/li>\n<\/ul><\/div>\n<\/div><\/div><\/div><div id=\"pgc-852-1-1\"  class=\"panel-grid-cell\" ><div id=\"panel-852-1-1-0\" class=\"so-panel widget widget_sow-editor panel-first-child panel-last-child\" data-index=\"2\" ><div\n\t\t\t\n\t\t\tclass=\"so-widget-sow-editor so-widget-sow-editor-base\"\n\t\t\t\n\t\t>\n<div class=\"siteorigin-widget-tinymce textwidget\">\n\t<h3>Weitere Datenbl\u00e4tter<\/h3>\n<ul>\n<li><a href=\"https:\/\/www.boc.de\/pub\/media\/documents\/general\/35_WatchGuard-Firebox-Produktmatrix.pdf\" target=\"_blank\" rel=\"noopener\">WatchGuard Produktmatrix<\/a><\/li>\n<li><a href=\"https:\/\/www.boc.de\/pub\/media\/documents\/passport\/20_Datenblatt-WatchGuard-Passport.pdf\" target=\"_pdf\" rel=\"noopener\">Datenblatt WatchGuard Passport<\/a><\/li>\n<li><a href=\"https:\/\/www.boc.de\/pub\/media\/documents\/authpointtotalidentitysecurity\/20_Datenblatt-WatchGuard-AuthPoint-Total-Identity-Security.pdf\" target=\"_pdf\" rel=\"noopener\">Datenblatt WatchGuard AuthPoint Total Identity Security<\/a><\/li>\n<li><a href=\"https:\/\/www.boc.de\/pub\/media\/documents\/authpoint\/20_Datenblatt-WatchGuard-AuthPoint.pdf\" target=\"_pdf\" rel=\"noopener\">Datenblatt WatchGuard AuthPoint<\/a><\/li>\n<li><a href=\"https:\/\/www.boc.de\/pub\/media\/documents\/dnswatchgo\/20_Datenblatt-WatchGuard-DNSWatchGO.pdf\" target=\"_pdf\" rel=\"noopener\">Datenblatt WatchGuard DNSWatch<\/a><\/li>\n<li><a href=\"https:\/\/www.boc.de\/pub\/media\/documents\/epdr\/20_Datenblatt-WatchGuard-EPDR.pdf\" target=\"_pdf\" rel=\"noopener\">Datenblatt WatchGuard EPDR<\/a><\/li>\n<li><a href=\"https:\/\/www.boc.de\/pub\/media\/documents\/advancedepdr\/20_Datenblatt-WatchGuard-Advanced-EPDR.pdf\" target=\"_pdf\" rel=\"noopener\">Datenblatt WatchGuard Advanced EPDR<\/a><\/li>\n<li><a href=\"https:\/\/www.boc.de\/pub\/media\/documents\/edr\/20_Datenblatt-WatchGuard-EDR.pdf\" target=\"_pdf\" rel=\"noopener\">Datenblatt WatchGuard EDR<\/a><\/li>\n<li><a href=\"https:\/\/www.boc.de\/pub\/media\/documents\/epp\/20_Datenblatt-WatchGuard-EPP.pdf\" target=\"_pdf\" rel=\"noopener\">Datenblatt WatchGuard EPP<\/a><\/li>\n<li><a href=\"https:\/\/www.boc.de\/pub\/media\/documents\/ap130\/98_Datenblatt-WatchGuard-Cloud.pdf\" target=\"_pdf\" rel=\"noopener\">Datenblatt WatchGuard Cloud<\/a><\/li>\n<li><a href=\"https:\/\/www.boc.de\/watchguard-info-portal\/wp-content\/uploads\/2019\/04\/Datasheet_Cloud_Visibility_A4-DE.pdf\" target=\"_pdf\" rel=\"noopener\">Datenblatt WatchGuard Cloud Visibility<\/a><\/li>\n<li><a href=\"https:\/\/www.boc.de\/watchguard-info-portal\/wp-content\/uploads\/2016\/06\/Datenblatt-WatchGuard-APT-Blocker.pdf\" target=\"_pdf\" rel=\"noopener\">Datenblatt WatchGuard APT Blocker<\/a><\/li>\n<li><a href=\"https:\/\/www.boc.de\/watchguard-info-portal\/wp-content\/uploads\/2016\/06\/Datenblatt-WatchGuard-DLP-englisch.pdf\" target=\"_pdf\" rel=\"noopener\">Datenblatt WatchGuard DLP (englisch)<\/a><\/li>\n<li><a href=\"https:\/\/www.boc.de\/pub\/media\/documents\/general\/60_Datenblatt-WatchGuard-Dimension.pdf\" target=\"_pdf\" rel=\"noopener\">Datenblatt WatchGuard Dimension<\/a><\/li>\n<li><a href=\"https:\/\/www.boc.de\/watchguard-info-portal\/wp-content\/uploads\/2018\/06\/TDR_Datenblatt_DE.pdf\" target=\"_pdf\" rel=\"noopener\">Datenblatt WatchGuard TDR<\/a><\/li>\n<li><a href=\"https:\/\/www.boc.de\/watchguard-info-portal\/wp-content\/uploads\/2017\/02\/Datasheet_Host_Sensor_DE.pdf\" target=\"_pdf\" rel=\"noopener\">Datenblatt WatchGuard Host Sensor<\/a><\/li>\n<li><a href=\"https:\/\/www.boc.de\/watchguard-info-portal\/wp-content\/uploads\/2023\/05\/Datenblatt_ThreatSync_DE.pdf\" target=\"_pdf\" rel=\"noopener\">Datenblatt WatchGuard ThreatSync<\/a><\/li>\n<\/ul>\n<\/div>\n<\/div><\/div><\/div><\/div><\/div>","protected":false},"excerpt":{"rendered":"<p>WatchGuard Produkt Datenbl\u00e4tter Hier finden Sie die aktuellen WatchGuard Produkt Datenbl\u00e4tter als PDF zum Herunterladen. WatchGuard Firebox Datenbl\u00e4tter Hardware Guides WatchGuard Access Points Datenbl\u00e4tter Hardware Guides Weitere Datenbl\u00e4tter WatchGuard Produktmatrix Datenblatt WatchGuard Passport Datenblatt WatchGuard AuthPoint Total Identity Security Datenblatt WatchGuard AuthPoint Datenblatt WatchGuard DNSWatch Datenblatt WatchGuard EPDR Datenblatt WatchGuard Advanced EPDR Datenblatt WatchGuard EDR Datenblatt WatchGuard EPP Datenblatt WatchGuard Cloud Datenblatt WatchGuard Cloud Visibility &hellip; <a href=\"https:\/\/wordpress.boc.de\/watchguard-info-portal\/produktinfos\/watchguard-produkt-datenblaetter\/\" class=\"more-link\">Weiterlesen <span class=\"screen-reader-text\">WatchGuard Produkt Datenbl\u00e4tter<\/span> <span class=\"meta-nav\">&raquo;<\/span><\/a><\/p>\n","protected":false},"author":2,"featured_media":0,"parent":24,"menu_order":0,"comment_status":"closed","ping_status":"closed","template":"","meta":{"footnotes":""},"class_list":["post-852","page","type-page","status-publish","hentry"],"_links":{"self":[{"href":"https:\/\/wordpress.boc.de\/watchguard-info-portal\/wp-json\/wp\/v2\/pages\/852"}],"collection":[{"href":"https:\/\/wordpress.boc.de\/watchguard-info-portal\/wp-json\/wp\/v2\/pages"}],"about":[{"href":"https:\/\/wordpress.boc.de\/watchguard-info-portal\/wp-json\/wp\/v2\/types\/page"}],"author":[{"embeddable":true,"href":"https:\/\/wordpress.boc.de\/watchguard-info-portal\/wp-json\/wp\/v2\/users\/2"}],"replies":[{"embeddable":true,"href":"https:\/\/wordpress.boc.de\/watchguard-info-portal\/wp-json\/wp\/v2\/comments?post=852"}],"version-history":[{"count":109,"href":"https:\/\/wordpress.boc.de\/watchguard-info-portal\/wp-json\/wp\/v2\/pages\/852\/revisions"}],"predecessor-version":[{"id":24735,"href":"https:\/\/wordpress.boc.de\/watchguard-info-portal\/wp-json\/wp\/v2\/pages\/852\/revisions\/24735"}],"up":[{"embeddable":true,"href":"https:\/\/wordpress.boc.de\/watchguard-info-portal\/wp-json\/wp\/v2\/pages\/24"}],"wp:attachment":[{"href":"https:\/\/wordpress.boc.de\/watchguard-info-portal\/wp-json\/wp\/v2\/media?parent=852"}],"curies":[{"name":"wp","href":"https:\/\/api.w.org\/{rel}","templated":true}]}}