{"id":7689,"date":"2019-08-01T14:59:52","date_gmt":"2019-08-01T12:59:52","guid":{"rendered":"https:\/\/www.boc.de\/watchguard-info-portal\/?page_id=7689"},"modified":"2024-04-18T13:54:32","modified_gmt":"2024-04-18T11:54:32","slug":"authpoint-demo-sso-portal","status":"publish","type":"page","link":"https:\/\/wordpress.boc.de\/watchguard-info-portal\/produktinfos\/authpoint-demo-sso-portal\/","title":{"rendered":"AuthPoint-Demo SSO-Portal"},"content":{"rendered":"<h4>Richten Sie ein sicheres SSO (Single Sign-On)-Portal ein<\/h4>\n<p>Die Kombination von AuthPoint und Secure SSO bietet Unternehmen eine komfortable und sichere M\u00f6glichkeit, Cyber-Angriffe zu verhindern. Es erleichtert Benutzern die Anmeldung, vereinfacht die Verwaltung von Anmeldeinformationen f\u00fcr IT-Administratoren und erm\u00f6glicht Ihnen zu bestimmen, welche Benutzer auf welche Ressourcen zugreifen k\u00f6nnen. In nur wenigen Schritten k\u00f6nnen Sie ein SSO-Portal erstellen und anschlie\u00dfend die Cloud-Apps Ihrer Wahl hinzuf\u00fcgen.<\/p>\n<p>Sollte im Folgenden die interaktive AuthPoint-Demo aufgrund von nicht akzeptierten Cookies nicht angezeigt werden, k\u00f6nnen Sie sie\u00a0<a href=\"https:\/\/marvelapp.com\/60dga48\/screen\/59167914\" target=\"_blank\" rel=\"noopener noreferrer\">hier ansehen<\/a>.<\/p>\n<div style=\"overflow: hidden;\">\n<div style=\"width: 100%; margin-left: -2px; margin-top: -2px;\"><iframe loading=\"lazy\" title=\"AuthPoint-Demo SSO-Portal\" src=\"https:\/\/marvelapp.com\/60dga48\/screen\/59167914\" name=\"AuthPoint-Demo SSO-Portal\" width=\"100%\" height=\"900\" frameborder=\"0\"><\/iframe><\/div>\n<\/div>\n","protected":false},"excerpt":{"rendered":"<p>Richten Sie ein sicheres SSO (Single Sign-On)-Portal ein Die Kombination von AuthPoint und Secure SSO bietet Unternehmen eine komfortable und sichere M\u00f6glichkeit, Cyber-Angriffe zu verhindern. Es erleichtert Benutzern die Anmeldung, vereinfacht die Verwaltung von Anmeldeinformationen f\u00fcr IT-Administratoren und erm\u00f6glicht Ihnen zu bestimmen, welche Benutzer auf welche Ressourcen zugreifen k\u00f6nnen. In nur wenigen Schritten k\u00f6nnen Sie ein SSO-Portal erstellen und anschlie\u00dfend die Cloud-Apps Ihrer Wahl hinzuf\u00fcgen. &hellip; <a href=\"https:\/\/wordpress.boc.de\/watchguard-info-portal\/produktinfos\/authpoint-demo-sso-portal\/\" class=\"more-link\">Weiterlesen <span class=\"screen-reader-text\">AuthPoint-Demo SSO-Portal<\/span> <span class=\"meta-nav\">&raquo;<\/span><\/a><\/p>\n","protected":false},"author":4,"featured_media":0,"parent":24,"menu_order":0,"comment_status":"closed","ping_status":"closed","template":"page-templates\/full-width.php","meta":{"footnotes":""},"class_list":["post-7689","page","type-page","status-publish","hentry"],"_links":{"self":[{"href":"https:\/\/wordpress.boc.de\/watchguard-info-portal\/wp-json\/wp\/v2\/pages\/7689"}],"collection":[{"href":"https:\/\/wordpress.boc.de\/watchguard-info-portal\/wp-json\/wp\/v2\/pages"}],"about":[{"href":"https:\/\/wordpress.boc.de\/watchguard-info-portal\/wp-json\/wp\/v2\/types\/page"}],"author":[{"embeddable":true,"href":"https:\/\/wordpress.boc.de\/watchguard-info-portal\/wp-json\/wp\/v2\/users\/4"}],"replies":[{"embeddable":true,"href":"https:\/\/wordpress.boc.de\/watchguard-info-portal\/wp-json\/wp\/v2\/comments?post=7689"}],"version-history":[{"count":11,"href":"https:\/\/wordpress.boc.de\/watchguard-info-portal\/wp-json\/wp\/v2\/pages\/7689\/revisions"}],"predecessor-version":[{"id":20232,"href":"https:\/\/wordpress.boc.de\/watchguard-info-portal\/wp-json\/wp\/v2\/pages\/7689\/revisions\/20232"}],"up":[{"embeddable":true,"href":"https:\/\/wordpress.boc.de\/watchguard-info-portal\/wp-json\/wp\/v2\/pages\/24"}],"wp:attachment":[{"href":"https:\/\/wordpress.boc.de\/watchguard-info-portal\/wp-json\/wp\/v2\/media?parent=7689"}],"curies":[{"name":"wp","href":"https:\/\/api.w.org\/{rel}","templated":true}]}}