{"id":7684,"date":"2019-08-01T14:56:30","date_gmt":"2019-08-01T12:56:30","guid":{"rendered":"https:\/\/www.boc.de\/watchguard-info-portal\/?page_id=7684"},"modified":"2024-04-18T13:58:08","modified_gmt":"2024-04-18T11:58:08","slug":"authpoint-demo-logon-app","status":"publish","type":"page","link":"https:\/\/wordpress.boc.de\/watchguard-info-portal\/produktinfos\/authpoint-demo-logon-app\/","title":{"rendered":"AuthPoint-Demo Logon App"},"content":{"rendered":"<h4>Sch\u00fctzen Sie die PC- oder Mac-Anmeldungen Ihrer Mitarbeiter<\/h4>\n<p>Durch das Hinzuf\u00fcgen der Multifaktor-Authentifizierung von AuthPoint k\u00f6nnen Sie auch die Laptops Ihrer Mitarbeiter sichern, um vertrauliche Informationen auf diesen Ger\u00e4ten besser zu sch\u00fctzen. Der Vorgang ist einfach: Konfigurieren Sie die Logon-App, laden Sie sie herunter und installieren Sie sie dann auf den Laptops, die Sie sch\u00fctzen m\u00f6chten.<\/p>\n<p>Sollte im Folgenden die interaktive AuthPoint-Demo aufgrund von nicht akzeptierten Cookies nicht angezeigt werden, k\u00f6nnen Sie sie <a href=\"https:\/\/marvelapp.com\/60dga48\/screen\/58277230\" target=\"_blank\" rel=\"noopener noreferrer\">hier ansehen<\/a>.<\/p>\n<div style=\"overflow: hidden;\">\n<div style=\"width: 100%; margin-left: -2px; margin-top: -2px;\"><iframe loading=\"lazy\" title=\"AuthPoint-Demo Logon App\" src=\"https:\/\/marvelapp.com\/60dga48\/screen\/58277230\" name=\"AuthPoint-Demo Logon App\" width=\"100%\" height=\"900px\" frameborder=\"0\" scrolling=\"no\"><\/iframe><\/div>\n<\/div>\n","protected":false},"excerpt":{"rendered":"<p>Sch\u00fctzen Sie die PC- oder Mac-Anmeldungen Ihrer Mitarbeiter Durch das Hinzuf\u00fcgen der Multifaktor-Authentifizierung von AuthPoint k\u00f6nnen Sie auch die Laptops Ihrer Mitarbeiter sichern, um vertrauliche Informationen auf diesen Ger\u00e4ten besser zu sch\u00fctzen. Der Vorgang ist einfach: Konfigurieren Sie die Logon-App, laden Sie sie herunter und installieren Sie sie dann auf den Laptops, die Sie sch\u00fctzen m\u00f6chten. Sollte im Folgenden die interaktive AuthPoint-Demo aufgrund von nicht &hellip; <a href=\"https:\/\/wordpress.boc.de\/watchguard-info-portal\/produktinfos\/authpoint-demo-logon-app\/\" class=\"more-link\">Weiterlesen <span class=\"screen-reader-text\">AuthPoint-Demo Logon App<\/span> <span class=\"meta-nav\">&raquo;<\/span><\/a><\/p>\n","protected":false},"author":4,"featured_media":0,"parent":24,"menu_order":0,"comment_status":"closed","ping_status":"closed","template":"page-templates\/full-width.php","meta":{"footnotes":""},"class_list":["post-7684","page","type-page","status-publish","hentry"],"_links":{"self":[{"href":"https:\/\/wordpress.boc.de\/watchguard-info-portal\/wp-json\/wp\/v2\/pages\/7684"}],"collection":[{"href":"https:\/\/wordpress.boc.de\/watchguard-info-portal\/wp-json\/wp\/v2\/pages"}],"about":[{"href":"https:\/\/wordpress.boc.de\/watchguard-info-portal\/wp-json\/wp\/v2\/types\/page"}],"author":[{"embeddable":true,"href":"https:\/\/wordpress.boc.de\/watchguard-info-portal\/wp-json\/wp\/v2\/users\/4"}],"replies":[{"embeddable":true,"href":"https:\/\/wordpress.boc.de\/watchguard-info-portal\/wp-json\/wp\/v2\/comments?post=7684"}],"version-history":[{"count":22,"href":"https:\/\/wordpress.boc.de\/watchguard-info-portal\/wp-json\/wp\/v2\/pages\/7684\/revisions"}],"predecessor-version":[{"id":20236,"href":"https:\/\/wordpress.boc.de\/watchguard-info-portal\/wp-json\/wp\/v2\/pages\/7684\/revisions\/20236"}],"up":[{"embeddable":true,"href":"https:\/\/wordpress.boc.de\/watchguard-info-portal\/wp-json\/wp\/v2\/pages\/24"}],"wp:attachment":[{"href":"https:\/\/wordpress.boc.de\/watchguard-info-portal\/wp-json\/wp\/v2\/media?parent=7684"}],"curies":[{"name":"wp","href":"https:\/\/api.w.org\/{rel}","templated":true}]}}