{"id":7673,"date":"2019-08-01T15:05:07","date_gmt":"2019-08-01T13:05:07","guid":{"rendered":"https:\/\/www.boc.de\/watchguard-info-portal\/?page_id=7673"},"modified":"2024-04-18T13:57:10","modified_gmt":"2024-04-18T11:57:10","slug":"authpoint-demo-pc-login","status":"publish","type":"page","link":"https:\/\/wordpress.boc.de\/watchguard-info-portal\/produktinfos\/authpoint-demo-pc-login\/","title":{"rendered":"AuthPoint-Demo PC Login"},"content":{"rendered":"<h4>Melden Sie sich mit AuthPoint sicher an Ihrem PC an<\/h4>\n<p>Ihr standardm\u00e4\u00dfiger Login mit Benutzernamen und Passwort wird mit einem zweiten Faktor von AuthPoint gesch\u00fctzt. Nachdem Sie Ihre \u00fcblichen Login-Daten eingegeben haben m\u00fcssen Sie sich bei AuthPoint authentifizieren, indem Sie eine der drei Authentifizierungsmethoden ausw\u00e4hlen: Push-Benachrichtigung, QR-Code oder ein Einmalpasswort.<\/p>\n<p>Sollte im Folgenden die interaktive AuthPoint-Demo aufgrund von nicht akzeptierten Cookies nicht angezeigt werden, k\u00f6nnen Sie sie <a href=\"https:\/\/marvelapp.com\/prototype\/60dga48\/screen\/58321520\" target=\"_blank\" rel=\"noopener noreferrer\">hier ansehen<\/a>.<\/p>\n<div style=\"overflow: hidden;\">\n<div style=\"width: 100%; margin-left: -2px; margin-top: -2px;\"><iframe loading=\"lazy\" title=\"AuthPoint-Demo PC Login\" src=\"https:\/\/marvelapp.com\/prototype\/60dga48\/screen\/58321520\" name=\"AuthPoint-Demo PC Login\" width=\"100%\" height=\"900\" frameborder=\"0\"><\/iframe><\/div>\n<\/div>\n","protected":false},"excerpt":{"rendered":"<p>Melden Sie sich mit AuthPoint sicher an Ihrem PC an Ihr standardm\u00e4\u00dfiger Login mit Benutzernamen und Passwort wird mit einem zweiten Faktor von AuthPoint gesch\u00fctzt. Nachdem Sie Ihre \u00fcblichen Login-Daten eingegeben haben m\u00fcssen Sie sich bei AuthPoint authentifizieren, indem Sie eine der drei Authentifizierungsmethoden ausw\u00e4hlen: Push-Benachrichtigung, QR-Code oder ein Einmalpasswort. Sollte im Folgenden die interaktive AuthPoint-Demo aufgrund von nicht akzeptierten Cookies nicht angezeigt werden, k\u00f6nnen &hellip; <a href=\"https:\/\/wordpress.boc.de\/watchguard-info-portal\/produktinfos\/authpoint-demo-pc-login\/\" class=\"more-link\">Weiterlesen <span class=\"screen-reader-text\">AuthPoint-Demo PC Login<\/span> <span class=\"meta-nav\">&raquo;<\/span><\/a><\/p>\n","protected":false},"author":4,"featured_media":0,"parent":24,"menu_order":0,"comment_status":"closed","ping_status":"closed","template":"page-templates\/full-width.php","meta":{"footnotes":""},"class_list":["post-7673","page","type-page","status-publish","hentry"],"_links":{"self":[{"href":"https:\/\/wordpress.boc.de\/watchguard-info-portal\/wp-json\/wp\/v2\/pages\/7673"}],"collection":[{"href":"https:\/\/wordpress.boc.de\/watchguard-info-portal\/wp-json\/wp\/v2\/pages"}],"about":[{"href":"https:\/\/wordpress.boc.de\/watchguard-info-portal\/wp-json\/wp\/v2\/types\/page"}],"author":[{"embeddable":true,"href":"https:\/\/wordpress.boc.de\/watchguard-info-portal\/wp-json\/wp\/v2\/users\/4"}],"replies":[{"embeddable":true,"href":"https:\/\/wordpress.boc.de\/watchguard-info-portal\/wp-json\/wp\/v2\/comments?post=7673"}],"version-history":[{"count":30,"href":"https:\/\/wordpress.boc.de\/watchguard-info-portal\/wp-json\/wp\/v2\/pages\/7673\/revisions"}],"predecessor-version":[{"id":20234,"href":"https:\/\/wordpress.boc.de\/watchguard-info-portal\/wp-json\/wp\/v2\/pages\/7673\/revisions\/20234"}],"up":[{"embeddable":true,"href":"https:\/\/wordpress.boc.de\/watchguard-info-portal\/wp-json\/wp\/v2\/pages\/24"}],"wp:attachment":[{"href":"https:\/\/wordpress.boc.de\/watchguard-info-portal\/wp-json\/wp\/v2\/media?parent=7673"}],"curies":[{"name":"wp","href":"https:\/\/api.w.org\/{rel}","templated":true}]}}