{"id":71,"date":"2016-05-12T14:58:40","date_gmt":"2016-05-12T12:58:40","guid":{"rendered":"https:\/\/www.boc.de\/watchguard-info-portal\/?page_id=71"},"modified":"2024-05-14T14:43:32","modified_gmt":"2024-05-14T12:43:32","slug":"watchguard-management-server","status":"publish","type":"page","link":"https:\/\/wordpress.boc.de\/watchguard-info-portal\/produktinfos\/watchguard-management-server\/","title":{"rendered":"WatchGuard Management Server"},"content":{"rendered":"<h2><strong>WatchGuard Management Server<\/strong><\/h2>\n<p>Der WatchGuard Management Server erm\u00f6glicht die zentralisierte Verwaltung\u00a0von mehreren WatchGuard Fireboxen \u00fcber ein gemeinsames Admin-Login. Weiterhin k\u00f6nnen auch BOVPN-Tunnel (Standort-VPN-Verbindungen) \u00fcber den WatchGuard Management Server angelegt und zentral verwaltet werden.<\/p>\n<p><img decoding=\"async\" src=\"https:\/\/www.boc.de\/watchguard-info-portal\/wp-content\/uploads\/2016\/05\/management-server-768x742.png\" alt=\"WatchGuard Management Server\" \/><\/p>\n<h3>Zentralisierte Benutzer- und Rechte-Verwaltung<\/h3>\n<p>Die Firewall-Kennw\u00f6rter f\u00fcr die Standard-Admin-Benutzer &#8220;status&#8221; und &#8220;admin&#8221; werden im Management-Server hinterlegt. Neue, zus\u00e4tzliche Firewall-Administratoren k\u00f6nnen sehr einfach auf Personenbasis angelegt und mit Berechtigungen versehen werden. Auch die Verwendung von Active Directory Benutzerkonten ist m\u00f6glich. Den Administratoren oder Gruppen werden Rollen zugewiesen; hier k\u00f6nnen gezielt Berechtigungen zur ausschlie\u00dflichen Verwaltung von einzelnen Firewalls oder Gruppen von mehreren Firewalls erteilt werden. Die jeweiligen Administratoren m\u00fcssen dann nicht mehr die lesenden oder schreibenden Kennw\u00f6rter der Firewalls kennen, da Sie sich mit ihrem personenbezogenen Benutzerkonto am Management Server anmelden. Ein entsprechendes Audit-f\u00e4higes Logging rundet den Server ab.<\/p>\n<h3>Installation<\/h3>\n<p>Der WatchGuard Management Server wird auf einem Windows-Server installiert. Die Software ist im Download der &#8220;WatchGuard System Manager (WSM)&#8221;-Software unter <a href=\"https:\/\/software.watchguard.com\" target=\"_blank\" rel=\"noopener noreferrer\">https:\/\/software.watchguard.com<\/a> enthalten. Wenn Sie bereits eine fertige Installation des &#8220;WatchGuard System Managers&#8221; haben, rufen Sie den WSMxxx.exe Installer ein weiteres Mal auf. So gelangen Sie an die Stelle, an der Sie das H\u00e4kchen f\u00fcr den &#8220;Management Server&#8221; setzen k\u00f6nnen. Nach der Installation erfolgt noch die Konfiguration \u00fcber das &#8220;WatchGuard Server Center&#8221; (Systray-Icon rechts unten). Nach der Konfiguration k\u00f6nnen Sie sich \u00fcber den regul\u00e4ren &#8220;WatchGuard System Manager&#8221; an dem Management Server anmelden. Verwenden Sie nun statt des bisher \u00fcblichen &#8220;Connect to Device&#8221; =&gt; &#8220;Connect to Server&#8221;, wobei als IP-Adresse die IP des Windows-Servers anzugeben ist, auf dem der Management Server installiert wurde. Wenn Sie noch keine weiteren Administratoren angelegt haben, ist der Login-Name &#8220;admin&#8221; und das Kennwort, welches Sie bei der Installation der &#8220;WatchGuard System Manager&#8221; Software angegeben haben.<\/p>\n<h3>Lizensierung<\/h3>\n<p>Der WatchGuard Management Server wird separat lizensiert. Bei allen gr\u00f6\u00dferen WatchGuard Appliances ist standardm\u00e4\u00dfig eine erste, kostenfreie Lizenz f\u00fcr 4 Standorte enthalten. Diese wird bei Aktivierung der Appliance automatisch erzeugt und im Hintergrund in Ihrem Account bereitgestellt. Weitere Standorte k\u00f6nnen (kostenpflichtig) auf der Produktseite <a href=\"https:\/\/www.boc.de\/zentralisiertes-management.html\" target=\"_blank\" rel=\"noopener noreferrer\">Zentralisiertes Management<\/a> in 5er, 25er, 50er und 100er Schritten dazu lizensiert werden (SKUs <a href=\"https:\/\/www.boc.de\/watchguard-system-manager-5-weitere-devices.html\" target=\"_blank\" rel=\"noopener noreferrer\">WG017256<\/a>, <a href=\"https:\/\/www.boc.de\/watchguard-system-manager-25-weitere-devices.html\" target=\"_blank\" rel=\"noopener noreferrer\">WG017257<\/a>, <a href=\"https:\/\/www.boc.de\/watchguard-system-manager-50-devices-upgrade.html\" target=\"_blank\" rel=\"noopener noreferrer\">WG017258<\/a> und <a href=\"https:\/\/www.boc.de\/watchguard-system-manager-100-device-upgrade.html\" target=\"_blank\" rel=\"noopener noreferrer\">WG017259<\/a>).<\/p>\n<p>Hier zeigen wir Ihnen, wie\/wo Sie Ihre m\u00f6glicherweise schon vorhandenen Management Server Lizenzen finden k\u00f6nnen. Die Lizenznummer(n) m\u00fcssen bei der Installation bzw. Konfiguration des Management Servers angegeben werden:<\/p>\n<ol>\n<li>Melden Sie sich an Ihrem Account auf der WatchGuard Webseite an.<\/li>\n<li>Gehen Sie im Support Center unter &#8220;My WatchGuard&#8221; zu &#8220;Manage Products&#8221;.<\/li>\n<li>Anschlie\u00dfend gehen Sie unter &#8220;Network Security&#8221; zu &#8220;View Products&#8221; und w\u00e4hlen im Tab &#8220;WatchGuard System Manager&#8221; aus:<\/li>\n<\/ol>\n<figure><img loading=\"lazy\" decoding=\"async\" class=\"wp-image-1724 size-full\" src=\"https:\/\/www.boc.de\/watchguard-info-portal\/wp-content\/uploads\/2016\/05\/watchguard-management-server-lizenzen-1.jpg\" alt=\"WatchGuard Management Server Lizenzen 1\" width=\"754\" height=\"363\" \/><figcaption>Sie k\u00f6nnen nur genau EINE Lizenz verwenden, die mit &#8220;WSMMGR-&#8221; anf\u00e4ngt. Ein Firebox Active\/Passive Firecluster bestehend aus 2 Ger\u00e4ten ben\u00f6tigt nur eine Lizenz. Mit weiteren WSMUPGRADE-Lizenzen lie\u00dfe sich ein WatchGuard Management Server betreiben, an dem entsprechend viele Standorte angekoppelt werden k\u00f6nnen (Bsp: 7 x 5\u00a0 Lizenzen plus 4 Lizenzen = 39 Standorte).<\/figcaption><\/figure>\n","protected":false},"excerpt":{"rendered":"<p>WatchGuard Management Server Der WatchGuard Management Server erm\u00f6glicht die zentralisierte Verwaltung\u00a0von mehreren WatchGuard Fireboxen \u00fcber ein gemeinsames Admin-Login. Weiterhin k\u00f6nnen auch BOVPN-Tunnel (Standort-VPN-Verbindungen) \u00fcber den WatchGuard Management Server angelegt und zentral verwaltet werden. Zentralisierte Benutzer- und Rechte-Verwaltung Die Firewall-Kennw\u00f6rter f\u00fcr die Standard-Admin-Benutzer &#8220;status&#8221; und &#8220;admin&#8221; werden im Management-Server hinterlegt. Neue, zus\u00e4tzliche Firewall-Administratoren k\u00f6nnen sehr einfach auf Personenbasis angelegt und mit Berechtigungen versehen werden. Auch die &hellip; <a href=\"https:\/\/wordpress.boc.de\/watchguard-info-portal\/produktinfos\/watchguard-management-server\/\" class=\"more-link\">Weiterlesen <span class=\"screen-reader-text\">WatchGuard Management Server<\/span> <span class=\"meta-nav\">&raquo;<\/span><\/a><\/p>\n","protected":false},"author":3,"featured_media":0,"parent":24,"menu_order":0,"comment_status":"closed","ping_status":"closed","template":"","meta":{"footnotes":""},"class_list":["post-71","page","type-page","status-publish","hentry"],"_links":{"self":[{"href":"https:\/\/wordpress.boc.de\/watchguard-info-portal\/wp-json\/wp\/v2\/pages\/71"}],"collection":[{"href":"https:\/\/wordpress.boc.de\/watchguard-info-portal\/wp-json\/wp\/v2\/pages"}],"about":[{"href":"https:\/\/wordpress.boc.de\/watchguard-info-portal\/wp-json\/wp\/v2\/types\/page"}],"author":[{"embeddable":true,"href":"https:\/\/wordpress.boc.de\/watchguard-info-portal\/wp-json\/wp\/v2\/users\/3"}],"replies":[{"embeddable":true,"href":"https:\/\/wordpress.boc.de\/watchguard-info-portal\/wp-json\/wp\/v2\/comments?post=71"}],"version-history":[{"count":30,"href":"https:\/\/wordpress.boc.de\/watchguard-info-portal\/wp-json\/wp\/v2\/pages\/71\/revisions"}],"predecessor-version":[{"id":20520,"href":"https:\/\/wordpress.boc.de\/watchguard-info-portal\/wp-json\/wp\/v2\/pages\/71\/revisions\/20520"}],"up":[{"embeddable":true,"href":"https:\/\/wordpress.boc.de\/watchguard-info-portal\/wp-json\/wp\/v2\/pages\/24"}],"wp:attachment":[{"href":"https:\/\/wordpress.boc.de\/watchguard-info-portal\/wp-json\/wp\/v2\/media?parent=71"}],"curies":[{"name":"wp","href":"https:\/\/api.w.org\/{rel}","templated":true}]}}