{"id":5854,"date":"2020-03-18T18:12:18","date_gmt":"2020-03-18T17:12:18","guid":{"rendered":"https:\/\/www.boc.de\/watchguard-info-portal\/?page_id=5854"},"modified":"2025-12-03T12:47:14","modified_gmt":"2025-12-03T11:47:14","slug":"microsoft-endpoints","status":"publish","type":"page","link":"https:\/\/wordpress.boc.de\/watchguard-info-portal\/allgemeines\/microsoft-endpoints\/","title":{"rendered":"Microsoft Endpoints"},"content":{"rendered":"<h2><strong>Microsoft Endpoints f\u00fcr Office365<\/strong><\/h2>\n<div style=\"border: 3px solid red; padding: 20px 20px 0px 20px; border-radius: 15px;\">\n<p>Seit Firmware v12.10 gibt es einen neuen \u201eMicrosoft365\u201c-Alias im Fireware Policy Manager. Die hinterlegte Liste mit DNS und IP-Adressen basiert auf folgendem Link, der von Microsoft gepflegt wird:<\/p>\n<p><a href=\"https:\/\/learn.microsoft.com\/en-us\/microsoft-365\/enterprise\/urls-and-ip-address-ranges?view=o365-worldwide&amp;redirectSourcePath=%252fen-us%252farticle%252fOffice-365-URLs-and-IP-address-ranges-8548a211-3fe7-47cb-abb1-355ea5aa88a2\" target=\"_blank\" rel=\"noopener noreferrer\">https:\/\/learn.microsoft.com\/en-us\/microsoft-365\/enterprise\/urls-and-ip-address-ranges?view=o365-worldwide&amp;redirectSourcePath=%252fen-us%252farticle%252fOffice-365-URLs-and-IP-address-ranges-8548a211-3fe7-47cb-abb1-355ea5aa88a2<\/a><\/p>\n<p>Weitere Informationen dazu finden Sie in unserem Blog-Artikel <a href=\"https:\/\/www.boc.de\/watchguard-info-portal\/2023\/12\/neuer-microsoft365-alias-in-der-firebox-ab-firmware-v12-10\/\" target=\"_blank\" rel=\"noopener noreferrer\">&gt;&gt; Neuer Microsoft365-Alias in der Firebox ab Firmware v12.10<\/a>.<\/p>\n<\/div>\n<p>&nbsp;<\/p>\n<p>Als Endpoint bezeichnet man eine IP oder Domain bspw. bei Microsoft, die ben\u00f6tigt wird, damit der entsprechende Dienst vern\u00fcnftig l\u00e4uft. In Ihrer WatchGuard sollten Sie nur die Endpoints freigeben, die Sie auch wirklich ben\u00f6tigen. Wenn Sie bspw. kein Skype benutzen, sollten Sie diese Endpoints auch nicht verwenden. In regelm\u00e4\u00dfigen Abst\u00e4nden empfehlen wir Ihnen die aktuellen Domains\/IPs aus unserem unten stehenden Tool herauszukopieren und entsprechend zu aktualisieren, da diese Daten regelm\u00e4\u00dfig synchronisiert werden.<\/p>\n<p>Mit unserem Alias-Generator k\u00f6nnen Sie jetzt ganz bequem immer die aktuellsten Domains\/IPs f\u00fcr verschiedene Microsoft Endpoints rauskopieren und in Ihre WatchGuard integrieren. Mit dabei sind u.a. die Domains\/IPs f\u00fcr:<\/p>\n<ul>\n<li>Exchange Online<\/li>\n<li>Skype for Business Online and Microsoft Teams<\/li>\n<li>SharePoint Online and OneDrive for Business<\/li>\n<li>Microsoft 365 Common and Office Online<\/li>\n<\/ul>\n<h3>Weltweit:<\/h3>\n<p>Exchange Online <a href=\"\/watchguard-info-portal\/data\/W_Exchange.txt\">TXT<\/a> <a href=\"\/watchguard-info-portal\/data\/W_Exchange.zip\">ZIP<\/a><br \/>\nSkype for Business Online and Microsoft Teams <a href=\"\/watchguard-info-portal\/data\/W_Skype.txt\">TXT<\/a> <a href=\"\/watchguard-info-portal\/data\/W_Skype.zip\">ZIP<\/a><br \/>\nSharePoint Online and OneDrive for Business <a href=\"\/watchguard-info-portal\/data\/W_SharePoint.txt\">TXT<\/a> <a href=\"\/watchguard-info-portal\/data\/W_SharePoint.zip\">ZIP<\/a><br \/>\nMicrosoft 365 Common and Office Online <a href=\"\/watchguard-info-portal\/data\/W_Office365.txt\">TXT<\/a> <a href=\"\/watchguard-info-portal\/data\/W_Office365.zip\">ZIP<\/a><br \/>\nAlle <a href=\"\/watchguard-info-portal\/data\/W_all.txt\">TXT<\/a> <a href=\"\/watchguard-info-portal\/data\/W_all.zip\">ZIP<\/a><\/p>\n<h3>Deutschlandweit:<\/h3>\n<p>Die deutschen Endpoints wurden in die Dateien der weltweiten Endpoints integriert.<\/p>\n<h3>Weitere Endpoint Alias Generatoren<\/h3>\n<p>Weiterhin bieten wir auch einen Alias Generator f\u00fcr <a href=\"https:\/\/www.boc.de\/watchguard-info-portal\/allgemeines\/panda-und-watchguard-epdr-endpoints\/\" target=\"_blank\" rel=\"noopener noreferrer\">&gt;&gt; Panda und WatchGuard EPDR Endpoints<\/a> an.<\/p>\n<p>&nbsp;<\/p>\n<p>Quellen von Microsoft<br \/>\n<a href=\"https:\/\/docs.microsoft.com\/en-us\/office365\/enterprise\/office-365-ip-web-service\">https:\/\/docs.microsoft.com\/en-us\/office365\/enterprise\/office-365-ip-web-service<\/a><br \/>\n<a href=\"https:\/\/docs.microsoft.com\/de-de\/office365\/enterprise\/office-365-germany-endpoints\">https:\/\/docs.microsoft.com\/de-de\/office365\/enterprise\/office-365-germany-endpoints<\/a><\/p>\n<p>&nbsp;<\/p>\n<h3>Interaktives Tutorial:<\/h3>\n<p>Sollte das interaktive Tutorial aufgrund von nicht akzeptierten Cookies nicht angezeigt werden, k\u00f6nnen Sie es <a href=\"https:\/\/marvelapp.com\/88d8663\/screen\/67490801\" target=\"_blank\" rel=\"noopener noreferrer\">hier ansehen<\/a>.<\/p>\n<div style=\"overflow: hidden;\">\n<div style=\"width: 100%; margin-left: -2px; margin-top: -2px;\"><iframe loading=\"lazy\" title=\"AuthPoint-Demo PC Login\" src=\"https:\/\/marvelapp.com\/88d8663\/screen\/67490801\" name=\"Microsoft Endpoint Tutorial\" width=\"100%\" height=\"900\" frameborder=\"0\"><br \/>\nIhr Browser kann leider keine eingebetteten Frames anzeigen:<br \/>\nSie k\u00f6nnen die eingebettete Seite \u00fcber den folgenden<br \/>\nVerweis aufrufen: https:\/\/marvelapp.com\/88d8663\/screen\/67490801<br \/>\n<\/iframe><\/div>\n<\/div>\n","protected":false},"excerpt":{"rendered":"<p>Microsoft Endpoints f\u00fcr Office365 Seit Firmware v12.10 gibt es einen neuen \u201eMicrosoft365\u201c-Alias im Fireware Policy Manager. Die hinterlegte Liste mit DNS und IP-Adressen basiert auf folgendem Link, der von Microsoft gepflegt wird: https:\/\/learn.microsoft.com\/en-us\/microsoft-365\/enterprise\/urls-and-ip-address-ranges?view=o365-worldwide&amp;redirectSourcePath=%252fen-us%252farticle%252fOffice-365-URLs-and-IP-address-ranges-8548a211-3fe7-47cb-abb1-355ea5aa88a2 Weitere Informationen dazu finden Sie in unserem Blog-Artikel &gt;&gt; Neuer Microsoft365-Alias in der Firebox ab Firmware v12.10. &nbsp; Als Endpoint bezeichnet man eine IP oder Domain bspw. bei Microsoft, die ben\u00f6tigt wird, &hellip; <a href=\"https:\/\/wordpress.boc.de\/watchguard-info-portal\/allgemeines\/microsoft-endpoints\/\" class=\"more-link\">Weiterlesen <span class=\"screen-reader-text\">Microsoft Endpoints<\/span> <span class=\"meta-nav\">&raquo;<\/span><\/a><\/p>\n","protected":false},"author":7,"featured_media":0,"parent":31,"menu_order":0,"comment_status":"closed","ping_status":"closed","template":"","meta":{"footnotes":""},"class_list":["post-5854","page","type-page","status-publish","hentry"],"_links":{"self":[{"href":"https:\/\/wordpress.boc.de\/watchguard-info-portal\/wp-json\/wp\/v2\/pages\/5854"}],"collection":[{"href":"https:\/\/wordpress.boc.de\/watchguard-info-portal\/wp-json\/wp\/v2\/pages"}],"about":[{"href":"https:\/\/wordpress.boc.de\/watchguard-info-portal\/wp-json\/wp\/v2\/types\/page"}],"author":[{"embeddable":true,"href":"https:\/\/wordpress.boc.de\/watchguard-info-portal\/wp-json\/wp\/v2\/users\/7"}],"replies":[{"embeddable":true,"href":"https:\/\/wordpress.boc.de\/watchguard-info-portal\/wp-json\/wp\/v2\/comments?post=5854"}],"version-history":[{"count":39,"href":"https:\/\/wordpress.boc.de\/watchguard-info-portal\/wp-json\/wp\/v2\/pages\/5854\/revisions"}],"predecessor-version":[{"id":29787,"href":"https:\/\/wordpress.boc.de\/watchguard-info-portal\/wp-json\/wp\/v2\/pages\/5854\/revisions\/29787"}],"up":[{"embeddable":true,"href":"https:\/\/wordpress.boc.de\/watchguard-info-portal\/wp-json\/wp\/v2\/pages\/31"}],"wp:attachment":[{"href":"https:\/\/wordpress.boc.de\/watchguard-info-portal\/wp-json\/wp\/v2\/media?parent=5854"}],"curies":[{"name":"wp","href":"https:\/\/api.w.org\/{rel}","templated":true}]}}