{"id":52,"date":"2016-05-10T09:41:29","date_gmt":"2016-05-10T07:41:29","guid":{"rendered":"https:\/\/www.boc.de\/watchguard-info-portal\/?page_id=52"},"modified":"2025-09-10T12:23:05","modified_gmt":"2025-09-10T10:23:05","slug":"watchguard-competitive-trade-in-promotion","status":"publish","type":"page","link":"https:\/\/wordpress.boc.de\/watchguard-info-portal\/promotions\/watchguard-competitive-trade-in-promotion\/","title":{"rendered":"WatchGuard Red Instead Competitive Trade In Promotion"},"content":{"rendered":"<h2><strong>WatchGuard Red Instead Competitive Trade In Promotion<\/strong><\/h2>\n<div style=\"border: 3px solid red; padding: 20px 20px 0px 20px; margin-bottom: 20px;\">\n<p>Aktuell (Stand September 2025) gibt es keine qualifizierenden Produkte f\u00fcr die Red Instead Competitive Trade In Promotion.<\/p>\n<\/div>\n<p>Diese auch <strong>Red Instead<\/strong> genannte Promotion bietet f\u00fcr bestimmte\u00a0Hardware-Varianten mit 3 Jahren Basic Security Suite oder 3 Jahren Total Security Suite noch einen <strong>zus\u00e4tzlichen Nachlass<\/strong>, wenn man von\u00a0<strong>Firewall VPN und Security Produkten anderer Hersteller<\/strong> wie Astaro, Checkpoint, Cisco, Fortinet, Gateprotect, Juniper, Netscreen, Nokia, SonicWALL, Sophos, Symantec oder\u00a0anderen <strong>zu WatchGuard wechselt.<\/strong><br \/>\nF\u00fcr die kleine Tabletop-Varianten Firebox T25 reicht meist auch ein VPN-f\u00e4higer (DSL-)Router von AVM (FritzBox), D-Link, Draytek, Netgear, SMC, Zyxel oder einem vergleichbaren Hersteller aus.<\/p>\n<pre><img loading=\"lazy\" decoding=\"async\" class=\"size-full wp-image-1468 alignleft\" src=\"https:\/\/www.boc.de\/watchguard-info-portal\/wp-content\/uploads\/2016\/06\/emblem-imp.gif\" alt=\"emblem-imp\" width=\"48\" height=\"48\" \/><strong>Competitive Trade-In Artikel<\/strong> unterscheiden sich in technischer Hinsicht in keiner Weise von den normalen Vollprodukten! Die WatchGuard Competitive Trade-In Promotion ist ein rein kaufm\u00e4nnischer Vorgang!\u00a0Nach Inbetriebnahme der neuen WatchGuard muss eine - im Aktivierungsvorgang als Download angebotene - <strong><a href=\"https:\/\/www.boc.de\/watchguard-info-portal\/wp-content\/uploads\/2016\/05\/CertificateOfDestruction.pdf\" target=\"_pdf\" rel=\"noopener noreferrer\">Vernichtungserkl\u00e4rung (PDF)<\/a><\/strong> f\u00fcr das Altger\u00e4t ausgef\u00fcllt und an WatchGuard geschickt werden.<\/pre>\n<p><!--\n\n\n<h3>Promotion-Artikel<\/h3>\n\n\n\n\n<table>\n\n\n<thead>\n\n\n<tr>\n\n\n<th><b>mit 3 Jahren Basic Security Suite<\/b><\/th>\n\n\n\n\n<th><b>mit 3 Jahren Total Security Suite<\/b><\/th>\n\n\n<\/tr>\n\n\n<\/thead>\n\n\n\n\n<tbody>\n\n\n<tr>\n\n\n<td><a href=\"https:\/\/www.boc.de\/competitive-trade-in-promotion-watchguard-fireboxv-small-mit-3-jahren-basic-security-suite.html\" target=\"_blank\" rel=\"noopener noreferrer\">FireboxV Small mit 3 Jahren Basic Security Suite (WGVSM083)<\/a><\/td>\n\n\n\n\n<td><a href=\"https:\/\/www.boc.de\/competitive-trade-in-promotion-watchguard-fireboxv-small-mit-3-jahren-total-security-suite.html\" target=\"_blank\" rel=\"noopener noreferrer\">FireboxV Small mit 3 Jahren Total Security Suite (WGVSM693)<\/a><\/td>\n\n\n<\/tr>\n\n\n\n\n<tr>\n\n\n<td><a href=\"https:\/\/www.boc.de\/competitive-trade-in-promotion-watchguard-fireboxv-medium-mit-3-jahren-basic-security-suite.html\" target=\"_blank\" rel=\"noopener noreferrer\">FireboxV Medium mit 3 Jahren Basic Security Suite (WGVME083)<\/a><\/td>\n\n\n\n\n<td><a href=\"https:\/\/www.boc.de\/competitive-trade-in-promotion-watchguard-fireboxv-medium-mit-3-jahren-total-security-suite.html\" target=\"_blank\" rel=\"noopener noreferrer\">FireboxV Medium mit 3 Jahren Total Security Suite (WGVME693)<\/a><\/td>\n\n\n<\/tr>\n\n\n\n\n<tr>\n\n\n<td><a href=\"https:\/\/www.boc.de\/competitive-trade-in-promotion-watchguard-fireboxv-large-mit-3-jahren-basic-security-suite.html\" target=\"_blank\" rel=\"noopener noreferrer\">FireboxV Large mit 3 Jahren Basic Security Suite (WGVLG083)<\/a><\/td>\n\n\n\n\n<td><a href=\"https:\/\/www.boc.de\/competitive-trade-in-promotion-watchguard-fireboxv-large-mit-3-jahren-total-security-suite.html\" target=\"_blank\" rel=\"noopener noreferrer\">FireboxV Large mit 3 Jahren Total Security Suite (WGVLG693)<\/a><\/td>\n\n\n<\/tr>\n\n\n\n\n<tr>\n\n\n<td><a href=\"https:\/\/www.boc.de\/competitive-trade-in-promotion-watchguard-fireboxv-xlarge-mit-3-jahren-basic-security-suite.html\" target=\"_blank\" rel=\"noopener noreferrer\">FireboxV XLarge mit 3 Jahren Basic Security Suite (WGVXL083)<\/a><\/td>\n\n\n\n\n<td><a href=\"https:\/\/www.boc.de\/competitive-trade-in-promotion-watchguard-fireboxv-xlarge-mit-3-jahren-total-security-suite.html\" target=\"_blank\" rel=\"noopener noreferrer\">FireboxV XLarge mit 3 Jahren Total Security Suite (WGVXL693)<\/a><\/td>\n\n\n<\/tr>\n\n\n\n\n<tr>\n\n\n<td><a href=\"https:\/\/www.boc.de\/competitive-trade-in-promotion-watchguard-firebox-cloud-small-mit-3-jahren-basic-security-suite.html\" target=\"_blank\" rel=\"noopener noreferrer\">Firebox Cloud Small mit 3 Jahren Basic Security Suite (WGCSM083)<\/a><\/td>\n\n\n\n\n<td><a href=\"https:\/\/www.boc.de\/competitive-trade-in-promotion-watchguard-firebox-cloud-small-mit-3-jahren-total-security-suite.html\" target=\"_blank\" rel=\"noopener noreferrer\">Firebox Cloud Small mit 3 Jahren Total Security Suite (WGCSM693)<\/a><\/td>\n\n\n<\/tr>\n\n\n\n\n<tr>\n\n\n<td><a href=\"https:\/\/www.boc.de\/competitive-trade-in-promotion-watchguard-firebox-cloud-medium-mit-3-jahren-basic-security-suite.html\" target=\"_blank\" rel=\"noopener noreferrer\">Firebox Cloud Medium mit 3 Jahren Basic Security Suite (WGCME083)<\/a><\/td>\n\n\n\n\n<td><a href=\"https:\/\/www.boc.de\/competitive-trade-in-promotion-watchguard-firebox-cloud-medium-mit-3-jahren-total-security-suite.html\" target=\"_blank\" rel=\"noopener noreferrer\">Firebox Cloud Medium mit 3 Jahren Total Security Suite (WGCME693)<\/a><\/td>\n\n\n<\/tr>\n\n\n\n\n<tr>\n\n\n<td><a href=\"https:\/\/www.boc.de\/competitive-trade-in-promotion-watchguard-firebox-cloud-large-mit-3-jahren-basic-security-suite.html\" target=\"_blank\" rel=\"noopener noreferrer\">Firebox Cloud Large mit 3 Jahren Basic Security Suite (WGCLG083)<\/a><\/td>\n\n\n\n\n<td><a href=\"https:\/\/www.boc.de\/competitive-trade-in-promotion-watchguard-firebox-cloud-large-mit-3-jahren-total-security-suite.html\" target=\"_blank\" rel=\"noopener noreferrer\">Firebox Cloud Large mit 3 Jahren Total Security Suite (WGCLG693)<\/a><\/td>\n\n\n<\/tr>\n\n\n\n\n<tr>\n\n\n<td><a href=\"https:\/\/www.boc.de\/competitive-trade-in-promotion-watchguard-firebox-cloud-xlarge-mit-3-jahren-basic-security-suite.html\" target=\"_blank\" rel=\"noopener noreferrer\">Firebox Cloud XLarge mit 3 Jahren Basic Security Suite (WGCXL083)<\/a><\/td>\n\n\n\n\n<td><a href=\"https:\/\/www.boc.de\/competitive-trade-in-promotion-watchguard-firebox-cloud-xlarge-mit-3-jahren-total-security-suite.html\" target=\"_blank\" rel=\"noopener noreferrer\">Firebox Cloud XLarge mit 3 Jahren Total Security Suite (WGCXL693)<\/a><\/td>\n\n\n<\/tr>\n\n\n<\/tbody>\n\n\n<\/table>\n\n\n--><br \/>\n<!--\n\n\n<h3><strong>Competitive Trade-In Promotion f\u00fcr WatchGuard Access Points<\/strong><\/h3>\n\n\nF\u00fcr\u00a0die WatchGuard Access Points gibt es auch eine Competitive Trade-In Promotion, die einen g\u00fcnstigeren Einkaufspreis f\u00fcr die aktuellen WatchGuard Access Points erm\u00f6glicht, wenn dadurch <strong>Wireless Technologie von anderen Herstellern abgel\u00f6st<\/strong> wird. Das k\u00f6nnen WLAN Access Points von beliebigen Herstellern sein oder WLAN-Router wie z.B. AVM FritzBox, Telekom Speedport. Da sich die Access Points automatisch bei WatchGuard registrieren, ist hier noch nicht einmal das Ausf\u00fcllen der Vernichtungserkl\u00e4rung (PDF) erforderlich. Folgende Varianten werden angeboten:\n\n\n<h3>Promotion-Artikel<\/h3>\n\n\n&nbsp;\n\n\n<table>\n\n\n<tbody>\n\n\n<tr>\n\n\n<td><b>mit 3 Jahren Basic Wi-Fi<\/b><\/td>\n\n\n<\/tr>\n\n\n\n\n<tr>\n\n\n<td><a href=\"https:\/\/www.boc.de\/competitive-trade-in-promotion-watchguard-ap125-mit-3-jahren-basic-wi-fi.html\" target=\"_blank\" rel=\"noopener noreferrer\">WatchGuard AP125 mit 3 Jahren Basic Wi-Fi (WGA15443)<\/a><\/td>\n\n\n<\/tr>\n\n\n\n\n<tr>\n\n\n<td><a href=\"https:\/\/www.boc.de\/competitive-trade-in-promotion-watchguard-ap325-mit-3-jahren-basic-wi-fi.html\" target=\"_blank\" rel=\"noopener noreferrer\">WatchGuard AP325 mit 3 Jahren Basic Wi-Fi (WGA35443)<\/a><\/td>\n\n\n<\/tr>\n\n\n\n\n<tr>\n\n\n<td><a href=\"https:\/\/www.boc.de\/competitive-trade-in-to-watchguard-ap327x-and-3-yr-basic-wi-fi.html\" target=\"_blank\" rel=\"noopener noreferrer\">WatchGuard AP327X mit 3 Jahren Basic Wi-Fi (WGA37443)<\/a><\/td>\n\n\n<\/tr>\n\n\n\n\n<tr>\n\n\n<td><b>mit 3 Jahren Secure Wi-Fi<\/b><\/td>\n\n\n<\/tr>\n\n\n\n\n<tr>\n\n\n<td><a href=\"https:\/\/www.boc.de\/competitive-trade-in-promotion-watchguard-ap125-mit-3-jahren-secure-wi-fi.html\" target=\"_blank\" rel=\"noopener noreferrer\">WatchGuard AP125 mit 3 Jahren Secure Wi-Fi (WGA15513)<\/a><\/td>\n\n\n<\/tr>\n\n\n\n\n<tr>\n\n\n<td><a href=\"https:\/\/www.boc.de\/competitive-trade-in-promotion-watchguard-ap325-mit-3-jahren-secure-wi-fi.html\" target=\"_blank\" rel=\"noopener noreferrer\">WatchGuard AP325 mit 3 Jahren Secure Wi-Fi (WGA35513)<\/a><\/td>\n\n\n<\/tr>\n\n\n\n\n<tr>\n\n\n<td><a href=\"https:\/\/www.boc.de\/competitive-trade-in-to-watchguard-ap327x-and-3-yr-secure-wi-fi.html\" target=\"_blank\" rel=\"noopener noreferrer\">WatchGuard AP327X mit 3 Jahren Secure Wi-Fi (WGA37513)<\/a><\/td>\n\n\n<\/tr>\n\n\n\n\n<tr>\n\n\n<td><b>mit 3 Jahren Total Wi-Fi<\/b><\/td>\n\n\n<\/tr>\n\n\n\n\n<tr>\n\n\n<td><a href=\"https:\/\/www.boc.de\/competitive-trade-in-promotion-watchguard-ap125-mit-3-jahren-total-wi-fi.html\" target=\"_blank\" rel=\"noopener noreferrer\">WatchGuard AP125 mit 3 Jahren Total Wi-Fi (WGA15453)<\/a><\/td>\n\n\n<\/tr>\n\n\n\n\n<tr>\n\n\n<td><a href=\"https:\/\/www.boc.de\/competitive-trade-in-promotion-watchguard-ap325-mit-3-jahren-total-wi-fi.html\" target=\"_blank\" rel=\"noopener noreferrer\">WatchGuard AP325 mit 3 Jahren Total Wi-Fi (WGA35453)<\/a><\/td>\n\n\n<\/tr>\n\n\n\n\n<tr>\n\n\n<td><a href=\"https:\/\/www.boc.de\/competitive-trade-in-to-watchguard-ap327x-and-3-yr-total-wi-fi.html\" target=\"_blank\" rel=\"noopener noreferrer\">WatchGuard AP327X mit 3 Jahren Total Wi-Fi (WGA37453)<\/a><\/td>\n\n\n<\/tr>\n\n\n<\/tbody>\n\n\n<\/table>\n\n\n--><\/p>\n","protected":false},"excerpt":{"rendered":"<p>WatchGuard Red Instead Competitive Trade In Promotion Aktuell (Stand September 2025) gibt es keine qualifizierenden Produkte f\u00fcr die Red Instead Competitive Trade In Promotion. Diese auch Red Instead genannte Promotion bietet f\u00fcr bestimmte\u00a0Hardware-Varianten mit 3 Jahren Basic Security Suite oder 3 Jahren Total Security Suite noch einen zus\u00e4tzlichen Nachlass, wenn man von\u00a0Firewall VPN und Security Produkten anderer Hersteller wie Astaro, Checkpoint, Cisco, Fortinet, Gateprotect, Juniper, &hellip; <a href=\"https:\/\/wordpress.boc.de\/watchguard-info-portal\/promotions\/watchguard-competitive-trade-in-promotion\/\" class=\"more-link\">Weiterlesen <span class=\"screen-reader-text\">WatchGuard Red Instead Competitive Trade In Promotion<\/span> <span class=\"meta-nav\">&raquo;<\/span><\/a><\/p>\n","protected":false},"author":1,"featured_media":0,"parent":8901,"menu_order":0,"comment_status":"closed","ping_status":"closed","template":"","meta":{"footnotes":""},"class_list":["post-52","page","type-page","status-publish","hentry"],"_links":{"self":[{"href":"https:\/\/wordpress.boc.de\/watchguard-info-portal\/wp-json\/wp\/v2\/pages\/52"}],"collection":[{"href":"https:\/\/wordpress.boc.de\/watchguard-info-portal\/wp-json\/wp\/v2\/pages"}],"about":[{"href":"https:\/\/wordpress.boc.de\/watchguard-info-portal\/wp-json\/wp\/v2\/types\/page"}],"author":[{"embeddable":true,"href":"https:\/\/wordpress.boc.de\/watchguard-info-portal\/wp-json\/wp\/v2\/users\/1"}],"replies":[{"embeddable":true,"href":"https:\/\/wordpress.boc.de\/watchguard-info-portal\/wp-json\/wp\/v2\/comments?post=52"}],"version-history":[{"count":78,"href":"https:\/\/wordpress.boc.de\/watchguard-info-portal\/wp-json\/wp\/v2\/pages\/52\/revisions"}],"predecessor-version":[{"id":28940,"href":"https:\/\/wordpress.boc.de\/watchguard-info-portal\/wp-json\/wp\/v2\/pages\/52\/revisions\/28940"}],"up":[{"embeddable":true,"href":"https:\/\/wordpress.boc.de\/watchguard-info-portal\/wp-json\/wp\/v2\/pages\/8901"}],"wp:attachment":[{"href":"https:\/\/wordpress.boc.de\/watchguard-info-portal\/wp-json\/wp\/v2\/media?parent=52"}],"curies":[{"name":"wp","href":"https:\/\/api.w.org\/{rel}","templated":true}]}}