{"id":4462,"date":"2018-07-31T13:26:41","date_gmt":"2018-07-31T11:26:41","guid":{"rendered":"https:\/\/www.boc.de\/watchguard-info-portal\/produktinfos\/watchguard-security-services-und-suites\/dnswatch-copy\/"},"modified":"2025-11-07T10:32:38","modified_gmt":"2025-11-07T09:32:38","slug":"watchguard-intelligentav","status":"publish","type":"page","link":"https:\/\/wordpress.boc.de\/watchguard-info-portal\/produktinfos\/watchguard-security-services-und-suites\/watchguard-intelligentav\/","title":{"rendered":"WatchGuard IntelligentAV&#x2122;"},"content":{"rendered":"<h3><strong>Malware-Abwehr durch k\u00fcnstliche Intelligenz<\/strong><\/h3>\n<p><img loading=\"lazy\" decoding=\"async\" class=\"alignleft wp-image-4480\" src=\"https:\/\/www.boc.de\/watchguard-info-portal\/wp-content\/uploads\/2018\/08\/intelligentav.png\" alt=\"\" width=\"154\" height=\"161\" \/><\/p>\n<p>WatchGuard IntelligentAV ist eine signaturlose Anti-Malware-L\u00f6sung und legt somit eine zus\u00e4tzliche Sicherheitsschicht \u00fcber den <a href=\"https:\/\/www.boc.de\/watchguard-info-portal\/produktinfos\/watchguard-security-services-und-suites\/watchguard-gateway-antivirus\/\" target=\"_blank\" rel=\"noopener noreferrer\">Gateway Antivirus Security Service<\/a>. Durch k\u00fcnstliche Intelligenz und Machine Learning kann IntelligentAV sowohl bekannte als auch unbekannte Malware identifizieren und blocken. Umfassende statistische Analysen erm\u00f6glichen eine Klassifizierung von aktueller und Zero-Day-Schadsoftware.<\/p>\n<p>Wegen erh\u00f6htem Resourcenbedarf ist IntelligentAV nicht verf\u00fcgbar f\u00fcr die Firebox Modelle T115-W, T20\/T20-W, T25\/T25-W oder T35-R. IntelligentAV ist Bestandteil der Total Security Suite von WatchGuard. Eine \u00dcbersicht zu den Security Services und Suites finden sie <a href=\"https:\/\/www.boc.de\/watchguard-info-portal\/produktinfos\/watchguard-security-services-und-suites\/\" target=\"_blank\" rel=\"noopener noreferrer\">HIER<\/a>.<\/p>\n<p><video src=\"https:\/\/www.boc.de\/watchguard-info-portal\/wp-content\/uploads\/video\/Security-Services-IntelligentAV.mp4\" poster=\"https:\/\/www.boc.de\/watchguard-info-portal\/wp-content\/uploads\/2019\/06\/poster-intelligentav.png\" controls=\"controls\" width=\"640\" height=\"480\">Ihr Browser kann dieses Video nicht wiedergeben. Dieses Video zeigt die Funktionsweise und Vorteile von WatchGuard IntelligentAV. Sie k\u00f6nnen es <a href=\"https:\/\/www.boc.de\/watchguard-info-portal\/wp-content\/uploads\/video\/Security-Services-IntelligentAV.mp4\">hier<\/a> abrufen. <\/video><\/p>\n<h3>Funktionsweise<img loading=\"lazy\" decoding=\"async\" class=\" wp-image-4481 alignright\" src=\"https:\/\/www.boc.de\/watchguard-info-portal\/wp-content\/uploads\/2018\/08\/intelligentavfunktion.png\" alt=\"\" width=\"657\" height=\"285\" srcset=\"https:\/\/wordpress.boc.de\/watchguard-info-portal\/wp-content\/uploads\/2018\/08\/intelligentavfunktion.png 956w, https:\/\/wordpress.boc.de\/watchguard-info-portal\/wp-content\/uploads\/2018\/08\/intelligentavfunktion-300x130.png 300w, https:\/\/wordpress.boc.de\/watchguard-info-portal\/wp-content\/uploads\/2018\/08\/intelligentavfunktion-768x333.png 768w, https:\/\/wordpress.boc.de\/watchguard-info-portal\/wp-content\/uploads\/2018\/08\/intelligentavfunktion-800x347.png 800w\" sizes=\"(max-width: 657px) 100vw, 657px\" \/><\/h3>\n<p>Wenn IntelligentAV aktiviert ist benutzt der Gateway AV zwei Scan-Engines die zusammen arbeiten. Dadurch erh\u00f6ht sich die F\u00e4higkeit der Firebox Malware zu entdecken und zu blocken bevor sie das Netzwerk erreicht.<\/p>\n<p>Als Erstes scannt der Gateway AV Dateien mit der Bitdefender Engine. Wenn eine Datei als b\u00f6sartig erkannt wird wird diese Datei nicht weiter an den IntelligentAV gegeben, da die Datei bereits als b\u00f6sartig identizifiziert wurde. Wenn der Gateway AV allerdings eine Datei als sauber einstuft wird diese Datei anschlie\u00dfend vom IntelligentAV mit der Cylance Engine gescannt.<\/p>\n<p>Sollte IntelligentAV bei dieser Datei ein Problem identifizieren verf\u00e4hrt die Firebox damit so wie es in den Gateway AV Einstellungen hinterlegt ist (abh\u00e4ngig vom Datei- und Proxytypen). Um in den Logs zu sehen was IntelligentAV genau macht, kann man nach Nachrichten suchen die virus=&#8221;suspicious&#8221; oder virus=&#8221;malicious&#8221; enthalten.<\/p>\n<p>IntelligentAV scannt keine Dateien, die zuvor der Ausnahmeliste hinzugef\u00fcgt worden sind.<\/p>\n<p>Folgende Dateitypen werden gescannt:<\/p>\n<ul>\n<li value=\"1\">Microsoft Office Dokumente (.doc, .docx, .xls, .xlsx, etc.)<\/li>\n<li value=\"2\">Windows portable executable (PE) Dateien (.exe, .dll, etc.)<\/li>\n<li value=\"3\">PDF Dokumente (.pdf)<\/li>\n<li value=\"4\">Mach-O formatierte Dateien (Mac executables)<\/li>\n<li value=\"5\">ELF-Binaries (Linux executables)<\/li>\n<\/ul>\n<p><img loading=\"lazy\" decoding=\"async\" class=\" wp-image-4484 alignleft\" src=\"https:\/\/www.boc.de\/watchguard-info-portal\/wp-content\/uploads\/2018\/08\/intelligent_av_web_layered_malware.png\" alt=\"\" width=\"228\" height=\"189\" \/><\/p>\n<h3>Wichtige Funktionen<\/h3>\n<ul>\n<li>sch\u00fctzt vor sich weiterentwickelnden Schadprogrammen<\/li>\n<li>Innovative Engine, die einen nachweisbaren pr\u00e4diktiven Vorsprung von \u00fcber zwei Jahren bietet<\/li>\n<li>zus\u00e4tzliche branchenf\u00fchrende Sicherheitsschicht zur Malware-Erkennung<\/li>\n<li>nicht abh\u00e4ngig von Signaturen oder der Cloud<\/li>\n<li>klassifiziert automatisch Dateien als sch\u00e4dlich oder harmlos<\/li>\n<li>stoppt Malware sobald Ihr Netzwerk mit dem Internet in Ber\u00fchrung kommt<\/li>\n<\/ul>\n<h3>Lizensierung<\/h3>\n<p>IntelligentAV ist Bestandteil der WatchGuard Total Security Suite. Es kann nur durch den Wechsel auf die Total Security Suite dazu lizensiert werden.<br \/>\nAu\u00dferdem ist dieser Service <u>nicht<\/u> erh\u00e4ltlich f\u00fcr die Firebox-Modelle T115-W, T20\/T20-W, T25\/T25-W und T35-R.<\/p>\n<p><img loading=\"lazy\" decoding=\"async\" class=\"alignnone size-full wp-image-1473\" src=\"https:\/\/www.boc.de\/watchguard-info-portal\/wp-content\/uploads\/2016\/06\/emblem-rechts.gif\" alt=\"emblem-rechts\" width=\"48\" height=\"48\" \/>Zur \u00dcbersicht <a href=\"https:\/\/www.boc.de\/watchguard-info-portal\/produktinfos\/watchguard-security-services-und-suites\/\">WatchGuard Security Services und Suites<\/a><\/p>\n","protected":false},"excerpt":{"rendered":"<p>Malware-Abwehr durch k\u00fcnstliche Intelligenz WatchGuard IntelligentAV ist eine signaturlose Anti-Malware-L\u00f6sung und legt somit eine zus\u00e4tzliche Sicherheitsschicht \u00fcber den Gateway Antivirus Security Service. Durch k\u00fcnstliche Intelligenz und Machine Learning kann IntelligentAV sowohl bekannte als auch unbekannte Malware identifizieren und blocken. Umfassende statistische Analysen erm\u00f6glichen eine Klassifizierung von aktueller und Zero-Day-Schadsoftware. Wegen erh\u00f6htem Resourcenbedarf ist IntelligentAV nicht verf\u00fcgbar f\u00fcr die Firebox Modelle T115-W, T20\/T20-W, T25\/T25-W oder T35-R. &hellip; <a href=\"https:\/\/wordpress.boc.de\/watchguard-info-portal\/produktinfos\/watchguard-security-services-und-suites\/watchguard-intelligentav\/\" class=\"more-link\">Weiterlesen <span class=\"screen-reader-text\">WatchGuard IntelligentAV&#x2122;<\/span> <span class=\"meta-nav\">&raquo;<\/span><\/a><\/p>\n","protected":false},"author":4,"featured_media":0,"parent":73,"menu_order":0,"comment_status":"closed","ping_status":"closed","template":"","meta":{"footnotes":""},"class_list":["post-4462","page","type-page","status-publish","hentry"],"_links":{"self":[{"href":"https:\/\/wordpress.boc.de\/watchguard-info-portal\/wp-json\/wp\/v2\/pages\/4462"}],"collection":[{"href":"https:\/\/wordpress.boc.de\/watchguard-info-portal\/wp-json\/wp\/v2\/pages"}],"about":[{"href":"https:\/\/wordpress.boc.de\/watchguard-info-portal\/wp-json\/wp\/v2\/types\/page"}],"author":[{"embeddable":true,"href":"https:\/\/wordpress.boc.de\/watchguard-info-portal\/wp-json\/wp\/v2\/users\/4"}],"replies":[{"embeddable":true,"href":"https:\/\/wordpress.boc.de\/watchguard-info-portal\/wp-json\/wp\/v2\/comments?post=4462"}],"version-history":[{"count":19,"href":"https:\/\/wordpress.boc.de\/watchguard-info-portal\/wp-json\/wp\/v2\/pages\/4462\/revisions"}],"predecessor-version":[{"id":29654,"href":"https:\/\/wordpress.boc.de\/watchguard-info-portal\/wp-json\/wp\/v2\/pages\/4462\/revisions\/29654"}],"up":[{"embeddable":true,"href":"https:\/\/wordpress.boc.de\/watchguard-info-portal\/wp-json\/wp\/v2\/pages\/73"}],"wp:attachment":[{"href":"https:\/\/wordpress.boc.de\/watchguard-info-portal\/wp-json\/wp\/v2\/media?parent=4462"}],"curies":[{"name":"wp","href":"https:\/\/api.w.org\/{rel}","templated":true}]}}