{"id":4422,"date":"2018-07-26T14:49:35","date_gmt":"2018-07-26T12:49:35","guid":{"rendered":"https:\/\/www.boc.de\/watchguard-info-portal\/?page_id=4422"},"modified":"2025-02-20T14:58:19","modified_gmt":"2025-02-20T13:58:19","slug":"watchguard-authpoint","status":"publish","type":"page","link":"https:\/\/wordpress.boc.de\/watchguard-info-portal\/produktinfos\/watchguard-authpoint\/","title":{"rendered":"WatchGuard AuthPoint"},"content":{"rendered":"<h2>WatchGuard AuthPoint &#8211; kosteng\u00fcnstig, leistungsstark und benutzerfreundlich<\/h2>\n<h3 style=\"text-align: left;\">Einfache, effektive Authentifizierung \u00fcberall verf\u00fcgbar<\/h3>\n<p><img loading=\"lazy\" decoding=\"async\" class=\"wp-image-4427 alignright\" src=\"https:\/\/www.boc.de\/watchguard-info-portal\/wp-content\/uploads\/2018\/07\/watchguard_authpoint.jpg\" sizes=\"(max-width: 500px) 100vw, 500px\" srcset=\"https:\/\/www.boc.de\/watchguard-info-portal\/wp-content\/uploads\/2018\/07\/watchguard_authpoint.jpg 1920w, https:\/\/www.boc.de\/watchguard-info-portal\/wp-content\/uploads\/2018\/07\/watchguard_authpoint-300x169.jpg 300w, https:\/\/www.boc.de\/watchguard-info-portal\/wp-content\/uploads\/2018\/07\/watchguard_authpoint-768x432.jpg 768w, https:\/\/www.boc.de\/watchguard-info-portal\/wp-content\/uploads\/2018\/07\/watchguard_authpoint-1024x576.jpg 1024w, https:\/\/www.boc.de\/watchguard-info-portal\/wp-content\/uploads\/2018\/07\/watchguard_authpoint-800x450.jpg 800w, https:\/\/www.boc.de\/watchguard-info-portal\/wp-content\/uploads\/2018\/07\/watchguard_authpoint-1200x675.jpg 1200w\" alt=\"\" width=\"500\" height=\"281\" \/><\/p>\n<p>Laut einer Studie von Verizon (2018) ist die Verwendung gestohlener Anmeldedaten die beliebteste Taktik von Hackern, um unerlaubt auf Netzwerkressourcen zuzugreifen. Durch eine Multifaktor-Authentifizierung (MFA) ist neben einem herk\u00f6mmlichen Passwort ein zus\u00e4tzlicher Identit\u00e4tsnachweis erforderlich, um sich zu authentifizieren.\u00a0Bisher war die MFA f\u00fcr viele Unternehmen uninteressant, da die L\u00f6sungen zu teuer und komplex in der Einf\u00fchrung sowie zu aufwendig in der Administration waren. Mit AuthPoint bietet WatchGuard vor allem kleinen und mittleren Unternehmen eine kosteneffiziente Multifaktor-Authentifizierungsl\u00f6sung. Die Bereitstellung erfolgt vollst\u00e4ndig in der Cloud, was die Einrichtung und Verwaltung vereinfacht. Es bedarf keiner teuren Hardware und der Service l\u00e4sst sich von \u00fcberall erreichen und verwalten. Bei einem externen Anmeldeversuch wird beispielsweise eine Push-Benachrichtigung an das Smartphone des Benutzers gesendet. Diese beinhaltet Informationen dar\u00fcber wer und von wo jemand die Authentifizierung versucht. Sie k\u00f6nnen den Zugriff nun mit ihrem Smartphone erlauben oder ablehnen, sodass Kriminelle selbst mit den richtigen Anmeldeinformationen keinen Zugriff erhalten.<\/p>\n<pre><h3 style=\"text-align: center;\">Interaktive AuthPoint-Demos<\/h3>\r\n<p style=\"text-align: center;\">Mit den interaktiven AuthPoint-Demos k\u00f6nnen Sie schnell und einfach Einblicke und Funktionsweisen von AuthPoint kennenlernen. Ganz ohne Anmeldung oder Installation. Erfahren Sie wie Sie sich <strong>mit AuthPoint sicher an Ihrem Laptop anmelden<\/strong>, <strong>ein sicheres SSO (Single Sign-On)-Portal einrichten<\/strong>, <strong>Cloud-Anwendungen sichern<\/strong> und <strong>Ihre PC- oder Mac-Anmeldungen sch\u00fctzen<\/strong>.<\/p>\r\n<p style=\"text-align: center;\"><a href=\"https:\/\/www.boc.de\/watchguard-info-portal\/2019\/05\/online-demos-fuer-authpoint\/\" class=\"su-button su-button-style-default\" style=\"color:#FFFFFF;background-color:#b32317;border-color:#901c13;border-radius:5px\" target=\"_blank\" rel=\"noopener noreferrer\"><span style=\"color:#FFFFFF;padding:0px 16px;font-size:13px;line-height:26px;border-color:#ca655d;border-radius:5px;text-shadow:none\"> Interaktive AuthPoint-Demos jetzt testen!<\/span><\/a><\/pre>\n<h3>Effektiver MFA-Schutz mit Mobilger\u00e4te-DNA<\/h3>\n<p><img loading=\"lazy\" decoding=\"async\" class=\" wp-image-8050 alignleft\" src=\"https:\/\/www.boc.de\/watchguard-info-portal\/wp-content\/uploads\/2019\/08\/dna_150.png\" alt=\"\" width=\"77\" height=\"75\" \/><\/p>\n<p>AuthPoint verwendet die neuesten Methoden um vor nicht autorisierten Zugriffen zu sch\u00fctzen. Als zus\u00e4tzlichen Faktor zum Identit\u00e4tsnachweis k\u00f6nnen Einmalpassw\u00f6rter (OTP), Pushbenachrichtigungen oder QR-Codes verwendet werden. Bevor der Zugriff auf Systeme und Anwendungen letztendlich gew\u00e4hrt wird, gleicht die Mobilger\u00e4te-DNA das Smartphone des autorisierten Benutzers ab. Sollte ein Angreifer versuchen, dass Ger\u00e4t eines Benutzer zu klonen, kann er so durch die unterschiedliche Ger\u00e4te-DNA identifiziert und blockiert werden.<\/p>\n<p><img loading=\"lazy\" decoding=\"async\" class=\"wp-image-4430 alignright\" src=\"https:\/\/www.boc.de\/watchguard-info-portal\/wp-content\/uploads\/2018\/07\/authpointmobile.png\" sizes=\"(max-width: 90px) 100vw, 90px\" srcset=\"https:\/\/www.boc.de\/watchguard-info-portal\/wp-content\/uploads\/2018\/07\/authpointmobile.png 445w, https:\/\/www.boc.de\/watchguard-info-portal\/wp-content\/uploads\/2018\/07\/authpointmobile-167x300.png 167w\" alt=\"\" width=\"90\" height=\"162\" \/><\/p>\n<h3>Benutzerfreundliche AuthPoint Mobile-App<\/h3>\n<p>Die WatchGuard AuthPoint-App gestattet dem Benutzer, sich direkt \u00fcber sein Smartphone zu authentifizieren. Die App l\u00e4sst sich kostenlos vom Apple AppStore oder Google Play Store herunterladen und in wenigen Sekunden aktivieren. Diese steht dann unmittelbar zur Authentifizierung zur Verf\u00fcgung. Auf diese Weise ist eine schnelle Push-basierte bzw. QR-Code-basierte Authentifizierung \u00fcber die Kamera des Smartphones m\u00f6glich. Die QR-Code-basierte Authentifizierung funktioniert auch wenn der Benutzer keine Datenverbindung \u00fcber das Handy hat (z.B. im Flugzeug).<\/p>\n<h3><\/h3>\n<h3>Zus\u00e4tzliche Features<\/h3>\n<p>Auch bei der Anmeldung auf Windows- und MacOs-Ger\u00e4ten l\u00e4sst sich mit der Secure Login-Funktion ein zus\u00e4tzlicher Faktor zum Identit\u00e4tsnachweis abfragen. Neben der traditionellen Anmeldung auf dem Ger\u00e4t muss sich der Benutzer parallel \u00fcber die AuthPoint-App authentifizieren.<\/p>\n<p>Dutzende von Drittanbieterintegrationen stehen zur Verf\u00fcgung.\u00a0Unternehmen k\u00f6nnen Benutzer also auffordern, sich zu authentifizieren, bevor sie auf sensible Cloud-Anwendungen, VPNs und Netzwerke zugreifen.<\/p>\n<p>AuthPoint unterst\u00fctzt den SAML-Standard. Mit einer Anmeldung k\u00f6nnen Benutzer auf eine breite Palette an Anwendungen und Diensten zugreifen.<\/p>\n<p>Unternehmen mit wenigen IT-Mitarbeitern und beschr\u00e4nktem Know-How\u00a0profitieren vom MFA-Schutz, da er \u00fcber die Cloud einfach bereitgestellt und verwaltet werden kann. AuthPoint ist von\u00a0\u00fcberall verf\u00fcgbar. Es muss also keine Software installiert werden bzw. Upgrades oder Patches geplant werden.<\/p>\n<blockquote><p><em>\u201eMit MFA h\u00e4lt AuthPoint, was es verspricht. Dies erfolgt durch die Einschr\u00e4nkung des Gesch\u00e4ftsrisikos, das mit schwachen Kennw\u00f6rtern einhergeht, ohne die Benutzerfreundlichkeit f\u00fcr Mitarbeiter und IT-Personal zu limitieren. Alles, was ein Cloud-Service bieten muss \u2013 ohne Hardwareinstallation oder Software-Wartung&#8230; MFA gilt nun als grundlegender Schutz und wird v\u00f6llig problemlos von WatchGuard angeboten.\u201c<\/em><\/p>\n<p>Tom Ruffolo, CEO, eSecurity Solutions<\/p><\/blockquote>\n<h3>AuthPoint kaufen und kostenlos testen<\/h3>\n<p>WatchGuard AuthPoint ist auf der Produktseite in unserem Shop unter <a href=\"https:\/\/www.boc.de\/watchguard-authpoint.html\" target=\"_blank\" rel=\"noopener noreferrer\">&gt;&gt; WatchGuard AuthPoint<\/a> verf\u00fcgbar.<br \/>\nWie Sie AuthPoint kostenlos 30 Tage testen k\u00f6nnen erfahren Sie in unserem Blog-Artikel <a href=\"https:\/\/www.boc.de\/watchguard-info-portal\/2018\/09\/watchguard-authpoint-kostenlos-testen\/\" target=\"_blank\" rel=\"noopener noreferrer\">&gt;&gt; WatchGuard AuthPoint kostenlos testen<\/a>.<\/p>\n<h3>AuthPoint Total Identity Security<\/h3>\n<p>AuthPoint Total Identity Security\u00a0ist ein Bundle bestehend aus WatchGuard AuthPoint und Dark Web Monitoring.<\/p>\n<ul>\n<li><a href=\"https:\/\/www.boc.de\/pub\/media\/documents\/authpointtotalidentitysecurity\/20_Datenblatt-WatchGuard-AuthPoint-Total-Identity-Security.pdf\" target=\"_blank\" rel=\"noopener noreferrer\">Datenblatt AuthPoint Total Identity Security<\/a><\/li>\n<li><a href=\"https:\/\/www.boc.de\/pub\/media\/documents\/authpointtotalidentitysecurity\/30_Brosch%C3%BCre-WatchGuard-AuthPoint-Total-Identity-Security.pdf\" target=\"_blank\" rel=\"noopener noreferrer\">Brosch\u00fcre AuthPoint Total Identity Security<\/a><\/li>\n<li><a href=\"https:\/\/www.boc.de\/watchguard-authpoint-total-identity-security.html\" target=\"_blank\" rel=\"noopener noreferrer\">AuthPoint Total Identity Security im Shop<\/a><\/li>\n<\/ul>\n<h3>WatchGuard Hardware Token<\/h3>\n<ul>\n<li><a href=\"https:\/\/www.boc.de\/watchguard-hardware-token.html\" target=\"_blank\" rel=\"noopener noreferrer\">WatchGuard Hardware Token im Shop<\/a><\/li>\n<li><a href=\"https:\/\/www.boc.de\/watchguard-info-portal\/2020\/09\/howto-authpoint-hardware-token-aktivierung\/\" target=\"_blank\" rel=\"noopener noreferrer\">HOWTO &#8211; WatchGuard Hardware Token Aktivierung<\/a><\/li>\n<\/ul>\n<h3>Weitere Informationen und Downloads<\/h3>\n<ul>\n<li><a href=\"https:\/\/www.boc.de\/pub\/media\/documents\/authpoint\/20_Datenblatt-WatchGuard-AuthPoint.pdf\" target=\"_blank\" rel=\"noopener noreferrer\">offizielles Datenblatt zu AuthPoint (deutsch)<\/a><\/li>\n<li><a href=\"https:\/\/www.boc.de\/pub\/media\/documents\/authpoint\/30_Brosch%C3%BCre-WatchGuard-AuthPoint.pdf\" target=\"_blank\" rel=\"noopener noreferrer\">Informationsbrosch\u00fcre AuthPoint (deutsch)<\/a><\/li>\n<li><a href=\"https:\/\/www.boc.de\/pub\/media\/documents\/authpoint\/70_WhitePaper-WatchGuard-AuthPoint.pdf\" target=\"_blank\" rel=\"noopener noreferrer\">WHITE PAPER AuthPoint (deutsch)<\/a><\/li>\n<li><a href=\"https:\/\/www.boc.de\/pub\/media\/documents\/authpoint\/40_eBook-WatchGuard-AuthPoint.pdf\" target=\"_blank\" rel=\"noopener noreferrer\">eBook AuthPoint (deutsch)<\/a><\/li>\n<li><a href=\"https:\/\/www.boc.de\/watchguard-info-portal\/wp-content\/uploads\/2018\/08\/InfoGraphic_AuthPoint_ROI_DE.pdf\" target=\"_blank\" rel=\"noopener noreferrer\">Infografik AuthPoint (deutsch)<\/a><\/li>\n<\/ul>\n<p>&nbsp;<\/p>\n","protected":false},"excerpt":{"rendered":"<p>WatchGuard AuthPoint &#8211; kosteng\u00fcnstig, leistungsstark und benutzerfreundlich Einfache, effektive Authentifizierung \u00fcberall verf\u00fcgbar Laut einer Studie von Verizon (2018) ist die Verwendung gestohlener Anmeldedaten die beliebteste Taktik von Hackern, um unerlaubt auf Netzwerkressourcen zuzugreifen. Durch eine Multifaktor-Authentifizierung (MFA) ist neben einem herk\u00f6mmlichen Passwort ein zus\u00e4tzlicher Identit\u00e4tsnachweis erforderlich, um sich zu authentifizieren.\u00a0Bisher war die MFA f\u00fcr viele Unternehmen uninteressant, da die L\u00f6sungen zu teuer und komplex in &hellip; <a href=\"https:\/\/wordpress.boc.de\/watchguard-info-portal\/produktinfos\/watchguard-authpoint\/\" class=\"more-link\">Weiterlesen <span class=\"screen-reader-text\">WatchGuard AuthPoint<\/span> <span class=\"meta-nav\">&raquo;<\/span><\/a><\/p>\n","protected":false},"author":4,"featured_media":0,"parent":24,"menu_order":0,"comment_status":"closed","ping_status":"closed","template":"","meta":{"footnotes":""},"class_list":["post-4422","page","type-page","status-publish","hentry"],"_links":{"self":[{"href":"https:\/\/wordpress.boc.de\/watchguard-info-portal\/wp-json\/wp\/v2\/pages\/4422"}],"collection":[{"href":"https:\/\/wordpress.boc.de\/watchguard-info-portal\/wp-json\/wp\/v2\/pages"}],"about":[{"href":"https:\/\/wordpress.boc.de\/watchguard-info-portal\/wp-json\/wp\/v2\/types\/page"}],"author":[{"embeddable":true,"href":"https:\/\/wordpress.boc.de\/watchguard-info-portal\/wp-json\/wp\/v2\/users\/4"}],"replies":[{"embeddable":true,"href":"https:\/\/wordpress.boc.de\/watchguard-info-portal\/wp-json\/wp\/v2\/comments?post=4422"}],"version-history":[{"count":81,"href":"https:\/\/wordpress.boc.de\/watchguard-info-portal\/wp-json\/wp\/v2\/pages\/4422\/revisions"}],"predecessor-version":[{"id":27364,"href":"https:\/\/wordpress.boc.de\/watchguard-info-portal\/wp-json\/wp\/v2\/pages\/4422\/revisions\/27364"}],"up":[{"embeddable":true,"href":"https:\/\/wordpress.boc.de\/watchguard-info-portal\/wp-json\/wp\/v2\/pages\/24"}],"wp:attachment":[{"href":"https:\/\/wordpress.boc.de\/watchguard-info-portal\/wp-json\/wp\/v2\/media?parent=4422"}],"curies":[{"name":"wp","href":"https:\/\/api.w.org\/{rel}","templated":true}]}}