{"id":4391,"date":"2018-07-26T11:16:25","date_gmt":"2018-07-26T09:16:25","guid":{"rendered":"https:\/\/www.boc.de\/watchguard-info-portal\/?page_id=4391"},"modified":"2024-02-16T11:00:57","modified_gmt":"2024-02-16T10:00:57","slug":"ablauf-und-verlaengerung-von-lizenzen","status":"publish","type":"page","link":"https:\/\/wordpress.boc.de\/watchguard-info-portal\/produktinfos\/ablauf-und-verlaengerung-von-lizenzen\/","title":{"rendered":"Ablauf und Verl\u00e4ngerung von Lizenzen"},"content":{"rendered":"<div id=\"pl-4391\"  class=\"panel-layout\" ><div id=\"pg-4391-0\"  class=\"panel-grid panel-no-style\" ><div id=\"pgc-4391-0-0\"  class=\"panel-grid-cell\" ><div id=\"panel-4391-0-0-0\" class=\"so-panel widget widget_sow-editor panel-first-child panel-last-child\" data-index=\"0\" ><div\n\t\t\t\n\t\t\tclass=\"so-widget-sow-editor so-widget-sow-editor-base\"\n\t\t\t\n\t\t>\n<div class=\"siteorigin-widget-tinymce textwidget\">\n\t<h2>Ablauf und Verl\u00e4ngerung von Lizenzen<\/h2>\n<p>Die Lizenzen folgender Security Services m\u00fcssen regelm\u00e4\u00dfig verl\u00e4ngert werden, um effektiv funktionieren zu k\u00f6nnen:<\/p>\n<ul>\n<li><a href=\"https:\/\/www.boc.de\/watchguard-info-portal\/produktinfos\/watchguard-security-services-und-suites\/watchguard-gateway-antivirus\/\" target=\"_blank\" rel=\"noopener\">Gateway AntiVirus<\/a><\/li>\n<li><a href=\"https:\/\/www.boc.de\/watchguard-info-portal\/produktinfos\/watchguard-security-services-und-suites\/watchguard-intelligentav\/\" target=\"_blank\" rel=\"noopener\">IntelligentAV<\/a><\/li>\n<li><a href=\"https:\/\/www.boc.de\/watchguard-info-portal\/produktinfos\/watchguard-security-services-und-suites\/watchguard-intrusion-prevention\/\" target=\"_blank\" rel=\"noopener\">Intrusion Prevention Service<\/a><\/li>\n<li><a href=\"https:\/\/www.boc.de\/watchguard-info-portal\/produktinfos\/watchguard-security-services-und-suites\/watchguard-webblocker\/\" target=\"_blank\" rel=\"noopener\">WebBlocker<\/a><\/li>\n<li><a href=\"https:\/\/www.boc.de\/watchguard-info-portal\/produktinfos\/watchguard-security-services-und-suites\/watchguard-reputation-enabled-defense\/\" target=\"_blank\" rel=\"noopener\">Reputation Enabled Defense<\/a><\/li>\n<li><a href=\"https:\/\/www.boc.de\/watchguard-info-portal\/produktinfos\/watchguard-security-services-und-suites\/watchguard-application-control\/\" target=\"_blank\" rel=\"noopener\">Application Control<\/a><\/li>\n<li><a href=\"https:\/\/www.boc.de\/watchguard-info-portal\/produktinfos\/watchguard-security-services-und-suites\/watchguard-data-loss-prevention\/\" target=\"_blank\" rel=\"noopener\">Data Loss Prevention<\/a><\/li>\n<li><a href=\"https:\/\/www.boc.de\/watchguard-info-portal\/produktinfos\/watchguard-security-services-und-suites\/watchguard-apt-blocker\/\" target=\"_blank\" rel=\"noopener\">APT Blocker<\/a><\/li>\n<li><a href=\"https:\/\/www.boc.de\/watchguard-info-portal\/produktinfos\/watchguard-security-services-und-suites\/watchguard-reputation-enabled-defense\/\" target=\"_blank\" rel=\"noopener\">Botnet Detection<\/a><\/li>\n<li><a href=\"https:\/\/www.boc.de\/watchguard-info-portal\/produktinfos\/watchguard-security-services-und-suites\/watchguard-network-discovery\/\" target=\"_blank\" rel=\"noopener\">Network Discovery<\/a><\/li>\n<li><a href=\"https:\/\/www.boc.de\/watchguard-info-portal\/produktinfos\/watchguard-security-services-und-suites\/watchguard-threat-detection-and-response\/\" target=\"_blank\" rel=\"noopener\">Threat Detection and Response<\/a><\/li>\n<li><a href=\"https:\/\/www.boc.de\/watchguard-info-portal\/produktinfos\/watchguard-security-services-und-suites\/dnswatch\/\" target=\"_blank\" rel=\"noopener\">DNSWatch<\/a><\/li>\n<\/ul>\n<p>Der <a href=\"https:\/\/www.boc.de\/watchguard-info-portal\/produktinfos\/watchguard-support-livesecurity\/\">Support Service<\/a> ist sofort aktiviert nachdem das Ger\u00e4t registriert wurde. Im Feature Key wird er noch als \"LiveSecurity Service\" (ursprgl. Bezeichnung) gelistet.<br \/>\nWenn er abl\u00e4uft, k\u00f6nnen keine Updates oder Neuinstallation mehr vorgenommen werden. Zudem protokolliert die Dimension keine Nachrichten mehr.<\/p>\n<p>Grunds\u00e4tzlich empfehlen wir, die Lizenzen zu verl\u00e4ngern <strong>BEVOR<\/strong> sie ablaufen. Die Lizenzen laufen immer um 12 Uhr mittags am Tag nach dem festgelegten Ablaufdatum ab.<\/p>\n<pre>Beim Kauf einer Lizenzverl\u00e4ngerung f\u00fcr ein Ger\u00e4t mit bereits abgelaufenen Services werden die neu erworbenen Lizenzen f\u00fcr diese Services maximal sechs Monate in die Vergangenheit r\u00fcckdatiert, d.h. wenn ihre Lizenz bereits 1 Jahr lang abgelaufen ist und Sie nun eine Lizenzverl\u00e4ngerung f\u00fcr 3 Jahre erwerben, werden von der neu erworbenen Lizenz bereits bis zu sechs Monate abgezogen.<\/pre>\n<h5>Verl\u00e4ngerungserinnerungen<\/h5>\n<p>Die Firebox sendet 60, 30, 15 und 1 Tag vor dem Ablaufdatum eine Erinnerung bei jeder Konfigurations\u00e4nderung.<br \/>\nSowohl im Policy Manager als auch in der Web UI lassen sich auch Alarmbenachrichtigungen aktivieren. Diese senden dann eine Benachrichtigung sobald ein Service abgelaufen ist oder in den n\u00e4chsten 90, 30, 5, 4, 3, 2 oder 1 Tag ablaufen wird. Zu finden im Policy Manager unter System -&gt; Feature Key -&gt; Enable automatic feature key synchronization -&gt; send alarm notification when feature key is going to be expired or has been expired.<\/p>\n<h5>Lizenzverl\u00e4ngerungen synchronisieren<\/h5>\n<p>Wir bieten Ihnen die M\u00f6glichkeit mit unserem <a href=\"https:\/\/www.boc.de\/watchguard-info-portal\/vertriebsinfos\/watchguard-customer-renewal-tool\/\" target=\"_blank\" rel=\"noopener\">Customer Renewal Tool<\/a>, alle WatchGuard Produkte und alle Services auf ein\u00a0gemeinsames Ablaufdatum\u00a0zu\u00a0synchronisieren, das von Ihnen festgelegt werden kann (zum Beispiel der 31.12.2024). Weil eine Verl\u00e4ngerung dann typischerweise nur noch einmal im Jahr vorgenommen werden muss, wird die Abwicklung vereinfacht.<\/p>\n<h5>Feature Key Konformit\u00e4t<\/h5>\n<p>Es lassen sich keine Konfigurations\u00e4nderungen vom Policy Manager auf die Firebox speichern sobald die Lizenz des entsprechenden Services abgelaufen ist. Bei dem Versuch etwas zu speichern erscheint die Feature Key Compliance Meldung mit einer Liste von allen abgelaufenen Services. Um \u00c4nderungen zu speichern muss entweder der abgelaufene Service deaktiviert werden oder ein noch nicht abgelaufener Feature Key f\u00fcr den entsprechenden Service hinzugef\u00fcgt werden.<\/p>\n<h5>Besonderheiten im FireCluster<\/h5>\n<p>Alle Cluster Ger\u00e4te m\u00fcssen eine g\u00fcltige Lizenz f\u00fcr den Standard Support haben, ansonsten k\u00f6nnen keine Updates durchgef\u00fchrt werden. Solange der Standard Support noch auf mindestens einem Ger\u00e4t aktiv ist k\u00f6nnen Einstellungen vorgenommen und gespeichert werden.<br \/>\nIn einem active\/passive Cluster muss nur ein Ger\u00e4t (das aktive Ger\u00e4t) mit einer g\u00fcltigen Lizenz f\u00fcr die entsprechenden Services ausgestattet sein, um den Service f\u00fcr das gesamte Cluster zug\u00e4nglich zu machen.<br \/>\nIn einem active\/active Cluster m\u00fcssen alle Ger\u00e4te mit einer g\u00fcltigen Lizenz f\u00fcr die entsprechenden Services ausgestattet sein, um effektiv funktionieren zu k\u00f6nnen.<\/p>\n<h5>Security Services Verhalten nach Lizenzablauf<\/h5>\n<p>Grunds\u00e4tzlich gilt bei einer abgelaufenen Lizenz, dass der Service nicht mehr funktioniert und keine Einstellungs\u00e4nderungen mehr vorgenommen werden k\u00f6nnen.\u00a0Security-Services scannen keinen Datenverkehr ohne eine g\u00fcltige Lizenz und Ihr Netzwerk ist Angriffen von Ransomware, Malware und Hackern ausgesetzt.<\/p>\n<p>Im folgenden wird beschrieben was genau bei den einzelnen Services passiert, wenn sie abgelaufen sind:<\/p>\n<\/div>\n<\/div><\/div><\/div><\/div><div id=\"pg-4391-1\"  class=\"panel-grid panel-no-style\" ><div id=\"pgc-4391-1-0\"  class=\"panel-grid-cell\" ><div id=\"panel-4391-1-0-0\" class=\"so-panel widget widget_sow-editor panel-first-child panel-last-child\" data-index=\"1\" ><div class=\"panel-widget-style panel-widget-style-for-4391-1-0-0\" ><div\n\t\t\t\n\t\t\tclass=\"so-widget-sow-editor so-widget-sow-editor-base\"\n\t\t\t\n\t\t><h3 class=\"widget-title\">Gateway AntiVirus<\/h3>\n<div class=\"siteorigin-widget-tinymce textwidget\">\n\t<ul>\n<li>Signatur-Updates stoppen umgehend<\/li>\n<li>das Entdecken und Blocken von Viren h\u00f6rt umgehend auf<\/li>\n<li>Einstellungsm\u00f6glichkeiten werden sowohl im Policy Manager als auch in der Web UI gesperrt<\/li>\n<li>IntelligentAV funktioniert ebenfalls nicht mehr (auch wenn f\u00fcr IntelligentAV noch eine g\u00fcltige Lizenz vorliegt)<\/li>\n<\/ul>\n<\/div>\n<\/div><\/div><\/div><\/div><div id=\"pgc-4391-1-1\"  class=\"panel-grid-cell\" ><div id=\"panel-4391-1-1-0\" class=\"so-panel widget widget_sow-editor panel-first-child panel-last-child\" data-index=\"2\" ><div\n\t\t\t\n\t\t\tclass=\"so-widget-sow-editor so-widget-sow-editor-base\"\n\t\t\t\n\t\t><h3 class=\"widget-title\">IntelligentAV<\/h3>\n<div class=\"siteorigin-widget-tinymce textwidget\">\n\t<ul>\n<li>Updates stoppen umgehend<\/li>\n<li>Dateien werden nicht mehr gescannt<\/li>\n<li>Einstellungsm\u00f6glichkeiten werden sowohl im Policy Manager als auch in der Web UI gesperrt<\/li>\n<\/ul>\n<\/div>\n<\/div><\/div><\/div><div id=\"pgc-4391-1-2\"  class=\"panel-grid-cell\" ><div id=\"panel-4391-1-2-0\" class=\"so-panel widget widget_sow-editor panel-first-child panel-last-child\" data-index=\"3\" ><div\n\t\t\t\n\t\t\tclass=\"so-widget-sow-editor so-widget-sow-editor-base\"\n\t\t\t\n\t\t><h3 class=\"widget-title\">Intrusion Prevention Service (IPS)<\/h3>\n<div class=\"siteorigin-widget-tinymce textwidget\">\n\t<ul>\n<li>Signatur-Updates stoppen umgehend<\/li>\n<li>das Entdecken und Blocken von Eingriffen h\u00f6rt umgehend auf<\/li>\n<li>Einstellungsm\u00f6glichkeiten werden sowohl im Policy Manager als auch in der Web UI gesperrt<\/li>\n<\/ul>\n<\/div>\n<\/div><\/div><\/div><\/div><div id=\"pg-4391-2\"  class=\"panel-grid panel-no-style\" ><div id=\"pgc-4391-2-0\"  class=\"panel-grid-cell\" ><div id=\"panel-4391-2-0-0\" class=\"so-panel widget widget_sow-editor panel-first-child panel-last-child\" data-index=\"4\" ><div\n\t\t\t\n\t\t\tclass=\"so-widget-sow-editor so-widget-sow-editor-base\"\n\t\t\t\n\t\t><h3 class=\"widget-title\">WebBlocker<\/h3>\n<div class=\"siteorigin-widget-tinymce textwidget\">\n\t<ul>\n<li>Updates zum WebBlocker Server stoppen umgehend<\/li>\n<li>Webinhalte werden nicht mehr gescannt<\/li>\n<li>die \"License Bypass\"-Einstellung kontrolliert, ob nach Lizenzablauf alle Webseiten geblockt oder zugelassen werden. Standardm\u00e4\u00dfig werden alle Seiten geblockt. Um alle Seiten wieder zuzulassen m\u00fcssen Sie entweder den WebBlocker f\u00fcr jede Policy deaktivieren oder g\u00fcltige Lizenz erwerben.<\/li>\n<li>Einstellungsm\u00f6glichkeiten werden sowohl im Policy Manager als auch in der Web UI gesperrt<\/li>\n<\/ul>\n<\/div>\n<\/div><\/div><\/div><div id=\"pgc-4391-2-1\"  class=\"panel-grid-cell\" ><div id=\"panel-4391-2-1-0\" class=\"so-panel widget widget_sow-editor panel-first-child panel-last-child\" data-index=\"5\" ><div\n\t\t\t\n\t\t\tclass=\"so-widget-sow-editor so-widget-sow-editor-base\"\n\t\t\t\n\t\t><h3 class=\"widget-title\">spamBlocker<\/h3>\n<div class=\"siteorigin-widget-tinymce textwidget\">\n\t<ul>\n<li>Spam wird nicht mehr geblockt<\/li>\n<li>Einstellungsm\u00f6glichkeiten werden sowohl im Policy Manager als auch in der Web UI gesperrt<\/li>\n<\/ul>\n<\/div>\n<\/div><\/div><\/div><div id=\"pgc-4391-2-2\"  class=\"panel-grid-cell\" ><div id=\"panel-4391-2-2-0\" class=\"so-panel widget widget_sow-editor panel-first-child panel-last-child\" data-index=\"6\" ><div\n\t\t\t\n\t\t\tclass=\"so-widget-sow-editor so-widget-sow-editor-base\"\n\t\t\t\n\t\t><h3 class=\"widget-title\">Reputation Enabled Defense<\/h3>\n<div class=\"siteorigin-widget-tinymce textwidget\">\n\t<ul>\n<li>das \u00dcberpr\u00fcfen der Reputation stoppt umgehend<\/li>\n<li>Einstellungsm\u00f6glichkeiten werden sowohl im Policy Manager als auch in der Web UI gesperrt<\/li>\n<\/ul>\n<\/div>\n<\/div><\/div><\/div><\/div><div id=\"pg-4391-3\"  class=\"panel-grid panel-no-style\" ><div id=\"pgc-4391-3-0\"  class=\"panel-grid-cell\" ><div id=\"panel-4391-3-0-0\" class=\"so-panel widget widget_sow-editor panel-first-child panel-last-child\" data-index=\"7\" ><div\n\t\t\t\n\t\t\tclass=\"so-widget-sow-editor so-widget-sow-editor-base\"\n\t\t\t\n\t\t><h3 class=\"widget-title\">Application Control<\/h3>\n<div class=\"siteorigin-widget-tinymce textwidget\">\n\t<ul>\n<li>Signatur-Updates stoppen umgehen<\/li>\n<li>das Identifizieren und Blocken von Anwendungen h\u00f6rt umgehend auf<\/li>\n<li>Einstellungsm\u00f6glichkeiten werden sowohl im Policy Manager als auch in der Web UI gesperrt<\/li>\n<\/ul>\n<\/div>\n<\/div><\/div><\/div><div id=\"pgc-4391-3-1\"  class=\"panel-grid-cell\" ><div id=\"panel-4391-3-1-0\" class=\"so-panel widget widget_sow-editor panel-first-child panel-last-child\" data-index=\"8\" ><div\n\t\t\t\n\t\t\tclass=\"so-widget-sow-editor so-widget-sow-editor-base\"\n\t\t\t\n\t\t><h3 class=\"widget-title\">Data Loss Prevention (DLP)<\/h3>\n<div class=\"siteorigin-widget-tinymce textwidget\">\n\t<ul>\n<li>Signatur-Updates stoppen umgehend<\/li>\n<li>das Identifizieren von DLP Verletzungen h\u00f6rt umgehend auf<\/li>\n<li>Einstellungsm\u00f6glichkeiten werden sowohl im Policy Manager als auch in der Web UI gesperrt<\/li>\n<\/ul>\n<\/div>\n<\/div><\/div><\/div><div id=\"pgc-4391-3-2\"  class=\"panel-grid-cell\" ><div id=\"panel-4391-3-2-0\" class=\"so-panel widget widget_sow-editor panel-first-child panel-last-child\" data-index=\"9\" ><div\n\t\t\t\n\t\t\tclass=\"so-widget-sow-editor so-widget-sow-editor-base\"\n\t\t\t\n\t\t><h3 class=\"widget-title\">APT Blocker<\/h3>\n<div class=\"siteorigin-widget-tinymce textwidget\">\n\t<ul>\n<li>das Entdecken und Blocken von APT Malware h\u00f6rt umgehend auf<\/li>\n<li>Einstellungsm\u00f6glichkeiten werden sowohl im Policy Manager als auch in der Web UI gesperrt<\/li>\n<\/ul>\n<\/div>\n<\/div><\/div><\/div><\/div><div id=\"pg-4391-4\"  class=\"panel-grid panel-no-style\" ><div id=\"pgc-4391-4-0\"  class=\"panel-grid-cell\" ><div id=\"panel-4391-4-0-0\" class=\"so-panel widget widget_sow-editor panel-first-child panel-last-child\" data-index=\"10\" ><div\n\t\t\t\n\t\t\tclass=\"so-widget-sow-editor so-widget-sow-editor-base\"\n\t\t\t\n\t\t><h3 class=\"widget-title\">Botnet Detection<\/h3>\n<div class=\"siteorigin-widget-tinymce textwidget\">\n\t<ul>\n<li>ist Teil des Reputation Enabled Defense Service (RED)<\/li>\n<li>Seiten-Updates stoppen umgehend<\/li>\n<li>Einstellungsm\u00f6glichkeiten werden sowohl im Policy Manager als auch in der Web UI gesperrt<\/li>\n<\/ul>\n<\/div>\n<\/div><\/div><\/div><div id=\"pgc-4391-4-1\"  class=\"panel-grid-cell\" ><div id=\"panel-4391-4-1-0\" class=\"so-panel widget widget_sow-editor panel-first-child panel-last-child\" data-index=\"11\" ><div\n\t\t\t\n\t\t\tclass=\"so-widget-sow-editor so-widget-sow-editor-base\"\n\t\t\t\n\t\t><h3 class=\"widget-title\">Network Discovery<\/h3>\n<div class=\"siteorigin-widget-tinymce textwidget\">\n\t<ul>\n<li>die Funktionalit\u00e4ten werden aus der Fireware Web UI entfernt<\/li>\n<\/ul>\n<\/div>\n<\/div><\/div><\/div><div id=\"pgc-4391-4-2\"  class=\"panel-grid-cell\" ><div id=\"panel-4391-4-2-0\" class=\"so-panel widget widget_sow-editor panel-first-child panel-last-child\" data-index=\"12\" ><div\n\t\t\t\n\t\t\tclass=\"so-widget-sow-editor so-widget-sow-editor-base\"\n\t\t\t\n\t\t><h3 class=\"widget-title\">Threat Detection and Response (TDR)<\/h3>\n<div class=\"siteorigin-widget-tinymce textwidget\">\n\t<ul>\n<li>die Firebox sendet keine weiteren Netzwerkereignisse an das TDR Konto<\/li>\n<li>die Host Sensoren k\u00f6nnen nicht auf dem Endpunkt eingreifen<\/li>\n<li>die Host Sensoren melden 7 Tage nach Ablauf weiterhin bevor sie automatisch deinstalliert werden<\/li>\n<\/ul>\n<\/div>\n<\/div><\/div><\/div><\/div><div id=\"pg-4391-5\"  class=\"panel-grid panel-no-style\" ><div id=\"pgc-4391-5-0\"  class=\"panel-grid-cell\" ><div id=\"panel-4391-5-0-0\" class=\"so-panel widget widget_sow-editor panel-first-child panel-last-child\" data-index=\"13\" ><div\n\t\t\t\n\t\t\tclass=\"so-widget-sow-editor so-widget-sow-editor-base\"\n\t\t\t\n\t\t><h3 class=\"widget-title\">DNSWatch<\/h3>\n<div class=\"siteorigin-widget-tinymce textwidget\">\n\t<ul>\n<li>die bisherigen DNS Einstellungen bleiben bestehen<\/li>\n<li>wenn kein DNS Server konfiguriert ist wird DNSWatch f\u00fcr DNS Anfragen genutzt<\/li>\n<li>wenn kein DNS Server konfiguriert ist gibt es keine Benachrichtigungen und Einstellungsm\u00f6glichkeiten mehr<\/li>\n<li>wenn kein DNS Server konfiguriert ist generiert die Firebox eine Protokollnachricht um Sie dar\u00fcber zu benachrichtigen<\/li>\n<\/ul>\n<p>\u00a0<\/p>\n<\/div>\n<\/div><\/div><\/div><div id=\"pgc-4391-5-1\"  class=\"panel-grid-cell panel-grid-cell-empty panel-grid-cell-mobile-last\" ><\/div><div id=\"pgc-4391-5-2\"  class=\"panel-grid-cell panel-grid-cell-empty\" ><\/div><\/div><\/div>","protected":false},"excerpt":{"rendered":"<p>Ablauf und Verl\u00e4ngerung von Lizenzen Die Lizenzen folgender Security Services m\u00fcssen regelm\u00e4\u00dfig verl\u00e4ngert werden, um effektiv funktionieren zu k\u00f6nnen: Gateway AntiVirus IntelligentAV Intrusion Prevention Service WebBlocker Reputation Enabled Defense Application Control Data Loss Prevention APT Blocker Botnet Detection Network Discovery Threat Detection and Response DNSWatch Der Support Service ist sofort aktiviert nachdem das Ger\u00e4t registriert wurde. Im Feature Key wird er noch als &#8220;LiveSecurity Service&#8221; &hellip; <a href=\"https:\/\/wordpress.boc.de\/watchguard-info-portal\/produktinfos\/ablauf-und-verlaengerung-von-lizenzen\/\" class=\"more-link\">Weiterlesen <span class=\"screen-reader-text\">Ablauf und Verl\u00e4ngerung von Lizenzen<\/span> <span class=\"meta-nav\">&raquo;<\/span><\/a><\/p>\n","protected":false},"author":4,"featured_media":0,"parent":24,"menu_order":0,"comment_status":"closed","ping_status":"closed","template":"","meta":{"footnotes":""},"class_list":["post-4391","page","type-page","status-publish","hentry"],"_links":{"self":[{"href":"https:\/\/wordpress.boc.de\/watchguard-info-portal\/wp-json\/wp\/v2\/pages\/4391"}],"collection":[{"href":"https:\/\/wordpress.boc.de\/watchguard-info-portal\/wp-json\/wp\/v2\/pages"}],"about":[{"href":"https:\/\/wordpress.boc.de\/watchguard-info-portal\/wp-json\/wp\/v2\/types\/page"}],"author":[{"embeddable":true,"href":"https:\/\/wordpress.boc.de\/watchguard-info-portal\/wp-json\/wp\/v2\/users\/4"}],"replies":[{"embeddable":true,"href":"https:\/\/wordpress.boc.de\/watchguard-info-portal\/wp-json\/wp\/v2\/comments?post=4391"}],"version-history":[{"count":25,"href":"https:\/\/wordpress.boc.de\/watchguard-info-portal\/wp-json\/wp\/v2\/pages\/4391\/revisions"}],"predecessor-version":[{"id":19207,"href":"https:\/\/wordpress.boc.de\/watchguard-info-portal\/wp-json\/wp\/v2\/pages\/4391\/revisions\/19207"}],"up":[{"embeddable":true,"href":"https:\/\/wordpress.boc.de\/watchguard-info-portal\/wp-json\/wp\/v2\/pages\/24"}],"wp:attachment":[{"href":"https:\/\/wordpress.boc.de\/watchguard-info-portal\/wp-json\/wp\/v2\/media?parent=4391"}],"curies":[{"name":"wp","href":"https:\/\/api.w.org\/{rel}","templated":true}]}}