{"id":423,"date":"2016-06-16T11:38:15","date_gmt":"2016-06-16T09:38:15","guid":{"rendered":"https:\/\/www.boc.de\/watchguard-info-portal\/?page_id=423"},"modified":"2026-03-03T16:23:32","modified_gmt":"2026-03-03T15:23:32","slug":"watchguard-customer-renewal-tool","status":"publish","type":"page","link":"https:\/\/wordpress.boc.de\/watchguard-info-portal\/vertriebsinfos\/watchguard-customer-renewal-tool\/","title":{"rendered":"Customer Renewal Tool"},"content":{"rendered":"<div id=\"pl-423\"  class=\"panel-layout\" ><div id=\"pg-423-0\"  class=\"panel-grid panel-no-style\" ><div id=\"pgc-423-0-0\"  class=\"panel-grid-cell\" ><div id=\"panel-423-0-0-0\" class=\"so-panel widget widget_sow-editor panel-first-child panel-last-child\" data-index=\"0\" ><div\n\t\t\t\n\t\t\tclass=\"so-widget-sow-editor so-widget-sow-editor-base\"\n\t\t\t\n\t\t>\n<div class=\"siteorigin-widget-tinymce textwidget\">\n\t<h2><strong>Customer Renewal Tool<\/strong><\/h2>\n<p>Haben Sie mehrere WatchGuard Produkte? Typischerweise gibt es dann mehrere \u00fcber das Jahr verteilte Ablauftermine f\u00fcr die LiveSecurity (Support) und die Security Services (WebBlocker, spamBlocker, Gateway Antivirus, Intrusion Prevention Services, Reputation Enabled Defense, Application Control, APT Blocker, Data Loss Prevention, Network Discovery, Dimension Command). Wir bieten Ihnen die M\u00f6glichkeit, alle WatchGuard Produkte und alle Services auf ein <strong>gemeinsames Ablaufdatum<\/strong> zu <strong>synchronisieren<\/strong>, das von Ihnen festgelegt werden kann (zum Beispiel der 31.12.2026). Weil eine Verl\u00e4ngerung dann typischerweise nur noch einmal im Jahr vorgenommen werden muss, wird die Abwicklung vereinfacht.<\/p>\n<p><strong>So funktioniert es:<\/strong><\/p>\n<ol>\n<li>Geben Sie uns die Seriennummern Ihrer WatchGuard-Produkte an.<\/li>\n<li>Geben Sie das Datum an, auf das die Ablauftermine von Live Security und den Security Services (WebBlocker, spamBlocker, Gateway Antivirus, Intrusion Prevention Services, Reputation Enabled Defense, Application Control, APT Blocker, Data Loss Prevention, Network Discovery, Dimension Command) zusammengelegt werden sollen, z.B. der 31.12.2026.<\/li>\n<li>Wir errechnen tagesgenau die Kosten f\u00fcr die Verl\u00e4ngerung und erstellen Ihnen hier\u00fcber ein Angebot.<\/li>\n<li>Bei einer Bestellung erfolgt keine Produktlieferung, sondern die Ablauftermine werden direkt in der Produkt-Datenbank von WatchGuard angepasst. Hier\u00fcber erhalten Sie eine Best\u00e4tigung. Sie k\u00f6nnen die \u00c4nderungen \u00fcber Ihren Account auf den WatchGuard-Webseiten jederzeit einsehen und dort auch die neuen Feature Keys (Lizenzdateien) herunterladen.<\/li>\n<\/ol>\n<\/div>\n<\/div><\/div><\/div><\/div><div id=\"pg-423-1\"  class=\"panel-grid panel-no-style\" ><div id=\"pgc-423-1-0\"  class=\"panel-grid-cell panel-grid-cell-mobile-last\" ><div id=\"panel-423-1-0-0\" class=\"so-panel widget widget_sow-contact-form panel-first-child panel-last-child\" data-index=\"1\" ><div\n\t\t\t\n\t\t\tclass=\"so-widget-sow-contact-form so-widget-sow-contact-form-default-d2a6f85fbb46-423\"\n\t\t\t\n\t\t><h3 class=\"widget-title\">Individuelles Angebot anfordern<\/h3>\t<form\n\t\taction=\"\/watchguard-info-portal\/wp-json\/wp\/v2\/pages\/423\"\n\t\tmethod=\"POST\"\n\t\tclass=\"sow-contact-form\"\n\t\tid=\"contact-form-c138\"\n\t>\n\n\t\t\n\t\t\t\t\t<div class=\"sow-form-field sow-form-field-textarea\">\n\t\t\t\t<label class=\"sow-form-field-label-above\" for=\"sow-contact-form-field-firma-organisation-57664d8e890bd\">\n\t\t\t\t<strong>\n\t\t\t\t\tFirma \/ Organisation\t\t\t\t\t\t\t\t\t<\/strong>\n\t\t\t<\/label>\n\t\t\t\t\t\t\t<span class=\"sow-field-container\">\n\t\t\t\t\t\t\t<textarea\n\t\t\tname=\"firma-organisation-57664d8e890bd\"\n\t\t\tid=\"sow-contact-form-field-firma-organisation-57664d8e890bd\"\n\t\t\trows=\"10\"\n\t\t\t\t\t\t\t\t><\/textarea>\n\t\t\t\t\t\t<\/span>\n\t\t\t\t\t\t\t<\/div>\n\t\t\t\t\t\t<div class=\"sow-form-field sow-form-field-name\">\n\t\t\t\t<label class=\"sow-form-field-label-above\" for=\"sow-contact-form-field-vor-und-nachname-57664d8e890bd\">\n\t\t\t\t<strong>\n\t\t\t\t\tVor- und Nachname\t\t\t\t\t\t\t\t\t<\/strong>\n\t\t\t<\/label>\n\t\t\t\t\t\t\t<span class=\"sow-field-container\">\n\t\t\t\t\t\t\t<input\n\t\t\ttype=\"text\"\n\t\t\tname=\"vor-und-nachname-57664d8e890bd\"\n\t\t\tid=\"sow-contact-form-field-vor-und-nachname-57664d8e890bd\"\n\t\t\tvalue=\"\"\n\t\t\tclass=\"sow-text-field\"\n\t\t\t\t\t\/>\n\t\t\t\t\t\t<\/span>\n\t\t\t\t\t\t\t<\/div>\n\t\t\t\t\t\t<div class=\"sow-form-field sow-form-field-email\">\n\t\t\t\t<label class=\"sow-form-field-label-above\" for=\"sow-contact-form-field-e-mail-adresse-57664d8e890bd\">\n\t\t\t\t<strong>\n\t\t\t\t\tE-Mail-Adresse\t\t\t\t\t\t\t\t\t<\/strong>\n\t\t\t<\/label>\n\t\t\t\t\t\t\t<span class=\"sow-field-container\">\n\t\t\t\t\t\t\t<input\n\t\t\ttype=\"email\"\n\t\t\tname=\"e-mail-adresse-57664d8e890bd\"\n\t\t\tid=\"sow-contact-form-field-e-mail-adresse-57664d8e890bd\"\n\t\t\tvalue=\"\"\n\t\t\tclass=\"sow-text-field\"\t\t\t\t\t\t\t\t\/>\n\t\t\t\t\t\t<\/span>\n\t\t\t\t\t\t\t<\/div>\n\t\t\t\t\t\t<div class=\"sow-form-field sow-form-field-text\">\n\t\t\t\t<label class=\"sow-form-field-label-above\" for=\"sow-contact-form-field-telefonnummer-57664d8e890bd\">\n\t\t\t\t<strong>\n\t\t\t\t\tTelefonnummer\t\t\t\t\t\t\t\t\t<\/strong>\n\t\t\t<\/label>\n\t\t\t\t\t\t\t<span class=\"sow-field-container\">\n\t\t\t\t\t\t\t<input\n\t\t\ttype=\"text\"\n\t\t\tname=\"telefonnummer-57664d8e890bd\"\n\t\t\tid=\"sow-contact-form-field-telefonnummer-57664d8e890bd\"\n\t\t\tvalue=\"\"\n\t\t\tclass=\"sow-text-field\"\t\t\t\t\t\t\t\t\/>\n\t\t\t\t\t\t<\/span>\n\t\t\t\t\t\t\t<\/div>\n\t\t\t\t\t\t<div class=\"sow-form-field sow-form-field-text\">\n\t\t\t\t<label class=\"sow-form-field-label-above\" for=\"sow-contact-form-field-neues-ablaufdatum-57664d8e890bd\">\n\t\t\t\t<strong>\n\t\t\t\t\tNeues Ablaufdatum\t\t\t\t\t\t\t\t\t<\/strong>\n\t\t\t<\/label>\n\t\t\t\t\t\t\t<span class=\"sow-field-container\">\n\t\t\t\t\t\t\t<input\n\t\t\ttype=\"text\"\n\t\t\tname=\"neues-ablaufdatum-57664d8e890bd\"\n\t\t\tid=\"sow-contact-form-field-neues-ablaufdatum-57664d8e890bd\"\n\t\t\tvalue=\"\"\n\t\t\tclass=\"sow-text-field\"\t\t\t\t\t\t\t\t\/>\n\t\t\t\t\t\t<\/span>\n\t\t\t\t\t                <div class=\"sow-form-field-description\">\n\t\t\t\t\t\tBitte geben Sie hier das Datum ein, auf das die Seriennummern synchronisiert werden sollen.\t                <\/div>\n\t\t\t\t\t\t\t\t<\/div>\n\t\t\t\t\t\t<div class=\"sow-form-field sow-form-field-textarea\">\n\t\t\t\t<label class=\"sow-form-field-label-above\" for=\"sow-contact-form-field-seriennummern-57664d8e890bd\">\n\t\t\t\t<strong>\n\t\t\t\t\tSeriennummern\t\t\t\t\t\t\t\t\t<\/strong>\n\t\t\t<\/label>\n\t\t\t\t\t\t\t<span class=\"sow-field-container\">\n\t\t\t\t\t\t\t<textarea\n\t\t\tname=\"seriennummern-57664d8e890bd\"\n\t\t\tid=\"sow-contact-form-field-seriennummern-57664d8e890bd\"\n\t\t\trows=\"10\"\n\t\t\t\t\t\t\t\t><\/textarea>\n\t\t\t\t\t\t<\/span>\n\t\t\t\t\t                <div class=\"sow-form-field-description\">\n\t\t\t\t\t\tBitte geben Sie hier die Seriennummern ein, die auf das gemeinsame Datum synchronisiert werden sollen.\t                <\/div>\n\t\t\t\t\t\t\t\t<\/div>\n\t\t\t\n\t\t\t\t\t<div class=\"sow-recaptcha\"\n\t\t\t\t\t\t\t\t\tdata-config=\"{&quot;sitekey&quot;:&quot;6Lc88CITAAAAAKXQ41Otpw0I4CyLOUkDqUvSJ2rh&quot;,&quot;theme&quot;:&quot;light&quot;,&quot;type&quot;:&quot;image&quot;,&quot;size&quot;:&quot;normal&quot;}\"\n\t\t\t\t\t\t\t><\/div>\n\t\t\t\n\t\t<div class=\"sow-submit-wrapper sow-submit-styled\">\n\n\t\t\t<button\n\t\t\t\ttype=\"submit\"\n\t\t\t\tclass=\"sow-submit\"\n\t\t\t\t\t\t\t>\n\t\t\t\tKostenfreies Angebot anfordern\t\t\t<\/button>\n\t\t<\/div>\n\t\t\t\t<input type=\"hidden\" name=\"instance_hash\" value=\"c138c71c394eb3a71302020c3ec0db32\" \/>\n\t\t<input type=\"hidden\" id=\"_wpnonce\" name=\"_wpnonce\" value=\"ce2a7950d6\" \/><input type=\"hidden\" name=\"_wp_http_referer\" value=\"\/watchguard-info-portal\/wp-json\/wp\/v2\/pages\/423\" \/>\t<\/form>\n\t<\/div><\/div><\/div><div id=\"pgc-423-1-1\"  class=\"panel-grid-cell panel-grid-cell-empty\" ><\/div><\/div><\/div>","protected":false},"excerpt":{"rendered":"<p>Customer Renewal Tool Haben Sie mehrere WatchGuard Produkte? Typischerweise gibt es dann mehrere \u00fcber das Jahr verteilte Ablauftermine f\u00fcr die LiveSecurity (Support) und die Security Services (WebBlocker, spamBlocker, Gateway Antivirus, Intrusion Prevention Services, Reputation Enabled Defense, Application Control, APT Blocker, Data Loss Prevention, Network Discovery, Dimension Command). Wir bieten Ihnen die M\u00f6glichkeit, alle WatchGuard Produkte und alle Services auf ein gemeinsames Ablaufdatum zu synchronisieren, das &hellip; <a href=\"https:\/\/wordpress.boc.de\/watchguard-info-portal\/vertriebsinfos\/watchguard-customer-renewal-tool\/\" class=\"more-link\">Weiterlesen <span class=\"screen-reader-text\">Customer Renewal Tool<\/span> <span class=\"meta-nav\">&raquo;<\/span><\/a><\/p>\n","protected":false},"author":2,"featured_media":0,"parent":26,"menu_order":0,"comment_status":"closed","ping_status":"closed","template":"","meta":{"footnotes":""},"class_list":["post-423","page","type-page","status-publish","hentry"],"_links":{"self":[{"href":"https:\/\/wordpress.boc.de\/watchguard-info-portal\/wp-json\/wp\/v2\/pages\/423"}],"collection":[{"href":"https:\/\/wordpress.boc.de\/watchguard-info-portal\/wp-json\/wp\/v2\/pages"}],"about":[{"href":"https:\/\/wordpress.boc.de\/watchguard-info-portal\/wp-json\/wp\/v2\/types\/page"}],"author":[{"embeddable":true,"href":"https:\/\/wordpress.boc.de\/watchguard-info-portal\/wp-json\/wp\/v2\/users\/2"}],"replies":[{"embeddable":true,"href":"https:\/\/wordpress.boc.de\/watchguard-info-portal\/wp-json\/wp\/v2\/comments?post=423"}],"version-history":[{"count":25,"href":"https:\/\/wordpress.boc.de\/watchguard-info-portal\/wp-json\/wp\/v2\/pages\/423\/revisions"}],"predecessor-version":[{"id":30430,"href":"https:\/\/wordpress.boc.de\/watchguard-info-portal\/wp-json\/wp\/v2\/pages\/423\/revisions\/30430"}],"up":[{"embeddable":true,"href":"https:\/\/wordpress.boc.de\/watchguard-info-portal\/wp-json\/wp\/v2\/pages\/26"}],"wp:attachment":[{"href":"https:\/\/wordpress.boc.de\/watchguard-info-portal\/wp-json\/wp\/v2\/media?parent=423"}],"curies":[{"name":"wp","href":"https:\/\/api.w.org\/{rel}","templated":true}]}}