{"id":4139,"date":"2018-06-13T10:08:25","date_gmt":"2018-06-13T08:08:25","guid":{"rendered":"https:\/\/www.boc.de\/watchguard-info-portal\/?page_id=4139"},"modified":"2025-02-26T14:54:46","modified_gmt":"2025-02-26T13:54:46","slug":"wlan-suites","status":"publish","type":"page","link":"https:\/\/wordpress.boc.de\/watchguard-info-portal\/produktinfos\/wlan-suites\/","title":{"rendered":"WatchGuard WLAN Suites"},"content":{"rendered":"<h2><strong class=\"breadcrumb_last\" aria-current=\"page\">WatchGuard WLAN Suites<\/strong><\/h2>\n<h3>Neue Wi-Fi 6 Access Points AP130, AP230W, AP330, AP332CR, AP430CR und AP432<\/h3>\n<div id=\"paragraph-161771\" class=\"wrapper wrapper__body\">\n<div class=\"container inner\"><span style=\"font-size: inherit;\">Die neuen <\/span><a style=\"font-size: inherit; background-color: #ffffff;\" href=\"https:\/\/www.boc.de\/aktuelle-watchguard-access-points.html\">Wi-Fi 6 Access Points<\/a><span style=\"font-size: inherit;\"> werden ausschlie\u00dflich \u00fcber die WatchGuard Cloud Plattform verwaltet. Zu jedem neuen WatchGuard Access Point muss auch eine entsprechende Lizenz (Standard Wi-Fi oder USP Wi-Fi Management, erh\u00e4ltlich mit 1, 3 oder 5 Jahren Laufzeit) erworben werden. Ohne Lizenz kann der Access Point nicht in Betrieb genommen werden. Auf unserer Webseite bieten wir daher betriebsbereite Bundles an.<\/span><\/div>\n<\/div>\n<h5 style=\"margin-bottom: 0.2rem;\">Standard Wi-Fi Management-Lizenz<\/h5>\n<p>Die Standard-Lizenz beinhaltet native WatchGuard Cloud-Managementfunktionen, 24\/7-Support und Hardware-Garantie, Bestandsverwaltung, Zero-Touch-Bereitstellung, SSH-\/CLI-Zugang, Konfiguration der Funk- und Ger\u00e4teeinstellungen, Live-Status-Visualisierung, 24-Stunden-Reporting, Debugging-Funktionen, Vorlagen, Captive Portal, <a href=\"https:\/\/www.boc.de\/watchguard-info-portal\/produktinfos\/watchguard-security-services-und-suites\/network-access-enforcement\/\">Network Access Enforcement<\/a> (in Verbindung mit <a href=\"https:\/\/www.boc.de\/\/watchguard-info-portal\/watchguard-endpoint-security\/\">WatchGuard Endpoint<\/a>) und WatchGuard Cloud API-Integration f\u00fcr PSA.<\/p>\n<h5 style=\"margin-bottom: 0.2rem;\">USP Wi-Fi Management-Lizenz (Unified Security Platform)<\/h5>\n<p>Die Unified Security Platform-Lizenz umfasst alle Features der Standard Wi-Fi Lizenz und bietet zus\u00e4tzlich Syslog Server-Output, SNMP, IKEv2 VPN-Funktionen (RAP), 30-Tage-Reporting\/Visualisierung \u00a0sowie zuk\u00fcnftige Integrationen und Funktionen.<\/p>\n<p>Die folgende Tabelle zeigt die Unterschiede der beiden Lizensierungsstufen Standard-WLAN und Unified Security Platform (USP) WLAN.<\/p>\n<table>\n<tbody>\n<tr>\n<th><strong>Funktionsbeschreibung<\/strong><\/th>\n<th>Standard-WLAN<\/th>\n<th>Unified Security Platform (USP) WLAN<\/th>\n<\/tr>\n<tr>\n<td>Native WatchGuard Cloud-Managementfunktionen<\/td>\n<td><img decoding=\"async\" class=\"aligncenter\" src=\"https:\/\/www.boc.de\/watchguard-info-portal\/wp-content\/uploads\/2016\/07\/red-check.png\" \/><\/td>\n<td><img decoding=\"async\" class=\"aligncenter\" src=\"https:\/\/www.boc.de\/watchguard-info-portal\/wp-content\/uploads\/2016\/07\/red-check.png\" \/><\/td>\n<\/tr>\n<tr>\n<td>24\/7-Support und Hardware-Garantie<\/td>\n<td style=\"text-align: center;\"><img decoding=\"async\" class=\"aligncenter\" src=\"https:\/\/www.boc.de\/watchguard-info-portal\/wp-content\/uploads\/2016\/07\/red-check.png\" \/><\/td>\n<td style=\"text-align: center;\"><img decoding=\"async\" class=\"aligncenter\" src=\"https:\/\/www.boc.de\/watchguard-info-portal\/wp-content\/uploads\/2016\/07\/red-check.png\" \/><\/td>\n<\/tr>\n<tr>\n<td>Bestandsverwaltung<\/td>\n<td><img decoding=\"async\" class=\"aligncenter\" src=\"https:\/\/www.boc.de\/watchguard-info-portal\/wp-content\/uploads\/2016\/07\/red-check.png\" \/><\/td>\n<td><img decoding=\"async\" class=\"aligncenter\" src=\"https:\/\/www.boc.de\/watchguard-info-portal\/wp-content\/uploads\/2016\/07\/red-check.png\" \/><\/td>\n<\/tr>\n<tr>\n<td>SSH\/CLI-Zugang<\/td>\n<td><img decoding=\"async\" class=\"aligncenter\" src=\"https:\/\/www.boc.de\/watchguard-info-portal\/wp-content\/uploads\/2016\/07\/red-check.png\" \/><\/td>\n<td><img decoding=\"async\" class=\"aligncenter\" src=\"https:\/\/www.boc.de\/watchguard-info-portal\/wp-content\/uploads\/2016\/07\/red-check.png\" \/><\/td>\n<\/tr>\n<tr>\n<td>Konfiguration der Funkeinstellungen<\/td>\n<td><img decoding=\"async\" class=\"aligncenter\" src=\"https:\/\/www.boc.de\/watchguard-info-portal\/wp-content\/uploads\/2016\/07\/red-check.png\" \/><\/td>\n<td><img decoding=\"async\" class=\"aligncenter\" src=\"https:\/\/www.boc.de\/watchguard-info-portal\/wp-content\/uploads\/2016\/07\/red-check.png\" \/><\/td>\n<\/tr>\n<tr>\n<td>Konfiguration von SSID<\/td>\n<td><img decoding=\"async\" class=\"aligncenter\" src=\"https:\/\/www.boc.de\/watchguard-info-portal\/wp-content\/uploads\/2016\/07\/red-check.png\" \/><\/td>\n<td><img decoding=\"async\" class=\"aligncenter\" src=\"https:\/\/www.boc.de\/watchguard-info-portal\/wp-content\/uploads\/2016\/07\/red-check.png\" \/><\/td>\n<\/tr>\n<tr>\n<td>Konfiguration der Ger\u00e4teeinstellungen<\/td>\n<td><img decoding=\"async\" class=\"aligncenter\" src=\"https:\/\/www.boc.de\/watchguard-info-portal\/wp-content\/uploads\/2016\/07\/red-check.png\" \/><\/td>\n<td><img decoding=\"async\" class=\"aligncenter\" src=\"https:\/\/www.boc.de\/watchguard-info-portal\/wp-content\/uploads\/2016\/07\/red-check.png\" \/><\/td>\n<\/tr>\n<tr>\n<td>Aktualisierung der Firmware<\/td>\n<td><img decoding=\"async\" class=\"aligncenter\" src=\"https:\/\/www.boc.de\/watchguard-info-portal\/wp-content\/uploads\/2016\/07\/red-check.png\" \/><\/td>\n<td><img decoding=\"async\" class=\"aligncenter\" src=\"https:\/\/www.boc.de\/watchguard-info-portal\/wp-content\/uploads\/2016\/07\/red-check.png\" \/><\/td>\n<\/tr>\n<tr>\n<td>24-Stunden-Reporting\/Visualisierung<\/td>\n<td><img decoding=\"async\" class=\"aligncenter\" src=\"https:\/\/www.boc.de\/watchguard-info-portal\/wp-content\/uploads\/2016\/07\/red-check.png\" \/><\/td>\n<td><img decoding=\"async\" class=\"aligncenter\" src=\"https:\/\/www.boc.de\/watchguard-info-portal\/wp-content\/uploads\/2016\/07\/red-check.png\" \/><\/td>\n<\/tr>\n<tr>\n<td>Live-Status-Visualisierung<\/td>\n<td><img decoding=\"async\" class=\"aligncenter\" src=\"https:\/\/www.boc.de\/watchguard-info-portal\/wp-content\/uploads\/2016\/07\/red-check.png\" \/><\/td>\n<td><img decoding=\"async\" class=\"aligncenter\" src=\"https:\/\/www.boc.de\/watchguard-info-portal\/wp-content\/uploads\/2016\/07\/red-check.png\" \/><\/td>\n<\/tr>\n<tr>\n<td>WatchGuard Cloud API-Integration f\u00fcr PSA<\/td>\n<td><img decoding=\"async\" class=\"aligncenter\" src=\"https:\/\/www.boc.de\/watchguard-info-portal\/wp-content\/uploads\/2016\/07\/red-check.png\" \/><\/td>\n<td><img decoding=\"async\" class=\"aligncenter\" src=\"https:\/\/www.boc.de\/watchguard-info-portal\/wp-content\/uploads\/2016\/07\/red-check.png\" \/><\/td>\n<\/tr>\n<tr>\n<td>AP-Sites\/Templates<\/td>\n<td><img decoding=\"async\" class=\"aligncenter\" src=\"https:\/\/www.boc.de\/watchguard-info-portal\/wp-content\/uploads\/2016\/07\/red-check.png\" \/><\/td>\n<td><img decoding=\"async\" class=\"aligncenter\" src=\"https:\/\/www.boc.de\/watchguard-info-portal\/wp-content\/uploads\/2016\/07\/red-check.png\" \/><\/td>\n<\/tr>\n<tr>\n<td>Captive Portal<\/td>\n<td><img decoding=\"async\" class=\"aligncenter\" src=\"https:\/\/www.boc.de\/watchguard-info-portal\/wp-content\/uploads\/2016\/07\/red-check.png\" \/><\/td>\n<td><img decoding=\"async\" class=\"aligncenter\" src=\"https:\/\/www.boc.de\/watchguard-info-portal\/wp-content\/uploads\/2016\/07\/red-check.png\" \/><\/td>\n<\/tr>\n<tr>\n<td><a href=\"https:\/\/www.boc.de\/watchguard-info-portal\/produktinfos\/watchguard-security-services-und-suites\/network-access-enforcement\/\" target=\"_blank\" rel=\"noopener\">Network Access Enforcement<\/a><\/td>\n<td><img decoding=\"async\" class=\"aligncenter\" src=\"https:\/\/www.boc.de\/watchguard-info-portal\/wp-content\/uploads\/2016\/07\/red-check.png\" \/><\/td>\n<td><img decoding=\"async\" class=\"aligncenter\" src=\"https:\/\/www.boc.de\/watchguard-info-portal\/wp-content\/uploads\/2016\/07\/red-check.png\" \/><\/td>\n<\/tr>\n<tr>\n<td>SNMP<\/td>\n<td><\/td>\n<td><img decoding=\"async\" class=\"aligncenter\" src=\"https:\/\/www.boc.de\/watchguard-info-portal\/wp-content\/uploads\/2016\/07\/red-check.png\" \/><\/td>\n<\/tr>\n<tr>\n<td><a href=\"https:\/\/www.watchguard.com\/help\/docs\/help-center\/en-us\/Content\/en-US\/WG-Cloud\/Devices\/access_point\/ap_ssid_ppsk.html\" target=\"_blank\" rel=\"noopener\">PPSK (Private Pre-Shared Key)<\/a><\/td>\n<td><\/td>\n<td><img decoding=\"async\" class=\"aligncenter\" src=\"https:\/\/www.boc.de\/watchguard-info-portal\/wp-content\/uploads\/2016\/07\/red-check.png\" \/><\/td>\n<\/tr>\n<tr>\n<td>Syslog Server-Output<\/td>\n<td><\/td>\n<td><img decoding=\"async\" class=\"aligncenter\" src=\"https:\/\/www.boc.de\/watchguard-info-portal\/wp-content\/uploads\/2016\/07\/red-check.png\" \/><\/td>\n<\/tr>\n<tr>\n<td>IKEv2 VPN-Funktionen (<a href=\"https:\/\/www.boc.de\/watchguard-info-portal\/produktinfos\/wlan-suites\/watchguard-remote-access-point-rap\/\" target=\"_blank\" rel=\"noopener noreferrer\">&gt;&gt; Remote Access Point<\/a>)<\/td>\n<td><\/td>\n<td><img decoding=\"async\" class=\"aligncenter\" src=\"https:\/\/www.boc.de\/watchguard-info-portal\/wp-content\/uploads\/2016\/07\/red-check.png\" \/><\/td>\n<\/tr>\n<tr>\n<td>30-Tage-Reporting\/Visualisierung<\/td>\n<td><\/td>\n<td><img decoding=\"async\" class=\"aligncenter\" src=\"https:\/\/www.boc.de\/watchguard-info-portal\/wp-content\/uploads\/2016\/07\/red-check.png\" \/><\/td>\n<\/tr>\n<tr>\n<td>Zuk\u00fcnftige WatchGuard-Portfolio-Integrationen<\/td>\n<td><\/td>\n<td><img decoding=\"async\" class=\"aligncenter\" src=\"https:\/\/www.boc.de\/watchguard-info-portal\/wp-content\/uploads\/2016\/07\/red-check.png\" \/><\/td>\n<\/tr>\n<tr>\n<td>Zuk\u00fcnftige Sicherheits- und WLAN-Funktionen*<\/td>\n<td><\/td>\n<td><img decoding=\"async\" class=\"aligncenter\" src=\"https:\/\/www.boc.de\/watchguard-info-portal\/wp-content\/uploads\/2016\/07\/red-check.png\" \/><\/td>\n<\/tr>\n<\/tbody>\n<\/table>\n<p><em>*WatchGuard legt die in der Unified Security Platform-Lizenz enthaltenen Funktionen fest. F\u00fcr einige Funktionen sind m\u00f6glicherweise<br \/>\nzus\u00e4tzliche Produkte von WatchGuard erforderlich.<\/em><br \/>\n___________________________________________________________________________________________________________________________________________________________<\/p>\n<h3>\u00c4ltere Wi-Fi 5 Access Points<\/h3>\n<p>Die \u00e4lteren Access Points (AP125, AP225W, AP325, AP327X, AP420) k\u00f6nnen hingegen nur \u00fcber die fr\u00fcheren Managementplattformen verwaltet werden, nicht aber \u00fcber WatchGuard Cloud. F\u00fcr diese Modelle gibt es drei Abstufungen mit unterschiedlichem Funktionsumfang und jeweils zwei Laufzeiten (1 Jahr und 3 Jahre). Die folgende Tabelle zeigt auf, wie sich die verschiedenen WatchGuard WLAN-Pakete voneinander unterscheiden und aus welchen Bestandteilen die Pakete <b>Total Wi-Fi<\/b>, <b>Secure Wi-Fi<\/b> und <b>Basic Wi-Fi<\/b> bestehen.<\/p>\n<table>\n<tbody>\n<tr>\n<th><strong>WatchGuard WLAN-L\u00f6sung<\/strong><\/th>\n<th><strong>Total<br \/>\nWi-Fi<\/strong><\/th>\n<th><strong>Secure<br \/>\nWi-Fi<\/strong><\/th>\n<th><strong>Basic<br \/>\nWi-Fi<\/strong><\/th>\n<\/tr>\n<tr>\n<td><strong>Management-Plattform<\/strong><\/td>\n<td>Wi-Fi Cloud<\/td>\n<td>Wi-Fi Cloud<\/td>\n<td>Firebox Appliance*<\/td>\n<\/tr>\n<tr>\n<td><strong>Skalierbarkeit<\/strong><br \/>\nAnzahl der verwalteten Access Points.<\/td>\n<td style=\"text-align: center;\">unbegrenzt<\/td>\n<td style=\"text-align: center;\">unbegrenzt<\/td>\n<td style=\"text-align: center;\">eingeschr\u00e4nkt**<\/td>\n<\/tr>\n<tr>\n<td><strong>Konfiguration und Management<\/strong><br \/>\nSSID-Konfiguration mit VLAN-Support, Band-Steering, Smart-Steering, Fast Roaming, benutzerbasierte Bandbreitensteuerung, WLAN-Traffic-Dashboard.<\/td>\n<td><img decoding=\"async\" class=\"aligncenter\" src=\"https:\/\/www.boc.de\/watchguard-info-portal\/wp-content\/uploads\/2016\/07\/red-check.png\" \/><\/td>\n<td><img decoding=\"async\" class=\"aligncenter\" src=\"https:\/\/www.boc.de\/watchguard-info-portal\/wp-content\/uploads\/2016\/07\/red-check.png\" \/><\/td>\n<td><img decoding=\"async\" class=\"aligncenter\" src=\"https:\/\/www.boc.de\/watchguard-info-portal\/wp-content\/uploads\/2016\/07\/red-check.png\" \/><\/td>\n<\/tr>\n<tr>\n<td><strong>Zus\u00e4tzliches WLAN cloudbasiertes Management<\/strong><br \/>\nFunkressourcenverwaltung, Hotspot 2.0, erweitertes Client-Roaming, verschachtelte Ordner f\u00fcr Konfiguration vor Bereitstellung, Integration mit WLAN-Controllern von Drittanbietern.<\/td>\n<td><img decoding=\"async\" class=\"aligncenter\" src=\"https:\/\/www.boc.de\/watchguard-info-portal\/wp-content\/uploads\/2016\/07\/red-check.png\" \/><\/td>\n<td><img decoding=\"async\" class=\"aligncenter\" src=\"https:\/\/www.boc.de\/watchguard-info-portal\/wp-content\/uploads\/2016\/07\/red-check.png\" \/><\/td>\n<td><\/td>\n<\/tr>\n<tr>\n<td><strong>Intelligente Netzwerk-Visualisierung und Fehlerbehebung<\/strong><br \/>\nIdentifizieren Sie wichtige Netzwerk- und Anwendungsprobleme mit der <a href=\"https:\/\/www.boc.de\/watchguard-info-portal\/2018\/10\/watchguard-wi-fi-cloud-mit-neuer-funktion-discover\/\" target=\"_blank\" rel=\"noopener noreferrer\">Discover-Funktion<\/a>, indem Sie Abweichungen gesetzter Schwellenwerte erkennen und Anomalien von jedem beliebigen Ort aus beheben.<\/td>\n<td><img decoding=\"async\" class=\"aligncenter\" src=\"https:\/\/www.boc.de\/watchguard-info-portal\/wp-content\/uploads\/2016\/07\/red-check.png\" \/><\/td>\n<td><img decoding=\"async\" class=\"aligncenter\" src=\"https:\/\/www.boc.de\/watchguard-info-portal\/wp-content\/uploads\/2016\/07\/red-check.png\" \/><\/td>\n<td><\/td>\n<\/tr>\n<tr>\n<td><strong>Verifizierte, umfassende Sicherheit<\/strong><br \/>\nEine patentierte WIPS-Technologie sch\u00fctzt Ihr Unternehmen vor den sechs bekannten WLAN-Bedrohungskategorien und erm\u00f6glicht eine Trusted Wireless-Umgebung.<\/td>\n<td><img decoding=\"async\" class=\"aligncenter\" src=\"https:\/\/www.boc.de\/watchguard-info-portal\/wp-content\/uploads\/2016\/07\/red-check.png\" \/><\/td>\n<td><img decoding=\"async\" class=\"aligncenter\" src=\"https:\/\/www.boc.de\/watchguard-info-portal\/wp-content\/uploads\/2016\/07\/red-check.png\" \/><\/td>\n<td><\/td>\n<\/tr>\n<tr>\n<td><strong>GO Mobile Web-Anwendungen<\/strong><br \/>\nEinfache Einrichtung Ihres Netzwerks und Ihrer Konfiguration \u00fcber jedes beliebige Mobilger\u00e4t.<\/td>\n<td><img decoding=\"async\" class=\"aligncenter\" src=\"https:\/\/www.boc.de\/watchguard-info-portal\/wp-content\/uploads\/2016\/07\/red-check.png\" \/><\/td>\n<td><img decoding=\"async\" class=\"aligncenter\" src=\"https:\/\/www.boc.de\/watchguard-info-portal\/wp-content\/uploads\/2016\/07\/red-check.png\" \/><\/td>\n<td><\/td>\n<\/tr>\n<tr>\n<td><strong>G\u00e4ste-Engangement-Tools<\/strong><br \/>\nSplash-Seiten, Social-Media-Integrationen, Umfragen, Gutscheine, Videos und noch vieles mehr.<\/td>\n<td><img decoding=\"async\" class=\"aligncenter\" src=\"https:\/\/www.boc.de\/watchguard-info-portal\/wp-content\/uploads\/2016\/07\/red-check.png\" \/><\/td>\n<td><\/td>\n<td><\/td>\n<\/tr>\n<tr>\n<td><strong>Standortbasierte Analyse<\/strong><br \/>\nMetriken wie Besucherzahl, Verweildauer und Konvertierung k\u00f6nnen zur F\u00f6rderung von Gesch\u00e4ftsentscheidungen und Erstellung anpassbarer Berichte genutzt werden.<\/td>\n<td><img decoding=\"async\" class=\"aligncenter\" src=\"https:\/\/www.boc.de\/watchguard-info-portal\/wp-content\/uploads\/2016\/07\/red-check.png\" \/><\/td>\n<td><\/td>\n<td><\/td>\n<\/tr>\n<tr>\n<td><strong><a href=\"https:\/\/www.boc.de\/watchguard-info-portal\/produktinfos\/watchguard-support-livesecurity\/\">Standard Support 24&#215;7<\/a> <\/strong>(fr\u00fcher: LiveSecurity)<br \/>\nHardware-Garantie mit erweitertem Hardwareaustausch, Kundendienst und Software-Updates.<\/td>\n<td><img decoding=\"async\" class=\"aligncenter\" src=\"https:\/\/www.boc.de\/watchguard-info-portal\/wp-content\/uploads\/2016\/07\/red-check.png\" \/><\/td>\n<td><img decoding=\"async\" class=\"aligncenter\" src=\"https:\/\/www.boc.de\/watchguard-info-portal\/wp-content\/uploads\/2016\/07\/red-check.png\" \/><\/td>\n<td><img decoding=\"async\" class=\"aligncenter\" src=\"https:\/\/www.boc.de\/watchguard-info-portal\/wp-content\/uploads\/2016\/07\/red-check.png\" \/><\/td>\n<\/tr>\n<\/tbody>\n<\/table>\n<p><em>*Firebox mit aktivem Supportvertrag erforderlich<\/em><br \/>\n<em>** F\u00fcr jedes Firebox-Modell werden bis zu 20 Access Points empfohlen. F\u00fcr die T15 werden bis zu 4 Access Points empfohlen.<\/em><\/p>\n<p><strong>Total Wi-Fi:<\/strong><br \/>\nVerwenden Sie WatchGuard WLAN-Cloud f\u00fcr WatchGuard Access Point Management, WIPS-Sicherheit und \u00dcberwachung. Au\u00dferdem erhalten Sie Zugriff auf zus\u00e4tzliche Tools f\u00fcr Gastbenutzerdialog, standortbasierte Analysen, Social-Media-Integration, Erfassungsportale und Begr\u00fc\u00dfungsseitendesign.<\/p>\n<p><strong>Secure Wi-Fi:<\/strong><br \/>\nVerwenden Sie WatchGuard WLAN-Cloud f\u00fcr WatchGuard Access Point Management, WIPS-Sicherheit und \u00dcberwachung.<\/p>\n<p><strong>Basic Wi-Fi:\u00a0<\/strong><br \/>\nVerwenden Sie den Gateway Wireless Controller auf einer WatchGuard Firebox zum Konfigurieren, Verwalten und \u00dcberwachen von WatchGuard Access Points direkt \u00fcber die Firebox.<\/p>\n<p><img loading=\"lazy\" decoding=\"async\" class=\"alignnone size-full wp-image-1473\" src=\"https:\/\/www.boc.de\/watchguard-info-portal\/wp-content\/uploads\/2016\/06\/emblem-rechts.gif\" alt=\"emblem-rechts\" width=\"48\" height=\"48\" \/>Zur \u00dcbersicht <a href=\"https:\/\/www.boc.de\/watchguard-info-portal\/produktinfos\/wlan-mit-cloud-management\/\">WLAN mit Cloud Management<\/a><\/p>\n","protected":false},"excerpt":{"rendered":"<p>WatchGuard WLAN Suites Neue Wi-Fi 6 Access Points AP130, AP230W, AP330, AP332CR, AP430CR und AP432 Die neuen Wi-Fi 6 Access Points werden ausschlie\u00dflich \u00fcber die WatchGuard Cloud Plattform verwaltet. Zu jedem neuen WatchGuard Access Point muss auch eine entsprechende Lizenz (Standard Wi-Fi oder USP Wi-Fi Management, erh\u00e4ltlich mit 1, 3 oder 5 Jahren Laufzeit) erworben werden. Ohne Lizenz kann der Access Point nicht in Betrieb &hellip; <a href=\"https:\/\/wordpress.boc.de\/watchguard-info-portal\/produktinfos\/wlan-suites\/\" class=\"more-link\">Weiterlesen <span class=\"screen-reader-text\">WatchGuard WLAN Suites<\/span> <span class=\"meta-nav\">&raquo;<\/span><\/a><\/p>\n","protected":false},"author":4,"featured_media":0,"parent":24,"menu_order":0,"comment_status":"closed","ping_status":"closed","template":"","meta":{"footnotes":""},"class_list":["post-4139","page","type-page","status-publish","hentry"],"_links":{"self":[{"href":"https:\/\/wordpress.boc.de\/watchguard-info-portal\/wp-json\/wp\/v2\/pages\/4139"}],"collection":[{"href":"https:\/\/wordpress.boc.de\/watchguard-info-portal\/wp-json\/wp\/v2\/pages"}],"about":[{"href":"https:\/\/wordpress.boc.de\/watchguard-info-portal\/wp-json\/wp\/v2\/types\/page"}],"author":[{"embeddable":true,"href":"https:\/\/wordpress.boc.de\/watchguard-info-portal\/wp-json\/wp\/v2\/users\/4"}],"replies":[{"embeddable":true,"href":"https:\/\/wordpress.boc.de\/watchguard-info-portal\/wp-json\/wp\/v2\/comments?post=4139"}],"version-history":[{"count":43,"href":"https:\/\/wordpress.boc.de\/watchguard-info-portal\/wp-json\/wp\/v2\/pages\/4139\/revisions"}],"predecessor-version":[{"id":27449,"href":"https:\/\/wordpress.boc.de\/watchguard-info-portal\/wp-json\/wp\/v2\/pages\/4139\/revisions\/27449"}],"up":[{"embeddable":true,"href":"https:\/\/wordpress.boc.de\/watchguard-info-portal\/wp-json\/wp\/v2\/pages\/24"}],"wp:attachment":[{"href":"https:\/\/wordpress.boc.de\/watchguard-info-portal\/wp-json\/wp\/v2\/media?parent=4139"}],"curies":[{"name":"wp","href":"https:\/\/api.w.org\/{rel}","templated":true}]}}