{"id":4075,"date":"2018-06-05T16:33:24","date_gmt":"2018-06-05T14:33:24","guid":{"rendered":"https:\/\/www.boc.de\/watchguard-info-portal\/produktinfos\/watchguard-security-services-und-suites\/dnswatch-copy\/"},"modified":"2025-10-06T13:35:05","modified_gmt":"2025-10-06T11:35:05","slug":"watchguard-access-portal","status":"publish","type":"page","link":"https:\/\/wordpress.boc.de\/watchguard-info-portal\/produktinfos\/watchguard-security-services-und-suites\/watchguard-access-portal\/","title":{"rendered":"WatchGuard Access Portal"},"content":{"rendered":"<h3><strong>Zentraler Zugang zu in der Cloud gehosteten Anwendungen und internen Ressourcen<\/strong><\/h3>\n<p><img loading=\"lazy\" decoding=\"async\" class=\"alignleft wp-image-4080\" src=\"https:\/\/www.boc.de\/watchguard-info-portal\/wp-content\/uploads\/2018\/06\/access_portal_logo-300x204.png\" alt=\"\" width=\"228\" height=\"155\" srcset=\"https:\/\/wordpress.boc.de\/watchguard-info-portal\/wp-content\/uploads\/2018\/06\/access_portal_logo-300x204.png 300w, https:\/\/wordpress.boc.de\/watchguard-info-portal\/wp-content\/uploads\/2018\/06\/access_portal_logo.png 392w\" sizes=\"(max-width: 228px) 100vw, 228px\" \/><\/p>\n<p>Das WatchGuard Access Portal erm\u00f6glicht den zentralisierten Zugriff auf in der Cloud gehostete Anwendungen sowie interne Ressourcen. Dadurch lassen sich kostenintensive Authentifizierungsbereitstellungen f\u00fcr Unternehmen vermeiden, die auf Cloud-Ressourcen angewiesen sind. Neben dem HTML5-Anwendungsportal umfasst das Access Portal Single-Sign-On-Unterst\u00fctzung (SSO) f\u00fcr RDP-\/SSH-Intranetdienste und SAML 2.0 zur Reduzierung des Verwaltungsaufwands.<\/p>\n<h3>Funktionsweise<\/h3>\n<p>Innerhalb HTML5 ist \u00fcber das Remotedesktopprotokoll (RDP) und SSH-Sitzungen der sichere Fernzugriff auf virtuelle Maschinen m\u00f6glich. Durch die TLS-Verschl\u00fcsselung wird der Sitzungsverkehr gesch\u00fctzt. Zudem stehen alle von Firebox unterst\u00fctzten Authentifizierungsoptionen, einschlie\u00dflich Active Directory, Radius, Firebox-DB zur Verf\u00fcgung.<\/p>\n<p><img loading=\"lazy\" decoding=\"async\" class=\"wp-image-4077 alignright\" src=\"https:\/\/www.boc.de\/watchguard-info-portal\/wp-content\/uploads\/2018\/06\/access_portal_diagram.jpg\" alt=\"WatchGuard Access Portal Diagram\" width=\"468\" height=\"405\" srcset=\"https:\/\/wordpress.boc.de\/watchguard-info-portal\/wp-content\/uploads\/2018\/06\/access_portal_diagram.jpg 778w, https:\/\/wordpress.boc.de\/watchguard-info-portal\/wp-content\/uploads\/2018\/06\/access_portal_diagram-300x260.jpg 300w, https:\/\/wordpress.boc.de\/watchguard-info-portal\/wp-content\/uploads\/2018\/06\/access_portal_diagram-768x664.jpg 768w\" sizes=\"(max-width: 468px) 100vw, 468px\" \/><\/p>\n<h3>Wichtige Funktionen<\/h3>\n<ul>\n<li>erm\u00f6glicht \u00fcber HTML5 die Erstellung sicherer VPN-Tunnel mit Fernzugriff ohne zus\u00e4tzliche Hard- oder Software<\/li>\n<li>TLS-Verschl\u00fcsselung sch\u00fctzt den Datenverkehr<\/li>\n<li>SAML-Unterst\u00fctzung zur Integration der SSO- und MFA-Anbieter<\/li>\n<\/ul>\n<h3>Lizensierung<\/h3>\n<p>Das Access Portal ist bei den neuen Modellen ab Firebox T40 bereits Bestandteil im WatchGuard Standard Support. Es ist jedoch nicht erh\u00e4ltlich f\u00fcr die Modelle\u00a0 T115-W, T15\/T15-W, T20\/T20-W, T25\/T25-W oder T35-R.<br \/>\nBei den \u00e4lteren WatchGuard Firebox Modellen M270 aufw\u00e4rts und f\u00fcr die FireboxV sowie Firebox Cloud Ger\u00e4te ist der Service nur mit der WatchGuard Total Security Suite verf\u00fcgbar.<\/p>\n<p>&nbsp;<\/p>\n<h4>Downloads:<\/h4>\n<ul>\n<li><strong><a href=\"https:\/\/www.boc.de\/watchguard-info-portal\/wp-content\/uploads\/2018\/06\/Feature_Brief_Access_Portal_DE.pdf\" target=\"_blank\" rel=\"noopener noreferrer\">Kurzbeschreibung Access Portal (deutsch)<\/a><\/strong><\/li>\n<\/ul>\n<p><img loading=\"lazy\" decoding=\"async\" class=\"alignnone size-full wp-image-1473\" src=\"https:\/\/www.boc.de\/watchguard-info-portal\/wp-content\/uploads\/2016\/06\/emblem-rechts.gif\" alt=\"emblem-rechts\" width=\"48\" height=\"48\" \/>Zur \u00dcbersicht <a href=\"https:\/\/www.boc.de\/watchguard-info-portal\/produktinfos\/watchguard-security-services-und-suites\/\">WatchGuard Security Services und Suites<\/a><\/p>\n","protected":false},"excerpt":{"rendered":"<p>Zentraler Zugang zu in der Cloud gehosteten Anwendungen und internen Ressourcen Das WatchGuard Access Portal erm\u00f6glicht den zentralisierten Zugriff auf in der Cloud gehostete Anwendungen sowie interne Ressourcen. Dadurch lassen sich kostenintensive Authentifizierungsbereitstellungen f\u00fcr Unternehmen vermeiden, die auf Cloud-Ressourcen angewiesen sind. Neben dem HTML5-Anwendungsportal umfasst das Access Portal Single-Sign-On-Unterst\u00fctzung (SSO) f\u00fcr RDP-\/SSH-Intranetdienste und SAML 2.0 zur Reduzierung des Verwaltungsaufwands. Funktionsweise Innerhalb HTML5 ist \u00fcber das &hellip; <a href=\"https:\/\/wordpress.boc.de\/watchguard-info-portal\/produktinfos\/watchguard-security-services-und-suites\/watchguard-access-portal\/\" class=\"more-link\">Weiterlesen <span class=\"screen-reader-text\">WatchGuard Access Portal<\/span> <span class=\"meta-nav\">&raquo;<\/span><\/a><\/p>\n","protected":false},"author":4,"featured_media":0,"parent":73,"menu_order":0,"comment_status":"closed","ping_status":"closed","template":"","meta":{"footnotes":""},"class_list":["post-4075","page","type-page","status-publish","hentry"],"_links":{"self":[{"href":"https:\/\/wordpress.boc.de\/watchguard-info-portal\/wp-json\/wp\/v2\/pages\/4075"}],"collection":[{"href":"https:\/\/wordpress.boc.de\/watchguard-info-portal\/wp-json\/wp\/v2\/pages"}],"about":[{"href":"https:\/\/wordpress.boc.de\/watchguard-info-portal\/wp-json\/wp\/v2\/types\/page"}],"author":[{"embeddable":true,"href":"https:\/\/wordpress.boc.de\/watchguard-info-portal\/wp-json\/wp\/v2\/users\/4"}],"replies":[{"embeddable":true,"href":"https:\/\/wordpress.boc.de\/watchguard-info-portal\/wp-json\/wp\/v2\/comments?post=4075"}],"version-history":[{"count":16,"href":"https:\/\/wordpress.boc.de\/watchguard-info-portal\/wp-json\/wp\/v2\/pages\/4075\/revisions"}],"predecessor-version":[{"id":29257,"href":"https:\/\/wordpress.boc.de\/watchguard-info-portal\/wp-json\/wp\/v2\/pages\/4075\/revisions\/29257"}],"up":[{"embeddable":true,"href":"https:\/\/wordpress.boc.de\/watchguard-info-portal\/wp-json\/wp\/v2\/pages\/73"}],"wp:attachment":[{"href":"https:\/\/wordpress.boc.de\/watchguard-info-portal\/wp-json\/wp\/v2\/media?parent=4075"}],"curies":[{"name":"wp","href":"https:\/\/api.w.org\/{rel}","templated":true}]}}