{"id":3910,"date":"2018-05-14T11:32:36","date_gmt":"2018-05-14T09:32:36","guid":{"rendered":"https:\/\/www.boc.de\/watchguard-info-portal\/supportinfos\/aeltere-watchguard-modelle-copy\/"},"modified":"2024-03-22T15:47:12","modified_gmt":"2024-03-22T14:47:12","slug":"datenschutz-grundverordnung","status":"publish","type":"page","link":"https:\/\/wordpress.boc.de\/watchguard-info-portal\/produktinfos\/datenschutz-grundverordnung\/","title":{"rendered":"Datenschutz-Grundverordnung (DSGVO)"},"content":{"rendered":"<h5><strong>Was Sie wissen m\u00fcssen und wie wir Ihnen dabei helfen k\u00f6nnen<\/strong><\/h5>\n<h6><strong>WatchGuard Firebox Security Appliances mit Total Security Suite helfen Ihnen bei der Umsetzung der DSGVO!<\/strong><\/h6>\n<p>Die <a href=\"https:\/\/www.boc.de\/watchguard-info-portal\/produktinfos\/watchguard-security-services-und-suites\/\" target=\"_blank\" rel=\"noopener noreferrer\">Total Security Suite<\/a> von WatchGuard deckt beinahe alle neuen, relevanten sicherheitstechnischen Anforderungen in einem Paket ab. Es ist eine umfassende L\u00f6sung f\u00fcr Unternehmen, die Compliance-Anforderungen zeitnah erf\u00fcllen m\u00fcssen. Eine WatchGuard Firebox Security Appliance mit Total Security Suite adressiert 16 der SANS Top 20 Critical Security Controls (v6) und kann umfangreiche DSGVO-konforme Sicherheit in einer Packung anbieten.<\/p>\n<ul>\n<li><a style=\"font-size: inherit; background-color: #ffffff;\" href=\"https:\/\/www.boc.de\/watchguard-info-portal\/produktinfos\/watchguard-security-services-und-suites\/watchguard-threat-detection-and-response\/\" target=\"_blank\" rel=\"noopener noreferrer\">Threat Detection and Response<\/a><span style=\"font-size: inherit;\">: -automatisierte Gefahrenabwehr und situationsbedingte Sensibilisierung<\/span><\/li>\n<li><a href=\"https:\/\/www.boc.de\/watchguard-info-portal\/produktinfos\/watchguard-dimension-server\/\" target=\"_blank\" rel=\"noopener noreferrer\">WatchGuard Dimension<\/a>: -Tranzparenz und Benutzeranonymisierung<\/li>\n<li><a href=\"https:\/\/www.boc.de\/watchguard-info-portal\/produktinfos\/watchguard-security-services-und-suites\/watchguard-data-loss-prevention\/\" target=\"_blank\" rel=\"noopener noreferrer\">Data Loss Prevention<\/a>: -blockiert eine netzwerkfremde \u00dcbertragung von personenbezogenen Daten<\/li>\n<li>Datenverschl\u00fcsselung und VPN: -Verschl\u00fcsselung personenbezogener Daten auch bei der standort\u00fcbergreifenden Daten\u00fcbertragung<\/li>\n<\/ul>\n<p>&nbsp;<\/p>\n<table border=\"1\">\n<thead><\/thead>\n<tbody>\n<tr>\n<td colspan=\"6\"><center><strong>Die Top 20 SANS-Sicherheitskontrollen (V6)<\/strong><\/center><\/td>\n<\/tr>\n<tr>\n<td>CS1<\/td>\n<td>Inventarisierung autorisierter und nicht autorisierter Ger\u00e4te<\/td>\n<td>ja<\/td>\n<td>CS11<\/td>\n<td>Sichere Konfigurationen f\u00fcr Netzwerkger\u00e4te wie Firewalls, Router und Switches<\/td>\n<td>ja<\/td>\n<\/tr>\n<tr>\n<td>CS2<\/td>\n<td>Inventarisierung autorisierter und nicht autorisierter Software<\/td>\n<td>ja<\/td>\n<td>CS12<\/td>\n<td>Absicherung des Netzwerkperimeters<\/td>\n<td>ja<\/td>\n<\/tr>\n<tr>\n<td>CS3<\/td>\n<td>Sichere Hardware- und Softwarekonfigurationen auf Mobilger\u00e4ten, Laptops, Workstations und Servern<\/td>\n<td>ja<\/td>\n<td>CS13<\/td>\n<td>Datenschutz<\/td>\n<td>ja<\/td>\n<\/tr>\n<tr>\n<td>CS4<\/td>\n<td>Kontiunuierliche Bewertung und Behebung von Schwachstellen<\/td>\n<td>ja<\/td>\n<td>CS14<\/td>\n<td>Kontrollierter Zugriff basierend auf dem Need-to-Know-Prinzip<\/td>\n<td>ja<\/td>\n<\/tr>\n<tr>\n<td>CS5<\/td>\n<td>Kontrollierte Nutzung von Administratorrechten<\/td>\n<td>ja<\/td>\n<td>CS15<\/td>\n<td>Kontrolle drathlosen Zugangs<\/td>\n<td>ja<\/td>\n<\/tr>\n<tr>\n<td>CS6<\/td>\n<td>Verwaltung, Montitoring und Analyse von Pr\u00fcfprotokollen<\/td>\n<td>ja<\/td>\n<td>CS16<\/td>\n<td>Konten\u00fcberwachung und -kontrolle<\/td>\n<td>ja<\/td>\n<\/tr>\n<tr>\n<td>CS7<\/td>\n<td>Schutz f\u00fcr E-Mail und Webbrowser<\/td>\n<td>ja<\/td>\n<td>CS17<\/td>\n<td>Bewertung der Sicherheitskompetenzen und angemessene Schulungen zum Schlie\u00dfen von L\u00fccken<\/td>\n<td>&#8211;<\/td>\n<\/tr>\n<tr>\n<td>CS8<\/td>\n<td>Schutz vor Malware<\/td>\n<td>ja<\/td>\n<td>CS18<\/td>\n<td>Sicherheit der Anwendungssoftware<\/td>\n<td>ja<\/td>\n<\/tr>\n<tr>\n<td>CS9<\/td>\n<td>Einschr\u00e4nkung und Kontrolle von Netzwerkports, -protokollen und -diensten<\/td>\n<td>ja<\/td>\n<td>CS19<\/td>\n<td>Ereignisabh\u00e4ngige Reaktion und Eingriff<\/td>\n<td>&#8211;<\/td>\n<\/tr>\n<tr>\n<td>CS10<\/td>\n<td>M\u00f6glichkeit zur Wiederherstellung von Daten<\/td>\n<td>nein<\/td>\n<td>CS20<\/td>\n<td>Penetrationstest und Red-Team-\u00dcbungen<\/td>\n<td>&#8211;<\/td>\n<\/tr>\n<\/tbody>\n<\/table>\n<h6><\/h6>\n<h6><strong>Was m\u00fcssen Sie tun und ver\u00e4ndern?<a href=\"https:\/\/www.boc.de\/watchguard-info-portal\/wp-content\/uploads\/2018\/05\/GDPR_InfoGraphic_DE.pdf\" target=\"_blank\" rel=\"noopener noreferrer\"><img loading=\"lazy\" decoding=\"async\" class=\"wp-image-3922 size-thumbnail alignright\" title=\"DSGVO-Compliance\" src=\"https:\/\/www.boc.de\/watchguard-info-portal\/wp-content\/uploads\/2018\/05\/test-e1526295928365-150x150.png\" alt=\"Fahrplan zur DSGVO-Compliance\" width=\"150\" height=\"150\" \/><\/a><\/strong><\/h6>\n<ol>\n<li><strong>Ermitteln Sie alle personenbezogenen Daten:<\/strong><br \/>\n-S\u00e4mtliche Daten, die einer Person zugeordnet werden k\u00f6nnen (inklusive der IP-Adresse)<\/li>\n<li><strong>Planen Sie die Kommunikation mit Kunden:<\/strong><br \/>\n-Erm\u00f6glichen Sie ihnen die Einsichtnahme, Berichtigung, L\u00f6schung oder Entfernung personenbezogener Daten<br \/>\n-Informieren Sie sie unverz\u00fcglich \u00fcber Datensicherheitsverletzungen<\/li>\n<li><strong>\u00dcberarbeiten Sie den Einwilligungsprozess:<\/strong><br \/>\n-Geben Sie Datenerfassungsgr\u00fcnde unmissverst\u00e4ndlich an<br \/>\n-Die Einwilligung muss zum Erfassungszeitpunkt erfolgen<\/li>\n<li><strong>Sorgen Sie bei Reporting und Dokumentation f\u00fcr Compliance:<\/strong><br \/>\n-F\u00fchren Sie alle n\u00f6tigen Datenschutzfolgeanalysen f\u00fcr die wichtigsten Risikobereiche durch<\/li>\n<li><strong>Ber\u00fccksichtigen Sie die Datenverschl\u00fcsselung:<\/strong><br \/>\n-Verwenden Sie VPN und verschl\u00fcsseln Sie gespeicherte Daten<\/li>\n<li><strong>Sorgen Sie daf\u00fcr, dass die Daten in der EU bleiben:<\/strong><br \/>\n-Sofern keine beh\u00f6rdliche oder Benutzergenehmigung vorliegt<\/li>\n<li><strong>Ernennen Sie einen Datenschutzbeauftragten:<\/strong><br \/>\n-Obligatorisch, wenn Sie personenbezogene Daten in gr\u00f6\u00dferem Umfang verarbeiten<\/li>\n<li><strong>Straffen Sie die Netzwerksicherheit:<\/strong><br \/>\n-Nutzen Sie modernste technische und organisatorische Datenschutzma\u00dfnahmen<br \/>\n-Sorgen Sie bei der Eskalation von Sicherheitsvorf\u00e4llen f\u00fcr eine situationsbedingte Sensibilisierung<br \/>\n-Erm\u00f6glichen Sie echtzeitnahe, vorbeugende und korrektive Abwehrma\u00dfnahmen<\/li>\n<\/ol>\n<h6><b>Was ist der Hintergrund?<\/b><\/h6>\n<p>Die Datenschutz-Grundverordnung (<a href=\"https:\/\/eur-lex.europa.eu\/legal-content\/DE\/TXT\/PDF\/?uri=CELEX:32016R0679&amp;from=EN\" target=\"_blank\" rel=\"noopener noreferrer\">Amtsblatt<\/a>) tritt am 25. Mai 2018 vollst\u00e4ndig in Kraft. Diese Verordnung fordert bedeutsame \u00c4nderungen zum verbesserten Schutz von personenbezogenen Daten. Jedes Unternehmen, das Gesch\u00e4ftsbeziehungen zur EU pflegt und damit pers\u00f6nliche Daten von EU-B\u00fcrgern verwendet, ist betroffen und muss dieser Verordnung entsprechen!<\/p>\n<blockquote><p>Bei Nichteinhaltung drohen Geldbu\u00dfen von bis zu 20 Millionen Euro oder 4% des weltweiten Umsatzes.<\/p><\/blockquote>\n<h6><strong>Was f\u00e4llt unter personenbezogene Daten?<\/strong><\/h6>\n<p>Alle Informationen, die zur direkten oder indirekten Identifizierung von Personen verwendet werden k\u00f6nnen: darunter fallen Namen, Fotos, Adressen, Bankverbindungen, steuerliche Identifikationsnummern, Posts in sozialen Medien, medizinische Informationen und sogar IP-Adressen, mit denen bestimmte Benutzerkonten oder Ger\u00e4te verkn\u00fcpft sind.<\/p>\n<blockquote><p>Jede Person, der durch eine unzul\u00e4ssige Bearbeitung ihrer Daten oder einer Aktion, die nicht der Verordnung entspricht, ein Schaden entstanden ist, hat das Recht auf eine Entsch\u00e4digung vom Betreiber oder Verursacher des Schadens. &#8211; Datenschutz-Grundverordnung<\/p><\/blockquote>\n<h6><strong>Was sind grundlegende \u00c4nderungen?<\/strong><\/h6>\n<p>Im Folgenden sind einige wichtige neue Auflagen beschrieben. Die vollst\u00e4ndige Liste entnehmen Sie bitte dem <a href=\"https:\/\/eur-lex.europa.eu\/legal-content\/DE\/TXT\/PDF\/?uri=CELEX:32016R0679&amp;from=EN\" target=\"_blank\" rel=\"noopener noreferrer\">Amtsblatt<\/a> der\u00a0Datenschutz-Grundverordnung.<\/p>\n<ul>\n<li>die betroffene Person muss zum Erfassungszeitpunkt der Daten ihre ausdr\u00fcckliche Einwilligung zur Erfassung ihrer personenbezogenen Daten geben. Die Einverst\u00e4ndniserkl\u00e4rung muss ebenso einfach widerrufen werden k\u00f6nnen, wie sie erteilt wurde.<\/li>\n<li>personenbezogene Daten d\u00fcrfen die EU nicht ohne vorherige Genehmigung verlassen.<\/li>\n<li>Meldepflicht bei Datensicherheitsverletzungen innerhalb von 72 Stunden an die Aufsichtsbeh\u00f6rde und betroffene Person (eine Sicherheitsverletzung verschl\u00fcsselter Daten ist von der Meldepflicht ausgenommen).<\/li>\n<\/ul>\n<p>&nbsp;<\/p>\n<p>&nbsp;<\/p>\n<p>&nbsp;<\/p>\n<p>&nbsp;<\/p>\n","protected":false},"excerpt":{"rendered":"<p>Was Sie wissen m\u00fcssen und wie wir Ihnen dabei helfen k\u00f6nnen WatchGuard Firebox Security Appliances mit Total Security Suite helfen Ihnen bei der Umsetzung der DSGVO! Die Total Security Suite von WatchGuard deckt beinahe alle neuen, relevanten sicherheitstechnischen Anforderungen in einem Paket ab. Es ist eine umfassende L\u00f6sung f\u00fcr Unternehmen, die Compliance-Anforderungen zeitnah erf\u00fcllen m\u00fcssen. Eine WatchGuard Firebox Security Appliance mit Total Security Suite adressiert &hellip; <a href=\"https:\/\/wordpress.boc.de\/watchguard-info-portal\/produktinfos\/datenschutz-grundverordnung\/\" class=\"more-link\">Weiterlesen <span class=\"screen-reader-text\">Datenschutz-Grundverordnung (DSGVO)<\/span> <span class=\"meta-nav\">&raquo;<\/span><\/a><\/p>\n","protected":false},"author":4,"featured_media":0,"parent":24,"menu_order":0,"comment_status":"closed","ping_status":"closed","template":"","meta":{"footnotes":""},"class_list":["post-3910","page","type-page","status-publish","hentry"],"_links":{"self":[{"href":"https:\/\/wordpress.boc.de\/watchguard-info-portal\/wp-json\/wp\/v2\/pages\/3910"}],"collection":[{"href":"https:\/\/wordpress.boc.de\/watchguard-info-portal\/wp-json\/wp\/v2\/pages"}],"about":[{"href":"https:\/\/wordpress.boc.de\/watchguard-info-portal\/wp-json\/wp\/v2\/types\/page"}],"author":[{"embeddable":true,"href":"https:\/\/wordpress.boc.de\/watchguard-info-portal\/wp-json\/wp\/v2\/users\/4"}],"replies":[{"embeddable":true,"href":"https:\/\/wordpress.boc.de\/watchguard-info-portal\/wp-json\/wp\/v2\/comments?post=3910"}],"version-history":[{"count":75,"href":"https:\/\/wordpress.boc.de\/watchguard-info-portal\/wp-json\/wp\/v2\/pages\/3910\/revisions"}],"predecessor-version":[{"id":19973,"href":"https:\/\/wordpress.boc.de\/watchguard-info-portal\/wp-json\/wp\/v2\/pages\/3910\/revisions\/19973"}],"up":[{"embeddable":true,"href":"https:\/\/wordpress.boc.de\/watchguard-info-portal\/wp-json\/wp\/v2\/pages\/24"}],"wp:attachment":[{"href":"https:\/\/wordpress.boc.de\/watchguard-info-portal\/wp-json\/wp\/v2\/media?parent=3910"}],"curies":[{"name":"wp","href":"https:\/\/api.w.org\/{rel}","templated":true}]}}