{"id":3828,"date":"2018-02-22T11:05:50","date_gmt":"2018-02-22T10:05:50","guid":{"rendered":"https:\/\/www.boc.de\/watchguard-info-portal\/?page_id=3828"},"modified":"2026-02-23T16:33:45","modified_gmt":"2026-02-23T15:33:45","slug":"watchguard-firewall-vpn-technischer-spezialist","status":"publish","type":"page","link":"https:\/\/wordpress.boc.de\/watchguard-info-portal\/ihre-karriere-bei-boc\/watchguard-firewall-vpn-technischer-spezialist\/","title":{"rendered":"WatchGuard Firewall VPN IT-Security Spezialist (m\/w\/d)"},"content":{"rendered":"<p>STELLENAUSSCHREIBUNG &#8211; Wir suchen dich als:<\/p>\n<h1>WatchGuard Spezialist (m\/w\/d) [Technik]<\/h1>\n<h2>Schwerpunkt: Firewall\/VPN<\/h2>\n<div><img loading=\"lazy\" decoding=\"async\" class=\"alignleft size-full wp-image-15212\" style=\"margin: 0rem 2rem 1.5rem 0rem;\" src=\"https:\/\/www.boc.de\/watchguard-info-portal\/wp-content\/uploads\/2022\/04\/jobs_technik-firewall-vpn_600x300px.jpg\" alt=\"\" width=\"600\" height=\"300\" srcset=\"https:\/\/wordpress.boc.de\/watchguard-info-portal\/wp-content\/uploads\/2022\/04\/jobs_technik-firewall-vpn_600x300px.jpg 600w, https:\/\/wordpress.boc.de\/watchguard-info-portal\/wp-content\/uploads\/2022\/04\/jobs_technik-firewall-vpn_600x300px-300x150.jpg 300w\" sizes=\"(max-width: 600px) 100vw, 600px\" \/><\/div>\n<div>\n<p>Erfolg durch Spezialisierung: Die <b>BOC IT-Security GmbH<\/b> ist deutschlandweit der einzige <strong>WatchGuard Partner mit Platinum und Training Partner Status<\/strong>. Von derzeit 12 St\u00fctzpunkten aus vertreiben und betreuen wir ausschlie\u00dflich IT-Security L\u00f6sungen des Herstellers WatchGuard. Seit mehr als 25 Jahren arbeiten wir t\u00e4glich mit diesen Produkten. Neben mehr als 15.000 verkauften WatchGuard-Appliances zeichnen uns Kompetenz und Know-How als Partner f\u00fcr WatchGuard-Installationen &#8211; egal welcher Gr\u00f6\u00dfe &#8211; aus.<\/p>\n<p>Das in sich schl\u00fcssige Produktportfolio von WatchGuard umfasst:<\/p>\n<ul>\n<li>Hardware &amp; Cloud Firewall, VPN und Mobile User Access<\/li>\n<li>Sichere, cloudverwaltete WLAN Access Points<\/li>\n<li>Multifaktor-Authentifizierung<\/li>\n<li>Endpoint Security<\/li>\n<\/ul>\n<\/div>\n<p>F\u00fcr unser stabil wachsendes Gesch\u00e4ft suchen wir zur Verst\u00e4rkung des Teams einen<\/p>\n<h2>IT-Techniker \/ IT-Spezialist (m\/w\/d) f\u00fcr WatchGuard als Remote Job<\/h2>\n<h3>Das bieten wir Dir<\/h3>\n<ul>\n<li>Ein unbefristetes Arbeitsverh\u00e4ltnis mit leistungsgerechter Verg\u00fctung<\/li>\n<li>Zus\u00e4tzliche Pr\u00e4mien nach Vereinbarung mit der Gesch\u00e4ftsf\u00fchrung<\/li>\n<li>Ein Dienstwagen \u2013 auch zur privaten Nutzung<\/li>\n<li>Ein Diensthandy \u2013 auch zur privaten Nutzung<\/li>\n<li>Zuschuss zur betrieblichen Altersvorsorge<\/li>\n<li>Flexible Arbeitszeiten und 100% Homeoffice m\u00f6glich \u2013 Dein B\u00fcro ist da, wo Du bist<\/li>\n<li>Technische Ausstattung deines Homeoffices<\/li>\n<li>Eine Unternehmenskultur gepr\u00e4gt von Respekt, Kollegialit\u00e4t und Teamgeist<\/li>\n<li>Anspruchsvolle, abwechslungsreiche Arbeit in einem kleinen, hochspezialisierten Team mit hoher Eigenverantwortung<\/li>\n<li>Ein Familienunternehmen mit flachen Hierarchien und kurzen Entscheidungswegen<\/li>\n<li>Langfristige pers\u00f6nliche Perspektive mit individuellen Weiterentwicklungsm\u00f6glichkeiten in der hauseigenen Schulungsakademie beispielsweise zum WCT (WatchGuard Certified Trainer) und der Option, k\u00fcnftig auch selbst WatchGuard-Kundenschulungen durchzuf\u00fchren<\/li>\n<li>Private Nutzung aller WatchGuard Produkte<\/li>\n<\/ul>\n<h3>Das erwartet Dich bei uns<\/h3>\n<ul>\n<li>Ein Team aus WatchGuard Spezialisten welches Dich bei Deiner neuen Aufgabe unterst\u00fctzt<\/li>\n<li>Inbetriebnahme von WatchGuard Firewall und Virtual Private Network (VPN) Systemen<\/li>\n<li>Nach der Einarbeitung m\u00f6glichst auch \u00dcbernahme der Bereiche &#8220;Secure Wi-Fi&#8221;, &#8220;Multifaktor-Authentifizierung&#8221; und &#8220;Endpoint Security&#8221;<\/li>\n<li>Verantwortung f\u00fcr die WatchGuard Support Dienstleistungen sowie Problemanalyse und deren Behebung per Telefon bzw. Fernwartung, in Einzelf\u00e4llen bei Kunden vor Ort<\/li>\n<li>Management und Operating von gr\u00f6\u00dferen WatchGuard VPN-Netzwerken<\/li>\n<li>Kontinuierliche Dokumentation anhand von Ticket-Systemen<\/li>\n<li>Mitarbeit bei Pflege und Erweiterung des &#8220;Technischen WatchGuard-Blogs&#8221;<\/li>\n<\/ul>\n<h3>Das bringst Du mit<\/h3>\n<ul>\n<li><b>Mehrj\u00e4hrige Erfahrung mit WatchGuard Produkten<\/b><\/li>\n<li>Abgeschlossenes Studium der Informatik oder Wirtschaftsinformatik oder abgeschlossene Ausbildung zum Fachinformatiker f\u00fcr Systemintegration oder eine vergleichbare Qualifizierung<\/li>\n<li>Berufserfahrung als IT-Spezialist, Netzwerk- und Systemadministrator oder IT-Consultant mit Schwerpunkt Netzwerk<\/li>\n<li>Sehr gute Kenntnisse in den Bereichen Netzwerk, Routing, LAN, VLAN, WLAN, VPN<\/li>\n<li>Grundlagen in den Bereichen WLAN, Authentifizierung und Endpoint Security von Vorteil<\/li>\n<li>Du m\u00f6chtest dich pers\u00f6nlich weiterentwickeln<\/li>\n<li>Du hast ein hohes Ma\u00df an Service- und Kundenorientierung<\/li>\n<li>Du arbeitest selbst\u00e4ndig, l\u00f6sungsorientiert und \u00fcbernimmst gerne Verantwortung<\/li>\n<li>Du bist aufgeschlossen, kommunikationsf\u00e4hig, teamf\u00e4hig, flexibel und belastbar<\/li>\n<li>Du besitzt gute Deutsch- und Englischkenntnisse in Wort und Schrift<\/li>\n<li>Du bist bereit f\u00fcr gelegentliche Au\u00dfendiensteins\u00e4tzen beim Kunden<\/li>\n<li>Ein F\u00fchrerschein w\u00e4re toll, ist aber kein Muss<\/li>\n<\/ul>\n<p>Nach einer Einarbeitungsphase in einem der BOC-Standorte arbeitest du weitestgehend von deinem Home Office aus bzw. besuchst von dort aus WatchGuard B2B Kunden, die Vor-Ort-Dienstleistungen und Installationen buchen. So entsteht Work-Life-Balance: verantwortungsvolles, abwechslungsreiches und befriedigendes Arbeiten &#8211; von deinem angestammten Lebensumfeld aus. Mehrmals im Jahr finden Pr\u00e4senztage statt (i.d.R. an den Standorten Oberhausen oder W\u00fcrzburg), die beim pers\u00f6nlichen Austausch, Absprachen und gemeinsamen Arbeiten im Team helfen.<\/p>\n<h3>Deine Bewerbung an uns<\/h3>\n<p>Dich begeistert der technologische Wandel in der IT? Dann gestalte gemeinsam mit uns die digitale Zukunft. Bewege etwas und entwickle Dich und Deine F\u00e4higkeiten in einem zukunftsorientierten Arbeitsumfeld.<\/p>\n<p>Wenn Du Teil unseres Teams von WatchGuard-Spezialisten werden und in gemeinsamer Zusammenarbeit mit Kunden intelligente IT-Security L\u00f6sungen finden m\u00f6chtest, dann sende uns Deine aussagef\u00e4higen Bewerbungsunterlagen unter Angabe Deines fr\u00fchestm\u00f6glichen Starttermins und Deiner Gehaltsvorstellung per Mail an <a href=\"mailto:bewerbung@boc.de\">bewerbung@boc.de<\/a> oder postalisch an:<\/p>\n<p>BOC IT-Security GmbH<br \/>\nHerrn Maik Lumler<br \/>\nEssener Stra\u00dfe 2-24<br \/>\n46047 Oberhausen<\/p>\n","protected":false},"excerpt":{"rendered":"<p>STELLENAUSSCHREIBUNG &#8211; Wir suchen dich als: WatchGuard Spezialist (m\/w\/d) [Technik] Schwerpunkt: Firewall\/VPN Erfolg durch Spezialisierung: Die BOC IT-Security GmbH ist deutschlandweit der einzige WatchGuard Partner mit Platinum und Training Partner Status. Von derzeit 12 St\u00fctzpunkten aus vertreiben und betreuen wir ausschlie\u00dflich IT-Security L\u00f6sungen des Herstellers WatchGuard. Seit mehr als 25 Jahren arbeiten wir t\u00e4glich mit diesen Produkten. Neben mehr als 15.000 verkauften WatchGuard-Appliances zeichnen uns &hellip; <a href=\"https:\/\/wordpress.boc.de\/watchguard-info-portal\/ihre-karriere-bei-boc\/watchguard-firewall-vpn-technischer-spezialist\/\" class=\"more-link\">Weiterlesen <span class=\"screen-reader-text\">WatchGuard Firewall VPN IT-Security Spezialist (m\/w\/d)<\/span> <span class=\"meta-nav\">&raquo;<\/span><\/a><\/p>\n","protected":false},"author":3,"featured_media":0,"parent":3751,"menu_order":0,"comment_status":"closed","ping_status":"closed","template":"","meta":{"footnotes":""},"class_list":["post-3828","page","type-page","status-publish","hentry"],"_links":{"self":[{"href":"https:\/\/wordpress.boc.de\/watchguard-info-portal\/wp-json\/wp\/v2\/pages\/3828"}],"collection":[{"href":"https:\/\/wordpress.boc.de\/watchguard-info-portal\/wp-json\/wp\/v2\/pages"}],"about":[{"href":"https:\/\/wordpress.boc.de\/watchguard-info-portal\/wp-json\/wp\/v2\/types\/page"}],"author":[{"embeddable":true,"href":"https:\/\/wordpress.boc.de\/watchguard-info-portal\/wp-json\/wp\/v2\/users\/3"}],"replies":[{"embeddable":true,"href":"https:\/\/wordpress.boc.de\/watchguard-info-portal\/wp-json\/wp\/v2\/comments?post=3828"}],"version-history":[{"count":54,"href":"https:\/\/wordpress.boc.de\/watchguard-info-portal\/wp-json\/wp\/v2\/pages\/3828\/revisions"}],"predecessor-version":[{"id":30337,"href":"https:\/\/wordpress.boc.de\/watchguard-info-portal\/wp-json\/wp\/v2\/pages\/3828\/revisions\/30337"}],"up":[{"embeddable":true,"href":"https:\/\/wordpress.boc.de\/watchguard-info-portal\/wp-json\/wp\/v2\/pages\/3751"}],"wp:attachment":[{"href":"https:\/\/wordpress.boc.de\/watchguard-info-portal\/wp-json\/wp\/v2\/media?parent=3828"}],"curies":[{"name":"wp","href":"https:\/\/api.w.org\/{rel}","templated":true}]}}