{"id":3800,"date":"2018-02-20T09:16:25","date_gmt":"2018-02-20T08:16:25","guid":{"rendered":"https:\/\/www.boc.de\/watchguard-info-portal\/supportinfos\/watchguard-schulung\/watchguard-schulung-total-security-suite-copy\/"},"modified":"2018-07-23T15:49:11","modified_gmt":"2018-07-23T13:49:11","slug":"watchguard-schulung-total-security-suite-https-proxy-mit-deep-inspection","status":"publish","type":"page","link":"https:\/\/wordpress.boc.de\/watchguard-info-portal\/supportinfos\/watchguard-schulung\/watchguard-schulung-total-security-suite-https-proxy-mit-deep-inspection\/","title":{"rendered":"Praxis-Workshop: WatchGuard Total Security Suite \/ HTTPS-Proxy mit Deep Inspection"},"content":{"rendered":"\n\n<div class=\"su-posts su-posts-single-post \">\n\n\t\t\t\t\t\t\n\t\t\t\n\t\t\t<div id=\"su-post-3802\" class=\"su-post \">\n\t\t\t\t\n\t\t\t\t<div class=\"su-post-content\">\n\t\t\t\t\t<h5>Praxis-Workshop: Total Security Suite \/ HTTPS-Proxy mit Deep Inspection<\/h5>\n<table>\n<tbody>\n<tr>\n<td><\/td>\n<td><img loading=\"lazy\" decoding=\"async\" class=\"alignnone size-full wp-image-1473\" src=\"https:\/\/www.boc.de\/watchguard-info-portal\/wp-content\/uploads\/2016\/06\/emblem-rechts.gif\" alt=\"emblem-rechts\" width=\"48\" height=\"48\" \/><a href=\"https:\/\/www.boc.de\/watchguard-info-portal\/supportinfos\/watchguard-schulungen\/anmeldeformular\/\">Zum Anmeldeformular<\/a><img loading=\"lazy\" decoding=\"async\" class=\"alignright wp-image-889 size-full\" src=\"https:\/\/www.boc.de\/watchguard-info-portal\/wp-content\/uploads\/2016\/04\/watchguard-certified-training-partner.png\" sizes=\"(max-width: 424px) 100vw, 424px\" srcset=\"https:\/\/www.boc.de\/watchguard-info-portal\/wp-content\/uploads\/2016\/04\/watchguard-certified-training-partner.png 424w, https:\/\/www.boc.de\/watchguard-info-portal\/wp-content\/uploads\/2016\/04\/watchguard-certified-training-partner-150x117.png 300w\" alt=\"WatchGuard Schulung\" width=\"424\" height=\"105\" \/><\/td>\n<\/tr>\n<tr>\n<td valign=\"top\"><strong>ZIELE:<\/strong><\/td>\n<td>Dieser Kurs vermittelt die notwendigen Kenntnisse, um die neuen Features der Total Security Suite in einer mit einer WatchGuard Firewall gemanageten Infrastruktur einzuf\u00fchren und zu verwalten &#8211; speziell zur Vermeidung eines Ransomware-Befalls. Der Kurs soll einen m\u00f6glichst vollst\u00e4ndigen \u00dcberblick \u00fcber die neuen Features der Total Security Suite geben, insbesondere Threat Detection and Response (TDR), APT Blocker, Data Loss Prevention (DLP) und das neue &#8220;Access Portal&#8221; ab der Fireware 12.1. Im Praxis-Teil wird u.a. TDR auf einer Infrastruktur bestehend aus mehreren Workstations und einem Active Directory Domain Controller ausgerollt.<\/p>\n<p>Da inzwischen der Gro\u00dfteil des Web-Traffics \u00fcber HTTPS ausgeliefert wird, umfa\u00dft der Kurs die Konfiguration, Einf\u00fchrung und Verwaltung von HTTPS-Deep-Inspection (Content Inspection) und soll einen m\u00f6glichst vollst\u00e4ndigen \u00dcberblick \u00fcber die Thematik Content Inspection \/ Deep Inspection \/ Zertifikate geben. Im Praxis-Teil wird HTTPS Content Inspection (DPI) in mehreren Varianten konfiguriert und vorgef\u00fchrt. Es wird detailliert auf die Themen Zertifikate und Zertifikatsketten sowie die Neuerungen der Fireware 12.1 im Bereich HTTPS Content Inspection eingegangen. HTTPS-Proxy wird ebenfalls f\u00fcr eingehende Verbindungen zu einem hausintern stehenden Webserver (z.B. Outlook Web Access) konfiguriert und damit aufgezeigt, dass so nur bestimmte URL-Pattern als zul\u00e4ssig eingestuft werden k\u00f6nnen und so z.B. der externe Zugriff auf bestimmte Pfade des Webservers (OWA-Konfiguration) blockiert werden kann. Zur Abrundung werden die vermittelten Kenntnisse auf den SMTP-Proxy mit TLS \u00fcbertragen.<\/p>\n<p>Ein \u00dcberblick \u00fcber alle anderen Security Services rundet den Workshop ab.<\/p>\n<p>Schwerpunkte werden anhand der Bed\u00fcrfnisse der Workshop-Teilnehmer im Vorfeld besprochen und gerne ber\u00fccksichtigt.<\/td>\n<\/tr>\n<tr>\n<td valign=\"top\" width=\"15%\"><strong>ZIELGRUPPE:<\/strong><\/td>\n<td>Diese Schulung wendet sich an Netzwerk Administratoren und Techniker, die eine oder mehrere WatchGuard Firebox \/ XTM Firewall VPN Appliances administrieren und die Kenntnisse in den genannten Bereichen vertiefen m\u00f6chten.<\/td>\n<\/tr>\n<tr>\n<td valign=\"top\"><strong>VORAUSSETZUNGEN:<\/strong><\/td>\n<td>Kenntnisse \u00fcber Netzwerkadministration, IP-Adressierung, Handhabung von IP-Subnetzen, Routing und Internet-Zugangstechnologien (klassische Standleitung, DSL, ISDN, LTE\/UMTS (4G\/3G)) sowie solide Kenntnisse des WatchGuard System Managers und des WatchGuard Policy Managers und der Administration von Windows Domains (ggf. mit eigener Zertifizierungsstelle) werden vorausgesetzt. <strong>Das Seminar wird in deutscher Sprache gehalten.<\/strong> F\u00fcr eine erfolgreiche Teilnahme m\u00fcssen Grundkenntnisse in englischer Sprache vorhanden sein, um den in Englisch gehaltenen Seminarunterlagen und der Bedieneroberfl\u00e4che folgen zu k\u00f6nnen.<\/td>\n<\/tr>\n<tr>\n<td valign=\"top\"><strong>INHALT:<\/strong><\/td>\n<td>\n<ul>\n<li><strong>Threat Detection and Response (TDR)<\/strong>\n<ul>\n<li>Prinzipien (TDR Gateway, TDR Host Sensor, Korrelation)<\/li>\n<li>Konfiguration der Firewall f\u00fcr TDR<\/li>\n<li>Konfiguration der TDR-Policies in der Cloud<\/li>\n<li>Setup des Host Sensors<\/li>\n<\/ul>\n<\/li>\n<li><strong>Threat Detection and Response &#8211; AD-Helper<\/strong>\n<ul>\n<li>Setup des AD-Helpers<\/li>\n<li>Ausrollen der Host-Sensoren in Active Directory Umgebungen mittels AD-Helper<\/li>\n<\/ul>\n<\/li>\n<li><strong>APT Blocker<\/strong>\n<ul>\n<li>Grundlagen und\u00a0Verwendung<\/li>\n<\/ul>\n<\/li>\n<li><strong>Data Loss Prevention<\/strong>\n<ul>\n<li>Grundlagen und\u00a0Verwendung<\/li>\n<\/ul>\n<\/li>\n<li><strong>Access Portal<\/strong>\n<ul>\n<li>Grundlagen<\/li>\n<li>Lizensierung<\/li>\n<li>Konfiguration<\/li>\n<\/ul>\n<\/li>\n<li>\u00a0<strong>Zertifikate<\/strong>\n<ul>\n<li>Konzept von Zertifikaten und Signaturen<\/li>\n<li>Certificate Authorities (CAs)<\/li>\n<li>Zertifikatsketten<\/li>\n<li>G\u00fcltigkeit von Zertifikaten<\/li>\n<li>Widerufslisten (CRL) und Online Certificate Status Protocol (OCSP)<\/li>\n<\/ul>\n<\/li>\n<li><strong>HTTPS-Proxy<\/strong>\n<ul>\n<li>Setup und Konfiguration des HTTPS-Proxy<\/li>\n<li>Proxy-Ausnahme-Listen<\/li>\n<\/ul>\n<\/li>\n<li><strong>HTTPS-Proxy mit Content Inspection in Verbindung mit einer Active Directory Dom\u00e4ne<\/strong>\n<ul>\n<li>Export des WatchGuard Zertifikates und Verteilen des Zertifikates mit einer Gruppenrichtlinie<\/li>\n<li>Erstellen eines eigenen Zertifikates f\u00fcr die WatchGuard Firewall durch die Windows-CA<\/li>\n<li>Import des eigenen Zertifikates auf der WatchGuard Firebox<\/li>\n<\/ul>\n<\/li>\n<li><strong style=\"font-size: inherit; font-family: inherit;\">Tipps und Tricks aus der Praxis<\/strong>\n<ul>\n<li>Problematiken bei Verwendung von Content Inspection (DPI):<br \/>\nMobile Devices, Tablets, Betriebssysteme, die keine Dom\u00e4nenmitglieder sind,<br \/>\nVerwendung von Internet Browsern mit eigenen Zertifikatsspeichern (z.B. Opera \/ Firefox)<\/li>\n<\/ul>\n<\/li>\n<\/ul>\n<\/td>\n<\/tr>\n<tr>\n<td valign=\"top\"><strong>ECKDATEN:<\/strong><\/td>\n<td>\n<ul>\n<li>Dauer: 1 Tag (9:00-16:00 Uhr)<\/li>\n<li>Teilnahmegeb\u00fchr <strong>800,00 Euro zzgl. MwSt.<\/strong> pro Person <strong>incl. Schulungsunterlagen (PDF) und Tagesverpflegung.<\/strong><\/li>\n<li>Die Rechnungsstellung erfolgt vorab. Nach Eingang Ihrer Zahlung erhalten Sie eine schriftliche Best\u00e4tigung. Bitte zur Schulung mitbringen!<\/li>\n<li>Bei Verhinderung des angemeldeten Teilnehmers kann eine Ersatzperson benannt werden.<\/li>\n<li>Eine Umbuchung auf einen sp\u00e4teren Termin ist gegen eine Geb\u00fchr von 50,00 Euro m\u00f6glich.<\/li>\n<li>Eine R\u00fcckerstattung ist jedoch ausgeschlossen.<\/li>\n<\/ul>\n<\/td>\n<\/tr>\n<\/tbody>\n<\/table>\n\t\t\t\t<\/div>\n\t\t\t<\/div>\n\n\t\t\t\t\n<\/div>\n\n<img loading=\"lazy\" decoding=\"async\" class=\"alignnone size-full wp-image-1473\" src=\"https:\/\/www.boc.de\/watchguard-info-portal\/wp-content\/uploads\/2016\/06\/emblem-rechts.gif\" alt=\"emblem-rechts\" width=\"48\" height=\"48\" \/><a href=\"https:\/\/www.boc.de\/watchguard-info-portal\/supportinfos\/watchguard-schulungen\/anmeldeformular\/\">Zum Anmeldeformular<\/a><br \/>\n\n\n<div class=\"su-posts su-posts-single-post \">\n\n\t\t\t\t\t\t\n\t\t\t\n\t\t\t<div id=\"su-post-3220\" class=\"su-post \">\n\t\t\t\t\n\t\t\t\t<div class=\"su-post-content\">\n\t\t\t\t\t<h3>Verf\u00fcgbare Termine 2026:<\/h3>\n<h4>Network Security Essentials-Schulungen<\/h4>\n<p>Derzeit bieten wir unsere Network-Schulungen als Pr\u00e4senz- oder Online-Schulung an. Die Pr\u00e4senz-Schulung findet in Oberhausen statt.<\/p>\n<table>\n<tbody>\n<tr>\n<td colspan=\"4\"><strong>2026<\/strong><\/td>\n<\/tr>\n<tr>\n<td id=\"prodinfo\" width=\"35%\"><a href=\"\/watchguard-info-portal\/supportinfos\/watchguard-schulung\/administrator-schulung\/\">Network Security Essentials-Schulung<\/a><\/td>\n<td id=\"prodinfo\" width=\"15%\">Pr\u00e4senz<\/td>\n<td id=\"prodinfo\" width=\"30%\">14.04.2026 &#8211; 17.04.2026 (4 Tage, Di.-Fr.)<\/td>\n<td id=\"prodinfo\" align=\"right\" width=\"20%\">2.700,00 \u20ac<\/td>\n<\/tr>\n<tr>\n<td id=\"prodinfo\" width=\"35%\"><a href=\"\/watchguard-info-portal\/supportinfos\/watchguard-schulung\/administrator-schulung\/\">Network Security Essentials-Schulung<\/a><\/td>\n<td id=\"prodinfo\" width=\"15%\">Online<\/td>\n<td id=\"prodinfo\" width=\"30%\">19.05.2026 &#8211; 22.05.2026 (4 Tage, Di.-Fr.)<\/td>\n<td id=\"prodinfo\" align=\"right\" width=\"20%\">2.300,00 \u20ac<\/td>\n<\/tr>\n<tr>\n<td id=\"prodinfo\" width=\"35%\"><a href=\"\/watchguard-info-portal\/supportinfos\/watchguard-schulung\/administrator-schulung\/\">Network Security Essentials-Schulung<\/a><\/td>\n<td id=\"prodinfo\" width=\"15%\">Pr\u00e4senz<\/td>\n<td id=\"prodinfo\" width=\"30%\">09.06.2026 &#8211; 12.06.2026 (4 Tage, Di.-Fr.)<\/td>\n<td id=\"prodinfo\" align=\"right\" width=\"20%\">2.700,00 \u20ac<\/td>\n<\/tr>\n<tr>\n<td id=\"prodinfo\" width=\"35%\"><a href=\"\/watchguard-info-portal\/supportinfos\/watchguard-schulung\/administrator-schulung\/\">Network Security Essentials-Schulung<\/a><\/td>\n<td id=\"prodinfo\" width=\"15%\">Online<\/td>\n<td id=\"prodinfo\" width=\"30%\">07.07.2026 &#8211; 10.07.2026 (4 Tage, Di.-Fr.)<\/td>\n<td id=\"prodinfo\" align=\"right\" width=\"20%\">2.300,00 \u20ac<\/td>\n<\/tr>\n<\/tbody>\n<\/table>\n<h4>Endpoint Security Essentials-Schulungen<\/h4>\n<p>Derzeit bieten wir unsere Endpoint-Schulungen ausschlie\u00dflich als Online-Schulung an.<\/p>\n<table>\n<tbody>\n<tr>\n<td colspan=\"4\"><strong>2026<\/strong><\/td>\n<\/tr>\n<tr>\n<td id=\"prodinfo\" width=\"40%\"><a href=\"https:\/\/www.boc.de\/watchguard-info-portal\/supportinfos\/watchguard-schulung\/endpoint-security-essentials-schulung\/\" rel=\"noopener\">Endpoint Security Essentials-Schulung<\/a><\/td>\n<td id=\"prodinfo\" width=\"15%\">Online<\/td>\n<td id=\"prodinfo\" width=\"30%\">16.04.2026 (1 Tag, 09:00-17:00 Uhr)<\/td>\n<td id=\"prodinfo\" align=\"right\" width=\"15%\">750,00 \u20ac<\/td>\n<\/tr>\n<tr>\n<td id=\"prodinfo\" width=\"40%\"><a href=\"https:\/\/www.boc.de\/watchguard-info-portal\/supportinfos\/watchguard-schulung\/endpoint-security-essentials-schulung\/\" rel=\"noopener\">Endpoint Security Essentials-Schulung<\/a><\/td>\n<td id=\"prodinfo\" width=\"15%\">Online<\/td>\n<td id=\"prodinfo\" width=\"30%\">25.06.2026 (1 Tag, 09:00-17:00 Uhr)<\/td>\n<td id=\"prodinfo\" align=\"right\" width=\"15%\">750,00 \u20ac<\/td>\n<\/tr>\n<\/tbody>\n<\/table>\n\t\t\t\t<\/div>\n\t\t\t<\/div>\n\n\t\t\t\t\n<\/div>\n\n<img loading=\"lazy\" decoding=\"async\" class=\"alignnone size-full wp-image-1473\" src=\"https:\/\/www.boc.de\/watchguard-info-portal\/wp-content\/uploads\/2016\/06\/emblem-rechts.gif\" alt=\"emblem-rechts\" width=\"48\" height=\"48\" \/><a href=\"https:\/\/www.boc.de\/watchguard-info-portal\/supportinfos\/watchguard-schulungen\/anmeldeformular\/\">Zum Anmeldeformular<\/a><br \/>\n\n\n<div class=\"su-posts su-posts-single-post \">\n\n\t\t\t\t\t\t\n\t\t\t\n\t\t\t<div id=\"su-post-3222\" class=\"su-post \">\n\t\t\t\t\n\t\t\t\t<div class=\"su-post-content\">\n\t\t\t\t\t<div id=\"pl-3222\"  class=\"panel-layout\" ><div id=\"pg-3222-0\"  class=\"panel-grid panel-no-style\" ><div id=\"pgc-3222-0-0\"  class=\"panel-grid-cell\" ><div id=\"panel-3222-0-0-0\" class=\"so-panel widget widget_sow-editor panel-first-child panel-last-child\" data-index=\"0\" ><div\n\t\t\t\n\t\t\tclass=\"so-widget-sow-editor so-widget-sow-editor-base\"\n\t\t\t\n\t\t>\n<div class=\"siteorigin-widget-tinymce textwidget\">\n\t<p><img loading=\"lazy\" decoding=\"async\" class=\"alignright wp-image-889 size-full\" src=\"https:\/\/www.boc.de\/watchguard-info-portal\/wp-content\/uploads\/2016\/04\/watchguard-certified-training-partner.png\" sizes=\"(max-width: 424px) 100vw, 424px\" srcset=\"https:\/\/www.boc.de\/watchguard-info-portal\/wp-content\/uploads\/2016\/04\/watchguard-certified-training-partner.png 424w, https:\/\/www.boc.de\/watchguard-info-portal\/wp-content\/uploads\/2016\/04\/watchguard-certified-training-partner-150x117.png 300w\" alt=\"watchguard-certified-training-partner\" width=\"424\" height=\"105\" \/><\/p>\n<h2 id=\"onsite\">WatchGuard Individual-Schulung vor Ort<\/h2>\n<p>Alle WatchGuard Schulungen und Trainings, die wir zentral in Oberhausen anbieten, k\u00f6nnen wir f\u00fcr Sie auf Wunsch auch individuell und an einem anderen Ort durchf\u00fchren - zum Beispiel <strong>in Ihren eigenen R\u00e4umen<\/strong> oder einem Hotel oder Veranstaltungsraum in Ihrer N\u00e4he. Bei Bedarf stellen wir auch eine gewisse Anzahl von WatchGuard Produkten f\u00fcr Hands-On-Training und die erforderliche Pr\u00e4sentationstechnik bereit.<\/p>\n<p>Nat\u00fcrlich kann im Rahmen der Schulung dann besonders individuell auf Ihre bestehende oder geplante Netzwerk-Infrastruktur eingegangen werden. Neben der Network Security Essentials-Schulung bieten wir auch Themen wie Secure Wi-Fi, Multifaktor-Authentifizierung mit AuthPoint und alle weiteren WatchGuard Themen an.<\/p>\n<p>Wenn Sie selbst <strong>IT-Fachh\u00e4ndler<\/strong> sind und WatchGuard-Kunden betreuen, f\u00fchren wir die Schulung gerne auch <strong>neutral in Ihrem Namen<\/strong> durch und sichern Ihnen selbstverst\u00e4ndlich absoluten Kundenschutz zu!<\/p>\n<p><img loading=\"lazy\" decoding=\"async\" class=\"alignnone size-full wp-image-1473\" src=\"https:\/\/www.boc.de\/watchguard-info-portal\/wp-content\/uploads\/2016\/06\/emblem-rechts.gif\" alt=\"emblem-rechts\" width=\"48\" height=\"48\" \/><a href=\"https:\/\/www.boc.de\/watchguard-info-portal\/supportinfos\/watchguard-schulung\/individualschulung\/\">Bitte nutzen Sie unser Anfrageformular<\/a><\/p>\n<\/div>\n<\/div><\/div><\/div><\/div><\/div>\t\t\t\t<\/div>\n\t\t\t<\/div>\n\n\t\t\t\t\n<\/div>\n\n","protected":false},"excerpt":{"rendered":"<p>WatchGuard Individual-Schulung vor Ort Alle WatchGuard Schulungen und Trainings, die wir zentral in Oberhausen anbieten, k\u00f6nnen wir f\u00fcr Sie auf Wunsch auch individuell und an einem anderen Ort durchf\u00fchren &#8211; zum Beispiel in Ihren eigenen R\u00e4umen oder einem Hotel oder Veranstaltungsraum in Ihrer N\u00e4he. Bei Bedarf stellen wir auch eine gewisse Anzahl von WatchGuard Produkten f\u00fcr Hands-On-Training und die erforderliche Pr\u00e4sentationstechnik bereit. Nat\u00fcrlich kann im &hellip; <a href=\"https:\/\/wordpress.boc.de\/watchguard-info-portal\/supportinfos\/watchguard-schulung-tpl-individual-schulung-vor-ort\/\" class=\"more-link\">Weiterlesen <span class=\"screen-reader-text\">WatchGuard Schulung &#8211; Textblock Individual-Schulung &#8211; 3222<\/span> <span class=\"meta-nav\">&raquo;<\/span><\/a><\/p>\n","protected":false},"author":3,"featured_media":0,"parent":2,"menu_order":0,"comment_status":"closed","ping_status":"closed","template":"","meta":{"footnotes":""},"class_list":["post-3800","page","type-page","status-publish","hentry"],"_links":{"self":[{"href":"https:\/\/wordpress.boc.de\/watchguard-info-portal\/wp-json\/wp\/v2\/pages\/3800"}],"collection":[{"href":"https:\/\/wordpress.boc.de\/watchguard-info-portal\/wp-json\/wp\/v2\/pages"}],"about":[{"href":"https:\/\/wordpress.boc.de\/watchguard-info-portal\/wp-json\/wp\/v2\/types\/page"}],"author":[{"embeddable":true,"href":"https:\/\/wordpress.boc.de\/watchguard-info-portal\/wp-json\/wp\/v2\/users\/3"}],"replies":[{"embeddable":true,"href":"https:\/\/wordpress.boc.de\/watchguard-info-portal\/wp-json\/wp\/v2\/comments?post=3800"}],"version-history":[{"count":5,"href":"https:\/\/wordpress.boc.de\/watchguard-info-portal\/wp-json\/wp\/v2\/pages\/3800\/revisions"}],"predecessor-version":[{"id":4375,"href":"https:\/\/wordpress.boc.de\/watchguard-info-portal\/wp-json\/wp\/v2\/pages\/3800\/revisions\/4375"}],"up":[{"embeddable":true,"href":"https:\/\/wordpress.boc.de\/watchguard-info-portal\/wp-json\/wp\/v2\/pages\/2"}],"wp:attachment":[{"href":"https:\/\/wordpress.boc.de\/watchguard-info-portal\/wp-json\/wp\/v2\/media?parent=3800"}],"curies":[{"name":"wp","href":"https:\/\/api.w.org\/{rel}","templated":true}]}}