{"id":366,"date":"2016-06-15T19:01:19","date_gmt":"2016-06-15T17:01:19","guid":{"rendered":"https:\/\/www.boc.de\/watchguard-info-portal\/?page_id=366"},"modified":"2025-05-21T11:04:58","modified_gmt":"2025-05-21T09:04:58","slug":"boc-stundensaetze","status":"publish","type":"page","link":"https:\/\/wordpress.boc.de\/watchguard-info-portal\/supportinfos\/boc-dienstleistungen\/boc-stundensaetze\/","title":{"rendered":"BOC Stundens\u00e4tze und Dienstleistungspakete"},"content":{"rendered":"<div id=\"pl-366\"  class=\"panel-layout\" ><div id=\"pg-366-0\"  class=\"panel-grid panel-no-style\" ><div id=\"pgc-366-0-0\"  class=\"panel-grid-cell\" ><div id=\"panel-366-0-0-0\" class=\"widget_text so-panel widget widget_custom_html panel-first-child panel-last-child\" data-index=\"0\" ><div class=\"textwidget custom-html-widget\"><style>\n    .blue-line { display: none; }\n    #secondary { display: none; }\n    #content { width: 100%; }\n\t\n\t.content_wrap  {\n\tpadding-top:0px;\n\t}\n\t\n\t.box-container-products {\n\tborder-radius: 10px;\n\tbackground-color:#f2f2f2;\n\t}\n\t\n.test-container h2 {\n\tmargin:0 0 16px 0;\n\tfont-weight: 700;\n\t font-size:34px;\n\t}\n\t.test-container h3 {\n\tmargin:0 0 12px 0;\n\tfont-weight: 700;\n\t font-size:26px;\n\t}\n\t.test-container h5 {\n\tmargin: 0 0 12px 0;\n\tfont-weight: 700;\n\t font-size:18px;\n\t}\n\t\n\t.test-container table {\n    width: 100%;\n    border-collapse: collapse;\n    margin: 20px 0;\n    font-size: 16px;\n    text-align: left;\n\t border-radius: 8px; \/* Rundet die Ecken der gesamten Tabelle *\/\n    overflow: hidden; \/* Stellt sicher, dass Inhalte nicht \u00fcber die abgerundeten Ecken hinausgehen *\/\n}\n\n.test-container th {\n    font-weight: bold;      \/* Macht den Text fett *\/\n    font-size: 14px;        \/* Verringert die Schriftgr\u00f6\u00dfe *\/\n    line-height: 1;       \/* Verringert den Zeilenabstand *\/\n    padding: 4px 10px;      \/* Optional: Reduzierte Polsterung f\u00fcr weniger Platz zwischen den Zellen *\/\n\tvertical-align: top; \n\tbackground-color: #f9f9f9;\n}\n\n.test-container .top-row-color th {  \n\tbackground-color: #f1f1f1;\n}\n.test-container th small {\n    font-size: 14px;        \/* Noch kleinere Schriftgr\u00f6\u00dfe f\u00fcr den Text im <small>-Tag *\/\n    line-height: 0.8;\nfont-weight: normal; \t\/* Optional: Geringer Zeilenabstand f\u00fcr den <\/small><small>-Text *\/\n}\n.test-container th, .test-container td {\n    padding: 12px 15px;\n    border: 1px solid #ddd;\n\ttext-transform:none;\t\n}\n\n.test-container td {\n   line-height: 1.4;\t\n      background-color: white;\n\t  font-weight: normal;\n}\n\n\n\t\n\t.box-content ul {\n    padding-left: 0; \n    margin: 0; \n    list-style-position: inside; \n}\n\n.list-inside ul {\n    list-style: none;    \/* Entfernt die Standard-Aufz\u00e4hlungszeichen *\/\n    padding: 0;          \/* Entfernt das Standard-Padding *\/\n    margin: 0;           \/* Entfernt den Standard-Abstand (Margin) der ul *\/\n\t\n}\n\n.list-inside ul li {\n    position: relative;\n    padding-left: 14px;  \/* Platz f\u00fcr das Symbol reservieren *\/\n}\n\n.list-inside ul li::before {\n    content: \"\\f0da\";\n    font-family: \"FontAwesome\";\n    color: #333;\n    position: absolute;\n    inset-inline-start: 0; \/* Setzt das Symbol an den Anfang des Containers (b\u00fcndig links) *\/\n    top: 0;                \/* Vertikale Ausrichtung *\/\n}\n\n.info-box  {\n\tbackground-color:#f2f2f2;\n\tpadding:30px 26px 20px 26px;\n\tbackground: #f9f9f9;\n    border-radius: 10px;\n\tdisplay:block;}\n\t\n\t.info-box h3 {\n\tmargin: 0 0 10px 0;\n    font-size: 26px;\n    font-weight: 700;\n    margin-bottom: 16px;\n\t\t}\n\n.info-box-internal  {\n\tpadding: 20px;\n\tbackground: #fff;\n\tborder-radius: 10px;\n\tborder: 1px #dadada solid;\n\t\t}\t\n\n .info-box .box {\n    display: flex;               \/* Aktiviert Flexbox f\u00fcr nebeneinander liegende Anordnung *\/\n    align-items: flex-start;     \/* Richtet die Elemente am oberen Rand aus *\/\n    background-color: #f9f9f9;   \/* Hintergrundfarbe des Containers *\/\n   \n}\n\n.info-box h5 {\n\tmargin: 0 0 12px 0;\n\tfont-weight: 700;\n\t font-size:18px;\n\t}\n.info-box ul {\n\tmargin-bottom:0px;\n\t}\n\t\t\n.fa-copy {\n\tcursor:pointer;\n\tcolor:#adadad;\n\t\t}\t\t\t\n.fa-copy:hover {\n\tcursor:pointer;\n\tcolor:#222;\n\t\t}\t\n\n\t.red-button {\n\tdisplay: inline-block;\n    border-radius: 3px;\n    margin-top: auto;\n    background-color: #b22418;\n    border: none;\n    color: white;\n    padding: 10px 20px;\n    text-align: center;\n    font-size: 14px;\n    font-weight: 600;\n    cursor: pointer;\n    overflow: hidden;\n    position: relative;\n    align-self: flex-start;\n}\n\n\n.red-button:hover {\n    background-color: #a11f15;\n\tcolor: white;\n\ttext-decoration:none;\n}\n\n.red-button a {\n\tfont-size: 14px;\n    font-weight: 600;\n    color: white;\n}\n.red-button a:hover {\n    color: white;\n\ttext-decoration:none;\n}\n\n.red-button:after {\n  content: \"\";\n  display: block;\n  position: absolute;\n  width: 300%;\n  height: 300%;\n  top: 50%;\n  left: 50%;\n  pointer-events: none;\n  background-image: radial-gradient(circle, #fff 10%, transparent 10.01%);\n  background-repeat: no-repeat;\n  background-position: 50%;\n  transform: translate(-50%, -50%) scale(10);\n  opacity: 0;\n  transition: transform 0.5s, opacity 1s;\n}\n \n.red-button:active:after {\n  transform: translate(-50%, -50%) scale(0);\n  opacity: 0.3;\n  transition: 0s;\n}\n\n .container666 {\n        display: flex;\n        flex-wrap: wrap;\n        gap: 16px;\n        max-width: 100%;\n        box-sizing: border-box;\n        margin: 0 auto;\n        position: relative;\n    }\n\n    .box666 {\n        flex: 1 1 calc(50% - 10px);\n        min-height: 360px;\n        display: flex;\n        flex-direction: column;\n        align-items: flex-start;\n        justify-content: flex-start;\n        box-sizing: border-box;\n        padding: 20px 20px 20px 30px;\n        position: relative;\n        cursor: pointer;\n        border-radius: 10px;\n        box-shadow: 0px 3px 5px rgba(0, 0, 0, 0.2), 0px 5px 10px rgba(0, 0, 0, 0.19);\n        transition: box-shadow 0.3s ease-in-out;\n    }\n\n    .box666:hover {\n        box-shadow: 0px 10px 15px rgba(0, 0, 0, 0.3), 0px 10px 20px rgba(0, 0, 0, 0.25);\n    }\n\n    .static-box {\n        cursor: default;\n        margin-bottom: 16px;\n        box-shadow: none;\n\t\t\tbackground: #f9f9f9;\n    }\n\t\n\t.box-auto-height {\n        min-height: auto!important;\n\t\tpadding-bottom:40px!important;\n\t\t\n\t\t\n    }\n\t.box-auto-height-small {\n        min-height: 196px!important;\n\t\t\n\t\tpadding-top:14px;\n\t\t\n    }\n    .static-box:hover {\n        box-shadow: none;\n    }\n\n    .box-content {\n        margin-top: 10px;\n        text-align: left;\n        width: 100%;\n        display: flex;\n        flex-direction: column;\n        justify-content: space-between;\n        flex-grow: 1;\n    }\n\n  .box-content .icon {\n        font-size: 52px;\n        color: #b22418;\n        margin-bottom: 20px;\n    }\n\n    .box-content h2 {\n        margin: 0;\n        font-size: 20px !important;\n        font-weight: 700;\n        margin-bottom: 2px;\n    }\n\t\n\t.box-content p {\n        margin-top: 20px;\n\t\tline-height:1.3;\n       \n    }\n\t\n\t.box-description666 {\n        font-size:15px;\n\t\tline-height:1.2;\n\t\tmargin-bottom:4px;\n    }\n\t\n.box-content ul {\n    padding-left: 0; \n    margin: 0; \n    list-style-position: inside; \n}\n\n.box-content li {\n    list-style: none;\n    margin: 0; \n    padding: 0;\n\tfont-size:14px!important;\n}\n\n.box-content .box-list-links ul {\n      list-style: none;\n      padding: 0;\n    }\n\n .box-content .box-list-links ul li {\n      position: relative;\n      padding-left: 14px;\n    }\n\n.box-content .box-list-links ul li::before {\n      content: \"f0da\"; \n      font-family: \"FontAwesome\";\n\t  color: #b22418;\n      font-weight: 900;\n      position: absolute;\n      left: 0;\n      top: 0;\n    }\n\n.box-content .rss-date {\n\tfont-size:13px;\n    margin-bottom: 0;\n\tmargin-left: 0;\n\tcolor:#333;\t\n}\n\n.box-content .rsswidget {\n    display: block;\n    margin-top: -4px; \n\tline-height:1.2;\n\tfont-size:14px;\n}\n\n\n    .subheading {\n        font-size: 14px !important;\n        margin: 0 0 2px 0;\n        font-weight: 400;\n    }\n\t\n\/* Container mit Rechtem ICON *\/\n.container666-flex {\n    display: flex; \n    align-items: center;\n\t justify-content: space-between;\n\t width: 100%;\n}\n\n.icon666-move-left:hover img { \n        transform: rotate(10deg); \n    }\n\t\n.icon666-move-right:hover img { \n        transform: rotate(-10deg); \n    }\n\n.left-container666 {\n    flex: 1;\n    padding-right: 2px; \n\n}\n\n.right-container666 {\n    flex: 0; \n    display: flex; \n    align-items: center; \n\t\n\t\n}\n\n.image-container666-right {\n   \n\twidth:86px;\n\theight:86px;\n\tmargin-left: auto; \n}\n\n.left-container666-side-left {\n    flex: 0; \n    padding-right: 12px; \n\n}\n\n.right-container666-side-left {\n    flex: 1; \n    display: flex; \n    align-items: center; \n\t\n\t\n}\n\n.image-container666-right-side-left {\n   \n\twidth:86px;\n\theight:86px;\n\tmargin-right: auto; \n    \n}\n\n\t\n\/*Container BUTTONS *\/\n.red-button-cont {\n       margin-top: auto;\n    }\n  \n.red-button {\n\tborder-radius:4px;\n\tmargin-top: auto;\n  background-color: #b22418;\n  border: none;\n  color: white;\n  padding: 10px 20px;\n  text-align: center;\n  font-size: 14px;\n  font-weight: 600;\n  cursor: pointer;\n  font-size: 14px;\n  overflow: hidden;\n  position: relative;\n  align-self: flex-start;\n}\n.red-button:hover {\n    background-color: #a11f15;\n\tcolor: white;\n\ttext-decoration:none;\n}\n\n.red-button a {\n\tfont-size: 14px;\n    font-weight: 600;\n    color: white;\n}\n.red-button a:hover {\n    color: white;\n\ttext-decoration:none;\n}\n\n.red-button:after {\n  content: \"\";\n  display: block;\n  position: absolute;\n  width: 300%;\n  height: 300%;\n  top: 50%;\n  left: 50%;\n  pointer-events: none;\n  background-image: radial-gradient(circle, #fff 10%, transparent 10.01%);\n  background-repeat: no-repeat;\n  background-position: 50%;\n  transform: translate(-50%, -50%) scale(10);\n  opacity: 0;\n  transition: transform 0.5s, opacity 1s;\n}\n \n.red-button:active:after {\n  transform: translate(-50%, -50%) scale(0);\n  opacity: 0.3;\n  transition: 0s;\n}\t\n\t\n\t\n\n\t\n\t\n<\/small><\/style>\t\n\n<\/div><\/div><\/div><\/div><div id=\"pg-366-1\"  class=\"panel-grid panel-no-style\" ><div id=\"pgc-366-1-0\"  class=\"panel-grid-cell\" ><div id=\"panel-366-1-0-0\" class=\"widget_text so-panel widget widget_custom_html panel-first-child\" data-index=\"1\" ><div class=\"textwidget custom-html-widget\"><div class=\"test-container\">\n<h2>Abrechnung nach zeitlichem Aufwand<\/h2>\nGerne bieten wir Ihnen unsere Hilfe und Unterst\u00fctzung bei der Implementation von WatchGuard Produkten an. Auch im laufenden Betrieb stehen wir Ihnen f\u00fcr Technischen Support, Beratung und Schulungen gerne zur Verf\u00fcgung. Sofern wir keine separaten Vereinbarungen getroffen haben wie z.B. einen Dienstleistungsvertrag oder ein Dienstleistungspaket (mehr dazu unten), rechnen wir unsere Arbeiten auf Basis der unten aufgef\u00fchrten Stundens\u00e4tze ab - voll transparent in Zeiteinheiten von 15 Minuten. <br \/><br \/>Weiterhin haben wir auch die bei Vor-Ort-Eins\u00e4tzen anfallenden Fahrt- und \u00dcbernachtungskosten sowie Zuschl\u00e4ge f\u00fcr Arbeiten au\u00dferhalb der \u00fcblichen B\u00fcrozeiten, an Feiertagen und an Wochenenden aufgef\u00fchrt.\n<br><br>\n<div class=\"info-box\">\n<h3>Unsere Dienstleistungs-Stundens\u00e4tze<\/h3>\n<h5 style=\"font-size:16px\">WatchGuard Systemintegration \/ IT-Security Consulting \/ WatchGuard Schulung<\/h5>\n<div>\n<div class=\"list-inside\">\n<ul>\n\t<li>Praktische Arbeiten im Bereich WatchGuard Firewall \/ VPN, Secure Wi-Fi, Multifaktor-Authentifizierung<\/li>\n  <li>Beratung und Analyse f\u00fcr komplexe Netzwerk-\/Security-L\u00f6sungen, Individual-Schulungen<\/li>\n\t<\/ul>\n\t<\/div>\n\t<br>\n\tAm 1. Januar 2025 haben wir unsere Stundens\u00e4tze angepasst. Diese Ma\u00dfnahme war notwendig, um weiterhin die hohe Qualit\u00e4t unserer Dienstleistungen und Produkte sicherzustellen. Wir danken Ihnen f\u00fcr Ihr Verst\u00e4ndnis und freuen uns auf die weitere Zusammenarbeit.<br>\n<\/div>\n<table>\n<thead>\n<tr class=\"top-row-color\">\n<th>Leistung<\/th>\n<th>Preis <small>(zzgl. MwSt.)<\/small><\/th>\n<\/tr>\n<\/thead>\n<tbody>\n<tr>\n<th colspan=\"2\"><strong>WatchGuard Certified System Professional (WCSP)<\/strong><\/th>\n<\/tr>\n<tr>\n<td>pro Stunde (Abrechnungseinheit 15 Minuten = 40 EUR)<br>\n<small>(Michael H., Ingo F., Benjamin W., Selcuk Y., Peter S., Pascal G.)<\/small><\/td>\n<td>160,00 \u20ac<\/td>\n<\/tr>\n<tr>\n<td>pro Manntag (8 Stunden)<\/td>\n<td>1.280,00 \u20ac<\/td>\n<\/tr>\n<tr>\n<th colspan=\"2\"><strong>WatchGuard Certified Trainer (WCT)<\/strong><\/th>\n<\/tr>\n<tr>\n<td>pro Stunde (Abrechnungseinheit 15 Minuten = 45,00 EUR)<br>\n<small>(Bernd O., Werner M., Johannes W., Maik L.)<\/small><\/td>\n<td>180,00 \u20ac<\/td>\n<\/tr>\n<tr>\n<td>pro Manntag (8 Stunden)<\/td>\n<td>1.440,00 \u20ac<\/td>\n<\/tr>\n<tr>\n<th colspan=\"2\"><strong>Zuschl\u00e4ge<\/strong><\/th>\n<\/tr>\n<tr>\n<td>Mo.-Fr. 06:00-08:00 Uhr und 18:00-21:00 Uhr<\/td>\n<td>25%<\/td>\n<\/tr>\n<tr>\n<td>Mo.-Fr. 21:00-06:00 Uhr<\/td>\n<td>50%<\/td>\n<\/tr>\n<tr>\n<td>Sa. 00:00-24:00 Uhr<\/td>\n<td>50%<\/td>\n<\/tr>\n<tr>\n<td>So. 00:00-24:00 Uhr und an Feiertagen<\/td>\n<td>100%<\/td>\n<\/tr>\n<\/tbody>\n<\/table>\n<\/div>\n<\/div><\/div><\/div><div id=\"panel-366-1-0-1\" class=\"widget_text so-panel widget widget_custom_html panel-last-child\" data-index=\"2\" ><div class=\"textwidget custom-html-widget\"><div class=\"info-box\">\n<div class=\"box\"><i class=\"fa fa-info-circle\" style=\"font-size: 52px; color: #b22418; margin-right: 30px;\" aria-hidden=\"true\"><\/i>\n<div class=\"text-content\">\n<h5>Tipp<\/h5>\nWenn Sie gerne langfristig mit uns zusammenarbeiten m\u00f6chten, sind unsere <strong>Dienstleistungspakete<\/strong> eine interessante M\u00f6glichkeit, Ihren Verwaltungsaufwand zu reduzieren und obendrein noch <strong>5%, 10% oder sogar 15% Nachlass<\/strong> auf unsere regul\u00e4ren Stundens\u00e4tze zu bekommen!\n\n<\/div>\n<\/div>\n<\/div><\/div><\/div><\/div><div id=\"pgc-366-1-1\"  class=\"panel-grid-cell\" ><div id=\"panel-366-1-1-0\" class=\"widget_text so-panel widget widget_custom_html panel-first-child\" data-index=\"3\" ><div class=\"textwidget custom-html-widget\"><div class=\"test-container\">\n<h2>Abrufauftrag f\u00fcr Dienstleistungen<\/h2>\nDas \"BOC Dienstleistungspaket\" ist ein Abrufauftrag f\u00fcr Dienstleistungen im WatchGuard-Umfeld. Den Kaufpreis eines Dienstleistungspakets schreiben wir Ihnen als virtuelles Guthaben einem speziellen internen Konto bei uns gut. Als kleines Dankesch\u00f6n f\u00fcr Ihr Vertrauen erh\u00f6hen wir das Guthaben je nach Dienstleistungspaket um 5%, 10% oder sogar 15%.\n<br><br>\nDie Abrechnung von Service-Eins\u00e4tzen erfolgt zu unseren regul\u00e4ren Stundens\u00e4tzen, so dass durch den gutgeschriebenen Mehrwert praktisch ein Mengenrabatt auf unsere Stundens\u00e4tze verbunden ist. Ihre Buchhaltung wird sich freuen, denn es gibt nur am Anfang genau eine kaufm\u00e4nnische Rechnung \u00fcber den Kaufpreis. Kleine und auch gr\u00f6\u00dfere Service-Eins\u00e4tze k\u00f6nnen dann ohne weiteren Aufwand mit Ihrem Guthaben verrechnet werden, und Sie erhalten lediglich von Zeit zu Zeit eine rein informative ProForma-Rechnung \u00fcber Null Euro, auf der die geleisteten Arbeiten zu Ihrer Kontrolle aufgef\u00fchrt sind.\n<br><br>\n<div class=\"info-box\">\n<h3>Unsere Dienstleistungspakete<\/h3>\n<table>\n<thead>\n<tr class=\"top-row-color\">\n<th><\/th>\n<th>Kaufpreis <small style=\"font-size: 13px;\">(Wert abrufbarer Dienstleistungen)<\/small><\/th>\n<th>Mehrwert<\/th>\n<\/tr>\n<tr>\n<td><strong style=\"font-size: 14px;\">BOC Dienstleistungspaket 1250<\/strong><\/td>\n<td>1.250,00 \u20ac <small>(1.315,00 \u20ac)<\/small><\/td>\n<td>5%<\/td>\n<\/tr>\n<tr>\n<td><strong style=\"font-size: 14px;\">BOC Dienstleistungspaket 2000<\/strong><\/td>\n<td>2.000,00 \u20ac <small>(2.200,00 \u20ac)<\/small><\/td>\n<td>10%<\/td>\n<\/tr>\n<tr>\n<td><strong style=\"font-size: 14px;\">BOC Dienstleistungspaket 4000<\/strong><\/td>\n<td>4.000,00 \u20ac <small>(4.600,00 \u20ac)<\/small><\/td>\n<td>15%<\/td>\n<\/tr>\n<\/thead>\n<\/table>\n<\/div>\n<\/div><\/div><\/div><div id=\"panel-366-1-1-1\" class=\"widget_text so-panel widget widget_custom_html\" data-index=\"4\" ><div class=\"textwidget custom-html-widget\"><div class=\"info-box\">\n<div class=\"box\"><i class=\"fa fa-info-circle\" style=\"font-size: 52px; color: #b22418; margin-right: 30px;\" aria-hidden=\"true\"><\/i>\n<div class=\"text-content\">\n<h5>Tipp<\/h5>\nBei einem Dienstleistungspaket 4000 betr\u00e4gt der effektive Stundensatz f\u00fcr unsere WatchGuard Dienstleistungen nur noch 121,73 Euro statt 160,00 Euro bzw. 139,13 Euro statt 180,00 Euro (jeweils zzgl. MwSt.). <a href=\"https:\/\/www.boc.de\/boc-dienstleistungen.html\">In unserem Shop<\/a> finden Sie neben unseren Dienstleistungspaketen auch einzelne Dienstleistungsservices.\n\n<\/div>\n<\/div>\n<\/div><\/div><\/div><div id=\"panel-366-1-1-2\" class=\"widget_text so-panel widget widget_custom_html panel-last-child\" data-index=\"5\" ><div class=\"textwidget custom-html-widget\"><center><img decoding=\"async\" src=\"\/watchguard-info-portal\/wp-content\/uploads\/2024\/08\/WatchGuardONE_Technically-Certified-600.png\" alt=\"\" \/><\/center><\/div><\/div><\/div><\/div><\/div>","protected":false},"excerpt":{"rendered":"<p>Abrechnung nach zeitlichem Aufwand Gerne bieten wir Ihnen unsere Hilfe und Unterst\u00fctzung bei der Implementation von WatchGuard Produkten an. Auch im laufenden Betrieb stehen wir Ihnen f\u00fcr Technischen Support, Beratung und Schulungen gerne zur Verf\u00fcgung. Sofern wir keine separaten Vereinbarungen getroffen haben wie z.B. einen Dienstleistungsvertrag oder ein Dienstleistungspaket (mehr dazu unten), rechnen wir unsere Arbeiten auf Basis der unten aufgef\u00fchrten Stundens\u00e4tze ab &#8211; voll &hellip; <a href=\"https:\/\/wordpress.boc.de\/watchguard-info-portal\/supportinfos\/boc-dienstleistungen\/boc-stundensaetze\/\" class=\"more-link\">Weiterlesen <span class=\"screen-reader-text\">BOC Stundens\u00e4tze und Dienstleistungspakete<\/span> <span class=\"meta-nav\">&raquo;<\/span><\/a><\/p>\n","protected":false},"author":2,"featured_media":0,"parent":364,"menu_order":0,"comment_status":"closed","ping_status":"closed","template":"","meta":{"footnotes":""},"class_list":["post-366","page","type-page","status-publish","hentry"],"_links":{"self":[{"href":"https:\/\/wordpress.boc.de\/watchguard-info-portal\/wp-json\/wp\/v2\/pages\/366"}],"collection":[{"href":"https:\/\/wordpress.boc.de\/watchguard-info-portal\/wp-json\/wp\/v2\/pages"}],"about":[{"href":"https:\/\/wordpress.boc.de\/watchguard-info-portal\/wp-json\/wp\/v2\/types\/page"}],"author":[{"embeddable":true,"href":"https:\/\/wordpress.boc.de\/watchguard-info-portal\/wp-json\/wp\/v2\/users\/2"}],"replies":[{"embeddable":true,"href":"https:\/\/wordpress.boc.de\/watchguard-info-portal\/wp-json\/wp\/v2\/comments?post=366"}],"version-history":[{"count":133,"href":"https:\/\/wordpress.boc.de\/watchguard-info-portal\/wp-json\/wp\/v2\/pages\/366\/revisions"}],"predecessor-version":[{"id":28212,"href":"https:\/\/wordpress.boc.de\/watchguard-info-portal\/wp-json\/wp\/v2\/pages\/366\/revisions\/28212"}],"up":[{"embeddable":true,"href":"https:\/\/wordpress.boc.de\/watchguard-info-portal\/wp-json\/wp\/v2\/pages\/364"}],"wp:attachment":[{"href":"https:\/\/wordpress.boc.de\/watchguard-info-portal\/wp-json\/wp\/v2\/media?parent=366"}],"curies":[{"name":"wp","href":"https:\/\/api.w.org\/{rel}","templated":true}]}}