{"id":3514,"date":"2017-12-01T10:42:15","date_gmt":"2017-12-01T09:42:15","guid":{"rendered":"https:\/\/www.boc.de\/watchguard-info-portal\/supportinfos\/watchguard-schulung-copy\/"},"modified":"2024-11-14T20:03:18","modified_gmt":"2024-11-14T19:03:18","slug":"administrator-schulung","status":"publish","type":"page","link":"https:\/\/wordpress.boc.de\/watchguard-info-portal\/supportinfos\/watchguard-schulung\/administrator-schulung\/","title":{"rendered":"Network Security Essentials-Schulung"},"content":{"rendered":"\n\n<div class=\"su-posts su-posts-single-post \">\n\n\t\t\t\t\t\t\n\t\t\t\n\t\t\t<div id=\"su-post-3218\" class=\"su-post \">\n\t\t\t\t\n\t\t\t\t<div class=\"su-post-content\">\n\t\t\t\t\t<h2>Network Security Essentials-Schulung (Fireware Essentials)<\/h2>\n<table>\n<tbody>\n<tr>\n<td><\/td>\n<td><img loading=\"lazy\" decoding=\"async\" class=\"alignnone size-full wp-image-1473\" src=\"https:\/\/www.boc.de\/watchguard-info-portal\/wp-content\/uploads\/2016\/06\/emblem-rechts.gif\" alt=\"emblem-rechts\" width=\"48\" height=\"48\" \/><a href=\"https:\/\/www.boc.de\/watchguard-info-portal\/supportinfos\/watchguard-schulungen\/anmeldeformular\/\">Zum Anmeldeformular<\/a><img loading=\"lazy\" decoding=\"async\" class=\"alignright wp-image-889 size-full\" src=\"https:\/\/www.boc.de\/watchguard-info-portal\/wp-content\/uploads\/2016\/04\/watchguard-certified-training-partner.png\" sizes=\"(max-width: 424px) 100vw, 424px\" srcset=\"https:\/\/www.boc.de\/watchguard-info-portal\/wp-content\/uploads\/2016\/04\/watchguard-certified-training-partner.png 424w, https:\/\/www.boc.de\/watchguard-info-portal\/wp-content\/uploads\/2016\/04\/watchguard-certified-training-partner-150x117.png 300w\" alt=\"WatchGuard Schulung\" width=\"424\" height=\"105\" \/><\/td>\n<\/tr>\n<tr>\n<td valign=\"top\"><strong>ZIELE:<\/strong><\/td>\n<td>Dieser Kurs vermittelt die notwendigen Kenntnisse, um eine WatchGuard Firebox in ein LAN\/WAN-Netz zu integrieren, zu konfigurieren und zu \u00fcberwachen. Der Kurs soll einen m\u00f6glichst vollst\u00e4ndigen \u00dcberblick \u00fcber die vorhandenen F\u00e4higkeiten der WatchGuard Firebox bieten. Der Kurs enth\u00e4lt die Grundlagen, die Inbetriebnahme, die Lizensierung, die Konfiguration der Policies und Security Services, Trouble-Shooting sowie Logging und Reporting. Es wird gezeigt, wie mit WatchGuard ein Site-to-Site VPN (Branch Office VPN) zwischen mehreren Standorten sicher konfiguriert und betrieben wird. Au\u00dferdem werden die verschiedenen Technologien vorgestellt, mit denen Mobile User per Dial-In VPN sicher an das Firmennetzwerk angebunden werden k\u00f6nnen (IPSec, SSL-VPN und L2TP). Ein \u00dcberblick \u00fcber die Add-Ons wie Gateway-Wireless Controller und FireCluster runden den Workshop ab. Schwerpunkte werden anhand der Bed\u00fcrfnisse der Workshop-Teilnehmer im Vorfeld besprochen und gerne ber\u00fccksichtigt.<\/td>\n<\/tr>\n<tr>\n<td valign=\"top\" width=\"15%\"><strong>ZIELGRUPPE:<\/strong><\/td>\n<td>Diese Schulung wendet sich an Netzwerk Administratoren und Techniker, die eine WatchGuard Firebox \/ XTM Firewall VPN Appliance mit dem aktuellen Betriebssystem Fireware XTM v12.x in ihrer LAN\/WAN-Umgebung installieren und administrieren sollen.<\/td>\n<\/tr>\n<tr>\n<td valign=\"top\"><strong>VORAUSSETZUNGEN:<\/strong><\/td>\n<td>Grundkenntnisse \u00fcber Netzwerkadministration, IP-Adressierung, Handhabung von IP-Subnetzen, Routing und Internet-Zugangstechnologien (klassische Standleitung, DSL, ISDN, LTE\/UMTS (4G\/3G)) werden vorausgesetzt. <strong>Das Seminar wird in deutscher Sprache gehalten.<\/strong> F\u00fcr eine erfolgreiche Teilnahme m\u00fcssen Grundkenntnisse in englischer Sprache vorhanden sein, um den in Englisch gehaltenen Seminarunterlagen und der Bedieneroberfl\u00e4che folgen zu k\u00f6nnen.<\/td>\n<\/tr>\n<tr>\n<td valign=\"top\"><strong>INHALT:<\/strong><\/td>\n<td>Die Inhaltsangabe ist ein grober &#8220;Fahrplan&#8221;, wobei einzelne Themen nach Bedarf der Schulungsteilnehmer in gek\u00fcrzter Form oder entsprechend detaillierter durchgesprochen werden. Nachfolgend der typische Ablauf einer 4-Tages-Schulung<\/p>\n<p>Tag 1:<\/p>\n<ul>\n<li><u>\u00dcbersicht<\/u> \u00fcber die verf\u00fcgbaren zus\u00e4tzlichen Security Services (WebBlocker, spamBlocker, Gateway Antivirus, Intrusion Prevention Service, Application Control, Reputation Enabled Defense, BotNet Detection, Geolocation, Data Loss Prevention, APT Blocker, EDR Core, ThreatSync (XDR), Mobile Security)<\/li>\n<li>Unterschied Paketfilter-Firewall und Security Gateway<\/li>\n<li>Security Principles, Application Proxy und Packet Filter<\/li>\n<li>Firebox Basics (WatchGuard System Manager, Management Server, Web-UI, Tools)<\/li>\n<li>Inbetriebnahme \u2013 Installation Wizard \u2013 Lizensierung \u2013 Feature Key<\/li>\n<li>Netzwerk-Konfiguration der Firewall-Interfaces (Static IP, DHCP, PPPoE)<\/li>\n<li>Die Verwendung von Aliases<\/li>\n<li>Hinzuf\u00fcgen und Konfiguration von Policies &#8211; Teil 1: Packet Filter\n<ul>\n<li>Unterschied zwischen Packet Filter Policies und Proxy Policies<\/li>\n<li>Standard Policy-Types<\/li>\n<li>Custom Policy-Types<\/li>\n<li>Manual Order Mode vs. Auto Order Mode \u2013 Reihenfolge der Policies Teil 1<\/li>\n<li>Dynamic NAT vs. 1-to-1 NAT vs. Static NAT (SNAT)<\/li>\n<\/ul>\n<\/li>\n<\/ul>\n<p>Tag 2:<\/p>\n<ul>\n<li>Hinzuf\u00fcgen und Konfiguration von Policies &#8211; Teil 2: Application Proxies\n<ul>\n<li>Security Services in den Policies: Proxy-Services<\/li>\n<li><u>Konfiguration<\/u> der Proxy-Services (WebBlocker, spamBlocker, Gateway Antivirus, Intrusion Prevention Service, Application Control, Reputation Enabled Defense, BotNet Detection, Geolocation, Data Loss Prevention, APT Blocker, EDR Core, ThreatSync (XDR), Mobile Security)<\/li>\n<li>Manual Order Mode vs. Auto Order Mode \u2013 Reihenfolge der Policies Teil 2<\/li>\n<\/ul>\n<\/li>\n<li>Grundlagen Symmetrische \/ Asymmetrische Verschl\u00fcsselung<\/li>\n<li>Grundlagen Zertifikate \/ Zertifikatsketten \/ Signaturen<\/li>\n<li>HTTPS Deep Inspection \/ Content-Inspection<\/li>\n<li>User Authentication und Authentication Servers.\n<ul>\n<li>Anbindung an RADIUS<\/li>\n<li>Active Directory<\/li>\n<li>Single Sign On<\/li>\n<\/ul>\n<\/li>\n<li>Role Based Internet Access basierend auf Usern oder Gruppen (Active Directory oder lokale Firebox-DB)<\/li>\n<\/ul>\n<p style=\"font-size: 16px;\">Tag 3:<\/p>\n<ul>\n<li>Branch Office VPN mit IPSec (Standortverbindungen, Site-to-Site-VPN)<\/li>\n<li>Mobile User VPN (gesicherte Anbindung mobiler Benutzer)\n<ul>\n<li>SSL VPN \/ OpenVPN &#8211; Unterschiede und Gemeinsamkeiten \/ Verschiedene Endger\u00e4te<\/li>\n<li>Mehrstufiges Rechteschema bei VPN Login<\/li>\n<li>Ausblick: Mobile VPN mit L2TP &amp; IPSec<\/li>\n<li>Ausblick: Mobile VPN mit IKEv2 \/ VPN before Logon<\/li>\n<\/ul>\n<\/li>\n<li>Setup &amp; Betrieb eines Firebox Clusters<\/li>\n<li><span style=\"font-size: inherit; font-family: inherit;\">\u00dcberblick: WatchGuard Management Server <\/span>\n<ul>\n<li><span style=\"font-size: inherit; font-family: inherit;\">zentralisierte Verwaltung mehrerer WatchGuard Fireboxen<\/span><\/li>\n<li><span style=\"font-size: inherit; font-family: inherit;\">Verwaltung von VPNs <\/span><\/li>\n<li><span style=\"font-size: inherit; font-family: inherit;\">Policy Templates<\/span><\/li>\n<\/ul>\n<\/li>\n<\/ul>\n<p>Tag 4<\/p>\n<ul>\n<li>Gateway Wireless Controller \u2013 WLAN mit mehreren SSIDs auf unterschiedlichen VLANs<\/li>\n<li>Hotspot Funktionalit\u00e4t &#8211; G\u00e4ste-Netzwerk mit WLAN Vouchers<\/li>\n<li>Access Portal<\/li>\n<li>AuthPoint \/ MFA<\/li>\n<li>Monitoring (Firebox System Monitor, Bandwidth Meter, Authenticated Users, HostWatch, WebUI, Network Discovery)<\/li>\n<li>Logging &#8211; Installation und Konfiguration eines WatchGuard Dimension Servers<\/li>\n<li>Reporting &#8211; Arbeiten mit dem WatchGuard Dimension Server<\/li>\n<li>\u00dcberblick: WatchGuard Wi-Fi Cloud, Wireless Intrusion Prevention System (WIPS)<\/li>\n<li>\u00dcberblick: EDR Core<\/li>\n<li>\u00dcberblick: WatchGuard Cloud\n<ul>\n<li>Logging in die Cloud<\/li>\n<li>Cloud-Managed Fireboxes<\/li>\n<\/ul>\n<\/li>\n<\/ul>\n<\/td>\n<\/tr>\n<tr>\n<td valign=\"top\"><strong>ECKDATEN:<\/strong><\/td>\n<td>\n<ul>\n<li>Dauer: 4 Tage (jeweils 09:00-16:00 Uhr), Termine siehe weiter unten.<\/li>\n<li>Die Schulungen werden entweder in Pr\u00e4senz in Oberhausen, online oder als Hybrid-Schulung (Pr\u00e4senz-Schulung mit zus\u00e4tzlichen Online-Teilnehmern) angeboten.<\/li>\n<li>Teilnahmegeb\u00fchr Online: <strong>2.300,00 Euro zzgl. MwSt.<\/strong> pro Person inkl. Schulungsunterlagen (PDF).<\/li>\n<li>Teilnahmegeb\u00fchr Pr\u00e4senz: <strong>2.700,00 Euro zzgl. MwSt.<\/strong> pro Person inkl. Schulungsunterlagen (PDF).<\/li>\n<li>Ab zwei Personen aus dem gleichen Unternehmen reduziert sich die Teilnahmegeb\u00fchr um <strong>200,00 Euro<\/strong> pro Person.<\/li>\n<li>Die Rechnungsstellung erfolgt vorab. Nach Eingang Ihrer Zahlung erhalten Sie eine schriftliche Best\u00e4tigung.<\/li>\n<li>Bei Verhinderung des angemeldeten Teilnehmers kann eine Ersatzperson benannt werden.<\/li>\n<li><strong>Eine Umbuchung auf einen sp\u00e4teren Termin ist gegen eine Geb\u00fchr von <span style=\"color: red;\">100,00 Euro<\/span> m\u00f6glich.<\/strong><\/li>\n<li>Sollte ein gebuchter Termin ausfallen, erfolgt eine kostenfreie Umbuchung auf einen sp\u00e4teren Termin. Bei zu geringer Teilnehmerzahl behalten wir uns vor, den Termin zu verlegen oder abzusagen.<\/li>\n<li>Eine R\u00fcckerstattung ist jedoch ausgeschlossen.<\/li>\n<li><u>Besonderes Highlight:<\/u><br \/>\nAlle Teilnehmer der Network Security Essentials-Schulung haben die einmalige Gelegenheit eine WatchGuard Firebox T145-W mit 3 Jahren Total Security f\u00fcr nur 444 \u20ac zzgl. MwSt. (statt ca. 3600 \u20ac) als Test-Box f\u00fcr ihr Home-Lab zu erwerben. Das Angebot ist auf eine Box pro Teilnehmer begrenzt.<\/li>\n<\/ul>\n<\/td>\n<\/tr>\n<\/tbody>\n<\/table>\n<p>&nbsp;<\/p>\n\t\t\t\t<\/div>\n\t\t\t<\/div>\n\n\t\t\t\t\n<\/div>\n\n\n\n<div class=\"su-posts su-posts-single-post \">\n\n\t\t\t\t\t\t\n\t\t\t\n\t\t\t<div id=\"su-post-3476\" class=\"su-post \">\n\t\t\t\t\n\t\t\t\t<div class=\"su-post-content\">\n\t\t\t\t\t<div id=\"pl-3476\"  class=\"panel-layout\" ><div id=\"pg-3476-0\"  class=\"panel-grid panel-no-style\" ><div id=\"pgc-3476-0-0\"  class=\"panel-grid-cell\" ><div id=\"panel-3476-0-0-0\" class=\"so-panel widget widget_sow-editor panel-first-child panel-last-child\" data-index=\"0\" ><div\n\t\t\t\n\t\t\tclass=\"so-widget-sow-editor so-widget-sow-editor-base\"\n\t\t\t\n\t\t>\n<div class=\"siteorigin-widget-tinymce textwidget\">\n\t<pre><img loading=\"lazy\" decoding=\"async\" class=\"size-full wp-image-1468 alignleft\" src=\"https:\/\/www.boc.de\/watchguard-info-portal\/wp-content\/uploads\/2016\/06\/emblem-imp.gif\" alt=\"emblem-imp\" width=\"48\" height=\"48\" \/>Die Kurse dienen auch zur <span style=\"text-decoration: underline;\">Vorbereitung<\/span> auf die Zertifizierung\/Pr\u00fcfung zum <strong>WCSP (WatchGuard Certified System Professional - Fireware)<\/strong>. Die eigentliche Pr\u00fcfung muss seit dem 1. Oktober 2014 bei\u00a0speziellen Pr\u00fcfungs-Centern abgelegt werden, die das Kryterion-System anbieten. Alternativ kann die Pr\u00fcfung auch in den eigenen R\u00e4umen abgelegt werden, die daf\u00fcr aber mit einer zertifizierten Kamera\u00fcberwachung ausgestattet werden m\u00fcssen. Einfacher ist daher der Weg in ein <strong>Kryterion Pr\u00fcfungs-Center<\/strong>. Die Anmeldung zur Pr\u00fcfung erfolgt \u00fcber Ihren Account auf der WatchGuard Website im Men\u00fcpunkt \"Training > Technical Training Exam Registration\". Dort wird nach einem Login\/Password gefragt. Diese Zugangsdaten sind nicht identisch mit dem eigentlichen Zugang zur WatchGuard Website. Stattdessen muss an dieser Stelle zun\u00e4chst \u00fcber \"Create New Account\" (oben rechts) ein eigenst\u00e4ndiger Account bei dem Pr\u00fcfungsanbieter Kryterion erzeugt werden.<\/pre>\n<\/div>\n<\/div><\/div><\/div><\/div><\/div>\t\t\t\t<\/div>\n\t\t\t<\/div>\n\n\t\t\t\t\n<\/div>\n\n<img loading=\"lazy\" decoding=\"async\" class=\"alignnone size-full wp-image-1473\" src=\"https:\/\/www.boc.de\/watchguard-info-portal\/wp-content\/uploads\/2016\/06\/emblem-rechts.gif\" alt=\"emblem-rechts\" width=\"48\" height=\"48\" \/><a href=\"https:\/\/www.boc.de\/watchguard-info-portal\/supportinfos\/watchguard-schulungen\/anmeldeformular\/\">Zum Anmeldeformular<\/a><br \/>\n\n\n<div class=\"su-posts su-posts-single-post \">\n\n\t\t\t\t\t\t\n\t\t\t\n\t\t\t<div id=\"su-post-3220\" class=\"su-post \">\n\t\t\t\t\n\t\t\t\t<div class=\"su-post-content\">\n\t\t\t\t\t<h3>Verf\u00fcgbare Termine 2026:<\/h3>\n<h4>Network Security Essentials-Schulungen<\/h4>\n<p>Derzeit bieten wir unsere Network-Schulungen als Pr\u00e4senz- oder Online-Schulung an. Die Pr\u00e4senz-Schulung findet in Oberhausen statt.<\/p>\n<table>\n<tbody>\n<tr>\n<td colspan=\"4\"><strong>2026<\/strong><\/td>\n<\/tr>\n<tr>\n<td id=\"prodinfo\" width=\"35%\"><a href=\"\/watchguard-info-portal\/supportinfos\/watchguard-schulung\/administrator-schulung\/\">Network Security Essentials-Schulung<\/a><\/td>\n<td id=\"prodinfo\" width=\"15%\">Pr\u00e4senz<\/td>\n<td id=\"prodinfo\" width=\"30%\">14.04.2026 &#8211; 17.04.2026 (4 Tage, Di.-Fr.)<\/td>\n<td id=\"prodinfo\" align=\"right\" width=\"20%\">2.700,00 \u20ac<\/td>\n<\/tr>\n<tr>\n<td id=\"prodinfo\" width=\"35%\"><a href=\"\/watchguard-info-portal\/supportinfos\/watchguard-schulung\/administrator-schulung\/\">Network Security Essentials-Schulung<\/a><\/td>\n<td id=\"prodinfo\" width=\"15%\">Online<\/td>\n<td id=\"prodinfo\" width=\"30%\">19.05.2026 &#8211; 22.05.2026 (4 Tage, Di.-Fr.)<\/td>\n<td id=\"prodinfo\" align=\"right\" width=\"20%\">2.300,00 \u20ac<\/td>\n<\/tr>\n<tr>\n<td id=\"prodinfo\" width=\"35%\"><a href=\"\/watchguard-info-portal\/supportinfos\/watchguard-schulung\/administrator-schulung\/\">Network Security Essentials-Schulung<\/a><\/td>\n<td id=\"prodinfo\" width=\"15%\">Pr\u00e4senz<\/td>\n<td id=\"prodinfo\" width=\"30%\">09.06.2026 &#8211; 12.06.2026 (4 Tage, Di.-Fr.)<\/td>\n<td id=\"prodinfo\" align=\"right\" width=\"20%\">2.700,00 \u20ac<\/td>\n<\/tr>\n<tr>\n<td id=\"prodinfo\" width=\"35%\"><a href=\"\/watchguard-info-portal\/supportinfos\/watchguard-schulung\/administrator-schulung\/\">Network Security Essentials-Schulung<\/a><\/td>\n<td id=\"prodinfo\" width=\"15%\">Online<\/td>\n<td id=\"prodinfo\" width=\"30%\">07.07.2026 &#8211; 10.07.2026 (4 Tage, Di.-Fr.)<\/td>\n<td id=\"prodinfo\" align=\"right\" width=\"20%\">2.300,00 \u20ac<\/td>\n<\/tr>\n<\/tbody>\n<\/table>\n<h4>Endpoint Security Essentials-Schulungen<\/h4>\n<p>Derzeit bieten wir unsere Endpoint-Schulungen ausschlie\u00dflich als Online-Schulung an.<\/p>\n<table>\n<tbody>\n<tr>\n<td colspan=\"4\"><strong>2026<\/strong><\/td>\n<\/tr>\n<tr>\n<td id=\"prodinfo\" width=\"40%\"><a href=\"https:\/\/www.boc.de\/watchguard-info-portal\/supportinfos\/watchguard-schulung\/endpoint-security-essentials-schulung\/\" rel=\"noopener\">Endpoint Security Essentials-Schulung<\/a><\/td>\n<td id=\"prodinfo\" width=\"15%\">Online<\/td>\n<td id=\"prodinfo\" width=\"30%\">16.04.2026 (1 Tag, 09:00-17:00 Uhr)<\/td>\n<td id=\"prodinfo\" align=\"right\" width=\"15%\">750,00 \u20ac<\/td>\n<\/tr>\n<tr>\n<td id=\"prodinfo\" width=\"40%\"><a href=\"https:\/\/www.boc.de\/watchguard-info-portal\/supportinfos\/watchguard-schulung\/endpoint-security-essentials-schulung\/\" rel=\"noopener\">Endpoint Security Essentials-Schulung<\/a><\/td>\n<td id=\"prodinfo\" width=\"15%\">Online<\/td>\n<td id=\"prodinfo\" width=\"30%\">25.06.2026 (1 Tag, 09:00-17:00 Uhr)<\/td>\n<td id=\"prodinfo\" align=\"right\" width=\"15%\">750,00 \u20ac<\/td>\n<\/tr>\n<\/tbody>\n<\/table>\n\t\t\t\t<\/div>\n\t\t\t<\/div>\n\n\t\t\t\t\n<\/div>\n\n<img loading=\"lazy\" decoding=\"async\" class=\"alignnone size-full wp-image-1473\" src=\"https:\/\/www.boc.de\/watchguard-info-portal\/wp-content\/uploads\/2016\/06\/emblem-rechts.gif\" alt=\"emblem-rechts\" width=\"48\" height=\"48\" \/><a href=\"https:\/\/www.boc.de\/watchguard-info-portal\/supportinfos\/watchguard-schulungen\/anmeldeformular\/\">Zum Anmeldeformular<\/a><br \/>\n\n\n<div class=\"su-posts su-posts-single-post \">\n\n\t\t\t\t\t\t\n\t\t\t\n\t\t\t<div id=\"su-post-3222\" class=\"su-post \">\n\t\t\t\t\n\t\t\t\t<div class=\"su-post-content\">\n\t\t\t\t\t<div id=\"pl-3222\"  class=\"panel-layout\" ><div id=\"pg-3222-0\"  class=\"panel-grid panel-no-style\" ><div id=\"pgc-3222-0-0\"  class=\"panel-grid-cell\" ><div id=\"panel-3222-0-0-0\" class=\"so-panel widget widget_sow-editor panel-first-child panel-last-child\" data-index=\"0\" ><div\n\t\t\t\n\t\t\tclass=\"so-widget-sow-editor so-widget-sow-editor-base\"\n\t\t\t\n\t\t>\n<div class=\"siteorigin-widget-tinymce textwidget\">\n\t<p><img loading=\"lazy\" decoding=\"async\" class=\"alignright wp-image-889 size-full\" src=\"https:\/\/www.boc.de\/watchguard-info-portal\/wp-content\/uploads\/2016\/04\/watchguard-certified-training-partner.png\" sizes=\"(max-width: 424px) 100vw, 424px\" srcset=\"https:\/\/www.boc.de\/watchguard-info-portal\/wp-content\/uploads\/2016\/04\/watchguard-certified-training-partner.png 424w, https:\/\/www.boc.de\/watchguard-info-portal\/wp-content\/uploads\/2016\/04\/watchguard-certified-training-partner-150x117.png 300w\" alt=\"watchguard-certified-training-partner\" width=\"424\" height=\"105\" \/><\/p>\n<h2 id=\"onsite\">WatchGuard Individual-Schulung vor Ort<\/h2>\n<p>Alle WatchGuard Schulungen und Trainings, die wir zentral in Oberhausen anbieten, k\u00f6nnen wir f\u00fcr Sie auf Wunsch auch individuell und an einem anderen Ort durchf\u00fchren - zum Beispiel <strong>in Ihren eigenen R\u00e4umen<\/strong> oder einem Hotel oder Veranstaltungsraum in Ihrer N\u00e4he. Bei Bedarf stellen wir auch eine gewisse Anzahl von WatchGuard Produkten f\u00fcr Hands-On-Training und die erforderliche Pr\u00e4sentationstechnik bereit.<\/p>\n<p>Nat\u00fcrlich kann im Rahmen der Schulung dann besonders individuell auf Ihre bestehende oder geplante Netzwerk-Infrastruktur eingegangen werden. Neben der Network Security Essentials-Schulung bieten wir auch Themen wie Secure Wi-Fi, Multifaktor-Authentifizierung mit AuthPoint und alle weiteren WatchGuard Themen an.<\/p>\n<p>Wenn Sie selbst <strong>IT-Fachh\u00e4ndler<\/strong> sind und WatchGuard-Kunden betreuen, f\u00fchren wir die Schulung gerne auch <strong>neutral in Ihrem Namen<\/strong> durch und sichern Ihnen selbstverst\u00e4ndlich absoluten Kundenschutz zu!<\/p>\n<p><img loading=\"lazy\" decoding=\"async\" class=\"alignnone size-full wp-image-1473\" src=\"https:\/\/www.boc.de\/watchguard-info-portal\/wp-content\/uploads\/2016\/06\/emblem-rechts.gif\" alt=\"emblem-rechts\" width=\"48\" height=\"48\" \/><a href=\"https:\/\/www.boc.de\/watchguard-info-portal\/supportinfos\/watchguard-schulung\/individualschulung\/\">Bitte nutzen Sie unser Anfrageformular<\/a><\/p>\n<\/div>\n<\/div><\/div><\/div><\/div><\/div>\t\t\t\t<\/div>\n\t\t\t<\/div>\n\n\t\t\t\t\n<\/div>\n\n","protected":false},"excerpt":{"rendered":"<p>WatchGuard Individual-Schulung vor Ort Alle WatchGuard Schulungen und Trainings, die wir zentral in Oberhausen anbieten, k\u00f6nnen wir f\u00fcr Sie auf Wunsch auch individuell und an einem anderen Ort durchf\u00fchren &#8211; zum Beispiel in Ihren eigenen R\u00e4umen oder einem Hotel oder Veranstaltungsraum in Ihrer N\u00e4he. Bei Bedarf stellen wir auch eine gewisse Anzahl von WatchGuard Produkten f\u00fcr Hands-On-Training und die erforderliche Pr\u00e4sentationstechnik bereit. Nat\u00fcrlich kann im &hellip; <a href=\"https:\/\/wordpress.boc.de\/watchguard-info-portal\/supportinfos\/watchguard-schulung-tpl-individual-schulung-vor-ort\/\" class=\"more-link\">Weiterlesen <span class=\"screen-reader-text\">WatchGuard Schulung &#8211; Textblock Individual-Schulung &#8211; 3222<\/span> <span class=\"meta-nav\">&raquo;<\/span><\/a><\/p>\n","protected":false},"author":2,"featured_media":0,"parent":2,"menu_order":0,"comment_status":"closed","ping_status":"closed","template":"","meta":{"footnotes":""},"class_list":["post-3514","page","type-page","status-publish","hentry"],"_links":{"self":[{"href":"https:\/\/wordpress.boc.de\/watchguard-info-portal\/wp-json\/wp\/v2\/pages\/3514"}],"collection":[{"href":"https:\/\/wordpress.boc.de\/watchguard-info-portal\/wp-json\/wp\/v2\/pages"}],"about":[{"href":"https:\/\/wordpress.boc.de\/watchguard-info-portal\/wp-json\/wp\/v2\/types\/page"}],"author":[{"embeddable":true,"href":"https:\/\/wordpress.boc.de\/watchguard-info-portal\/wp-json\/wp\/v2\/users\/2"}],"replies":[{"embeddable":true,"href":"https:\/\/wordpress.boc.de\/watchguard-info-portal\/wp-json\/wp\/v2\/comments?post=3514"}],"version-history":[{"count":8,"href":"https:\/\/wordpress.boc.de\/watchguard-info-portal\/wp-json\/wp\/v2\/pages\/3514\/revisions"}],"predecessor-version":[{"id":25721,"href":"https:\/\/wordpress.boc.de\/watchguard-info-portal\/wp-json\/wp\/v2\/pages\/3514\/revisions\/25721"}],"up":[{"embeddable":true,"href":"https:\/\/wordpress.boc.de\/watchguard-info-portal\/wp-json\/wp\/v2\/pages\/2"}],"wp:attachment":[{"href":"https:\/\/wordpress.boc.de\/watchguard-info-portal\/wp-json\/wp\/v2\/media?parent=3514"}],"curies":[{"name":"wp","href":"https:\/\/api.w.org\/{rel}","templated":true}]}}