{"id":342,"date":"2016-06-15T18:40:35","date_gmt":"2016-06-15T16:40:35","guid":{"rendered":"https:\/\/www.boc.de\/watchguard-info-portal\/?page_id=342"},"modified":"2018-07-18T12:45:21","modified_gmt":"2018-07-18T10:45:21","slug":"watchguard-firewall-beratungstool","status":"publish","type":"page","link":"https:\/\/wordpress.boc.de\/watchguard-info-portal\/vertriebsinfos\/watchguard-firewall-beratungstool\/","title":{"rendered":"WatchGuard Firewall Beratungstool"},"content":{"rendered":"<h3><strong>WatchGuard Firewall Beratungtool<\/strong><\/h3>\n<p>Wir unterst\u00fctzen Sie bei der Auswahl der richtigen WatchGuard-Appliance f\u00fcr Ihr Unternehmen!<br \/>\nBitte starten Sie unser <a href=\"https:\/\/www.boc.de\/watchguard-firewall\/beratung\/tool\/\">WatchGuard Firewall Beratungstool<\/a>. Anhand der f\u00fcr Sie wichtigen Eckdaten leiten wir Sie zu dem passenden WatchGuard Modell!<\/p>\n<p><a href=\"https:\/\/www.boc.de\/watchguard-firewall\/beratung\/tool\/\"><img loading=\"lazy\" decoding=\"async\" class=\"alignnone wp-image-1234\" src=\"https:\/\/www.boc.de\/watchguard-info-portal\/wp-content\/uploads\/2016\/06\/sizingtool-2.png\" alt=\"WatchGuard Firewall Beratungstool\" width=\"650\" height=\"451\" srcset=\"https:\/\/wordpress.boc.de\/watchguard-info-portal\/wp-content\/uploads\/2016\/06\/sizingtool-2.png 776w, https:\/\/wordpress.boc.de\/watchguard-info-portal\/wp-content\/uploads\/2016\/06\/sizingtool-2-300x208.png 300w, https:\/\/wordpress.boc.de\/watchguard-info-portal\/wp-content\/uploads\/2016\/06\/sizingtool-2-768x533.png 768w\" sizes=\"(max-width: 650px) 100vw, 650px\" \/><\/a><\/p>\n","protected":false},"excerpt":{"rendered":"<p>WatchGuard Firewall Beratungtool Wir unterst\u00fctzen Sie bei der Auswahl der richtigen WatchGuard-Appliance f\u00fcr Ihr Unternehmen! Bitte starten Sie unser WatchGuard Firewall Beratungstool. Anhand der f\u00fcr Sie wichtigen Eckdaten leiten wir Sie zu dem passenden WatchGuard Modell!<\/p>\n","protected":false},"author":2,"featured_media":0,"parent":26,"menu_order":0,"comment_status":"closed","ping_status":"closed","template":"","meta":{"footnotes":""},"class_list":["post-342","page","type-page","status-publish","hentry"],"_links":{"self":[{"href":"https:\/\/wordpress.boc.de\/watchguard-info-portal\/wp-json\/wp\/v2\/pages\/342"}],"collection":[{"href":"https:\/\/wordpress.boc.de\/watchguard-info-portal\/wp-json\/wp\/v2\/pages"}],"about":[{"href":"https:\/\/wordpress.boc.de\/watchguard-info-portal\/wp-json\/wp\/v2\/types\/page"}],"author":[{"embeddable":true,"href":"https:\/\/wordpress.boc.de\/watchguard-info-portal\/wp-json\/wp\/v2\/users\/2"}],"replies":[{"embeddable":true,"href":"https:\/\/wordpress.boc.de\/watchguard-info-portal\/wp-json\/wp\/v2\/comments?post=342"}],"version-history":[{"count":8,"href":"https:\/\/wordpress.boc.de\/watchguard-info-portal\/wp-json\/wp\/v2\/pages\/342\/revisions"}],"predecessor-version":[{"id":1818,"href":"https:\/\/wordpress.boc.de\/watchguard-info-portal\/wp-json\/wp\/v2\/pages\/342\/revisions\/1818"}],"up":[{"embeddable":true,"href":"https:\/\/wordpress.boc.de\/watchguard-info-portal\/wp-json\/wp\/v2\/pages\/26"}],"wp:attachment":[{"href":"https:\/\/wordpress.boc.de\/watchguard-info-portal\/wp-json\/wp\/v2\/media?parent=342"}],"curies":[{"name":"wp","href":"https:\/\/api.w.org\/{rel}","templated":true}]}}