{"id":329,"date":"2016-06-15T17:41:23","date_gmt":"2016-06-15T15:41:23","guid":{"rendered":"https:\/\/www.boc.de\/watchguard-info-portal\/?page_id=329"},"modified":"2024-11-04T12:29:17","modified_gmt":"2024-11-04T11:29:17","slug":"watchguard-produktzertifizierungen","status":"publish","type":"page","link":"https:\/\/wordpress.boc.de\/watchguard-info-portal\/produktinfos\/watchguard-produktzertifizierungen\/","title":{"rendered":"WatchGuard Produktzertifizierungen"},"content":{"rendered":"<h2>Produktzertifizierungen<\/h2>\n<p>Die Sicherheitsl\u00f6sungen von WatchGuard sind sorgf\u00e4ltig entwickelt, einfach zu implementieren und unter strengen Bedingungen gepr\u00fcft. Zur Qualit\u00e4tssicherung werden die Produkte regelm\u00e4\u00dfig von unabh\u00e4ngigen Drittanbietern getestet, um sicherzustellen, dass alle branchen\u00fcblichen Standards eingehalten werden.<\/p>\n<h3>WatchGuard Firebox<\/h3>\n<table>\n<tbody>\n<tr>\n<th><\/th>\n<th style=\"text-align: center;\">Firebox<br \/>\nT15\/T35<br \/>\nT55\/T70<\/th>\n<th style=\"text-align: center;\">Firebox<br \/>\nT20\/T40<br \/>\nT80<\/th>\n<th style=\"text-align: center;\">Firebox<br \/>\nM200\/M300<br \/>\nM400\/M500<\/th>\n<th style=\"text-align: center;\">Firebox<br \/>\nM270\/M370<br \/>\nM470\/M570<br \/>\nM670<\/th>\n<th style=\"text-align: center;\">Firebox<br \/>\nM4600<br \/>\nM5600<\/th>\n<th style=\"text-align: center;\">Firebox<br \/>\nM4800<br \/>\nM5800<\/th>\n<th style=\"text-align: center;\">Firebox<br \/>\nM290\/M390<br \/>\nM590\/M690<\/th>\n<\/tr>\n<tr>\n<td width=\"28%\"><strong>FIPS 140-2<br \/>\n<\/strong><small>Zertifikate:<\/small><small>\u00a0<\/small><small><a href=\"https:\/\/csrc.nist.gov\/projects\/cryptographic-module-validation-program\/certificate\/3751\" target=\"_blank\" rel=\"noopener noreferrer\">T-Serie<\/a><br \/>\n<a href=\"https:\/\/csrc.nist.gov\/projects\/cryptographic-module-validation-program\/Certificate\/2863\" target=\"_blank\" rel=\"noopener noreferrer\">M-Serie 1<\/a>,\u00a0<\/small><small><a href=\"https:\/\/csrc.nist.gov\/projects\/cryptographic-module-validation-program\/certificate\/3752\" target=\"_blank\" rel=\"noopener noreferrer\">M-Serie 2<\/a><\/small><\/td>\n<td width=\"12%\"><img decoding=\"async\" class=\"aligncenter\" src=\"https:\/\/www.boc.de\/watchguard-info-portal\/wp-content\/uploads\/2016\/07\/red-check.png\" \/><\/td>\n<td width=\"12%\"><\/td>\n<td width=\"12%\"><img decoding=\"async\" class=\"aligncenter\" src=\"https:\/\/www.boc.de\/watchguard-info-portal\/wp-content\/uploads\/2016\/07\/red-check.png\" \/><\/td>\n<td width=\"12%\"><img decoding=\"async\" class=\"aligncenter\" src=\"https:\/\/www.boc.de\/watchguard-info-portal\/wp-content\/uploads\/2016\/07\/red-check.png\" \/><\/td>\n<td width=\"12%\"><img decoding=\"async\" class=\"aligncenter\" src=\"https:\/\/www.boc.de\/watchguard-info-portal\/wp-content\/uploads\/2016\/07\/red-check.png\" \/><\/td>\n<td width=\"12%\"><\/td>\n<td width=\"12%\"><\/td>\n<\/tr>\n<tr>\n<td><strong>FIPS 140-3<br \/>\n<\/strong><small><a href=\"https:\/\/csrc.nist.gov\/Projects\/cryptographic-module-validation-program\/modules-in-process\/IUT-List\" target=\"_blank\" rel=\"noopener noreferrer\">Implementierung wird getestet<\/a><\/small><\/td>\n<td><\/td>\n<td style=\"text-align: center;\">Pending<\/td>\n<td><\/td>\n<td><\/td>\n<td><\/td>\n<td style=\"text-align: center;\">Pending<\/td>\n<td style=\"text-align: center;\">Pending<\/td>\n<\/tr>\n<tr>\n<td><small><span style=\"font-size: 16px;\"><b>Common Criteria EAL4+<\/b><\/span><\/small><small><br \/>\n<a href=\"https:\/\/www.commoncriteriaportal.org\/files\/epfiles\/2018-26-INF-3091.pdf\" target=\"_blank\" rel=\"noopener noreferrer\">Zertifikat anzeigen<\/a>,\u00a0<\/small><small><a href=\"https:\/\/www.commoncriteriaportal.org\/files\/epfiles\/2018-26-ST.pdf\" target=\"_blank\" rel=\"noopener noreferrer\">Auswertung anzeigen<\/a><\/small><strong><small><small><br \/>\n<\/small><\/small><\/strong><\/td>\n<td><img decoding=\"async\" class=\"aligncenter\" src=\"https:\/\/www.boc.de\/watchguard-info-portal\/wp-content\/uploads\/2016\/07\/red-check.png\" \/><\/td>\n<td><\/td>\n<td><img decoding=\"async\" class=\"aligncenter\" src=\"https:\/\/www.boc.de\/watchguard-info-portal\/wp-content\/uploads\/2016\/07\/red-check.png\" \/><\/td>\n<td><img decoding=\"async\" class=\"aligncenter\" src=\"https:\/\/www.boc.de\/watchguard-info-portal\/wp-content\/uploads\/2016\/07\/red-check.png\" \/><\/td>\n<td><img decoding=\"async\" class=\"aligncenter\" src=\"https:\/\/www.boc.de\/watchguard-info-portal\/wp-content\/uploads\/2016\/07\/red-check.png\" \/><\/td>\n<td><\/td>\n<td><\/td>\n<\/tr>\n<tr>\n<td><strong>NIAP Common Criteria-Zertifizierung<\/strong><br \/>\n<small><a href=\"https:\/\/www.niap-ccevs.org\/product\/archived.cfm?par303=WatchGuard%20Technologies%2C%20Inc%2E\" target=\"_blank\" rel=\"noopener noreferrer\">Zertifikat anzeigen<\/a>, <a href=\"https:\/\/www.nsa.gov\/resources\/everyone\/csfc\/components-list\/archived-components-list\/#Traffic_Filtering_Firewall\" target=\"_blank\" rel=\"noopener\">Archiv anzeigen<\/a><\/small><\/td>\n<td><img decoding=\"async\" class=\"aligncenter\" src=\"https:\/\/www.boc.de\/watchguard-info-portal\/wp-content\/uploads\/2016\/07\/red-check.png\" \/><\/td>\n<td style=\"text-align: center;\">Pending<\/td>\n<td><\/td>\n<td><img decoding=\"async\" class=\"aligncenter\" src=\"https:\/\/www.boc.de\/watchguard-info-portal\/wp-content\/uploads\/2016\/07\/red-check.png\" \/><\/td>\n<td><img decoding=\"async\" class=\"aligncenter\" src=\"https:\/\/www.boc.de\/watchguard-info-portal\/wp-content\/uploads\/2016\/07\/red-check.png\" \/><\/td>\n<td style=\"text-align: center;\">Pending<\/td>\n<td style=\"text-align: center;\">Pending<\/td>\n<\/tr>\n<tr>\n<td><strong>Commercial Solutions for Classified-Programm (CSfC)<\/strong><br \/>\n<small><a href=\"https:\/\/www.nsa.gov\/Resources\/Commercial-Solutions-for-Classified-Program\/Components-List\/#components-list-index\" target=\"_blank\" rel=\"noopener noreferrer\">Zertifikat anzeigen<\/a>, <a href=\"https:\/\/www.nsa.gov\/resources\/everyone\/csfc\/components-list\/archived-components-list\/#Traffic_Filtering_Firewall\" target=\"_blank\" rel=\"noopener\">Archiv anzeigen<\/a><\/small><\/td>\n<td><img decoding=\"async\" class=\"aligncenter\" src=\"https:\/\/www.boc.de\/watchguard-info-portal\/wp-content\/uploads\/2016\/07\/red-check.png\" \/><\/td>\n<td style=\"text-align: center;\">Pending<\/td>\n<td><\/td>\n<td><img decoding=\"async\" class=\"aligncenter\" src=\"https:\/\/www.boc.de\/watchguard-info-portal\/wp-content\/uploads\/2016\/07\/red-check.png\" \/><\/td>\n<td><img decoding=\"async\" class=\"aligncenter\" src=\"https:\/\/www.boc.de\/watchguard-info-portal\/wp-content\/uploads\/2016\/07\/red-check.png\" \/><\/td>\n<td style=\"text-align: center;\">Pending<\/td>\n<td style=\"text-align: center;\">Pending<\/td>\n<\/tr>\n<\/tbody>\n<\/table>\n<h3>WatchGuard AuthPoint<\/h3>\n<p>Miercom hat die MFA-L\u00f6sung von WatchGuard als die wettbewerbsf\u00e4higste L\u00f6sung empfohlen, die durch au\u00dfergew\u00f6hnliche MFA-Funktionen sowie eine benutzerfreundliche Oberfl\u00e4che f\u00fcr Anwender und Administratoren \u00fcberzeugt. Zwar bot die Konkurrenz teilweise \u00e4hnliche Funktionen an, jedoch waren deren Benutzeroberfl\u00e4chen und Dokumentationen oft sehr komplex, was den Einstieg in die Software erschwerte. Weitere Informationen direkt bei WatchGuard unter <a href=\"https:\/\/www.watchguard.com\/de\/wgrd-resource-center\/authpoint-mfa-report\" target=\"_blank\" rel=\"noopener\">&gt;&gt; AuthPoint MFA: Wettbewerblicher Validierungsbericht<\/a>.<\/p>\n<h3>WatchGuard Cloud<\/h3>\n<p>WatchGuard ist nach ISO\/IEC 27001:2013 f\u00fcr sein Informationssicherheits-Managementsystem (ISMS) zertifiziert. Diese Zertifizierung umfasst das ISMS der WatchGuard-Infrastruktur f\u00fcr Konfiguration, Verwaltung, Bereitstellung und Support im Zusammenhang mit WatchGuard-ID, AuthPoint MFA, Endpoint, sowie den Anwendungen und Diensten der WatchGuard Cloud, die Firebox und Wi-Fi in der WatchGuard Cloud unterst\u00fctzen.<\/p>\n<p>ISO 27001 ist ein weltweit anerkannter Standard, der Anforderungen f\u00fcr die Einrichtung, Implementierung, Pflege und kontinuierliche Verbesserung eines ISMS definiert. Weitere Informationen zur Zertifizierung sind \u00f6ffentlich \u00fcber <a href=\"https:\/\/www.schellman.com\/certificate-directory?certificateNumber=1548071-4\" target=\"_blank\" rel=\"noopener\">https:\/\/www.schellman.com\/certificate-directory?certificateNumber=1548071-4<\/a> zug\u00e4nglich. Die Zertifizierung wurde von Schellman &amp; Company, LLC, einer in den USA ans\u00e4ssigen, von ANAB und UKAS akkreditierten Zertifizierungsstelle, durchgef\u00fchrt.<\/p>\n<h2>Konformit\u00e4tserkl\u00e4rungen<\/h2>\n<p>Hier haben wir f\u00fcr Sie die Konformit\u00e4tserkl\u00e4rungen als PDF zum Herunterladen bereitgestellt:<\/p>\n<ul>\n<li><a href=\"https:\/\/www.boc.de\/pub\/media\/documents\/t10\/90_Konformitaetserklaerung-T10.pdf\" target=\"_blank\" rel=\"noopener noreferrer\">Konformitaetserklaerung-T10<\/a><\/li>\n<li><a href=\"https:\/\/www.boc.de\/pub\/media\/documents\/t10-d\/90_Konformitaetserklaerung-T10-D.pdf\" target=\"_blank\" rel=\"noopener noreferrer\">Konformitaetserklaerung-T10-D<\/a><\/li>\n<li><a href=\"https:\/\/www.boc.de\/pub\/media\/documents\/t10-w\/90_Konformitaetserklaerung-T10-W.pdf\" target=\"_blank\" rel=\"noopener noreferrer\">Konformitaetserklaerung-T10-W<\/a><\/li>\n<li><a href=\"https:\/\/www.boc.de\/pub\/media\/documents\/t15\/90_Konformitaetserklaerung-T15-T15W.pdf\" target=\"_blank\" rel=\"noopener noreferrer\">Konformitaetserklaerung-T15-T15W<\/a><\/li>\n<li><a href=\"https:\/\/www.boc.de\/pub\/media\/documents\/t20\/90_Konformitaetserklaerung-T20.pdf\" target=\"_blank\" rel=\"noopener noreferrer\">Konformitaetserklaerung-T20-T20W<\/a><\/li>\n<li><a href=\"https:\/\/www.boc.de\/pub\/media\/documents\/t30\/90_Konformitaetserklaerung-T30-T50.pdf\" target=\"_blank\" rel=\"noopener noreferrer\">Konformitaetserklaerung-T30-T30W-T50-T50W<\/a><\/li>\n<li><a href=\"https:\/\/www.boc.de\/pub\/media\/documents\/t35\/90_Konformitaetserklaerung-T35-T35W.pdf\" target=\"_blank\" rel=\"noopener noreferrer\">Konformitaetserklaerung-T35-T35W<\/a><\/li>\n<li><a href=\"https:\/\/www.boc.de\/pub\/media\/documents\/t35-r\/90_Konformitaetserklaerung-T35-R.pdf\" target=\"_blank\" rel=\"noopener noreferrer\">Konformitaetserklaerung-T35-R<\/a><\/li>\n<li><a href=\"https:\/\/www.boc.de\/pub\/media\/documents\/t40\/90_Konformitaetserklaerung-T40.pdf\" target=\"_blank\" rel=\"noopener noreferrer\">Konformitaetserklaerung-T40-T40W<\/a><\/li>\n<li><a href=\"https:\/\/www.boc.de\/pub\/media\/documents\/t55\/90_Konformitaetserklaerung-T55-T55W.pdf\" target=\"_blank\" rel=\"noopener noreferrer\">Konformitaetserklaerung-T55-T55W<\/a><\/li>\n<li><a href=\"https:\/\/www.boc.de\/pub\/media\/documents\/t70\/90_Konformitaetserklaerung-T70.pdf\" target=\"_blank\" rel=\"noopener noreferrer\">Konformitaetserklaerung-T70<\/a><\/li>\n<li><a href=\"https:\/\/www.boc.de\/pub\/media\/documents\/t80\/90_Konformitaetserklaerung-T80.pdf\" target=\"_blank\" rel=\"noopener noreferrer\">Konformitaetserklaerung-T80<\/a><\/li>\n<li><a href=\"https:\/\/www.boc.de\/pub\/media\/documents\/m200\/90_Konformitaetserklaerung-M200-M300.pdf\" target=\"_blank\" rel=\"noopener noreferrer\">Konformitaetserklaerung-M200-M300<\/a><\/li>\n<li><a href=\"https:\/\/www.boc.de\/pub\/media\/documents\/m270\/90_Konformitaetserklaerung-M270.pdf\" target=\"_blank\" rel=\"noopener noreferrer\">Konformitaetserklaerung-M270<\/a><\/li>\n<li><a href=\"https:\/\/www.boc.de\/pub\/media\/documents\/m290\/90_Konformitaetserklaerung-M290.pdf\" target=\"_blank\" rel=\"noopener noreferrer\">Konformitaetserklaerung-M290<\/a><\/li>\n<li><a href=\"https:\/\/www.boc.de\/pub\/media\/documents\/m400\/90_Konformitaetserklaerung-M400-M500.pdf\" target=\"_blank\" rel=\"noopener noreferrer\">Konformitaetserklaerung-M400-M500<\/a><\/li>\n<li><a href=\"https:\/\/www.boc.de\/pub\/media\/documents\/m440\/90_Konformitaetserklaerung-M440.pdf\" target=\"_blank\" rel=\"noopener noreferrer\">Konformitaetserklaerung-M440<\/a><\/li>\n<li><a href=\"https:\/\/www.boc.de\/pub\/media\/documents\/m570\/90_Konformitaetserklaerung-M370-M470-M570-M670.pdf\" target=\"_blank\" rel=\"noopener noreferrer\">Konformitaetserklaerung-M370-M470-M570-M670<\/a><\/li>\n<li><a href=\"https:\/\/www.boc.de\/pub\/media\/documents\/m390\/90_Konformitaetserklaerung-M390.pdf\" target=\"_blank\" rel=\"noopener noreferrer\">Konformitaetserklaerung-M390<\/a><\/li>\n<li><a href=\"https:\/\/www.boc.de\/pub\/media\/documents\/m590\/90_Konformitaetserklaerung-M590-M690.pdf\" target=\"_blank\" rel=\"noopener noreferrer\">Konformitaetserklaerung-M590-M690<\/a><\/li>\n<li><a href=\"https:\/\/www.boc.de\/pub\/media\/documents\/m4600\/90_Konformitaetserklaerung-M4600.pdf\" target=\"_blank\" rel=\"noopener noreferrer\">Konformitaetserklaerung-M4600<\/a><\/li>\n<li><a href=\"https:\/\/www.boc.de\/pub\/media\/documents\/m5600\/90_Konformitaetserklaerung-M5600.pdf\" target=\"_blank\" rel=\"noopener noreferrer\">Konformitaetserklaerung-M5600<\/a><\/li>\n<li><a href=\"https:\/\/www.boc.de\/pub\/media\/documents\/m4800\/90_Konformitaetserklaerung-M4800.pdf\" target=\"_blank\" rel=\"noopener noreferrer\">Konformitaetserklaerung-M4800<\/a><\/li>\n<li><a href=\"https:\/\/www.boc.de\/pub\/media\/documents\/m5800\/90_Konformitaetserklaerung-M5800.pdf\" target=\"_blank\" rel=\"noopener noreferrer\">Konformitaetserklaerung-M5800<\/a><\/li>\n<li><a href=\"https:\/\/www.boc.de\/watchguard-info-portal\/wp-content\/uploads\/2016\/06\/Konformitaetserklaerung-AP100-200.pdf\" target=\"_blank\" rel=\"noopener noreferrer\">Konformitaetserklaerung-AP100-200<\/a><\/li>\n<li><a href=\"https:\/\/www.boc.de\/watchguard-info-portal\/wp-content\/uploads\/2016\/06\/Konformitaetserklaerung-AP102.pdf\" target=\"_blank\" rel=\"noopener noreferrer\">Konformitaetserklaerung-AP102<\/a><\/li>\n<li><a href=\"https:\/\/www.boc.de\/watchguard-info-portal\/wp-content\/uploads\/2016\/06\/Konformitaetserklaerung-AP300.pdf\" target=\"_blank\" rel=\"noopener noreferrer\">Konformitaetserklaerung-AP300<\/a><\/li>\n<li><a href=\"https:\/\/www.boc.de\/pub\/media\/documents\/ap120\/90_Konformitaetserklaerung-AP120.pdf\" target=\"_blank\" rel=\"noopener noreferrer\">Konformitaetserklaerung-AP120<\/a><\/li>\n<li><a href=\"https:\/\/www.boc.de\/pub\/media\/documents\/ap125\/90_Konformitaetserklaerung-AP125.pdf\" target=\"_blank\" rel=\"noopener noreferrer\">Konformitaetserklaerung-AP125<\/a><\/li>\n<li><a href=\"https:\/\/www.boc.de\/pub\/media\/documents\/ap130\/90_Konformitaetserklaerung-AP130.pdf\" target=\"_blank\" rel=\"noopener noreferrer\">Konformitaetserklaerung-AP130<\/a><\/li>\n<li><a href=\"https:\/\/www.boc.de\/pub\/media\/documents\/ap225w\/90_Konformitaetserklaerung-AP225W.pdf\" target=\"_blank\" rel=\"noopener noreferrer\">Konformitaetserklaerung-AP225W<\/a><\/li>\n<li><a href=\"https:\/\/www.boc.de\/pub\/media\/documents\/ap320\/90_Konformitaetserklaerung-AP320.pdf\" target=\"_blank\" rel=\"noopener noreferrer\">Konformitaetserklaerung-AP320<\/a><\/li>\n<li><a href=\"https:\/\/www.boc.de\/pub\/media\/documents\/ap322\/90_Konformitaetserklaerung-AP322.pdf\" target=\"_blank\" rel=\"noopener noreferrer\">Konformitaetserklaerung-AP322<\/a><\/li>\n<li><a href=\"https:\/\/www.boc.de\/pub\/media\/documents\/ap325\/90_Konformitaetserklaerung-AP325.pdf\" target=\"_blank\" rel=\"noopener noreferrer\">Konformitaetserklaerung-AP325<\/a><\/li>\n<li><a href=\"https:\/\/www.boc.de\/pub\/media\/documents\/ap330\/90_Konformitaetserklaerung-AP330.pdf\" target=\"_blank\" rel=\"noopener noreferrer\">Konformitaetserklaerung-AP330<\/a><\/li>\n<li><a href=\"https:\/\/www.boc.de\/pub\/media\/documents\/ap327x\/90_Konformitaetserklaerung-AP327X.pdf\" target=\"_blank\" rel=\"noopener noreferrer\">Konformitaetserklaerung-AP327X<\/a><\/li>\n<li><a href=\"https:\/\/www.boc.de\/pub\/media\/documents\/ap420\/90_Konformitaetserklaerung-AP420.pdf\" target=\"_blank\" rel=\"noopener noreferrer\">Konformitaetserklaerung-AP420<\/a><\/li>\n<li><a href=\"https:\/\/www.boc.de\/pub\/media\/documents\/ap430cr\/90_Konformitaetserklaerung-AP430CR.pdf\" target=\"_blank\" rel=\"noopener noreferrer\">Konformitaetserklaerung-AP430CR<\/a><\/li>\n<li><a href=\"https:\/\/www.boc.de\/watchguard-info-portal\/wp-content\/uploads\/2016\/06\/Konformitaetserklaerung-XTM21-22-23.pdf\" target=\"_blank\" rel=\"noopener noreferrer\">Konformitaetserklaerung-XTM21-22-23<\/a><\/li>\n<li><a href=\"https:\/\/www.boc.de\/watchguard-info-portal\/wp-content\/uploads\/2016\/06\/Konformitaetserklaerung-XTM25-26-33.pdf\" target=\"_blank\" rel=\"noopener noreferrer\">Konformitaetserklaerung-XTM25-26-33<\/a><\/li>\n<li><a href=\"https:\/\/www.boc.de\/watchguard-info-portal\/wp-content\/uploads\/2016\/06\/Konformitaetserklaerung-XTM330.pdf\" target=\"_blank\" rel=\"noopener noreferrer\">Konformitaetserklaerung-XTM330<\/a><\/li>\n<li><a href=\"https:\/\/www.boc.de\/watchguard-info-portal\/wp-content\/uploads\/2016\/06\/Konformitaetserklaerung-XTM5-Series.pdf\" target=\"_blank\" rel=\"noopener noreferrer\">Konformitaetserklaerung-XTM5-Series<\/a><\/li>\n<li><a href=\"https:\/\/www.boc.de\/watchguard-info-portal\/wp-content\/uploads\/2016\/06\/Konformitaetserklaerung-XTM8-Series.pdf\" target=\"_blank\" rel=\"noopener noreferrer\">Konformitaetserklaerung-XTM8-Series<\/a><\/li>\n<li><a href=\"https:\/\/www.boc.de\/watchguard-info-portal\/wp-content\/uploads\/2016\/06\/Konformitaetserklaerung-XTM800-1500-Series.pdf\" target=\"_blank\" rel=\"noopener noreferrer\">Konformitaetserklaerung-XTM800-1500-Series<\/a><\/li>\n<li><a href=\"https:\/\/www.boc.de\/watchguard-info-portal\/wp-content\/uploads\/2016\/06\/Konformitaetserklaerung-XTM1500RP-Series.pdf\" target=\"_blank\" rel=\"noopener noreferrer\">Konformitaetserklaerung-XTM1500RP-Series<\/a><\/li>\n<li><a href=\"https:\/\/www.boc.de\/watchguard-info-portal\/wp-content\/uploads\/2016\/06\/Konformitaetserklaerung-XTM1050.pdf\" target=\"_blank\" rel=\"noopener noreferrer\">Konformitaetserklaerung-XTM1050<\/a><\/li>\n<li><a href=\"https:\/\/www.boc.de\/watchguard-info-portal\/wp-content\/uploads\/2016\/06\/Konformitaetserklaerung-XTM2050.pdf\" target=\"_blank\" rel=\"noopener noreferrer\">Konformitaetserklaerung-XTM2050<\/a><\/li>\n<li><a href=\"https:\/\/www.boc.de\/watchguard-info-portal\/wp-content\/uploads\/2016\/06\/Konformitaetserklaerung-XTM2520.pdf\" target=\"_blank\" rel=\"noopener noreferrer\">Konformitaetserklaerung-XTM2520<\/a><\/li>\n<\/ul>\n<h2>Export Bestimmungen<\/h2>\n<p>WatchGuard Produkte unterliegen diversen Export Bestimmungen, insbesondere Crypto-Export-Beschr\u00e4nkungen. WatchGuard Produkte d\u00fcrfen in einer Vielzahl von L\u00e4ndern (z.B. EU-weit) frei gehandelt werden. <strong>In keinem Fall d\u00fcrfen WatchGuard Produkte jedoch in Embargo-L\u00e4nder geliefert werden.<\/strong> Bitte kontaktieren Sie uns, wenn Export-Fragen zu kl\u00e4ren sind. Gerne unterst\u00fctzen wir Sie bei Export-Vorg\u00e4ngen.<\/p>\n","protected":false},"excerpt":{"rendered":"<p>Produktzertifizierungen Die Sicherheitsl\u00f6sungen von WatchGuard sind sorgf\u00e4ltig entwickelt, einfach zu implementieren und unter strengen Bedingungen gepr\u00fcft. Zur Qualit\u00e4tssicherung werden die Produkte regelm\u00e4\u00dfig von unabh\u00e4ngigen Drittanbietern getestet, um sicherzustellen, dass alle branchen\u00fcblichen Standards eingehalten werden. WatchGuard Firebox Firebox T15\/T35 T55\/T70 Firebox T20\/T40 T80 Firebox M200\/M300 M400\/M500 Firebox M270\/M370 M470\/M570 M670 Firebox M4600 M5600 Firebox M4800 M5800 Firebox M290\/M390 M590\/M690 FIPS 140-2 Zertifikate:\u00a0T-Serie M-Serie 1,\u00a0M-Serie 2 FIPS &hellip; <a href=\"https:\/\/wordpress.boc.de\/watchguard-info-portal\/produktinfos\/watchguard-produktzertifizierungen\/\" class=\"more-link\">Weiterlesen <span class=\"screen-reader-text\">WatchGuard Produktzertifizierungen<\/span> <span class=\"meta-nav\">&raquo;<\/span><\/a><\/p>\n","protected":false},"author":2,"featured_media":0,"parent":24,"menu_order":0,"comment_status":"closed","ping_status":"closed","template":"","meta":{"footnotes":""},"class_list":["post-329","page","type-page","status-publish","hentry"],"_links":{"self":[{"href":"https:\/\/wordpress.boc.de\/watchguard-info-portal\/wp-json\/wp\/v2\/pages\/329"}],"collection":[{"href":"https:\/\/wordpress.boc.de\/watchguard-info-portal\/wp-json\/wp\/v2\/pages"}],"about":[{"href":"https:\/\/wordpress.boc.de\/watchguard-info-portal\/wp-json\/wp\/v2\/types\/page"}],"author":[{"embeddable":true,"href":"https:\/\/wordpress.boc.de\/watchguard-info-portal\/wp-json\/wp\/v2\/users\/2"}],"replies":[{"embeddable":true,"href":"https:\/\/wordpress.boc.de\/watchguard-info-portal\/wp-json\/wp\/v2\/comments?post=329"}],"version-history":[{"count":36,"href":"https:\/\/wordpress.boc.de\/watchguard-info-portal\/wp-json\/wp\/v2\/pages\/329\/revisions"}],"predecessor-version":[{"id":25585,"href":"https:\/\/wordpress.boc.de\/watchguard-info-portal\/wp-json\/wp\/v2\/pages\/329\/revisions\/25585"}],"up":[{"embeddable":true,"href":"https:\/\/wordpress.boc.de\/watchguard-info-portal\/wp-json\/wp\/v2\/pages\/24"}],"wp:attachment":[{"href":"https:\/\/wordpress.boc.de\/watchguard-info-portal\/wp-json\/wp\/v2\/media?parent=329"}],"curies":[{"name":"wp","href":"https:\/\/api.w.org\/{rel}","templated":true}]}}