{"id":323,"date":"2016-06-15T17:35:17","date_gmt":"2016-06-15T15:35:17","guid":{"rendered":"https:\/\/www.boc.de\/watchguard-info-portal\/?page_id=323"},"modified":"2026-01-23T12:53:42","modified_gmt":"2026-01-23T11:53:42","slug":"watchguard-dimension-server","status":"publish","type":"page","link":"https:\/\/wordpress.boc.de\/watchguard-info-portal\/produktinfos\/watchguard-dimension-server\/","title":{"rendered":"WatchGuard Dimension Server"},"content":{"rendered":"<p><img loading=\"lazy\" decoding=\"async\" class=\"size-full wp-image-299 alignleft\" src=\"https:\/\/www.boc.de\/boc-wp-test\/wp-content\/uploads\/2016\/06\/lss-gold.png\" alt=\"WatchGuard Dimension Server\" width=\"250\" height=\"200\" \/><\/p>\n<h2><strong>WatchGuard Dimension Server<\/strong><\/h2>\n<h3>Firewall Logging und Reporting ohne Aufpreis!<\/h3>\n<p>Zum professionellen Betrieb einer Firewall geh\u00f6rt ein funktionierendes Logging der Vorg\u00e4nge auf der Firewall &#8211; und ein geeignetes Reporting, sprich Auswertungen, da Firewall-Logs schnell sehr gro\u00df und un\u00fcbersichtlich werden k\u00f6nnen.<\/p>\n<p>Genau dies bietet WatchGuard Dimension: Der\u00a0WatchGuard Dimension Logging und Reporting Server ist eine fertige virtuelle Appliance, die im <a href=\"http:\/\/software.watchguard.com\" target=\"_download\" rel=\"noopener noreferrer\">WatchGuard Software Portal<\/a> kostenlos heruntergeladen werden kann. Voraussetzung f\u00fcr den Betrieb ist eine vorhandene virtuelle Plattform auf Basis von VMware ESXi oder Microsoft Hyper-V. Der WatchGuard Dimension Server\u00a0liefert durch mehr als 70 fertig vordefinierte Berichte schnelle Antworten auf Fragen wie:<\/p>\n<ul>\n<li>Wer nutzt am meisten Bandbreite?<\/li>\n<li>Gibt es ungew\u00f6hnliche Muster\/Vorkommnisse im Datenverkehr?<\/li>\n<li>Welche Website wird am h\u00e4ufigsten aufgerufen?<\/li>\n<li>Welche Anwendungen werden von einzelnen Mitarbeitern ausgef\u00fchrt?<\/li>\n<li>Welche Anwendungen beanspruchen die meiste Bandbreite?<\/li>\n<\/ul>\n<p>Die Berichte k\u00f6nnen auch zeitgesteuert automatisch erzeugt und per E-Mail an bestimmte Personen innerhalb des Unternehmens versendet werden.<\/p>\n<pre><img loading=\"lazy\" decoding=\"async\" class=\"size-full wp-image-1468 alignleft\" src=\"https:\/\/www.boc.de\/boc-wp-test\/wp-content\/uploads\/2016\/06\/emblem-imp.gif\" alt=\"emblem-imp\" width=\"48\" height=\"48\" \/><strong>Begriffserkl\u00e4rung:<\/strong> Der Begriff <strong>WatchGuard Dimension Server<\/strong> bezeichnet eine von WatchGuard bereitgestellte, virtuelle Appliance. Wird dieser Server nur f\u00fcr Logging- und Reporting-Zwecke verwendet, ist die Nutzung f\u00fcr beliebig viele WatchGuard Fireboxen KOSTENFREI, sofern die angeschlossenen Fireboxen \u00fcber eine g\u00fcltige Support Subscription verf\u00fcgen.\r\n<strong>Dimension Command<\/strong> hingegen bezeichnet eine optionale, KOSTENPFLICHTIGE Lizenz, die dann pro Firebox ben\u00f6tigt wird, wenn der WatchGuard Dimension Server \u00fcber das Logging und Reporting hinaus auch f\u00fcr die <strong>zentralisierte Verwaltung<\/strong> von (mehreren) WatchGuard Fireboxen verwendet werden soll (erweiterte Command Funktionalit\u00e4t).<\/pre>\n<h3>Weitere Screenshots, speziell zu Intrusion Prevention und APT Blocker<\/h3>\n<p><a href=\"https:\/\/www.boc.de\/boc-wp-test\/wp-content\/uploads\/2016\/06\/dimension-ips-trend.png\"><img loading=\"lazy\" decoding=\"async\" class=\"alignnone wp-image-756 size-thumbnail\" src=\"https:\/\/www.boc.de\/boc-wp-test\/wp-content\/uploads\/2016\/06\/dimension-ips-trend-150x150.png\" alt=\"dimension-ips-trend\" width=\"150\" height=\"150\" \/><\/a> <a href=\"https:\/\/www.boc.de\/boc-wp-test\/wp-content\/uploads\/2016\/06\/dimension-ips.png\"><img loading=\"lazy\" decoding=\"async\" class=\"alignnone wp-image-754 size-thumbnail\" src=\"https:\/\/www.boc.de\/boc-wp-test\/wp-content\/uploads\/2016\/06\/dimension-ips-150x150.png\" alt=\"dimension-ips\" width=\"150\" height=\"150\" \/><\/a> <a href=\"https:\/\/www.boc.de\/boc-wp-test\/wp-content\/uploads\/2016\/06\/dimension-apt-0day-content-1.png\"><img loading=\"lazy\" decoding=\"async\" class=\"alignnone wp-image-742 size-thumbnail\" src=\"https:\/\/www.boc.de\/boc-wp-test\/wp-content\/uploads\/2016\/06\/dimension-apt-0day-content-1-150x150.png\" alt=\"dimension-apt-0day-content\" width=\"150\" height=\"150\" \/><\/a> <a href=\"https:\/\/www.boc.de\/boc-wp-test\/wp-content\/uploads\/2016\/06\/dimension-apt-adv-trend.png\"><img loading=\"lazy\" decoding=\"async\" class=\"alignnone wp-image-715 size-thumbnail\" src=\"https:\/\/www.boc.de\/boc-wp-test\/wp-content\/uploads\/2016\/06\/dimension-apt-adv-trend-150x150.png\" alt=\"dimension-apt-adv-trend\" width=\"150\" height=\"150\" \/><\/a> <a href=\"https:\/\/www.boc.de\/boc-wp-test\/wp-content\/uploads\/2016\/06\/dimension-apt-adv-content.png\"><img loading=\"lazy\" decoding=\"async\" class=\"alignnone wp-image-713 size-thumbnail\" src=\"https:\/\/www.boc.de\/boc-wp-test\/wp-content\/uploads\/2016\/06\/dimension-apt-adv-content-150x150.png\" alt=\"dimension-apt-adv-content\" width=\"150\" height=\"150\" \/><\/a><\/p>\n<h3>Weitere Informationen<\/h3>\n<ul>\n<li><a href=\"https:\/\/www.boc.de\/pub\/media\/documents\/general\/60_Datenblatt-WatchGuard-Dimension.pdf\" target=\"_blank\" rel=\"noopener noreferrer\">WatchGuard Dimension Datenblatt<\/a><\/li>\n<\/ul>\n<h3>Installation<\/h3>\n<p>Die Installation des WatchGuard Dimension Servers ist denkbar einfach: Das entsprechende OVF-Template (f\u00fcr VMware) bzw. VHD-Template (f\u00fcr Hyper-V) aus dem <a href=\"http:\/\/software.watchguard.com\" target=\"_download\" rel=\"noopener noreferrer\">WatchGuard Software Portal<\/a> (dort gleich unten rechts bei den &#8220;Quick Links&#8221;) herunterladen und auf dem Hypervisor installieren. Nach dem Vergeben der IP-Adresse (siehe Anleitung im Installations-PDF, ebendort im WatchGuard Software Portal) wird noch ein Quick Setup Wizard im Browser durchlaufen und schon kann man beginnen, den Dimension Server als Logserver in den\u00a0WatchGuard Fireboxen zu hinterlegen (im Policy Manager: Setup &gt; Logging).<\/p>\n<pre><img loading=\"lazy\" decoding=\"async\" class=\"size-full wp-image-1473 alignleft\" src=\"https:\/\/www.boc.de\/boc-wp-test\/wp-content\/uploads\/2016\/06\/emblem-rechts.gif\" alt=\"emblem-rechts\" width=\"48\" height=\"48\" \/>Wenn Sie keine \"gro\u00dfe\" virtuelle Plattform zur Hand haben, haben wir Ihnen in unserem Technischen Blog einen Artikel bereitgestellt, wie Sie einen <a href=\"https:\/\/www.boc.de\/boc-wp-test\/installation-dimension-auf-intel-nuc-mit-vmware-esxi\/\">Intel NUC (Mini-PC) mit VMware ESXi installieren k\u00f6nnen, um darauf einen WatchGuard Dimension Server zu betreiben<\/a>.<\/pre>\n<p><strong>Siehe auch: <a href=\"https:\/\/www.boc.de\/boc-wp-test\/produktinfos\/watchguard-security-services-und-suites\/watchguard-dimension-command\/\">WatchGuard Dimension Command<\/a><\/strong><\/p>\n","protected":false},"excerpt":{"rendered":"<p>WatchGuard Dimension Server Firewall Logging und Reporting ohne Aufpreis! Zum professionellen Betrieb einer Firewall geh\u00f6rt ein funktionierendes Logging der Vorg\u00e4nge auf der Firewall &#8211; und ein geeignetes Reporting, sprich Auswertungen, da Firewall-Logs schnell sehr gro\u00df und un\u00fcbersichtlich werden k\u00f6nnen. Genau dies bietet WatchGuard Dimension: Der\u00a0WatchGuard Dimension Logging und Reporting Server ist eine fertige virtuelle Appliance, die im WatchGuard Software Portal kostenlos heruntergeladen werden kann. Voraussetzung &hellip; <a href=\"https:\/\/wordpress.boc.de\/watchguard-info-portal\/produktinfos\/watchguard-dimension-server\/\" class=\"more-link\">Weiterlesen <span class=\"screen-reader-text\">WatchGuard Dimension Server<\/span> <span class=\"meta-nav\">&raquo;<\/span><\/a><\/p>\n","protected":false},"author":3,"featured_media":0,"parent":24,"menu_order":0,"comment_status":"closed","ping_status":"closed","template":"","meta":{"footnotes":""},"class_list":["post-323","page","type-page","status-publish","hentry"],"_links":{"self":[{"href":"https:\/\/wordpress.boc.de\/watchguard-info-portal\/wp-json\/wp\/v2\/pages\/323"}],"collection":[{"href":"https:\/\/wordpress.boc.de\/watchguard-info-portal\/wp-json\/wp\/v2\/pages"}],"about":[{"href":"https:\/\/wordpress.boc.de\/watchguard-info-portal\/wp-json\/wp\/v2\/types\/page"}],"author":[{"embeddable":true,"href":"https:\/\/wordpress.boc.de\/watchguard-info-portal\/wp-json\/wp\/v2\/users\/3"}],"replies":[{"embeddable":true,"href":"https:\/\/wordpress.boc.de\/watchguard-info-portal\/wp-json\/wp\/v2\/comments?post=323"}],"version-history":[{"count":72,"href":"https:\/\/wordpress.boc.de\/watchguard-info-portal\/wp-json\/wp\/v2\/pages\/323\/revisions"}],"predecessor-version":[{"id":30167,"href":"https:\/\/wordpress.boc.de\/watchguard-info-portal\/wp-json\/wp\/v2\/pages\/323\/revisions\/30167"}],"up":[{"embeddable":true,"href":"https:\/\/wordpress.boc.de\/watchguard-info-portal\/wp-json\/wp\/v2\/pages\/24"}],"wp:attachment":[{"href":"https:\/\/wordpress.boc.de\/watchguard-info-portal\/wp-json\/wp\/v2\/media?parent=323"}],"curies":[{"name":"wp","href":"https:\/\/api.w.org\/{rel}","templated":true}]}}