{"id":31,"date":"2016-05-09T11:27:18","date_gmt":"2016-05-09T09:27:18","guid":{"rendered":"https:\/\/www.boc.de\/watchguard-info-portal\/?page_id=31"},"modified":"2023-08-24T09:38:30","modified_gmt":"2023-08-24T07:38:30","slug":"allgemeines","status":"publish","type":"page","link":"https:\/\/wordpress.boc.de\/watchguard-info-portal\/allgemeines\/","title":{"rendered":"Allgemeines"},"content":{"rendered":"<div id=\"pl-31\"  class=\"panel-layout\" ><div id=\"pg-31-0\"  class=\"panel-grid panel-no-style\" ><div id=\"pgc-31-0-0\"  class=\"panel-grid-cell\" ><div id=\"panel-31-0-0-0\" class=\"so-panel widget widget_sow-editor panel-first-child panel-last-child\" data-index=\"0\" ><div\n\t\t\t\n\t\t\tclass=\"so-widget-sow-editor so-widget-sow-editor-base\"\n\t\t\t\n\t\t>\n<div class=\"siteorigin-widget-tinymce textwidget\">\n\t<h1 style=\"margin-top: 0rem; margin-bottom: 0rem; font-size: 2.5rem;\"><strong>BOC IT-Security GmbH\u00a0 =\u00a0 WatchGuard Firewall \/ VPN<\/strong><\/h1>\n<h3 style=\"margin-top: 0.5rem; font-weight: 100;\">Diese Gleichung geht auf. Und Sie m\u00fcssen auch nicht mit Unbekannten rechnen.<\/h3>\n<p>Die <strong>BOC IT-Security GmbH<\/strong> hat sich <strong>ausschlie\u00dflich<\/strong> auf <strong>WatchGuard<\/strong> Hardware Firewall VPN und Mobile User Access L\u00f6sungen spezialisiert. Wir machen nichts anderes. Seit 1998, das sind nun mehr als 25 Jahre, arbeiten wir t\u00e4glich mit WatchGuard Produkten. Wir sind ein kompetenter und geeigneter Partner f\u00fcr die laufende Betreuung Ihrer WatchGuard-Installation - egal welcher Gr\u00f6\u00dfe. Die BOC IT-Security GmbH ist zertifiziert als:<\/p>\n<ul>\n<li><strong>WatchGuard<span style=\"color: #ff0000;\">ONE<\/span> Platinum Partner<\/strong><\/li>\n<li><strong>WatchGuard Certified Training Partner<\/strong><\/li>\n<\/ul>\n<p>Weltweit haben nur wenige Partner diese hohe Kombination der Qualifizierungsstufen erreicht. Durch den T\u00c4GLICHEN Umgang mit WatchGuard-Produkten verf\u00fcgen wir \u00fcber ein in der Branche anerkanntes und ausgezeichnetes Know-How. Referenzen aus einer Vielzahl erfolgreicher <strong>Firewall- und VPN-Projekte aller Gr\u00f6\u00dfen<\/strong> nennen wir Ihnen gerne auf Anfrage.<\/p>\n<p><strong>Werden auch Sie zufriedener WatchGuard-Kunde bei BOC.<\/strong><\/p>\n<p>Sind Sie Fachh\u00e4ndler im IT- oder TK-Bereich? Fragen Sie nach einer Kooperation und Schulungen!<\/p>\n<\/div>\n<\/div><\/div><\/div><\/div><\/div>","protected":false},"excerpt":{"rendered":"<p>BOC IT-Security GmbH\u00a0 =\u00a0 WatchGuard Firewall \/ VPN Diese Gleichung geht auf. Und Sie m\u00fcssen auch nicht mit Unbekannten rechnen. Die BOC IT-Security GmbH hat sich ausschlie\u00dflich auf WatchGuard Hardware Firewall VPN und Mobile User Access L\u00f6sungen spezialisiert. Wir machen nichts anderes. Seit 1998, das sind nun mehr als 25 Jahre, arbeiten wir t\u00e4glich mit WatchGuard Produkten. Wir sind ein kompetenter und geeigneter Partner f\u00fcr &hellip; <a href=\"https:\/\/wordpress.boc.de\/watchguard-info-portal\/allgemeines\/\" class=\"more-link\">Weiterlesen <span class=\"screen-reader-text\">Allgemeines<\/span> <span class=\"meta-nav\">&raquo;<\/span><\/a><\/p>\n","protected":false},"author":3,"featured_media":0,"parent":0,"menu_order":0,"comment_status":"closed","ping_status":"closed","template":"","meta":{"footnotes":""},"class_list":["post-31","page","type-page","status-publish","hentry"],"_links":{"self":[{"href":"https:\/\/wordpress.boc.de\/watchguard-info-portal\/wp-json\/wp\/v2\/pages\/31"}],"collection":[{"href":"https:\/\/wordpress.boc.de\/watchguard-info-portal\/wp-json\/wp\/v2\/pages"}],"about":[{"href":"https:\/\/wordpress.boc.de\/watchguard-info-portal\/wp-json\/wp\/v2\/types\/page"}],"author":[{"embeddable":true,"href":"https:\/\/wordpress.boc.de\/watchguard-info-portal\/wp-json\/wp\/v2\/users\/3"}],"replies":[{"embeddable":true,"href":"https:\/\/wordpress.boc.de\/watchguard-info-portal\/wp-json\/wp\/v2\/comments?post=31"}],"version-history":[{"count":23,"href":"https:\/\/wordpress.boc.de\/watchguard-info-portal\/wp-json\/wp\/v2\/pages\/31\/revisions"}],"predecessor-version":[{"id":17570,"href":"https:\/\/wordpress.boc.de\/watchguard-info-portal\/wp-json\/wp\/v2\/pages\/31\/revisions\/17570"}],"wp:attachment":[{"href":"https:\/\/wordpress.boc.de\/watchguard-info-portal\/wp-json\/wp\/v2\/media?parent=31"}],"curies":[{"name":"wp","href":"https:\/\/api.w.org\/{rel}","templated":true}]}}