{"id":308,"date":"2016-06-15T17:05:55","date_gmt":"2016-06-15T15:05:55","guid":{"rendered":"https:\/\/www.boc.de\/watchguard-info-portal\/?page_id=308"},"modified":"2017-08-12T14:28:37","modified_gmt":"2017-08-12T12:28:37","slug":"watchguard-xtm-pro-upgrade","status":"publish","type":"page","link":"https:\/\/wordpress.boc.de\/watchguard-info-portal\/produktinfos\/watchguard-xtm-pro-upgrade\/","title":{"rendered":"WatchGuard XTM Pro Upgrade"},"content":{"rendered":"<p><img loading=\"lazy\" decoding=\"async\" class=\"size-full wp-image-299 alignleft\" src=\"https:\/\/www.boc.de\/watchguard-info-portal\/wp-content\/uploads\/2016\/06\/lss-gold.png\" alt=\"WatchGuard XTM Pro Upgrade\" width=\"250\" height=\"200\" \/><\/p>\n<h3><strong>WatchGuard XTM Pro Upgrade<\/strong><\/h3>\n<p>Fireware XTM ist das aktuelle Betriebssystem f\u00fcr die WatchGuard Firebox \/ XTM Produkte. Vor einigen Jahren wurde bei Auslieferung von einigen WatchGuard-Modellen noch zwischen dem normalen &#8220;Fireware&#8221; Feature Set (ohne &#8220;Pro&#8221;) und dem &#8220;Fireware Pro&#8221; bzw &#8220;XTM Pro&#8221; Feature Set unterschieden. Im <strong>XTM Pro Feature Set<\/strong> sind\/waren zus\u00e4tzlich enthalten: <strong>Multi-WAN, Policy Based Routing, Dynamisches Routing, FireCluster<\/strong> und die Maximalzahl der f\u00fcr das jeweilige Modell vorgesehenen <strong>SSLVPN- bzw. L2TP-VPN-User<\/strong>.<\/p>\n<p>Das XTM Pro Upgrade erm\u00f6glichte wesentlich h\u00f6here Firewall-Durchsatzraten und neue Features: <strong>VPN-Failover<\/strong> routet VPN-Tunnel automatisch \u00fcber eine zweite Internet-Verbindung, wenn die prim\u00e4re Internet-Anbindung versagt! Insgesamt k\u00f6nnen bis zu vier unterschiedliche WAN-Verbindungen angeschlossen werden. Mittels <strong>Policy Based Routing<\/strong> kann dann z.B. der allgemeine Web-Traffic (HTTP, HTTPS, FTP) \u00fcber einen kosteng\u00fcnstigen DSL- oder Kabelanschluss mit Flatrate gef\u00fchrt werden, wodurch sich der prim\u00e4re Internet-Anschluss &#8211; in der Regel eine qualitativ hochwertige Standleitung (ggfs. mit QoS [Quality of Service]) &#8211; vorrangig f\u00fcr VPN-Traffic und eingehenden E-Mail-Verkehr freihalten l\u00e4sst. Neu sind auch <strong>VLAN-Unterst\u00fctzung, Load-Balancing<\/strong>, sowie <strong>Bandbreitenbegrenzung<\/strong> und <strong>Zeitsteuerung<\/strong> f\u00fcr jede einzelne Firewall-Regel. Auch die Hardware-Hochverf\u00fcgbarkeit (High Availability) &#8211; also ein Firewall-Cluster aus zwei identischen Fireboxen &#8211; wurde verbessert.<\/p>\n<pre><img loading=\"lazy\" decoding=\"async\" class=\"size-full wp-image-1468 alignleft\" src=\"https:\/\/www.boc.de\/watchguard-info-portal\/wp-content\/uploads\/2016\/06\/emblem-imp.gif\" alt=\"emblem-imp\" width=\"48\" height=\"48\" \/>Die <strong>XTM Pro Zusatzlizenz<\/strong> gibt es nur noch f\u00fcr die \u00e4lteren Modelle <strong>XTM 505\/510\/520\/530<\/strong>. Alle\u00a0neueren XTM-Modelle und die aktuellen Firebox-Modelle werden bereits ab Werk mit dem \"XTM Pro\" Feature Set ausgeliefert. Nur die ganz kleine <strong>Firebox T10 unterst\u00fctzt nicht<\/strong> die erweiterten Funktionen\u00a0Multi-WAN, Policy Based Routing, Dynamisches Routing und FireCluster.<\/pre>\n<p>&nbsp;<br \/>\n<span style=\"color: red;\">WatchGuard XTM Pro Upgrade:&nbsp;&nbsp;[einzeln lizensierbar]<\/span><\/p>\n","protected":false},"excerpt":{"rendered":"<p>WatchGuard XTM Pro Upgrade Fireware XTM ist das aktuelle Betriebssystem f\u00fcr die WatchGuard Firebox \/ XTM Produkte. Vor einigen Jahren wurde bei Auslieferung von einigen WatchGuard-Modellen noch zwischen dem normalen &#8220;Fireware&#8221; Feature Set (ohne &#8220;Pro&#8221;) und dem &#8220;Fireware Pro&#8221; bzw &#8220;XTM Pro&#8221; Feature Set unterschieden. Im XTM Pro Feature Set sind\/waren zus\u00e4tzlich enthalten: Multi-WAN, Policy Based Routing, Dynamisches Routing, FireCluster und die Maximalzahl der f\u00fcr &hellip; <a href=\"https:\/\/wordpress.boc.de\/watchguard-info-portal\/produktinfos\/watchguard-xtm-pro-upgrade\/\" class=\"more-link\">Weiterlesen <span class=\"screen-reader-text\">WatchGuard XTM Pro Upgrade<\/span> <span class=\"meta-nav\">&raquo;<\/span><\/a><\/p>\n","protected":false},"author":2,"featured_media":0,"parent":24,"menu_order":0,"comment_status":"closed","ping_status":"closed","template":"","meta":{"footnotes":""},"class_list":["post-308","page","type-page","status-publish","hentry"],"_links":{"self":[{"href":"https:\/\/wordpress.boc.de\/watchguard-info-portal\/wp-json\/wp\/v2\/pages\/308"}],"collection":[{"href":"https:\/\/wordpress.boc.de\/watchguard-info-portal\/wp-json\/wp\/v2\/pages"}],"about":[{"href":"https:\/\/wordpress.boc.de\/watchguard-info-portal\/wp-json\/wp\/v2\/types\/page"}],"author":[{"embeddable":true,"href":"https:\/\/wordpress.boc.de\/watchguard-info-portal\/wp-json\/wp\/v2\/users\/2"}],"replies":[{"embeddable":true,"href":"https:\/\/wordpress.boc.de\/watchguard-info-portal\/wp-json\/wp\/v2\/comments?post=308"}],"version-history":[{"count":12,"href":"https:\/\/wordpress.boc.de\/watchguard-info-portal\/wp-json\/wp\/v2\/pages\/308\/revisions"}],"predecessor-version":[{"id":3085,"href":"https:\/\/wordpress.boc.de\/watchguard-info-portal\/wp-json\/wp\/v2\/pages\/308\/revisions\/3085"}],"up":[{"embeddable":true,"href":"https:\/\/wordpress.boc.de\/watchguard-info-portal\/wp-json\/wp\/v2\/pages\/24"}],"wp:attachment":[{"href":"https:\/\/wordpress.boc.de\/watchguard-info-portal\/wp-json\/wp\/v2\/media?parent=308"}],"curies":[{"name":"wp","href":"https:\/\/api.w.org\/{rel}","templated":true}]}}