{"id":305,"date":"2016-06-15T16:57:47","date_gmt":"2016-06-15T14:57:47","guid":{"rendered":"https:\/\/www.boc.de\/watchguard-info-portal\/?page_id=305"},"modified":"2025-06-25T15:23:54","modified_gmt":"2025-06-25T13:23:54","slug":"4-stunden-premium-rma-austauschservice","status":"publish","type":"page","link":"https:\/\/wordpress.boc.de\/watchguard-info-portal\/produktinfos\/4-stunden-premium-rma-austauschservice\/","title":{"rendered":"4-Stunden Premium RMA Austauschservice"},"content":{"rendered":"<p><img loading=\"lazy\" decoding=\"async\" class=\"size-full wp-image-292 alignleft\" src=\"https:\/\/www.boc.de\/watchguard-info-portal\/wp-content\/uploads\/2016\/06\/lss.png\" alt=\"WatchGuard 4-Stunden Premium Austauschservice\" width=\"250\" height=\"200\" \/><\/p>\n<h3><strong>4-Stunden Premium RMA Austauschservice<\/strong><\/h3>\n<p>Schon im regul\u00e4ren Standard Support (LiveSecurity) bietet WatchGuard bereits einen kostenfreien Vorab-Austausch von defekter Hardware. Bis jedoch das Ersatzger\u00e4t per Paketdienst tats\u00e4chlich am Einsatzort angeliefert wird, vergehen meist 24 Stunden, eher sogar 48 Stunden. Wenn ein Wochenende dazwischen liegt, kann es auch noch l\u00e4nger dauern. In vielen F\u00e4llen ist diese Ausfallzeit heutzutage nicht mehr akzeptabel.<\/p>\n<p>WatchGuard bietet optional den <strong>4-Stunden Premium RMA Austauschservice<\/strong> an. Mit diesem Service l\u00e4sst sich die Wartezeit auf das Ersatzger\u00e4t auf maximal 4 Stunden begrenzen, nachdem der Technische Defekt im Rahmen eines Support Incident von WatchGuard r\u00fcckbest\u00e4tigt worden ist. Die Anlieferung erfolgt dann per Kurierfahrer von einem regionalen Logistikzentrum, in dem das Ersatzger\u00e4t bereits im Vorfeld platziert worden ist. Der WatchGuard 4-Stunden Premium RMA Austauschservice ist nur buchbar f\u00fcr Ger\u00e4testandorte im Umkreis von 240 km um die hier aufgef\u00fchrten Logistikzentren. Innerhalb der EU ist auch eine l\u00e4nder\u00fcbergreifende Abdeckung m\u00f6glich. So k\u00f6nnte von Berlin aus ein Teil von Polen versorgt werden &#8211; oder von M\u00fcnchen aus ein Teil von \u00d6sterreich.<\/p>\n<h3>Logistik-Standorte in Europa<\/h3>\n<p>Der Ger\u00e4te-Standort muss in einem Radius von 240km um diese St\u00e4dte liegen:<\/p>\n<table>\n<tbody>\n<tr>\n<th style=\"font-weight: bold;\">Land<\/th>\n<th style=\"font-weight: bold;\">Logistik-Standort<\/th>\n<th style=\"font-weight: bold;\">Land<\/th>\n<th style=\"font-weight: bold;\">Logistik-Standort<\/th>\n<\/tr>\n<tr>\n<td>Deutschland<\/td>\n<td>Berlin<\/td>\n<td>Frankreich<\/td>\n<td>Paris<\/td>\n<\/tr>\n<tr>\n<td>Deutschland<\/td>\n<td>D\u00fcsseldorf<\/td>\n<td>Frankreich<\/td>\n<td>Colmar<\/td>\n<\/tr>\n<tr>\n<td>Deutschland<\/td>\n<td>Frankfurt<\/td>\n<td>Gro\u00dfbritannien<\/td>\n<td>Birmingham<\/td>\n<\/tr>\n<tr>\n<td>Deutschland<\/td>\n<td>Hannover<\/td>\n<td>Gro\u00dfbritannien<\/td>\n<td>London<\/td>\n<\/tr>\n<tr>\n<td>Deutschland<\/td>\n<td>M\u00fcnchen<\/td>\n<td>Gro\u00dfbritannien<\/td>\n<td>Warrington<\/td>\n<\/tr>\n<tr>\n<td><\/td>\n<td><\/td>\n<td>Italien<\/td>\n<td>Mailand<\/td>\n<\/tr>\n<tr>\n<td>Belgien<\/td>\n<td>Br\u00fcssel<\/td>\n<td>Niederlande<\/td>\n<td>Tilburg<\/td>\n<\/tr>\n<tr>\n<td>D\u00e4nemark<\/td>\n<td>Kopenhagen<\/td>\n<td>Spanien<\/td>\n<td>Madrid<\/td>\n<\/tr>\n<\/tbody>\n<\/table>\n<p>&nbsp;<\/p>\n<pre><img loading=\"lazy\" decoding=\"async\" class=\"size-full wp-image-1468 alignleft\" src=\"https:\/\/www.boc.de\/watchguard-info-portal\/wp-content\/uploads\/2016\/06\/emblem-imp.gif\" alt=\"emblem-imp\" width=\"48\" height=\"48\" \/><strong>Nach Aktivierung dauert es noch bis zu 30 Tage, bis der Service tats\u00e4chlich greift.<\/strong> Das Ersatzger\u00e4t wird in dem zust\u00e4ndigen Logistikzentrum hinterlegt. Der zust\u00e4ndige Dienstleister \"Choice Logistics\" hat sich auf die schnelle Bereitstellung von Ersatzteilen f\u00fcr unternehmenskritische Systeme spezialisiert. \u00c4ndert sich der Ger\u00e4testandort, muss der Kunde dies WatchGuard mitteilen. Der neue Standort muss auch in einem Radius von 240km um eines der aufgef\u00fchrten Logistikzentren liegen.<\/pre>\n<p><span style=\"color: red;\">WatchGuard 4-Stunden Premium Austauschservice: [einzeln lizensierbar]<\/span><\/p>\n","protected":false},"excerpt":{"rendered":"<p>4-Stunden Premium RMA Austauschservice Schon im regul\u00e4ren Standard Support (LiveSecurity) bietet WatchGuard bereits einen kostenfreien Vorab-Austausch von defekter Hardware. Bis jedoch das Ersatzger\u00e4t per Paketdienst tats\u00e4chlich am Einsatzort angeliefert wird, vergehen meist 24 Stunden, eher sogar 48 Stunden. Wenn ein Wochenende dazwischen liegt, kann es auch noch l\u00e4nger dauern. In vielen F\u00e4llen ist diese Ausfallzeit heutzutage nicht mehr akzeptabel. WatchGuard bietet optional den 4-Stunden Premium &hellip; <a href=\"https:\/\/wordpress.boc.de\/watchguard-info-portal\/produktinfos\/4-stunden-premium-rma-austauschservice\/\" class=\"more-link\">Weiterlesen <span class=\"screen-reader-text\">4-Stunden Premium RMA Austauschservice<\/span> <span class=\"meta-nav\">&raquo;<\/span><\/a><\/p>\n","protected":false},"author":2,"featured_media":0,"parent":24,"menu_order":0,"comment_status":"closed","ping_status":"closed","template":"","meta":{"footnotes":""},"class_list":["post-305","page","type-page","status-publish","hentry"],"_links":{"self":[{"href":"https:\/\/wordpress.boc.de\/watchguard-info-portal\/wp-json\/wp\/v2\/pages\/305"}],"collection":[{"href":"https:\/\/wordpress.boc.de\/watchguard-info-portal\/wp-json\/wp\/v2\/pages"}],"about":[{"href":"https:\/\/wordpress.boc.de\/watchguard-info-portal\/wp-json\/wp\/v2\/types\/page"}],"author":[{"embeddable":true,"href":"https:\/\/wordpress.boc.de\/watchguard-info-portal\/wp-json\/wp\/v2\/users\/2"}],"replies":[{"embeddable":true,"href":"https:\/\/wordpress.boc.de\/watchguard-info-portal\/wp-json\/wp\/v2\/comments?post=305"}],"version-history":[{"count":33,"href":"https:\/\/wordpress.boc.de\/watchguard-info-portal\/wp-json\/wp\/v2\/pages\/305\/revisions"}],"predecessor-version":[{"id":28464,"href":"https:\/\/wordpress.boc.de\/watchguard-info-portal\/wp-json\/wp\/v2\/pages\/305\/revisions\/28464"}],"up":[{"embeddable":true,"href":"https:\/\/wordpress.boc.de\/watchguard-info-portal\/wp-json\/wp\/v2\/pages\/24"}],"wp:attachment":[{"href":"https:\/\/wordpress.boc.de\/watchguard-info-portal\/wp-json\/wp\/v2\/media?parent=305"}],"curies":[{"name":"wp","href":"https:\/\/api.w.org\/{rel}","templated":true}]}}