{"id":30462,"date":"2026-03-04T16:59:52","date_gmt":"2026-03-04T15:59:52","guid":{"rendered":"https:\/\/wordpress.boc.de\/watchguard-info-portal\/?page_id=30462"},"modified":"2026-03-18T13:52:34","modified_gmt":"2026-03-18T12:52:34","slug":"sommerfest-2026-anmeldeformular","status":"publish","type":"page","link":"https:\/\/wordpress.boc.de\/watchguard-info-portal\/sommerfest-2026-anmeldeformular\/","title":{"rendered":"Sommerfest 2026 Anmeldeformular"},"content":{"rendered":"<div id=\"pl-30462\"  class=\"panel-layout\" ><div id=\"pg-30462-0\"  class=\"panel-grid panel-no-style\" ><div id=\"pgc-30462-0-0\"  class=\"panel-grid-cell\" ><div id=\"panel-30462-0-0-0\" class=\"so-panel widget widget_sow-editor panel-first-child panel-last-child\" data-index=\"0\" ><div\n\t\t\t\n\t\t\tclass=\"so-widget-sow-editor so-widget-sow-editor-base\"\n\t\t\t\n\t\t>\n<div class=\"siteorigin-widget-tinymce textwidget\">\n\t<h2><strong>Sommerfest 2026 Anmeldeformu<\/strong><strong>lar<\/strong><\/h2>\n<p>Wir m\u00f6chten Sie, Ihre Familie, Freunde und Arbeitskollegen ganz herzlich zu unserem diesj\u00e4hrigen Sommerfest einladen.<\/p>\n<p><b>Wann: Mittwoch, 24.06.2026 ab 14 Uhr<br \/>\nWo: Firmengel\u00e4nde der BOC IT-Security GmbH, Essener Str. 2-24, 46047 Oberhausen (<a href=\"https:\/\/goo.gl\/maps\/jXpDUT3J7o6U2KRP6\" target=\"_blank\" rel=\"noopener\">https:\/\/goo.gl\/maps\/jXpDUT3J7o6U2KRP6<\/a>)<\/b><\/p>\n<p>Es erwartet Sie ein abwechslungsreiches Programm mit kulinarischen K\u00f6stlichkeiten, erfrischenden Getr\u00e4nken &amp; weiteren \u00dcberraschungen.<\/p>\n<p>Lernen Sie unser Team sowie unseren Standort besser kennen und tauschen Sie sich in ungezwungener Atmosph\u00e4re \u00fcber aktuelle Produkte und Entwicklungen von WatchGuard und der IT-Branche aus.<\/p>\n<p>Wir freuen uns auf Ihr Kommen und bitten um Ihre Anmeldung mit dem folgenden Anmeldeformular, um uns die Planung zu vereinfachen.<\/p>\n<div class=\"red-button\"><a href=\"#sommerfest\">Jetzt anmelden <i class=\"fa fa-chevron-right\" style=\"font-size: 11px;\"><\/i><i class=\"fa fa-chevron-right\" style=\"font-size: 11px;\"><\/i><\/a><\/div>\n<\/div>\n<\/div><\/div><\/div><\/div><div id=\"pg-30462-1\"  class=\"panel-grid panel-no-style\" ><div id=\"pgc-30462-1-0\"  class=\"panel-grid-cell panel-grid-cell-empty\" ><\/div><div id=\"pgc-30462-1-1\"  class=\"panel-grid-cell panel-grid-cell-mobile-last\" ><div id=\"panel-30462-1-1-0\" class=\"so-panel widget widget_sow-editor panel-first-child panel-last-child\" data-index=\"1\" ><div\n\t\t\t\n\t\t\tclass=\"so-widget-sow-editor so-widget-sow-editor-base\"\n\t\t\t\n\t\t>\n<div class=\"siteorigin-widget-tinymce textwidget\">\n\t<div class=\"info-box\">\n<h3>Anfahrtsskizze und Lageplan<\/h3>\n<p><img loading=\"lazy\" decoding=\"async\" class=\"size-full wp-image-27959 aligncenter\" src=\"https:\/\/www.boc.de\/watchguard-info-portal\/wp-content\/uploads\/2026\/03\/sommerfest-lageplan2026.jpg\" alt=\"\" width=\"800\" height=\"733\" \/><\/p>\n<\/div>\n<\/div>\n<\/div><\/div><\/div><div id=\"pgc-30462-1-2\"  class=\"panel-grid-cell panel-grid-cell-empty\" ><\/div><\/div><div id=\"pg-30462-2\"  class=\"panel-grid panel-no-style\" ><div id=\"pgc-30462-2-0\"  class=\"panel-grid-cell panel-grid-cell-empty\" ><\/div><div id=\"pgc-30462-2-1\"  class=\"panel-grid-cell panel-grid-cell-mobile-last\" ><div id=\"panel-30462-2-1-0\" class=\"so-panel widget widget_sow-editor panel-first-child panel-last-child\" data-index=\"2\" ><div\n\t\t\t\n\t\t\tclass=\"so-widget-sow-editor so-widget-sow-editor-base\"\n\t\t\t\n\t\t>\n<div class=\"siteorigin-widget-tinymce textwidget\">\n\t<div class=\"info-box\">\n<h3>Agenda - Wirksame Entlastung Ihres IT-Teams<\/h3>\n<div class=\"list-inside\">\n<ul>\n<li><strong>Begr\u00fc\u00dfung<\/strong> (ab 14 Uhr)<br \/>\nDurch die Gesch\u00e4ftsf\u00fchrung der BOC IT Security GmbH<\/li>\n<li><strong>Weitere Programmpunkte<\/strong><br \/>\nIn Planung...<\/li>\n<li><strong>Fragerunde und Austausch <\/strong><br \/>\nIhre Fragen \u2013 unsere Antworten. Diskutieren Sie mit unseren Experten<\/li>\n<li><strong>Ausklang mit Drinks <\/strong> (ab ~17.00 Uhr)<\/li>\n<\/ul>\n<\/div>\n<\/div>\n<\/div>\n<\/div><\/div><\/div><div id=\"pgc-30462-2-2\"  class=\"panel-grid-cell panel-grid-cell-empty\" ><\/div><\/div><div id=\"pg-30462-3\"  class=\"panel-grid panel-no-style\" ><div id=\"pgc-30462-3-0\"  class=\"panel-grid-cell panel-grid-cell-empty\" ><\/div><div id=\"pgc-30462-3-1\"  class=\"panel-grid-cell panel-grid-cell-mobile-last\" ><div id=\"panel-30462-3-1-0\" class=\"so-panel widget widget_sow-editor panel-first-child panel-last-child\" data-index=\"3\" ><div\n\t\t\t\n\t\t\tclass=\"so-widget-sow-editor so-widget-sow-editor-base\"\n\t\t\t\n\t\t>\n<div class=\"siteorigin-widget-tinymce textwidget\">\n\t<div class=\"info-box\">\n<div class=\"wpcf7 no-js\" id=\"wpcf7-f27935-o1\" lang=\"de-DE\" dir=\"ltr\">\n<div class=\"screen-reader-response\"><p role=\"status\" aria-live=\"polite\" aria-atomic=\"true\"><\/p> <ul><\/ul><\/div>\n<form action=\"\/watchguard-info-portal\/wp-json\/wp\/v2\/pages\/30462#wpcf7-f27935-o1\" method=\"post\" class=\"wpcf7-form init cf7mls-no-scroll cf7mls-auto-return-first-step cf7mls-no-moving-animation\" aria-label=\"Kontaktformular\" novalidate=\"novalidate\" data-status=\"init\">\n<div style=\"display: none;\">\n<input type=\"hidden\" name=\"_wpcf7\" value=\"27935\" \/>\n<input type=\"hidden\" name=\"_wpcf7_version\" value=\"5.9.8\" \/>\n<input type=\"hidden\" name=\"_wpcf7_locale\" value=\"de_DE\" \/>\n<input type=\"hidden\" name=\"_wpcf7_unit_tag\" value=\"wpcf7-f27935-o1\" \/>\n<input type=\"hidden\" name=\"_wpcf7_container_post\" value=\"0\" \/>\n<input type=\"hidden\" name=\"_wpcf7_posted_data_hash\" value=\"\" \/>\n<\/div>\n<h3 id=\"sommerfest\">Anmeldung BOC Sommerfest 2026\n<\/h3>\n<p>Melden Sie sich bitte rechtzeitig hier zu unserem Sommerfest an, damit wir besser planen k\u00f6nnen!\n<\/p>\n<p><i>Mit * markierte Felder sind Pflichtfelder<\/i>\n<\/p>\n<p><label> Name*<br \/>\n<span class=\"wpcf7-form-control-wrap\" data-name=\"your-name\"><input size=\"40\" maxlength=\"400\" class=\"wpcf7-form-control wpcf7-text wpcf7-validates-as-required\" autocomplete=\"name\" aria-required=\"true\" aria-invalid=\"false\" value=\"\" type=\"text\" name=\"your-name\" \/><\/span> <\/label><span id=\"wpcf7-69deb384504a8-wrapper\" class=\"wpcf7-form-control-wrap email-647-wrap\" style=\"display:none !important; visibility:hidden !important;\"><label for=\"wpcf7-69deb384504a8-field\" class=\"hp-message\">Please leave this field empty.<\/label><input id=\"wpcf7-69deb384504a8-field\"  class=\"wpcf7-form-control wpcf7-text\" type=\"text\" name=\"email-647\" value=\"\" size=\"40\" tabindex=\"-1\" autocomplete=\"new-password\" \/><\/span>\n<\/p>\n<p><label> E-Mail-Adresse*<br \/>\n<span class=\"wpcf7-form-control-wrap\" data-name=\"your-email\"><input size=\"40\" maxlength=\"400\" class=\"wpcf7-form-control wpcf7-email wpcf7-validates-as-required wpcf7-text wpcf7-validates-as-email\" autocomplete=\"email\" aria-required=\"true\" aria-invalid=\"false\" value=\"\" type=\"email\" name=\"your-email\" \/><\/span> <\/label>\n<\/p>\n<p><label> Firma \/ Organisation*<br \/>\n<span class=\"wpcf7-form-control-wrap\" data-name=\"firma-365\"><input size=\"40\" maxlength=\"400\" class=\"wpcf7-form-control wpcf7-text wpcf7-validates-as-required\" aria-required=\"true\" aria-invalid=\"false\" value=\"\" type=\"text\" name=\"firma-365\" \/><\/span> <\/label>\n<\/p>\n<p><label> Telefon<br \/>\n<span class=\"wpcf7-form-control-wrap\" data-name=\"your-tel\"><input size=\"40\" maxlength=\"400\" class=\"wpcf7-form-control wpcf7-tel wpcf7-text wpcf7-validates-as-tel\" aria-invalid=\"false\" value=\"\" type=\"tel\" name=\"your-tel\" \/><\/span> <\/label>\n<\/p>\n<p><label> Anzahl der Personen*<br \/>\n<span class=\"wpcf7-form-control-wrap\" data-name=\"menu-586\"><select class=\"wpcf7-form-control wpcf7-select wpcf7-validates-as-required\" aria-required=\"true\" aria-invalid=\"false\" name=\"menu-586\"><option value=\"1\">1<\/option><option value=\"2\">2<\/option><option value=\"3\">3<\/option><option value=\"4\">4<\/option><option value=\"5\">5<\/option><\/select><\/span> <\/label>\n<\/p>\n<p><span class=\"wpcf7-form-control-wrap\" data-name=\"accept-this-1\"><span class=\"wpcf7-form-control wpcf7-acceptance\"><span class=\"wpcf7-list-item\"><label><input type=\"checkbox\" name=\"accept-this-1\" value=\"1\" aria-invalid=\"false\" \/><span class=\"wpcf7-list-item-label\">Ja, ich stimme den <a href=\"\/datenschutz\" target=\"_blank\">Datenschutzbedingungen<\/a> zu.*<\/span><\/label><\/span><\/span><\/span>\n<\/p>\n<p><span class=\"wpcf7-form-control-wrap\" data-name=\"acceptance-712\"><span class=\"wpcf7-form-control wpcf7-acceptance optional\"><span class=\"wpcf7-list-item\"><label><input type=\"checkbox\" name=\"acceptance-712\" value=\"1\" aria-invalid=\"false\" \/><span class=\"wpcf7-list-item-label\">Ja, ich m\u00f6chte per E-Mail \u00fcber Neuigkeiten, Produkte, Dienstleistungen und Veranstaltungen von BOC IT-Security informiert werden. Der Newsletter kann jederzeit abbestellt werden.<\/span><\/label><\/span><\/span><\/span>\n<\/p>\n<p><span id=\"wpcf7-69deb3845059f-wrapper\" class=\"wpcf7-form-control-wrap website-wrap\" ><label for=\"wpcf7-69deb3845059f-field\" class=\"hp-message\">Please leave this field empty.<\/label><input id=\"wpcf7-69deb3845059f-field\"  class=\"wpcf7-form-control wpcf7-text\" type=\"text\" name=\"website\" value=\"\" size=\"40\" tabindex=\"-1\" autocomplete=\"new-password\" \/><\/span>\n<\/p>\n<p><input class=\"wpcf7-form-control wpcf7-submit has-spinner\" type=\"submit\" value=\"Senden\" \/>\n<\/p><div class=\"wpcf7-response-output\" aria-hidden=\"true\"><\/div>\n<\/form>\n<\/div>\n<\/div>\n<\/div>\n<\/div><\/div><\/div><div id=\"pgc-30462-3-2\"  class=\"panel-grid-cell panel-grid-cell-empty\" ><\/div><\/div><div id=\"pg-30462-4\"  class=\"panel-grid panel-no-style\" ><div id=\"pgc-30462-4-0\"  class=\"panel-grid-cell\" ><div id=\"panel-30462-4-0-0\" class=\"widget_text so-panel widget widget_custom_html panel-first-child panel-last-child\" data-index=\"4\" ><div class=\"textwidget custom-html-widget\"><style>\n\t.red-button {\n\tdisplay: inline-block;\n    border-radius: 3px;\n    margin-top: auto;\n    background-color: #b22418;\n    border: none;\n    color: white;\n    padding: 10px 20px;\n    text-align: center;\n    font-size: 14px;\n    font-weight: 600;\n    cursor: pointer;\n    overflow: hidden;\n    position: relative;\n    align-self: flex-start;\n\t\tline-height: 35px;\n\t\tleft: 50%;\n\t\ttransform: translateX(-50%);\n}\n\n\n.red-button:hover {\n    background-color: #a11f15;\n\tcolor: white;\n\ttext-decoration:none;\n}\n\n.red-button a {\n\tfont-size: 14px;\n    font-weight: 600;\n    color: white;\n}\n.red-button a:hover {\n    color: white;\n\ttext-decoration:none;\n}\n\n.red-button:after {\n  content: \"\";\n  display: block;\n  position: absolute;\n  width: 300%;\n  height: 300%;\n  top: 50%;\n  left: 50%;\n  pointer-events: none;\n  background-image: radial-gradient(circle, #fff 10%, transparent 10.01%);\n  background-repeat: no-repeat;\n  background-position: 50%;\n  transform: translate(-50%, -50%) scale(10);\n  opacity: 0;\n  transition: transform 0.5s, opacity 1s;\n}\n \n.red-button:active:after {\n  transform: translate(-50%, -50%) scale(0);\n  opacity: 0.3;\n  transition: 0s;\n}\n\t\n\t.info-box  {\n\tbackground-color:#f2f2f2;\n\tpadding:30px 26px 20px 26px;\n\tbackground: #f9f9f9;\n    border-radius: 10px;\n\tdisplay:block;}\n\t\n\t.info-box h3 {\n\tmargin: 0 0 10px 0;\n    font-size: 26px;\n    font-weight: 700;\n    margin-bottom: 16px;\n\t\t}\n\n.info-box-internal  {\n\tpadding: 20px;\n\tbackground: #fff;\n\tborder-radius: 10px;\n\tborder: 1px #dadada solid;\n\t\t}\t\n\n .info-box .box {\n    display: flex;               \/* Aktiviert Flexbox f\u00fcr nebeneinander liegende Anordnung *\/\n    align-items: flex-start;     \/* Richtet die Elemente am oberen Rand aus *\/\n    background-color: #f9f9f9;   \/* Hintergrundfarbe des Containers *\/\n   \n}\n\n.info-box h5 {\n\tmargin: 0 0 12px 0;\n\tfont-weight: 700;\n\t font-size:18px;\n\t}\n.info-box ul {\n\tmargin-bottom:0px;\n\t}\n\t\n.list-inside ul {\n    list-style: none;    \/* Entfernt die Standard-Aufz\u00e4hlungszeichen *\/\n    padding: 0;          \/* Entfernt das Standard-Padding *\/\n    margin: 0;           \/* Entfernt den Standard-Abstand (Margin) der ul *\/\n\t\n}\n\n.list-inside ul li {\n    position: relative;\n    padding-left: 14px;  \/* Platz f\u00fcr das Symbol reservieren *\/\n}\n\n.list-inside ul li::before {\n    content: \"\\f0da\";\n    font-family: \"FontAwesome\";\n    color: #333;\n    position: absolute;\n    inset-inline-start: 0; \/* Setzt das Symbol an den Anfang des Containers (b\u00fcndig links) *\/\n    top: 0;                \/* Vertikale Ausrichtung *\/\n}\t\n\n<\/style><\/div><\/div><\/div><\/div><\/div>","protected":false},"excerpt":{"rendered":"<p>Sommerfest 2026 Anmeldeformular Wir m\u00f6chten Sie, Ihre Familie, Freunde und Arbeitskollegen ganz herzlich zu unserem diesj\u00e4hrigen Sommerfest einladen. Wann: Mittwoch, 24.06.2026 ab 14 Uhr Wo: Firmengel\u00e4nde der BOC IT-Security GmbH, Essener Str. 2-24, 46047 Oberhausen (https:\/\/goo.gl\/maps\/jXpDUT3J7o6U2KRP6) Es erwartet Sie ein abwechslungsreiches Programm mit kulinarischen K\u00f6stlichkeiten, erfrischenden Getr\u00e4nken &amp; weiteren \u00dcberraschungen. Lernen Sie unser Team sowie unseren Standort besser kennen und tauschen Sie sich in ungezwungener &hellip; <a href=\"https:\/\/wordpress.boc.de\/watchguard-info-portal\/sommerfest-2026-anmeldeformular\/\" class=\"more-link\">Weiterlesen <span class=\"screen-reader-text\">Sommerfest 2026 Anmeldeformular<\/span> <span class=\"meta-nav\">&raquo;<\/span><\/a><\/p>\n","protected":false},"author":4,"featured_media":0,"parent":0,"menu_order":0,"comment_status":"closed","ping_status":"closed","template":"","meta":{"footnotes":""},"class_list":["post-30462","page","type-page","status-publish","hentry"],"_links":{"self":[{"href":"https:\/\/wordpress.boc.de\/watchguard-info-portal\/wp-json\/wp\/v2\/pages\/30462"}],"collection":[{"href":"https:\/\/wordpress.boc.de\/watchguard-info-portal\/wp-json\/wp\/v2\/pages"}],"about":[{"href":"https:\/\/wordpress.boc.de\/watchguard-info-portal\/wp-json\/wp\/v2\/types\/page"}],"author":[{"embeddable":true,"href":"https:\/\/wordpress.boc.de\/watchguard-info-portal\/wp-json\/wp\/v2\/users\/4"}],"replies":[{"embeddable":true,"href":"https:\/\/wordpress.boc.de\/watchguard-info-portal\/wp-json\/wp\/v2\/comments?post=30462"}],"version-history":[{"count":10,"href":"https:\/\/wordpress.boc.de\/watchguard-info-portal\/wp-json\/wp\/v2\/pages\/30462\/revisions"}],"predecessor-version":[{"id":30591,"href":"https:\/\/wordpress.boc.de\/watchguard-info-portal\/wp-json\/wp\/v2\/pages\/30462\/revisions\/30591"}],"wp:attachment":[{"href":"https:\/\/wordpress.boc.de\/watchguard-info-portal\/wp-json\/wp\/v2\/media?parent=30462"}],"curies":[{"name":"wp","href":"https:\/\/api.w.org\/{rel}","templated":true}]}}