{"id":296,"date":"2016-06-15T10:56:49","date_gmt":"2016-06-15T08:56:49","guid":{"rendered":"https:\/\/www.boc.de\/watchguard-info-portal\/?page_id=296"},"modified":"2025-03-12T14:46:18","modified_gmt":"2025-03-12T13:46:18","slug":"watchguard-data-loss-prevention","status":"publish","type":"page","link":"https:\/\/wordpress.boc.de\/watchguard-info-portal\/produktinfos\/watchguard-security-services-und-suites\/watchguard-data-loss-prevention\/","title":{"rendered":"WatchGuard Data Loss Prevention"},"content":{"rendered":"<p><img loading=\"lazy\" decoding=\"async\" class=\"size-full wp-image-276 alignleft\" src=\"https:\/\/www.boc.de\/watchguard-info-portal\/wp-content\/uploads\/2016\/05\/dlp-spamblocker.png\" alt=\"WatchGuard Data Loss Prevention\" width=\"250\" height=\"200\" \/><\/p>\n<h3><strong>WatchGuard Data Loss Prevention<\/strong><\/h3>\n<h3>Funktionsweise<\/h3>\n<p>Die\u00a0WatchGuard Data Loss Protection\u00a0kann in\u00a0Application Proxy Actions f\u00fcr SMTP, FTP, HTTP und HTTPS (mit Deep Inspection) aktiviert werden. Die \u00fcbertragenen Daten werden auf der WatchGuard Firebox \/ XTM gegen eine Pattern-Datenbank von Sophos und frei definierbare Patterns gepr\u00fcft. Bei \u00dcberschreiten von entsprechenden Schwellwerten wird ein Alarm ausgel\u00f6st oder die \u00dcbertragung unterbrochen. So kann beispielsweise verhindert werden, dass eine Excel-Datei mit Adressen oder Kreditkarten-Daten das\u00a0Unternehmen \u00fcber die Firewall &#8220;verl\u00e4sst&#8221;.<\/p>\n<div style=\"border: 3px solid red; padding: 20px 20px 20px 20px;\"><b>End-of-Life-Datum:\u00a026.02.2025<\/b><br \/>\nAm 26. Februar 2025 hat WatchGuard den Dienst Data Loss Prevention aus den Firebox-Feature-Keys entfernt und abgeschafft, einschlie\u00dflich Lizenzerneuerungen f\u00fcr entsprechende Modelle, die den Dienst zuvor unterst\u00fctzt haben. Betrifft nur die alten Firebox Modelle T35, T55, T70, M270, M370, M470, M570, M670, M4600, M5600 sowie FireboxV und Firebox Cloud Modelle.<\/div>\n<h3>Weitere Informationen<\/h3>\n<ul>\n<li><a href=\"https:\/\/www.boc.de\/watchguard-info-portal\/wp-content\/uploads\/2016\/06\/Datenblatt-WatchGuard-DLP-englisch.pdf\" target=\"_pdf\" rel=\"noopener noreferrer\">Datenblatt WatchGuard Data Loss Prevention<\/a> (englisch)<\/li>\n<\/ul>\n<h3>Logging und Reporting<\/h3>\n<p>Das Logging und Reporting f\u00fcr WatchGuard Data Loss Prevention erfolgt \u00fcber den schon mit dem Basisprodukt kostenfrei zur Verf\u00fcgung gestellten <a href=\"https:\/\/www.boc.de\/watchguard-info-portal\/produktinfos\/watchguard-dimension\/\">WatchGuard Dimension Server<\/a> oder \u00fcber die \u00e4lteren Windows-basierten Logging- und Reporting-Dienste, die Bestandteil der WatchGuard System Manager Software sind. Die Log-Eintr\u00e4ge und Statistiken k\u00f6nnen \u00fcber diese Plattformen gesichtet und ausgewertet werden.<\/p>\n<h3>Lizensierung<\/h3>\n<p>WatchGuard Data Loss Prevention ist ein optionaler Security Service. Er ist Bestandteil der <strong>WatchGuard Total Security Suite<\/strong>. Er ist standardm\u00e4\u00dfig beim Kauf eines <strong>Total Security Software Bundles<\/strong> enthalten, kann aber auch einzeln lizensiert werden. Nicht verf\u00fcgbar f\u00fcr die Firebox Modelle NV5, T20, T20-W, T40, T40-W und T80 sowie die M-Modelle M290, M390, M590, M690, M4800 und M5800.<\/p>\n<p><span style=\"color: red;\">WatchGuard Data Loss Prevention: [Bestandteil der Total Security Suite]\u00a0\u00a0[einzeln lizensierbar]<\/span><\/p>\n<p><img loading=\"lazy\" decoding=\"async\" class=\"alignnone size-full wp-image-1473\" src=\"https:\/\/www.boc.de\/watchguard-info-portal\/wp-content\/uploads\/2016\/06\/emblem-rechts.gif\" alt=\"emblem-rechts\" width=\"48\" height=\"48\" \/>Zur \u00dcbersicht <a href=\"https:\/\/www.boc.de\/watchguard-info-portal\/produktinfos\/watchguard-security-services-und-suites\/\">WatchGuard Security Services und Suites<\/a><\/p>\n","protected":false},"excerpt":{"rendered":"<p>WatchGuard Data Loss Prevention Funktionsweise Die\u00a0WatchGuard Data Loss Protection\u00a0kann in\u00a0Application Proxy Actions f\u00fcr SMTP, FTP, HTTP und HTTPS (mit Deep Inspection) aktiviert werden. Die \u00fcbertragenen Daten werden auf der WatchGuard Firebox \/ XTM gegen eine Pattern-Datenbank von Sophos und frei definierbare Patterns gepr\u00fcft. Bei \u00dcberschreiten von entsprechenden Schwellwerten wird ein Alarm ausgel\u00f6st oder die \u00dcbertragung unterbrochen. So kann beispielsweise verhindert werden, dass eine Excel-Datei mit &hellip; <a href=\"https:\/\/wordpress.boc.de\/watchguard-info-portal\/produktinfos\/watchguard-security-services-und-suites\/watchguard-data-loss-prevention\/\" class=\"more-link\">Weiterlesen <span class=\"screen-reader-text\">WatchGuard Data Loss Prevention<\/span> <span class=\"meta-nav\">&raquo;<\/span><\/a><\/p>\n","protected":false},"author":3,"featured_media":0,"parent":73,"menu_order":0,"comment_status":"closed","ping_status":"closed","template":"","meta":{"footnotes":""},"class_list":["post-296","page","type-page","status-publish","hentry"],"_links":{"self":[{"href":"https:\/\/wordpress.boc.de\/watchguard-info-portal\/wp-json\/wp\/v2\/pages\/296"}],"collection":[{"href":"https:\/\/wordpress.boc.de\/watchguard-info-portal\/wp-json\/wp\/v2\/pages"}],"about":[{"href":"https:\/\/wordpress.boc.de\/watchguard-info-portal\/wp-json\/wp\/v2\/types\/page"}],"author":[{"embeddable":true,"href":"https:\/\/wordpress.boc.de\/watchguard-info-portal\/wp-json\/wp\/v2\/users\/3"}],"replies":[{"embeddable":true,"href":"https:\/\/wordpress.boc.de\/watchguard-info-portal\/wp-json\/wp\/v2\/comments?post=296"}],"version-history":[{"count":22,"href":"https:\/\/wordpress.boc.de\/watchguard-info-portal\/wp-json\/wp\/v2\/pages\/296\/revisions"}],"predecessor-version":[{"id":27550,"href":"https:\/\/wordpress.boc.de\/watchguard-info-portal\/wp-json\/wp\/v2\/pages\/296\/revisions\/27550"}],"up":[{"embeddable":true,"href":"https:\/\/wordpress.boc.de\/watchguard-info-portal\/wp-json\/wp\/v2\/pages\/73"}],"wp:attachment":[{"href":"https:\/\/wordpress.boc.de\/watchguard-info-portal\/wp-json\/wp\/v2\/media?parent=296"}],"curies":[{"name":"wp","href":"https:\/\/api.w.org\/{rel}","templated":true}]}}