{"id":29169,"date":"2025-10-02T11:45:50","date_gmt":"2025-10-02T09:45:50","guid":{"rendered":"https:\/\/wordpress.boc.de\/watchguard-info-portal\/?page_id=29169"},"modified":"2025-11-05T11:36:05","modified_gmt":"2025-11-05T10:36:05","slug":"m-series-generation-4","status":"publish","type":"page","link":"https:\/\/wordpress.boc.de\/watchguard-info-portal\/m-series-generation-4\/","title":{"rendered":"Firebox M-Series (Gen4)"},"content":{"rendered":"<div id=\"pl-29169\"  class=\"panel-layout\" ><div id=\"pg-29169-0\"  class=\"panel-grid panel-no-style\" ><div id=\"pgc-29169-0-0\"  class=\"panel-grid-cell\" ><div id=\"panel-29169-0-0-0\" class=\"so-panel widget widget_sow-editor panel-first-child\" data-index=\"0\" ><div\n\t\t\t\n\t\t\tclass=\"so-widget-sow-editor so-widget-sow-editor-base\"\n\t\t\t\n\t\t>\n<div class=\"siteorigin-widget-tinymce textwidget\">\n\t<h2 style=\"color: #b32317;\">NEUE WATCHGUARD <strong>FIREBOX M-SERIE<\/strong> (4th Generation)<\/h2>\n<p>Seit dem 6. Oktober 2025 sind die neuen leistungsstarken <strong>WatchGuard Firebox M295, M395, M495, M595 und M695<\/strong>\u00a0Modelle verf\u00fcgbar. Diese neueste Generation der Midrange-Produktlinie l\u00f6st die bisherigen Modelle M290, M390, M590 und M690 ab. Die Firebox M-Modelle eignen sich f\u00fcr Standorte von 100 bis 1250 Usern. Kleine und mittlere Unternehmen und Organisationen profitieren von der hohen Leistung \u2013 besonders bei schnellen Internet-Anschl\u00fcssen mit Gigabit-Geschwindigkeit.<\/p>\n<div style=\"display: flex; flex-wrap: wrap; gap: 5px;\">\n<div class=\"productViewer\">\n<h4>WatchGuard Firebox M295<\/h4>\n<p><a href=\"https:\/\/www.boc.de\/watchguard-firebox-m295.html\" target=\"_blank\" rel=\"noopener\"><img loading=\"lazy\" decoding=\"async\" class=\"alignnone wp-image-13473 size-full\" src=\"https:\/\/www.boc.de\/watchguard-info-portal\/wp-content\/uploads\/2025\/10\/Firebox-M295.png\" alt=\"WatchGuard Firebox M295\" width=\"360\" height=\"80\" \/><\/a><\/p>\n<ul>\n<li>F\u00fcr Standorte <b>bis 100 lokale User<\/b><\/li>\n<li>7,9 Gbit\/s Firewall-Durchsatz<\/li>\n<li>1,85 Gbit\/s UTM-Durchsatz<\/li>\n<li>5,8 Gbit\/s VPN-Durchsatz<\/li>\n<li>100 Mobile User<\/li>\n<li>75 EDR Core Lizenzen<\/li>\n<li>Interfaces:<br \/>\n4x 2,5 Gbit\/s, 4x 1 Gbit\/s,<br \/>\n2x SFP+<\/li>\n<\/ul>\n<p>&nbsp;<\/p>\n<div><span style=\"color: #b32317;\">ab 2.539 \u20ac (*) <\/span><\/div>\n<p><button style=\"font-size: 19px; padding: 10px; width: 100%; margin-top: 20px;\"><a style=\"color: white;\" href=\"\/watchguard-firebox-m295.html\" target=\"_blank\" rel=\"noopener noreferrer\"> &gt;&gt; MEHR ERFAHREN<\/a><\/button><\/p>\n<\/div>\n<div class=\"productViewer\">\n<h4>WatchGuard Firebox M395<\/h4>\n<p><a href=\"https:\/\/www.boc.de\/watchguard-firebox-m395.html\" target=\"_blank\" rel=\"noopener\"><img loading=\"lazy\" decoding=\"async\" class=\"alignnone wp-image-13473 size-full\" src=\"https:\/\/www.boc.de\/watchguard-info-portal\/wp-content\/uploads\/2025\/10\/Firebox-M395.png\" alt=\"WatchGuard Firebox M395\" width=\"360\" height=\"80\" \/><\/a><\/p>\n<ul>\n<li>F\u00fcr Standorte <b>bis 250 lokale User<\/b><\/li>\n<li>20 Gbit\/s Firewall-Durchsatz<\/li>\n<li>3 Gbit\/s UTM-Durchsatz<\/li>\n<li>8,1 Gbit\/s VPN-Durchsatz<\/li>\n<li>250 Mobile User<\/li>\n<li>150 EDR Core Lizenzen<\/li>\n<li>Interfaces:<br \/>\n12x 2,5 Gbit\/s, 2x 1 Gbit\/s SFP, 2x 10 Gbit\/s SFP+<\/li>\n<\/ul>\n<p>&nbsp;<\/p>\n<div><span style=\"color: #b32317;\">ab 4.323 \u20ac (*) <\/span><\/div>\n<p><button style=\"font-size: 19px; padding: 10px; width: 100%; margin-top: 20px;\"><a style=\"color: white;\" href=\"\/watchguard-firebox-m395.html\" target=\"_blank\" rel=\"noopener noreferrer\"> &gt;&gt; MEHR ERFAHREN<\/a><\/button><\/p>\n<\/div>\n<div class=\"productViewer\">\n<h4>WatchGuard Firebox M495<\/h4>\n<p><a href=\"https:\/\/www.boc.de\/watchguard-firebox-m495.html\" target=\"_blank\" rel=\"noopener\"><img loading=\"lazy\" decoding=\"async\" class=\"alignnone wp-image-13474 size-full\" src=\"https:\/\/www.boc.de\/watchguard-info-portal\/wp-content\/uploads\/2025\/10\/Firebox-M495.png\" alt=\"WatchGuard Firebox M495\" width=\"360\" height=\"80\" \/><\/a><\/p>\n<ul>\n<li>F\u00fcr Standorte <b>bis 500 lokale User<\/b><\/li>\n<li>37 Gbit\/s Firewall-Durchsatz<\/li>\n<li>6,3 Gbit\/s UTM-Durchsatz<\/li>\n<li>10 Gbit\/s VPN-Durchsatz<\/li>\n<li>800 Mobile User<\/li>\n<li>150 EDR Core Lizenzen<\/li>\n<li>Interfaces: 12x 2,5 Gbit\/s, 2x 10 Gbit\/s, 2x 1 Gbit\/s SFP, 2x 10 Gbit\/s SFP+<\/li>\n<\/ul>\n<p>&nbsp;<\/p>\n<div><span style=\"color: #b32317;\">ab 7.581 \u20ac (*)<\/span><\/div>\n<p><button style=\"font-size: 19px; padding: 10px; width: 100%; margin-top: 20px;\"><a style=\"color: white;\" href=\"\/watchguard-firebox-m495.html\" target=\"_blank\" rel=\"noopener noreferrer\"> &gt;&gt; MEHR ERFAHREN<\/a><\/button><\/p>\n<\/div>\n<div class=\"productViewer\">\n<h4>WatchGuard Firebox M595<\/h4>\n<p><a href=\"https:\/\/www.boc.de\/watchguard-firebox-m595.html\" target=\"_blank\" rel=\"noopener\"><img loading=\"lazy\" decoding=\"async\" class=\"alignnone wp-image-13475 size-full\" src=\"https:\/\/www.boc.de\/watchguard-info-portal\/wp-content\/uploads\/2025\/10\/Firebox-M595.png\" alt=\"WatchGuard Firebox M595\" width=\"360\" height=\"80\" \/><\/a><\/p>\n<ul>\n<li>F\u00fcr Standorte <b>bis 850 lokale User<\/b><\/li>\n<li>43 Gbit\/s Firewall-Durchsatz<\/li>\n<li>7,2 Gbit\/s UTM-Durchsatz<\/li>\n<li>11,5 Gbit\/s VPN-Durchsatz<\/li>\n<li>1200 Mobile User<\/li>\n<li>250 EDR Core Lizenzen<\/li>\n<li>Interfaces: 12x 2,5 Gbit\/s, 2x 10 Gbit\/s, 2x 1 Gbit\/s SFP, 4x 10 Gbit\/s SFP+<\/li>\n<\/ul>\n<p>&nbsp;<\/p>\n<div><span style=\"color: #b32317;\">ab 10.538 \u20ac (*)<\/span><\/div>\n<p><button style=\"font-size: 19px; padding: 10px; width: 100%; margin-top: 20px;\"><a style=\"color: white;\" href=\"\/watchguard-firebox-m595.html\" target=\"_blank\" rel=\"noopener noreferrer\"> &gt;&gt; MEHR ERFAHREN<\/a><\/button><\/p>\n<\/div>\n<div class=\"productViewer\">\n<h4>WatchGuard Firebox M695<\/h4>\n<p><a href=\"https:\/\/www.boc.de\/watchguard-firebox-m695.html\" target=\"_blank\" rel=\"noopener\"><img loading=\"lazy\" decoding=\"async\" class=\"alignnone wp-image-13475 size-full\" src=\"https:\/\/www.boc.de\/watchguard-info-portal\/wp-content\/uploads\/2025\/10\/Firebox-M695.png\" alt=\"WatchGuard M695\" width=\"360\" height=\"80\" \/><\/a><\/p>\n<ul>\n<li>F\u00fcr Standorte <b>bis 1250 lokale User<\/b><\/li>\n<li>45 Gbit\/s Firewall-Durchsatz<\/li>\n<li>10,2 Gbit\/s UTM-Durchsatz<\/li>\n<li>13 Gbit\/s VPN-Durchsatz<\/li>\n<li>2000 Mobile User<\/li>\n<li>250 EDR Core Lizenzen<\/li>\n<li>Interfaces: 12x 2,5 Gbit\/s, 2x 10 Gbit\/s, 4x 1 Gbit\/s SFP, 4x 10 Gbit\/s SFP+<\/li>\n<\/ul>\n<p>&nbsp;<\/p>\n<div><span style=\"color: #b32317;\">ab 13.732 \u20ac (*)<\/span><\/div>\n<p><button style=\"font-size: 19px; padding: 10px; width: 100%; margin-top: 20px;\"><a style=\"color: white;\" href=\"\/watchguard-firebox-m695.html\" target=\"_blank\" rel=\"noopener noreferrer\"> &gt;&gt; MEHR ERFAHREN<\/a><\/button><\/p>\n<\/div>\n<\/div>\n<p><i>* Preis f\u00fcr die einfachste Variante mit 1 Jahr Standard Support, Nettopreise, zzgl. MwSt. Irrtum und \u00c4nderung vorbehalten.<br \/>\nWenn wir Sonderkonditionen mit Ihnen vereinbart haben, melden Sie sich bitte oben rechts mit Ihren Zugangsdaten an,<br \/>\num im Preisteil (hinter &gt;&gt; MEHR ERFAHREN) Ihre tats\u00e4chlichen EK-Preise zu sehen (Gro\u00dfkunden, Unternehmen der IT-Branche,<br \/>\nSchulen, Beh\u00f6rden, gemeinn\u00fctzige Organisationen).<\/i><\/p>\n<h4>WatchGuard Security Services<\/h4>\n<p>Jede WatchGuard Rackmount Firebox kommt ab Werk immer mit einer Lizenz f\u00fcr 1 Jahr oder 3 Jahre - in den Stufen \u201cStandard Support\u201d, \u201cBasic Security Suite\u201d oder \u201cTotal Security Suite\u201d. Fireboxen mit Standard Support stellen nur die Basis-Funktionalit\u00e4t als Firewall und VPN Endpunkt zur Verf\u00fcgung. Den eigentlichen Nutzen als Network Security Appliance entfaltet eine WatchGuard Firebox erst, wenn die Lizenzierungsstufen Basic Security Suite oder Total Security Suite gew\u00e4hlt werden.<\/p>\n<p>Mehr Informationen unter <a href=\"http:\/\/www.boc.de\/security-services\" target=\"_blank\" rel=\"noopener noreferrer\">&gt;&gt; WatchGuard Security Services &amp; Suites<\/a>.<\/p>\n<\/div>\n<\/div><\/div><div id=\"panel-29169-0-0-1\" class=\"so-panel widget widget_sow-editor\" data-index=\"1\" ><div\n\t\t\t\n\t\t\tclass=\"so-widget-sow-editor so-widget-sow-editor-base\"\n\t\t\t\n\t\t>\n<div class=\"siteorigin-widget-tinymce textwidget\">\n\t<hr \/>\n<h2>WatchGuard Trade-Up Promotion<\/h2>\n<p>WatchGuard bezuschusst den Umstieg auf die neuen Firebox-Modelle, indem ausgew\u00e4hlte Varianten als \u201cTrade-Up Artikel\u201d angeboten werden. Damit ist ein <strong>direkter Preisnachlass von ca. 10% bis 15% auf das Neuger\u00e4t<\/strong> verbunden, der in den Trade-Up-Artikelpreisen bereits ber\u00fccksichtigt ist! Voraussetzung daf\u00fcr ist, dass in Ihrem WatchGuard-Account bereits ein\u00a0<strong>\u00e4lteres WatchGuard-Produkt<\/strong>\u00a0vorhanden ist, das nun\u00a0au\u00dfer Dienst gestellt wird oder bereits au\u00dfer Dienst ist.<\/p>\n<\/div>\n<\/div><\/div><div id=\"panel-29169-0-0-2\" class=\"so-panel widget widget_sow-editor\" data-index=\"2\" ><div\n\t\t\t\n\t\t\tclass=\"so-widget-sow-editor so-widget-sow-editor-base\"\n\t\t\t\n\t\t>\n<div class=\"siteorigin-widget-tinymce textwidget\">\n\t<p>Diese Trade-Up Pfade sind vorgesehen:<\/p>\n<table id=\"tradeuptable\" style=\"width: 100%;\">\n<tbody>\n<tr>\n<th><\/th>\n<th style=\"border-left: 1px solid grey;\" colspan=\"4\"><strong>Trade-Up auf eine...<\/strong><\/th>\n<\/tr>\n<tr>\n<th><strong>Trade-Up von einer...<\/strong><\/th>\n<th style=\"border-left: 1px solid grey;\"><center><a href=\"https:\/\/www.boc.de\/watchguard-firebox-m295.html\" target=\"_blank\" rel=\"noopener\">M295<\/a><\/center><\/th>\n<th><center><a href=\"https:\/\/www.boc.de\/watchguard-firebox-m395.html\" target=\"_blank\" rel=\"noopener\">M395<\/a><\/center><\/th>\n<th><center><a href=\"https:\/\/www.boc.de\/watchguard-firebox-m495.html\" target=\"_blank\" rel=\"noopener\">M495<\/a><\/center><\/th>\n<th><center><a href=\"https:\/\/www.boc.de\/watchguard-firebox-m595.html\" target=\"_blank\" rel=\"noopener\">M595<\/a><\/center><\/th>\n<th><center><a href=\"https:\/\/www.boc.de\/watchguard-firebox-m695.html\" target=\"_blank\" rel=\"noopener\">M695<\/a><\/center><\/th>\n<\/tr>\n<tr>\n<td>Firebox M200, M270<\/td>\n<td><img decoding=\"async\" src=\"https:\/\/www.boc.de\/watchguard-info-portal\/wp-content\/uploads\/2016\/07\/red-check.png\" \/><\/td>\n<td><img decoding=\"async\" src=\"https:\/\/www.boc.de\/watchguard-info-portal\/wp-content\/uploads\/2016\/07\/red-check.png\" \/><\/td>\n<td><\/td>\n<td><\/td>\n<td><\/td>\n<\/tr>\n<tr>\n<td>Firebox M300, M370<\/td>\n<td><img decoding=\"async\" src=\"https:\/\/www.boc.de\/watchguard-info-portal\/wp-content\/uploads\/2016\/07\/red-check.png\" \/><\/td>\n<td><img decoding=\"async\" src=\"https:\/\/www.boc.de\/watchguard-info-portal\/wp-content\/uploads\/2016\/07\/red-check.png\" \/><\/td>\n<td><img decoding=\"async\" src=\"https:\/\/www.boc.de\/watchguard-info-portal\/wp-content\/uploads\/2016\/07\/red-check.png\" \/><\/td>\n<td><\/td>\n<td><\/td>\n<\/tr>\n<tr>\n<td>Firebox M400, M470<\/td>\n<td><\/td>\n<td><img decoding=\"async\" src=\"https:\/\/www.boc.de\/watchguard-info-portal\/wp-content\/uploads\/2016\/07\/red-check.png\" \/><\/td>\n<td><img decoding=\"async\" src=\"https:\/\/www.boc.de\/watchguard-info-portal\/wp-content\/uploads\/2016\/07\/red-check.png\" \/><\/td>\n<td><img decoding=\"async\" src=\"https:\/\/www.boc.de\/watchguard-info-portal\/wp-content\/uploads\/2016\/07\/red-check.png\" \/><\/td>\n<td><\/td>\n<\/tr>\n<tr>\n<td>Firebox M440<\/td>\n<td><\/td>\n<td><\/td>\n<td><img decoding=\"async\" src=\"https:\/\/www.boc.de\/watchguard-info-portal\/wp-content\/uploads\/2016\/07\/red-check.png\" \/><\/td>\n<td><img decoding=\"async\" src=\"https:\/\/www.boc.de\/watchguard-info-portal\/wp-content\/uploads\/2016\/07\/red-check.png\" \/><\/td>\n<td><img decoding=\"async\" src=\"https:\/\/www.boc.de\/watchguard-info-portal\/wp-content\/uploads\/2016\/07\/red-check.png\" \/><\/td>\n<\/tr>\n<tr>\n<td>Firebox M500, M570<\/td>\n<td><\/td>\n<td><\/td>\n<td><img decoding=\"async\" src=\"https:\/\/www.boc.de\/watchguard-info-portal\/wp-content\/uploads\/2016\/07\/red-check.png\" \/><\/td>\n<td><img decoding=\"async\" src=\"https:\/\/www.boc.de\/watchguard-info-portal\/wp-content\/uploads\/2016\/07\/red-check.png\" \/><\/td>\n<td><img decoding=\"async\" src=\"https:\/\/www.boc.de\/watchguard-info-portal\/wp-content\/uploads\/2016\/07\/red-check.png\" \/><\/td>\n<\/tr>\n<tr>\n<td>Firebox M670<\/td>\n<td><\/td>\n<td><\/td>\n<td><\/td>\n<td><img decoding=\"async\" src=\"https:\/\/www.boc.de\/watchguard-info-portal\/wp-content\/uploads\/2016\/07\/red-check.png\" \/><\/td>\n<td><img decoding=\"async\" src=\"https:\/\/www.boc.de\/watchguard-info-portal\/wp-content\/uploads\/2016\/07\/red-check.png\" \/><\/td>\n<\/tr>\n<tr>\n<td>Firebox M290<\/td>\n<td><img decoding=\"async\" src=\"https:\/\/www.boc.de\/watchguard-info-portal\/wp-content\/uploads\/2016\/07\/red-check.png\" \/><\/td>\n<td><img decoding=\"async\" src=\"https:\/\/www.boc.de\/watchguard-info-portal\/wp-content\/uploads\/2016\/07\/red-check.png\" \/><\/td>\n<td><\/td>\n<td><\/td>\n<td><\/td>\n<\/tr>\n<tr>\n<td>Firebox M390<\/td>\n<td><\/td>\n<td><img decoding=\"async\" src=\"https:\/\/www.boc.de\/watchguard-info-portal\/wp-content\/uploads\/2016\/07\/red-check.png\" \/><\/td>\n<td><img decoding=\"async\" src=\"https:\/\/www.boc.de\/watchguard-info-portal\/wp-content\/uploads\/2016\/07\/red-check.png\" \/><\/td>\n<td><img decoding=\"async\" src=\"https:\/\/www.boc.de\/watchguard-info-portal\/wp-content\/uploads\/2016\/07\/red-check.png\" \/><\/td>\n<td><\/td>\n<\/tr>\n<tr>\n<td>Firebox M590<\/td>\n<td><\/td>\n<td><\/td>\n<td><img decoding=\"async\" src=\"https:\/\/www.boc.de\/watchguard-info-portal\/wp-content\/uploads\/2016\/07\/red-check.png\" \/><\/td>\n<td><img decoding=\"async\" src=\"https:\/\/www.boc.de\/watchguard-info-portal\/wp-content\/uploads\/2016\/07\/red-check.png\" \/><\/td>\n<td><img decoding=\"async\" src=\"https:\/\/www.boc.de\/watchguard-info-portal\/wp-content\/uploads\/2016\/07\/red-check.png\" \/><\/td>\n<\/tr>\n<tr>\n<td>Firebox M690<\/td>\n<td><\/td>\n<td><\/td>\n<td><\/td>\n<td><img decoding=\"async\" src=\"https:\/\/www.boc.de\/watchguard-info-portal\/wp-content\/uploads\/2016\/07\/red-check.png\" \/><\/td>\n<td><img decoding=\"async\" src=\"https:\/\/www.boc.de\/watchguard-info-portal\/wp-content\/uploads\/2016\/07\/red-check.png\" \/><\/td>\n<\/tr>\n<tr>\n<td>XTM 330, 505, 510, 515, 520, 525, 530, 535<\/td>\n<td><img decoding=\"async\" src=\"https:\/\/www.boc.de\/watchguard-info-portal\/wp-content\/uploads\/2016\/07\/red-check.png\" \/><\/td>\n<td><img decoding=\"async\" src=\"https:\/\/www.boc.de\/watchguard-info-portal\/wp-content\/uploads\/2016\/07\/red-check.png\" \/><\/td>\n<td><img decoding=\"async\" src=\"https:\/\/www.boc.de\/watchguard-info-portal\/wp-content\/uploads\/2016\/07\/red-check.png\" \/><\/td>\n<td><img decoding=\"async\" src=\"https:\/\/www.boc.de\/watchguard-info-portal\/wp-content\/uploads\/2016\/07\/red-check.png\" \/><\/td>\n<td><img decoding=\"async\" src=\"https:\/\/www.boc.de\/watchguard-info-portal\/wp-content\/uploads\/2016\/07\/red-check.png\" \/><\/td>\n<\/tr>\n<tr>\n<td>XTM 545<\/td>\n<td><\/td>\n<td><img decoding=\"async\" src=\"https:\/\/www.boc.de\/watchguard-info-portal\/wp-content\/uploads\/2016\/07\/red-check.png\" \/><\/td>\n<td><img decoding=\"async\" src=\"https:\/\/www.boc.de\/watchguard-info-portal\/wp-content\/uploads\/2016\/07\/red-check.png\" \/><\/td>\n<td><img decoding=\"async\" src=\"https:\/\/www.boc.de\/watchguard-info-portal\/wp-content\/uploads\/2016\/07\/red-check.png\" \/><\/td>\n<td><img decoding=\"async\" src=\"https:\/\/www.boc.de\/watchguard-info-portal\/wp-content\/uploads\/2016\/07\/red-check.png\" \/><\/td>\n<\/tr>\n<tr>\n<td>XTM 810, 820, 830 \/ F, 850, 860, 870 \/ F, 1050<\/td>\n<td><\/td>\n<td><\/td>\n<td><\/td>\n<td><img decoding=\"async\" src=\"https:\/\/www.boc.de\/watchguard-info-portal\/wp-content\/uploads\/2016\/07\/red-check.png\" \/><\/td>\n<td><img decoding=\"async\" src=\"https:\/\/www.boc.de\/watchguard-info-portal\/wp-content\/uploads\/2016\/07\/red-check.png\" \/><\/td>\n<\/tr>\n<\/tbody>\n<\/table>\n<p>Die vollst\u00e4ndige Beschreibung und Tabelle der WatchGuard Trade-Up Promotion finden Sie bei uns unter <a href=\"https:\/\/www.boc.de\/watchguard-info-portal\/promotions\/watchguard-trade-up-promotion\/\" target=\"_blank\" rel=\"noopener noreferrer\">WatchGuard Trade-Up Promotion<\/a> oder als PDF-Download: <a href=\"https:\/\/www.boc.de\/watchguard-info-portal\/wp-content\/uploads\/2017\/02\/watchguard-trade-up-program-overview.pdf\" target=\"_blank\" rel=\"noopener noreferrer\">WatchGuard Trade-Up Promotion (.pdf)<\/a>.<\/p>\n<\/div>\n<\/div><\/div><div id=\"panel-29169-0-0-3\" class=\"so-panel widget widget_sow-editor panel-last-child\" data-index=\"3\" ><div\n\t\t\t\n\t\t\tclass=\"so-widget-sow-editor so-widget-sow-editor-base\"\n\t\t\t\n\t\t>\n<div class=\"siteorigin-widget-tinymce textwidget\">\n\t<hr \/>\n<h2>Gewinnspiel<\/h2>\n<p><img loading=\"lazy\" decoding=\"async\" class=\"size-full wp-image-29185 alignright\" src=\"https:\/\/www.boc.de\/watchguard-info-portal\/wp-content\/uploads\/2025\/10\/geinnspiel-m-modelle.png\" alt=\"\" width=\"763\" height=\"351\" srcset=\"https:\/\/wordpress.boc.de\/watchguard-info-portal\/wp-content\/uploads\/2025\/10\/geinnspiel-m-modelle.png 763w, https:\/\/wordpress.boc.de\/watchguard-info-portal\/wp-content\/uploads\/2025\/10\/geinnspiel-m-modelle-300x138.png 300w\" sizes=\"(max-width: 763px) 100vw, 763px\" \/><\/p>\n<h5>GEWINNEN SIE EINE WATCHGUARD-SCHULUNG IM WERT VON 2.700 \u20ac<\/h5>\n<p>Zur Einf\u00fchrung der neuen M-Modelle haben wir ein Infoschreiben mit Gewinnspiel und den Mini-WatchGuard Firebox M695 Faltkarton (Ma\u00dfstab ca. 1:2) versendet. So einfach k\u00f6nnen Sie am Gewinnspiel teilnehmen: Karton aufbauen, Foto machen, auf Social Media posten, uns folgen und BOC markieren\/verlinken:<\/p>\n<div class=\"social666-icons\" style=\"margin-bottom: 10px;\">\n<ul>\n<li><a href=\"https:\/\/www.linkedin.com\/company\/boc-it-security\/\" target=\"_blank\" rel=\"noopener noreferrer\"><i class=\"fa fa-linkedin\" aria-hidden=\"true\"><\/i><\/a><\/li>\n<li><a href=\"https:\/\/www.facebook.com\/bocitsecurity\" target=\"_blank\" rel=\"noopener noreferrer\"><i class=\"fa fa-facebook\" aria-hidden=\"true\"><\/i><\/a><\/li>\n<li><a href=\"https:\/\/www.instagram.com\/bocitsecurity\" target=\"_blank\" rel=\"noopener noreferrer\"><i class=\"fa fa-instagram\" aria-hidden=\"true\"><\/i><\/a><\/li>\n<li><a href=\"https:\/\/twitter.com\/boc_it\" target=\"_blank\" rel=\"noopener noreferrer\"><img decoding=\"async\" src=\"\/watchguard-info-portal\/wp-content\/uploads\/2024\/08\/x-twitter-brands-solid.png\" alt=\"X \/ Twitter\" \/><\/a><\/li>\n<\/ul>\n<\/div>\n<p>Sichern Sie sich Ihre Chance auf einen kostenlosen Platz in unserer 4-t\u00e4gigen Network Essentials-Schulung. Teilnahmeschluss ist am 30. November 2025. Wir w\u00fcnschen allen Teilnehmern viel Erfolg!<\/p>\n<p>Mehr Informationen zum Inhalt der Schulung sowie Termine finden Sie hier unter <a href=\"https:\/\/www.boc.de\/watchguard-info-portal\/watchguard-schulungen-startseite\/\" target=\"_blank\" rel=\"noopener noreferrer\">&gt;&gt; Schulungen<\/a>.<\/p>\n<p><span style=\"font-size: small;\"><em>Disclaimer:<br \/>\nTeilnahme ab 18 Jahren. Mitarbeiter von WatchGuard sowie WatchGuard ONE Partnern sind von der Teilnahme ausgeschlossen. Das Gewinnspiel l\u00e4uft bis zum 30.11.2025. Der Gewinner wird bis zum 15.12.2025 per direkter Nachricht \u00fcber die jeweilige Social Media Plattform informiert, \u00fcber die teilgenommen wurde. Dieses Gewinnspiel steht in keinerlei Verbindung zu Meta oder X und wird in keiner Weise von Meta oder X gesponsert, unterst\u00fctzt oder organisiert. Eine Barauszahlung des Gewinns ist nicht m\u00f6glich. Der Rechtsweg ist ausgeschlossen.<\/em> <em>BOC IT-Security GmbH, Essener Stra\u00dfe 2-24 in 46047 Oberhausen verarbeitet die erhobenen Daten zum Zweck der Ziehung und der Benachrichtigung der Gewinner. Rechtsgrundlage f\u00fcr die Einwilligung gem\u00e4\u00df Art. 6 a), 7 EU-DSGVO.<\/em> <\/span><\/p>\n<\/div>\n<\/div><\/div><\/div><\/div><\/div>","protected":false},"excerpt":{"rendered":"<p>NEUE WATCHGUARD FIREBOX M-SERIE (4th Generation) Seit dem 6. Oktober 2025 sind die neuen leistungsstarken WatchGuard Firebox M295, M395, M495, M595 und M695\u00a0Modelle verf\u00fcgbar. Diese neueste Generation der Midrange-Produktlinie l\u00f6st die bisherigen Modelle M290, M390, M590 und M690 ab. Die Firebox M-Modelle eignen sich f\u00fcr Standorte von 100 bis 1250 Usern. Kleine und mittlere Unternehmen und Organisationen profitieren von der hohen Leistung \u2013 besonders bei &hellip; <a href=\"https:\/\/wordpress.boc.de\/watchguard-info-portal\/m-series-generation-4\/\" class=\"more-link\">Weiterlesen <span class=\"screen-reader-text\">Firebox M-Series (Gen4)<\/span> <span class=\"meta-nav\">&raquo;<\/span><\/a><\/p>\n","protected":false},"author":4,"featured_media":0,"parent":0,"menu_order":0,"comment_status":"closed","ping_status":"closed","template":"","meta":{"footnotes":""},"class_list":["post-29169","page","type-page","status-publish","hentry"],"_links":{"self":[{"href":"https:\/\/wordpress.boc.de\/watchguard-info-portal\/wp-json\/wp\/v2\/pages\/29169"}],"collection":[{"href":"https:\/\/wordpress.boc.de\/watchguard-info-portal\/wp-json\/wp\/v2\/pages"}],"about":[{"href":"https:\/\/wordpress.boc.de\/watchguard-info-portal\/wp-json\/wp\/v2\/types\/page"}],"author":[{"embeddable":true,"href":"https:\/\/wordpress.boc.de\/watchguard-info-portal\/wp-json\/wp\/v2\/users\/4"}],"replies":[{"embeddable":true,"href":"https:\/\/wordpress.boc.de\/watchguard-info-portal\/wp-json\/wp\/v2\/comments?post=29169"}],"version-history":[{"count":42,"href":"https:\/\/wordpress.boc.de\/watchguard-info-portal\/wp-json\/wp\/v2\/pages\/29169\/revisions"}],"predecessor-version":[{"id":29607,"href":"https:\/\/wordpress.boc.de\/watchguard-info-portal\/wp-json\/wp\/v2\/pages\/29169\/revisions\/29607"}],"wp:attachment":[{"href":"https:\/\/wordpress.boc.de\/watchguard-info-portal\/wp-json\/wp\/v2\/media?parent=29169"}],"curies":[{"name":"wp","href":"https:\/\/api.w.org\/{rel}","templated":true}]}}