{"id":29120,"date":"2025-09-22T14:55:52","date_gmt":"2025-09-22T12:55:52","guid":{"rendered":"https:\/\/wordpress.boc.de\/watchguard-info-portal\/?page_id=29120"},"modified":"2025-12-03T15:50:17","modified_gmt":"2025-12-03T14:50:17","slug":"return-on-invest-rechner","status":"publish","type":"page","link":"https:\/\/wordpress.boc.de\/watchguard-info-portal\/return-on-invest-rechner\/","title":{"rendered":"Return on Invest Rechner"},"content":{"rendered":"<div id=\"pl-29120\"  class=\"panel-layout\" ><div id=\"pg-29120-0\"  class=\"panel-grid panel-no-style\" ><div id=\"pgc-29120-0-0\"  class=\"panel-grid-cell\" ><div id=\"panel-29120-0-0-0\" class=\"so-panel widget widget_sow-editor panel-first-child panel-last-child\" data-index=\"0\" ><div\n\t\t\t\n\t\t\tclass=\"so-widget-sow-editor so-widget-sow-editor-base\"\n\t\t\t\n\t\t>\n<div class=\"siteorigin-widget-tinymce textwidget\">\n\t<h2>ROI-Rechner: Sparen Sie mit WatchGuard MDR<\/h2>\n<p>Mit unserem Return on Invest Rechner k\u00f6nnen Sie die Gesamtkosten f\u00fcr die Einrichtung Ihres eigenen Security Operations Centers (SOC) mit dem Mehrwert von WatchGuard Managed Detection and Response (MDR) vergleichen: 24\/7\/365-\u00dcberwachung, leistungsstarke KI, menschliche Threat Hunter und integrierte Automatisierung. Es ist nicht nur g\u00fcnstiger, sondern auch effektiver.<\/p>\n<\/div>\n<\/div><\/div><\/div><\/div><div id=\"pg-29120-1\"  class=\"panel-grid panel-no-style\" ><div id=\"pgc-29120-1-0\"  class=\"panel-grid-cell\" ><div id=\"panel-29120-1-0-0\" class=\"widget_text so-panel widget widget_custom_html panel-first-child panel-last-child\" data-index=\"1\" ><div class=\"textwidget custom-html-widget\"><div id=\"roi-calculator\" style=\"max-width: 700px; border: 1px solid #ccc; padding: 1em; margin: 0 auto;\">\n  <h2 style=\"text-align:center;font-size:1.5em;margin-bottom:20px;margin-top:15px;\">ROI-Rechner f\u00fcr WatchGuard MDR<\/h2>\n\t<span style=\"display: block; margin: 25px; font-size: 0.875rem; font-weight: normal; line-height: 1.8; color: #0a0a0a;\">\n\tBeantworten Sie die folgenden Fragen, um Ihren pers\u00f6nlichen Kostenvoranschlag zu erhalten:\n  <\/span>\n  <div>\n    <label for=\"anzahl-endpunkte\" style=\"font-size: 1.1rem;\">Anzahl Endpunkte:<\/label>\n\t\t <small style=\"display: block; margin-bottom: 10px;\">(Wie viele Endpunkte (Desktops, Laptops, Server) ben\u00f6tigen MDR-Lizenzen?)<\/small>\n    <input type=\"number\" id=\"anzahl-endpunkte\" value=\"100\" min=\"0\" style=\"width:100%;padding:8px;margin-bottom:10px;border-radius:6px;border:1px solid #ccc;\">\n  <\/div>\n  <div>\n    <label for=\"gehalt-analyst\" style=\"font-size: 1.1rem;\">Gehalt eines Security-Analysten (j\u00e4hrlich, \u20ac):<\/label>\n\t\t <small style=\"display: block; margin-bottom: 10px;\">(Wie hoch ist das durchschnittliche Gehalt eines Security-Analysten in Ihrem Unternehmen oder in Ihrer Region?)<\/small>\n    <input type=\"number\" id=\"gehalt-analyst\" value=\"60000\" min=\"0\" step=\"1000\" style=\"width:100%;padding:8px;margin-bottom:10px;border-radius:6px;border:1px solid #ccc;\">\n  <\/div>\n  <div>\n    <label for=\"belastungsfaktor\" style=\"font-size: 1.1rem;\">Lohnnebenkostenanteil (z.B. 1,25 f\u00fcr 25% Zusatzkosten):<\/label>\n\t\t <small style=\"display: block; margin-bottom: 10px;\">(Die Lohnnebenkosten umfassen zus\u00e4tzliche Sozialleistungen wie Renten- und Krankenversicherung.)<\/small>\n    <input type=\"number\" id=\"belastungsfaktor\" value=\"1.25\" min=\"1\" step=\"0.01\" style=\"width:100%;padding:8px;margin-bottom:10px;border-radius:6px;border:1px solid #ccc;\">\n  <\/div>\n  <hr>\n  <div>\n    <button id=\"btn-berechnen\" style=\"width:100%;padding:12px;background:#b22418;color:#fff;border:none;border-radius:8px;cursor:pointer;\">Berechnen<\/button>\n  <\/div>\n  <hr>\n  <div id=\"ergebnis\" style=\"display: none; text-align: center;\">\n    <h2 style=\"text-align:center;font-size:1.5em;margin-bottom:20px;margin-top:15px;\">Gesch\u00e4tzte Kosten<\/h2>\n    <p style=\"margin-bottom: 0px;\">Kosten \u201eEigenes SOC\u201c pro Jahr: <strong id=\"kosten-soc\">0<\/strong> \u20ac<\/p>\n\t\t<small style=\"display: block; margin-bottom: 10px;\">Der Aufbau eines eigenen Security Operations Centers (SOC) basiert auf der Annahme von f\u00fcnf Mitarbeitenden sowie zus\u00e4tzlichen Kosten f\u00fcr Automatisierung, Threat Intelligence und Lizenzen, die mit einem Aufpreis von etwa 30 % veranschlagt werden.<\/small>\n    <p style=\"margin-bottom: 0px;\">Kosten MDR pro Jahr: <strong id=\"kosten-mdr\">0<\/strong> \u20ac<\/p>\n\t\t<small style=\"display: block; margin-bottom: 10px;\">Der Rechner verwendet die Preise f\u00fcr die EPDR- und Core MDR-Lizenzierung aus der Preisstaffel f\u00fcr 501\u20131000 Endpoints bei einer Laufzeit von 3 Jahren (70 Euro pro Endpoint). Preise k\u00f6nnen variieren. Die SOC-Kosten basieren auf der internen Entwicklung eines Advanced SOC.<\/small>\n    <p style=\"font-size: 1.2rem;\">Ersparnis mit WatchGuard MDR pro Jahr: <strong id=\"ersparnis\">0<\/strong> \u20ac<\/p>\n  <\/div>\n<\/div>\n\n<script>\n(function(){\n  \/\/ Konstanten (kannst du anpassen)\n  const anzahlAnalysten = 5;\n  const fixeKostenSOC = 60000; \/\/ z. B. Infrastruktur, Lizenzen, Tools etc.\n  const mdrPreisProEndpoint = 70; \/\/ \u20ac\/Endpoint pro Jahr\n\n  function berechne() {\n    const anzEP = parseFloat(document.getElementById('anzahl-endpunkte').value) || 0;\n    const gehalt = parseFloat(document.getElementById('gehalt-analyst').value) || 0;\n    const belast = parseFloat(document.getElementById('belastungsfaktor').value) || 1;\n\n    \/\/ Kosten Eigenes SOC\n    const gesamtGehalt = anzahlAnalysten * (gehalt * belast);\n    const kostenSOC = gesamtGehalt * 1.30 + anzEP * 70;\n\n    \/\/ Kosten MDR\n    const kostenMDR = anzEP * mdrPreisProEndpoint;\n\n    const ersparnis = kostenSOC - kostenMDR;\n\n    \/\/ Ausgabe\n    document.getElementById('kosten-soc').innerText = kostenSOC.toLocaleString('de-DE', {maximumFractionDigits:0});\n    document.getElementById('kosten-mdr').innerText = kostenMDR.toLocaleString('de-DE', {maximumFractionDigits:0});\n    document.getElementById('ersparnis').innerText = ersparnis.toLocaleString('de-DE', {maximumFractionDigits:0});\n    document.getElementById('ergebnis').style.display = 'block';\n  }\n\n  document.getElementById('btn-berechnen').addEventListener('click', berechne);\n})();\n<\/script>\n<\/div><\/div><\/div><\/div><\/div>","protected":false},"excerpt":{"rendered":"<p>ROI-Rechner: Sparen Sie mit WatchGuard MDR Mit unserem Return on Invest Rechner k\u00f6nnen Sie die Gesamtkosten f\u00fcr die Einrichtung Ihres eigenen Security Operations Centers (SOC) mit dem Mehrwert von WatchGuard Managed Detection and Response (MDR) vergleichen: 24\/7\/365-\u00dcberwachung, leistungsstarke KI, menschliche Threat Hunter und integrierte Automatisierung. Es ist nicht nur g\u00fcnstiger, sondern auch effektiver.<\/p>\n","protected":false},"author":7,"featured_media":0,"parent":0,"menu_order":0,"comment_status":"closed","ping_status":"closed","template":"","meta":{"footnotes":""},"class_list":["post-29120","page","type-page","status-publish","hentry"],"_links":{"self":[{"href":"https:\/\/wordpress.boc.de\/watchguard-info-portal\/wp-json\/wp\/v2\/pages\/29120"}],"collection":[{"href":"https:\/\/wordpress.boc.de\/watchguard-info-portal\/wp-json\/wp\/v2\/pages"}],"about":[{"href":"https:\/\/wordpress.boc.de\/watchguard-info-portal\/wp-json\/wp\/v2\/types\/page"}],"author":[{"embeddable":true,"href":"https:\/\/wordpress.boc.de\/watchguard-info-portal\/wp-json\/wp\/v2\/users\/7"}],"replies":[{"embeddable":true,"href":"https:\/\/wordpress.boc.de\/watchguard-info-portal\/wp-json\/wp\/v2\/comments?post=29120"}],"version-history":[{"count":39,"href":"https:\/\/wordpress.boc.de\/watchguard-info-portal\/wp-json\/wp\/v2\/pages\/29120\/revisions"}],"predecessor-version":[{"id":29806,"href":"https:\/\/wordpress.boc.de\/watchguard-info-portal\/wp-json\/wp\/v2\/pages\/29120\/revisions\/29806"}],"wp:attachment":[{"href":"https:\/\/wordpress.boc.de\/watchguard-info-portal\/wp-json\/wp\/v2\/media?parent=29120"}],"curies":[{"name":"wp","href":"https:\/\/api.w.org\/{rel}","templated":true}]}}