{"id":291,"date":"2016-06-15T10:53:02","date_gmt":"2016-06-15T08:53:02","guid":{"rendered":"https:\/\/www.boc.de\/watchguard-info-portal\/?page_id=291"},"modified":"2025-10-01T17:06:55","modified_gmt":"2025-10-01T15:06:55","slug":"watchguard-support-livesecurity","status":"publish","type":"page","link":"https:\/\/wordpress.boc.de\/watchguard-info-portal\/produktinfos\/watchguard-support-livesecurity\/","title":{"rendered":"WatchGuard Support Level (LiveSecurity)"},"content":{"rendered":"<p><img loading=\"lazy\" decoding=\"async\" class=\"size-full wp-image-292 alignleft\" src=\"https:\/\/www.boc.de\/watchguard-info-portal\/wp-content\/uploads\/2016\/06\/lss.png\" alt=\"WatchGuard Support Level Live Security\" width=\"250\" height=\"200\" \/><\/p>\n<h2>Vergleich der Support Level<\/h2>\n<p>Jede WatchGuard Firebox kommt ab Werk mit einem Support Paket. Die enthaltenen Leistungen bilden die Basis f\u00fcr den dauerhaften Schutz und die Verf\u00fcgbarkeit Ihres Netzwerks. Beim Kauf einer WatchGuard Firebox k\u00f6nnen Sie zwischen drei Anfangs-Laufzeiten w\u00e4hlen: 1 Jahr, 3 Jahre oder 5 Jahre. Anschlie\u00dfend kann der Support Level bedarfsgerecht verl\u00e4ngert oder angepasst werden. Solange &#8220;LiveSecurity&#8221; (Anm.: fr\u00fchere Bezeichnung f\u00fcr den heutigen Begriff &#8220;Support&#8221;) bzw. &#8220;Standard Support&#8221; oder &#8220;Gold Support&#8221; auf einer WatchGuard Firebox aktiv sind, stellt WatchGuard folgende Leistungen bereit:<\/p>\n<p><b>Hardware-Garantieverl\u00e4ngerung und Vorab-Austausch:<\/b><br \/>\nBei einem technischen Defekt schickt WatchGuard typischerweise innerhalb von 48 Stunden ein kostenfreies Ersatzger\u00e4t per Paketdienst direkt zum Kunden, nachdem der Defekt im Rahmen eines Support Incident vom Technischen Support bei WatchGuard best\u00e4tigt wurde.<\/p>\n<p><b>Software Maintenance:<\/b><br \/>\nAus dem Software Center auf den WatchGuard Webseiten kann die jeweils aktuellste Version der Firewall- und Management-Software heruntergeladen und installiert werden: <a href=\"https:\/\/software.watchguard.com\" target=\"_download\" rel=\"noopener noreferrer\">https:\/\/software.watchguard.com<\/a>.<\/p>\n<p><b>Security Alerts und Whitepapers:<\/b><br \/>\nWatchGuard bietet verschiedene Newsletter und Informationswege an, um regelm\u00e4\u00dfig \u00fcber neu aufgetretene Bedrohungen (z.B. neue Viren, neu gefundene Schwachstellen in Betriebssystemen, Browsern etc.) zu informieren. Wenn die WatchGuard Firebox AKTIV beim Schutz vor der neuen Bedrohung mitwirken kann, werden entsprechende Konfigurationstipps gleich mitgeliefert. Einmal im Monat folgt eine redaktionell aufbereitete Zusammenfassung des &#8220;Zeitgeschehens&#8221; im IT-Security-Umfeld. In unregelm\u00e4\u00dfigen Abst\u00e4nden werden Fachartikel \u00fcber brennende Themen (z.B. Security in Wireless LANs, Mobile User VPN) versendet. Hinweis: alle Aussendungen erfolgen in englischer Sprache!<\/p>\n<table id=\"techinfo\">\n<tbody>\n<tr>\n<td id=\"techinfo\"><b>Technische Informationen<\/b><\/td>\n<\/tr>\n<tr>\n<td id=\"techinfo\">Die aktuellen WatchGuard Fireboxen und Access Points werden ab Werk wahlweise mit 1 Jahr, 3 Jahren oder 5 Jahren Support ausgeliefert. Neue WatchGuard-Kunden legen sich zun\u00e4chst auf den Webseiten von WatchGuard einen &#8220;Account&#8221; an. In diesem Account wird dann das neue Ger\u00e4t mit Seriennummer registriert. Das Ablaufdatum des Supports wird f\u00fcr jedes einzelne Ger\u00e4t separat ausgewiesen. Im Account k\u00f6nnen dann zus\u00e4tzlich gekaufte Support Renewals (Verl\u00e4ngerungen), Security Services und Produkt-Upgrades registriert werden.<\/td>\n<\/tr>\n<tr>\n<td id=\"techinfo\"><b>Tipp:<\/b> Sie brauchen bei der Registrierung von Renewal-Lizenzen nicht bis zum Ablauf des bisherigen Supports\u00a0zu warten. Der neu gekaufte Zeitraum h\u00e4ngt sich automatisch hinten an das bisherige Enddatum an. Eine Firebox kann so mit maximal 5 Jahren Support\u00a0ausgestattet werden. Warten Sie mit der Registrierung von l\u00e4ngeren Renewals, bis Sie wieder im Rahmen der 5 Jahre liegen, sonst verfallen die \u00fcber 5 Jahre hinaus gehenden Zeitr\u00e4ume!<\/td>\n<\/tr>\n<tr>\n<td id=\"techinfo\"><b>Hardware-Defekt:<\/b> Die Meldung erfolgt z.B. \u00fcber einen &#8220;Support Incident&#8221; auf den WatchGuard Webseiten (Englisch!) &#8211; oder wir \u00fcbernehmen das f\u00fcr Sie: wenn die Firebox bei uns gekauft worden ist selbstverst\u00e4ndlich kostenfrei, ansonsten gegen eine geringe Abwicklungspauschale. Das defekte Ger\u00e4t muss dann innerhalb von 14 Tagen an WatchGuard zur\u00fcckgeschickt werden. Innerhalb der EU stellt WatchGuard einen kostenfreien UPS-R\u00fccksendeaufkleber zur Verf\u00fcgung.<\/td>\n<\/tr>\n<tr>\n<td id=\"techinfo\"><b>Software-Updates<\/b> k\u00f6nnen innerhalb einer Betriebssystem-Familie (z.B. Update von Fireware 12.1 auf Fireware 12.9) im Rahmen des Supports kostenfrei bezogen werden.<\/td>\n<\/tr>\n<\/tbody>\n<\/table>\n<h3>Support Levels<\/h3>\n<div class=\"table-responsive\">\n<table class=\"table table-bordered table-striped table-hover\">\n<thead>\n<tr>\n<th><\/th>\n<th>Standard (24&#215;7)<\/th>\n<th>Gold (24&#215;7)<\/th>\n<\/tr>\n<\/thead>\n<tbody>\n<tr>\n<td colspan=\"4\"><b>Technischer Support<\/b><\/td>\n<\/tr>\n<tr>\n<td>24&#215;7 Support<\/td>\n<td><img decoding=\"async\" src=\"https:\/\/www.boc.de\/watchguard-info-portal\/wp-content\/uploads\/2016\/07\/red-check.png\" \/><\/td>\n<td><img decoding=\"async\" src=\"https:\/\/www.boc.de\/watchguard-info-portal\/wp-content\/uploads\/2016\/07\/red-check.png\" \/><\/td>\n<\/tr>\n<tr>\n<td>Anzahl Support-Cases pro Jahr<\/td>\n<td>unbegrenzt<\/td>\n<td>unbegrenzt<\/td>\n<\/tr>\n<tr>\n<td>Angestrebte Antwortzeit<\/td>\n<td>Live-Anruf &#8211; Kritisch<br \/>\n4 Stunden &#8211; Hoch<br \/>\n8 Stunden &#8211; Mittel<br \/>\n24 Stunden &#8211; Niedrig<\/td>\n<td>Live-Anruf &#8211; Kritisch<br \/>\n1 Stunden &#8211; Hoch<br \/>\n4 Stunden &#8211; Mittel, Niedrig<\/td>\n<\/tr>\n<tr>\n<td>Support via Web<\/td>\n<td><img decoding=\"async\" src=\"https:\/\/www.boc.de\/watchguard-info-portal\/wp-content\/uploads\/2016\/07\/red-check.png\" \/><\/td>\n<td><img decoding=\"async\" src=\"https:\/\/www.boc.de\/watchguard-info-portal\/wp-content\/uploads\/2016\/07\/red-check.png\" \/><\/td>\n<\/tr>\n<tr>\n<td>Support via Telefon<\/td>\n<td><img decoding=\"async\" src=\"https:\/\/www.boc.de\/watchguard-info-portal\/wp-content\/uploads\/2016\/07\/red-check.png\" \/><\/td>\n<td><img decoding=\"async\" src=\"https:\/\/www.boc.de\/watchguard-info-portal\/wp-content\/uploads\/2016\/07\/red-check.png\" \/><\/td>\n<\/tr>\n<tr>\n<td colspan=\"4\"><b>Software Support<\/b><\/td>\n<\/tr>\n<tr>\n<td>Software-Updates und -Patches<\/td>\n<td><img decoding=\"async\" src=\"https:\/\/www.boc.de\/watchguard-info-portal\/wp-content\/uploads\/2016\/07\/red-check.png\" \/><\/td>\n<td><img decoding=\"async\" src=\"https:\/\/www.boc.de\/watchguard-info-portal\/wp-content\/uploads\/2016\/07\/red-check.png\" \/><\/td>\n<\/tr>\n<tr>\n<td>Feature Releases<\/td>\n<td><img decoding=\"async\" src=\"https:\/\/www.boc.de\/watchguard-info-portal\/wp-content\/uploads\/2016\/07\/red-check.png\" \/><\/td>\n<td><img decoding=\"async\" src=\"https:\/\/www.boc.de\/watchguard-info-portal\/wp-content\/uploads\/2016\/07\/red-check.png\" \/><\/td>\n<\/tr>\n<tr>\n<td>Broadcast-Updates and -Alerts<\/td>\n<td><img decoding=\"async\" src=\"https:\/\/www.boc.de\/watchguard-info-portal\/wp-content\/uploads\/2016\/07\/red-check.png\" \/><\/td>\n<td><img decoding=\"async\" src=\"https:\/\/www.boc.de\/watchguard-info-portal\/wp-content\/uploads\/2016\/07\/red-check.png\" \/><\/td>\n<\/tr>\n<tr>\n<td colspan=\"4\"><b>Hardware\u00a0Garantieleistungen<\/b><\/td>\n<\/tr>\n<tr>\n<td>Vorab-Hardware-Austausch<\/td>\n<td><img decoding=\"async\" src=\"https:\/\/www.boc.de\/watchguard-info-portal\/wp-content\/uploads\/2016\/07\/red-check.png\" \/><\/td>\n<td><img decoding=\"async\" src=\"https:\/\/www.boc.de\/watchguard-info-portal\/wp-content\/uploads\/2016\/07\/red-check.png\" \/><\/td>\n<\/tr>\n<tr>\n<td><a href=\"https:\/\/www.boc.de\/watchguard-info-portal\/produktinfos\/4-stunden-premium-rma-austauschservice\/\">4-Stunden Premium RMA Austauschservice<\/a><\/td>\n<td>Optional erh\u00e4ltlich<\/td>\n<td>Optional erh\u00e4ltlich<\/td>\n<\/tr>\n<tr>\n<td>Reserve- und Ersatzteile<\/td>\n<td>Optional erh\u00e4ltlich<\/td>\n<td>Optional erh\u00e4ltlich<\/td>\n<\/tr>\n<tr>\n<td colspan=\"4\"><b>Technical Training &amp; Certification<\/b><\/td>\n<\/tr>\n<tr>\n<td>Produktdokumentation und Handb\u00fccher<\/td>\n<td><img decoding=\"async\" src=\"https:\/\/www.boc.de\/watchguard-info-portal\/wp-content\/uploads\/2016\/07\/red-check.png\" \/><\/td>\n<td><img decoding=\"async\" src=\"https:\/\/www.boc.de\/watchguard-info-portal\/wp-content\/uploads\/2016\/07\/red-check.png\" \/><\/td>\n<\/tr>\n<tr>\n<td>Material f\u00fcr Technische Trainings<\/td>\n<td><img decoding=\"async\" src=\"https:\/\/www.boc.de\/watchguard-info-portal\/wp-content\/uploads\/2016\/07\/red-check.png\" \/><\/td>\n<td><img decoding=\"async\" src=\"https:\/\/www.boc.de\/watchguard-info-portal\/wp-content\/uploads\/2016\/07\/red-check.png\" \/><\/td>\n<\/tr>\n<tr>\n<td>Moderiertes Kundenforum<\/td>\n<td><img decoding=\"async\" src=\"https:\/\/www.boc.de\/watchguard-info-portal\/wp-content\/uploads\/2016\/07\/red-check.png\" \/><\/td>\n<td><img decoding=\"async\" src=\"https:\/\/www.boc.de\/watchguard-info-portal\/wp-content\/uploads\/2016\/07\/red-check.png\" \/><\/td>\n<\/tr>\n<tr>\n<td colspan=\"4\"><b>Support-Verl\u00e4ngerungen<\/b><\/td>\n<\/tr>\n<tr>\n<td>Verl\u00e4ngerungen \u00fcber mehrere Jahre<\/td>\n<td><img decoding=\"async\" src=\"https:\/\/www.boc.de\/watchguard-info-portal\/wp-content\/uploads\/2016\/07\/red-check.png\" \/><\/td>\n<td><img decoding=\"async\" src=\"https:\/\/www.boc.de\/watchguard-info-portal\/wp-content\/uploads\/2016\/07\/red-check.png\" \/><\/td>\n<\/tr>\n<tr>\n<td>Maximal-L\u00e4nge der Support-Vertr\u00e4ge<\/td>\n<td>5 Jahre<\/td>\n<td>5 Jahre<\/td>\n<\/tr>\n<\/tbody>\n<\/table>\n<\/div>\n<p><span id=\"support-level\" class=\"anchor_content\">\u00a0<\/span><\/p>\n<h3>Support Level Verf\u00fcgbarkeit je\u00a0Modell<\/h3>\n<p>Gold Support ist automatisch Bestandteil der &#8220;Total Security Suite&#8221;. F\u00fcr Ger\u00e4te mit &#8220;Basic Security Suite&#8221; oder &#8220;Standard Support&#8221; kann der &#8220;Gold Support&#8221; separat dazugekauft werden. Alternativ k\u00f6nnen diese Ger\u00e4te aber einfach auch auf die &#8220;Total Security Suite&#8221; hochgestuft werden, wodurch der Gold Support dann wieder automatisch mit enthalten w\u00e4re (geht nur bei den aktuellen Firebox-Modellen, nicht jedoch bei XTM-Modellen).<\/p>\n<div class=\"table-responsive\">\n<table class=\"table table-bordered table-striped table-hover\">\n<thead>\n<tr>\n<th width=\"400px\"><\/th>\n<th width=\"100px\">Standard (24&#215;7)<\/th>\n<th width=\"300px\">Gold (24&#215;7)<\/th>\n<\/tr>\n<\/thead>\n<tbody>\n<tr>\n<td colspan=\"4\"><b>WatchGuard Modell<\/b><\/td>\n<\/tr>\n<tr>\n<td>Firebox T15, XTM 2 Series &amp; XTM 33<\/td>\n<td><img decoding=\"async\" src=\"https:\/\/www.boc.de\/watchguard-info-portal\/wp-content\/uploads\/2016\/07\/red-check.png\" \/><\/td>\n<td>&#8211;<\/td>\n<\/tr>\n<tr>\n<td>Firebox T35 &amp; T55<\/td>\n<td><img decoding=\"async\" src=\"https:\/\/www.boc.de\/watchguard-info-portal\/wp-content\/uploads\/2016\/07\/red-check.png\" \/><\/td>\n<td>&#8211;<\/td>\n<\/tr>\n<tr>\n<td>Firebox T20, T40, T80<\/td>\n<td><img decoding=\"async\" src=\"https:\/\/www.boc.de\/watchguard-info-portal\/wp-content\/uploads\/2016\/07\/red-check.png\" \/><\/td>\n<td><img decoding=\"async\" src=\"https:\/\/www.boc.de\/watchguard-info-portal\/wp-content\/uploads\/2016\/07\/red-check.png\" \/><\/td>\n<\/tr>\n<tr>\n<td>Firebox T25, T45, T85<\/td>\n<td><img decoding=\"async\" src=\"https:\/\/www.boc.de\/watchguard-info-portal\/wp-content\/uploads\/2016\/07\/red-check.png\" \/><\/td>\n<td><img decoding=\"async\" src=\"https:\/\/www.boc.de\/watchguard-info-portal\/wp-content\/uploads\/2016\/07\/red-check.png\" \/><\/td>\n<\/tr>\n<tr>\n<td>Firebox T115-W, T125, T145, T185<\/td>\n<td><img decoding=\"async\" src=\"https:\/\/www.boc.de\/watchguard-info-portal\/wp-content\/uploads\/2016\/07\/red-check.png\" \/><\/td>\n<td><img decoding=\"async\" src=\"https:\/\/www.boc.de\/watchguard-info-portal\/wp-content\/uploads\/2016\/07\/red-check.png\" \/><\/td>\n<\/tr>\n<tr>\n<td>XTM 330 &amp; XTM 5 Series<\/td>\n<td><img decoding=\"async\" src=\"https:\/\/www.boc.de\/watchguard-info-portal\/wp-content\/uploads\/2016\/07\/red-check.png\" \/><\/td>\n<td><img decoding=\"async\" src=\"https:\/\/www.boc.de\/watchguard-info-portal\/wp-content\/uploads\/2016\/07\/red-check.png\" \/><\/td>\n<\/tr>\n<tr>\n<td>Firebox T70, M200, M300, M400,\u00a0M440, M500<\/td>\n<td><img decoding=\"async\" src=\"https:\/\/www.boc.de\/watchguard-info-portal\/wp-content\/uploads\/2016\/07\/red-check.png\" \/><\/td>\n<td><img decoding=\"async\" src=\"https:\/\/www.boc.de\/watchguard-info-portal\/wp-content\/uploads\/2016\/07\/red-check.png\" \/><\/td>\n<\/tr>\n<tr>\n<td>Firebox M290, M390, M590, M690<\/td>\n<td><img decoding=\"async\" src=\"https:\/\/www.boc.de\/watchguard-info-portal\/wp-content\/uploads\/2016\/07\/red-check.png\" \/><\/td>\n<td><img decoding=\"async\" src=\"https:\/\/www.boc.de\/watchguard-info-portal\/wp-content\/uploads\/2016\/07\/red-check.png\" \/><\/td>\n<\/tr>\n<tr>\n<td>Firebox M4800, M5800<\/td>\n<td><img decoding=\"async\" src=\"https:\/\/www.boc.de\/watchguard-info-portal\/wp-content\/uploads\/2016\/07\/red-check.png\" \/><\/td>\n<td><img decoding=\"async\" src=\"https:\/\/www.boc.de\/watchguard-info-portal\/wp-content\/uploads\/2016\/07\/red-check.png\" \/><\/td>\n<\/tr>\n<tr>\n<td>XTM 8 Series<\/td>\n<td><img decoding=\"async\" src=\"https:\/\/www.boc.de\/watchguard-info-portal\/wp-content\/uploads\/2016\/07\/red-check.png\" \/><\/td>\n<td><img decoding=\"async\" src=\"https:\/\/www.boc.de\/watchguard-info-portal\/wp-content\/uploads\/2016\/07\/red-check.png\" \/><\/td>\n<\/tr>\n<tr>\n<td>XTM 800 Series<\/td>\n<td><img decoding=\"async\" src=\"https:\/\/www.boc.de\/watchguard-info-portal\/wp-content\/uploads\/2016\/07\/red-check.png\" \/><\/td>\n<td><img decoding=\"async\" src=\"https:\/\/www.boc.de\/watchguard-info-portal\/wp-content\/uploads\/2016\/07\/red-check.png\" \/><\/td>\n<\/tr>\n<tr>\n<td>XTM 1050 &amp; XTM 2050<\/td>\n<td><img decoding=\"async\" src=\"https:\/\/www.boc.de\/watchguard-info-portal\/wp-content\/uploads\/2016\/07\/red-check.png\" \/><\/td>\n<td><img decoding=\"async\" src=\"https:\/\/www.boc.de\/watchguard-info-portal\/wp-content\/uploads\/2016\/07\/red-check.png\" \/><\/td>\n<\/tr>\n<tr>\n<td>XTM 1500\/1500-RP Series<\/td>\n<td><img decoding=\"async\" src=\"https:\/\/www.boc.de\/watchguard-info-portal\/wp-content\/uploads\/2016\/07\/red-check.png\" \/><\/td>\n<td><img decoding=\"async\" src=\"https:\/\/www.boc.de\/watchguard-info-portal\/wp-content\/uploads\/2016\/07\/red-check.png\" \/><\/td>\n<\/tr>\n<tr>\n<td>XTM 2520 Series<\/td>\n<td><img decoding=\"async\" src=\"https:\/\/www.boc.de\/watchguard-info-portal\/wp-content\/uploads\/2016\/07\/red-check.png\" \/><\/td>\n<td><img decoding=\"async\" src=\"https:\/\/www.boc.de\/watchguard-info-portal\/wp-content\/uploads\/2016\/07\/red-check.png\" \/><\/td>\n<\/tr>\n<\/tbody>\n<\/table>\n<\/div>\n<p>Zur\u00fcck zur \u00dcbersicht <a href=\"https:\/\/www.boc.de\/watchguard-info-portal\/produktinfos\/watchguard-security-services-und-suites\/\">WatchGuard Security Services und Suites<\/a><\/p>\n","protected":false},"excerpt":{"rendered":"<p>Vergleich der Support Level Jede WatchGuard Firebox kommt ab Werk mit einem Support Paket. Die enthaltenen Leistungen bilden die Basis f\u00fcr den dauerhaften Schutz und die Verf\u00fcgbarkeit Ihres Netzwerks. Beim Kauf einer WatchGuard Firebox k\u00f6nnen Sie zwischen drei Anfangs-Laufzeiten w\u00e4hlen: 1 Jahr, 3 Jahre oder 5 Jahre. Anschlie\u00dfend kann der Support Level bedarfsgerecht verl\u00e4ngert oder angepasst werden. Solange &#8220;LiveSecurity&#8221; (Anm.: fr\u00fchere Bezeichnung f\u00fcr den heutigen &hellip; <a href=\"https:\/\/wordpress.boc.de\/watchguard-info-portal\/produktinfos\/watchguard-support-livesecurity\/\" class=\"more-link\">Weiterlesen <span class=\"screen-reader-text\">WatchGuard Support Level (LiveSecurity)<\/span> <span class=\"meta-nav\">&raquo;<\/span><\/a><\/p>\n","protected":false},"author":2,"featured_media":0,"parent":24,"menu_order":0,"comment_status":"closed","ping_status":"closed","template":"","meta":{"footnotes":""},"class_list":["post-291","page","type-page","status-publish","hentry"],"_links":{"self":[{"href":"https:\/\/wordpress.boc.de\/watchguard-info-portal\/wp-json\/wp\/v2\/pages\/291"}],"collection":[{"href":"https:\/\/wordpress.boc.de\/watchguard-info-portal\/wp-json\/wp\/v2\/pages"}],"about":[{"href":"https:\/\/wordpress.boc.de\/watchguard-info-portal\/wp-json\/wp\/v2\/types\/page"}],"author":[{"embeddable":true,"href":"https:\/\/wordpress.boc.de\/watchguard-info-portal\/wp-json\/wp\/v2\/users\/2"}],"replies":[{"embeddable":true,"href":"https:\/\/wordpress.boc.de\/watchguard-info-portal\/wp-json\/wp\/v2\/comments?post=291"}],"version-history":[{"count":42,"href":"https:\/\/wordpress.boc.de\/watchguard-info-portal\/wp-json\/wp\/v2\/pages\/291\/revisions"}],"predecessor-version":[{"id":29176,"href":"https:\/\/wordpress.boc.de\/watchguard-info-portal\/wp-json\/wp\/v2\/pages\/291\/revisions\/29176"}],"up":[{"embeddable":true,"href":"https:\/\/wordpress.boc.de\/watchguard-info-portal\/wp-json\/wp\/v2\/pages\/24"}],"wp:attachment":[{"href":"https:\/\/wordpress.boc.de\/watchguard-info-portal\/wp-json\/wp\/v2\/media?parent=291"}],"curies":[{"name":"wp","href":"https:\/\/api.w.org\/{rel}","templated":true}]}}