{"id":28,"date":"2016-05-09T11:27:00","date_gmt":"2016-05-09T09:27:00","guid":{"rendered":"https:\/\/www.boc.de\/watchguard-info-portal\/?page_id=28"},"modified":"2025-02-05T13:46:43","modified_gmt":"2025-02-05T12:46:43","slug":"supportinfos","status":"publish","type":"page","link":"https:\/\/wordpress.boc.de\/watchguard-info-portal\/supportinfos\/","title":{"rendered":"Supportinfos"},"content":{"rendered":"<div id=\"pl-28\"  class=\"panel-layout\" ><div id=\"pg-28-0\"  class=\"panel-grid panel-no-style\" ><div id=\"pgc-28-0-0\"  class=\"panel-grid-cell\" ><div id=\"panel-28-0-0-0\" class=\"widget_text so-panel widget widget_custom_html panel-first-child panel-last-child\" data-index=\"0\" ><div class=\"textwidget custom-html-widget\"><style>\n    .blue-line { display: none; }\n    #secondary { display: none; }\n    #content { width: 100%; }\n\t\n\t.content_wrap  {\n\tpadding-top:0px;\n\t}\n\t\n\t.box-container-products {\n\tborder-radius: 10px;\n\tbackground-color:#f2f2f2;\n\t}\n\t\n.test-container h2 {\n\tmargin:0 0 12px 0;\n\tfont-weight: 700;\n\t font-size:34px;\n\t}\n\t.test-container h3 {\n\tmargin:0 0 12px 0;\n\tfont-weight: 700;\n\t font-size:26px;\n\t}\n\t.test-container h5 {\n\tmargin: 20px 0 12px 0;\n\tfont-weight: 700;\n\t font-size:18px;\n\t}\n\t\n\t.test-container table {\n    width: 100%;\n    border-collapse: collapse;\n    margin: 20px 0;\n    font-size: 16px;\n    text-align: left;\n\t border-radius: 8px;\n    overflow: hidden;\n}\n\n.test-container th {\n    font-weight: bold;      \n    font-size: 14px;        \n    line-height: 1;       \n    padding: 4px 10px;      \n\tvertical-align: top; \n\tbackground-color: #f9f9f9;\n}\n\n.test-container .top-row-color th {  \n\tbackground-color: #f1f1f1;\n}\n.test-container th small {\n    font-size: 14px;        \n    line-height: 0.8;\nfont-weight: normal; \n}\n.test-container th, .test-container td {\n    padding: 12px 15px;\n    border: 1px solid #ddd;\n\ttext-transform:none;\t\n}\n\n.test-container td {\n   line-height: 1.4;\t\n      background-color: white;\n\t  font-weight: normal;\n}\n\n\n\t\n\t.box-content ul {\n    padding-left: 0; \n    margin: 0; \n    list-style-position: inside; \n}\n\n.list-inside ul {\n    list-style: none;    \n    padding: 0;         \n    margin: 0; \n\t\n}\n\n.list-inside ul li {\n    position: relative;\n    padding-left: 14px;\n}\n\n.list-inside ul li::before {\n    content: \"\\f0da\";\n    font-family: \"FontAwesome\";\n    color: #333;\n    position: absolute;\n    inset-inline-start: 0;\n    top: 0; \n}\n\n.info-box  {\n\tbackground-color:#f2f2f2;\n\tpadding:30px 26px 20px 26px;\n\tbackground: #f9f9f9;\n    border-radius: 10px;\n\tdisplay:block;}\n\t\n\t.info-box h3 {\n\tmargin: 0 0 10px 0;\n    font-size: 26px;\n    font-weight: 700;\n    margin-bottom: 16px;\n\t\t}\n\n.info-box-internal  {\n\tpadding: 20px;\n\tbackground: #fff;\n\tborder-radius: 10px;\n\tborder: 1px #dadada solid;\n\t\t}\t\n\n .info-box .box {\n    display: flex;  \n    align-items: flex-start; \n    background-color: #f9f9f9;  \n   \n}\n\n.info-box h5 {\n\tmargin: 0 0 12px 0;\n\tfont-weight: 700;\n\t font-size:18px;\n\t}\n.info-box ul {\n\tmargin-bottom:0px;\n\t}\n\t\t\n.fa-copy {\n\tcursor:pointer;\n\tcolor:#adadad;\n\t\t}\t\t\t\n.fa-copy:hover {\n\tcursor:pointer;\n\tcolor:#222;\n\t\t}\t\n\n\t.red-button {\n\tdisplay: inline-block;\n    border-radius: 3px;\n    margin-top: auto;\n    background-color: #b22418;\n    border: none;\n    color: white;\n    padding: 10px 20px;\n    text-align: center;\n    font-size: 14px;\n    font-weight: 600;\n    cursor: pointer;\n    overflow: hidden;\n    position: relative;\n    align-self: flex-start;\n}\n\n\n.red-button:hover {\n    background-color: #a11f15;\n\tcolor: white;\n\ttext-decoration:none;\n}\n\n.red-button a {\n\tfont-size: 14px;\n    font-weight: 600;\n    color: white;\n}\n.red-button a:hover {\n    color: white;\n\ttext-decoration:none;\n}\n\n.red-button:after {\n  content: \"\";\n  display: block;\n  position: absolute;\n  width: 300%;\n  height: 300%;\n  top: 50%;\n  left: 50%;\n  pointer-events: none;\n  background-image: radial-gradient(circle, #fff 10%, transparent 10.01%);\n  background-repeat: no-repeat;\n  background-position: 50%;\n  transform: translate(-50%, -50%) scale(10);\n  opacity: 0;\n  transition: transform 0.5s, opacity 1s;\n}\n \n.red-button:active:after {\n  transform: translate(-50%, -50%) scale(0);\n  opacity: 0.3;\n  transition: 0s;\n}\n\n .container666 {\n        display: flex;\n        flex-wrap: wrap;\n        gap: 16px;\n        max-width: 100%;\n        box-sizing: border-box;\n        margin: 0 auto;\n        position: relative;\n    }\n\n    .box666 {\n        flex: 1 1 calc(50% - 10px);\n        min-height: 360px;\n        display: flex;\n        flex-direction: column;\n        align-items: flex-start;\n        justify-content: flex-start;\n        box-sizing: border-box;\n        padding: 20px 20px 20px 30px;\n        position: relative;\n        cursor: pointer;\n        border-radius: 10px;\n        box-shadow: 0px 3px 5px rgba(0, 0, 0, 0.2), 0px 5px 10px rgba(0, 0, 0, 0.19);\n        transition: box-shadow 0.3s ease-in-out;\n    }\n\n    .box666:hover {\n        box-shadow: 0px 10px 15px rgba(0, 0, 0, 0.3), 0px 10px 20px rgba(0, 0, 0, 0.25);\n    }\n\n    .static-box {\n        cursor: default;\n        margin-bottom: 16px;\n        box-shadow: none;\n\t\t\tbackground: #f9f9f9;\n    }\n\t\n\t.box-auto-height {\n        min-height: auto!important;\n\t\tpadding-bottom:40px!important;\n\t\t\n\t\t\n    }\n\t.box-auto-height-small {\n        min-height: 196px!important;\n\t\t\n\t\tpadding-top:14px;\n\t\t\n    }\n    .static-box:hover {\n        box-shadow: none;\n    }\n\n    .box-content {\n        margin-top: 10px;\n        text-align: left;\n        width: 100%;\n        display: flex;\n        flex-direction: column;\n        justify-content: space-between;\n        flex-grow: 1;\n    }\n\n  .box-content .icon {\n        font-size: 52px;\n        color: #b22418;\n        margin-bottom: 20px;\n    }\n\n    .box-content h2 {\n        margin: 0;\n        font-size: 20px !important;\n        font-weight: 700;\n        margin-bottom: 2px;\n    }\n\t\n\t.box-content p {\n        margin-top: 20px;\n\t\tline-height:1.3;\n       \n    }\n\t\n\t.box-description666 {\n        font-size:15px;\n\t\tline-height:1.2;\n\t\tmargin-bottom:4px;\n    }\n\t\n.box-content ul {\n    padding-left: 0; \n    margin: 0; \n    list-style-position: inside; \n}\n\n.box-content li {\n    list-style: none;\n    margin: 0; \n    padding: 0;\n\tfont-size:14px!important;\n}\n\n.box-content .box-list-links ul {\n      list-style: none;\n      padding: 0;\n    }\n\n .box-content .box-list-links ul li {\n      position: relative;\n      padding-left: 14px;\n    }\n\n.box-content .box-list-links ul li::before {\n      content: \"\\f0da\"; \n      font-family: \"FontAwesome\";\n\t  color: #b22418;\n      font-weight: 900;\n      position: absolute;\n      left: 0;\n      top: 0;\n    }\n\n.box-content .rss-date {\n\tfont-size:13px;\n    margin-bottom: 0;\n\tmargin-left: 0;\n\tcolor:#333;\t\n}\n\n.box-content .rsswidget {\n    display: block;\n    margin-top: -4px; \n\tline-height:1.2;\n\tfont-size:14px;\n}\n\n\n    .subheading {\n        font-size: 14px !important;\n        margin: 0 0 2px 0;\n        font-weight: 400;\n    }\n\t\n\/* Container mit Rechtem ICON *\/\n.container666-flex {\n    display: flex; \n    align-items: center;\n\t justify-content: space-between;\n\t width: 100%;\n}\n\n.icon666-move-left:hover img { \n        transform: rotate(10deg); \n    }\n\t\n.icon666-move-right:hover img { \n        transform: rotate(-10deg); \n    }\n\n.left-container666 {\n    flex: 1;\n    padding-right: 2px; \n\n}\n\n.right-container666 {\n    flex: 0; \n    display: flex; \n    align-items: center; \n\t\n\t\n}\n\n.image-container666-right {\n   \n\twidth:86px;\n\theight:86px;\n\tmargin-left: auto; \n}\n\n.left-container666-side-left {\n    flex: 0; \n    padding-right: 12px; \n\n}\n\n.right-container666-side-left {\n    flex: 1; \n    display: flex; \n    align-items: center; \n\t\n\t\n}\n\n.image-container666-right-side-left {\n   \n\twidth:86px;\n\theight:86px;\n\tmargin-right: auto; \n    \n}\n\n\t\n\/*Container BUTTONS *\/\n.red-button-cont {\n       margin-top: auto;\n    }\n  \n.red-button {\n\tborder-radius:4px;\n\tmargin-top: auto;\n  background-color: #b22418;\n  border: none;\n  color: white;\n  padding: 10px 20px;\n  text-align: center;\n  font-size: 14px;\n  font-weight: 600;\n  cursor: pointer;\n  font-size: 14px;\n  overflow: hidden;\n  position: relative;\n  align-self: flex-start;\n}\n.red-button:hover {\n    background-color: #a11f15;\n\tcolor: white;\n\ttext-decoration:none;\n}\n\n.red-button a {\n\tfont-size: 14px;\n    font-weight: 600;\n    color: white;\n}\n.red-button a:hover {\n    color: white;\n\ttext-decoration:none;\n}\n\n.red-button:after {\n  content: \"\";\n  display: block;\n  position: absolute;\n  width: 300%;\n  height: 300%;\n  top: 50%;\n  left: 50%;\n  pointer-events: none;\n  background-image: radial-gradient(circle, #fff 10%, transparent 10.01%);\n  background-repeat: no-repeat;\n  background-position: 50%;\n  transform: translate(-50%, -50%) scale(10);\n  opacity: 0;\n  transition: transform 0.5s, opacity 1s;\n}\n \n.red-button:active:after {\n  transform: translate(-50%, -50%) scale(0);\n  opacity: 0.3;\n  transition: 0s;\n}\t\n\n\t\n<\/style>\t\n\n<\/div><\/div><\/div><\/div><div id=\"pg-28-1\"  class=\"panel-grid panel-no-style\" ><div id=\"pgc-28-1-0\"  class=\"panel-grid-cell\" ><div id=\"panel-28-1-0-0\" class=\"widget_text so-panel widget widget_custom_html panel-first-child\" data-index=\"1\" ><div class=\"textwidget custom-html-widget\"><div class=\"test-container\">\n<h2>Support von BOC IT-Security GmbH<\/h2>\nUnsere Philosophie: Die BOC IT-Security GmbH unterst\u00fctzt Sie gerne bei allen Fragen und Themen rund um WatchGuard Firebox Firewall \/ VPN Appliances, Endpoint Protection L\u00f6sungen, Wireless Access Points und die neuen WatchGuard Cloud Produkte. Wir stellen Ihnen hier auf unserer Webseite vielf\u00e4ltige und regelm\u00e4\u00dfig erweiterte Informationen in Form des <a href=\"https:\/\/www.boc.de\/watchguard-info-portal\/blog\/\">Technischen Blog, HOWTO-Artikeln und anderen Support-Informationen<\/a> *kostenfrei* zur Verf\u00fcgung. Wir betrachten die Preisgabe dieser qualifizierten Informationen als <strong>Hilfe zur Selbsthilfe<\/strong> f\u00fcr den weitgehend eigenverantwortlichen Umgang mit WatchGuard-Produkten.<br \/><br \/>\n<center><img decoding=\"async\" src=\"\/watchguard-info-portal\/wp-content\/uploads\/2024\/08\/WatchGuardONE_Technically-Certified-600.png\" alt=\"\" \/><\/center>\nAuch vertrieblich orientierte Beratung ist selbstverst\u00e4ndlich kostenfrei. Nutzen Sie hierf\u00fcr unser <a href=\"\/contact\">Kontaktformular<\/a> oder rufen Sie uns direkt an: <strong>0800 9440440<\/strong>.<br \/><br \/>\n\nTrotz alledem sind wir ein IT-Dienstleistungsunternehmen. Unser Know-How ist unser Kapital. Konkreten technischen Support und weitergehende Dienstleistungen bieten wir gegen Pauschalen oder <a href=\"https:\/\/www.boc.de\/watchguard-info-portal\/supportinfos\/boc-dienstleistungen\/boc-stundensaetze\/\">Abrechnung nach Aufwand<\/a> an. Sie k\u00f6nnen auch <a href=\"https:\/\/www.boc.de\/watchguard-info-portal\/supportinfos\/boc-dienstleistungen\/boc-stundensaetze\/#dienstleistungspakete\">Dienstleistungspakete<\/a> (Stundenpakete) erwerben.<\/div><\/div><\/div><div id=\"panel-28-1-0-1\" class=\"widget_text so-panel widget widget_custom_html\" data-index=\"2\" ><div class=\"textwidget custom-html-widget\"><div class=\"info-box\">\n<div class=\"box\"><i class=\"fa fa-info-circle\" style=\"font-size: 52px; color: #b22418; margin-right: 30px;\" aria-hidden=\"true\"><\/i>\n<div class=\"text-content\">\n<h5>Unsere Leistungen umfassen<\/h5>\n<div class=\"list-inside\">\n<ul>\n \t<li>Basisinstallation Ihrer WatchGuard Appliance<\/li>\n \t<li>Software-Pflege Ihrer WatchGuard Appliance und der Zusatzprodukte<\/li>\n \t<li>Unterst\u00fctzung bei der individuellen Konfiguration Ihrer WatchGuard<\/li>\n \t<li><a href=\"https:\/\/www.boc.de\/watchguard-info-portal\/watchguard-schulungen-startseite\/\">WatchGuard Schulungen und Workshops<\/a><\/li>\n \t<li>Konfigurations-Migrationen auf Ihre neue WatchGuard Appliance<\/li>\n \t<li>Moderation bei der Abwicklung von Support Cases bei WatchGuard<\/li>\n \t<li>Genereller Technischer Support in deutscher Sprache<\/li>\n<\/ul>\n&nbsp;\n<h5>Mehr Informationen<\/h5>\n<ul>\n \t<li><a href=\"https:\/\/www.boc.de\/watchguard-info-portal\/supportinfos\/boc-dienstleistungen\/boc-stundensaetze\/\">BOC Stundens\u00e4tze und Dienstleistungspakete<\/a><\/li>\n \t<li><a href=\"https:\/\/www.boc.de\/watchguard-info-portal\/supportinfos\/boc-dienstleistungen\/\">BOC Dienstleistungen<\/a><\/li>\n \t<li><a href=\"https:\/\/www.boc.de\/watchguard-info-portal\/watchguard-schulungen-startseite\/\">WatchGuard Schulungen<\/a><\/li>\n<\/ul>\n<\/div>\n<\/div>\n<\/div>\n<\/div><\/div><\/div><div id=\"panel-28-1-0-2\" class=\"widget_text so-panel widget widget_custom_html\" data-index=\"3\" ><div class=\"textwidget custom-html-widget\"><div class=\"info-box\"><center>\n<div class=\"red-button\"><a title=\"Watchguard Webinare und Archiv\" href=\"\/watchguard-info-portal\/supportinfos\/boc-support-anforderung\/\">Support-Ticket bei BOC \u00f6ffnen <i class=\"fa fa-chevron-right\"><\/i><i class=\"fa fa-chevron-right\"><\/i><\/a><\/div>\n\n\n<\/center><\/div><\/div><\/div><div id=\"panel-28-1-0-3\" class=\"widget_text so-panel widget widget_custom_html panel-last-child\" data-index=\"4\" ><div class=\"textwidget custom-html-widget\"><div class=\"info-box\">\n<div class=\"box\">\n\n\n<div class=\"text-content\">\n<h5 style=\"font-size: 17px;\">Aus gegebenem Anlass erlauben Sie bitte die folgende Klarstellung<\/h5>\nDie Begriffe <i>(Standard) Support<\/i>, <i>24x7 Support<\/i> und <i>Gold Support<\/i>, die sich in den Artikeltexten der WatchGuard Produkte und somit auch in unseren Angeboten und Rechnungen finden, beziehen sich ausschlie\u00dflich auf den Hersteller-Support durch WatchGuard selbst. In keinem Fall k\u00f6nnen aus diesen Begriffen Support-Anspr\u00fcche gegen die BOC IT-Security GmbH hergeleitet werden!\n\n<\/div>\n<\/div>\n<\/div><\/div><\/div><\/div><div id=\"pgc-28-1-1\"  class=\"panel-grid-cell\" ><div id=\"panel-28-1-1-0\" class=\"widget_text so-panel widget widget_custom_html panel-first-child\" data-index=\"5\" ><div class=\"textwidget custom-html-widget\"><div class=\"test-container\">\n<h2>Support von WatchGuard<\/h2>\nWatchGuard bietet einen hervorragenden Support f\u00fcr seine Produkte. Den <strong>Hersteller-Support durch WatchGuard<\/strong> k\u00f6nnen Sie bei g\u00fcltiger LiveSecurity Lizenz (bzw. g\u00fcltiger Standard Support, Basic Security Suite oder Total Security Suite) <strong>*kostenfrei*<\/strong> in Anspruch nehmen.\n<h5>Support Ticket bei WatchGuard \u00f6ffnen<\/h5>\n<a href=\"https:\/\/login.watchguard.com\" target=\"_registration\" rel=\"noopener\">Melden Sie sich in Ihrem Account auf der WatchGuard Website an<\/a> und \u00f6ffnen dort einen Support Case, je nach Problemstellung entweder f\u00fcr die Technical Support oder die Customer Care Abteilung. WatchGuard wird sich im Rahmen des Support Levels dann per E-Mail bei Ihnen melden. <br \/><br \/>\nHierzu muss nat\u00fcrlich in Ihrem Account unter \"My Profile\" eine funktionierende E-Mail-Adresse hinterlegt sein. In der E-Mail ist jedoch lediglich der Hinweis enthalten, dass Sie sich wieder in Ihrem Account anmelden sollen. Im Support Bereich finden Sie dann bei den Support Cases die eigentliche Antwort \/ Information und k\u00f6nnen dort dann auch wieder eine R\u00fcckantwort an WatchGuard senden.<\/div><\/div><\/div><div id=\"panel-28-1-1-1\" class=\"widget_text so-panel widget widget_custom_html\" data-index=\"6\" ><div class=\"textwidget custom-html-widget\"><div class=\"info-box\">\n<div class=\"box\"><i class=\"fa fa-info-circle\" style=\"font-size: 52px; color: #b22418; margin-right: 30px;\" aria-hidden=\"true\"><\/i>\n<div class=\"text-content\">\n<h5>Folgende Tipps sollten die Abwicklung erleichtern<\/h5>\n<div class=\"list-inside\">\n<ul>\n \t<li>\u00d6ffnen Sie Ihren Support Incident am besten VORMITTAGS. Dann ist im Zuge der Reaktionszeiten sehr wahrscheinlich, dass Sie einen europ\u00e4ischen Techniker zugewiesen bekommen. Hier wird es die geringsten Reibungsverluste geben, da eben die Dienstzeiten \u00e4hnlich sind und keine Verz\u00f6gerungen durch andere Arbeitszeiten in einer anderen Zeitzone eintreten.<\/li>\n \t<li>Beschreiben Sie das Problem m\u00f6glichst detailliert und auf Englisch! Nur so kann der Support Case flexibel von verschiedenen Support Technikern, dem Support Engineering und der Entwicklungsabteilung bearbeitet werden ohne dass sich die Bearbeitung des Support Cases durch unn\u00f6tige \u00dcbersetzungsarbeiten verz\u00f6gert.<\/li>\n<\/ul>\n<\/div>\n<\/div>\n<\/div>\n<\/div><\/div><\/div><div id=\"panel-28-1-1-2\" class=\"widget_text so-panel widget widget_custom_html\" data-index=\"7\" ><div class=\"textwidget custom-html-widget\"><div class=\"info-box\">\n<div class=\"box\"><i class=\"fa fa-question-circle\" style=\"font-size: 52px; color: #b22418; margin-right: 30px;\" aria-hidden=\"true\"><\/i>\n<div class=\"text-content\">\n<h5>Help Center<\/h5>\nIm Support-Bereich auf der WatchGuard Website befindet sich au\u00dferdem das englischsprachige <a href=\"https:\/\/www.watchguard.com\/help\/docs\/help-center\/en-US\/Content\/en-US\/_intro\/home.html\" target=\"_onlinehilfe\" rel=\"noopener\">Help Center<\/a>, das Ihnen ebenfalls wertvolle Hilfestellung bei der Suche nach Antworten auf Technische Fragen bietet.\n\n<\/div>\n<\/div>\n<\/div><\/div><\/div><div id=\"panel-28-1-1-3\" class=\"widget_text so-panel widget widget_custom_html\" data-index=\"8\" ><div class=\"textwidget custom-html-widget\"><div class=\"info-box\">\n<div class=\"box\"><i class=\"fa fa-question-circle\" style=\"font-size: 52px; color: #b22418; margin-right: 30px;\" aria-hidden=\"true\"><\/i>\n<div class=\"text-content\">\n<h5>Software Support<\/h5>\nBei einer g\u00fcltigen Lizensierung sind Sie berechtigt, die jeweils aktuelle Software-Version f\u00fcr ihr Produkt einzusetzen. Der <a href=\"http:\/\/software.watchguard.com\" target=\"_download\" rel=\"noopener\">Download aus dem Software-Portal<\/a> und die Installation der Software muss jedoch von Ihnen selbst durchgef\u00fchrt werden. Der Begriff \"LiveSecurity\" bedeutet nicht, dass sich Software-Updates automatisch installieren!\n\n<\/div>\n<\/div>\n<\/div><\/div><\/div><div id=\"panel-28-1-1-4\" class=\"widget_text so-panel widget widget_custom_html panel-last-child\" data-index=\"9\" ><div class=\"textwidget custom-html-widget\"><div class=\"info-box\">\n<div class=\"box\"><i class=\"fa fa-question-circle\" style=\"font-size: 52px; color: #b22418; margin-right: 30px;\" aria-hidden=\"true\"><\/i>\n<div class=\"text-content\">\n<h5>Hardware Support<\/h5>\nBei best\u00e4tigten Hardware-Defekten erhalten Sie von WatchGuard bei g\u00fcltigem (mindestens Standard-) Support-Vertrag vorab ein kostenfreies Austauschger\u00e4t. Der Vorgang wird ebenfalls durch einen <a href=\"https:\/\/login.watchguard.com\" target=\"_registration\" rel=\"noopener\">Support Case auf der WatchGuard Website<\/a> in die Wege geleitet. Nach der Ankunft des Ersatzger\u00e4ts sind Sie f\u00fcr die \u00dcbernahme der Konfigurationsdatei, die Hardware-Inbetriebnahme, die abschlie\u00dfenden Tests und das Zur\u00fccksenden des defekten Ger\u00e4ts verantwortlich.\n\n<\/div>\n<\/div>\n<\/div><\/div><\/div><\/div><\/div><\/div>","protected":false},"excerpt":{"rendered":"<p>Support von BOC IT-Security GmbH Unsere Philosophie: Die BOC IT-Security GmbH unterst\u00fctzt Sie gerne bei allen Fragen und Themen rund um WatchGuard Firebox Firewall \/ VPN Appliances, Endpoint Protection L\u00f6sungen, Wireless Access Points und die neuen WatchGuard Cloud Produkte. Wir stellen Ihnen hier auf unserer Webseite vielf\u00e4ltige und regelm\u00e4\u00dfig erweiterte Informationen in Form des Technischen Blog, HOWTO-Artikeln und anderen Support-Informationen *kostenfrei* zur Verf\u00fcgung. Wir betrachten &hellip; <a href=\"https:\/\/wordpress.boc.de\/watchguard-info-portal\/supportinfos\/\" class=\"more-link\">Weiterlesen <span class=\"screen-reader-text\">Supportinfos<\/span> <span class=\"meta-nav\">&raquo;<\/span><\/a><\/p>\n","protected":false},"author":1,"featured_media":0,"parent":0,"menu_order":0,"comment_status":"closed","ping_status":"closed","template":"","meta":{"footnotes":""},"class_list":["post-28","page","type-page","status-publish","hentry"],"_links":{"self":[{"href":"https:\/\/wordpress.boc.de\/watchguard-info-portal\/wp-json\/wp\/v2\/pages\/28"}],"collection":[{"href":"https:\/\/wordpress.boc.de\/watchguard-info-portal\/wp-json\/wp\/v2\/pages"}],"about":[{"href":"https:\/\/wordpress.boc.de\/watchguard-info-portal\/wp-json\/wp\/v2\/types\/page"}],"author":[{"embeddable":true,"href":"https:\/\/wordpress.boc.de\/watchguard-info-portal\/wp-json\/wp\/v2\/users\/1"}],"replies":[{"embeddable":true,"href":"https:\/\/wordpress.boc.de\/watchguard-info-portal\/wp-json\/wp\/v2\/comments?post=28"}],"version-history":[{"count":94,"href":"https:\/\/wordpress.boc.de\/watchguard-info-portal\/wp-json\/wp\/v2\/pages\/28\/revisions"}],"predecessor-version":[{"id":27083,"href":"https:\/\/wordpress.boc.de\/watchguard-info-portal\/wp-json\/wp\/v2\/pages\/28\/revisions\/27083"}],"wp:attachment":[{"href":"https:\/\/wordpress.boc.de\/watchguard-info-portal\/wp-json\/wp\/v2\/media?parent=28"}],"curies":[{"name":"wp","href":"https:\/\/api.w.org\/{rel}","templated":true}]}}