{"id":27929,"date":"2025-04-24T11:24:10","date_gmt":"2025-04-24T09:24:10","guid":{"rendered":"https:\/\/wordpress.boc.de\/watchguard-info-portal\/?page_id=27929"},"modified":"2025-07-14T00:14:21","modified_gmt":"2025-07-13T22:14:21","slug":"sommerfest-2025-anmeldeformular","status":"publish","type":"page","link":"https:\/\/wordpress.boc.de\/watchguard-info-portal\/sommerfest-2025-anmeldeformular\/","title":{"rendered":"Sommerfest 2025 Anmeldeformular"},"content":{"rendered":"<div id=\"pl-27929\"  class=\"panel-layout\" ><div id=\"pg-27929-0\"  class=\"panel-grid panel-no-style\" ><div id=\"pgc-27929-0-0\"  class=\"panel-grid-cell\" ><div id=\"panel-27929-0-0-0\" class=\"so-panel widget widget_sow-editor panel-first-child panel-last-child\" data-index=\"0\" ><div\n\t\t\t\n\t\t\tclass=\"so-widget-sow-editor so-widget-sow-editor-base\"\n\t\t\t\n\t\t>\n<div class=\"siteorigin-widget-tinymce textwidget\">\n\t<p><img loading=\"lazy\" decoding=\"async\" class=\"aligncenter size-full wp-image-17330\" src=\"https:\/\/www.boc.de\/watchguard-info-portal\/wp-content\/uploads\/2025\/04\/Banner_Home_Sommerfest-2025.png\" alt=\"BOC Sommerfest 2025\" width=\"1915\" height=\"291\" \/><\/p>\n<h2><strong>Sommerfest 2025 Anmeldeformu<\/strong><strong>lar<\/strong><\/h2>\n<p>Wir m\u00f6chten Sie, Ihre Familie, Freunde und Arbeitskollegen ganz herzlich zu unserem diesj\u00e4hrigen Sommerfest einladen.<\/p>\n<p><b>Wann: Donnerstag, 03.07.2025 ab 14 Uhr<br \/>\nWo: Firmengel\u00e4nde der BOC IT-Security GmbH, Essener Str. 2-24, 46047 Oberhausen (<a href=\"https:\/\/goo.gl\/maps\/jXpDUT3J7o6U2KRP6\" target=\"_blank\" rel=\"noopener\">https:\/\/goo.gl\/maps\/jXpDUT3J7o6U2KRP6<\/a>)<\/b><\/p>\n<p>Es erwartet Sie ein abwechslungsreiches Programm mit kulinarischen K\u00f6stlichkeiten, erfrischenden Getr\u00e4nken &amp; einer spannenden Live-Hacking Vorf\u00fchrung.<\/p>\n<p>Lernen Sie unser Team sowie unseren Standort besser kennen und tauschen Sie sich in ungezwungener Atmosph\u00e4re \u00fcber aktuelle Produkte und Entwicklungen von WatchGuard und der IT-Branche aus.<\/p>\n<p>Wir freuen uns auf Ihr Kommen und bitten um Ihre Anmeldung mit dem folgenden Anmeldeformular, um uns die Planung zu vereinfachen.<\/p>\n<div class=\"red-button\"><a href=\"#sommerfest\">Jetzt anmelden <i class=\"fa fa-chevron-right\" style=\"font-size: 11px;\"><\/i><i class=\"fa fa-chevron-right\" style=\"font-size: 11px;\"><\/i><\/a><\/div>\n<\/div>\n<\/div><\/div><\/div><\/div><div id=\"pg-27929-1\"  class=\"panel-grid panel-no-style\" ><div id=\"pgc-27929-1-0\"  class=\"panel-grid-cell panel-grid-cell-empty\" ><\/div><div id=\"pgc-27929-1-1\"  class=\"panel-grid-cell panel-grid-cell-mobile-last\" ><div id=\"panel-27929-1-1-0\" class=\"so-panel widget widget_sow-editor panel-first-child panel-last-child\" data-index=\"1\" ><div\n\t\t\t\n\t\t\tclass=\"so-widget-sow-editor so-widget-sow-editor-base\"\n\t\t\t\n\t\t>\n<div class=\"siteorigin-widget-tinymce textwidget\">\n\t<div class=\"info-box\">\n<h3>Agenda - Wirksame Entlastung Ihres IT-Teams<\/h3>\n<div class=\"list-inside\">\n<ul>\n<li><strong>Begr\u00fc\u00dfung<\/strong> (ab 14 Uhr)<br \/>\nDurch die Gesch\u00e4ftsf\u00fchrung der BOC IT Security GmbH<\/li>\n<li><strong>Einf\u00fchrung: Was ist MDR? <\/strong><br \/>\nManaged Detection &amp; Response \u2013 Wirksame Entlastung Ihres IT-Teams durch kontinuierliche \u00dcberwachung und gezielte Reaktion auf Bedrohungen<\/li>\n<li><strong>Live Hacking <\/strong><br \/>\nEchte Angriffe, echte Gefahren \u2013 Praxisbeispiele f\u00fcr Schwachstellen und Angriffsvektoren in modernen IT-Infrastrukturen<\/li>\n<li><strong>MDR in Aktion \u2013 Die Antwort auf moderne Cyberbedrohungen<\/strong><br \/>\nWie Managed Detection &amp; Response Unternehmen 24\/7 in Echtzeit sch\u00fctzt, Angriffe fr\u00fchzeitig erkennt und deren Auswirkungen verhindert \u2013 auch dann, wenn andere Sicherheitsma\u00dfnahmen versagen<\/li>\n<li><strong>Fragerunde und Austausch <\/strong><br \/>\nIhre Fragen \u2013 unsere Antworten. Diskutieren Sie mit unseren Experten<\/li>\n<li><strong>Ausklang mit Drinks <\/strong> (ab ~17.00 Uhr)<\/li>\n<\/ul>\n<\/div>\n<\/div>\n<\/div>\n<\/div><\/div><\/div><div id=\"pgc-27929-1-2\"  class=\"panel-grid-cell panel-grid-cell-empty\" ><\/div><\/div><div id=\"pg-27929-2\"  class=\"panel-grid panel-no-style\" ><div id=\"pgc-27929-2-0\"  class=\"panel-grid-cell panel-grid-cell-empty\" ><\/div><div id=\"pgc-27929-2-1\"  class=\"panel-grid-cell panel-grid-cell-mobile-last\" ><div id=\"panel-27929-2-1-0\" class=\"so-panel widget widget_sow-editor panel-first-child panel-last-child\" data-index=\"2\" ><div\n\t\t\t\n\t\t\tclass=\"so-widget-sow-editor so-widget-sow-editor-base\"\n\t\t\t\n\t\t>\n<div class=\"siteorigin-widget-tinymce textwidget\">\n\t<h3 style=\"text-align: center;\">Anfahrtsskizze und Lageplan<\/h3>\n<p><img loading=\"lazy\" decoding=\"async\" class=\"size-full wp-image-27959 aligncenter\" src=\"https:\/\/www.boc.de\/watchguard-info-portal\/wp-content\/uploads\/2025\/04\/sommerfest-lageplan2025.png\" alt=\"\" width=\"800\" height=\"733\" srcset=\"https:\/\/wordpress.boc.de\/watchguard-info-portal\/wp-content\/uploads\/2025\/04\/sommerfest-lageplan2025.png 800w, https:\/\/wordpress.boc.de\/watchguard-info-portal\/wp-content\/uploads\/2025\/04\/sommerfest-lageplan2025-300x275.png 300w, https:\/\/wordpress.boc.de\/watchguard-info-portal\/wp-content\/uploads\/2025\/04\/sommerfest-lageplan2025-768x704.png 768w\" sizes=\"(max-width: 800px) 100vw, 800px\" \/><\/p>\n<\/div>\n<\/div><\/div><\/div><div id=\"pgc-27929-2-2\"  class=\"panel-grid-cell panel-grid-cell-empty\" ><\/div><\/div><div id=\"pg-27929-3\"  class=\"panel-grid panel-no-style\" ><div id=\"pgc-27929-3-0\"  class=\"panel-grid-cell\" ><div id=\"panel-27929-3-0-0\" class=\"widget_text so-panel widget widget_custom_html panel-first-child panel-last-child\" data-index=\"3\" ><div class=\"textwidget custom-html-widget\"><style>\n\t.red-button {\n\tdisplay: inline-block;\n    border-radius: 3px;\n    margin-top: auto;\n    background-color: #b22418;\n    border: none;\n    color: white;\n    padding: 10px 20px;\n    text-align: center;\n    font-size: 14px;\n    font-weight: 600;\n    cursor: pointer;\n    overflow: hidden;\n    position: relative;\n    align-self: flex-start;\n\t\tline-height: 35px;\n\t\tleft: 50%;\n\t\ttransform: translateX(-50%);\n}\n\n\n.red-button:hover {\n    background-color: #a11f15;\n\tcolor: white;\n\ttext-decoration:none;\n}\n\n.red-button a {\n\tfont-size: 14px;\n    font-weight: 600;\n    color: white;\n}\n.red-button a:hover {\n    color: white;\n\ttext-decoration:none;\n}\n\n.red-button:after {\n  content: \"\";\n  display: block;\n  position: absolute;\n  width: 300%;\n  height: 300%;\n  top: 50%;\n  left: 50%;\n  pointer-events: none;\n  background-image: radial-gradient(circle, #fff 10%, transparent 10.01%);\n  background-repeat: no-repeat;\n  background-position: 50%;\n  transform: translate(-50%, -50%) scale(10);\n  opacity: 0;\n  transition: transform 0.5s, opacity 1s;\n}\n \n.red-button:active:after {\n  transform: translate(-50%, -50%) scale(0);\n  opacity: 0.3;\n  transition: 0s;\n}\n\t\n\t.info-box  {\n\tbackground-color:#f2f2f2;\n\tpadding:30px 26px 20px 26px;\n\tbackground: #f9f9f9;\n    border-radius: 10px;\n\tdisplay:block;}\n\t\n\t.info-box h3 {\n\tmargin: 0 0 10px 0;\n    font-size: 26px;\n    font-weight: 700;\n    margin-bottom: 16px;\n\t\t}\n\n.info-box-internal  {\n\tpadding: 20px;\n\tbackground: #fff;\n\tborder-radius: 10px;\n\tborder: 1px #dadada solid;\n\t\t}\t\n\n .info-box .box {\n    display: flex;               \/* Aktiviert Flexbox f\u00fcr nebeneinander liegende Anordnung *\/\n    align-items: flex-start;     \/* Richtet die Elemente am oberen Rand aus *\/\n    background-color: #f9f9f9;   \/* Hintergrundfarbe des Containers *\/\n   \n}\n\n.info-box h5 {\n\tmargin: 0 0 12px 0;\n\tfont-weight: 700;\n\t font-size:18px;\n\t}\n.info-box ul {\n\tmargin-bottom:0px;\n\t}\n\t\n.list-inside ul {\n    list-style: none;    \/* Entfernt die Standard-Aufz\u00e4hlungszeichen *\/\n    padding: 0;          \/* Entfernt das Standard-Padding *\/\n    margin: 0;           \/* Entfernt den Standard-Abstand (Margin) der ul *\/\n\t\n}\n\n.list-inside ul li {\n    position: relative;\n    padding-left: 14px;  \/* Platz f\u00fcr das Symbol reservieren *\/\n}\n\n.list-inside ul li::before {\n    content: \"\\f0da\";\n    font-family: \"FontAwesome\";\n    color: #333;\n    position: absolute;\n    inset-inline-start: 0; \/* Setzt das Symbol an den Anfang des Containers (b\u00fcndig links) *\/\n    top: 0;                \/* Vertikale Ausrichtung *\/\n}\t\n\n<\/style><\/div><\/div><\/div><\/div><\/div>","protected":false},"excerpt":{"rendered":"<p>Sommerfest 2025 Anmeldeformular Wir m\u00f6chten Sie, Ihre Familie, Freunde und Arbeitskollegen ganz herzlich zu unserem diesj\u00e4hrigen Sommerfest einladen. Wann: Donnerstag, 03.07.2025 ab 14 Uhr Wo: Firmengel\u00e4nde der BOC IT-Security GmbH, Essener Str. 2-24, 46047 Oberhausen (https:\/\/goo.gl\/maps\/jXpDUT3J7o6U2KRP6) Es erwartet Sie ein abwechslungsreiches Programm mit kulinarischen K\u00f6stlichkeiten, erfrischenden Getr\u00e4nken &amp; einer spannenden Live-Hacking Vorf\u00fchrung. Lernen Sie unser Team sowie unseren Standort besser kennen und tauschen Sie sich &hellip; <a href=\"https:\/\/wordpress.boc.de\/watchguard-info-portal\/sommerfest-2025-anmeldeformular\/\" class=\"more-link\">Weiterlesen <span class=\"screen-reader-text\">Sommerfest 2025 Anmeldeformular<\/span> <span class=\"meta-nav\">&raquo;<\/span><\/a><\/p>\n","protected":false},"author":4,"featured_media":0,"parent":0,"menu_order":0,"comment_status":"closed","ping_status":"closed","template":"","meta":{"footnotes":""},"class_list":["post-27929","page","type-page","status-publish","hentry"],"_links":{"self":[{"href":"https:\/\/wordpress.boc.de\/watchguard-info-portal\/wp-json\/wp\/v2\/pages\/27929"}],"collection":[{"href":"https:\/\/wordpress.boc.de\/watchguard-info-portal\/wp-json\/wp\/v2\/pages"}],"about":[{"href":"https:\/\/wordpress.boc.de\/watchguard-info-portal\/wp-json\/wp\/v2\/types\/page"}],"author":[{"embeddable":true,"href":"https:\/\/wordpress.boc.de\/watchguard-info-portal\/wp-json\/wp\/v2\/users\/4"}],"replies":[{"embeddable":true,"href":"https:\/\/wordpress.boc.de\/watchguard-info-portal\/wp-json\/wp\/v2\/comments?post=27929"}],"version-history":[{"count":29,"href":"https:\/\/wordpress.boc.de\/watchguard-info-portal\/wp-json\/wp\/v2\/pages\/27929\/revisions"}],"predecessor-version":[{"id":28519,"href":"https:\/\/wordpress.boc.de\/watchguard-info-portal\/wp-json\/wp\/v2\/pages\/27929\/revisions\/28519"}],"wp:attachment":[{"href":"https:\/\/wordpress.boc.de\/watchguard-info-portal\/wp-json\/wp\/v2\/media?parent=27929"}],"curies":[{"name":"wp","href":"https:\/\/api.w.org\/{rel}","templated":true}]}}