{"id":27676,"date":"2025-04-01T10:06:14","date_gmt":"2025-04-01T08:06:14","guid":{"rendered":"https:\/\/wordpress.boc.de\/watchguard-info-portal\/?page_id=27676"},"modified":"2026-03-16T12:14:39","modified_gmt":"2026-03-16T11:14:39","slug":"boc-stammtisch","status":"publish","type":"page","link":"https:\/\/wordpress.boc.de\/watchguard-info-portal\/boc-stammtisch\/","title":{"rendered":"BOC Stammtisch &#8211; Networking &#038; Cybersecurity Trends"},"content":{"rendered":"<div id=\"pl-27676\"  class=\"panel-layout\" ><div id=\"pg-27676-0\"  class=\"panel-grid panel-no-style\" ><div id=\"pgc-27676-0-0\"  class=\"panel-grid-cell\" ><div id=\"panel-27676-0-0-0\" class=\"so-panel widget widget_sow-editor panel-first-child panel-last-child\" data-index=\"0\" ><div\n\t\t\t\n\t\t\tclass=\"so-widget-sow-editor so-widget-sow-editor-base\"\n\t\t\t\n\t\t>\n<div class=\"siteorigin-widget-tinymce textwidget\">\n\t<p><img loading=\"lazy\" decoding=\"async\" class=\"aligncenter size-full wp-image-27709\" src=\"https:\/\/www.boc.de\/watchguard-info-portal\/wp-content\/uploads\/2025\/03\/Boc-Stammtisch.jpg\" alt=\"BOC Stammtisch\" width=\"1161\" height=\"291\" style=\"margin-bottom: -50px;\" srcset=\"https:\/\/wordpress.boc.de\/watchguard-info-portal\/wp-content\/uploads\/2025\/03\/Boc-Stammtisch.jpg 1161w, https:\/\/wordpress.boc.de\/watchguard-info-portal\/wp-content\/uploads\/2025\/03\/Boc-Stammtisch-300x75.jpg 300w, https:\/\/wordpress.boc.de\/watchguard-info-portal\/wp-content\/uploads\/2025\/03\/Boc-Stammtisch-1024x257.jpg 1024w, https:\/\/wordpress.boc.de\/watchguard-info-portal\/wp-content\/uploads\/2025\/03\/Boc-Stammtisch-768x192.jpg 768w, https:\/\/wordpress.boc.de\/watchguard-info-portal\/wp-content\/uploads\/2025\/03\/Boc-Stammtisch-800x201.jpg 800w\" sizes=\"(max-width: 1161px) 100vw, 1161px\" \/><\/p>\n<\/div>\n<\/div><\/div><\/div><\/div><div id=\"pg-27676-1\"  class=\"panel-grid panel-no-style\" ><div id=\"pgc-27676-1-0\"  class=\"panel-grid-cell\" ><div id=\"panel-27676-1-0-0\" class=\"so-panel widget widget_sow-editor panel-first-child panel-last-child\" data-index=\"1\" ><div\n\t\t\t\n\t\t\tclass=\"so-widget-sow-editor so-widget-sow-editor-base\"\n\t\t\t\n\t\t>\n<div class=\"siteorigin-widget-tinymce textwidget\">\n\t<h2>BOC Stammtische 2026<\/h2>\n<h3>K\u00f6ln, Hamburg &amp; N\u00fcrnberg<\/h3>\n<p>Die BOC IT-Security veranstaltet in Zusammenarbeit mit WatchGuard in diesem Jahr zwei Stammtische an verschiedenen Standorten. In entspannter Atmosph\u00e4re k\u00f6nnen Sie sich mit unseren IT-Security Experten \u00fcber die neuesten Trends, Best-Practices und aktuelle Bedrohungen austauschen. Freuen Sie sich auf spannende Diskussionen, praxisnahe Einblicke und wertvolle Networking-M\u00f6glichkeiten!<\/p>\n<\/div>\n<\/div><\/div><\/div><\/div><div id=\"pg-27676-2\"  class=\"panel-grid panel-no-style\" ><div id=\"pgc-27676-2-0\"  class=\"panel-grid-cell\" ><div id=\"panel-27676-2-0-0\" class=\"so-panel widget widget_sow-editor panel-first-child panel-last-child\" data-index=\"2\" ><div\n\t\t\t\n\t\t\tclass=\"so-widget-sow-editor so-widget-sow-editor-base\"\n\t\t\t\n\t\t>\n<div class=\"siteorigin-widget-tinymce textwidget\">\n\t<div class=\"red-button\"><a href=\"https:\/\/secure.watchguard.com\/Cybersecurity-Stammtisch-2026.html?referrer=boc\" target=\"_blank\" rel=\"noopener\">Jetzt anmelden <i class=\"fa fa-chevron-right\" style=\"font-size: 11px;\"><\/i><i class=\"fa fa-chevron-right\" style=\"font-size: 11px;\"><\/i><\/a><\/div>\n<p><img decoding=\"async\" class=\"aligncenter size-full wp-image-24691\" src=\"https:\/\/boc.de\/watchguard-info-portal\/wp-content\/uploads\/2024\/09\/best-preis-logo.png\" alt=\"\" width=\"599\" srcset=\"https:\/\/wordpress.boc.de\/watchguard-info-portal\/wp-content\/uploads\/2024\/09\/best-preis-logo.png 599w, https:\/\/wordpress.boc.de\/watchguard-info-portal\/wp-content\/uploads\/2024\/09\/best-preis-logo-300x39.png 300w\" sizes=\"(max-width: 599px) 100vw, 599px\" \/><\/p>\n<\/div>\n<\/div><\/div><\/div><\/div><div id=\"pg-27676-3\"  class=\"panel-grid panel-no-style\" ><div id=\"pgc-27676-3-0\"  class=\"panel-grid-cell\" ><div id=\"panel-27676-3-0-0\" class=\"so-panel widget widget_sow-editor panel-first-child panel-last-child\" data-index=\"3\" ><div\n\t\t\t\n\t\t\tclass=\"so-widget-sow-editor so-widget-sow-editor-base\"\n\t\t\t\n\t\t>\n<div class=\"siteorigin-widget-tinymce textwidget\">\n\t<div class=\"info-box\">\n<h3>Termine und Locations<\/h3>\n<div class=\"list-inside\">\n<ul>\n<li><strong>28.05.2026 K\u00f6ln<\/strong> \u2013 Abacco's Steakhouse<\/li>\n<li><strong>01.06.2026 Hamburg<\/strong> \u2013 Hofbr\u00e4u Wirtshaus Esplanade<\/li>\n<li><strong>02.07.2026 N\u00fcrnberg<\/strong> \u2013 Bruderherz Brauwerkstatt<\/li>\n<\/ul>\n<\/div>\n<\/div>\n<\/div>\n<\/div><\/div><\/div><div id=\"pgc-27676-3-1\"  class=\"panel-grid-cell\" ><div id=\"panel-27676-3-1-0\" class=\"so-panel widget widget_sow-editor panel-first-child panel-last-child\" data-index=\"4\" ><div\n\t\t\t\n\t\t\tclass=\"so-widget-sow-editor so-widget-sow-editor-base\"\n\t\t\t\n\t\t>\n<div class=\"siteorigin-widget-tinymce textwidget\">\n\t<div class=\"info-box\">\n<h3>Agenda<\/h3>\n<div class=\"list-inside\">\n<ul>\n<li>16:00 - 16:30 \u2013 Ankunft<\/li>\n<li>16:30 - 17:30 \u2013 Zeit zum Fachsimpeln oder 1:1-Gespr\u00e4che<\/li>\n<li>17:30 - 19:00 \u2013 gem\u00fctliches Abendessen<\/li>\n<li>19:00 - Open End<\/li>\n<\/ul>\n<\/div>\n<\/div>\n<\/div>\n<\/div><\/div><\/div><\/div><div id=\"pg-27676-4\"  class=\"panel-grid panel-no-style\" ><div id=\"pgc-27676-4-0\"  class=\"panel-grid-cell\" ><div id=\"panel-27676-4-0-0\" class=\"so-panel widget widget_sow-editor panel-first-child panel-last-child\" data-index=\"5\" ><div\n\t\t\t\n\t\t\tclass=\"so-widget-sow-editor so-widget-sow-editor-base\"\n\t\t\t\n\t\t>\n<div class=\"siteorigin-widget-tinymce textwidget\">\n\t<div class=\"info-box\">\n<div class=\"box\"><i class=\"fa fa-check-circle\" style=\"font-size: 52px; color: #b22418; margin-right: 30px;\" aria-hidden=\"true\"><\/i><\/p>\n<p>&nbsp;<\/p>\n<p>&nbsp;<\/p>\n<div class=\"text-content\">\n<h5>Informeller Charakter<\/h5>\n<p>Wir informieren Sie \u00fcber die aktuellsten Trends &amp; Produkte von WatchGuard mit spannenden Einblicken hinter die Kulisse!<\/p>\n<\/div>\n<\/div>\n<\/div>\n<\/div>\n<\/div><\/div><\/div><div id=\"pgc-27676-4-1\"  class=\"panel-grid-cell\" ><div id=\"panel-27676-4-1-0\" class=\"so-panel widget widget_sow-editor panel-first-child panel-last-child\" data-index=\"6\" ><div\n\t\t\t\n\t\t\tclass=\"so-widget-sow-editor so-widget-sow-editor-base\"\n\t\t\t\n\t\t>\n<div class=\"siteorigin-widget-tinymce textwidget\">\n\t<div class=\"info-box\">\n<div class=\"box\"><i class=\"fa fa-check-circle\" style=\"font-size: 52px; color: #b22418; margin-right: 30px;\" aria-hidden=\"true\"><\/i><\/p>\n<p>&nbsp;<\/p>\n<p>&nbsp;<\/p>\n<p>&nbsp;<\/p>\n<div class=\"text-content\">\n<h5>Entspannte Atmosph\u00e4re<\/h5>\n<p>Die Umgebung ist bewusst locker gew\u00e4hlt, um den Austausch zu erleichtern. Neben gutem Essen gibt es auch Kaltgetr\u00e4nke.<\/p>\n<\/div>\n<\/div>\n<\/div>\n<\/div>\n<\/div><\/div><\/div><div id=\"pgc-27676-4-2\"  class=\"panel-grid-cell\" ><div id=\"panel-27676-4-2-0\" class=\"so-panel widget widget_sow-editor panel-first-child panel-last-child\" data-index=\"7\" ><div\n\t\t\t\n\t\t\tclass=\"so-widget-sow-editor so-widget-sow-editor-base\"\n\t\t\t\n\t\t>\n<div class=\"siteorigin-widget-tinymce textwidget\">\n\t<div class=\"info-box\">\n<div class=\"box\"><i class=\"fa fa-check-circle\" style=\"font-size: 52px; color: #b22418; margin-right: 30px;\" aria-hidden=\"true\"><\/i><\/p>\n<p>&nbsp;<\/p>\n<p>&nbsp;<\/p>\n<div class=\"text-content\">\n<h5>Begrenzte Teilnehmerzahl<\/h5>\n<p>Durch eine \u00fcberschaubare Gruppe bleibt der Stammtisch pers\u00f6nlich und bietet die M\u00f6glichkeit, sich aktiv einzubringen.<\/p>\n<\/div>\n<\/div>\n<\/div>\n<\/div>\n<\/div><\/div><\/div><\/div><div id=\"pg-27676-5\"  class=\"panel-grid panel-no-style\" ><div id=\"pgc-27676-5-0\"  class=\"panel-grid-cell panel-grid-cell-empty\" ><\/div><div id=\"pgc-27676-5-1\"  class=\"panel-grid-cell panel-grid-cell-empty panel-grid-cell-mobile-last\" ><\/div><div id=\"pgc-27676-5-2\"  class=\"panel-grid-cell panel-grid-cell-empty\" ><\/div><\/div><div id=\"pg-27676-6\"  class=\"panel-grid panel-no-style\" ><div id=\"pgc-27676-6-0\"  class=\"panel-grid-cell\" ><div id=\"panel-27676-6-0-0\" class=\"widget_text so-panel widget widget_custom_html panel-first-child panel-last-child\" data-index=\"8\" ><div class=\"textwidget custom-html-widget\"><style>\n\t.red-button {\n\tdisplay: inline-block;\n    border-radius: 3px;\n    margin-top: auto;\n    background-color: #b22418;\n    border: none;\n    color: white;\n    padding: 10px 20px;\n    text-align: center;\n    font-size: 14px;\n    font-weight: 600;\n    cursor: pointer;\n    overflow: hidden;\n    position: relative;\n    align-self: flex-start;\n\t\tline-height: 35px;\n\t\tleft: 50%;\n\t\ttransform: translateX(-50%);\n}\n\n\n.red-button:hover {\n    background-color: #a11f15;\n\tcolor: white;\n\ttext-decoration:none;\n}\n\n.red-button a {\n\tfont-size: 14px;\n    font-weight: 600;\n    color: white;\n}\n.red-button a:hover {\n    color: white;\n\ttext-decoration:none;\n}\n\n.red-button:after {\n  content: \"\";\n  display: block;\n  position: absolute;\n  width: 300%;\n  height: 300%;\n  top: 50%;\n  left: 50%;\n  pointer-events: none;\n  background-image: radial-gradient(circle, #fff 10%, transparent 10.01%);\n  background-repeat: no-repeat;\n  background-position: 50%;\n  transform: translate(-50%, -50%) scale(10);\n  opacity: 0;\n  transition: transform 0.5s, opacity 1s;\n}\n \n.red-button:active:after {\n  transform: translate(-50%, -50%) scale(0);\n  opacity: 0.3;\n  transition: 0s;\n}\n\t\n\t.info-box  {\n\tbackground-color:#f2f2f2;\n\tpadding:30px 26px 20px 26px;\n\tbackground: #f9f9f9;\n    border-radius: 10px;\n\tdisplay:block;}\n\t\n\t.info-box h3 {\n\tmargin: 0 0 10px 0;\n    font-size: 26px;\n    font-weight: 700;\n    margin-bottom: 16px;\n\t\t}\n\n.info-box-internal  {\n\tpadding: 20px;\n\tbackground: #fff;\n\tborder-radius: 10px;\n\tborder: 1px #dadada solid;\n\t\t}\t\n\n .info-box .box {\n    display: flex;               \/* Aktiviert Flexbox f\u00fcr nebeneinander liegende Anordnung *\/\n    align-items: flex-start;     \/* Richtet die Elemente am oberen Rand aus *\/\n    background-color: #f9f9f9;   \/* Hintergrundfarbe des Containers *\/\n   \n}\n\n.info-box h5 {\n\tmargin: 0 0 12px 0;\n\tfont-weight: 700;\n\t font-size:18px;\n\t}\n.info-box ul {\n\tmargin-bottom:0px;\n\t}\n\t\n.list-inside ul {\n    list-style: none;    \/* Entfernt die Standard-Aufz\u00e4hlungszeichen *\/\n    padding: 0;          \/* Entfernt das Standard-Padding *\/\n    margin: 0;           \/* Entfernt den Standard-Abstand (Margin) der ul *\/\n\t\n}\n\n.list-inside ul li {\n    position: relative;\n    padding-left: 14px;  \/* Platz f\u00fcr das Symbol reservieren *\/\n}\n\n.list-inside ul li::before {\n    content: \"\\f0da\";\n    font-family: \"FontAwesome\";\n    color: #333;\n    position: absolute;\n    inset-inline-start: 0; \/* Setzt das Symbol an den Anfang des Containers (b\u00fcndig links) *\/\n    top: 0;                \/* Vertikale Ausrichtung *\/\n}\t\n\n<\/style><\/div><\/div><\/div><\/div><\/div>","protected":false},"excerpt":{"rendered":"<p>BOC Stammtische 2026 K\u00f6ln, Hamburg &amp; N\u00fcrnberg Die BOC IT-Security veranstaltet in Zusammenarbeit mit WatchGuard in diesem Jahr zwei Stammtische an verschiedenen Standorten. In entspannter Atmosph\u00e4re k\u00f6nnen Sie sich mit unseren IT-Security Experten \u00fcber die neuesten Trends, Best-Practices und aktuelle Bedrohungen austauschen. Freuen Sie sich auf spannende Diskussionen, praxisnahe Einblicke und wertvolle Networking-M\u00f6glichkeiten!<\/p>\n","protected":false},"author":4,"featured_media":0,"parent":0,"menu_order":0,"comment_status":"closed","ping_status":"closed","template":"","meta":{"footnotes":""},"class_list":["post-27676","page","type-page","status-publish","hentry"],"_links":{"self":[{"href":"https:\/\/wordpress.boc.de\/watchguard-info-portal\/wp-json\/wp\/v2\/pages\/27676"}],"collection":[{"href":"https:\/\/wordpress.boc.de\/watchguard-info-portal\/wp-json\/wp\/v2\/pages"}],"about":[{"href":"https:\/\/wordpress.boc.de\/watchguard-info-portal\/wp-json\/wp\/v2\/types\/page"}],"author":[{"embeddable":true,"href":"https:\/\/wordpress.boc.de\/watchguard-info-portal\/wp-json\/wp\/v2\/users\/4"}],"replies":[{"embeddable":true,"href":"https:\/\/wordpress.boc.de\/watchguard-info-portal\/wp-json\/wp\/v2\/comments?post=27676"}],"version-history":[{"count":42,"href":"https:\/\/wordpress.boc.de\/watchguard-info-portal\/wp-json\/wp\/v2\/pages\/27676\/revisions"}],"predecessor-version":[{"id":30557,"href":"https:\/\/wordpress.boc.de\/watchguard-info-portal\/wp-json\/wp\/v2\/pages\/27676\/revisions\/30557"}],"wp:attachment":[{"href":"https:\/\/wordpress.boc.de\/watchguard-info-portal\/wp-json\/wp\/v2\/media?parent=27676"}],"curies":[{"name":"wp","href":"https:\/\/api.w.org\/{rel}","templated":true}]}}