{"id":27340,"date":"2025-03-17T12:11:31","date_gmt":"2025-03-17T11:11:31","guid":{"rendered":"https:\/\/wordpress.boc.de\/watchguard-info-portal\/?page_id=27340"},"modified":"2026-04-01T18:18:23","modified_gmt":"2026-04-01T16:18:23","slug":"jetzt-auf-managed-security-mit-boc-umsteigen","status":"publish","type":"page","link":"https:\/\/wordpress.boc.de\/watchguard-info-portal\/jetzt-auf-managed-security-mit-boc-umsteigen\/","title":{"rendered":"Jetzt auf Managed Security mit BOC umsteigen!"},"content":{"rendered":"<div id=\"pl-27340\"  class=\"panel-layout\" ><div id=\"pg-27340-0\"  class=\"panel-grid panel-no-style\" ><div id=\"pgc-27340-0-0\"  class=\"panel-grid-cell\" ><div id=\"panel-27340-0-0-0\" class=\"widget_text so-panel widget widget_custom_html panel-first-child panel-last-child\" data-index=\"0\" ><div class=\"textwidget custom-html-widget\"><style>\n    #content { width: 100%; }\n\t\n\t.nis2-top-bar  {\n    top: 0;\n    left: 0;\n    width: 100%;\n    background-color: #b62318;\n    color: #fff;\n    padding: 2rem;\n    z-index: 1000; \n\t  position: static;\n\t\tfont-weight: 600;\n\t\tfont-size: 1.4rem;\n\t\tborder-radius: 10px;\n\t\tjustify-content: center;\n}\n\t\n\t\t.nis2-check-bar  {\n    background-color: #b62318;\n    color: #fff;\n    padding: 2rem;\n    z-index: 1000; \n\t\tfont-weight: 600;\n\t\tfont-size: 1.4rem;\n\t\tborder-radius: 10px;\n\t\ttext-align: center;\n}\n\t\n\t.red-button {\n\tdisplay: block;\n    border-radius: 3px;\n    margin-top: auto;\n    background-color: #b22418;\n    border: none;\n    color: white;\n    padding: 10px 20px;\n    text-align: center;\n    font-size: 14px;\n    font-weight: 600;\n    cursor: pointer;\n    overflow: hidden;\n    position: relative;\n    align-self: flex-start;\n\t\tline-height: 35px;\n}\n\n\t.white-button {\n\tdisplay: inline-block;\n    border-radius: 3px;\n    margin-top: auto;\n    background-color: #fff;\n    border: none;\n    color: #b22418;\n    padding: 10px 20px;\n    text-align: center;\n    font-size: 14px;\n    font-weight: 600;\n    cursor: pointer;\n    overflow: hidden;\n    position: relative;\n    align-self: flex-start;\n\t\tline-height: 35px;\n}\n\n.red-button:hover {\n    background-color: #a11f15;\n\tcolor: white;\n\ttext-decoration:none;\n}\n\t\n\t.white-button:hover {\n    background-color: #f9f9f9;\n\tcolor: #b22418;\n\ttext-decoration:none;\n}\n\t\n\t.white-button a {\n\tfont-size: 14px;\n    font-weight: 600;\n    color: #b22418;\n}\n\t\n\t.white-button a:hover {\n    color: #b22418;\n\ttext-decoration:none;\n}\n\n.red-button a {\n\tfont-size: 14px;\n    font-weight: 600;\n    color: white;\n}\n.red-button a:hover {\n    color: white;\n\ttext-decoration:none;\n}\n\n.red-button:after {\n  content: \"\";\n  display: block;\n  position: absolute;\n  width: 300%;\n  height: 300%;\n  top: 50%;\n  left: 50%;\n  pointer-events: none;\n  background-image: radial-gradient(circle, #fff 10%, transparent 10.01%);\n  background-repeat: no-repeat;\n  background-position: 50%;\n  transform: translate(-50%, -50%) scale(10);\n  opacity: 0;\n  transition: transform 0.5s, opacity 1s;\n}\n \n.red-button:active:after {\n  transform: translate(-50%, -50%) scale(0);\n  opacity: 0.3;\n  transition: 0s;\n}\n\t\n\t\t.info-box-white  {\n\twidth: 300px;\n\tmargin: auto;\n\tdisplay:block;}\t\n\t\n\t.info-box  {\n\tbackground-color:#f2f2f2;\n\tpadding:30px 26px 20px 26px;\n\tbackground: #f9f9f9;\n    border-radius: 10px;\n\tdisplay:block;}\n\t\n\t.info-box h3 {\n\tmargin: 0 0 10px 0;\n    font-size: 26px;\n    font-weight: 700;\n    margin-bottom: 16px;\n\t\t}\n\t\n\t\t.info-box h2 {\n\tmargin: 0 0 30px 0;\n\t\t}\n\n.info-box-internal  {\n\tpadding: 20px;\n\tbackground: #fff;\n\tborder-radius: 10px;\n\tborder: 1px #dadada solid;\n\t\t}\t\n\n .info-box .box {\n    display: flex;               \/* Aktiviert Flexbox f\u00fcr nebeneinander liegende Anordnung *\/\n    align-items: flex-start;     \/* Richtet die Elemente am oberen Rand aus *\/\n    background-color: #f9f9f9;   \/* Hintergrundfarbe des Containers *\/\n   \n}\n\n.info-box h5 {\n\tmargin: 0 0 12px 0;\n\tfont-weight: 700;\n\t font-size:18px;\n\t}\n.info-box ul {\n\tmargin-bottom:0px;\n\t}\n\t\n\t.su-accordion .su-spoiler{\n\t\tbackground-color: #fff;\n\t\tpadding: 15px;\n\t\tbox-shadow: 0 2px 0;\n\t\tborder-radius: 4px;\n\t}\n\t\n\t.su-spoiler-style-default>.su-spoiler-title {\n\t\tfont-size: 18px;\n\t} \n\n<\/style><\/div><\/div><\/div><\/div><div id=\"pg-27340-1\"  class=\"panel-grid panel-no-style\" ><div id=\"pgc-27340-1-0\"  class=\"panel-grid-cell\" ><div id=\"panel-27340-1-0-0\" class=\"so-panel widget widget_sow-editor panel-first-child panel-last-child\" data-index=\"1\" ><div class=\"so-rounded panel-widget-style panel-widget-style-for-27340-1-0-0\" ><div\n\t\t\t\n\t\t\tclass=\"so-widget-sow-editor so-widget-sow-editor-base\"\n\t\t\t\n\t\t>\n<div class=\"siteorigin-widget-tinymce textwidget\">\n\t<div style=\"background-color: #0000004d; padding: 20px;\">\n<h1 style=\"color: #fff; font-size: 39px;\">Jetzt auf Managed Security mit BOC umsteigen!<\/h1>\n<div class=\"su-list\" style=\"margin-left:0px\"><\/p>\n<ul>\n<li style=\"color: #fff; font-size: 1.22rem;\"><i class=\"sui sui-chevron-circle-right\"><\/i>Managed Security Services auf h\u00f6chstem Niveau \u2013 Wir sind WatchGuard Platinum sowie Training Partner (einzigartig in der Kombination)<\/li>\n<li style=\"color: #fff; font-size: 1.22rem;\"><i class=\"sui sui-chevron-circle-right\"><\/i>Betreuung durch ausnahmslos WatchGuard-zertifizierte Techniker und Trainer<\/li>\n<li style=\"color: #fff; font-size: 1.22rem;\"><i class=\"sui sui-chevron-circle-right\"><\/i>Kontinuierliche H\u00e4rtung Ihrer Umgebung mit regelm\u00e4\u00dfigen Jour Fixes \u2013 immer gemeinsam inkl. Wissenstransfer<\/li>\n<li style=\"color: #fff; font-size: 1.22rem;\"><i class=\"sui sui-chevron-circle-right\"><\/i>Optional erweiterbar mit 24\/7\/365 SOC vom WatchGuard MDR Team<\/li>\n<\/ul>\n<p><\/div>\n<\/div>\n<\/div>\n<\/div><\/div><\/div><\/div><\/div><div id=\"pg-27340-2\"  class=\"panel-grid panel-no-style\" ><div id=\"pgc-27340-2-0\"  class=\"panel-grid-cell\" ><div id=\"panel-27340-2-0-0\" class=\"so-panel widget widget_sow-editor panel-first-child panel-last-child\" data-index=\"2\" ><div\n\t\t\t\n\t\t\tclass=\"so-widget-sow-editor so-widget-sow-editor-base\"\n\t\t\t\n\t\t>\n<div class=\"siteorigin-widget-tinymce textwidget\">\n\t<div class=\"info-box-white\">\n<p><img decoding=\"async\" src=\"https:\/\/www.boc.de\/watchguard-info-portal\/wp-content\/uploads\/2025\/03\/maik-lumler-white.jpg\" alt=\"Maik Lumler - Gesch\u00e4ftsf\u00fchrer BOC IT-Security\" width=\"270\" \/><\/p>\n<h5 style=\"margin-top: -5px; margin-bottom: 0px;\">Maik Lumler<\/h5>\n<p>Gesch\u00e4ftsf\u00fchrer BOC IT-Security GmbH<br \/>\n<i class=\"fa fa-phone\" aria-hidden=\"true\"><\/i> 0208 8596400<\/p>\n<\/div>\n<\/div>\n<\/div><\/div><\/div><div id=\"pgc-27340-2-1\"  class=\"panel-grid-cell\" ><div id=\"panel-27340-2-1-0\" class=\"so-panel widget widget_sow-editor panel-first-child panel-last-child\" data-index=\"3\" ><div\n\t\t\t\n\t\t\tclass=\"so-widget-sow-editor so-widget-sow-editor-base\"\n\t\t\t\n\t\t>\n<div class=\"siteorigin-widget-tinymce textwidget\">\n\t<div class=\"info-box\">\n<div class=\"text-content\">\n<h2>Sichern Sie sich Ihre kostenlose Erstberatung<\/h2>\n<p>Sie setzen aktuell WatchGuard-Produkte in Ihrer IT-Infrastruktur ein? Mit unseren Managed Services entlasten Sie Ihr IT-Team von Routineaufgaben, steigern Sicherheit und Verf\u00fcgbarkeit durch 24\/7\/365-\u00dcberwachung und profitieren von planbaren Kosten. So erh\u00f6hen Sie Effizienz, minimieren Risiken und gewinnen Freiraum f\u00fcrs Kerngesch\u00e4ft.<\/p>\n<p>Setzen Sie weiterhin auf bew\u00e4hrte WatchGuard-Technologie und nutzen Sie jetzt die Gelegenheit: Vereinbaren Sie ein 30-min\u00fctiges, kostenfreies Beratungsgespr\u00e4ch mit uns und profitieren Sie von unseren Managed Services!<\/p>\n<div class=\"red-button\"><a href=\"#managed\">Jetzt kostenlose Erstberatung sichern <i class=\"fa fa-chevron-right\" style=\"font-size: 11px;\"><\/i><i class=\"fa fa-chevron-right\" style=\"font-size: 11px;\"><\/i><\/a><\/div>\n<\/div>\n<\/div>\n<\/div>\n<\/div><\/div><\/div><div id=\"pgc-27340-2-2\"  class=\"panel-grid-cell\" ><div id=\"panel-27340-2-2-0\" class=\"so-panel widget widget_sow-editor panel-first-child panel-last-child\" data-index=\"4\" ><div\n\t\t\t\n\t\t\tclass=\"so-widget-sow-editor so-widget-sow-editor-base\"\n\t\t\t\n\t\t>\n<div class=\"siteorigin-widget-tinymce textwidget\">\n\t<div class=\"info-box-white\">\n<div class=\"payment-methods row medium-collapse\" style=\"display: flex; flex-wrap: wrap; padding: 5px 30px 0px 30px;\"><img decoding=\"async\" style=\"width: 100px; height: 160px; margin-right: 26px;\" src=\"\/watchguard-info-portal\/wp-content\/uploads\/2024\/03\/boc-boc_watchguard_partnerschaft_25_jahre-new.png\" alt=\"25 Jahre WatchGuard Partner\" \/><br \/>\n<a style=\"margin-top: -25px;\" href=\"https:\/\/vdp-polizei.de\/praeventionssiegel\/\" target=\"_blank\" rel=\"noopener noreferrer\"><br \/>\n<img decoding=\"async\" style=\"width: 140px;\" src=\"\/watchguard-info-portal\/wp-content\/uploads\/2024\/06\/VDP_Praeventionssiegel_Cybersicherheit_bronze_klein.png\" alt=\"Pr\u00e4ventions-Partner 2024\" \/><br \/>\n<\/a><br \/>\n<img decoding=\"async\" style=\"width: 240px; margin-top: 16px;\" src=\"\/watchguard-info-portal\/wp-content\/uploads\/2024\/06\/2024-web-partner-9397.jpg\" alt=\"Starker Partner 2024\" \/><br \/>\n<img decoding=\"async\" style=\"width: 263px; margin-top: 16px; margin-left: -12px;\" src=\"https:\/\/www.boc.de\/watchguard-info-portal\/wp-content\/uploads\/2019\/08\/WatchGuard_Platinum_Logo_transparent.png\" alt=\"\" \/><\/div>\n<\/div>\n<\/div>\n<\/div><\/div><\/div><\/div><div id=\"pg-27340-3\"  class=\"panel-grid panel-no-style\" ><div id=\"pgc-27340-3-0\"  class=\"panel-grid-cell\" ><div id=\"panel-27340-3-0-0\" class=\"so-panel widget widget_sow-editor panel-first-child panel-last-child\" data-index=\"5\" ><div\n\t\t\t\n\t\t\tclass=\"so-widget-sow-editor so-widget-sow-editor-base\"\n\t\t\t\n\t\t>\n<div class=\"siteorigin-widget-tinymce textwidget\">\n\t<div class=\"info-box\">\n<div class=\"box\"><i class=\"fa fa-check-circle\" style=\"font-size: 52px; color: #b22418; margin-right: 30px;\" aria-hidden=\"true\"><\/i><\/p>\n<div class=\"text-content\">\n<h5>Transparente Kosten<\/h5>\n<p>Wir bieten Ihnen transparente und faire Preise, ohne versteckte Geb\u00fchren oder unerwartete Mehrkosten.<\/p>\n<\/div>\n<\/div>\n<\/div>\n<\/div>\n<\/div><\/div><\/div><div id=\"pgc-27340-3-1\"  class=\"panel-grid-cell\" ><div id=\"panel-27340-3-1-0\" class=\"so-panel widget widget_sow-editor panel-first-child panel-last-child\" data-index=\"6\" ><div\n\t\t\t\n\t\t\tclass=\"so-widget-sow-editor so-widget-sow-editor-base\"\n\t\t\t\n\t\t>\n<div class=\"siteorigin-widget-tinymce textwidget\">\n\t<div class=\"info-box\">\n<div class=\"box\"><i class=\"fa fa-check-circle\" style=\"font-size: 52px; color: #b22418; margin-right: 30px;\" aria-hidden=\"true\"><\/i><\/p>\n<div class=\"text-content\">\n<h5>nahtlose \u00dcbernahme des Supports<\/h5>\n<p>Unser erfahrenes Team sorgt f\u00fcr einen reibungslosen \u00dcbergang, damit Ihre IT-Sicherheit weiterhin gew\u00e4hrleistet ist und keine Ausfallzeiten entstehen.<\/p>\n<\/div>\n<\/div>\n<\/div>\n<\/div>\n<\/div><\/div><\/div><div id=\"pgc-27340-3-2\"  class=\"panel-grid-cell\" ><div id=\"panel-27340-3-2-0\" class=\"so-panel widget widget_sow-editor panel-first-child panel-last-child\" data-index=\"7\" ><div\n\t\t\t\n\t\t\tclass=\"so-widget-sow-editor so-widget-sow-editor-base\"\n\t\t\t\n\t\t>\n<div class=\"siteorigin-widget-tinymce textwidget\">\n\t<div class=\"info-box\">\n<div class=\"box\"><i class=\"fa fa-check-circle\" style=\"font-size: 52px; color: #b22418; margin-right: 30px;\" aria-hidden=\"true\"><\/i><\/p>\n<div class=\"text-content\">\n<h5>professionelle Beratung &amp; Betreuung<\/h5>\n<p>Sie erhalten eine individuelle Beratung und ma\u00dfgeschneiderte Sicherheitsl\u00f6sungen, die perfekt auf Ihre Anforderungen abgestimmt sind.<\/p>\n<\/div>\n<\/div>\n<\/div>\n<\/div>\n<\/div><\/div><\/div><\/div><div id=\"pg-27340-4\"  class=\"panel-grid panel-no-style\" ><div id=\"pgc-27340-4-0\"  class=\"panel-grid-cell\" ><div id=\"panel-27340-4-0-0\" class=\"so-panel widget widget_sow-editor panel-first-child panel-last-child\" data-index=\"8\" ><div\n\t\t\t\n\t\t\tclass=\"so-widget-sow-editor so-widget-sow-editor-base\"\n\t\t\t\n\t\t>\n<div class=\"siteorigin-widget-tinymce textwidget\">\n\t<div class=\"nis2-check-bar\">254 WatchGuard-Zertifikate<\/p>\n<p style=\"color: white; margin-top: 10px; font-weight: 400;\">Unser Team ist mit 254 WatchGuard-Zertifikaten ausgezeichnet und vereint umfassendes Know-How sowie tiefgehende Expertise im Bereich IT-Sicherheit. Zudem verf\u00fcgen nur wir \u00fcber 4 WatchGuard Certified Trainer (WCT).<\/p>\n<p><img decoding=\"async\" style=\"margin-top: -10px; margin-bottom: -40px;\" src=\"https:\/\/www.boc.de\/watchguard-info-portal\/wp-content\/uploads\/2025\/03\/BOC-Zertifikate_Website-transparent.png\" alt=\"Zertifikate Wand\" width=\"613\" \/><\/p>\n<\/div>\n<\/div>\n<\/div><\/div><\/div><div id=\"pgc-27340-4-1\"  class=\"panel-grid-cell\" ><div id=\"panel-27340-4-1-0\" class=\"so-panel widget widget_sow-editor panel-first-child panel-last-child\" data-index=\"9\" ><div\n\t\t\t\n\t\t\tclass=\"so-widget-sow-editor so-widget-sow-editor-base\"\n\t\t\t\n\t\t>\n<div class=\"siteorigin-widget-tinymce textwidget\">\n\t<div class=\"nis2-check-bar\">Unsere 13 Servicestandpunkte in ganz Deutschland<\/p>\n<p><img decoding=\"async\" src=\"https:\/\/www.boc.de\/watchguard-info-portal\/wp-content\/uploads\/2025\/10\/map-boc-standorte.png\" alt=\"\" width=\"277\" style=\"margin-top: -10px; margin-bottom: -40px;\"\/><\/p>\n<\/div>\n<\/div>\n<\/div><\/div><\/div><\/div><div id=\"pg-27340-5\"  class=\"panel-grid panel-no-style\" ><div id=\"pgc-27340-5-0\"  class=\"panel-grid-cell\" ><div id=\"panel-27340-5-0-0\" class=\"so-panel widget widget_sow-editor panel-first-child panel-last-child\" data-index=\"10\" ><div\n\t\t\t\n\t\t\tclass=\"so-widget-sow-editor so-widget-sow-editor-base\"\n\t\t\t\n\t\t>\n<div class=\"siteorigin-widget-tinymce textwidget\">\n\t<div class=\"info-box\">\n<div class=\"box\">\n<div class=\"text-content\">\n<h2 id=\"faq\">Die wichtigsten Fragen und Antworten<\/h2>\n<div class=\"su-accordion su-u-trim\"><br \/>\n<div class=\"su-spoiler su-spoiler-style-default su-spoiler-icon-plus su-spoiler-closed\" data-scroll-offset=\"0\" data-anchor-in-url=\"no\"><div class=\"su-spoiler-title\" tabindex=\"0\" role=\"button\"><span class=\"su-spoiler-icon\"><\/span>Wie schnell kann der Support \u00fcbernommen werden?<\/div><div class=\"su-spoiler-content su-u-clearfix su-u-trim\">In der Regel \u00fcbernehmen wir den Support nahtlos und ohne Unterbrechung - Kundenservice und Kundenzufriedenheit steht bei uns an erster Stelle!<\/div><\/div><br \/>\n<div class=\"su-spoiler su-spoiler-style-default su-spoiler-icon-plus su-spoiler-closed\" data-scroll-offset=\"0\" data-anchor-in-url=\"no\"><div class=\"su-spoiler-title\" tabindex=\"0\" role=\"button\"><span class=\"su-spoiler-icon\"><\/span>Haben Sie Erfahrung mit WatchGuard-Produkten?<\/div><div class=\"su-spoiler-content su-u-clearfix su-u-trim\">Ja, unser Team besteht aus zertifizierten Experten mit langj\u00e4hriger Erfahrung und tiefgr\u00fcndigem WatchGuard Know-How. Wir sind seit \u00fcber 25 Jahren auf WatchGuard spezialisiert und haben als WatchGuard Platinum Partner die h\u00f6chste Qualifizierungsstufe erreicht. Au\u00dferdem sind wir Certified Training Partner und bieten regelm\u00e4\u00dfig Schulungen zu WatchGuard-Produkten an.<\/div><\/div><br \/>\n<div class=\"su-spoiler su-spoiler-style-default su-spoiler-icon-plus su-spoiler-closed\" data-scroll-offset=\"0\" data-anchor-in-url=\"no\"><div class=\"su-spoiler-title\" tabindex=\"0\" role=\"button\"><span class=\"su-spoiler-icon\"><\/span>Gibt es einen 24\/7\/365-Schutz?<\/div><div class=\"su-spoiler-content su-u-clearfix su-u-trim\">Ja, mit dem WatchGuard Managed Detection &amp; Response (MDR)-Service bieten wir einen umfassenden 24\/7-Schutz. WatchGuards Sicherheitsteam \u00fcberwacht dabei Ihre Systeme rund um die Uhr, erkennt Bedrohungen in Echtzeit und ergreift sofort Ma\u00dfnahmen, um Angriffe zu verhindern oder zu minimieren. Einen Vergleich der MDR-Services finden Sie unter <a href=\"https:\/\/www.boc.de\/mdrvergleich\">https:\/\/www.boc.de\/mdrvergleich<\/a>.<\/div><\/div><br \/>\n<\/div>\n<\/div>\n<\/div>\n<\/div>\n<\/div>\n<\/div><\/div><\/div><\/div><div id=\"pg-27340-6\"  class=\"panel-grid panel-no-style\" ><div id=\"pgc-27340-6-0\"  class=\"panel-grid-cell panel-grid-cell-empty\" ><\/div><div id=\"pgc-27340-6-1\"  class=\"panel-grid-cell panel-grid-cell-mobile-last\" ><div id=\"panel-27340-6-1-0\" class=\"so-panel widget widget_sow-editor panel-first-child panel-last-child\" data-index=\"11\" ><div\n\t\t\t\n\t\t\tclass=\"so-widget-sow-editor so-widget-sow-editor-base\"\n\t\t\t\n\t\t>\n<div class=\"siteorigin-widget-tinymce textwidget\">\n\t<div id=\"managed\" class=\"info-box\">\n<div class=\"wpcf7 no-js\" id=\"wpcf7-f27400-o1\" lang=\"de-DE\" dir=\"ltr\">\n<div class=\"screen-reader-response\"><p role=\"status\" aria-live=\"polite\" aria-atomic=\"true\"><\/p> <ul><\/ul><\/div>\n<form action=\"\/watchguard-info-portal\/wp-json\/wp\/v2\/pages\/27340#wpcf7-f27400-o1\" method=\"post\" class=\"wpcf7-form init cf7mls-no-scroll cf7mls-auto-return-first-step cf7mls-no-moving-animation\" aria-label=\"Kontaktformular\" novalidate=\"novalidate\" data-status=\"init\">\n<div style=\"display: none;\">\n<input type=\"hidden\" name=\"_wpcf7\" value=\"27400\" \/>\n<input type=\"hidden\" name=\"_wpcf7_version\" value=\"5.9.8\" \/>\n<input type=\"hidden\" name=\"_wpcf7_locale\" value=\"de_DE\" \/>\n<input type=\"hidden\" name=\"_wpcf7_unit_tag\" value=\"wpcf7-f27400-o1\" \/>\n<input type=\"hidden\" name=\"_wpcf7_container_post\" value=\"0\" \/>\n<input type=\"hidden\" name=\"_wpcf7_posted_data_hash\" value=\"\" \/>\n<\/div>\n<h3 id=\"kontakt\">Vereinbaren Sie jetzt einen Termin zur kostenlosen Erstberatung\n<\/h3>\n<p>Melden Sie sich direkt bei uns unter <i class=\"fa fa-phone\" aria-hidden=\"true\"><\/i> 0208 8596400 oder <i class=\"fa fa-envelope\" aria-hidden=\"true\"><\/i> info@boc.de.\n<\/p>\n<p>Oder f\u00fcllen Sie das folgende Kontaktformular aus, um Ihre kostenlose Beratung mit unserem Experten zu sichern.\n<\/p>\n<p><i>Mit * markierte Felder sind Pflichtfelder<\/i>\n<\/p>\n<p><label> Name*<br \/>\n<span class=\"wpcf7-form-control-wrap\" data-name=\"your-name\"><input size=\"40\" maxlength=\"400\" class=\"wpcf7-form-control wpcf7-text wpcf7-validates-as-required\" autocomplete=\"name\" aria-required=\"true\" aria-invalid=\"false\" value=\"\" type=\"text\" name=\"your-name\" \/><\/span> <\/label><span id=\"wpcf7-69da5fbc85505-wrapper\" class=\"wpcf7-form-control-wrap email-647-wrap\" style=\"display:none !important; visibility:hidden !important;\"><label for=\"wpcf7-69da5fbc85505-field\" class=\"hp-message\">Please leave this field empty.<\/label><input id=\"wpcf7-69da5fbc85505-field\"  class=\"wpcf7-form-control wpcf7-text\" type=\"text\" name=\"email-647\" value=\"\" size=\"40\" tabindex=\"-1\" autocomplete=\"new-password\" \/><\/span>\n<\/p>\n<p><label> E-Mail-Adresse*<br \/>\n<span class=\"wpcf7-form-control-wrap\" data-name=\"your-email\"><input size=\"40\" maxlength=\"400\" class=\"wpcf7-form-control wpcf7-email wpcf7-validates-as-required wpcf7-text wpcf7-validates-as-email\" autocomplete=\"email\" aria-required=\"true\" aria-invalid=\"false\" value=\"\" type=\"email\" name=\"your-email\" \/><\/span> <\/label>\n<\/p>\n<p><label>Telefon<br \/>\n<span class=\"wpcf7-form-control-wrap\" data-name=\"your-tel\"><input size=\"40\" maxlength=\"400\" class=\"wpcf7-form-control wpcf7-tel wpcf7-text wpcf7-validates-as-tel\" aria-invalid=\"false\" value=\"\" type=\"tel\" name=\"your-tel\" \/><\/span> <\/label>\n<\/p>\n<p><label> Firma \/ Organisation*<br \/>\n<span class=\"wpcf7-form-control-wrap\" data-name=\"firma-365\"><input size=\"40\" maxlength=\"400\" class=\"wpcf7-form-control wpcf7-text wpcf7-validates-as-required\" aria-required=\"true\" aria-invalid=\"false\" value=\"\" type=\"text\" name=\"firma-365\" \/><\/span> <\/label>\n<\/p>\n<p><label>Sonstige Anmerkungen<br \/>\n<span class=\"wpcf7-form-control-wrap\" data-name=\"your-sonstiges\"><textarea cols=\"40\" rows=\"10\" maxlength=\"2000\" class=\"wpcf7-form-control wpcf7-textarea\" aria-invalid=\"false\" name=\"your-sonstiges\"><\/textarea><\/span><\/label>\n<\/p>\n<p><span class=\"wpcf7-form-control-wrap\" data-name=\"accept-this-1\"><span class=\"wpcf7-form-control wpcf7-acceptance\"><span class=\"wpcf7-list-item\"><label><input type=\"checkbox\" name=\"accept-this-1\" value=\"1\" aria-invalid=\"false\" \/><span class=\"wpcf7-list-item-label\">Ja, ich stimme den <a href=\"\/datenschutz\" target=\"_blank\">Datenschutzbedingungen<\/a> zu.*<\/span><\/label><\/span><\/span><\/span>\n<\/p>\n<p><span class=\"wpcf7-form-control-wrap\" data-name=\"acceptance-712\"><span class=\"wpcf7-form-control wpcf7-acceptance optional\"><span class=\"wpcf7-list-item\"><label><input type=\"checkbox\" name=\"acceptance-712\" value=\"1\" aria-invalid=\"false\" \/><span class=\"wpcf7-list-item-label\">Ja, ich m\u00f6chte per E-Mail \u00fcber Neuigkeiten, Produkte, Dienstleistungen und Veranstaltungen von BOC IT-Security informiert werden. Der Newsletter kann jederzeit abbestellt werden.<\/span><\/label><\/span><\/span><\/span>\n<\/p>\n<p><span id=\"wpcf7-69da5fbc855fe-wrapper\" class=\"wpcf7-form-control-wrap website-wrap\" ><label for=\"wpcf7-69da5fbc855fe-field\" class=\"hp-message\">Please leave this field empty.<\/label><input id=\"wpcf7-69da5fbc855fe-field\"  class=\"wpcf7-form-control wpcf7-text\" type=\"text\" name=\"website\" value=\"\" size=\"40\" tabindex=\"-1\" autocomplete=\"new-password\" \/><\/span>\n<\/p>\n<p><input class=\"wpcf7-form-control wpcf7-submit has-spinner\" type=\"submit\" value=\"Senden\" \/>\n<\/p><div class=\"wpcf7-response-output\" aria-hidden=\"true\"><\/div>\n<\/form>\n<\/div>\n<\/div>\n<\/div>\n<\/div><\/div><\/div><div id=\"pgc-27340-6-2\"  class=\"panel-grid-cell panel-grid-cell-empty\" ><\/div><\/div><div id=\"pg-27340-7\"  class=\"panel-grid panel-no-style\" ><div id=\"pgc-27340-7-0\"  class=\"panel-grid-cell panel-grid-cell-empty\" ><\/div><div id=\"pgc-27340-7-1\"  class=\"panel-grid-cell panel-grid-cell-mobile-last\" ><div id=\"panel-27340-7-1-0\" class=\"so-panel widget widget_sow-editor panel-first-child panel-last-child\" data-index=\"12\" ><div\n\t\t\t\n\t\t\tclass=\"so-widget-sow-editor so-widget-sow-editor-base\"\n\t\t\t\n\t\t>\n<div class=\"siteorigin-widget-tinymce textwidget\">\n\t<div class=\"info-box\">\n<div class=\"box\">\n<div class=\"text-content\">\n<h2>\u00dcber BOC<\/h2>\n<p>Als Ihr vertrauensw\u00fcrdiger Partner f\u00fcr IT-Sicherheit bieten wir die n\u00f6tige Expertise, um umfassende Schutzma\u00dfnahmen f\u00fcr Netzwerke, Endpoints und IT-Infrastrukturen effizient und nachhaltig umzusetzen. Mit unserer tiefgehenden <b>Erfahrung von \u00fcber 25 Jahren<\/b> in der IT-Sicherheit und unserer bew\u00e4hrten Technologie von WatchGuard, unterst\u00fctzen wir mittelst\u00e4ndische Unternehmen dabei, die geforderten Sicherheitsma\u00dfnahmen zu implementieren, ohne ihre internen Ressourcen zu \u00fcberbeanspruchen. Wir bieten ma\u00dfgeschneiderte L\u00f6sungen, die nicht nur den gesetzlichen Vorgaben entsprechen, sondern gleichzeitig eine robuste Cybersecurity-Resilienz aufrechterhalten, um den heutigen Bedrohungen zu begegnen. Durch die dezentrale Aufstellung mit <b>13 Servicepunkten<\/b> ist die BOC deutschlandweit vertreten, was in jeder Region im Bedarfsfall kurze Wege und schnelle Reaktionszeiten erm\u00f6glicht.<\/p>\n<\/div>\n<\/div>\n<\/div>\n<\/div>\n<\/div><\/div><\/div><div id=\"pgc-27340-7-2\"  class=\"panel-grid-cell panel-grid-cell-empty\" ><\/div><\/div><\/div>","protected":false},"excerpt":{"rendered":"<p>Jetzt auf Managed Security mit BOC umsteigen!<\/p>\n","protected":false},"author":4,"featured_media":0,"parent":0,"menu_order":0,"comment_status":"closed","ping_status":"closed","template":"page-templates\/full-width.php","meta":{"footnotes":""},"class_list":["post-27340","page","type-page","status-publish","hentry"],"_links":{"self":[{"href":"https:\/\/wordpress.boc.de\/watchguard-info-portal\/wp-json\/wp\/v2\/pages\/27340"}],"collection":[{"href":"https:\/\/wordpress.boc.de\/watchguard-info-portal\/wp-json\/wp\/v2\/pages"}],"about":[{"href":"https:\/\/wordpress.boc.de\/watchguard-info-portal\/wp-json\/wp\/v2\/types\/page"}],"author":[{"embeddable":true,"href":"https:\/\/wordpress.boc.de\/watchguard-info-portal\/wp-json\/wp\/v2\/users\/4"}],"replies":[{"embeddable":true,"href":"https:\/\/wordpress.boc.de\/watchguard-info-portal\/wp-json\/wp\/v2\/comments?post=27340"}],"version-history":[{"count":83,"href":"https:\/\/wordpress.boc.de\/watchguard-info-portal\/wp-json\/wp\/v2\/pages\/27340\/revisions"}],"predecessor-version":[{"id":30710,"href":"https:\/\/wordpress.boc.de\/watchguard-info-portal\/wp-json\/wp\/v2\/pages\/27340\/revisions\/30710"}],"wp:attachment":[{"href":"https:\/\/wordpress.boc.de\/watchguard-info-portal\/wp-json\/wp\/v2\/media?parent=27340"}],"curies":[{"name":"wp","href":"https:\/\/api.w.org\/{rel}","templated":true}]}}