{"id":27015,"date":"2025-01-30T09:59:15","date_gmt":"2025-01-30T08:59:15","guid":{"rendered":"https:\/\/wordpress.boc.de\/watchguard-info-portal\/supportinfos\/videos-und-webinaraufzeichnungen-copy\/"},"modified":"2026-02-18T10:41:48","modified_gmt":"2026-02-18T09:41:48","slug":"unsere-empfohlenen-howto-artikel","status":"publish","type":"page","link":"https:\/\/wordpress.boc.de\/watchguard-info-portal\/supportinfos\/unsere-empfohlenen-howto-artikel\/","title":{"rendered":"Unsere empfohlenen HOWTO-Artikel"},"content":{"rendered":"<h4>Unsere empfohlenen HOWTO-Artikel<\/h4>\n<p>Hier finden Sie eine Sammlung unserer besten HOWTO-Blog-Artikel.<\/p>\n<p>Unsere Philosophie: Die BOC IT-Security GmbH unterst\u00fctzt Sie gerne bei allen Fragen und Themen rund um WatchGuard Firebox Firewall \/ VPN Appliances, Endpoint Protection L\u00f6sungen, Wireless Access Points und die neuen WatchGuard Cloud Produkte. Wir stellen Ihnen hier auf unserer Webseite vielf\u00e4ltige und regelm\u00e4\u00dfig erweiterte Informationen in Form des <a class=\"external-link\" href=\"https:\/\/www.boc.de\/watchguard-info-portal\/blog\/\" rel=\"nofollow\">Technischen Blog, HOWTO-Artikeln und anderen Support-Informationen<\/a>\u00a0*kostenfrei* zur Verf\u00fcgung. Wir betrachten die Preisgabe dieser qualifizierten Informationen als\u00a0<strong>Hilfe zur Selbsthilfe<\/strong>\u00a0f\u00fcr den weitgehend eigenverantwortlichen Umgang mit WatchGuard-Produkten.<\/p>\n<ul>\n<li><a href=\"#0\">Unsere beliebtesten Artikel<\/a><\/li>\n<li><a href=\"#1\">WatchGuard Firebox<\/a><\/li>\n<li><a href=\"#2\">WatchGuard Endpoint Security<\/a><\/li>\n<li><a href=\"#3\">WatchGuard AuthPoint<\/a><\/li>\n<li><a href=\"#4\">WatchGuard Secure Wi-Fi<\/a><\/li>\n<\/ul>\n<h5 id=\"0\">Unsere beliebtesten Artikel<\/h5>\n<p><a href=\"https:\/\/www.boc.de\/watchguard-info-portal\/2025\/05\/erhoehtes-aufkommen-von-ransomware-attacken-unsere-handlungsempfehlungen\/\" target=\"_blank\" rel=\"noopener\">HOWTO: Erh\u00f6htes Aufkommen von Ransomware-Attacken \u2013 unsere Handlungsempfehlungen<\/a><br \/>\n<a href=\"https:\/\/www.boc.de\/watchguard-info-portal\/2024\/02\/massive-angriffe-auf-den-sslvpn-massnahmen-und-haertung-der-firewall\/\" target=\"_blank\" rel=\"noopener\">HOWTO: Massive Angriffe auf SSLVPN \u2013 Ma\u00dfnahmen und H\u00e4rtung der Firewall<\/a><br \/>\n<a href=\"https:\/\/www.boc.de\/watchguard-info-portal\/2024\/09\/howto-konvertierung-von-exe-zu-msi-fuer-die-softwareverteilung-am-beispiel-watchguard-sslvpn\/\" target=\"_blank\" rel=\"noopener\">HOWTO: Konvertierung von EXE zu MSI f\u00fcr die Softwareverteilung am Beispiel WatchGuard SSLVPN<\/a><br \/>\n<a href=\"https:\/\/www.boc.de\/watchguard-info-portal\/2022\/12\/howto-vorgehen-bei-abgelaufener-box-temporary-feature-key-beantragen-und-einspielen\/\" target=\"_blank\" rel=\"noopener\">HOWTO: Vorgehen bei abgelaufener Box \u2013 Temporary Feature Key beantragen und einspielen<\/a><br \/>\n<a href=\"https:\/\/www.boc.de\/watchguard-info-portal\/2024\/09\/howto-verteilung-update-und-konfiguration-des-watchguard-sslvpn-clients-via-gruppenrichtlinien\/\" target=\"_blank\" rel=\"noopener\">HOWTO: Verteilung, Update und Konfiguration des WatchGuard SSLVPN Clients via Gruppenrichtlinien<\/a><br \/>\n<a href=\"https:\/\/www.boc.de\/watchguard-info-portal\/2024\/09\/howto-verteilung-des-watchguard-sslvpn-client-mit-microsoft-intune\/\" target=\"_blank\" rel=\"noopener noreferrer\">HOWTO: Verteilung des WatchGuard SSLVPN Client mit Microsoft Intune<\/a><br \/>\n<a href=\"https:\/\/www.boc.de\/watchguard-info-portal\/2024\/08\/howto-product-support-information-psinfo-tool-sinnvoll-nutzen\/\" target=\"_blank\" rel=\"noopener\">HOWTO: Product Support Information (PSInfo) Tool sinnvoll nutzen<\/a><br \/>\n<a href=\"https:\/\/www.boc.de\/watchguard-info-portal\/2024\/06\/howto-watchguard-dnswatch-best-practice-mit-fallback\/\" target=\"_blank\" rel=\"noopener\">HOWTO: WatchGuard DNSWatch Best Practice mit Fallback<\/a><br \/>\n<a href=\"https:\/\/www.boc.de\/watchguard-info-portal\/2019\/04\/howto-mobile-ikev2-vpn-client-anbindung-mit-windows-10-boardmitteln\/\" target=\"_blank\" rel=\"noopener\">HOWTO: Mobile IKEv2 VPN \u2013 Client-Anbindung mit Windows 10 Boardmitteln<\/a><br \/>\n<a href=\"https:\/\/www.boc.de\/watchguard-info-portal\/2020\/05\/howto-verteilung-von-ikev2\/\" target=\"_blank\" rel=\"noopener\">HOWTO: Verteilung von IKEv2 VPN via GPO<\/a><br \/>\n<a href=\"https:\/\/www.boc.de\/watchguard-info-portal\/2019\/10\/howto-l2tp-vpn-via-radius-und-start-before-logon\/\" target=\"_blank\" rel=\"noopener\">HOWTO: L2TP VPN via RADIUS und Start-Before-Logon<\/a><br \/>\n<a href=\"https:\/\/www.boc.de\/watchguard-info-portal\/2020\/03\/howto-wake-on-lan-via-vpn-verwenden\/\" target=\"_blank\" rel=\"noopener\">HOWTO: Wake on Lan via VPN verwenden<\/a><br \/>\n<a href=\"https:\/\/www.boc.de\/watchguard-info-portal\/2019\/02\/verschluesselung-ssl-zertifikate-https-deep-inspection\/\" target=\"_blank\" rel=\"noopener\">Grundlagen: Verschl\u00fcsselung, SSL, Zertifikate, und HTTPS-Deep-Inspection<\/a><\/p>\n<h5 id=\"1\">WatchGuard Firebox<\/h5>\n<p><a href=\"https:\/\/www.boc.de\/watchguard-info-portal\/2025\/09\/howto-howto-best-practice-konfiguration-eines-watchguard-firebox-clusters-active-passive\/\" target=\"_blank\" rel=\"noopener\">HOWTO: Best-Practice-Konfiguration eines WatchGuard Firebox Clusters Active \/ Passive<\/a><br \/>\n<a href=\"https:\/\/www.boc.de\/watchguard-info-portal\/2022\/07\/howto-firebox-migration-bei-firecluster\/\" target=\"_blank\" rel=\"noopener\">HOWTO: WatchGuard Firebox Migration bei FireCluster<\/a><br \/>\n<a href=\"https:\/\/www.boc.de\/watchguard-info-portal\/2022\/12\/howto-konfiguration-einer-watchguard-firebox-fuer-den-betrieb-einer-3cx-voip-telefonanlage\/\" target=\"_blank\" rel=\"noopener\">HOWTO: Konfiguration einer WatchGuard Firebox f\u00fcr den Betrieb einer 3CX VoIP Telefonanlage<\/a><br \/>\n<a href=\"https:\/\/www.boc.de\/watchguard-info-portal\/2024\/08\/howto-zertifikat-import-und-installation-auf-der-watchguard-firebox\/\" target=\"_blank\" rel=\"noopener\">HOWTO: Zertifikat Import und Installation auf der WatchGuard Firebox<\/a><br \/>\n<a href=\"https:\/\/www.boc.de\/watchguard-info-portal\/2021\/03\/howto-exchange-server-mittels-reverse-proxy-access-portal-und-pre-authentication-absichern\/\" target=\"_blank\" rel=\"noopener\">HOWTO: Exchange-Server mittels Reverse-Proxy (Access Portal) und Pre-Authentication absichern<\/a><br \/>\n<a href=\"https:\/\/www.boc.de\/watchguard-info-portal\/2024\/02\/howto-reverse-proxy-mit-https-content-inspection-und-content-actions-deep-packet-inspection\/\" target=\"_blank\" rel=\"noopener\">HOWTO: Reverse Proxy mit HTTPS Content Inspection und Content Actions (Deep Packet Inspection)<\/a><br \/>\n<a href=\"https:\/\/www.boc.de\/watchguard-info-portal\/2024\/07\/howto-konfiguration-des-block-failed-logins-features-in-12-10-4-fail2ban\/\" target=\"_blank\" rel=\"noopener\">HOWTO: Konfiguration des \u2018Block failed logins\u2019 Features in 12.10.4 \u2013 fail2ban<\/a><br \/>\n<a href=\"https:\/\/www.boc.de\/watchguard-info-portal\/2018\/09\/http-content-action-am-beispiel-owa-blocken-von-ecp\/\" target=\"_blank\" rel=\"noopener\">HOWTO: HTTP-Content-Action am Beispiel OWA \u2013 Blocken von \/ecp\/<\/a><br \/>\n<a href=\"https:\/\/www.boc.de\/watchguard-info-portal\/2019\/03\/howto-snat-port-forwarding-auf-einer-watchguard-firewall\/\" target=\"_blank\" rel=\"noopener\">HOWTO: SNAT (Port Forwarding) auf einer WatchGuard Firewall<\/a><\/p>\n<h5 id=\"2\">WatchGuard Endpoint Security<\/h5>\n<p><a href=\"https:\/\/www.boc.de\/watchguard-info-portal\/2023\/07\/howto-boc-best-practices-empfehlungen-zu-watchguard-epdr\/\" target=\"_blank\" rel=\"noopener\">HOWTO: BOC Best Practices\/Empfehlungen zu WatchGuard Advanced EPDR \/ EPDR<\/a><br \/>\n<a href=\"https:\/\/www.boc.de\/watchguard-info-portal\/2025\/02\/howto-erstinstallation-grundsetup-fuer-theatsync-core-in-der-watchguard-cloud\/\" target=\"_blank\" rel=\"noopener\">HOWTO: Erstinstallation\/Grundsetup f\u00fcr TheatSync Core in der WatchGuard Cloud<\/a><br \/>\n<a href=\"https:\/\/www.boc.de\/watchguard-info-portal\/2025\/01\/howto-mit-watchguard-endpoint-auf-windows-11-inkompatibilitaet-filtern\/\" target=\"_blank\" rel=\"noopener\">HOWTO: Mit WatchGuard Endpoint auf Windows 11 Inkompatibilit\u00e4t filtern<\/a><br \/>\n<a href=\"https:\/\/www.boc.de\/watchguard-info-portal\/2023\/06\/howto-sind-tatsaechlich-alle-watchguard-endpoints-im-lock-mode\/\" target=\"_blank\" rel=\"noopener noreferrer\">HOWTO: Sind tats\u00e4chlich alle WatchGuard Endpoints im Lock-Mode?<\/a><br \/>\n<a href=\"https:\/\/www.boc.de\/watchguard-info-portal\/2024\/03\/howto-automatische-installation-von-sicherheitsupdates-fuer-microsoft-und-third-party-anwendungen-zur-haertung-der-endgeraete\/\" target=\"_blank\" rel=\"noopener\">HOWTO: Automatische Installation von Sicherheitsupdates f\u00fcr Microsoft und Third-Party Anwendungen zur H\u00e4rtung der Endger\u00e4te<\/a><br \/>\n<a href=\"https:\/\/www.boc.de\/watchguard-info-portal\/2024\/01\/howto-download-und-installation-von-manuellen-patches-via-watchguard-patch-management\/\" target=\"_blank\" rel=\"noopener\">HOWTO: Download und Installation von manuellen Patches via WatchGuard Patch Management<\/a><br \/>\n<a href=\"https:\/\/www.boc.de\/watchguard-info-portal\/2023\/03\/howto-howto-konfiguration-watchguard-cache-computer-manual-mode\/\" target=\"_blank\" rel=\"noopener\">HOWTO: Konfiguration WatchGuard Cache Computer (Manual Mode)<\/a><br \/>\n<a href=\"https:\/\/www.boc.de\/watchguard-info-portal\/2022\/06\/howto-absichern-des-mobile-vpn-zugriffs-via-network-access-enforcement\/\" target=\"_blank\" rel=\"noopener\">HOWTO: Absichern des Mobile-VPN-Zugriffs via Network Access Enforcement<\/a><br \/>\n<a href=\"https:\/\/www.boc.de\/watchguard-info-portal\/2023\/04\/howto-betrieb-des-watchguard-endpoint-agents-in-isolierten-umgebungen-unter-verwendung-des-watchguard-proxies\/\" target=\"_blank\" rel=\"noopener\">HOWTO: Betrieb des WatchGuard Endpoint Agents in isolierten Umgebungen unter Verwendung des WatchGuard Proxies<\/a><br \/>\n<a href=\"https:\/\/www.boc.de\/watchguard-info-portal\/2025\/03\/howto-watchguard-endpoint-security-kontrollierter-upgrade-prozess\/\" target=\"_blank\" rel=\"noopener\">HOWTO: WatchGuard Endpoint Security \u2013 Kontrollierter Upgrade-Prozess<\/a><\/p>\n<h5 id=\"3\">WatchGuard AuthPoint<\/h5>\n<p><a href=\"https:\/\/www.boc.de\/watchguard-info-portal\/2022\/10\/howto-watchguard-authpoint-lizenzen-aktivieren\/\" target=\"_blank\" rel=\"noopener\">HOWTO: WatchGuard AuthPoint Lizenzen aktivieren<\/a><br \/>\n<a href=\"https:\/\/www.boc.de\/watchguard-info-portal\/2023\/12\/howto-multifaktor-authentifizierung-fuer-account-im-watchguard-portal-aktivieren\/\" target=\"_blank\" rel=\"noopener\">HOWTO: Multifaktor-Authentifizierung f\u00fcr Account im WatchGuard-Portal aktivieren<\/a><br \/>\n<a href=\"https:\/\/www.boc.de\/watchguard-info-portal\/2024\/09\/howto-benutzer-und-gruppen-in-authpoint-wieder-sichtbar-machen\/\">HOWTO: Benutzer &amp; Gruppen in AuthPoint wieder sichtbar machen<\/a><br \/>\n<a href=\"https:\/\/www.boc.de\/watchguard-info-portal\/2023\/02\/howto-authpoint-logon-app-via-gpo-ausrollen\/\" target=\"_blank\" rel=\"noopener\">HOWTO: AuthPoint Logon App via GPO ausrollen<\/a><br \/>\n<a href=\"https:\/\/www.boc.de\/watchguard-info-portal\/2022\/02\/integration-von-authpoint-in-vpn-verbindungen-bei-der-firebox-cloud-lokal\/\" target=\"_blank\" rel=\"noopener\">HOWTO: Integration von AuthPoint in VPN-Verbindungen bei der Firebox (Cloud\/Lokal)<\/a><br \/>\n<a href=\"https:\/\/www.boc.de\/watchguard-info-portal\/2025\/07\/howto-watchguard-authentication-portal-mit-saml-entraid-und-2fa\/\" target=\"_blank\" rel=\"noopener\">HOWTO: WatchGuard Authentication-Portal mit SAML, EntraID und 2FA<\/a><\/p>\n<h5 id=\"4\">WatchGuard Secure Wi-Fi<\/h5>\n<p><a href=\"https:\/\/www.boc.de\/watchguard-info-portal\/2024\/02\/howto-best-practices-empfehlungen-konfiguration-von-access-points-in-der-watchguard-cloud\/\" target=\"_blank\" rel=\"noopener\">HOWTO: Best Practices\/Empfehlungen Konfiguration von Access Points in der WatchGuard Cloud<\/a><br \/>\n<a href=\"https:\/\/www.boc.de\/watchguard-info-portal\/2023\/11\/howto-access-point-factory-reset-fuer-ap130-ap330-ap332cr-ap430cr-ap432\/\" target=\"_blank\" rel=\"noopener\">HOWTO: Access Point Factory Reset f\u00fcr AP130 AP230W AP330 AP332CR AP430CR AP432<\/a><br \/>\n<a href=\"https:\/\/www.boc.de\/watchguard-info-portal\/2023\/11\/howto-wlan-network-access-enforcement\/\" target=\"_blank\" rel=\"noopener\">HOWTO: WLAN Network Access Enforcement<\/a><br \/>\n<a href=\"https:\/\/www.boc.de\/watchguard-info-portal\/2025\/05\/howto-wlan-mit-ppsk-in-der-watchguard-cloud\/\" target=\"_blank\" rel=\"noopener\">HOWTO: WLAN mit PPSK in der WatchGuard Cloud<\/a><\/p>\n","protected":false},"excerpt":{"rendered":"<p>Unsere empfohlenen HOWTO-Artikel Hier finden Sie eine Sammlung unserer besten HOWTO-Blog-Artikel. Unsere Philosophie: Die BOC IT-Security GmbH unterst\u00fctzt Sie gerne bei allen Fragen und Themen rund um WatchGuard Firebox Firewall \/ VPN Appliances, Endpoint Protection L\u00f6sungen, Wireless Access Points und die neuen WatchGuard Cloud Produkte. Wir stellen Ihnen hier auf unserer Webseite vielf\u00e4ltige und regelm\u00e4\u00dfig erweiterte Informationen in Form des Technischen Blog, HOWTO-Artikeln und anderen &hellip; <a href=\"https:\/\/wordpress.boc.de\/watchguard-info-portal\/supportinfos\/unsere-empfohlenen-howto-artikel\/\" class=\"more-link\">Weiterlesen <span class=\"screen-reader-text\">Unsere empfohlenen HOWTO-Artikel<\/span> <span class=\"meta-nav\">&raquo;<\/span><\/a><\/p>\n","protected":false},"author":4,"featured_media":0,"parent":28,"menu_order":0,"comment_status":"closed","ping_status":"closed","template":"","meta":{"footnotes":""},"class_list":["post-27015","page","type-page","status-publish","hentry"],"_links":{"self":[{"href":"https:\/\/wordpress.boc.de\/watchguard-info-portal\/wp-json\/wp\/v2\/pages\/27015"}],"collection":[{"href":"https:\/\/wordpress.boc.de\/watchguard-info-portal\/wp-json\/wp\/v2\/pages"}],"about":[{"href":"https:\/\/wordpress.boc.de\/watchguard-info-portal\/wp-json\/wp\/v2\/types\/page"}],"author":[{"embeddable":true,"href":"https:\/\/wordpress.boc.de\/watchguard-info-portal\/wp-json\/wp\/v2\/users\/4"}],"replies":[{"embeddable":true,"href":"https:\/\/wordpress.boc.de\/watchguard-info-portal\/wp-json\/wp\/v2\/comments?post=27015"}],"version-history":[{"count":26,"href":"https:\/\/wordpress.boc.de\/watchguard-info-portal\/wp-json\/wp\/v2\/pages\/27015\/revisions"}],"predecessor-version":[{"id":30290,"href":"https:\/\/wordpress.boc.de\/watchguard-info-portal\/wp-json\/wp\/v2\/pages\/27015\/revisions\/30290"}],"up":[{"embeddable":true,"href":"https:\/\/wordpress.boc.de\/watchguard-info-portal\/wp-json\/wp\/v2\/pages\/28"}],"wp:attachment":[{"href":"https:\/\/wordpress.boc.de\/watchguard-info-portal\/wp-json\/wp\/v2\/media?parent=27015"}],"curies":[{"name":"wp","href":"https:\/\/api.w.org\/{rel}","templated":true}]}}