{"id":265,"date":"2016-06-15T09:54:18","date_gmt":"2016-06-15T07:54:18","guid":{"rendered":"https:\/\/www.boc.de\/watchguard-info-portal\/?page_id=265"},"modified":"2023-04-04T18:13:20","modified_gmt":"2023-04-04T16:13:20","slug":"watchguard-intrusion-prevention","status":"publish","type":"page","link":"https:\/\/wordpress.boc.de\/watchguard-info-portal\/produktinfos\/watchguard-security-services-und-suites\/watchguard-intrusion-prevention\/","title":{"rendered":"WatchGuard Intrusion Prevention"},"content":{"rendered":"<p><img loading=\"lazy\" decoding=\"async\" class=\"size-full wp-image-278 alignleft\" src=\"https:\/\/www.boc.de\/watchguard-info-portal\/wp-content\/uploads\/2016\/05\/gav-ips-apt-red.png\" alt=\"WatchGuard Intrusion Prevention Service\" width=\"250\" height=\"200\" \/><\/p>\n<h3><strong>WatchGuard Intrusion Prevention Service<\/strong><\/h3>\n<p>WatchGuard Intrusion Prevention Service ist der optionale IPS Security Service f\u00fcr <strong>WatchGuard Firebox \/ XTM<\/strong> (Hardware Firewall \/ VPN Appliances), die unter dem Betriebssystem Fireware XTM laufen. Die IPS Engine und Signaturen von Trend Micro unterst\u00fctzen bei der Intrusion Prevention Abwehr, weil auch kompliziertere Angriffsszenarien \u00fcber HTTP, FTP und SMTP Exploits erkannt und abgewehrt werden k\u00f6nnen. Alle 60 Minuten erfolgt eine \u00dcberpr\u00fcfung auf neue Signaturen sowie ggfs. automatisch der Download und die Installation der neuen Signaturen.<br \/>\nJe nach Konfiguration auf der Firewall k\u00f6nnen IPS-Vorkommnisse basierend auf der Schwere des Angriffs noch zugelassen oder abgewehrt werden. Zus\u00e4tzlich k\u00f6nnen die angreifenden IP-Adressen auch vor\u00fcbergehend komplett geblockt werden.<\/p>\n<p><video src=\"https:\/\/www.boc.de\/watchguard-info-portal\/wp-content\/uploads\/video\/Security-Services-Intrusion-Prevention-Service.mp4\" poster=\"https:\/\/www.boc.de\/watchguard-info-portal\/wp-content\/uploads\/2019\/03\/poster-intrusion-prevention-service.jpg\" controls=\"controls\" width=\"640\" height=\"480\">Ihr Browser kann dieses Video nicht wiedergeben. Dieses Video zeigt die Funktionsweise und Vorteile von WatchGuard Intrusion Prevention Service. Sie k\u00f6nnen es <a href=\"https:\/\/www.boc.de\/watchguard-info-portal\/wp-content\/uploads\/video\/Security-Services-Intrusion-Prevention-Service.mp4\">hier<\/a> abrufen. <\/video><\/p>\n<p>&nbsp;<\/p>\n<pre><img loading=\"lazy\" decoding=\"async\" class=\"size-full wp-image-1468 alignleft\" src=\"https:\/\/www.boc.de\/watchguard-info-portal\/wp-content\/uploads\/2016\/06\/emblem-imp.gif\" alt=\"emblem-imp\" width=\"48\" height=\"48\" \/><strong>Watchguard Intrusion Prevention Service<\/strong> sch\u00fctzt in Echtzeit gegen Angriffe wie Spyware, SQL-Injections, Cross-Site-Scripting (XSS) und Buffer Overflows\u00a0direkt auf der WatchGuard Firebox\/XTM ohne die Notwendigkeit, eine eigene IPS-Appliance anschaffen zu m\u00fcssen.<\/pre>\n<p>Hier ein paar beispielhafte Screenshots aus dem WatchGuard Dimension Log Server:<\/p>\n<p><a href=\"https:\/\/www.boc.de\/watchguard-info-portal\/wp-content\/uploads\/2016\/06\/dimension-ips.png\"><img loading=\"lazy\" decoding=\"async\" class=\"alignnone wp-image-754 size-medium\" src=\"https:\/\/www.boc.de\/watchguard-info-portal\/wp-content\/uploads\/2016\/06\/dimension-ips-300x225.png\" alt=\"WatchGuard Dimension IPS\" width=\"300\" height=\"225\" srcset=\"https:\/\/wordpress.boc.de\/watchguard-info-portal\/wp-content\/uploads\/2016\/06\/dimension-ips-300x225.png 300w, https:\/\/wordpress.boc.de\/watchguard-info-portal\/wp-content\/uploads\/2016\/06\/dimension-ips-768x576.png 768w, https:\/\/wordpress.boc.de\/watchguard-info-portal\/wp-content\/uploads\/2016\/06\/dimension-ips-800x600.png 800w, https:\/\/wordpress.boc.de\/watchguard-info-portal\/wp-content\/uploads\/2016\/06\/dimension-ips.png 932w\" sizes=\"(max-width: 300px) 100vw, 300px\" \/><\/a>\u00a0\u00a0<a href=\"https:\/\/www.boc.de\/watchguard-info-portal\/wp-content\/uploads\/2016\/06\/dimension-ips-threat-level.png\"><img loading=\"lazy\" decoding=\"async\" class=\"alignnone wp-image-755 size-medium\" src=\"https:\/\/www.boc.de\/watchguard-info-portal\/wp-content\/uploads\/2016\/06\/dimension-ips-threat-level-300x225.png\" alt=\"WatchGuard Dimension IPS Threat Level\" width=\"300\" height=\"225\" srcset=\"https:\/\/wordpress.boc.de\/watchguard-info-portal\/wp-content\/uploads\/2016\/06\/dimension-ips-threat-level-300x225.png 300w, https:\/\/wordpress.boc.de\/watchguard-info-portal\/wp-content\/uploads\/2016\/06\/dimension-ips-threat-level-768x576.png 768w, https:\/\/wordpress.boc.de\/watchguard-info-portal\/wp-content\/uploads\/2016\/06\/dimension-ips-threat-level-800x600.png 800w, https:\/\/wordpress.boc.de\/watchguard-info-portal\/wp-content\/uploads\/2016\/06\/dimension-ips-threat-level.png 932w\" sizes=\"(max-width: 300px) 100vw, 300px\" \/><\/a>\u00a0\u00a0<a href=\"https:\/\/www.boc.de\/watchguard-info-portal\/wp-content\/uploads\/2016\/06\/dimension-ips-trend.png\"><img loading=\"lazy\" decoding=\"async\" class=\"alignnone wp-image-756 size-medium\" src=\"https:\/\/www.boc.de\/watchguard-info-portal\/wp-content\/uploads\/2016\/06\/dimension-ips-trend-300x225.png\" alt=\"WatchGuard Dimension IPS Trend\" width=\"300\" height=\"225\" srcset=\"https:\/\/wordpress.boc.de\/watchguard-info-portal\/wp-content\/uploads\/2016\/06\/dimension-ips-trend-300x225.png 300w, https:\/\/wordpress.boc.de\/watchguard-info-portal\/wp-content\/uploads\/2016\/06\/dimension-ips-trend-768x576.png 768w, https:\/\/wordpress.boc.de\/watchguard-info-portal\/wp-content\/uploads\/2016\/06\/dimension-ips-trend-800x600.png 800w, https:\/\/wordpress.boc.de\/watchguard-info-portal\/wp-content\/uploads\/2016\/06\/dimension-ips-trend.png 932w\" sizes=\"(max-width: 300px) 100vw, 300px\" \/><\/a><\/p>\n<h3>Logging und Reporting<\/h3>\n<p>Das Logging und Reporting f\u00fcr WatchGuard Intrusion Prevention Service erfolgt \u00fcber den schon mit dem Basisprodukt kostenfrei zur Verf\u00fcgung gestellten <a href=\"https:\/\/www.boc.de\/watchguard-info-portal\/produktinfos\/watchguard-dimension\/\">WatchGuard Dimension Server<\/a> oder \u00fcber die \u00e4lteren Windows-basierten Logging- und Reporting-Dienste, die Bestandteil der WatchGuard System Manager Software sind. Die Log-Eintr\u00e4ge und Statistiken k\u00f6nnen \u00fcber diese Plattformen gesichtet und ausgewertet werden.<\/p>\n<h3>Lizensierung<\/h3>\n<p>WatchGuard Intrusion Prevention Service ist ein optionaler Security Service. Er ist Bestandteil der <strong>WatchGuard Basic Security Suite<\/strong> und der <strong>WatchGuard Total Security Suite<\/strong>. Er ist standardm\u00e4\u00dfig beim Kauf eines <strong>Security Software Bundles<\/strong> enthalten, kann aber auch einzeln lizensiert werden.<\/p>\n<p><span style=\"color: red;\">WatchGuard Intrusion Prevention Service:\u00a0 [Bestandteil der Basic Security Suite]\u00a0\u00a0[Bestandteil der Total Security Suite]\u00a0\u00a0[einzeln lizensierbar]<\/span><\/p>\n<p><img loading=\"lazy\" decoding=\"async\" class=\"alignnone size-full wp-image-1473\" src=\"https:\/\/www.boc.de\/watchguard-info-portal\/wp-content\/uploads\/2016\/06\/emblem-rechts.gif\" alt=\"emblem-rechts\" width=\"48\" height=\"48\" \/>Zur \u00dcbersicht <a href=\"https:\/\/www.boc.de\/watchguard-info-portal\/produktinfos\/watchguard-security-services-und-suites\/\">WatchGuard Security Services und Suites<\/a><\/p>\n","protected":false},"excerpt":{"rendered":"<p>WatchGuard Intrusion Prevention Service WatchGuard Intrusion Prevention Service ist der optionale IPS Security Service f\u00fcr WatchGuard Firebox \/ XTM (Hardware Firewall \/ VPN Appliances), die unter dem Betriebssystem Fireware XTM laufen. Die IPS Engine und Signaturen von Trend Micro unterst\u00fctzen bei der Intrusion Prevention Abwehr, weil auch kompliziertere Angriffsszenarien \u00fcber HTTP, FTP und SMTP Exploits erkannt und abgewehrt werden k\u00f6nnen. Alle 60 Minuten erfolgt eine &hellip; <a href=\"https:\/\/wordpress.boc.de\/watchguard-info-portal\/produktinfos\/watchguard-security-services-und-suites\/watchguard-intrusion-prevention\/\" class=\"more-link\">Weiterlesen <span class=\"screen-reader-text\">WatchGuard Intrusion Prevention<\/span> <span class=\"meta-nav\">&raquo;<\/span><\/a><\/p>\n","protected":false},"author":2,"featured_media":0,"parent":73,"menu_order":0,"comment_status":"closed","ping_status":"closed","template":"","meta":{"footnotes":""},"class_list":["post-265","page","type-page","status-publish","hentry"],"_links":{"self":[{"href":"https:\/\/wordpress.boc.de\/watchguard-info-portal\/wp-json\/wp\/v2\/pages\/265"}],"collection":[{"href":"https:\/\/wordpress.boc.de\/watchguard-info-portal\/wp-json\/wp\/v2\/pages"}],"about":[{"href":"https:\/\/wordpress.boc.de\/watchguard-info-portal\/wp-json\/wp\/v2\/types\/page"}],"author":[{"embeddable":true,"href":"https:\/\/wordpress.boc.de\/watchguard-info-portal\/wp-json\/wp\/v2\/users\/2"}],"replies":[{"embeddable":true,"href":"https:\/\/wordpress.boc.de\/watchguard-info-portal\/wp-json\/wp\/v2\/comments?post=265"}],"version-history":[{"count":37,"href":"https:\/\/wordpress.boc.de\/watchguard-info-portal\/wp-json\/wp\/v2\/pages\/265\/revisions"}],"predecessor-version":[{"id":16853,"href":"https:\/\/wordpress.boc.de\/watchguard-info-portal\/wp-json\/wp\/v2\/pages\/265\/revisions\/16853"}],"up":[{"embeddable":true,"href":"https:\/\/wordpress.boc.de\/watchguard-info-portal\/wp-json\/wp\/v2\/pages\/73"}],"wp:attachment":[{"href":"https:\/\/wordpress.boc.de\/watchguard-info-portal\/wp-json\/wp\/v2\/media?parent=265"}],"curies":[{"name":"wp","href":"https:\/\/api.w.org\/{rel}","templated":true}]}}