{"id":26,"date":"2016-05-09T11:26:36","date_gmt":"2016-05-09T09:26:36","guid":{"rendered":"https:\/\/www.boc.de\/watchguard-info-portal\/?page_id=26"},"modified":"2025-01-29T15:39:59","modified_gmt":"2025-01-29T14:39:59","slug":"vertriebsinfos","status":"publish","type":"page","link":"https:\/\/wordpress.boc.de\/watchguard-info-portal\/vertriebsinfos\/","title":{"rendered":"Vertriebsinfos"},"content":{"rendered":"<div id=\"pl-26\"  class=\"panel-layout\" ><div id=\"pg-26-0\"  class=\"panel-grid panel-no-style\" ><div id=\"pgc-26-0-0\"  class=\"panel-grid-cell\" ><div id=\"panel-26-0-0-0\" class=\"so-panel widget widget_sow-editor panel-first-child panel-last-child\" data-index=\"0\" ><div\n\t\t\t\n\t\t\tclass=\"so-widget-sow-editor so-widget-sow-editor-base\"\n\t\t\t\n\t\t>\n<div class=\"siteorigin-widget-tinymce textwidget\">\n\t<p><div class=\"su-posts su-posts-default-loop\">\n\t\n\t\t\t\t<div id=\"su-post-14816\" class=\"su-post\">\n\t\t\t\t\t\t\t\t\t\t<h2 class=\"su-post-title\"><a href=\"https:\/\/wordpress.boc.de\/watchguard-info-portal\/vertriebsinfos\/watchguard-cloud-demo\/\">WatchGuard Cloud Demo<\/a><\/h2>\n\t\t\t\t\t<div class=\"su-post-excerpt\">\n\t\t\t\t\t\t<p>Blogbeitr\u00e4geWatchGuard Knowledge Base Updates M\u00e4rz 2026 7. April 2026Sicherheitshinweis: CVE-2026-4315, CVE-2026-4266 und Update-Empfehlung 31. M\u00e4rz 2026BestPractices.live \u2013 ThreatSync+ NDR 30. M\u00e4rz 2026WatchGuard benennt Endpoint-Produkte ab 1. April um 26. M\u00e4rz 2026 WatchGuard Blog Kategorien Allgemeine Informationen Aktuelle Nachrichten Software Releases Neu bei WatchGuard? Technischer Blog HOWTO-Artikel Videos WatchGuard Security Center Schlagw\u00f6rterKnowledge Base Firebox WatchGuard Cloud Threat Landscape Cloud Best Practices Cyber Security Multifaktor-Authentifizierung Release WSM &hellip; <a href=\"https:\/\/wordpress.boc.de\/watchguard-info-portal\/vertriebsinfos\/watchguard-cloud-demo\/\" class=\"more-link\">Weiterlesen <span class=\"screen-reader-text\">WatchGuard Cloud Demo<\/span> <span class=\"meta-nav\">&raquo;<\/span><\/a><\/p>\n\t\t\t\t\t<\/div>\n\t\t\t\t<\/div>\n\n\t\t\t\t<\/div>\n<br \/>\n<div class=\"su-posts su-posts-default-loop\">\n\t\n\t\t\t\t<div id=\"su-post-7021\" class=\"su-post\">\n\t\t\t\t\t\t\t\t\t\t<h2 class=\"su-post-title\"><a href=\"https:\/\/wordpress.boc.de\/watchguard-info-portal\/2019\/05\/online-demos-fuer-authpoint\/\">Online-Demos f\u00fcr AuthPoint<\/a><\/h2>\n\t\t\t\t\t<div class=\"su-post-excerpt\">\n\t\t\t\t\t\t<p>Mit WatchGuard\u00a0AuthPoint\u00a0k\u00f6nnen gerade kleinere und mittelst\u00e4ndische Unternehmen das Thema Multifaktor-Authentifizierung (MFA) auf einfache und kosteneffiziente Weise realisieren. \u00dcber einen cloudbasierten Ansatz mit einer eigenen Smartphone-App werden die teilweise erheblichen Investitionskosten, komplexen Integrationsprozesse und aufwendigen laufenden Administrationsaufgaben herk\u00f6mmlicher L\u00f6sungen vermieden. AuthPoint l\u00e4sst sich zudem problemlos in bestehende IT-Sicherheitsstrukturen integrieren. Wie AuthPoint funktioniert und konkret aussieht k\u00f6nnen Sie in der >> WatchGuard Cloud Demo testen oder die &hellip; <a href=\"https:\/\/wordpress.boc.de\/watchguard-info-portal\/2019\/05\/online-demos-fuer-authpoint\/\" class=\"more-link\">Weiterlesen <span class=\"screen-reader-text\">Online-Demos f\u00fcr AuthPoint<\/span> <span class=\"meta-nav\">&raquo;<\/span><\/a><\/p>\n\t\t\t\t\t<\/div>\n\t\t\t\t<\/div>\n\n\t\t\t\t<\/div>\n<\/p>\n<\/div>\n<\/div><\/div><\/div><div id=\"pgc-26-0-1\"  class=\"panel-grid-cell\" ><div id=\"panel-26-0-1-0\" class=\"so-panel widget widget_sow-editor panel-first-child panel-last-child\" data-index=\"1\" ><div\n\t\t\t\n\t\t\tclass=\"so-widget-sow-editor so-widget-sow-editor-base\"\n\t\t\t\n\t\t>\n<div class=\"siteorigin-widget-tinymce textwidget\">\n\t<div class=\"su-posts su-posts-default-loop\">\n\t\n\t\t\t\t<div id=\"su-post-7394\" class=\"su-post\">\n\t\t\t\t\t\t\t\t\t\t<h2 class=\"su-post-title\"><a href=\"https:\/\/wordpress.boc.de\/watchguard-info-portal\/vertriebsinfos\/watchguard-dimension-demo\/\">WatchGuard Dimension Demo<\/a><\/h2>\n\t\t\t\t\t<div class=\"su-post-excerpt\">\n\t\t\t\t\t\t<p>Live Demo WatchGuard Dimension Die Live Demo von WatchGuard Dimension wurde von WatchGuard bis auf Weiteres deaktiviert. Mehr zum Thema\u00a0WatchGuard Dimension Server\u00a0finden Sie in unserem Infoportal.<\/p>\n\t\t\t\t\t<\/div>\n\t\t\t\t<\/div>\n\n\t\t\t\t\n\t\t\t\t<div id=\"su-post-6286\" class=\"su-post\">\n\t\t\t\t\t\t\t\t\t\t<h2 class=\"su-post-title\"><a href=\"https:\/\/wordpress.boc.de\/watchguard-info-portal\/vertriebsinfos\/basic-security-suite-vs-total-security-suite\/\">Basic Security Suite vs. Total Security Suite<\/a><\/h2>\n\t\t\t\t\t<div class=\"su-post-excerpt\">\n\t\t\t\t\t\t<p>Unterschied Basic Security Suite vs. Total Security Suite WatchGuard bietet ein umfassendes Portfolio an Sicherheitsdiensten in der Industrie, von der traditionellen Abwehr von Eindringlingen \u00fcber Gateway AntiVirus, Application Control, Spam Prevention und URL-Filter bis hin zu modernen Services zum Schutz sich weiterentwickelnder Schadprogrammen, Ransomware und Datenschutzverletzungen. Jeder Sicherheitsdienst wird als integrierte L\u00f6sung in einer verwaltungsfreundlichen und kosteneffektiven Firebox-Appliance geliefert. Aus den monatlichen Threat Landscape Auswertungen &hellip; <a href=\"https:\/\/wordpress.boc.de\/watchguard-info-portal\/vertriebsinfos\/basic-security-suite-vs-total-security-suite\/\" class=\"more-link\">Weiterlesen <span class=\"screen-reader-text\">Basic Security Suite vs. Total Security Suite<\/span> <span class=\"meta-nav\">&raquo;<\/span><\/a><\/p>\n\t\t\t\t\t<\/div>\n\t\t\t\t<\/div>\n\n\t\t\t\t\n\t\t\t\t<div id=\"su-post-423\" class=\"su-post\">\n\t\t\t\t\t\t\t\t\t\t<h2 class=\"su-post-title\"><a href=\"https:\/\/wordpress.boc.de\/watchguard-info-portal\/vertriebsinfos\/watchguard-customer-renewal-tool\/\">Customer Renewal Tool<\/a><\/h2>\n\t\t\t\t\t<div class=\"su-post-excerpt\">\n\t\t\t\t\t\t<p>Customer Renewal Tool Haben Sie mehrere WatchGuard Produkte? Typischerweise gibt es dann mehrere \u00fcber das Jahr verteilte Ablauftermine f\u00fcr die LiveSecurity (Support) und die Security Services (WebBlocker, spamBlocker, Gateway Antivirus, Intrusion Prevention Services, Reputation Enabled Defense, Application Control, APT Blocker, Data Loss Prevention, Network Discovery, Dimension Command). Wir bieten Ihnen die M\u00f6glichkeit, alle WatchGuard Produkte und alle Services auf ein gemeinsames Ablaufdatum zu synchronisieren, das &hellip; <a href=\"https:\/\/wordpress.boc.de\/watchguard-info-portal\/vertriebsinfos\/watchguard-customer-renewal-tool\/\" class=\"more-link\">Weiterlesen <span class=\"screen-reader-text\">Customer Renewal Tool<\/span> <span class=\"meta-nav\">&raquo;<\/span><\/a><\/p>\n\t\t\t\t\t<\/div>\n\t\t\t\t<\/div>\n\n\t\t\t\t<\/div>\n\n<\/div>\n<\/div><\/div><\/div><\/div><\/div>","protected":false},"excerpt":{"rendered":"<p>Customer Renewal Tool Haben Sie mehrere WatchGuard Produkte? Typischerweise gibt es dann mehrere \u00fcber das Jahr verteilte Ablauftermine f\u00fcr die LiveSecurity (Support) und die Security Services (WebBlocker, spamBlocker, Gateway Antivirus, Intrusion Prevention Services, Reputation Enabled Defense, Application Control, APT Blocker, Data Loss Prevention, Network Discovery, Dimension Command). Wir bieten Ihnen die M\u00f6glichkeit, alle WatchGuard Produkte und alle Services auf ein gemeinsames Ablaufdatum zu synchronisieren, das &hellip; <a href=\"https:\/\/wordpress.boc.de\/watchguard-info-portal\/vertriebsinfos\/watchguard-customer-renewal-tool\/\" class=\"more-link\">Weiterlesen <span class=\"screen-reader-text\">Customer Renewal Tool<\/span> <span class=\"meta-nav\">&raquo;<\/span><\/a><\/p>\n","protected":false},"author":1,"featured_media":0,"parent":0,"menu_order":0,"comment_status":"closed","ping_status":"closed","template":"","meta":{"footnotes":""},"class_list":["post-26","page","type-page","status-publish","hentry"],"_links":{"self":[{"href":"https:\/\/wordpress.boc.de\/watchguard-info-portal\/wp-json\/wp\/v2\/pages\/26"}],"collection":[{"href":"https:\/\/wordpress.boc.de\/watchguard-info-portal\/wp-json\/wp\/v2\/pages"}],"about":[{"href":"https:\/\/wordpress.boc.de\/watchguard-info-portal\/wp-json\/wp\/v2\/types\/page"}],"author":[{"embeddable":true,"href":"https:\/\/wordpress.boc.de\/watchguard-info-portal\/wp-json\/wp\/v2\/users\/1"}],"replies":[{"embeddable":true,"href":"https:\/\/wordpress.boc.de\/watchguard-info-portal\/wp-json\/wp\/v2\/comments?post=26"}],"version-history":[{"count":36,"href":"https:\/\/wordpress.boc.de\/watchguard-info-portal\/wp-json\/wp\/v2\/pages\/26\/revisions"}],"predecessor-version":[{"id":26998,"href":"https:\/\/wordpress.boc.de\/watchguard-info-portal\/wp-json\/wp\/v2\/pages\/26\/revisions\/26998"}],"wp:attachment":[{"href":"https:\/\/wordpress.boc.de\/watchguard-info-portal\/wp-json\/wp\/v2\/media?parent=26"}],"curies":[{"name":"wp","href":"https:\/\/api.w.org\/{rel}","templated":true}]}}