{"id":25702,"date":"2024-11-14T18:09:58","date_gmt":"2024-11-14T17:09:58","guid":{"rendered":"https:\/\/wordpress.boc.de\/watchguard-info-portal\/supportinfos\/watchguard-schulung\/administrator-schulung-copy\/"},"modified":"2024-11-14T18:16:20","modified_gmt":"2024-11-14T17:16:20","slug":"endpoint-security-essentials-schulung","status":"publish","type":"page","link":"https:\/\/wordpress.boc.de\/watchguard-info-portal\/supportinfos\/watchguard-schulung\/endpoint-security-essentials-schulung\/","title":{"rendered":"Endpoint Security Essentials-Schulung"},"content":{"rendered":"\n\n<div class=\"su-posts su-posts-single-post \">\n\n\t\t\t\t\t\t\n\t\t\t\n\t\t\t<div id=\"su-post-25705\" class=\"su-post \">\n\t\t\t\t\n\t\t\t\t<div class=\"su-post-content\">\n\t\t\t\t\t<h2>Endpoint Security Essentials-Schulung<\/h2>\n<table>\n<tbody>\n<tr>\n<td><\/td>\n<td><img loading=\"lazy\" decoding=\"async\" class=\"alignnone size-full wp-image-1473\" src=\"https:\/\/www.boc.de\/watchguard-info-portal\/wp-content\/uploads\/2016\/06\/emblem-rechts.gif\" alt=\"emblem-rechts\" width=\"48\" height=\"48\" \/><a href=\"https:\/\/www.boc.de\/watchguard-info-portal\/supportinfos\/watchguard-schulungen\/anmeldeformular\/\">Zum Anmeldeformular<\/a><img loading=\"lazy\" decoding=\"async\" class=\"alignright wp-image-889 size-full\" src=\"https:\/\/www.boc.de\/watchguard-info-portal\/wp-content\/uploads\/2016\/04\/watchguard-certified-training-partner.png\" sizes=\"(max-width: 424px) 100vw, 424px\" srcset=\"https:\/\/www.boc.de\/watchguard-info-portal\/wp-content\/uploads\/2016\/04\/watchguard-certified-training-partner.png 424w, https:\/\/www.boc.de\/watchguard-info-portal\/wp-content\/uploads\/2016\/04\/watchguard-certified-training-partner-150x117.png 300w\" alt=\"WatchGuard Schulung\" width=\"424\" height=\"105\" \/><\/td>\n<\/tr>\n<tr>\n<td valign=\"top\"><strong>ZIELE:<\/strong><\/td>\n<td>\n<ul>\n<li>Vermittlung eines grundlegenden Verst\u00e4ndnisses der Funktionen, Komponenten und Anwendungsm\u00f6glichkeiten von WatchGuard Endpoint Security Produkten wie EPDR<\/li>\n<li>Erlernen der effizienten Erkennung, Analyse und Abwehr von Bedrohungen durch die richtige Konfiguration und Nutzung<\/li>\n<li>Einblick in das zentrale Management und die Verwaltung von Endpunkt-Sicherheitsl\u00f6sungen, einschlie\u00dflich des Einsatzes von Automatisierung zur Erh\u00f6hung der Sicherheit.<\/li>\n<li>Erlernen der Verwendung zus\u00e4tzlicher Module (wie z.B. Patch Management) zur Erweiterung der Grundfunktionen, um spezifische Sicherheitsanforderungen zu erf\u00fcllen.<\/li>\n<li>Einf\u00fchrung in Best Practices f\u00fcr die Konfiguration und Verwaltung sowie grundlegende Fehlerbehebung und -analyse f\u00fcr eine effiziente Nutzung im Arbeitsalltag.<\/li>\n<\/ul>\n<\/td>\n<\/tr>\n<tr>\n<td valign=\"top\" width=\"15%\"><strong>ZIELGRUPPE:<\/strong><\/td>\n<td>Diese Schulung richtet sich an IT-Fachkr\u00e4fte, die ein tiefes Verst\u00e4ndnis f\u00fcr die Absicherung von Endger\u00e4ten ben\u00f6tigen, um die Infrastruktur ihres Unternehmens oder ihrer Kunden vor Bedrohungen zu sch\u00fctzen.<\/td>\n<\/tr>\n<tr>\n<td valign=\"top\"><strong>VORAUSSETZUNGEN:<\/strong><\/td>\n<td>Ein Basiswissen \u00fcber IT-Sicherheitskonzepte und die Bedrohungslandschaft ist erforderlich, um den Aufbau und die Funktionsweise von Endpoint Security-L\u00f6sungen zu verstehen. Kenntnisse in Netzwerkadministration sowie grundlegende Erfahrung mit der Administration von Endger\u00e4ten und deren Betriebssystemen erleichtern das Verst\u00e4ndnis und die praktische Umsetzung der Inhalte. <strong>Das Seminar wird in deutscher Sprache gehalten.<\/strong>\u00a0F\u00fcr eine erfolgreiche Teilnahme m\u00fcssen Grundkenntnisse in englischer Sprache vorhanden sein, um den in Englisch gehaltenen Seminarunterlagen und der Bedieneroberfl\u00e4che folgen zu k\u00f6nnen.<\/td>\n<\/tr>\n<tr>\n<td valign=\"top\"><strong>INHALT:<\/strong><\/td>\n<td>Die Inhaltsangabe ist ein grober &#8220;Fahrplan&#8221;, wobei einzelne Themen nach Bedarf der Schulungsteilnehmer in gek\u00fcrzter Form oder entsprechend detaillierter durchgesprochen werden.<\/p>\n<ul>\n<li>Grundlagen der Endpoint Security<\/li>\n<li>WatchGuard Advanced EPDR &amp; WatchGuard EPDR<\/li>\n<li>Zusatzmodule wie Patch Management<\/li>\n<\/ul>\n<\/td>\n<\/tr>\n<tr>\n<td valign=\"top\"><strong>ECKDATEN:<\/strong><\/td>\n<td>\n<ul>\n<li>Dauer: 1 Tag (jeweils 09:00-17:00 Uhr), Termine siehe weiter unten.<\/li>\n<li>Die Schulungen werden ausschlie\u00dflich online angeboten.<\/li>\n<li>Teilnahmegeb\u00fchr: <strong>750,00 Euro zzgl. MwSt.<\/strong> pro Person inkl. Schulungsunterlagen (PDF).<\/li>\n<li>Die Rechnungsstellung erfolgt vorab. Nach Eingang Ihrer Zahlung erhalten Sie eine schriftliche Best\u00e4tigung.<\/li>\n<li>Bei Verhinderung des angemeldeten Teilnehmers kann eine Ersatzperson benannt werden.<\/li>\n<li><strong>Eine Umbuchung auf einen sp\u00e4teren Termin ist gegen eine Geb\u00fchr von <span style=\"color: red;\">100,00 Euro<\/span> m\u00f6glich.<\/strong><\/li>\n<li>Sollte ein gebuchter Termin ausfallen, erfolgt eine kostenfreie Umbuchung auf einen sp\u00e4teren Termin. Bei zu geringer Teilnehmerzahl behalten wir uns vor, den Termin zu verlegen oder abzusagen.<\/li>\n<li>Eine R\u00fcckerstattung ist jedoch ausgeschlossen.<\/li>\n<\/ul>\n<\/td>\n<\/tr>\n<\/tbody>\n<\/table>\n\t\t\t\t<\/div>\n\t\t\t<\/div>\n\n\t\t\t\t\n<\/div>\n\n<img loading=\"lazy\" decoding=\"async\" class=\"alignnone size-full wp-image-1473\" src=\"https:\/\/www.boc.de\/watchguard-info-portal\/wp-content\/uploads\/2016\/06\/emblem-rechts.gif\" alt=\"emblem-rechts\" width=\"48\" height=\"48\" \/><a href=\"https:\/\/www.boc.de\/watchguard-info-portal\/supportinfos\/watchguard-schulungen\/anmeldeformular\/\">Zum Anmeldeformular<\/a><br \/>\n\n\n<div class=\"su-posts su-posts-single-post \">\n\n\t\t\t\t\t\t\n\t\t\t\n\t\t\t<div id=\"su-post-3220\" class=\"su-post \">\n\t\t\t\t\n\t\t\t\t<div class=\"su-post-content\">\n\t\t\t\t\t<h3>Verf\u00fcgbare Termine 2026:<\/h3>\n<h4>Network Security Essentials-Schulungen<\/h4>\n<p>Derzeit bieten wir unsere Network-Schulungen als Pr\u00e4senz- oder Online-Schulung an. Die Pr\u00e4senz-Schulung findet in Oberhausen statt.<\/p>\n<table>\n<tbody>\n<tr>\n<td colspan=\"4\"><strong>2026<\/strong><\/td>\n<\/tr>\n<tr>\n<td id=\"prodinfo\" width=\"35%\"><a href=\"\/watchguard-info-portal\/supportinfos\/watchguard-schulung\/administrator-schulung\/\">Network Security Essentials-Schulung<\/a><\/td>\n<td id=\"prodinfo\" width=\"15%\">Pr\u00e4senz<\/td>\n<td id=\"prodinfo\" width=\"30%\">14.04.2026 &#8211; 17.04.2026 (4 Tage, Di.-Fr.)<\/td>\n<td id=\"prodinfo\" align=\"right\" width=\"20%\">2.700,00 \u20ac<\/td>\n<\/tr>\n<tr>\n<td id=\"prodinfo\" width=\"35%\"><a href=\"\/watchguard-info-portal\/supportinfos\/watchguard-schulung\/administrator-schulung\/\">Network Security Essentials-Schulung<\/a><\/td>\n<td id=\"prodinfo\" width=\"15%\">Online<\/td>\n<td id=\"prodinfo\" width=\"30%\">19.05.2026 &#8211; 22.05.2026 (4 Tage, Di.-Fr.)<\/td>\n<td id=\"prodinfo\" align=\"right\" width=\"20%\">2.300,00 \u20ac<\/td>\n<\/tr>\n<tr>\n<td id=\"prodinfo\" width=\"35%\"><a href=\"\/watchguard-info-portal\/supportinfos\/watchguard-schulung\/administrator-schulung\/\">Network Security Essentials-Schulung<\/a><\/td>\n<td id=\"prodinfo\" width=\"15%\">Pr\u00e4senz<\/td>\n<td id=\"prodinfo\" width=\"30%\">09.06.2026 &#8211; 12.06.2026 (4 Tage, Di.-Fr.)<\/td>\n<td id=\"prodinfo\" align=\"right\" width=\"20%\">2.700,00 \u20ac<\/td>\n<\/tr>\n<tr>\n<td id=\"prodinfo\" width=\"35%\"><a href=\"\/watchguard-info-portal\/supportinfos\/watchguard-schulung\/administrator-schulung\/\">Network Security Essentials-Schulung<\/a><\/td>\n<td id=\"prodinfo\" width=\"15%\">Online<\/td>\n<td id=\"prodinfo\" width=\"30%\">07.07.2026 &#8211; 10.07.2026 (4 Tage, Di.-Fr.)<\/td>\n<td id=\"prodinfo\" align=\"right\" width=\"20%\">2.300,00 \u20ac<\/td>\n<\/tr>\n<\/tbody>\n<\/table>\n<h4>Endpoint Security Essentials-Schulungen<\/h4>\n<p>Derzeit bieten wir unsere Endpoint-Schulungen ausschlie\u00dflich als Online-Schulung an.<\/p>\n<table>\n<tbody>\n<tr>\n<td colspan=\"4\"><strong>2026<\/strong><\/td>\n<\/tr>\n<tr>\n<td id=\"prodinfo\" width=\"40%\"><a href=\"https:\/\/www.boc.de\/watchguard-info-portal\/supportinfos\/watchguard-schulung\/endpoint-security-essentials-schulung\/\" rel=\"noopener\">Endpoint Security Essentials-Schulung<\/a><\/td>\n<td id=\"prodinfo\" width=\"15%\">Online<\/td>\n<td id=\"prodinfo\" width=\"30%\">16.04.2026 (1 Tag, 09:00-17:00 Uhr)<\/td>\n<td id=\"prodinfo\" align=\"right\" width=\"15%\">750,00 \u20ac<\/td>\n<\/tr>\n<tr>\n<td id=\"prodinfo\" width=\"40%\"><a href=\"https:\/\/www.boc.de\/watchguard-info-portal\/supportinfos\/watchguard-schulung\/endpoint-security-essentials-schulung\/\" rel=\"noopener\">Endpoint Security Essentials-Schulung<\/a><\/td>\n<td id=\"prodinfo\" width=\"15%\">Online<\/td>\n<td id=\"prodinfo\" width=\"30%\">25.06.2026 (1 Tag, 09:00-17:00 Uhr)<\/td>\n<td id=\"prodinfo\" align=\"right\" width=\"15%\">750,00 \u20ac<\/td>\n<\/tr>\n<\/tbody>\n<\/table>\n\t\t\t\t<\/div>\n\t\t\t<\/div>\n\n\t\t\t\t\n<\/div>\n\n<img loading=\"lazy\" decoding=\"async\" class=\"alignnone size-full wp-image-1473\" src=\"https:\/\/www.boc.de\/watchguard-info-portal\/wp-content\/uploads\/2016\/06\/emblem-rechts.gif\" alt=\"emblem-rechts\" width=\"48\" height=\"48\" \/><a href=\"https:\/\/www.boc.de\/watchguard-info-portal\/supportinfos\/watchguard-schulungen\/anmeldeformular\/\">Zum Anmeldeformular<\/a><br \/>\n\n\n<div class=\"su-posts su-posts-single-post \">\n\n\t\t\t\t\t\t\n\t\t\t\n\t\t\t<div id=\"su-post-3222\" class=\"su-post \">\n\t\t\t\t\n\t\t\t\t<div class=\"su-post-content\">\n\t\t\t\t\t<div id=\"pl-3222\"  class=\"panel-layout\" ><div id=\"pg-3222-0\"  class=\"panel-grid panel-no-style\" ><div id=\"pgc-3222-0-0\"  class=\"panel-grid-cell\" ><div id=\"panel-3222-0-0-0\" class=\"so-panel widget widget_sow-editor panel-first-child panel-last-child\" data-index=\"0\" ><div\n\t\t\t\n\t\t\tclass=\"so-widget-sow-editor so-widget-sow-editor-base\"\n\t\t\t\n\t\t>\n<div class=\"siteorigin-widget-tinymce textwidget\">\n\t<p><img loading=\"lazy\" decoding=\"async\" class=\"alignright wp-image-889 size-full\" src=\"https:\/\/www.boc.de\/watchguard-info-portal\/wp-content\/uploads\/2016\/04\/watchguard-certified-training-partner.png\" sizes=\"(max-width: 424px) 100vw, 424px\" srcset=\"https:\/\/www.boc.de\/watchguard-info-portal\/wp-content\/uploads\/2016\/04\/watchguard-certified-training-partner.png 424w, https:\/\/www.boc.de\/watchguard-info-portal\/wp-content\/uploads\/2016\/04\/watchguard-certified-training-partner-150x117.png 300w\" alt=\"watchguard-certified-training-partner\" width=\"424\" height=\"105\" \/><\/p>\n<h2 id=\"onsite\">WatchGuard Individual-Schulung vor Ort<\/h2>\n<p>Alle WatchGuard Schulungen und Trainings, die wir zentral in Oberhausen anbieten, k\u00f6nnen wir f\u00fcr Sie auf Wunsch auch individuell und an einem anderen Ort durchf\u00fchren - zum Beispiel <strong>in Ihren eigenen R\u00e4umen<\/strong> oder einem Hotel oder Veranstaltungsraum in Ihrer N\u00e4he. Bei Bedarf stellen wir auch eine gewisse Anzahl von WatchGuard Produkten f\u00fcr Hands-On-Training und die erforderliche Pr\u00e4sentationstechnik bereit.<\/p>\n<p>Nat\u00fcrlich kann im Rahmen der Schulung dann besonders individuell auf Ihre bestehende oder geplante Netzwerk-Infrastruktur eingegangen werden. Neben der Network Security Essentials-Schulung bieten wir auch Themen wie Secure Wi-Fi, Multifaktor-Authentifizierung mit AuthPoint und alle weiteren WatchGuard Themen an.<\/p>\n<p>Wenn Sie selbst <strong>IT-Fachh\u00e4ndler<\/strong> sind und WatchGuard-Kunden betreuen, f\u00fchren wir die Schulung gerne auch <strong>neutral in Ihrem Namen<\/strong> durch und sichern Ihnen selbstverst\u00e4ndlich absoluten Kundenschutz zu!<\/p>\n<p><img loading=\"lazy\" decoding=\"async\" class=\"alignnone size-full wp-image-1473\" src=\"https:\/\/www.boc.de\/watchguard-info-portal\/wp-content\/uploads\/2016\/06\/emblem-rechts.gif\" alt=\"emblem-rechts\" width=\"48\" height=\"48\" \/><a href=\"https:\/\/www.boc.de\/watchguard-info-portal\/supportinfos\/watchguard-schulung\/individualschulung\/\">Bitte nutzen Sie unser Anfrageformular<\/a><\/p>\n<\/div>\n<\/div><\/div><\/div><\/div><\/div>\t\t\t\t<\/div>\n\t\t\t<\/div>\n\n\t\t\t\t\n<\/div>\n\n","protected":false},"excerpt":{"rendered":"<p>WatchGuard Individual-Schulung vor Ort Alle WatchGuard Schulungen und Trainings, die wir zentral in Oberhausen anbieten, k\u00f6nnen wir f\u00fcr Sie auf Wunsch auch individuell und an einem anderen Ort durchf\u00fchren &#8211; zum Beispiel in Ihren eigenen R\u00e4umen oder einem Hotel oder Veranstaltungsraum in Ihrer N\u00e4he. Bei Bedarf stellen wir auch eine gewisse Anzahl von WatchGuard Produkten f\u00fcr Hands-On-Training und die erforderliche Pr\u00e4sentationstechnik bereit. Nat\u00fcrlich kann im &hellip; <a href=\"https:\/\/wordpress.boc.de\/watchguard-info-portal\/supportinfos\/watchguard-schulung-tpl-individual-schulung-vor-ort\/\" class=\"more-link\">Weiterlesen <span class=\"screen-reader-text\">WatchGuard Schulung &#8211; Textblock Individual-Schulung &#8211; 3222<\/span> <span class=\"meta-nav\">&raquo;<\/span><\/a><\/p>\n","protected":false},"author":4,"featured_media":0,"parent":2,"menu_order":0,"comment_status":"closed","ping_status":"closed","template":"","meta":{"footnotes":""},"class_list":["post-25702","page","type-page","status-publish","hentry"],"_links":{"self":[{"href":"https:\/\/wordpress.boc.de\/watchguard-info-portal\/wp-json\/wp\/v2\/pages\/25702"}],"collection":[{"href":"https:\/\/wordpress.boc.de\/watchguard-info-portal\/wp-json\/wp\/v2\/pages"}],"about":[{"href":"https:\/\/wordpress.boc.de\/watchguard-info-portal\/wp-json\/wp\/v2\/types\/page"}],"author":[{"embeddable":true,"href":"https:\/\/wordpress.boc.de\/watchguard-info-portal\/wp-json\/wp\/v2\/users\/4"}],"replies":[{"embeddable":true,"href":"https:\/\/wordpress.boc.de\/watchguard-info-portal\/wp-json\/wp\/v2\/comments?post=25702"}],"version-history":[{"count":3,"href":"https:\/\/wordpress.boc.de\/watchguard-info-portal\/wp-json\/wp\/v2\/pages\/25702\/revisions"}],"predecessor-version":[{"id":25707,"href":"https:\/\/wordpress.boc.de\/watchguard-info-portal\/wp-json\/wp\/v2\/pages\/25702\/revisions\/25707"}],"up":[{"embeddable":true,"href":"https:\/\/wordpress.boc.de\/watchguard-info-portal\/wp-json\/wp\/v2\/pages\/2"}],"wp:attachment":[{"href":"https:\/\/wordpress.boc.de\/watchguard-info-portal\/wp-json\/wp\/v2\/media?parent=25702"}],"curies":[{"name":"wp","href":"https:\/\/api.w.org\/{rel}","templated":true}]}}