{"id":2501,"date":"2016-10-27T15:49:47","date_gmt":"2016-10-27T13:49:47","guid":{"rendered":"https:\/\/www.boc.de\/watchguard-info-portal\/?page_id=2501"},"modified":"2025-02-20T14:53:17","modified_gmt":"2025-02-20T13:53:17","slug":"wlan-mit-cloud-management","status":"publish","type":"page","link":"https:\/\/wordpress.boc.de\/watchguard-info-portal\/produktinfos\/wlan-mit-cloud-management\/","title":{"rendered":"WLAN mit Cloud Management"},"content":{"rendered":"<p><img loading=\"lazy\" decoding=\"async\" class=\" wp-image-9986 alignnone\" src=\"https:\/\/www.boc.de\/pub\/media\/catalog\/category\/aktuelle_watchguard_access_points\/WatchGuard-AP130-AP330-AP332CR-AP432-AP430CR-Family.jpg\" alt=\"\" width=\"719\" height=\"323\" \/><\/p>\n<h2>Sicheres, in der Cloud verwaltetes WLAN<br \/>\nSicher, einfach, intelligent<\/h2>\n<p>Mit der reinen Bereitstellung einer WLAN-Umgebung ist es f\u00fcr Unternehmen heutzutage nicht getan. Es geht vor allem um Sicherheit und die effektive Aussch\u00f6pfung des Gesamtpotenzials eines WLAN. Hier bieten die neuen Access Points von WatchGuard inklusive Cloud Management entscheidende Vorteile: Sichern Sie sich fortschrittliche WIPS-Funktionalit\u00e4t und profitieren Sie von detaillierten Analysen hinsichtlich WLAN-Nutzern sowie -Nutzung. Hinzu kommen wertvolle Marketing-Werkzeuge und die M\u00f6glichkeit der gezielten Kundenansprache und -einbindung. All diese Features sind beim Kauf bereits integriert \u2013 ohne zus\u00e4tzliche Kosten und M\u00fchen.<\/p>\n<h3>Sicherheit<\/h3>\n<p>Die Cloud-verwalteten Access Points von WatchGuard warten mit fortschrittlicher WIPS-Funktionalit\u00e4t (Wireless Intrusion Prevention System) auf und garantieren vollst\u00e4ndigen Schutz. Aufgrund der patentierten Marker-Packet-Technologie gilt unser WIPS als das branchenweit st\u00e4rkste und zuverl\u00e4ssigte seiner Art \u2013 mit der geringsten Fehleinsch\u00e4tzungsquote. Auf diese Weise gewinnen Sie maximale Kontrolle \u00fcber Ihr WLAN.<\/p>\n<h3>Verwaltung<\/h3>\n<p>Dank des Cloud-Ansatzes wird die WLAN-Verwaltung f\u00fcr IT-Verantwortliche zum Kinderspiel \u2013 dies gilt f\u00fcr das Einrichten ebenso wie f\u00fcr Konfiguration, Monitoring, Fehlersuche und Zugangsoptimierung f\u00fcr Mitarbeiter und G\u00e4ste. Es gelten keinerlei Beschr\u00e4nkungen mehr, wie man sie fr\u00fcher gewohnt war. Die WLAN-Umgebung l\u00e4sst sich jederzeit anpassen \u2013 egal ob wir von einem oder tausenden Access Points sprechen, \u00fcber zahlreiche Standorte hinweg. Auch Gruppierungen aller Art sind im Zuge konsistenter Sicherheitsvorgaben jederzeit m\u00f6glich, beispielsweise nach Niederlassung, Geb\u00e4ude, Etage oder Kunde.<\/p>\n<h3>Analyse<\/h3>\n<p>Wer? Wie? Wo? Wann? Wer diese Fragen zur Nutzung beantworten kann, ist auf bestem Wege, das meiste aus seinem WLAN herauszuholen und G\u00e4sten einen optimalen Zugang zu bieten. Spielen Sie die umfangreichen Analyse-Werkzeuge gewinnbringend aus \u2013 nicht nur Informationen zu Verbindungszeit, Verweildauer und Verhalten sind die Basis wichtiger Entscheidungen. Gerade die flexibel gestaltbaren Dashboards, Alarmfunktionen und Berichte versprechen jederzeitigen Durchblick hinsichtlich der Vorg\u00e4nge im WLAN.<\/p>\n<h3>Ansprache und Einbindung<\/h3>\n<p>Befl\u00fcgeln Sie Ihr Marketing auf Basis der spezifischen, einfach zu bedienenden und integrierten Funktionen, die aus dem WLAN-Zugang ein Erlebnis der besonderen Art machen \u2013 f\u00fcr Kunden, G\u00e4ste und Mitarbeiter. Erstellen Sie moderne und kreative Willkommensseiten, f\u00fcr die keinerlei Web-Design-Vorkenntnisse erforderlich sind; binden Sie Videos und Umfragen ein oder nutzen Sie das WLAN f\u00fcr weitere zielgerichtete Werbeaktionen \u2013 die M\u00f6glichkeiten sind vielf\u00e4ltig. Im Handumdrehen verwandeln Sie ihr WLAN in einen Umsatztreiber oder eine ganz spezielle Plattform der Kundenbindung.<\/p>\n<h3>Marketing-Offensive<\/h3>\n<p>Nutzen Sie den WLAN-Zugang von Kunden und G\u00e4sten zu Ihrem strategischen Vorteil. Werbeaktionen k\u00f6nnen auf den Punkt platziert werden, was enormes Potenzial birgt, um Kunden ans Unternehmen zu binden. Selbst wenn diese die Unternehmenssph\u00e4re l\u00e4ngst verlassen haben, k\u00f6nnen sie aufgrund der hinterlassenen Kontaktinformationen jederzeit mit Rabatt-Angeboten, Veranstaltungshinweisen oder weiteren Neuigkeiten gezielt angesprochen werden.<\/p>\n<h3>Cloud-f\u00e4hige Access Points f\u00fcr h\u00f6chste Performance<\/h3>\n<p>Alle <a href=\"https:\/\/www.boc.de\/aktuelle-watchguard-access-points.html\" target=\"_blank\" rel=\"noopener noreferrer\">aktuellen Access Points<\/a> werden ausschlie\u00dflich \u00fcber die WatchGuard Cloud Plattform verwaltet. Die bis Ende 2021 vertriebenen Wi-Fi 5 Access Points (AP125, AP225W, AP325, AP327X, AP420) k\u00f6nnen hingegen nur \u00fcber die fr\u00fcheren Managementplattformen verwaltet werden, nicht aber \u00fcber WatchGuard Cloud.<\/p>\n<h3>Live Demo WatchGuard Wi-Fi Cloud<\/h3>\n<p>Ein Bild sagt bekanntlich mehr als tausend Worte. Eine Live Demo sagt noch mehr als tausend Bilder. <strong>Besuchen Sie eine echte WatchGuard Wi-Fi Cloud<\/strong>\u00a0und \u00fcberzeugen Sie sich selbst\u00a0<strong>im laufenden Betrieb<\/strong> anhand von vorbereiteten Daten und Einstellungen.<\/p>\n<pre><img loading=\"lazy\" decoding=\"async\" class=\"size-full wp-image-1473 alignleft\" src=\"https:\/\/www.boc.de\/watchguard-info-portal\/wp-content\/uploads\/2016\/06\/emblem-rechts.gif\" alt=\"emblem-rechts\" width=\"48\" height=\"48\" \/><strong><span style=\"color: red;\">LIVE DEMO:<\/span><\/strong> <a href=\"https:\/\/cloud.watchguard.com\/\" target=\"_blank\" rel=\"noopener noreferrer\">Klicken Sie hier zur Anmeldung<\/a> (es \u00f6ffnet sich ein neues Browser-Fenster). <strong>Username = wgcdemo<\/strong> ; <strong>Passwort = V1sibility<\/strong>. Mit dem Demo-Konto k\u00f6nnen Sie alle Funktionen der WatchGuard Cloud nach Belieben in aller Ruhe testen. Nach der Anmeldung k\u00f6nnen Sie w\u00e4hlen zwischen AuthPoint, Endpoint, Firebox, Wi-Fi und ThreatSync und gelangen anschlie\u00dfend direkt in das Dashboard, von welchem Sie zu den einzelnen Funktionen \"\u00dcberwachen\", \"Konfiguration\" und \"Administration\" navigieren k\u00f6nnen. Bei Fragen nutzen Sie einfach unsere Chat-Funktion unten rechts (sofern online) oder hinterlassen Sie dort Ihre Frage(n).<\/pre>\n<p><img loading=\"lazy\" decoding=\"async\" class=\"aligncenter size-full wp-image-12385\" src=\"https:\/\/www.boc.de\/watchguard-info-portal\/wp-content\/uploads\/2021\/03\/wgcloud-demo-hero.png\" alt=\"\" width=\"865\" height=\"210\" srcset=\"https:\/\/wordpress.boc.de\/watchguard-info-portal\/wp-content\/uploads\/2021\/03\/wgcloud-demo-hero.png 865w, https:\/\/wordpress.boc.de\/watchguard-info-portal\/wp-content\/uploads\/2021\/03\/wgcloud-demo-hero-300x73.png 300w, https:\/\/wordpress.boc.de\/watchguard-info-portal\/wp-content\/uploads\/2021\/03\/wgcloud-demo-hero-768x186.png 768w, https:\/\/wordpress.boc.de\/watchguard-info-portal\/wp-content\/uploads\/2021\/03\/wgcloud-demo-hero-800x194.png 800w\" sizes=\"(max-width: 865px) 100vw, 865px\" \/><\/p>\n<h3>Downloads:<\/h3>\n<ul>\n<li><a href=\"https:\/\/www.boc.de\/pub\/media\/documents\/ap130\/95_Brosch%C3%BCre-WLAN-in-der-WatchGuard-Cloud.pdf\" target=\"_blank\" rel=\"noopener noreferrer\">Informationsbrosch\u00fcre Wi-Fi (deutsch)<\/a><\/li>\n<li><a href=\"https:\/\/www.boc.de\/pub\/media\/documents\/ap130\/40_Secure-Wi-Fi-&amp;-AP-Modellvergleich.pdf\" target=\"_blank\" rel=\"noopener noreferrer\">Secure Wi-Fi &amp; AP Modellvergleich<\/a><\/li>\n<li><a href=\"https:\/\/www.boc.de\/pub\/media\/documents\/ap130\/50_Access-Point-Trade-Up-Gr%C3%BCnde-&amp;-Upgrade-Pfad.pdf\" target=\"_blank\" rel=\"noopener noreferrer\">Access Point Trade-Up Gr\u00fcnde &amp; Upgrade-Pfad<\/a><\/li>\n<\/ul>\n<h3>Die neuen Access Points finden Sie in unserem Bestellsystem:<\/h3>\n<ul>\n<li><a href=\"https:\/\/www.boc.de\/watchguard-ap130.html\" target=\"_blank\" rel=\"noopener noreferrer\">WatchGuard AP130<\/a><\/li>\n<li><a href=\"https:\/\/www.boc.de\/watchguard-ap230w.html\" target=\"_blank\" rel=\"noopener noreferrer\">WatchGuard AP230W<\/a><\/li>\n<li><a href=\"https:\/\/www.boc.de\/watchguard-ap330.html\" target=\"_blank\" rel=\"noopener noreferrer\">WatchGuard AP330<\/a><\/li>\n<li><a href=\"https:\/\/www.boc.de\/watchguard-ap332cr.html\" target=\"_blank\" rel=\"noopener noreferrer\">WatchGuard AP332CR<\/a><\/li>\n<li><a href=\"https:\/\/www.boc.de\/watchguard-ap432.html\" target=\"_blank\" rel=\"noopener noreferrer\">WatchGuard AP432<\/a><\/li>\n<li><a href=\"https:\/\/www.boc.de\/watchguard-ap430cr.html\" target=\"_blank\" rel=\"noopener noreferrer\">WatchGuard AP430CR<\/a><\/li>\n<\/ul>\n<h3>Weiterf\u00fchrende Links:<\/h3>\n<ul>\n<li>Youtube Video: <a href=\"https:\/\/www.youtube.com\/watch?v=d32ye0nxy2s\" target=\"_blank\" rel=\"noopener noreferrer\">Wi-Fi in der WatchGuard Cloud<\/a><\/li>\n<li><a href=\"https:\/\/www.boc.de\/pub\/media\/documents\/ap130\/98_Datenblatt-WatchGuard-Cloud.pdf\" target=\"_blank\" rel=\"noopener noreferrer\">Datenblatt WatchGuard Cloud<\/a><\/li>\n<li><a href=\"https:\/\/www.boc.de\/pub\/media\/documents\/ap130\/99_Kurzbeschreibung-WatchGuard-Cloud.pdf\" target=\"_blank\" rel=\"noopener noreferrer\">Kurzbeschreibung WatchGuard Cloud<\/a><\/li>\n<li><a href=\"https:\/\/www.boc.de\/watchguard-info-portal\/2018\/09\/watchguard-trusted-wireless-environment\/\" target=\"_blank\" rel=\"noopener noreferrer\">Blogartikel zum Thema &#8220;Trusted Wireless Environment&#8221;<\/a><\/li>\n<\/ul>\n<p><img loading=\"lazy\" decoding=\"async\" class=\"alignnone size-full wp-image-1473\" src=\"https:\/\/www.boc.de\/watchguard-info-portal\/wp-content\/uploads\/2016\/06\/emblem-rechts.gif\" alt=\"emblem-rechts\" width=\"48\" height=\"48\" \/><a href=\"https:\/\/www.boc.de\/watchguard-info-portal\/watchguard-secure-wi-fi-sicheres-wlan\/\" target=\"_blank\" rel=\"noopener noreferrer\">\u00a0Unsere Portal-Seite zum Thema Secure Wi-Fi \/ Sicheres WLAN<\/a><\/p>\n","protected":false},"excerpt":{"rendered":"<p>Sicheres, in der Cloud verwaltetes WLAN Sicher, einfach, intelligent Mit der reinen Bereitstellung einer WLAN-Umgebung ist es f\u00fcr Unternehmen heutzutage nicht getan. Es geht vor allem um Sicherheit und die effektive Aussch\u00f6pfung des Gesamtpotenzials eines WLAN. Hier bieten die neuen Access Points von WatchGuard inklusive Cloud Management entscheidende Vorteile: Sichern Sie sich fortschrittliche WIPS-Funktionalit\u00e4t und profitieren Sie von detaillierten Analysen hinsichtlich WLAN-Nutzern sowie -Nutzung. Hinzu &hellip; <a href=\"https:\/\/wordpress.boc.de\/watchguard-info-portal\/produktinfos\/wlan-mit-cloud-management\/\" class=\"more-link\">Weiterlesen <span class=\"screen-reader-text\">WLAN mit Cloud Management<\/span> <span class=\"meta-nav\">&raquo;<\/span><\/a><\/p>\n","protected":false},"author":3,"featured_media":0,"parent":24,"menu_order":0,"comment_status":"closed","ping_status":"closed","template":"","meta":{"footnotes":""},"class_list":["post-2501","page","type-page","status-publish","hentry"],"_links":{"self":[{"href":"https:\/\/wordpress.boc.de\/watchguard-info-portal\/wp-json\/wp\/v2\/pages\/2501"}],"collection":[{"href":"https:\/\/wordpress.boc.de\/watchguard-info-portal\/wp-json\/wp\/v2\/pages"}],"about":[{"href":"https:\/\/wordpress.boc.de\/watchguard-info-portal\/wp-json\/wp\/v2\/types\/page"}],"author":[{"embeddable":true,"href":"https:\/\/wordpress.boc.de\/watchguard-info-portal\/wp-json\/wp\/v2\/users\/3"}],"replies":[{"embeddable":true,"href":"https:\/\/wordpress.boc.de\/watchguard-info-portal\/wp-json\/wp\/v2\/comments?post=2501"}],"version-history":[{"count":57,"href":"https:\/\/wordpress.boc.de\/watchguard-info-portal\/wp-json\/wp\/v2\/pages\/2501\/revisions"}],"predecessor-version":[{"id":27362,"href":"https:\/\/wordpress.boc.de\/watchguard-info-portal\/wp-json\/wp\/v2\/pages\/2501\/revisions\/27362"}],"up":[{"embeddable":true,"href":"https:\/\/wordpress.boc.de\/watchguard-info-portal\/wp-json\/wp\/v2\/pages\/24"}],"wp:attachment":[{"href":"https:\/\/wordpress.boc.de\/watchguard-info-portal\/wp-json\/wp\/v2\/media?parent=2501"}],"curies":[{"name":"wp","href":"https:\/\/api.w.org\/{rel}","templated":true}]}}