{"id":249,"date":"2016-06-14T20:51:32","date_gmt":"2016-06-14T18:51:32","guid":{"rendered":"https:\/\/www.boc.de\/watchguard-info-portal\/?page_id=249"},"modified":"2024-03-14T11:24:31","modified_gmt":"2024-03-14T10:24:31","slug":"behoerden-und-schulen","status":"publish","type":"page","link":"https:\/\/wordpress.boc.de\/watchguard-info-portal\/promotions\/behoerden-und-schulen\/","title":{"rendered":"WatchGuard SchoolMate &#8211; Beh\u00f6rden und Schulen"},"content":{"rendered":"<h2><strong>WatchGuard GOV Sonderkonditionen<\/strong><\/h2>\n<p>WatchGuard gew\u00e4hrt <strong>Beh\u00f6rden, Schulen, \u00f6ffentlichen und privaten Non-Profit Organisationen<\/strong> einen <strong>pauschalen Preisnachlass von 20%<\/strong> auf Vollprodukte und Renewal Lizenzen:<\/p>\n<div class=\"su-list\" style=\"margin-left:0px\">\n<ul>\n<li><i class=\"sui sui-chevron-circle-right\" style=\"color:#333\"><\/i> Beh\u00f6rden auf Bundes-, Landes- und kommunaler Ebene<\/li>\n<li><i class=\"sui sui-chevron-circle-right\" style=\"color:#333\"><\/i> Hochschulen (Universit\u00e4ten, Fachhochschulen, Berufsakademien)<\/li>\n<li><i class=\"sui sui-chevron-circle-right\" style=\"color:#333\"><\/i> \u00d6ffentliche und private Grundschulen, Realschulen und Gymnasien<\/li>\n<li><i class=\"sui sui-chevron-circle-right\" style=\"color:#333\"><\/i> Erweiterte Beh\u00f6rden der Schulverwaltung<\/li>\n<li><i class=\"sui sui-chevron-circle-right\" style=\"color:#333\"><\/i> Universit\u00e4tskrankenh\u00e4user<\/li>\n<li><i class=\"sui sui-chevron-circle-right\" style=\"color:#333\"><\/i> B\u00fcchereien<\/li>\n<li><i class=\"sui sui-chevron-circle-right\" style=\"color:#333\"><\/i> Staatliche und andere \u00f6ffentliche Unternehmen<\/li>\n<li><i class=\"sui sui-chevron-circle-right\" style=\"color:#333\"><\/i> Gemeinn\u00fctzige Non-Profit Organisationen<\/li>\n<\/ul>\n<\/div>\n<pre><img loading=\"lazy\" decoding=\"async\" class=\"size-full wp-image-1468 alignleft\" src=\"https:\/\/www.boc.de\/watchguard-info-portal\/wp-content\/uploads\/2016\/06\/emblem-imp.gif\" alt=\"emblem-imp\" width=\"48\" height=\"48\" \/>Die <strong>GOV Sonderkonditionen<\/strong> k\u00f6nnen <strong>NICHT<\/strong> auf Artikel angewendet werden, die bereits in einer <strong>anderen Promotion<\/strong> enthalten sind. Insbesondere k\u00f6nnen die Trade-Up Artikel, die Competitive Trade-In Artikel oder die Cluster-Boxen aus der High Availability Promotion <strong>NICHT noch einmal zus\u00e4tzlich<\/strong> rabattiert werden. Im Einzelfall lohnt sich das Nachrechnen: in vielen F\u00e4llen sind die \"Trade-Up Preise\" g\u00fcnstiger - in Ausnahmef\u00e4llen rechnet sich jedoch die Kombination aus Vollprodukt und Beh\u00f6rdenkonditionen!<\/pre>\n<pre><img loading=\"lazy\" decoding=\"async\" class=\"size-full wp-image-1468 alignleft\" src=\"https:\/\/www.boc.de\/watchguard-info-portal\/wp-content\/uploads\/2016\/06\/emblem-imp.gif\" alt=\"emblem-imp\" width=\"48\" height=\"48\" \/>Zur Ermittlung des SchoolMate \/ Beh\u00f6rdenpreises <strong>multiplizieren<\/strong> Sie bitte die auf unserer Website angezeigten WatchGuard-Preise <strong>mit 0,8<\/strong>. Dies gilt wie bereits erl\u00e4utert NICHT f\u00fcr Promotion Artikel! Alternativ k\u00f6nnen Sie gerne einen Login-Account f\u00fcr unser Shop-System beantragen, bei dem Ihre Sonderkonditionen dann schon direkt angezeigt werden.<\/pre>\n","protected":false},"excerpt":{"rendered":"<p>WatchGuard GOV Sonderkonditionen WatchGuard gew\u00e4hrt Beh\u00f6rden, Schulen, \u00f6ffentlichen und privaten Non-Profit Organisationen einen pauschalen Preisnachlass von 20% auf Vollprodukte und Renewal Lizenzen: Die GOV Sonderkonditionen k\u00f6nnen NICHT auf Artikel angewendet werden, die bereits in einer anderen Promotion enthalten sind. Insbesondere k\u00f6nnen die Trade-Up Artikel, die Competitive Trade-In Artikel oder die Cluster-Boxen aus der High Availability Promotion NICHT noch einmal zus\u00e4tzlich rabattiert werden. Im Einzelfall lohnt &hellip; <a href=\"https:\/\/wordpress.boc.de\/watchguard-info-portal\/promotions\/behoerden-und-schulen\/\" class=\"more-link\">Weiterlesen <span class=\"screen-reader-text\">WatchGuard SchoolMate &#8211; Beh\u00f6rden und Schulen<\/span> <span class=\"meta-nav\">&raquo;<\/span><\/a><\/p>\n","protected":false},"author":2,"featured_media":0,"parent":8901,"menu_order":0,"comment_status":"closed","ping_status":"closed","template":"","meta":{"footnotes":""},"class_list":["post-249","page","type-page","status-publish","hentry"],"_links":{"self":[{"href":"https:\/\/wordpress.boc.de\/watchguard-info-portal\/wp-json\/wp\/v2\/pages\/249"}],"collection":[{"href":"https:\/\/wordpress.boc.de\/watchguard-info-portal\/wp-json\/wp\/v2\/pages"}],"about":[{"href":"https:\/\/wordpress.boc.de\/watchguard-info-portal\/wp-json\/wp\/v2\/types\/page"}],"author":[{"embeddable":true,"href":"https:\/\/wordpress.boc.de\/watchguard-info-portal\/wp-json\/wp\/v2\/users\/2"}],"replies":[{"embeddable":true,"href":"https:\/\/wordpress.boc.de\/watchguard-info-portal\/wp-json\/wp\/v2\/comments?post=249"}],"version-history":[{"count":29,"href":"https:\/\/wordpress.boc.de\/watchguard-info-portal\/wp-json\/wp\/v2\/pages\/249\/revisions"}],"predecessor-version":[{"id":19850,"href":"https:\/\/wordpress.boc.de\/watchguard-info-portal\/wp-json\/wp\/v2\/pages\/249\/revisions\/19850"}],"up":[{"embeddable":true,"href":"https:\/\/wordpress.boc.de\/watchguard-info-portal\/wp-json\/wp\/v2\/pages\/8901"}],"wp:attachment":[{"href":"https:\/\/wordpress.boc.de\/watchguard-info-portal\/wp-json\/wp\/v2\/media?parent=249"}],"curies":[{"name":"wp","href":"https:\/\/api.w.org\/{rel}","templated":true}]}}