{"id":24637,"date":"2024-09-10T12:51:53","date_gmt":"2024-09-10T10:51:53","guid":{"rendered":"https:\/\/wordpress.boc.de\/watchguard-info-portal\/?page_id=24637"},"modified":"2025-03-28T10:17:44","modified_gmt":"2025-03-28T09:17:44","slug":"best-preis-garantie","status":"publish","type":"page","link":"https:\/\/wordpress.boc.de\/watchguard-info-portal\/promotions\/best-preis-garantie\/","title":{"rendered":"Best-Preis-Garantie"},"content":{"rendered":"<div id=\"pl-24637\"  class=\"panel-layout\" ><div id=\"pg-24637-0\"  class=\"panel-grid panel-no-style\" ><div id=\"pgc-24637-0-0\"  class=\"panel-grid-cell\" ><div id=\"panel-24637-0-0-0\" class=\"so-panel widget widget_sow-editor panel-first-child panel-last-child\" data-index=\"0\" ><div\n\t\t\t\n\t\t\tclass=\"so-widget-sow-editor so-widget-sow-editor-base\"\n\t\t\t\n\t\t>\n<div class=\"siteorigin-widget-tinymce textwidget\">\n\t<h2>Best-Preis-Garantie. Kaufen Sie zu den besten Preisen!<\/h2>\n<h3>Finden Sie einen besseren Preis? Kein Problem \u2013 wir gehen den Preis mit!<\/h3>\n<p>Die BOC IT-Security ist stolz darauf, Ihnen die besten Preise f\u00fcr WatchGuard-Produkte anzubieten. Unsere Best-Preis-Garantie bedeutet, dass Sie bei uns immer sicher sein k\u00f6nnen, zum besten Preis zu kaufen. Finden Sie einen niedrigeren Preis bei einem anderen H\u00e4ndler? Kein Problem \u2013 wir gehen den Preis mit!<\/p>\n<\/div>\n<\/div><\/div><\/div><\/div><div id=\"pg-24637-1\"  class=\"panel-grid panel-no-style\" ><div id=\"pgc-24637-1-0\"  class=\"panel-grid-cell\" ><div id=\"panel-24637-1-0-0\" class=\"so-panel widget widget_sow-editor panel-first-child panel-last-child\" data-index=\"1\" ><div\n\t\t\t\n\t\t\tclass=\"so-widget-sow-editor so-widget-sow-editor-base\"\n\t\t\t\n\t\t>\n<div class=\"siteorigin-widget-tinymce textwidget\">\n\t<div class=\"info-box\">\n<div class=\"box\"><i class=\"fa fa-check-circle\" style=\"font-size: 52px; color: #b22418; margin-right: 30px;\" aria-hidden=\"true\"><\/i><\/p>\n<p>&nbsp;<\/p>\n<div class=\"text-content\">\n<h5>Woanders g\u00fcnstiger? Kein Problem!<\/h5>\n<p>Sie haben ein Produkt woanders g\u00fcnstiger gesehen? Wir ziehen gleich und passen den Preis f\u00fcr Sie an! <\/p>\n<\/div>\n<\/div>\n<\/div>\n<\/div>\n<\/div><\/div><\/div><div id=\"pgc-24637-1-1\"  class=\"panel-grid-cell\" ><div id=\"panel-24637-1-1-0\" class=\"so-panel widget widget_sow-editor panel-first-child panel-last-child\" data-index=\"2\" ><div\n\t\t\t\n\t\t\tclass=\"so-widget-sow-editor so-widget-sow-editor-base\"\n\t\t\t\n\t\t>\n<div class=\"siteorigin-widget-tinymce textwidget\">\n\t<div class=\"info-box\">\n<div class=\"box\"><i class=\"fa fa-check-circle\" style=\"font-size: 52px; color: #b22418; margin-right: 30px;\" aria-hidden=\"true\"><\/i><\/p>\n<p>&nbsp;<\/p>\n<p>&nbsp;<\/p>\n<div class=\"text-content\">\n<h5>Qualit\u00e4tsmerkmale der BOC<\/h5>\n<p>Exklusiver Platinum Partner Status. Certified Training Partner. \u00dcber 25 Jahre Erfahrung. Schneller und kostenloser Versand. <\/p>\n<\/div>\n<\/div>\n<\/div>\n<\/div>\n<\/div><\/div><\/div><div id=\"pgc-24637-1-2\"  class=\"panel-grid-cell\" ><div id=\"panel-24637-1-2-0\" class=\"so-panel widget widget_sow-editor panel-first-child panel-last-child\" data-index=\"3\" ><div\n\t\t\t\n\t\t\tclass=\"so-widget-sow-editor so-widget-sow-editor-base\"\n\t\t\t\n\t\t>\n<div class=\"siteorigin-widget-tinymce textwidget\">\n\t<div class=\"info-box\">\n<div class=\"box\"><i class=\"fa fa-check-circle\" style=\"font-size: 52px; color: #b22418; margin-right: 30px;\" aria-hidden=\"true\"><\/i><\/p>\n<p>&nbsp;<\/p>\n<div class=\"text-content\">\n<h5>Ohne Ausnahmen!<\/h5>\n<p>Unsere Best-Preis-Garantie gilt f\u00fcr unser gesamtes Sortiment (Hardware und Software-Lizenzen).<\/p>\n<\/div>\n<\/div>\n<\/div>\n<\/div>\n<\/div><\/div><\/div><\/div><div id=\"pg-24637-2\"  class=\"panel-grid panel-no-style\" ><div id=\"pgc-24637-2-0\"  class=\"panel-grid-cell\" ><div id=\"panel-24637-2-0-0\" class=\"so-panel widget widget_sow-editor panel-first-child panel-last-child\" data-index=\"4\" ><div\n\t\t\t\n\t\t\tclass=\"so-widget-sow-editor so-widget-sow-editor-base\"\n\t\t\t\n\t\t>\n<div class=\"siteorigin-widget-tinymce textwidget\">\n\t<div class=\"red-button\"><a href=\"#vorgehensweise\">Jetzt Best-Preis beantragen <i class=\"fa fa-chevron-right\" style=\"font-size: 11px;\"><\/i><i class=\"fa fa-chevron-right\" style=\"font-size: 11px;\"><\/i><\/a><\/div>\n<p><img decoding=\"async\" class=\"aligncenter size-full wp-image-24691\" src=\"https:\/\/boc.de\/watchguard-info-portal\/wp-content\/uploads\/2024\/09\/best-preis-logo.png\" alt=\"\" width=\"599\" srcset=\"https:\/\/wordpress.boc.de\/watchguard-info-portal\/wp-content\/uploads\/2024\/09\/best-preis-logo.png 599w, https:\/\/wordpress.boc.de\/watchguard-info-portal\/wp-content\/uploads\/2024\/09\/best-preis-logo-300x39.png 300w\" sizes=\"(max-width: 599px) 100vw, 599px\" \/><\/p>\n<\/div>\n<\/div><\/div><\/div><\/div><div id=\"pg-24637-3\"  class=\"panel-grid panel-no-style\" ><div id=\"pgc-24637-3-0\"  class=\"panel-grid-cell\" ><div id=\"panel-24637-3-0-0\" class=\"so-panel widget widget_sow-editor panel-first-child panel-last-child\" data-index=\"5\" ><div\n\t\t\t\n\t\t\tclass=\"so-widget-sow-editor so-widget-sow-editor-base\"\n\t\t\t\n\t\t>\n<div class=\"siteorigin-widget-tinymce textwidget\">\n\t<h3>Bedingungen<\/h3>\n<p>F\u00fcr die Inanspruchnahme der Best-Preis-Garantie gelten folgende Bedingungen:<\/p>\n<ul>\n<li>Der Preisvergleich gilt nur f\u00fcr identische Hardware-Produkte oder Software-Lizenzen (identische SKU\/Artikelnummer).<\/li>\n<li>Ein offizieller Nachweis des g\u00fcnstigeren Preises muss vorgelegt werden (Angebot, Screenshot, Link).<\/li>\n<li>Der g\u00fcnstigere Preis muss \u00f6ffentlich zug\u00e4nglich und ohne exklusive Rabatte verf\u00fcgbar sein.<\/li>\n<li>Das Produkt muss zu dem g\u00fcnstigeren Preis sofort verf\u00fcgbar sein.<\/li>\n<li>Der Preisvergleich gilt nur f\u00fcr Angebote innerhalb von Deutschland.<\/li>\n<li>Sonderangebote, Ausverk\u00e4ufe und Aktionen sind ausgeschlossen.<\/li>\n<li>Der g\u00fcnstigere Preis muss von einem autorisierten Fachh\u00e4ndler stammen.<\/li>\n<li>Die Best-Preis-Garantie ist nicht mit anderen Rabatten kombinierbar.<\/li>\n<\/ul>\n<h3 id=\"vorgehensweise\">Vorgehensweise<\/h3>\n<p>Wenn Sie bei einem anderen Anbieter ein g\u00fcnstigeres Angebot finden und die oben gelisteten Bedingungen erf\u00fcllt sind, dann f\u00fcllen Sie einfach folgendes Formular aus oder senden Sie uns einen entsprechenden Preis-Nachweis (z.B. ein Screenshot mit Link zum Artikel) und eine genaue Aufstellung der gew\u00fcnschten Artikel (bestenfalls mit SKU\/Artikelnummer) per E-Mail an vertrieb@boc.de. Sie erhalten dann schnellst m\u00f6glich ein Angebot von uns per E-Mail.<\/p>\n<\/div>\n<\/div><\/div><\/div><\/div><div id=\"pg-24637-4\"  class=\"panel-grid panel-no-style\" ><div id=\"pgc-24637-4-0\"  class=\"panel-grid-cell panel-grid-cell-empty\" ><\/div><div id=\"pgc-24637-4-1\"  class=\"panel-grid-cell panel-grid-cell-mobile-last\" ><div id=\"panel-24637-4-1-0\" class=\"so-panel widget widget_sow-editor panel-first-child panel-last-child\" data-index=\"6\" ><div\n\t\t\t\n\t\t\tclass=\"so-widget-sow-editor so-widget-sow-editor-base\"\n\t\t\t\n\t\t>\n<div class=\"siteorigin-widget-tinymce textwidget\">\n\t<div class=\"info-box\">\n<div class=\"wpcf7 no-js\" id=\"wpcf7-f24696-o1\" lang=\"de-DE\" dir=\"ltr\">\n<div class=\"screen-reader-response\"><p role=\"status\" aria-live=\"polite\" aria-atomic=\"true\"><\/p> <ul><\/ul><\/div>\n<form action=\"\/watchguard-info-portal\/wp-json\/wp\/v2\/pages\/24637#wpcf7-f24696-o1\" method=\"post\" class=\"wpcf7-form init cf7mls-no-scroll cf7mls-auto-return-first-step cf7mls-no-moving-animation\" aria-label=\"Kontaktformular\" enctype=\"multipart\/form-data\" novalidate=\"novalidate\" data-status=\"init\">\n<div style=\"display: none;\">\n<input type=\"hidden\" name=\"_wpcf7\" value=\"24696\" \/>\n<input type=\"hidden\" name=\"_wpcf7_version\" value=\"5.9.8\" \/>\n<input type=\"hidden\" name=\"_wpcf7_locale\" value=\"de_DE\" \/>\n<input type=\"hidden\" name=\"_wpcf7_unit_tag\" value=\"wpcf7-f24696-o1\" \/>\n<input type=\"hidden\" name=\"_wpcf7_container_post\" value=\"0\" \/>\n<input type=\"hidden\" name=\"_wpcf7_posted_data_hash\" value=\"\" \/>\n<\/div>\n<h3>Best-Preis-Anfrage\n<\/h3>\n<p><i>Mit * markierte Felder sind Pflichtfelder<\/i>\n<\/p>\n<p><label> Name*<br \/>\n<span class=\"wpcf7-form-control-wrap\" data-name=\"your-name\"><input size=\"40\" maxlength=\"400\" class=\"wpcf7-form-control wpcf7-text wpcf7-validates-as-required\" autocomplete=\"name\" aria-required=\"true\" aria-invalid=\"false\" value=\"\" type=\"text\" name=\"your-name\" \/><\/span> <\/label><span id=\"wpcf7-69f46a1d90fad-wrapper\" class=\"wpcf7-form-control-wrap email-647-wrap\" style=\"display:none !important; visibility:hidden !important;\"><label for=\"wpcf7-69f46a1d90fad-field\" class=\"hp-message\">Please leave this field empty.<\/label><input id=\"wpcf7-69f46a1d90fad-field\"  class=\"wpcf7-form-control wpcf7-text\" type=\"text\" name=\"email-647\" value=\"\" size=\"40\" tabindex=\"-1\" autocomplete=\"new-password\" \/><\/span>\n<\/p>\n<p><label> E-Mail-Adresse*<br \/>\n<span class=\"wpcf7-form-control-wrap\" data-name=\"your-email\"><input size=\"40\" maxlength=\"400\" class=\"wpcf7-form-control wpcf7-email wpcf7-validates-as-required wpcf7-text wpcf7-validates-as-email\" autocomplete=\"email\" aria-required=\"true\" aria-invalid=\"false\" value=\"\" type=\"email\" name=\"your-email\" \/><\/span> <\/label>\n<\/p>\n<p><label>Telefon<br \/>\n<span class=\"wpcf7-form-control-wrap\" data-name=\"your-tel\"><input size=\"40\" maxlength=\"400\" class=\"wpcf7-form-control wpcf7-tel wpcf7-text wpcf7-validates-as-tel\" aria-invalid=\"false\" value=\"\" type=\"tel\" name=\"your-tel\" \/><\/span> <\/label>\n<\/p>\n<p><label>Link zum g\u00fcnstigeren Preis<br \/>\n<span class=\"wpcf7-form-control-wrap\" data-name=\"your-url\"><input size=\"40\" maxlength=\"400\" class=\"wpcf7-form-control wpcf7-url wpcf7-text wpcf7-validates-as-url\" aria-invalid=\"false\" placeholder=\"https:\/\/...\" value=\"\" type=\"url\" name=\"your-url\" \/><\/span> <\/label>\n<\/p>\n<p><label>Anhang\/Screenshot (JPG, JPEG, PNG, GIF, PDF, max. 2MB)<br \/>\n<span class=\"wpcf7-form-control-wrap\" data-name=\"file-693\"><input size=\"40\" class=\"wpcf7-form-control wpcf7-file\" accept=\".jpeg,.jpg,.png,.gif,.pdf\" aria-invalid=\"false\" type=\"file\" name=\"file-693\" \/><\/span><\/label>\n<\/p>\n<p><label>Sonstige Anmerkungen<br \/>\n<span class=\"wpcf7-form-control-wrap\" data-name=\"your-sonstiges\"><textarea cols=\"40\" rows=\"10\" maxlength=\"2000\" class=\"wpcf7-form-control wpcf7-textarea\" aria-invalid=\"false\" name=\"your-sonstiges\"><\/textarea><\/span><\/label>\n<\/p>\n<p><span class=\"wpcf7-form-control-wrap\" data-name=\"accept-this-1\"><span class=\"wpcf7-form-control wpcf7-acceptance\"><span class=\"wpcf7-list-item\"><label><input type=\"checkbox\" name=\"accept-this-1\" value=\"1\" aria-invalid=\"false\" \/><span class=\"wpcf7-list-item-label\">Ja, ich stimme den <a href=\"\/datenschutz\" target=\"_blank\">Datenschutzbedingungen<\/a> zu.*<\/span><\/label><\/span><\/span><\/span>\n<\/p>\n<p><span class=\"wpcf7-form-control-wrap\" data-name=\"acceptance-712\"><span class=\"wpcf7-form-control wpcf7-acceptance optional\"><span class=\"wpcf7-list-item\"><label><input type=\"checkbox\" name=\"acceptance-712\" value=\"1\" aria-invalid=\"false\" \/><span class=\"wpcf7-list-item-label\">Ja, ich m\u00f6chte per E-Mail \u00fcber Neuigkeiten, Produkte, Dienstleistungen und Veranstaltungen von BOC IT-Security informiert werden. Der Newsletter kann jederzeit abbestellt werden.<\/span><\/label><\/span><\/span><\/span>\n<\/p>\n<p><span id=\"wpcf7-69f46a1d91163-wrapper\" class=\"wpcf7-form-control-wrap website-wrap\" ><label for=\"wpcf7-69f46a1d91163-field\" class=\"hp-message\">Please leave this field empty.<\/label><input id=\"wpcf7-69f46a1d91163-field\"  class=\"wpcf7-form-control wpcf7-text\" type=\"text\" name=\"website\" value=\"\" size=\"40\" tabindex=\"-1\" autocomplete=\"new-password\" \/><\/span>\n<\/p>\n<p><input class=\"wpcf7-form-control wpcf7-submit has-spinner\" type=\"submit\" value=\"Senden\" \/>\n<\/p><div class=\"wpcf7-response-output\" aria-hidden=\"true\"><\/div>\n<\/form>\n<\/div>\n<\/div>\n<\/div>\n<\/div><\/div><\/div><div id=\"pgc-24637-4-2\"  class=\"panel-grid-cell panel-grid-cell-empty\" ><\/div><\/div><div id=\"pg-24637-5\"  class=\"panel-grid panel-no-style\" ><div id=\"pgc-24637-5-0\"  class=\"panel-grid-cell\" ><div id=\"panel-24637-5-0-0\" class=\"widget_text so-panel widget widget_custom_html panel-first-child panel-last-child\" data-index=\"7\" ><div class=\"textwidget custom-html-widget\"><style>\n\t.red-button {\n\tdisplay: inline-block;\n    border-radius: 3px;\n    margin-top: auto;\n    background-color: #b22418;\n    border: none;\n    color: white;\n    padding: 10px 20px;\n    text-align: center;\n    font-size: 14px;\n    font-weight: 600;\n    cursor: pointer;\n    overflow: hidden;\n    position: relative;\n    align-self: flex-start;\n\t\tline-height: 35px;\n\t\tleft: 50%;\n\t\ttransform: translateX(-50%);\n}\n\n\n.red-button:hover {\n    background-color: #a11f15;\n\tcolor: white;\n\ttext-decoration:none;\n}\n\n.red-button a {\n\tfont-size: 14px;\n    font-weight: 600;\n    color: white;\n}\n.red-button a:hover {\n    color: white;\n\ttext-decoration:none;\n}\n\n.red-button:after {\n  content: \"\";\n  display: block;\n  position: absolute;\n  width: 300%;\n  height: 300%;\n  top: 50%;\n  left: 50%;\n  pointer-events: none;\n  background-image: radial-gradient(circle, #fff 10%, transparent 10.01%);\n  background-repeat: no-repeat;\n  background-position: 50%;\n  transform: translate(-50%, -50%) scale(10);\n  opacity: 0;\n  transition: transform 0.5s, opacity 1s;\n}\n \n.red-button:active:after {\n  transform: translate(-50%, -50%) scale(0);\n  opacity: 0.3;\n  transition: 0s;\n}\n\t\n\t.info-box  {\n\tbackground-color:#f2f2f2;\n\tpadding:30px 26px 20px 26px;\n\tbackground: #f9f9f9;\n    border-radius: 10px;\n\tdisplay:block;}\n\t\n\t.info-box h3 {\n\tmargin: 0 0 10px 0;\n    font-size: 26px;\n    font-weight: 700;\n    margin-bottom: 16px;\n\t\t}\n\n.info-box-internal  {\n\tpadding: 20px;\n\tbackground: #fff;\n\tborder-radius: 10px;\n\tborder: 1px #dadada solid;\n\t\t}\t\n\n .info-box .box {\n    display: flex;               \/* Aktiviert Flexbox f\u00fcr nebeneinander liegende Anordnung *\/\n    align-items: flex-start;     \/* Richtet die Elemente am oberen Rand aus *\/\n    background-color: #f9f9f9;   \/* Hintergrundfarbe des Containers *\/\n   \n}\n\n.info-box h5 {\n\tmargin: 0 0 12px 0;\n\tfont-weight: 700;\n\t font-size:18px;\n\t}\n.info-box ul {\n\tmargin-bottom:0px;\n\t}\n\n<\/style><\/div><\/div><\/div><\/div><\/div>","protected":false},"excerpt":{"rendered":"<p>Best-Preis-Garantie. Kaufen Sie zu den besten Preisen! Finden Sie einen besseren Preis? Kein Problem \u2013 wir gehen den Preis mit! Die BOC IT-Security ist stolz darauf, Ihnen die besten Preise f\u00fcr WatchGuard-Produkte anzubieten. Unsere Best-Preis-Garantie bedeutet, dass Sie bei uns immer sicher sein k\u00f6nnen, zum besten Preis zu kaufen. Finden Sie einen niedrigeren Preis bei einem anderen H\u00e4ndler? Kein Problem \u2013 wir gehen den Preis &hellip; <a href=\"https:\/\/wordpress.boc.de\/watchguard-info-portal\/promotions\/best-preis-garantie\/\" class=\"more-link\">Weiterlesen <span class=\"screen-reader-text\">Best-Preis-Garantie<\/span> <span class=\"meta-nav\">&raquo;<\/span><\/a><\/p>\n","protected":false},"author":4,"featured_media":0,"parent":8901,"menu_order":0,"comment_status":"closed","ping_status":"closed","template":"","meta":{"footnotes":""},"class_list":["post-24637","page","type-page","status-publish","hentry"],"_links":{"self":[{"href":"https:\/\/wordpress.boc.de\/watchguard-info-portal\/wp-json\/wp\/v2\/pages\/24637"}],"collection":[{"href":"https:\/\/wordpress.boc.de\/watchguard-info-portal\/wp-json\/wp\/v2\/pages"}],"about":[{"href":"https:\/\/wordpress.boc.de\/watchguard-info-portal\/wp-json\/wp\/v2\/types\/page"}],"author":[{"embeddable":true,"href":"https:\/\/wordpress.boc.de\/watchguard-info-portal\/wp-json\/wp\/v2\/users\/4"}],"replies":[{"embeddable":true,"href":"https:\/\/wordpress.boc.de\/watchguard-info-portal\/wp-json\/wp\/v2\/comments?post=24637"}],"version-history":[{"count":49,"href":"https:\/\/wordpress.boc.de\/watchguard-info-portal\/wp-json\/wp\/v2\/pages\/24637\/revisions"}],"predecessor-version":[{"id":27682,"href":"https:\/\/wordpress.boc.de\/watchguard-info-portal\/wp-json\/wp\/v2\/pages\/24637\/revisions\/27682"}],"up":[{"embeddable":true,"href":"https:\/\/wordpress.boc.de\/watchguard-info-portal\/wp-json\/wp\/v2\/pages\/8901"}],"wp:attachment":[{"href":"https:\/\/wordpress.boc.de\/watchguard-info-portal\/wp-json\/wp\/v2\/media?parent=24637"}],"curies":[{"name":"wp","href":"https:\/\/api.w.org\/{rel}","templated":true}]}}