{"id":24,"date":"2016-05-09T11:26:15","date_gmt":"2016-05-09T09:26:15","guid":{"rendered":"https:\/\/www.boc.de\/watchguard-info-portal\/?page_id=24"},"modified":"2018-06-11T12:33:15","modified_gmt":"2018-06-11T10:33:15","slug":"produktinfos","status":"publish","type":"page","link":"https:\/\/wordpress.boc.de\/watchguard-info-portal\/produktinfos\/","title":{"rendered":"Produktinfos"},"content":{"rendered":"<h4>WatchGuard<\/h4>\n<p>Weltweit sind nahezu eine Million integrierter multifunktionaler Unified Threat Management Appliances des amerikanischen Herstellers WatchGuard implementiert. Die Hardware Firewall und VPN Systeme in den roten Geh\u00e4usen, die so etwas wie ein Markenzeichen der WatchGuard Produkte geworden sind, sind aufgrund ihrer Architektur mit die intelligentesten, schnellsten und effektivsten Sicherheitsgaranten auf dem Markt, gerade wenn alle Scanmodule mit maximaler Leistung laufen. Die Appliances werden von\u00a0Firmen aller Gr\u00f6\u00dfen verwendet\u00a0\u2013 von kleinen und mittleren Unternehmen bis hin zu Konzernen mit weit verteilten Standorten.<\/p>\n<h4>Hardware<\/h4>\n<p>Watchguard Appliances verwenden Hardware nach Industriestandard. So\u00a0k\u00f6nnen die Produkte von aktuellen Entwicklungen bei Prozessoren und Komponenten profitieren.<\/p>\n<h4>Software<\/h4>\n<p>Von der kleinsten bis zur gr\u00f6\u00dften WatchGuard Appliance\u00a0wird das gleiche Betriebssystem verwendet, die auf Linux basierende &#8220;WatchGuard Fireware XTM&#8221;. Auf diese Weise stehen\u00a0auch in den kleineren\u00a0Modellen\u00a0die Features der gro\u00dfen Modelle zur Verf\u00fcgung. Auf den Appliances, bei denen die optionalen &#8220;Security Services&#8221; lizensiert sind, kommen Scan-Module\u00a0von Drittanbietern zum Einsatz.\u00a0Dies erm\u00f6glicht Sicherheit der Spitzenklasse bei maximaler Flexibilit\u00e4t, um mit den st\u00e4ndigen Ver\u00e4nderungen der Bedrohungslandschaft Schritt zu halten.<\/p>\n<h4>Upgrade \/ Migration der Hardware<\/h4>\n<p>Muss eine WatchGuard Appliance aus Performance-Gr\u00fcnden oder Altersgr\u00fcnden durch eine st\u00e4rkere WatchGuard Appliance ersetzt werden, kann die Konfiguration, die im XML-Format vorliegt, auf einfache Weise migriert werden. Hierbei bleiben alle Netzwerk-Einstellungen, alle Firewall-Regeln, alle VPN-Einstellungen und alle lokal angelegten User mit Pre-Shared Keys bzw. Kennw\u00f6rtern erhalten! Die Migration bieten wir Ihnen gerne auch als Dienstleistung an.<\/p>\n<h4>Management &amp; Logging<\/h4>\n<p>Keine Firewall-Infrastruktur sollte ohne Logging (und bei mehreren Firewalls ohne zentrales Management) betrieben werden. WatchGuard bietet mit <a href=\"https:\/\/www.boc.de\/watchguard-info-portal\/produktinfos\/watchguard-dimension\/\">WatchGuard Dimension<\/a>\u00a0einen preisgekr\u00f6nten Logging-, Reporting- und Visualisierungs Server als kostenfreie, virtuelle Appliance zum Betrieb auf einer VMware ESXi oder Microsoft Hyper-V Plattform an. Dieser Dimension Server kann f\u00fcr WatchGuard Boxen mit der Zusatz-Lizenz <a href=\"https:\/\/www.boc.de\/watchguard-info-portal\/produktinfos\/watchguard-dimension\/\">Watchguard Dimension Command<\/a>\u00a0auch zur zentralen Verwaltung\u00a0der WatchGuard Infrastruktur verwendet werden. Alternativ steht auch der <a href=\"https:\/\/www.boc.de\/watchguard-info-portal\/produktinfos\/watchguard-management-server\/\">WatchGuard Management Server<\/a>\u00a0auf Windows-Basis bereit und kann f\u00fcr eine zentrale Verwaltung eingerichtet werden.<\/p>\n","protected":false},"excerpt":{"rendered":"<p>WatchGuard Weltweit sind nahezu eine Million integrierter multifunktionaler Unified Threat Management Appliances des amerikanischen Herstellers WatchGuard implementiert. Die Hardware Firewall und VPN Systeme in den roten Geh\u00e4usen, die so etwas wie ein Markenzeichen der WatchGuard Produkte geworden sind, sind aufgrund ihrer Architektur mit die intelligentesten, schnellsten und effektivsten Sicherheitsgaranten auf dem Markt, gerade wenn alle Scanmodule mit maximaler Leistung laufen. Die Appliances werden von\u00a0Firmen aller &hellip; <a href=\"https:\/\/wordpress.boc.de\/watchguard-info-portal\/produktinfos\/\" class=\"more-link\">Weiterlesen <span class=\"screen-reader-text\">Produktinfos<\/span> <span class=\"meta-nav\">&raquo;<\/span><\/a><\/p>\n","protected":false},"author":3,"featured_media":0,"parent":0,"menu_order":0,"comment_status":"closed","ping_status":"closed","template":"","meta":{"footnotes":""},"class_list":["post-24","page","type-page","status-publish","hentry"],"_links":{"self":[{"href":"https:\/\/wordpress.boc.de\/watchguard-info-portal\/wp-json\/wp\/v2\/pages\/24"}],"collection":[{"href":"https:\/\/wordpress.boc.de\/watchguard-info-portal\/wp-json\/wp\/v2\/pages"}],"about":[{"href":"https:\/\/wordpress.boc.de\/watchguard-info-portal\/wp-json\/wp\/v2\/types\/page"}],"author":[{"embeddable":true,"href":"https:\/\/wordpress.boc.de\/watchguard-info-portal\/wp-json\/wp\/v2\/users\/3"}],"replies":[{"embeddable":true,"href":"https:\/\/wordpress.boc.de\/watchguard-info-portal\/wp-json\/wp\/v2\/comments?post=24"}],"version-history":[{"count":18,"href":"https:\/\/wordpress.boc.de\/watchguard-info-portal\/wp-json\/wp\/v2\/pages\/24\/revisions"}],"predecessor-version":[{"id":3002,"href":"https:\/\/wordpress.boc.de\/watchguard-info-portal\/wp-json\/wp\/v2\/pages\/24\/revisions\/3002"}],"wp:attachment":[{"href":"https:\/\/wordpress.boc.de\/watchguard-info-portal\/wp-json\/wp\/v2\/media?parent=24"}],"curies":[{"name":"wp","href":"https:\/\/api.w.org\/{rel}","templated":true}]}}