{"id":20589,"date":"2024-06-25T11:13:46","date_gmt":"2024-06-25T09:13:46","guid":{"rendered":"https:\/\/www.boc.de\/watchguard-info-portal\/?page_id=20589"},"modified":"2024-10-16T15:56:01","modified_gmt":"2024-10-16T13:56:01","slug":"nis2-richtlinie-mit-quick-check","status":"publish","type":"page","link":"https:\/\/wordpress.boc.de\/watchguard-info-portal\/nis2-richtlinie-mit-quick-check\/","title":{"rendered":"NIS2-Richtlinie mit Quick-Check"},"content":{"rendered":"<div id=\"pl-20589\"  class=\"panel-layout\" ><div id=\"pg-20589-0\"  class=\"panel-grid panel-no-style\" ><div id=\"pgc-20589-0-0\"  class=\"panel-grid-cell\" ><div id=\"panel-20589-0-0-0\" class=\"so-panel widget widget_sow-editor panel-first-child\" data-index=\"0\" ><div\n\t\t\t\n\t\t\tclass=\"so-widget-sow-editor so-widget-sow-editor-base\"\n\t\t\t\n\t\t>\n<div class=\"siteorigin-widget-tinymce textwidget\">\n\t<div style=\"overflow: hidden;\">\n<h2>NIS2-Richtlinie mit Quick-Check<\/h2>\n<h3>Neue Cybersecurity-Richtlinie steht vor der T\u00fcr<\/h3>\n<p>Die Implementierung der NIS2-Richtlinie befindet sich in der finalen Phase. Die EU-Mitgliedsstaaten haben nicht mehr lange Zeit<span style=\"font-size: inherit;\">, die Richtlinie in ihre nationalen Gesetze zu integrieren. Dieser Umsetzungsprozess beinhaltet die Verabschiedung lokaler Gesetze, die die Ziele und Anforderungen von NIS2 widerspiegeln. Obwohl einige Mitgliedstaaten aktiv daran arbeiten, gibt es Bedenken, dass nicht alle die Frist einhalten werden. Unabh\u00e4ngig davon sollten sich Organisationen in allen betroffenen Sektoren auf die versch\u00e4rften Cybersicherheitsma\u00dfnahmen und die Meldepflicht f\u00fcr Vorf\u00e4lle vorbereiten, die in der NIS2-Richtlinie vorgeschrieben sind. Allerdings k\u00f6nnen die versch\u00e4rften Sicherheitsma\u00dfnahmen und die Meldepflichten f\u00fcr Vorf\u00e4lle gem\u00e4\u00df NIS2 eine gro\u00dfe Herausforderung sein. Im Folgenden finden Sie alle wichtigen Informationen inkl. Quick-Check ob Ihr Unternehmen von der neuen Richtlinie betroffen ist.<\/span><\/p>\n<\/div>\n<\/div>\n<\/div><\/div><div id=\"panel-20589-0-0-1\" class=\"so-panel widget widget_sow-editor\" data-index=\"1\" ><div\n\t\t\t\n\t\t\tclass=\"so-widget-sow-editor so-widget-sow-editor-base\"\n\t\t\t\n\t\t>\n<div class=\"siteorigin-widget-tinymce textwidget\">\n\t<h3>NIS2-Quick-Check<\/h3>\n<div id=\"notMobile\">\nMit diesem interaktiven NIS2-Check k\u00f6nnen Sie \u00fcberpr\u00fcfen ob Ihr Unternehmen oder Ihre Organisation von der neuen NIS2-Richtlinie betroffen ist.<\/p>\n<p>Sollte im Folgenden die interaktive Abfrage aufgrund von nicht akzeptierten Cookies nicht angezeigt werden, k\u00f6nnen Sie sie <a href=\"https:\/\/marvelapp.com\/prototype\/fa96g1b\/screen\/94736622\" target=\"_blank\" rel=\"noopener noreferrer\">hier ansehen<\/a>.<\/p>\n<div class=\"nis2\">\n<iframe loading=\"lazy\" title=\"NIS2 Quick-Check\" src=\"https:\/\/marvelapp.com\/prototype\/fa96g1b\/screen\/94736622\" name=\"NIS2 Quick-Check\" width=\"100%\" height=\"900\" frameborder=\"0\"><span data-mce-type=\"bookmark\" style=\"display: inline-block; width: 0px; overflow: hidden; line-height: 0;\" class=\"mce_SELRES_start\">\ufeff<\/span><\/iframe>\n<\/div>\n<\/div>\n<div id='showmobile'>\n<p><a href=\"https:\/\/www.boc.de\/watchguard-info-portal\/nis2-quick-check\/\">Hier geht es zu unserem NIS2-Check-Tool.<\/a>\n<\/div>\n<\/div>\n<\/div><\/div><div id=\"panel-20589-0-0-2\" class=\"so-panel widget widget_sow-editor\" data-index=\"2\" ><div\n\t\t\t\n\t\t\tclass=\"so-widget-sow-editor so-widget-sow-editor-base\"\n\t\t\t\n\t\t>\n<div class=\"siteorigin-widget-tinymce textwidget\">\n\t<div style=\"overflow: hidden;\">\n<h3>Was ist NIS2?<\/h3>\n<p>NIS2 ist die \u00fcberarbeitete Version der von der EU 2016 eingef\u00fchrten Cybersecurity-Richtlinie NIS und konzentriert sich nicht nur auf den Schutz kritischer Infrastrukturen, sondern umfasst deutlich mehr Bereiche und Unternehmen. Dabei steht NIS f\u00fcr \"Network and Information Security\". Sie definiert unter anderem Kriterien zur Identifikation von Betreibern kritischer Infrastrukturen und legt Mindeststandards f\u00fcr deren Informationssicherheit fest. Ziel ist es, das Sicherheitsniveau in den EU-Mitgliedstaaten zu st\u00e4rken und zu vereinheitlichen.<\/p>\n<h3>NIS2-Studie - Status quo der NIS2-Umsetzung in Unternehmen<\/h3>\n<p><a href=\"https:\/\/www.connect-professional.de\/security\/nis2-und-die-umsetzung-in-unternehmen.330482.html\" target=\"_blank\" rel=\"noopener\">connect professional<\/a> f\u00fchrt derzeit eine neutrale Studie zum Status der Umsetzung der NIS2-Richtlinie in Unternehmen durch bei der die BOC IT-Security als Gold-Sponsor unterst\u00fctzt..<\/p>\n<p><img loading=\"lazy\" decoding=\"async\" class=\"alignnone wp-image-20794 size-full\" src=\"https:\/\/www.boc.de\/watchguard-info-portal\/wp-content\/uploads\/2024\/07\/NIS2-Studie-WachtGuard-BOC.jpg\" alt=\"\" width=\"970\" height=\"250\" srcset=\"https:\/\/wordpress.boc.de\/watchguard-info-portal\/wp-content\/uploads\/2024\/07\/NIS2-Studie-WachtGuard-BOC.jpg 970w, https:\/\/wordpress.boc.de\/watchguard-info-portal\/wp-content\/uploads\/2024\/07\/NIS2-Studie-WachtGuard-BOC-300x77.jpg 300w, https:\/\/wordpress.boc.de\/watchguard-info-portal\/wp-content\/uploads\/2024\/07\/NIS2-Studie-WachtGuard-BOC-768x198.jpg 768w, https:\/\/wordpress.boc.de\/watchguard-info-portal\/wp-content\/uploads\/2024\/07\/NIS2-Studie-WachtGuard-BOC-800x206.jpg 800w\" sizes=\"(max-width: 970px) 100vw, 970px\" \/><\/p>\n<h3>Wer ist von NIS2 betroffen?<\/h3>\n<p>Die NIS2-Richtlinie betrifft Unternehmen nur dann, wenn sie mindestens 50 Mitarbeiter <strong>oder<\/strong> einen Jahresumsatz und Jahresbilanz von mehr als 10 Millionen Euro aufweisen sowie zu einer der folgenden Branchen z\u00e4hlen (auch Zulieferer, Dienstleister und andere verbundene Unternehmen k\u00f6nnen betroffen sein):<\/p>\n<ul>\n<li>wesentliche Organisationen <strong>(essential)<\/strong>: Energie, Transport, Bankwesen, Finanzm\u00e4rkte, Gesundheitswesen, Trinkwasser, Digitale Infrastruktur, Abwasser, \u00d6ffentliche Verwaltung, ICT Service Management im B2B, Weltraum<\/li>\n<li>wichtige Organisationen <strong>(important)<\/strong>: Post- und Kurierdienste, Abfall, Lebensmittel, Chemikalien, digitale Dienste (etwa f\u00fcr Suchmaschinen, Online-Marktpl\u00e4tze, Cloud-Services, soziale Netzwerke), Industrie (unter anderem Maschinenbau, Fahrzeugbau, Datenverarbeitungsger\u00e4ten) sowie Forschung.<\/li>\n<\/ul>\n<p>F\u00fcr beide Gruppen gelten die gleichen Vorgaben. Unterschiede macht die EU jedoch bei drohenden Strafen und Sanktionen.<\/p>\n<h3>Was m\u00fcssen Unternehmen bei der Umsetzung beachten?<\/h3>\n<p>Die Ma\u00dfnahmen nach \u00a7 30 Abs. 2 m\u00fcssen mindestens die folgenden Punkte umfassen:<\/p>\n<ul>\n<li style=\"list-style-type: none;\">\n<ul>\n<li>Risikoanalyse und Sicherheit f\u00fcr Informationssysteme<\/li>\n<li>Bew\u00e4ltigung von Sicherheitsvorf\u00e4llen<\/li>\n<li>Aufrechterhaltung des Betriebs, Backup-Management, Krisen-Management<\/li>\n<li>Sicherheit der Lieferkette und zwischen Einrichtungen<\/li>\n<li>Sicherheit in der Entwicklung, Beschaffung und Wartung<\/li>\n<li>Management von Schwachstellen<\/li>\n<li>Bewertung der Effektivit\u00e4t von Cybersicherheit und Risiko-Management<\/li>\n<li>Cyberhygiene und Schulungen zur Cybersicherheit<\/li>\n<li>Kryptografie und Verschl\u00fcsselung<\/li>\n<li>Personalsicherheit, Zugriffskontrolle und Anlagen-Management<\/li>\n<li>Multifaktor-Authentifizierung und kontinuierliche Authentisierung<\/li>\n<li>Sichere Kommunikation (Sprach, Video- und Text)<\/li>\n<li>Sichere Notfallkommunikation<\/li>\n<li>Einsatz von Systemen zur Angriffserkennung (nur Betreiber kritischer Anlagen - \u00a7 31 Abs. 2)<\/li>\n<\/ul>\n<\/li>\n<\/ul>\n<h3>Welche Sanktionen drohen bei Nichteinhaltung?<\/h3>\n<p>Die Sanktionen bei Nichteinhaltung der Anforderungen der NIS2-Richtlinie k\u00f6nnen erhebliche finanzielle Strafen beinhalten. Abh\u00e4ngig von der Einstufung des Unternehmens als \"essential\" oder \"important\" kann die H\u00f6chststrafe bis zu 10 Millionen Euro oder bis zu zwei Prozent des globalen Jahresumsatzes des betroffenen Unternehmens betragen. Neben den finanziellen Sanktionen drohen auch betriebliche Einschr\u00e4nkungen wie beispielsweise die vor\u00fcbergehende Aussetzung bestimmter Dienste oder die Beschr\u00e4nkung von Gesch\u00e4ftsaktivit\u00e4ten.<\/p>\n<p>Die NIS2-Richtlinie verpflichtet Gesch\u00e4ftsf\u00fchrer, Ma\u00dfnahmen zum Risikomanagement zu genehmigen und zu \u00fcberwachen. Bei Nichterf\u00fcllung ihrer Pflichten droht pers\u00f6nliche Haftung der Gesch\u00e4ftsf\u00fchrung bis zur Ebene des CEO, insbesondere bei fehlenden Schutzma\u00dfnahmen gegen Sicherheitsvorf\u00e4lle.<\/p>\n<h3>Umsetzung mit WatchGuard<\/h3>\n<p>Viele Unternehmen sind mit den Vorgaben und Verpflichtungen von NIS2 \u00fcberfordert und wissen nicht, wie sie diese umsetzen k\u00f6nnen \u2013 erst recht in Zeiten von Fachkr\u00e4ftemangel und fehlenden IT-Mitarbeitern im eigenen Haus. Die Cybersecurity-L\u00f6sungen von WatchGuard decken NIS2-Anforderungen ab. Das Portfolio umfasst Hardware und Cloud Firewalls mit Mobile User Access, sichere WLAN Access Points, Multifaktor-Authentifizierung mit AuthPoint sowie fortschrittliche Endpoint Security L\u00f6sungen. Bei Managed Detection and Response (MDR) k\u00fcmmern sich Experten rund um die Uhr um den Schutz der Systeme und reagieren auf m\u00f6gliche Attacken. WatchGuard bietet zudem XDR mit ThreatSync an, das \u00fcber reine Endpoint-Security hinausgeht und Informationen aus Netzwerk-, E-Mail-, Cloud- und anderen Datenquellen integriert.<\/p>\n<p>Wir als WatchGuard Platinum Partner stehen Ihnen bei der Umsetzung der NIS2-Richtlinie mit effizienten und passenden WatchGuard Produkten gerne zur Seite.<\/p>\n<\/div>\n<\/div>\n<\/div><\/div><div id=\"panel-20589-0-0-3\" class=\"so-panel widget widget_sow-editor\" data-index=\"3\" ><div\n\t\t\t\n\t\t\tclass=\"so-widget-sow-editor so-widget-sow-editor-base\"\n\t\t\t\n\t\t>\n<div class=\"siteorigin-widget-tinymce textwidget\">\n\t<h3>Unser Ansprechpartner<\/h3>\n<p>Gerne k\u00f6nnen Sie direkt mit unserem Ansprechpartner Kontakt aufnehmen.<\/p>\n<table id=\"vertriebsteam\" style=\"width: 460px;\" cellspacing=\"0\" cellpadding=\"0\">\n<tbody>\n<tr>\n<td style=\"width: 206px;\" valign=\"top\"><img loading=\"lazy\" decoding=\"async\" class=\"responsive-image\" style=\"border: 1px solid #f1f1f1;\" src=\"https:\/\/www.boc.de\/watchguard-info-portal\/wp-content\/uploads\/2023\/05\/maik-lumler-portrait-scaled.jpg\" alt=\"Markus Kauder\" width=\"206\" height=\"309\" \/><\/td>\n<td style=\"width: 406px;\" colspan=\"2\"><strong>Maik Lumler<\/strong><\/p>\n<p><a>ml@boc.de<\/a><br \/>\nTel. 0208 8596455<\/p>\n<\/td>\n<\/tr>\n<\/tbody>\n<\/table>\n<\/div>\n<\/div><\/div><div id=\"panel-20589-0-0-4\" class=\"so-panel widget widget_sow-editor panel-last-child\" data-index=\"4\" ><div\n\t\t\t\n\t\t\tclass=\"so-widget-sow-editor so-widget-sow-editor-base\"\n\t\t\t\n\t\t>\n<div class=\"siteorigin-widget-tinymce textwidget\">\n\t<div style=\"overflow: hidden;\">\n<h3>Downloads<\/h3>\n<ul>\n<li><a href=\"https:\/\/www.boc.de\/watchguard-info-portal\/wp-content\/uploads\/2024\/05\/whitepaper_NIS_2_Compliance.pdf\" target=\"_blank\" rel=\"noopener\">WatchGuard Whitepaper NIS2-Compliance<\/a><\/li>\n<\/ul>\n<h3>Weitere Links<\/h3>\n<ul>\n<li><a href=\"https:\/\/www.watchguard.com\/de\/wgrd-news\/blog\/ein-wegweiser-durch-den-nis-2-dschungel-teil-1\" target=\"_blank\" rel=\"noopener\">Ein Wegweiser durch den NIS-2-Dschungel - Teil 1 (WatchGuard)<\/a><\/li>\n<li><a href=\"https:\/\/www.watchguard.com\/de\/wgrd-news\/blog\/ein-wegweiser-durch-den-nis-2-dschungel-teil-2\" target=\"_blank\" rel=\"noopener\">Ein Wegweiser durch den NIS-2-Dschungel - Teil 2 (WatchGuard)<\/a><\/li>\n<li><a href=\"https:\/\/www.watchguard.com\/de\/wgrd-news\/blog\/ein-wegweiser-durch-den-nis-2-dschungel-teil-3\" target=\"_blank\" rel=\"noopener\">Ein Wegweiser durch den NIS-2-Dschungel - Teil 3 (WatchGuard)<\/a><\/li>\n<\/ul>\n<\/div>\n<\/div>\n<\/div><\/div><\/div><\/div><\/div>","protected":false},"excerpt":{"rendered":"<p>NIS2-Richtlinie mit Quick-Check Neue Cybersecurity-Richtlinie steht vor der T\u00fcr Die Implementierung der NIS2-Richtlinie befindet sich in der finalen Phase. Die EU-Mitgliedsstaaten haben nicht mehr lange Zeit, die Richtlinie in ihre nationalen Gesetze zu integrieren. Dieser Umsetzungsprozess beinhaltet die Verabschiedung lokaler Gesetze, die die Ziele und Anforderungen von NIS2 widerspiegeln. Obwohl einige Mitgliedstaaten aktiv daran arbeiten, gibt es Bedenken, dass nicht alle die Frist einhalten werden. &hellip; <a href=\"https:\/\/wordpress.boc.de\/watchguard-info-portal\/nis2-richtlinie-mit-quick-check\/\" class=\"more-link\">Weiterlesen <span class=\"screen-reader-text\">NIS2-Richtlinie mit Quick-Check<\/span> <span class=\"meta-nav\">&raquo;<\/span><\/a><\/p>\n","protected":false},"author":4,"featured_media":0,"parent":0,"menu_order":0,"comment_status":"closed","ping_status":"closed","template":"","meta":{"footnotes":""},"class_list":["post-20589","page","type-page","status-publish","hentry"],"_links":{"self":[{"href":"https:\/\/wordpress.boc.de\/watchguard-info-portal\/wp-json\/wp\/v2\/pages\/20589"}],"collection":[{"href":"https:\/\/wordpress.boc.de\/watchguard-info-portal\/wp-json\/wp\/v2\/pages"}],"about":[{"href":"https:\/\/wordpress.boc.de\/watchguard-info-portal\/wp-json\/wp\/v2\/types\/page"}],"author":[{"embeddable":true,"href":"https:\/\/wordpress.boc.de\/watchguard-info-portal\/wp-json\/wp\/v2\/users\/4"}],"replies":[{"embeddable":true,"href":"https:\/\/wordpress.boc.de\/watchguard-info-portal\/wp-json\/wp\/v2\/comments?post=20589"}],"version-history":[{"count":47,"href":"https:\/\/wordpress.boc.de\/watchguard-info-portal\/wp-json\/wp\/v2\/pages\/20589\/revisions"}],"predecessor-version":[{"id":25458,"href":"https:\/\/wordpress.boc.de\/watchguard-info-portal\/wp-json\/wp\/v2\/pages\/20589\/revisions\/25458"}],"wp:attachment":[{"href":"https:\/\/wordpress.boc.de\/watchguard-info-portal\/wp-json\/wp\/v2\/media?parent=20589"}],"curies":[{"name":"wp","href":"https:\/\/api.w.org\/{rel}","templated":true}]}}