{"id":2,"date":"2016-04-27T12:03:08","date_gmt":"2016-04-27T10:03:08","guid":{"rendered":"https:\/\/www.boc.de\/watchguard-info-portal\/?page_id=2"},"modified":"2019-02-05T12:40:50","modified_gmt":"2019-02-05T11:40:50","slug":"watchguard-schulung","status":"publish","type":"page","link":"https:\/\/wordpress.boc.de\/watchguard-info-portal\/supportinfos\/watchguard-schulung\/","title":{"rendered":"WatchGuard Schulung"},"content":{"rendered":"\n\n<div class=\"su-posts su-posts-single-post \">\n\n\t\t\t\t\t\t\n\t\t\t\n\t\t\t<div id=\"su-post-3215\" class=\"su-post \">\n\t\t\t\t\n\t\t\t\t<div class=\"su-post-content\">\n\t\t\t\t\t<div id=\"pl-3215\"  class=\"panel-layout\" ><div id=\"pg-3215-0\"  class=\"panel-grid panel-no-style\" ><div id=\"pgc-3215-0-0\"  class=\"panel-grid-cell\" ><div id=\"panel-3215-0-0-0\" class=\"so-panel widget widget_sow-editor panel-first-child panel-last-child\" data-index=\"0\" ><div\n\t\t\t\n\t\t\tclass=\"so-widget-sow-editor so-widget-sow-editor-base\"\n\t\t\t\n\t\t>\n<div class=\"siteorigin-widget-tinymce textwidget\">\n\t<p><img loading=\"lazy\" decoding=\"async\" class=\"alignright wp-image-889 size-full\" src=\"https:\/\/www.boc.de\/watchguard-info-portal\/wp-content\/uploads\/2016\/04\/watchguard-certified-training-partner.png\" sizes=\"(max-width: 424px) 100vw, 424px\" srcset=\"https:\/\/www.boc.de\/watchguard-info-portal\/wp-content\/uploads\/2016\/04\/watchguard-certified-training-partner.png 424w, https:\/\/www.boc.de\/watchguard-info-portal\/wp-content\/uploads\/2016\/04\/watchguard-certified-training-partner-150x117.png 300w\" alt=\"WatchGuard Schulung\" width=\"424\" height=\"105\" \/>Wir sind <strong>WatchGuard Certified Training Partner<\/strong> mit insgesamt <strong>VIER WatchGuard Certified Trainern (WCT)<\/strong> und bieten regelm\u00e4\u00dfig Technische\u00a0Schulungen und Trainings f\u00fcr die<strong> WatchGuard Firebox Produkte<\/strong> (Network Security Essentials-Schulung) und <strong>WatchGuard Endpoint Security<\/strong> (Endpoint Security Essentials-Schulung) an. Die Kurse richten sich vorrangig an Administratoren und Techniker, aber auch an technisch orientierte Vertriebsmitarbeiter von IT-Unternehmen und freie Security Berater. Die Schulungen f\u00fchren wir \u00fcblicherweise in unseren R\u00e4umen in 46047 Oberhausen durch.<\/p>\n<p>Bei Bedarf k\u00f6nnen die Schulungen und Praxis-Workshops aber auch an einem anderen Ort stattfinden, zum Beispiel als\u00a0<a href=\"https:\/\/www.boc.de\/watchguard-info-portal\/supportinfos\/watchguard-schulung\/individualschulung\/\">Individualschulung direkt bei Ihnen vor Ort<\/a>.<\/p>\n<p><u>Besonderes Highlight:<\/u><br \/>\nAlle Teilnehmer der Network Security Essentials-Schulung haben die einmalige Gelegenheit eine WatchGuard Firebox der Klasse T40\/T45\/T145 (-W) je nach Verf\u00fcgbarkeit mit 3 Jahren Total Security f\u00fcr nur 333 \u20ac zzgl. MwSt. (statt ca. 3000 \u20ac) als Test-Box f\u00fcr ihr Home-Lab zu erwerben. Das Angebot ist auf eine Box pro Teilnehmer begrenzt.<\/p>\n<\/div>\n<\/div><\/div><\/div><\/div><\/div>\t\t\t\t<\/div>\n\t\t\t<\/div>\n\n\t\t\t\t\n<\/div>\n\n\n\n<div class=\"su-posts su-posts-single-post \">\n\n\t\t\t\t\t\t\n\t\t\t\n\t\t\t<div id=\"su-post-3220\" class=\"su-post \">\n\t\t\t\t\n\t\t\t\t<div class=\"su-post-content\">\n\t\t\t\t\t<h3>Verf\u00fcgbare Termine 2026:<\/h3>\n<h4>Network Security Essentials-Schulungen<\/h4>\n<p>Derzeit bieten wir unsere Network-Schulungen als Pr\u00e4senz- oder Online-Schulung an. Die Pr\u00e4senz-Schulung findet in Oberhausen statt.<\/p>\n<table>\n<tbody>\n<tr>\n<td colspan=\"4\"><strong>2026<\/strong><\/td>\n<\/tr>\n<tr style=\"text-decoration: line-through;\">\n<td id=\"prodinfo\" width=\"35%\"><a href=\"\/watchguard-info-portal\/supportinfos\/watchguard-schulung\/administrator-schulung\/\">Network Security Essentials-Schulung<\/a><\/td>\n<td id=\"prodinfo\" width=\"15%\">ausgebucht<\/td>\n<td id=\"prodinfo\" width=\"30%\">19.05.2026 &#8211; 22.05.2026 (4 Tage, Di.-Fr.)<\/td>\n<td id=\"prodinfo\" align=\"right\" width=\"20%\">2.300,00 \u20ac<\/td>\n<\/tr>\n<tr>\n<td id=\"prodinfo\" width=\"35%\"><a href=\"\/watchguard-info-portal\/supportinfos\/watchguard-schulung\/administrator-schulung\/\">Network Security Essentials-Schulung<\/a><\/td>\n<td id=\"prodinfo\" width=\"15%\">Pr\u00e4senz<\/td>\n<td id=\"prodinfo\" width=\"30%\">09.06.2026 &#8211; 12.06.2026 (4 Tage, Di.-Fr.)<\/td>\n<td id=\"prodinfo\" align=\"right\" width=\"20%\">2.700,00 \u20ac<\/td>\n<\/tr>\n<tr>\n<td id=\"prodinfo\" width=\"35%\"><a href=\"\/watchguard-info-portal\/supportinfos\/watchguard-schulung\/administrator-schulung\/\">Network Security Essentials-Schulung<\/a><\/td>\n<td id=\"prodinfo\" width=\"15%\">Online<\/td>\n<td id=\"prodinfo\" width=\"30%\">07.07.2026 &#8211; 10.07.2026 (4 Tage, Di.-Fr.)<\/td>\n<td id=\"prodinfo\" align=\"right\" width=\"20%\">2.300,00 \u20ac<\/td>\n<\/tr>\n<\/tbody>\n<\/table>\n<h4>Endpoint Security Essentials-Schulungen<\/h4>\n<p>Derzeit bieten wir unsere Endpoint-Schulungen ausschlie\u00dflich als Online-Schulung an.<\/p>\n<table>\n<tbody>\n<tr>\n<td colspan=\"4\"><strong>2026<\/strong><\/td>\n<\/tr>\n<tr>\n<td id=\"prodinfo\" width=\"40%\"><a href=\"https:\/\/www.boc.de\/watchguard-info-portal\/supportinfos\/watchguard-schulung\/endpoint-security-essentials-schulung\/\" rel=\"noopener\">Endpoint Security Essentials-Schulung<\/a><\/td>\n<td id=\"prodinfo\" width=\"15%\">Online<\/td>\n<td id=\"prodinfo\" width=\"30%\">25.06.2026 (1 Tag, 09:00-17:00 Uhr)<\/td>\n<td id=\"prodinfo\" align=\"right\" width=\"15%\">750,00 \u20ac<\/td>\n<\/tr>\n<\/tbody>\n<\/table>\n\t\t\t\t<\/div>\n\t\t\t<\/div>\n\n\t\t\t\t\n<\/div>\n\n<img loading=\"lazy\" decoding=\"async\" class=\"alignnone size-full wp-image-1473\" src=\"https:\/\/www.boc.de\/watchguard-info-portal\/wp-content\/uploads\/2016\/06\/emblem-rechts.gif\" alt=\"emblem-rechts\" width=\"48\" height=\"48\" \/><a href=\"https:\/\/www.boc.de\/watchguard-info-portal\/supportinfos\/watchguard-schulungen\/anmeldeformular\/\">Zum Anmeldeformular<\/a><br \/>\n\n\n<div class=\"su-posts su-posts-single-post \">\n\n\t\t\t\t\t\t\n\t\t\t\n\t\t\t<div id=\"su-post-4366\" class=\"su-post \">\n\t\t\t\t\n\t\t\t\t<div class=\"su-post-content\">\n\t\t\t\t\t<div id=\"pl-4366\"  class=\"panel-layout\" ><div id=\"pg-4366-0\"  class=\"panel-grid panel-no-style\" ><div id=\"pgc-4366-0-0\"  class=\"panel-grid-cell\" ><div id=\"panel-4366-0-0-0\" class=\"so-panel widget widget_sow-editor panel-first-child panel-last-child\" data-index=\"0\" ><div\n\t\t\t\n\t\t\tclass=\"so-widget-sow-editor so-widget-sow-editor-base\"\n\t\t\t\n\t\t>\n<div class=\"siteorigin-widget-tinymce textwidget\">\n\t<p><img loading=\"lazy\" decoding=\"async\" class=\"alignright wp-image-889 size-full\" src=\"https:\/\/www.boc.de\/watchguard-info-portal\/wp-content\/uploads\/2016\/04\/watchguard-certified-training-partner.png\" sizes=\"(max-width: 424px) 100vw, 424px\" srcset=\"https:\/\/www.boc.de\/watchguard-info-portal\/wp-content\/uploads\/2016\/04\/watchguard-certified-training-partner.png 424w, https:\/\/www.boc.de\/watchguard-info-portal\/wp-content\/uploads\/2016\/04\/watchguard-certified-training-partner-150x117.png 300w\" alt=\"watchguard-certified-training-partner\" width=\"424\" height=\"105\" \/><\/p>\n<h2 id=\"onsite\">Weitere Praxis-Workshops<\/h2>\n<p>Neben den oben aufgef\u00fchrten Schulungen bieten wir noch weitere Praxis-Workshops zu folgenden Themen an:<br \/><a href=\"https:\/\/www.boc.de\/watchguard-info-portal\/supportinfos\/watchguard-schulung\/watchguard-schulung-advanced-centralized-management\/\" target=\"_blank\" rel=\"noopener\">Zentralisierte Verwaltung mit dem WatchGuard Management Server<\/a><br \/><a href=\"https:\/\/www.boc.de\/watchguard-info-portal\/supportinfos\/watchguard-schulung\/watchguard-schulung-traffic-management-vlan-gateway-wireless-controller\/\" target=\"_blank\" rel=\"noopener\">WatchGuard Wireless Access Points - VLANs - Traffic Management<\/a><\/p>\n<p>Aktuell haben wir keine offiziellen Termine f\u00fcr diese Workshops. Sie k\u00f6nnen allerdings unter Individualschulung eine Anfrage f\u00fcr einen dieser Praxis-Workshops stellen.<\/p>\n<\/div>\n<\/div><\/div><\/div><\/div><\/div>\t\t\t\t<\/div>\n\t\t\t<\/div>\n\n\t\t\t\t\n<\/div>\n\n\n\n<div class=\"su-posts su-posts-single-post \">\n\n\t\t\t\t\t\t\n\t\t\t\n\t\t\t<div id=\"su-post-3222\" class=\"su-post \">\n\t\t\t\t\n\t\t\t\t<div class=\"su-post-content\">\n\t\t\t\t\t<div id=\"pl-3222\"  class=\"panel-layout\" ><div id=\"pg-3222-0\"  class=\"panel-grid panel-no-style\" ><div id=\"pgc-3222-0-0\"  class=\"panel-grid-cell\" ><div id=\"panel-3222-0-0-0\" class=\"so-panel widget widget_sow-editor panel-first-child panel-last-child\" data-index=\"0\" ><div\n\t\t\t\n\t\t\tclass=\"so-widget-sow-editor so-widget-sow-editor-base\"\n\t\t\t\n\t\t>\n<div class=\"siteorigin-widget-tinymce textwidget\">\n\t<p><img loading=\"lazy\" decoding=\"async\" class=\"alignright wp-image-889 size-full\" src=\"https:\/\/www.boc.de\/watchguard-info-portal\/wp-content\/uploads\/2016\/04\/watchguard-certified-training-partner.png\" sizes=\"(max-width: 424px) 100vw, 424px\" srcset=\"https:\/\/www.boc.de\/watchguard-info-portal\/wp-content\/uploads\/2016\/04\/watchguard-certified-training-partner.png 424w, https:\/\/www.boc.de\/watchguard-info-portal\/wp-content\/uploads\/2016\/04\/watchguard-certified-training-partner-150x117.png 300w\" alt=\"watchguard-certified-training-partner\" width=\"424\" height=\"105\" \/><\/p>\n<h2 id=\"onsite\">WatchGuard Individual-Schulung vor Ort<\/h2>\n<p>Alle WatchGuard Schulungen und Trainings, die wir zentral in Oberhausen anbieten, k\u00f6nnen wir f\u00fcr Sie auf Wunsch auch individuell und an einem anderen Ort durchf\u00fchren - zum Beispiel <strong>in Ihren eigenen R\u00e4umen<\/strong> oder einem Hotel oder Veranstaltungsraum in Ihrer N\u00e4he. Bei Bedarf stellen wir auch eine gewisse Anzahl von WatchGuard Produkten f\u00fcr Hands-On-Training und die erforderliche Pr\u00e4sentationstechnik bereit.<\/p>\n<p>Nat\u00fcrlich kann im Rahmen der Schulung dann besonders individuell auf Ihre bestehende oder geplante Netzwerk-Infrastruktur eingegangen werden. Neben der Network Security Essentials-Schulung bieten wir auch Themen wie Secure Wi-Fi, Multifaktor-Authentifizierung mit AuthPoint und alle weiteren WatchGuard Themen an.<\/p>\n<p>Wenn Sie selbst <strong>IT-Fachh\u00e4ndler<\/strong> sind und WatchGuard-Kunden betreuen, f\u00fchren wir die Schulung gerne auch <strong>neutral in Ihrem Namen<\/strong> durch und sichern Ihnen selbstverst\u00e4ndlich absoluten Kundenschutz zu!<\/p>\n<p><img loading=\"lazy\" decoding=\"async\" class=\"alignnone size-full wp-image-1473\" src=\"https:\/\/www.boc.de\/watchguard-info-portal\/wp-content\/uploads\/2016\/06\/emblem-rechts.gif\" alt=\"emblem-rechts\" width=\"48\" height=\"48\" \/><a href=\"https:\/\/www.boc.de\/watchguard-info-portal\/supportinfos\/watchguard-schulung\/individualschulung\/\">Bitte nutzen Sie unser Anfrageformular<\/a><\/p>\n<\/div>\n<\/div><\/div><\/div><\/div><\/div>\t\t\t\t<\/div>\n\t\t\t<\/div>\n\n\t\t\t\t\n<\/div>\n\n","protected":false},"excerpt":{"rendered":"<p>WatchGuard Individual-Schulung vor Ort Alle WatchGuard Schulungen und Trainings, die wir zentral in Oberhausen anbieten, k\u00f6nnen wir f\u00fcr Sie auf Wunsch auch individuell und an einem anderen Ort durchf\u00fchren &#8211; zum Beispiel in Ihren eigenen R\u00e4umen oder einem Hotel oder Veranstaltungsraum in Ihrer N\u00e4he. Bei Bedarf stellen wir auch eine gewisse Anzahl von WatchGuard Produkten f\u00fcr Hands-On-Training und die erforderliche Pr\u00e4sentationstechnik bereit. Nat\u00fcrlich kann im &hellip; <a href=\"https:\/\/wordpress.boc.de\/watchguard-info-portal\/supportinfos\/watchguard-schulung-tpl-individual-schulung-vor-ort\/\" class=\"more-link\">Weiterlesen <span class=\"screen-reader-text\">WatchGuard Schulung &#8211; Textblock Individual-Schulung &#8211; 3222<\/span> <span class=\"meta-nav\">&raquo;<\/span><\/a><\/p>\n","protected":false},"author":2,"featured_media":0,"parent":28,"menu_order":0,"comment_status":"closed","ping_status":"closed","template":"","meta":{"footnotes":""},"class_list":["post-2","page","type-page","status-publish","hentry"],"_links":{"self":[{"href":"https:\/\/wordpress.boc.de\/watchguard-info-portal\/wp-json\/wp\/v2\/pages\/2"}],"collection":[{"href":"https:\/\/wordpress.boc.de\/watchguard-info-portal\/wp-json\/wp\/v2\/pages"}],"about":[{"href":"https:\/\/wordpress.boc.de\/watchguard-info-portal\/wp-json\/wp\/v2\/types\/page"}],"author":[{"embeddable":true,"href":"https:\/\/wordpress.boc.de\/watchguard-info-portal\/wp-json\/wp\/v2\/users\/2"}],"replies":[{"embeddable":true,"href":"https:\/\/wordpress.boc.de\/watchguard-info-portal\/wp-json\/wp\/v2\/comments?post=2"}],"version-history":[{"count":94,"href":"https:\/\/wordpress.boc.de\/watchguard-info-portal\/wp-json\/wp\/v2\/pages\/2\/revisions"}],"predecessor-version":[{"id":6109,"href":"https:\/\/wordpress.boc.de\/watchguard-info-portal\/wp-json\/wp\/v2\/pages\/2\/revisions\/6109"}],"up":[{"embeddable":true,"href":"https:\/\/wordpress.boc.de\/watchguard-info-portal\/wp-json\/wp\/v2\/pages\/28"}],"wp:attachment":[{"href":"https:\/\/wordpress.boc.de\/watchguard-info-portal\/wp-json\/wp\/v2\/media?parent=2"}],"curies":[{"name":"wp","href":"https:\/\/api.w.org\/{rel}","templated":true}]}}