{"id":19896,"date":"2024-03-15T16:41:09","date_gmt":"2024-03-15T15:41:09","guid":{"rendered":"https:\/\/www.boc.de\/watchguard-info-portal\/?page_id=19896"},"modified":"2025-02-11T11:40:58","modified_gmt":"2025-02-11T10:40:58","slug":"gebrauchtgeraete","status":"publish","type":"page","link":"https:\/\/wordpress.boc.de\/watchguard-info-portal\/gebrauchtgeraete\/","title":{"rendered":"Gebrauchtger\u00e4te"},"content":{"rendered":"<div id=\"pl-19896\"  class=\"panel-layout\" ><div id=\"pg-19896-0\"  class=\"panel-grid panel-no-style\" ><div id=\"pgc-19896-0-0\"  class=\"panel-grid-cell\" ><div id=\"panel-19896-0-0-0\" class=\"so-panel widget widget_sow-editor panel-first-child panel-last-child\" data-index=\"0\" ><div\n\t\t\t\n\t\t\tclass=\"so-widget-sow-editor so-widget-sow-editor-base\"\n\t\t\t\n\t\t>\n<div class=\"siteorigin-widget-tinymce textwidget\">\n\t<h2>Gebrauchtger\u00e4te<\/h2>\n<div style=\"border: 3px solid red; padding: 20px 20px 0px 20px; margin-bottom: 25px;\">\n<p style=\"margin-top: 0px;\"><strong><i class=\"fa fa-exclamation-triangle\" style=\"color: #b32317;\" aria-hidden=\"true\">\u00a0<\/i>Hinweis\u00a0<i class=\"fa fa-exclamation-triangle\" style=\"color: #b32317;\" aria-hidden=\"true\"><\/i><\/strong><\/p>\n<p>Aktuell haben wir leider keine Gebrauchtger\u00e4te zum Verkauf verf\u00fcgbar. In Zukunft kann sich das jedoch \u00e4ndern! Schauen Sie also gerne regelm\u00e4\u00dfig vorbei \u2013 vielleicht ist schon bald wieder das passende Ger\u00e4t f\u00fcr Sie dabei.<\/p>\n<\/div>\n<p><strong>Es muss nicht immer ein brandneues Modell sein. Unsere BOC Gebrauchtger\u00e4te sind professionell gewartet und top in Schuss!<\/strong><\/p>\n<p>Wie bei allen WatchGuard Fireboxen \u00fcblich gilt auch hier nat\u00fcrlich die WatchGuard Hardware-Garantie bis zum<br \/>\nLizenzablaufdatum\/EOL -&gt; <a href=\"https:\/\/www.watchguard.com\/de\/wgrd-support\/hardware-warranty\" target=\"_blank\" rel=\"noopener\">https:\/\/www.watchguard.com\/de\/wgrd-support\/hardware-warranty<\/a><\/p>\n<p>BOC Gebrauchtger\u00e4te sind einmalige, qualitativ hochwertige Schn\u00e4ppchen mit bereits aktivierten Lizenzen, die Uhr tickt also!<br \/>\n-&gt; Dementsprechend gilt: <strong>Wenn weg dann weg.\u00a0<\/strong><\/p>\n<h4>Was sind meine Vorteile?<\/h4>\n<ol>\n<li><strong>Restlaufzeit-Rabatt - \"2 Jahre zum Preis von einem\"<\/strong><br \/>\nDie hier gelisteten Ger\u00e4telizenzen laufen im M\u00e4rz 2026 ab, unser Angebot lautet 1 Jahr kaufen, die zus\u00e4tzliche Laufzeit gibt es kostenfrei dazu.<br \/>\n<strong><em>Wichtig: Der Endzeitpunkt ist fix, je fr\u00fcher Sie kaufen desto gr\u00f6\u00dfer Ihr Preisvorteil!<\/em><\/strong><\/li>\n<li><strong>Sofortige Verf\u00fcgbarkeit<\/strong><strong><br \/>\n<\/strong>Alle aufgef\u00fchrten Gebrauchtger\u00e4te sind nat\u00fcrlich sofort ab Lager lieferbar.<\/li>\n<li><strong>1:1 Migration Ihrer Firebox Konfiguration zum halben Preis!<\/strong><strong><br \/>\n<\/strong>Beim Kauf eines unserer Gebrauchtger\u00e4te bekommen Sie\u00a0unsere pauschale\u00a0<strong>1:1 Migration\/\u00dcbernahme und Basis-Check der Konfigurationsdatei<\/strong>\u00a0zum halben Preis (250,- EUR anstelle 500 EUR zzgl. MwSt.).<\/li>\n<li><strong>TRADE-UP M\u00f6glichkeit nach Ablauf<\/strong><strong><br \/>\n<\/strong>Das gekaufte Ger\u00e4t kann nach Ablauf der Laufzeit f\u00fcr\u00a0<a href=\"https:\/\/www.boc.de\/trade-up\">TRADE-UP<\/a> Produkte verwendet werden.<\/li>\n<li><strong style=\"font-size: inherit;\">Bisher noch kein Cluster?<br \/>\n<\/strong>Kein Problem! Gerne stellen wir Sie im Rahmen der 1:1 Migration kostenfrei auf ein Cluster um.<\/li>\n<\/ol>\n<table>\n<tbody>\n<tr>\n<th>Symbolbild<\/th>\n<th>Ger\u00e4tename<\/th>\n<th>Laufzeitende<\/th>\n<th>Details zum Modell<\/th>\n<th>Listenpreis<\/th>\n<th>Ihr Preis<\/th>\n<\/tr>\n<tr style=\"text-decoration: line-through;\">\n<td><img decoding=\"async\" style=\"width: 100px;\" src=\"\/pub\/media\/catalog\/product\/1\/_\/1_WatchGuard_Firebox_M370_front_1.jpg\" \/><\/td>\n<td>M370 mit Total Security im Cluster (2 Ger\u00e4te)<\/td>\n<td>18.03.2026<\/td>\n<td>(ausverkauft)<\/td>\n<td>7036 \u20ac<\/td>\n<td>3518 \u20ac<\/td>\n<\/tr>\n<tr style=\"text-decoration: line-through;\">\n<td><img decoding=\"async\" style=\"width: 100px;\" src=\"\/pub\/media\/catalog\/product\/1\/_\/1_WatchGuard_Firebox_M470_front_1.jpg\" \/><\/td>\n<td>M470 mit Total Security im Cluster (2 Ger\u00e4te)<\/td>\n<td>18.03.2026<\/td>\n<td>(ausverkauft)<\/td>\n<td>11458 \u20ac<\/td>\n<td>5729 \u20ac<\/td>\n<\/tr>\n<tr style=\"text-decoration: line-through;\">\n<td><img decoding=\"async\" style=\"width: 100px;\" src=\"\/pub\/media\/catalog\/product\/1\/_\/1_WatchGuard_Firebox_M4600_front_1.jpg\" \/><\/td>\n<td>M4600 mit Total Security im Cluster (2 Ger\u00e4te)<\/td>\n<td>18.03.2026<\/td>\n<td>(ausverkauft)<\/td>\n<td>37020 \u20ac<\/td>\n<td>18510 \u20ac<\/td>\n<\/tr>\n<\/tbody>\n<\/table>\n<p>Verkauf nur im Cluster-Verbund.<\/p>\n<p>Sie erreichen unseren Vertrieb unter +49 208 8596440 oder \u00fcber dieses Kontaktformular:<\/p>\n<\/div>\n<\/div><\/div><\/div><\/div><div id=\"pg-19896-1\"  class=\"panel-grid panel-no-style\" ><div id=\"pgc-19896-1-0\"  class=\"panel-grid-cell panel-grid-cell-mobile-last\" ><div id=\"panel-19896-1-0-0\" class=\"so-panel widget widget_sow-contact-form panel-first-child panel-last-child\" data-index=\"1\" ><div\n\t\t\t\n\t\t\tclass=\"so-widget-sow-contact-form so-widget-sow-contact-form-default-dc623934f197-19896\"\n\t\t\t\n\t\t>\t<form\n\t\taction=\"\/watchguard-info-portal\/wp-json\/wp\/v2\/pages\/19896\"\n\t\tmethod=\"POST\"\n\t\tclass=\"sow-contact-form\"\n\t\tid=\"contact-form-634b\"\n\t>\n\n\t\t\n\t\t            <p><em>Mit * markierte Felder sind Pflichtfelder<\/em><\/p>\n\t\t\t\t\t\t<div class=\"sow-form-field sow-form-field-name\">\n\t\t\t\t<label class=\"sow-form-field-label-above\" for=\"sow-contact-form-field-vor-und-nachname-17276207665f46a48de329028562649\">\n\t\t\t\t<strong>\n\t\t\t\t\tVor- und Nachname\t\t\t\t\t\t\t\t\t\t\t<span class=\"sow-form-field-required\">*<\/span>\n\t\t\t\t\t\t\t\t\t<\/strong>\n\t\t\t<\/label>\n\t\t\t\t\t\t\t<span class=\"sow-field-container\">\n\t\t\t\t\t\t\t<input\n\t\t\ttype=\"text\"\n\t\t\tname=\"vor-und-nachname-17276207665f46a48de329028562649\"\n\t\t\tid=\"sow-contact-form-field-vor-und-nachname-17276207665f46a48de329028562649\"\n\t\t\tvalue=\"\"\n\t\t\tclass=\"sow-text-field\"\n\t\t\t\t\t\/>\n\t\t\t\t\t\t<\/span>\n\t\t\t\t\t\t\t<\/div>\n\t\t\t\t\t\t<div class=\"sow-form-field sow-form-field-email\">\n\t\t\t\t<label class=\"sow-form-field-label-above\" for=\"sow-contact-form-field-e-mail-adresse-17276207665f46a48de329028562649\">\n\t\t\t\t<strong>\n\t\t\t\t\tE-Mail-Adresse\t\t\t\t\t\t\t\t\t\t\t<span class=\"sow-form-field-required\">*<\/span>\n\t\t\t\t\t\t\t\t\t<\/strong>\n\t\t\t<\/label>\n\t\t\t\t\t\t\t<span class=\"sow-field-container\">\n\t\t\t\t\t\t\t<input\n\t\t\ttype=\"email\"\n\t\t\tname=\"e-mail-adresse-17276207665f46a48de329028562649\"\n\t\t\tid=\"sow-contact-form-field-e-mail-adresse-17276207665f46a48de329028562649\"\n\t\t\tvalue=\"\"\n\t\t\tclass=\"sow-text-field\"\t\t\t\t\t\t\t\t\/>\n\t\t\t\t\t\t<\/span>\n\t\t\t\t\t\t\t<\/div>\n\t\t\t\t\t\t<div class=\"sow-form-field sow-form-field-textarea\">\n\t\t\t\t<label class=\"sow-form-field-label-above\" for=\"sow-contact-form-field-ihre-nachricht-kommentar-17276207665f46a48de329028562649\">\n\t\t\t\t<strong>\n\t\t\t\t\tIhre Nachricht \/ Kommentar\t\t\t\t\t\t\t\t\t\t\t<span class=\"sow-form-field-required\">*<\/span>\n\t\t\t\t\t\t\t\t\t<\/strong>\n\t\t\t<\/label>\n\t\t\t\t\t\t\t<span class=\"sow-field-container\">\n\t\t\t\t\t\t\t<textarea\n\t\t\tname=\"ihre-nachricht-kommentar-17276207665f46a48de329028562649\"\n\t\t\tid=\"sow-contact-form-field-ihre-nachricht-kommentar-17276207665f46a48de329028562649\"\n\t\t\trows=\"10\"\n\t\t\t\t\t\t\t\t><\/textarea>\n\t\t\t\t\t\t<\/span>\n\t\t\t\t\t\t\t<\/div>\n\t\t\t\t\t\t<div class=\"sow-form-field sow-form-field-text\">\n\t\t\t\t<label class=\"sow-form-field-label-above\" for=\"sow-contact-form-field-ich-interessiere-mich-fuer-17276207665f46a48de329028562649\">\n\t\t\t\t<strong>\n\t\t\t\t\tIch interessiere mich f\u00fcr:\t\t\t\t\t\t\t\t\t\t\t<span class=\"sow-form-field-required\">*<\/span>\n\t\t\t\t\t\t\t\t\t<\/strong>\n\t\t\t<\/label>\n\t\t\t\t\t\t\t<span class=\"sow-field-container\">\n\t\t\t\t\t\t\t<input\n\t\t\ttype=\"text\"\n\t\t\tname=\"ich-interessiere-mich-fuer-17276207665f46a48de329028562649\"\n\t\t\tid=\"sow-contact-form-field-ich-interessiere-mich-fuer-17276207665f46a48de329028562649\"\n\t\t\tvalue=\"\"\n\t\t\tclass=\"sow-text-field\"\t\t\t\t\t\t\t\t\/>\n\t\t\t\t\t\t<\/span>\n\t\t\t\t\t\t\t<\/div>\n\t\t\t\n\t\t\t\t\t<div class=\"sow-recaptcha\"\n\t\t\t\t\t\t\t\t\tdata-config=\"{&quot;sitekey&quot;:&quot;6LfaqusoAAAAADeyK9ERSevLLC_3LEC0S7wDVBLf&quot;,&quot;theme&quot;:&quot;light&quot;,&quot;type&quot;:&quot;image&quot;,&quot;size&quot;:&quot;normal&quot;}\"\n\t\t\t\t\t\t\t><\/div>\n\t\t\t\n\t\t<div class=\"sow-submit-wrapper sow-submit-styled\">\n\n\t\t\t<button\n\t\t\t\ttype=\"submit\"\n\t\t\t\tclass=\"sow-submit\"\n\t\t\t\t\t\t\t>\n\t\t\t\tAnfragen\t\t\t<\/button>\n\t\t<\/div>\n\t\t\t\t<input type=\"hidden\" name=\"instance_hash\" value=\"634bbdbc4b2b4e24f5b36cdb7c8437c4\" \/>\n\t\t<input type=\"hidden\" id=\"_wpnonce\" name=\"_wpnonce\" value=\"1148c5d20e\" \/><input type=\"hidden\" name=\"_wp_http_referer\" value=\"\/watchguard-info-portal\/wp-json\/wp\/v2\/pages\/19896\" \/>\t<\/form>\n\t<\/div><\/div><\/div><div id=\"pgc-19896-1-1\"  class=\"panel-grid-cell panel-grid-cell-empty\" ><\/div><\/div><\/div>","protected":false},"excerpt":{"rendered":"<p>Gebrauchtger\u00e4te \u00a0Hinweis\u00a0 Aktuell haben wir leider keine Gebrauchtger\u00e4te zum Verkauf verf\u00fcgbar. In Zukunft kann sich das jedoch \u00e4ndern! Schauen Sie also gerne regelm\u00e4\u00dfig vorbei \u2013 vielleicht ist schon bald wieder das passende Ger\u00e4t f\u00fcr Sie dabei. Es muss nicht immer ein brandneues Modell sein. Unsere BOC Gebrauchtger\u00e4te sind professionell gewartet und top in Schuss! Wie bei allen WatchGuard Fireboxen \u00fcblich gilt auch hier nat\u00fcrlich die &hellip; <a href=\"https:\/\/wordpress.boc.de\/watchguard-info-portal\/gebrauchtgeraete\/\" class=\"more-link\">Weiterlesen <span class=\"screen-reader-text\">Gebrauchtger\u00e4te<\/span> <span class=\"meta-nav\">&raquo;<\/span><\/a><\/p>\n","protected":false},"author":7,"featured_media":0,"parent":0,"menu_order":0,"comment_status":"closed","ping_status":"closed","template":"","meta":{"footnotes":""},"class_list":["post-19896","page","type-page","status-publish","hentry"],"_links":{"self":[{"href":"https:\/\/wordpress.boc.de\/watchguard-info-portal\/wp-json\/wp\/v2\/pages\/19896"}],"collection":[{"href":"https:\/\/wordpress.boc.de\/watchguard-info-portal\/wp-json\/wp\/v2\/pages"}],"about":[{"href":"https:\/\/wordpress.boc.de\/watchguard-info-portal\/wp-json\/wp\/v2\/types\/page"}],"author":[{"embeddable":true,"href":"https:\/\/wordpress.boc.de\/watchguard-info-portal\/wp-json\/wp\/v2\/users\/7"}],"replies":[{"embeddable":true,"href":"https:\/\/wordpress.boc.de\/watchguard-info-portal\/wp-json\/wp\/v2\/comments?post=19896"}],"version-history":[{"count":45,"href":"https:\/\/wordpress.boc.de\/watchguard-info-portal\/wp-json\/wp\/v2\/pages\/19896\/revisions"}],"predecessor-version":[{"id":27121,"href":"https:\/\/wordpress.boc.de\/watchguard-info-portal\/wp-json\/wp\/v2\/pages\/19896\/revisions\/27121"}],"wp:attachment":[{"href":"https:\/\/wordpress.boc.de\/watchguard-info-portal\/wp-json\/wp\/v2\/media?parent=19896"}],"curies":[{"name":"wp","href":"https:\/\/api.w.org\/{rel}","templated":true}]}}