{"id":19312,"date":"2024-02-21T11:10:03","date_gmt":"2024-02-21T10:10:03","guid":{"rendered":"https:\/\/www.boc.de\/watchguard-info-portal\/produktinfos\/watchguard-security-services-und-suites-copy\/"},"modified":"2025-02-20T14:59:15","modified_gmt":"2025-02-20T13:59:15","slug":"watchguard-authpoint-total-identity-security-mit-vergleichstabelle","status":"publish","type":"page","link":"https:\/\/wordpress.boc.de\/watchguard-info-portal\/produktinfos\/watchguard-authpoint-total-identity-security-mit-vergleichstabelle\/","title":{"rendered":"WatchGuard AuthPoint Total Identity Security mit Vergleichstabelle"},"content":{"rendered":"<h2><strong>WatchGuard AuthPoint Total Identity Security<\/strong><\/h2>\n<h3>Sch\u00fctzen Sie Ihre Identit\u00e4t &#8211; besonders einfach, besonders sicher.<\/h3>\n<div style=\"border: 3px solid red; padding: 20px 20px 0px 20px;\">\n<p><strong>Wichtiger Hinweis:<\/strong><br \/>\nSeit dem <strong>01.10.2024<\/strong> ist der Corporate Password Manager und Dark Web Monitoring nicht mehr Bestandteil der AuthPoint Total Identity Security Lizenz. F\u00fcr bestehende Lizenzen besteht jedoch weiterhin Produktsupport bis zum 31.03.2025 f\u00fcr Dark Web Monitoring bzw. bis zum 30.09.2025 f\u00fcr den Corporate Password Manager. Weitere Infos direkt bei WatchGuard unter <a href=\"https:\/\/www.watchguard.com\/wgrd-blog\/important-changes-authpoint-total-identity-security\" target=\"_blank\" rel=\"noopener\">&gt;&gt; Important Changes to AuthPoint Total Identity Security<\/a>.<\/p>\n<p>F\u00fcr Neuanschaffungen empfehlen wir deshalb vorerst die normalen <a href=\"https:\/\/www.boc.de\/watchguard-authpoint.html\" target=\"_blank\" rel=\"noopener\">WatchGuard AuthPoint<\/a> Lizenzen.<\/p>\n<\/div>\n<p><img loading=\"lazy\" decoding=\"async\" class=\" wp-image-20268 alignright\" src=\"https:\/\/www.boc.de\/watchguard-info-portal\/wp-content\/uploads\/2024\/04\/authpoint-total-identity-security.jpg\" alt=\"\" width=\"426\" height=\"304\" srcset=\"https:\/\/wordpress.boc.de\/watchguard-info-portal\/wp-content\/uploads\/2024\/04\/authpoint-total-identity-security.jpg 519w, https:\/\/wordpress.boc.de\/watchguard-info-portal\/wp-content\/uploads\/2024\/04\/authpoint-total-identity-security-300x214.jpg 300w\" sizes=\"(max-width: 426px) 100vw, 426px\" \/><br \/>\nSeit mehr als 20 Jahren sind Passw\u00f6rter fester Bestandteil der digitalen Welt und daran wird sich auch in Zukunft nichts \u00e4ndern. Daher ist es umso wichtiger Ihre Anmeldeinformationen sicher zu verwalten. Entsprechende Tools zur Verwaltung von Anmeldedaten erm\u00f6glichen es Unternehmen, sich besser vor den Gefahren und Risiken zu sch\u00fctzen, die durch einen schlechten Umgang mit Passw\u00f6rtern entstehen k\u00f6nnen und sind damit ein wichtiger Bestandteil der Identit\u00e4tssicherheit.<\/p>\n<p>WatchGuard AuthPoint Total Identity Security bietet die notwendige Sicherheit, um Identit\u00e4ten, Konten und Daten zu sch\u00fctzen. Unternehmen profitieren von den innovativen, umfassenden und benutzerfreundlichen L\u00f6sungen zur Multifaktor-Authentifizierung und zur Verwaltung von Anmeldeinformationen.<strong>\u00a0<\/strong><\/p>\n<h3>Bestandteile<\/h3>\n<p>AuthPoint Total Identity Security ist ein umfassendes, kostensparendes Bundle-Paket, das aus den folgenden drei Bestandteilen besteht:<\/p>\n<ul>\n<li><strong>AuthPoint MFA\u202f<\/strong>\u2013 Die WatchGuard AuthPoint-L\u00f6sung bietet\u00a0Multifaktor-Authentifizierung (MFA)\u00a0auf der\u00a0benutzerfreundlichen WatchGuard Cloud Plattform. Die\u00a0mobile AuthPoint-App\u00a0erlaubt es den Benutzern mittels einfacher Push-Benachrichtigungen einen Anmeldevorgang \u00fcber Ihr Smartphone zu gew\u00e4hren oder zu blockieren. AuthPoint kann von \u00fcberall verwaltet werden und bietet Dutzende von Integrationen mit Drittanbietern, einschlie\u00dflich g\u00e4ngiger Cloud-Anwendungen, Webdienste, VPNs und Netzwerke.<\/li>\n<li><strong>Dark Web Monitor\u202f<\/strong>\u2013 Der Dark Web Monitor benachrichtigt Nutzer und\/oder Administratoren proaktiv, wenn gesch\u00e4ftliche Anmeldedaten \u00fcber eine kompromittierte Datenbank im Dark Web aufgetaucht sind. So k\u00f6nnen Sie bei einer Sicherheitsverletzung schnellstm\u00f6glich handeln und entsprechende Passw\u00f6rter \u00e4ndern.<\/li>\n<li><strong>Corporate Passwort Manager <\/strong>\u2013 Mit dem Corporate Password Manager lassen sich sichere und komplexe Passw\u00f6rter erstellen und verwalten um so die Sicherheit Ihrer Anmeldeinformationen zu st\u00e4rken. Somit verringern Sie das Risiko eines \u201eCredential Stuffing\u201c- und \u201eCredential Spraying\u201c-Angriffs und die H\u00e4ufigkeit von Passwortzur\u00fccksetzungen. Der Passwortmanager ist in die AuthPoint Mobile App und in Web SSO integriert.\u00a0.<\/li>\n<\/ul>\n<p>Mit der <a href=\"https:\/\/www.boc.de\/watchguard-info-portal\/vertriebsinfos\/watchguard-cloud-demo\/\" target=\"_blank\" rel=\"noopener noreferrer\">&gt;&gt; WatchGuard Cloud Demo<\/a> k\u00f6nnen Sie kostenlos alle Funktionen und Bestandteile testen.<\/p>\n<h3>Vergleichstabelle<\/h3>\n<p>Die folgende Tabelle zeigt auf, wie sich die Produkte WatchGuard AuthPoint und WatchGuard Total Identiy Security voneinander unterscheiden:<\/p>\n<table>\n<thead>\n<tr>\n<th><\/th>\n<th><strong>Multifaktor-Authentifizierung<br \/>\n(AuthPoint)<\/strong><\/th>\n<th><strong>Total Identity<br \/>\nSecurity<\/strong><\/th>\n<\/tr>\n<\/thead>\n<tbody>\n<tr>\n<td>Authentifizierung ausschlie\u00dflich mit Passwort<\/td>\n<td>\u2713<\/td>\n<td><img decoding=\"async\" src=\"https:\/\/www.boc.de\/watchguard-info-portal\/wp-content\/uploads\/2016\/07\/red-check.png\" \/><\/td>\n<\/tr>\n<tr>\n<td>MFA \u2013 Push-basierte Authentifizierung<\/td>\n<td>\u2713<\/td>\n<td><img decoding=\"async\" src=\"https:\/\/www.boc.de\/watchguard-info-portal\/wp-content\/uploads\/2016\/07\/red-check.png\" \/><\/td>\n<\/tr>\n<tr>\n<td>MFA \u2013 QR-Code-basierte Authentifizierung<\/td>\n<td>\u2713<\/td>\n<td><img decoding=\"async\" src=\"https:\/\/www.boc.de\/watchguard-info-portal\/wp-content\/uploads\/2016\/07\/red-check.png\" \/><\/td>\n<\/tr>\n<tr>\n<td>MFA \u2013 Zeitbasiertes OTP<\/td>\n<td>\u2713<\/td>\n<td><img decoding=\"async\" src=\"https:\/\/www.boc.de\/watchguard-info-portal\/wp-content\/uploads\/2016\/07\/red-check.png\" \/><\/td>\n<\/tr>\n<tr>\n<td>MFA \u2013 TOTP-Hardware-Token<\/td>\n<td>\u2713<\/td>\n<td><img decoding=\"async\" src=\"https:\/\/www.boc.de\/watchguard-info-portal\/wp-content\/uploads\/2016\/07\/red-check.png\" \/><\/td>\n<\/tr>\n<tr>\n<td>Web SSO (SAML ldP)<\/td>\n<td>\u2713<\/td>\n<td><img decoding=\"async\" src=\"https:\/\/www.boc.de\/watchguard-info-portal\/wp-content\/uploads\/2016\/07\/red-check.png\" \/><\/td>\n<\/tr>\n<tr>\n<td>Anmeldeschutz (Win\/Mac)<\/td>\n<td>\u2713<\/td>\n<td><img decoding=\"async\" src=\"https:\/\/www.boc.de\/watchguard-info-portal\/wp-content\/uploads\/2016\/07\/red-check.png\" \/><\/td>\n<\/tr>\n<tr>\n<td>RADIUS<\/td>\n<td>\u2713<\/td>\n<td><img decoding=\"async\" src=\"https:\/\/www.boc.de\/watchguard-info-portal\/wp-content\/uploads\/2016\/07\/red-check.png\" \/><\/td>\n<\/tr>\n<tr>\n<td>Mobile App<\/td>\n<td>\u2713<\/td>\n<td><img decoding=\"async\" src=\"https:\/\/www.boc.de\/watchguard-info-portal\/wp-content\/uploads\/2016\/07\/red-check.png\" \/><\/td>\n<\/tr>\n<tr>\n<td>REST APIs<\/td>\n<td>\u2713<\/td>\n<td><img decoding=\"async\" src=\"https:\/\/www.boc.de\/watchguard-info-portal\/wp-content\/uploads\/2016\/07\/red-check.png\" \/><\/td>\n<\/tr>\n<tr>\n<td>Risikobasierte Authentifizierung<\/td>\n<td>\u2713<\/td>\n<td><img decoding=\"async\" src=\"https:\/\/www.boc.de\/watchguard-info-portal\/wp-content\/uploads\/2016\/07\/red-check.png\" \/><\/td>\n<\/tr>\n<tr>\n<td>Cloudbasiertes Management<\/td>\n<td>\u2713<\/td>\n<td><img decoding=\"async\" src=\"https:\/\/www.boc.de\/watchguard-info-portal\/wp-content\/uploads\/2016\/07\/red-check.png\" \/><\/td>\n<\/tr>\n<tr>\n<td>Dark Web Scan (Dom\u00e4nen\/Benutzer)<\/td>\n<td>\u2713<\/td>\n<td><img decoding=\"async\" src=\"https:\/\/www.boc.de\/watchguard-info-portal\/wp-content\/uploads\/2016\/07\/red-check.png\" \/><\/td>\n<\/tr>\n<tr>\n<td>Dark Web Monitoring f\u00fcr Anmeldedaten<\/td>\n<td><\/td>\n<td><img decoding=\"async\" src=\"https:\/\/www.boc.de\/watchguard-info-portal\/wp-content\/uploads\/2016\/07\/red-check.png\" \/><\/td>\n<\/tr>\n<tr>\n<td>Corporate Password Manager<\/td>\n<td><\/td>\n<td><img decoding=\"async\" src=\"https:\/\/www.boc.de\/watchguard-info-portal\/wp-content\/uploads\/2016\/07\/red-check.png\" \/><\/td>\n<\/tr>\n<tr>\n<td>Corporate Password Vault<\/td>\n<td><\/td>\n<td><img decoding=\"async\" src=\"https:\/\/www.boc.de\/watchguard-info-portal\/wp-content\/uploads\/2016\/07\/red-check.png\" \/><\/td>\n<\/tr>\n<tr>\n<td>Geteilter Password Vault<\/td>\n<td><\/td>\n<td><img decoding=\"async\" src=\"https:\/\/www.boc.de\/watchguard-info-portal\/wp-content\/uploads\/2016\/07\/red-check.png\" \/><\/td>\n<\/tr>\n<tr>\n<td>Pers\u00f6nlicher Password Vault<\/td>\n<td><\/td>\n<td><img decoding=\"async\" src=\"https:\/\/www.boc.de\/watchguard-info-portal\/wp-content\/uploads\/2016\/07\/red-check.png\" \/><\/td>\n<\/tr>\n<tr>\n<td>Formularbasiertes Web SSO<\/td>\n<td><\/td>\n<td><img decoding=\"async\" src=\"https:\/\/www.boc.de\/watchguard-info-portal\/wp-content\/uploads\/2016\/07\/red-check.png\" \/><\/td>\n<\/tr>\n<tr>\n<td>Automatisches Lernen \/ Automatisches Ausf\u00fcllen von Anmeldeinformationen<\/td>\n<td><\/td>\n<td><img decoding=\"async\" src=\"https:\/\/www.boc.de\/watchguard-info-portal\/wp-content\/uploads\/2016\/07\/red-check.png\" \/><\/td>\n<\/tr>\n<\/tbody>\n<\/table>\n<h3>Lizensierung<\/h3>\n<p>Das Bundle-Paket bestehend aus AuthPoint, Dark Web Monitor und Corporate Passwort Manager finden Sie <a href=\"https:\/\/www.boc.de\/watchguard-authpoint-total-identity-security.html\" target=\"_blank\" rel=\"noopener noreferrer\">&gt;&gt; hier<\/a>.<br \/>\nAuthPoint MFA kann auch separat <a href=\"https:\/\/www.boc.de\/watchguard-authpoint.html\" target=\"_blank\" rel=\"noopener noreferrer\">&gt;&gt; im Shop<\/a> erworben werden.<\/p>\n<h3>Downloads<\/h3>\n<ul>\n<li><a href=\"https:\/\/www.boc.de\/pub\/media\/documents\/authpointtotalidentitysecurity\/20_Datenblatt-WatchGuard-AuthPoint-Total-Identity-Security.pdf\" target=\"_blank\" rel=\"noopener noreferrer\">Datenblatt AuthPoint Total Identity Security<\/a><\/li>\n<li><a href=\"https:\/\/www.boc.de\/pub\/media\/documents\/authpointtotalidentitysecurity\/30_Brosch%C3%BCre-WatchGuard-AuthPoint-Total-Identity-Security.pdf\" target=\"_blank\" rel=\"noopener noreferrer\">Brosch\u00fcre AuthPoint Total Identity Security<\/a><\/li>\n<li><a href=\"https:\/\/www.boc.de\/pub\/media\/documents\/authpointtotalidentitysecurity\/35_Datenschutzleitfaden-WatchGuard-AuthPoint.pdf\" target=\"_blank\" rel=\"noopener noreferrer\">Datenschutzleitfaden AuthPoint<\/a><\/li>\n<li><a href=\"https:\/\/www.boc.de\/pub\/media\/documents\/authpointtotalidentitysecurity\/40_eBook-Erweitern-Sie-die-Sicherheit-um-Identit%C3%A4ten-zu-wahren.pdf\" target=\"_blank\" rel=\"noopener noreferrer\">E-Book &#8211; Erweitern Sie die Sicherheit um Identit\u00e4ten zu wahren<\/a><\/li>\n<li><a href=\"https:\/\/www.boc.de\/pub\/media\/documents\/authpointtotalidentitysecurity\/60_Infografik-AuthPoint-Total-Identity-Security.pdf\" target=\"_blank\" rel=\"noopener noreferrer\">Infografik &#8211; AuthPoint Total Identity Security<\/a><\/li>\n<li><a href=\"https:\/\/www.boc.de\/pub\/media\/documents\/authpointtotalidentitysecurity\/70_Leitfaden-Wichtige-Gr%C3%BCnde-f%C3%BCr-AuthPoint-Total-Identity-Security.pdf\" target=\"_blank\" rel=\"noopener noreferrer\">Leitfaden &#8211; Wichtige Gr\u00fcnde f\u00fcr AuthPoint Total Identity Security<\/a><\/li>\n<\/ul>\n","protected":false},"excerpt":{"rendered":"<p>WatchGuard AuthPoint Total Identity Security Sch\u00fctzen Sie Ihre Identit\u00e4t &#8211; besonders einfach, besonders sicher. Wichtiger Hinweis: Seit dem 01.10.2024 ist der Corporate Password Manager und Dark Web Monitoring nicht mehr Bestandteil der AuthPoint Total Identity Security Lizenz. F\u00fcr bestehende Lizenzen besteht jedoch weiterhin Produktsupport bis zum 31.03.2025 f\u00fcr Dark Web Monitoring bzw. bis zum 30.09.2025 f\u00fcr den Corporate Password Manager. Weitere Infos direkt bei WatchGuard &hellip; <a href=\"https:\/\/wordpress.boc.de\/watchguard-info-portal\/produktinfos\/watchguard-authpoint-total-identity-security-mit-vergleichstabelle\/\" class=\"more-link\">Weiterlesen <span class=\"screen-reader-text\">WatchGuard AuthPoint Total Identity Security mit Vergleichstabelle<\/span> <span class=\"meta-nav\">&raquo;<\/span><\/a><\/p>\n","protected":false},"author":4,"featured_media":0,"parent":24,"menu_order":0,"comment_status":"closed","ping_status":"closed","template":"","meta":{"footnotes":""},"class_list":["post-19312","page","type-page","status-publish","hentry"],"_links":{"self":[{"href":"https:\/\/wordpress.boc.de\/watchguard-info-portal\/wp-json\/wp\/v2\/pages\/19312"}],"collection":[{"href":"https:\/\/wordpress.boc.de\/watchguard-info-portal\/wp-json\/wp\/v2\/pages"}],"about":[{"href":"https:\/\/wordpress.boc.de\/watchguard-info-portal\/wp-json\/wp\/v2\/types\/page"}],"author":[{"embeddable":true,"href":"https:\/\/wordpress.boc.de\/watchguard-info-portal\/wp-json\/wp\/v2\/users\/4"}],"replies":[{"embeddable":true,"href":"https:\/\/wordpress.boc.de\/watchguard-info-portal\/wp-json\/wp\/v2\/comments?post=19312"}],"version-history":[{"count":23,"href":"https:\/\/wordpress.boc.de\/watchguard-info-portal\/wp-json\/wp\/v2\/pages\/19312\/revisions"}],"predecessor-version":[{"id":27365,"href":"https:\/\/wordpress.boc.de\/watchguard-info-portal\/wp-json\/wp\/v2\/pages\/19312\/revisions\/27365"}],"up":[{"embeddable":true,"href":"https:\/\/wordpress.boc.de\/watchguard-info-portal\/wp-json\/wp\/v2\/pages\/24"}],"wp:attachment":[{"href":"https:\/\/wordpress.boc.de\/watchguard-info-portal\/wp-json\/wp\/v2\/media?parent=19312"}],"curies":[{"name":"wp","href":"https:\/\/api.w.org\/{rel}","templated":true}]}}