{"id":17794,"date":"2023-10-05T13:11:34","date_gmt":"2023-10-05T11:11:34","guid":{"rendered":"https:\/\/www.boc.de\/watchguard-info-portal\/?page_id=17794"},"modified":"2023-10-05T13:14:37","modified_gmt":"2023-10-05T11:14:37","slug":"watchguard-remote-access-point-rap","status":"publish","type":"page","link":"https:\/\/wordpress.boc.de\/watchguard-info-portal\/produktinfos\/wlan-suites\/watchguard-remote-access-point-rap\/","title":{"rendered":"WatchGuard Remote Access Point (RAP)"},"content":{"rendered":"<h2>WatchGuard Remote Access Point (RAP)<\/h2>\n<h3>Anbindung eines Remote WLAN Netzwerks per VPN<\/h3>\n<p>Die Remote Access Point-L\u00f6sung (RAP) bietet Unternehmen die Flexibilit\u00e4t, Unternehmens-SSIDs auf einen Remote-Arbeitsplatz auszuweiten (wie das Home Office eines Remote-Mitarbeiters oder eine kleine Niederlassung).<\/p>\n<p>Das zentrale Cloud-Management in WatchGuard Cloud erm\u00f6glicht sofortigen Zugriff auf Remote Access Points von WatchGuard f\u00fcr eine sichere (verschl\u00fcsselte) Verbindung mit cloudverwalteten Fireboxes von Remote-B\u00fcros oder aus dem Home Office. Dank dieser Funktion in Unified Security PlatformTM von WatchGuard bleiben Remote-Mitarbeiter produktiv und gesch\u00fctzt, die Auswirkungen auf den Anwender sind gering und es ist besser ersichtlich, wer und was sich mit Ihrem Unternehmensnetzwerk verbindet.<\/p>\n<p><img loading=\"lazy\" decoding=\"async\" class=\"aligncenter size-full wp-image-17796\" src=\"https:\/\/www.boc.de\/watchguard-info-portal\/wp-content\/uploads\/2023\/10\/watchguard-remote-access-point.jpg\" alt=\"\" width=\"1159\" height=\"509\" srcset=\"https:\/\/wordpress.boc.de\/watchguard-info-portal\/wp-content\/uploads\/2023\/10\/watchguard-remote-access-point.jpg 1159w, https:\/\/wordpress.boc.de\/watchguard-info-portal\/wp-content\/uploads\/2023\/10\/watchguard-remote-access-point-300x132.jpg 300w, https:\/\/wordpress.boc.de\/watchguard-info-portal\/wp-content\/uploads\/2023\/10\/watchguard-remote-access-point-1024x450.jpg 1024w, https:\/\/wordpress.boc.de\/watchguard-info-portal\/wp-content\/uploads\/2023\/10\/watchguard-remote-access-point-768x337.jpg 768w, https:\/\/wordpress.boc.de\/watchguard-info-portal\/wp-content\/uploads\/2023\/10\/watchguard-remote-access-point-800x351.jpg 800w\" sizes=\"(max-width: 1159px) 100vw, 1159px\" \/><\/p>\n<h4>Sicherer Zugriff<\/h4>\n<p>Remote-Mitarbeiter k\u00f6nnen auf Unternehmensdaten zugreifen, ohne die Sicherheitsrichtlinien des Unternehmens auszuhebeln. Durch Einrichtung eines IPSec IKEv2 VPN vom mit WatchGuard Cloud verwalteten AP zur mit WatchGuard Cloud verwalteten Firewall wird Datenverkehr zu und von den drahtlosen Endpoints, die mit der gesicherten SSID verbunden sind, \u00fcber den verschl\u00fcsselten Tunnel an sein Ziel geleitet.<\/p>\n<h4>Sicherheit<\/h4>\n<p>WatchGuard stellt WPA3 und einen branchenf\u00fchrenden Firewall-Sicherheitsservice bereit, damit Remote-Mitarbeiter sich \u00fcber ein sicheres Netzwerk mit der Unternehmensumgebung verbinden. Eine zus\u00e4tzliche Sicherheitsschicht, die Endpoint-L\u00f6sungen von WatchGuard und MultifaktorAuthentifizierung beinhaltet, bietet Remote-Mitarbeitern eine umfassende L\u00f6sung, um Ihr Unternehmen und den Endanwender zu sch\u00fctzen.<\/p>\n<pre><img loading=\"lazy\" decoding=\"async\" class=\"size-full wp-image-1468 alignleft\" src=\"https:\/\/www.boc.de\/watchguard-info-portal\/wp-content\/uploads\/2016\/06\/emblem-imp.gif\" alt=\"emblem-imp\" width=\"48\" height=\"48\" \/><strong>Hinweis: <\/strong>Ein Remote Access Point z\u00e4hlt gedanklich wie ein IKEv2 Mobile User. Jedes WatchGuard Firebox Modell kommt mit einer unterschiedlich gro\u00dfen Anzahl von IKEv2 Mobile VPN Lizenzen, die sp\u00e4ter im laufenden Betrieb nicht erh\u00f6ht werden k\u00f6nnen, daher sollte dieses Szenario evtl. beim Sizing der zentralen Firebox ber\u00fccksichtigt werden.<\/pre>\n<h3>Anwendungsf\u00e4lle<\/h3>\n<h4>Dezentrale Belegschaft<\/h4>\n<ul>\n<li>Weiten Sie SSIDs auf Remote-Standorte mit denselben Sicherheitskontrollen wie in der Unternehmenszentrale aus.<\/li>\n<li>Profitieren Sie von einem zentralen Management in WatchGuard Cloud f\u00fcr einfache Bereitstellung, Bestandskontrolle und Verwaltung.<\/li>\n<li>Nutzen Sie die VPN Integration mit der WatchGuard Firebox, um den Remote-Traffic abzusichern.<\/li>\n<\/ul>\n<h4>Remote-Mitarbeiter<\/h4>\n<ul>\n<li>Leistungsstarkes Wi-Fi f\u00fcr Mitarbeiter, die remote oder von zu Hause arbeiten.<\/li>\n<li>Sicherer Zugriff auf Ressourcen mit Unternehmensdaten bei der Arbeit von zu Hause oder in einem Remote-B\u00fcro.<\/li>\n<li>Zentrales Cloud-Management f\u00fcr einfache Bereitstellung und Verwaltung.<\/li>\n<\/ul>\n<p>&nbsp;<\/p>\n","protected":false},"excerpt":{"rendered":"<p>WatchGuard Remote Access Point (RAP) Anbindung eines Remote WLAN Netzwerks per VPN Die Remote Access Point-L\u00f6sung (RAP) bietet Unternehmen die Flexibilit\u00e4t, Unternehmens-SSIDs auf einen Remote-Arbeitsplatz auszuweiten (wie das Home Office eines Remote-Mitarbeiters oder eine kleine Niederlassung). Das zentrale Cloud-Management in WatchGuard Cloud erm\u00f6glicht sofortigen Zugriff auf Remote Access Points von WatchGuard f\u00fcr eine sichere (verschl\u00fcsselte) Verbindung mit cloudverwalteten Fireboxes von Remote-B\u00fcros oder aus dem Home &hellip; <a href=\"https:\/\/wordpress.boc.de\/watchguard-info-portal\/produktinfos\/wlan-suites\/watchguard-remote-access-point-rap\/\" class=\"more-link\">Weiterlesen <span class=\"screen-reader-text\">WatchGuard Remote Access Point (RAP)<\/span> <span class=\"meta-nav\">&raquo;<\/span><\/a><\/p>\n","protected":false},"author":4,"featured_media":0,"parent":4139,"menu_order":0,"comment_status":"closed","ping_status":"closed","template":"","meta":{"footnotes":""},"class_list":["post-17794","page","type-page","status-publish","hentry"],"_links":{"self":[{"href":"https:\/\/wordpress.boc.de\/watchguard-info-portal\/wp-json\/wp\/v2\/pages\/17794"}],"collection":[{"href":"https:\/\/wordpress.boc.de\/watchguard-info-portal\/wp-json\/wp\/v2\/pages"}],"about":[{"href":"https:\/\/wordpress.boc.de\/watchguard-info-portal\/wp-json\/wp\/v2\/types\/page"}],"author":[{"embeddable":true,"href":"https:\/\/wordpress.boc.de\/watchguard-info-portal\/wp-json\/wp\/v2\/users\/4"}],"replies":[{"embeddable":true,"href":"https:\/\/wordpress.boc.de\/watchguard-info-portal\/wp-json\/wp\/v2\/comments?post=17794"}],"version-history":[{"count":2,"href":"https:\/\/wordpress.boc.de\/watchguard-info-portal\/wp-json\/wp\/v2\/pages\/17794\/revisions"}],"predecessor-version":[{"id":17798,"href":"https:\/\/wordpress.boc.de\/watchguard-info-portal\/wp-json\/wp\/v2\/pages\/17794\/revisions\/17798"}],"up":[{"embeddable":true,"href":"https:\/\/wordpress.boc.de\/watchguard-info-portal\/wp-json\/wp\/v2\/pages\/4139"}],"wp:attachment":[{"href":"https:\/\/wordpress.boc.de\/watchguard-info-portal\/wp-json\/wp\/v2\/media?parent=17794"}],"curies":[{"name":"wp","href":"https:\/\/api.w.org\/{rel}","templated":true}]}}